{"id":1028,"date":"2018-08-24T01:25:57","date_gmt":"2018-08-24T01:25:57","guid":{"rendered":"http:\/\/demo.roadthemes.com\/greenfarm\/?page_id=19"},"modified":"2024-03-21T13:37:26","modified_gmt":"2024-03-21T11:37:26","slug":"frequently-asked-questions","status":"publish","type":"page","link":"https:\/\/ellyt.eu\/en\/korduma-kippuvad-kusimused\/","title":{"rendered":"Frequently asked questions"},"content":{"rendered":"<div class=\"wpb-content-wrapper\"><div class=\"vc_row wpb_row vc_row-fluid contact-row\"><div class=\"wpb_column vc_column_container vc_col-sm-12\"><div class=\"vc_column-inner\"><div class=\"wpb_wrapper\">\n\t<div class=\"wpb_text_column wpb_content_element\" >\n\t\t<div class=\"wpb_wrapper\">\n\t\t\t<h2>FAQ<\/h2>\n\n\t\t<\/div>\n\t<\/div>\n<div class=\"vc_tta-container\" data-vc-action=\"collapseAll\"><div class=\"vc_general vc_tta vc_tta-accordion vc_tta-color-white vc_tta-style-classic vc_tta-shape-rounded vc_tta-spacing-15 vc_tta-gap-15 vc_tta-controls-align-default vc_tta-o-all-clickable\"><div class=\"vc_tta-panels-container\"><div class=\"vc_tta-panels\"><div class=\"vc_tta-panel vc_active\" id=\"kui-kiiresti-jouab-pakk-kohale\" data-vc-content=\".vc_tta-panel-body\"><div class=\"vc_tta-panel-heading\"><h4 class=\"vc_tta-panel-title vc_tta-controls-icon-position-right\"><a href=\"#kui-kiiresti-jouab-pakk-kohale\" data-vc-accordion data-vc-container=\".vc_tta-container\"><span class=\"vc_tta-title-text\">How quickly will the package arrive?<\/span><i class=\"vc_tta-controls-icon vc_tta-controls-icon-plus\"><\/i><\/a><\/h4><\/div><div class=\"vc_tta-panel-body\">\n\t<div class=\"wpb_text_column wpb_content_element\" >\n\t\t<div class=\"wpb_wrapper\">\n\t\t\t<p>Orders placed before 12:00 noon will be shipped the same day. Orders placed on weekends and holidays will be shipped the following business day.<\/p>\n\n\t\t<\/div>\n\t<\/div>\n<\/div><\/div><div class=\"vc_tta-panel\" id=\"kust-paki-katte-saab\" data-vc-content=\".vc_tta-panel-body\"><div class=\"vc_tta-panel-heading\"><h4 class=\"vc_tta-panel-title vc_tta-controls-icon-position-right\"><a href=\"#kust-paki-katte-saab\" data-vc-accordion data-vc-container=\".vc_tta-container\"><span class=\"vc_tta-title-text\">Where can I pick up the package?<\/span><i class=\"vc_tta-controls-icon vc_tta-controls-icon-plus\"><\/i><\/a><\/h4><\/div><div class=\"vc_tta-panel-body\">\n\t<div class=\"wpb_text_column wpb_content_element\" >\n\t\t<div class=\"wpb_wrapper\">\n\t\t\t<p>Omniva, Itella SmartPOST and DPD parcel machines.<\/p>\n\n\t\t<\/div>\n\t<\/div>\n<\/div><\/div><div class=\"vc_tta-panel\" id=\"1667941140527-1264a5de-b29c\" data-vc-content=\".vc_tta-panel-body\"><div class=\"vc_tta-panel-heading\"><h4 class=\"vc_tta-panel-title vc_tta-controls-icon-position-right\"><a href=\"#1667941140527-1264a5de-b29c\" data-vc-accordion data-vc-container=\".vc_tta-container\"><span class=\"vc_tta-title-text\">How much does shipping cost?<\/span><i class=\"vc_tta-controls-icon vc_tta-controls-icon-plus\"><\/i><\/a><\/h4><\/div><div class=\"vc_tta-panel-body\">\n\t<div class=\"wpb_raw_code wpb_raw_html wpb_content_element\" >\n\t\t<div class=\"wpb_wrapper\">\n\t\t\tIf the order is more than \u20ac50, we will pay the cost of sending the parcel to the parcel machine. For orders under \u20ac50, the cost of sending one parcel to the parcel machine is \u20ac3.00.\n\t\t<\/div>\n\t<\/div>\n<\/div><\/div><div class=\"vc_tta-panel\" id=\"kas-neid-tooteid-saab-osta-ka-hulgi\" data-vc-content=\".vc_tta-panel-body\"><div class=\"vc_tta-panel-heading\"><h4 class=\"vc_tta-panel-title vc_tta-controls-icon-position-right\"><a href=\"#kas-neid-tooteid-saab-osta-ka-hulgi\" data-vc-accordion data-vc-container=\".vc_tta-container\"><span class=\"vc_tta-title-text\">Can these products be purchased in bulk?<\/span><i class=\"vc_tta-controls-icon vc_tta-controls-icon-plus\"><\/i><\/a><\/h4><\/div><div class=\"vc_tta-panel-body\">\n\t<div class=\"wpb_text_column wpb_content_element\" >\n\t\t<div class=\"wpb_wrapper\">\n\t\t\t<p>Yes, in this case please contact our customer support.<\/p>\n\n\t\t<\/div>\n\t<\/div>\n<\/div><\/div><div class=\"vc_tta-panel\" id=\"kas-need-suupisted-on-ohutud\" data-vc-content=\".vc_tta-panel-body\"><div class=\"vc_tta-panel-heading\"><h4 class=\"vc_tta-panel-title vc_tta-controls-icon-position-right\"><a href=\"#kas-need-suupisted-on-ohutud\" data-vc-accordion data-vc-container=\".vc_tta-container\"><span class=\"vc_tta-title-text\">Are these snacks safe? Can I offer them to my children?<\/span><i class=\"vc_tta-controls-icon vc_tta-controls-icon-plus\"><\/i><\/a><\/h4><\/div><div class=\"vc_tta-panel-body\">\n\t<div class=\"wpb_text_column wpb_content_element\" >\n\t\t<div class=\"wpb_wrapper\">\n\t\t\t<p>Regular candies and sweets contain artificial sugars, but our sweet snacks are made with only natural ones. It&#039;s not only safe, it&#039;s healthy! And kids love our snacks.<\/p>\n\n\t\t<\/div>\n\t<\/div>\n<\/div><\/div><\/div><\/div><\/div><\/div><\/div><\/div><\/div><\/div>\n<\/div>","protected":false},"excerpt":{"rendered":"KKK Kui kiiresti j\u00f5uab pakk kohale? Enne kella 12 tehtud tellimused postitakse samal p\u00e4eval. N\u00e4dalavahetusel ja p\u00fchade ajal tehtud tellimused","protected":false},"author":1,"featured_media":0,"parent":0,"menu_order":0,"comment_status":"closed","ping_status":"closed","template":"","meta":{"inline_featured_image":false,"footnotes":""},"class_list":["post-1028","page","type-page","status-publish","hentry"],"yoast_head":"<!-- This site is optimized with the Yoast SEO plugin v27.1.1 - https:\/\/yoast.com\/product\/yoast-seo-wordpress\/ -->\n<title>Korduma kippuvad k\u00fcsimused - Ellyt<\/title>\n<meta name=\"robots\" content=\"index, follow, max-snippet:-1, max-image-preview:large, max-video-preview:-1\" \/>\n<link rel=\"canonical\" href=\"https:\/\/ellyt.eu\/en\/frequently-asked-questions\/\" \/>\n<meta property=\"og:locale\" content=\"en_US\" \/>\n<meta property=\"og:type\" content=\"article\" \/>\n<meta property=\"og:title\" content=\"Korduma kippuvad k\u00fcsimused - Ellyt\" \/>\n<meta property=\"og:url\" content=\"https:\/\/ellyt.eu\/en\/frequently-asked-questions\/\" \/>\n<meta property=\"og:site_name\" content=\"Ellyt\" \/>\n<meta property=\"article:publisher\" content=\"https:\/\/www.facebook.com\/MySnack.ee\/\" \/>\n<meta property=\"article:modified_time\" content=\"2024-03-21T11:37:26+00:00\" \/>\n<meta property=\"og:image\" content=\"https:\/\/ellyt.eu\/wp-content\/uploads\/2024\/11\/Facebook-cover-pic-.png\" \/>\n\t<meta property=\"og:image:width\" content=\"1640\" \/>\n\t<meta property=\"og:image:height\" content=\"624\" \/>\n\t<meta property=\"og:image:type\" content=\"image\/png\" \/>\n<meta name=\"twitter:card\" content=\"summary_large_image\" \/>\n<meta name=\"twitter:label1\" content=\"Est. reading time\" \/>\n\t<meta name=\"twitter:data1\" content=\"1 minute\" \/>\n<script type=\"application\/ld+json\" class=\"yoast-schema-graph\">{\"@context\":\"https:\/\/schema.org\",\"@graph\":[{\"@type\":\"WebPage\",\"@id\":\"https:\/\/ellyt.eu\/korduma-kippuvad-kusimused\/\",\"url\":\"https:\/\/ellyt.eu\/korduma-kippuvad-kusimused\/\",\"name\":\"Korduma kippuvad k\u00fcsimused - Ellyt\",\"isPartOf\":{\"@id\":\"https:\/\/ellyt.eu\/#website\"},\"datePublished\":\"2018-08-24T01:25:57+00:00\",\"dateModified\":\"2024-03-21T11:37:26+00:00\",\"breadcrumb\":{\"@id\":\"https:\/\/ellyt.eu\/korduma-kippuvad-kusimused\/#breadcrumb\"},\"inLanguage\":\"en-US\",\"potentialAction\":[{\"@type\":\"ReadAction\",\"target\":[\"https:\/\/ellyt.eu\/korduma-kippuvad-kusimused\/\"]}]},{\"@type\":\"BreadcrumbList\",\"@id\":\"https:\/\/ellyt.eu\/korduma-kippuvad-kusimused\/#breadcrumb\",\"itemListElement\":[{\"@type\":\"ListItem\",\"position\":1,\"name\":\"Esileht\",\"item\":\"https:\/\/ellyt.eu\/\"},{\"@type\":\"ListItem\",\"position\":2,\"name\":\"Korduma kippuvad k\u00fcsimused\"}]},{\"@type\":\"WebSite\",\"@id\":\"https:\/\/ellyt.eu\/#website\",\"url\":\"https:\/\/ellyt.eu\/\",\"name\":\"Ellyt\",\"description\":\"Ellyt E-Pood\",\"publisher\":{\"@id\":\"https:\/\/ellyt.eu\/#organization\"},\"potentialAction\":[{\"@type\":\"SearchAction\",\"target\":{\"@type\":\"EntryPoint\",\"urlTemplate\":\"https:\/\/ellyt.eu\/?s={search_term_string}\"},\"query-input\":{\"@type\":\"PropertyValueSpecification\",\"valueRequired\":true,\"valueName\":\"search_term_string\"}}],\"inLanguage\":\"en-US\"},{\"@type\":\"Organization\",\"@id\":\"https:\/\/ellyt.eu\/#organization\",\"name\":\"MySnack\",\"url\":\"https:\/\/ellyt.eu\/\",\"logo\":{\"@type\":\"ImageObject\",\"inLanguage\":\"en-US\",\"@id\":\"https:\/\/ellyt.eu\/#\/schema\/logo\/image\/\",\"url\":\"https:\/\/mysnack.shop\/wp-content\/uploads\/2023\/09\/MySnack_logo.png\",\"contentUrl\":\"https:\/\/mysnack.shop\/wp-content\/uploads\/2023\/09\/MySnack_logo.png\",\"width\":400,\"height\":148,\"caption\":\"MySnack\"},\"image\":{\"@id\":\"https:\/\/ellyt.eu\/#\/schema\/logo\/image\/\"},\"sameAs\":[\"https:\/\/www.facebook.com\/MySnack.ee\/\",\"https:\/\/www.instagram.com\/mysnack_eesti\/\"]}]}<\/script>\n<!-- \/ Yoast SEO plugin. -->","yoast_head_json":{"title":"Korduma kippuvad k\u00fcsimused - Ellyt","robots":{"index":"index","follow":"follow","max-snippet":"max-snippet:-1","max-image-preview":"max-image-preview:large","max-video-preview":"max-video-preview:-1"},"canonical":"https:\/\/ellyt.eu\/en\/frequently-asked-questions\/","og_locale":"en_US","og_type":"article","og_title":"Korduma kippuvad k\u00fcsimused - Ellyt","og_url":"https:\/\/ellyt.eu\/en\/frequently-asked-questions\/","og_site_name":"Ellyt","article_publisher":"https:\/\/www.facebook.com\/MySnack.ee\/","article_modified_time":"2024-03-21T11:37:26+00:00","og_image":[{"width":1640,"height":624,"url":"https:\/\/ellyt.eu\/wp-content\/uploads\/2024\/11\/Facebook-cover-pic-.png","type":"image\/png"}],"twitter_card":"summary_large_image","twitter_misc":{"Est. reading time":"1 minute"},"schema":{"@context":"https:\/\/schema.org","@graph":[{"@type":"WebPage","@id":"https:\/\/ellyt.eu\/korduma-kippuvad-kusimused\/","url":"https:\/\/ellyt.eu\/korduma-kippuvad-kusimused\/","name":"Korduma kippuvad k\u00fcsimused - Ellyt","isPartOf":{"@id":"https:\/\/ellyt.eu\/#website"},"datePublished":"2018-08-24T01:25:57+00:00","dateModified":"2024-03-21T11:37:26+00:00","breadcrumb":{"@id":"https:\/\/ellyt.eu\/korduma-kippuvad-kusimused\/#breadcrumb"},"inLanguage":"en-US","potentialAction":[{"@type":"ReadAction","target":["https:\/\/ellyt.eu\/korduma-kippuvad-kusimused\/"]}]},{"@type":"BreadcrumbList","@id":"https:\/\/ellyt.eu\/korduma-kippuvad-kusimused\/#breadcrumb","itemListElement":[{"@type":"ListItem","position":1,"name":"Esileht","item":"https:\/\/ellyt.eu\/"},{"@type":"ListItem","position":2,"name":"Korduma kippuvad k\u00fcsimused"}]},{"@type":"WebSite","@id":"https:\/\/ellyt.eu\/#website","url":"https:\/\/ellyt.eu\/","name":"Ellyt","description":"Ellyt E-Shop","publisher":{"@id":"https:\/\/ellyt.eu\/#organization"},"potentialAction":[{"@type":"SearchAction","target":{"@type":"EntryPoint","urlTemplate":"https:\/\/ellyt.eu\/?s={search_term_string}"},"query-input":{"@type":"PropertyValueSpecification","valueRequired":true,"valueName":"search_term_string"}}],"inLanguage":"en-US"},{"@type":"Organization","@id":"https:\/\/ellyt.eu\/#organization","name":"MySnack","url":"https:\/\/ellyt.eu\/","logo":{"@type":"ImageObject","inLanguage":"en-US","@id":"https:\/\/ellyt.eu\/#\/schema\/logo\/image\/","url":"https:\/\/mysnack.shop\/wp-content\/uploads\/2023\/09\/MySnack_logo.png","contentUrl":"https:\/\/mysnack.shop\/wp-content\/uploads\/2023\/09\/MySnack_logo.png","width":400,"height":148,"caption":"MySnack"},"image":{"@id":"https:\/\/ellyt.eu\/#\/schema\/logo\/image\/"},"sameAs":["https:\/\/www.facebook.com\/MySnack.ee\/","https:\/\/www.instagram.com\/mysnack_eesti\/"]}]}},"_links":{"self":[{"href":"https:\/\/ellyt.eu\/en\/wp-json\/wp\/v2\/pages\/1028","targetHints":{"allow":["GET"]}}],"collection":[{"href":"https:\/\/ellyt.eu\/en\/wp-json\/wp\/v2\/pages"}],"about":[{"href":"https:\/\/ellyt.eu\/en\/wp-json\/wp\/v2\/types\/page"}],"author":[{"embeddable":true,"href":"https:\/\/ellyt.eu\/en\/wp-json\/wp\/v2\/users\/1"}],"replies":[{"embeddable":true,"href":"https:\/\/ellyt.eu\/en\/wp-json\/wp\/v2\/comments?post=1028"}],"version-history":[{"count":1,"href":"https:\/\/ellyt.eu\/en\/wp-json\/wp\/v2\/pages\/1028\/revisions"}],"predecessor-version":[{"id":21889,"href":"https:\/\/ellyt.eu\/en\/wp-json\/wp\/v2\/pages\/1028\/revisions\/21889"}],"wp:attachment":[{"href":"https:\/\/ellyt.eu\/en\/wp-json\/wp\/v2\/media?parent=1028"}],"curies":[{"name":"wp","href":"https:\/\/api.w.org\/{rel}","templated":true}]}}