{"id":3,"date":"2019-06-26T09:26:03","date_gmt":"2019-06-26T06:26:03","guid":{"rendered":"https:\/\/mysnack.code4u.ee\/?page_id=3"},"modified":"2024-03-21T13:35:47","modified_gmt":"2024-03-21T11:35:47","slug":"privacy-policy","status":"publish","type":"page","link":"https:\/\/ellyt.eu\/en\/privaatsustingimused\/","title":{"rendered":"Privacy Policy"},"content":{"rendered":"<div class=\"wpb-content-wrapper\"><div class=\"vc_row wpb_row vc_row-fluid\"><div class=\"wpb_column vc_column_container vc_col-sm-12\"><div class=\"vc_column-inner\"><div class=\"wpb_wrapper\">\n\t<div class=\"wpb_text_column wpb_content_element\" >\n\t\t<div class=\"wpb_wrapper\">\n\t\t\t<h3>PRIVACY TERMS<\/h3>\n<p style=\"margin-bottom: 8px;\">1. All personal data of the customer that becomes known during the visit to www.mysnack.ee and making purchases is treated as confidential information. Premium Brands O\u00dc undertakes not to disclose the customer&#039;s personal data to third parties. The company uses the customer&#039;s personal data to send the ordered products to the customer or in case of questions related to the order. The customer has the right to demand that their data be deleted from the company&#039;s database.<\/p>\n<p style=\"margin-bottom: 8px;\">1.1. Premium Brands O\u00dc is not liable for damages resulting from improper use of the ordered products, as well as for delays in delivery if this is due to circumstances beyond the control of Premium Brands O\u00dc and\/or due to force majeure beyond its control.<\/p>\n<p style=\"margin-bottom: 8px;\">1.2. Premium Brands O\u00dc does not compensate for moral damage that may be caused to the customer by changes in delivery times, prices and other conditions within the framework of these terms and conditions.<\/p>\n<p style=\"margin-bottom: 8px;\">1.3. Premium Brands O\u00dc will not compensate the customer for any missed opportunities that arise as a result of changes in delivery times, prices, and other conditions.<\/p>\n<p style=\"margin-bottom: 8px;\">1.4. The parties shall resolve any disagreements and disputes arising from the fulfillment of these terms and conditions primarily through negotiations. If disputes arising from the sales contract cannot be resolved through negotiations between the parties, the customer and\/or Premium Brands O\u00dc shall have the right to apply to the relevant state authority and\/or court to protect their rights.<\/p>\n<p>1.5. The prices of gift boxes on the website are valid for orders of a maximum of 10 boxes.<\/p>\n<p>&nbsp;<\/p>\n<h3>2. PRINCIPLES OF PROCESSING CUSTOMER PERSONAL DATA<\/h3>\n<p style=\"margin-bottom: 8px;\">2.1 Premium brands O\u00dc processes the personal data provided by the Client in accordance with the requirements established in the European Union and national legislation.<\/p>\n<p style=\"margin-bottom: 8px;\">2.2 The controller of the customer&#039;s personal data is Premium Brands O\u00dc, registry code 12472885, address R\u00e4vala pst 19-70, Tallinn, Harju County, 10143.<\/p>\n<p style=\"margin-bottom: 8px;\">2.3 The personal data processed are the data requested from the Client when registering an account and\/or when placing and executing an Order.<\/p>\n<p style=\"margin-bottom: 8px;\">2.4 The personal data processed by Premium Brands O\u00dc is:<\/p>\n<p style=\"margin-bottom: 6px; padding-left: 40px;\"><span style=\"font-size: 90%;\">2.4.1 The client&#039;s first and last name, username, contact details (e-mail, telephone number, address, bank account number, user language, etc.);<\/span><\/p>\n<p style=\"margin-bottom: 6px; padding-left: 40px;\"><span style=\"font-size: 90%;\">2.4.2 Company details (name, address, registry code, etc.);<\/span><\/p>\n<p style=\"margin-bottom: 6px; padding-left: 40px;\"><span style=\"font-size: 90%;\">2.4.3 Order history and order information;<\/span><\/p>\n<p style=\"margin-bottom: 6px; padding-left: 40px;\"><span style=\"font-size: 90%;\">2.4.4 Information about the services used and customer satisfaction, as well as data related to complaints;<\/span><\/p>\n<p style=\"margin-bottom: 8px;\">2.5 All additional data provided by the Customer and necessary for the execution of the Order (except for sensitive personal data), including the right of Premium Brands O\u00dc to record the Customer&#039;s orders given via all means of communication (e.g. telephone and computer network) in order to ensure the necessary operations related to Orders (delivery address, contact details of the recipient of the Order, etc.).<\/p>\n<p style=\"margin-bottom: 8px;\">2.6 In addition to the Personal Data published by the Client, Premium Brands O\u00dc has the right to verify and, if necessary, supplement the Client&#039;s personal data with data obtained from public sources and other legally accessible sources.<\/p>\n<p style=\"margin-bottom: 8px;\">2.7 The main purposes of processing the client&#039;s personal data are:<\/p>\n<p style=\"margin-bottom: 6px; padding-left: 40px;\"><span style=\"font-size: 90%;\">2.7.1 Accepting orders (including transmitting information related to the Order);<\/span><\/p>\n<p style=\"margin-bottom: 6px; padding-left: 40px;\"><span style=\"font-size: 90%;\">2.7.2 Fulfilling obligations to the customer regarding the delivery of its products and provision of services;<\/span><\/p>\n<p style=\"margin-bottom: 6px; padding-left: 40px;\"><span style=\"font-size: 90%;\">2.7.3 Delivery of Products;<\/span><\/p>\n<p style=\"margin-bottom: 6px; padding-left: 40px;\"><span style=\"font-size: 90%;\">2.7.4 Communicating with the customer and providing them with offers of products and services;<\/span><\/p>\n<p style=\"margin-bottom: 6px; padding-left: 40px;\"><span style=\"font-size: 90%;\">2.7.5 Ensuring the fulfillment of the Client&#039;s payment obligations;<\/span><\/p>\n<p style=\"margin-bottom: 6px; padding-left: 40px;\"><span style=\"font-size: 90%;\">2.7.6 Managing and analyzing customer bases to improve the availability and quality of services and products and to make personalized offers to the Customer;<\/span><\/p>\n<p style=\"margin-bottom: 6px; padding-left: 40px;\"><span style=\"font-size: 90%;\">2.7.7 Conducting customer satisfaction surveys.<\/span><\/p>\n<p style=\"margin-bottom: 8px;\">2.8 If the Client has expressed a desire to receive newsletters and\/or personal offers from Premium Brands O\u00dc, the Client has the right to opt out of them at any time by sending a corresponding notification to the e-mail address info@premiumbrands.ee.<\/p>\n<p style=\"margin-bottom: 8px;\">2.9 Notices related to the performance of the Agreement (e.g. a reminder to fulfill an obligation arising from the Agreement) are not considered advertising and offers.<\/p>\n<p style=\"margin-bottom: 8px;\">2.10 Premium Brands O\u00dc does not transfer the Client&#039;s personal data to third parties, except:<\/p>\n<p style=\"margin-bottom: 6px; padding-left: 40px;\"><span style=\"font-size: 90%;\">2.10.1 In cases prescribed by law;<\/span><\/p>\n<p style=\"margin-bottom: 6px; padding-left: 40px;\"><span style=\"font-size: 90%;\">2.10.2. To the company providing the transport service to the extent necessary for the delivery of the Products to the Customer;<\/span><\/p>\n<p style=\"margin-bottom: 6px; padding-left: 40px;\"><span style=\"font-size: 90%;\">2.10.3. To companies offering payment solutions to the extent necessary to pay for the Products;<\/span><\/p>\n<p style=\"margin-bottom: 6px; padding-left: 40px;\"><span style=\"font-size: 90%;\">2.10.4. Debt collection service providers and payment default registers.<\/span><br \/>\n<span style=\"font-size: 90%;\">In the cases provided for in clauses 2.10.2. and 2.10.3., the Client&#039;s personal data will be processed for the purpose of fulfilling the Order and the authorized processors will ensure the same protection of personal data as Premium Brands O\u00dc.<\/span><\/p>\n<p style=\"margin-bottom: 8px;\">2.11 Cookies are used on the websites of Premium Brands O\u00dc. A cookie is a small text file that the web browser automatically saves on the device used by the customer.<\/p>\n<p style=\"margin-bottom: 8px;\">2.12 We use the following cookies:<\/p>\n<p style=\"margin-bottom: 6px; padding-left: 40px;\"><span style=\"font-size: 90%;\">2.12.1 Session cookies, the purpose of which is to enable the use of the service;<\/span><\/p>\n<p style=\"margin-bottom: 6px; padding-left: 40px;\"><span style=\"font-size: 90%;\">2.12.2 Persistent cookies, the purpose of which is to remember the customer&#039;s choices on the websites of Premium Brands O\u00dc;<\/span><\/p>\n<p style=\"margin-bottom: 6px; padding-left: 40px;\"><span style=\"font-size: 90%;\">2.12.3 First-party and\/or third-party cookies, the purpose of which is to show the customer relevant advertising, offers and improve the user experience of the customer&#039;s website;<\/span><\/p>\n<p style=\"margin-bottom: 6px; padding-left: 40px;\"><span style=\"font-size: 90%;\">2.12.4 Third-party analytics cookies aimed at optimizing marketing communications.<\/span><\/p>\n<p style=\"margin-bottom: 8px;\">2.13 The user has the right to refuse the storage of cookies on their computer. If they wish to do so, the user must change their browser settings.<\/p>\n<p style=\"margin-bottom: 8px;\">2.14 When blocking cookies, the user must take into account that not all functions of the website may be available to the user.<\/p>\n<p style=\"margin-bottom: 8px;\">2.15 Premium Brands O\u00dc takes all precautions (both technical and physical measures) to protect the Client&#039;s personal data. Only authorized persons have access to modify and process the data.<\/p>\n<p style=\"margin-bottom: 8px;\">2.16 Each user account holder is responsible for the security and accuracy of their account data. Premium Brands O\u00dc does not assume responsibility if user account data reaches third parties through the account holder. The Client is also obliged to immediately notify Premium Brands O\u00dc if the person responsible and\/or authorized for placing the Order changes.<\/p>\n<p style=\"margin-bottom: 8px;\">2.17 By using the websites of Premium Brands O\u00dc or creating a user account in the online environments, the Client has read and accepted these principles and terms. The Company reserves the right to change the general terms of the privacy policy if necessary, informing all Clients with a user account.<\/p>\n<p style=\"margin-bottom: 8px;\">2.18 The client has the right to access his\/her personal data at any time and to request their correction or deletion, except in cases where the law provides otherwise. To do this, contact Ellyt Talv, data protection specialist of Premium Brands O\u00dc, at the e-mail address ellyt@premiumbrands.ee. The client&#039;s inquiries will be answered within 30 calendar days.<\/p>\n<p>2.19 Premium Brands O\u00dc is the controller of personal data and transfers the personal data necessary for making payments to the authorized processor Maksekeskus AS.<\/p>\n<p>2.20 Processing of personal data according to the purpose of processing:<\/p>\n<p><span style=\"font-size: 90%;\">2.20.1 Purpose of processing \u2013 security and safety<br \/>\nMaximum period for storing personal data \u2013 in accordance with the deadlines specified in the law <\/span><\/p>\n<p><span style=\"font-size: 90%;\">2.20.2 Purpose of processing \u2013 order processing<br \/>\nMaximum period for storing personal data \u2013 5 years <\/span><\/p>\n<p><span style=\"font-size: 90%;\">2.20.3 Purpose of processing \u2013 ensuring the functioning of the e-shop services<br \/>\nMaximum period for storing personal data \u2013 5 years <\/span><\/p>\n<p><span style=\"font-size: 90%;\">2.20.4 Purpose of processing \u2013 customer management<br \/>\nMaximum period for storing personal data \u2013 5 years <\/span><\/p>\n<p><span style=\"font-size: 90%;\">2.20.5 Purpose of processing \u2013 financial activities, accounting<br \/>\nMaximum period for storing personal data \u2013 in accordance with the deadlines specified in the law<br \/>\n<\/span><\/p>\n<p><span style=\"font-size: 90%;\">2.20.6 Purpose of processing \u2013 marketing<br \/>\nMaximum period for storing personal data \u2013 5 years<\/span><\/p>\n\n\t\t<\/div>\n\t<\/div>\n<\/div><\/div><\/div><\/div>\n<\/div>","protected":false},"excerpt":{"rendered":"PRIVAATSUSTINGIMUSED 1. K\u00f5iki www.mysnack.ee k\u00fclastamise ja ostude sooritamise k\u00e4igus teatavaks saanud kliendi isikuandmeid k\u00e4sitletakse kui konfidentsiaalset infot. Premium Brands O\u00dc","protected":false},"author":3,"featured_media":0,"parent":0,"menu_order":0,"comment_status":"closed","ping_status":"closed","template":"","meta":{"inline_featured_image":false,"footnotes":""},"class_list":["post-3","page","type-page","status-publish","hentry"],"yoast_head":"<!-- This site is optimized with the Yoast SEO plugin v27.1.1 - https:\/\/yoast.com\/product\/yoast-seo-wordpress\/ -->\n<title>Privaatsustingimused - Ellyt<\/title>\n<meta name=\"robots\" content=\"index, follow, max-snippet:-1, max-image-preview:large, max-video-preview:-1\" \/>\n<link rel=\"canonical\" href=\"https:\/\/ellyt.eu\/en\/privacy-policy\/\" \/>\n<meta property=\"og:locale\" content=\"en_US\" \/>\n<meta property=\"og:type\" content=\"article\" \/>\n<meta property=\"og:title\" content=\"Privaatsustingimused - Ellyt\" \/>\n<meta property=\"og:url\" content=\"https:\/\/ellyt.eu\/en\/privacy-policy\/\" \/>\n<meta property=\"og:site_name\" content=\"Ellyt\" \/>\n<meta property=\"article:publisher\" content=\"https:\/\/www.facebook.com\/MySnack.ee\/\" \/>\n<meta property=\"article:modified_time\" content=\"2024-03-21T11:35:47+00:00\" \/>\n<meta property=\"og:image\" content=\"https:\/\/ellyt.eu\/wp-content\/uploads\/2024\/11\/Facebook-cover-pic-.png\" \/>\n\t<meta property=\"og:image:width\" content=\"1640\" \/>\n\t<meta property=\"og:image:height\" content=\"624\" \/>\n\t<meta property=\"og:image:type\" content=\"image\/png\" \/>\n<meta name=\"twitter:card\" content=\"summary_large_image\" \/>\n<meta name=\"twitter:label1\" content=\"Est. reading time\" \/>\n\t<meta name=\"twitter:data1\" content=\"5 minutes\" \/>\n<script type=\"application\/ld+json\" class=\"yoast-schema-graph\">{\"@context\":\"https:\/\/schema.org\",\"@graph\":[{\"@type\":\"WebPage\",\"@id\":\"https:\/\/ellyt.eu\/privaatsustingimused\/\",\"url\":\"https:\/\/ellyt.eu\/privaatsustingimused\/\",\"name\":\"Privaatsustingimused - Ellyt\",\"isPartOf\":{\"@id\":\"https:\/\/ellyt.eu\/#website\"},\"datePublished\":\"2019-06-26T06:26:03+00:00\",\"dateModified\":\"2024-03-21T11:35:47+00:00\",\"breadcrumb\":{\"@id\":\"https:\/\/ellyt.eu\/privaatsustingimused\/#breadcrumb\"},\"inLanguage\":\"en-US\",\"potentialAction\":[{\"@type\":\"ReadAction\",\"target\":[\"https:\/\/ellyt.eu\/privaatsustingimused\/\"]}]},{\"@type\":\"BreadcrumbList\",\"@id\":\"https:\/\/ellyt.eu\/privaatsustingimused\/#breadcrumb\",\"itemListElement\":[{\"@type\":\"ListItem\",\"position\":1,\"name\":\"Esileht\",\"item\":\"https:\/\/ellyt.eu\/\"},{\"@type\":\"ListItem\",\"position\":2,\"name\":\"Privaatsustingimused\"}]},{\"@type\":\"WebSite\",\"@id\":\"https:\/\/ellyt.eu\/#website\",\"url\":\"https:\/\/ellyt.eu\/\",\"name\":\"Ellyt\",\"description\":\"Ellyt E-Pood\",\"publisher\":{\"@id\":\"https:\/\/ellyt.eu\/#organization\"},\"potentialAction\":[{\"@type\":\"SearchAction\",\"target\":{\"@type\":\"EntryPoint\",\"urlTemplate\":\"https:\/\/ellyt.eu\/?s={search_term_string}\"},\"query-input\":{\"@type\":\"PropertyValueSpecification\",\"valueRequired\":true,\"valueName\":\"search_term_string\"}}],\"inLanguage\":\"en-US\"},{\"@type\":\"Organization\",\"@id\":\"https:\/\/ellyt.eu\/#organization\",\"name\":\"MySnack\",\"url\":\"https:\/\/ellyt.eu\/\",\"logo\":{\"@type\":\"ImageObject\",\"inLanguage\":\"en-US\",\"@id\":\"https:\/\/ellyt.eu\/#\/schema\/logo\/image\/\",\"url\":\"https:\/\/mysnack.shop\/wp-content\/uploads\/2023\/09\/MySnack_logo.png\",\"contentUrl\":\"https:\/\/mysnack.shop\/wp-content\/uploads\/2023\/09\/MySnack_logo.png\",\"width\":400,\"height\":148,\"caption\":\"MySnack\"},\"image\":{\"@id\":\"https:\/\/ellyt.eu\/#\/schema\/logo\/image\/\"},\"sameAs\":[\"https:\/\/www.facebook.com\/MySnack.ee\/\",\"https:\/\/www.instagram.com\/mysnack_eesti\/\"]}]}<\/script>\n<!-- \/ Yoast SEO plugin. -->","yoast_head_json":{"title":"Privaatsustingimused - Ellyt","robots":{"index":"index","follow":"follow","max-snippet":"max-snippet:-1","max-image-preview":"max-image-preview:large","max-video-preview":"max-video-preview:-1"},"canonical":"https:\/\/ellyt.eu\/en\/privacy-policy\/","og_locale":"en_US","og_type":"article","og_title":"Privaatsustingimused - Ellyt","og_url":"https:\/\/ellyt.eu\/en\/privacy-policy\/","og_site_name":"Ellyt","article_publisher":"https:\/\/www.facebook.com\/MySnack.ee\/","article_modified_time":"2024-03-21T11:35:47+00:00","og_image":[{"width":1640,"height":624,"url":"https:\/\/ellyt.eu\/wp-content\/uploads\/2024\/11\/Facebook-cover-pic-.png","type":"image\/png"}],"twitter_card":"summary_large_image","twitter_misc":{"Est. reading time":"5 minutes"},"schema":{"@context":"https:\/\/schema.org","@graph":[{"@type":"WebPage","@id":"https:\/\/ellyt.eu\/privaatsustingimused\/","url":"https:\/\/ellyt.eu\/privaatsustingimused\/","name":"Privaatsustingimused - Ellyt","isPartOf":{"@id":"https:\/\/ellyt.eu\/#website"},"datePublished":"2019-06-26T06:26:03+00:00","dateModified":"2024-03-21T11:35:47+00:00","breadcrumb":{"@id":"https:\/\/ellyt.eu\/privaatsustingimused\/#breadcrumb"},"inLanguage":"en-US","potentialAction":[{"@type":"ReadAction","target":["https:\/\/ellyt.eu\/privaatsustingimused\/"]}]},{"@type":"BreadcrumbList","@id":"https:\/\/ellyt.eu\/privaatsustingimused\/#breadcrumb","itemListElement":[{"@type":"ListItem","position":1,"name":"Esileht","item":"https:\/\/ellyt.eu\/"},{"@type":"ListItem","position":2,"name":"Privaatsustingimused"}]},{"@type":"WebSite","@id":"https:\/\/ellyt.eu\/#website","url":"https:\/\/ellyt.eu\/","name":"Ellyt","description":"Ellyt E-Shop","publisher":{"@id":"https:\/\/ellyt.eu\/#organization"},"potentialAction":[{"@type":"SearchAction","target":{"@type":"EntryPoint","urlTemplate":"https:\/\/ellyt.eu\/?s={search_term_string}"},"query-input":{"@type":"PropertyValueSpecification","valueRequired":true,"valueName":"search_term_string"}}],"inLanguage":"en-US"},{"@type":"Organization","@id":"https:\/\/ellyt.eu\/#organization","name":"MySnack","url":"https:\/\/ellyt.eu\/","logo":{"@type":"ImageObject","inLanguage":"en-US","@id":"https:\/\/ellyt.eu\/#\/schema\/logo\/image\/","url":"https:\/\/mysnack.shop\/wp-content\/uploads\/2023\/09\/MySnack_logo.png","contentUrl":"https:\/\/mysnack.shop\/wp-content\/uploads\/2023\/09\/MySnack_logo.png","width":400,"height":148,"caption":"MySnack"},"image":{"@id":"https:\/\/ellyt.eu\/#\/schema\/logo\/image\/"},"sameAs":["https:\/\/www.facebook.com\/MySnack.ee\/","https:\/\/www.instagram.com\/mysnack_eesti\/"]}]}},"_links":{"self":[{"href":"https:\/\/ellyt.eu\/en\/wp-json\/wp\/v2\/pages\/3","targetHints":{"allow":["GET"]}}],"collection":[{"href":"https:\/\/ellyt.eu\/en\/wp-json\/wp\/v2\/pages"}],"about":[{"href":"https:\/\/ellyt.eu\/en\/wp-json\/wp\/v2\/types\/page"}],"author":[{"embeddable":true,"href":"https:\/\/ellyt.eu\/en\/wp-json\/wp\/v2\/users\/3"}],"replies":[{"embeddable":true,"href":"https:\/\/ellyt.eu\/en\/wp-json\/wp\/v2\/comments?post=3"}],"version-history":[{"count":1,"href":"https:\/\/ellyt.eu\/en\/wp-json\/wp\/v2\/pages\/3\/revisions"}],"predecessor-version":[{"id":21888,"href":"https:\/\/ellyt.eu\/en\/wp-json\/wp\/v2\/pages\/3\/revisions\/21888"}],"wp:attachment":[{"href":"https:\/\/ellyt.eu\/en\/wp-json\/wp\/v2\/media?parent=3"}],"curies":[{"name":"wp","href":"https:\/\/api.w.org\/{rel}","templated":true}]}}