{"id":10442,"date":"2021-07-18T16:19:17","date_gmt":"2021-07-18T13:19:17","guid":{"rendered":"https:\/\/mysnack.ee\/?post_type=product&#038;p=10442"},"modified":"2026-01-13T19:40:38","modified_gmt":"2026-01-13T17:40:38","slug":"soft-dried-jacket","status":"publish","type":"product","link":"https:\/\/ellyt.eu\/en\/product\/pehme-kuivatatud-jaka\/","title":{"rendered":"Soft dried jackfruit (jackfruit) 80g"},"content":{"rendered":"<p><strong>Quantity:<\/strong> 80g<\/p>\n<p><strong>100 g of product contains on average:<\/strong><\/p>\n<table>\n<tbody>\n<tr>\n<td>Energy content<\/td>\n<td>326 kcal \/ 1365 kJ<\/td>\n<\/tr>\n<tr>\n<td>Fats<\/td>\n<td>1.14 grams<\/td>\n<\/tr>\n<tr>\n<td>\u00a0 \u00a0 of which saturated fatty acids<\/td>\n<td>0 g<\/td>\n<\/tr>\n<tr>\n<td>Carbohydrates<\/td>\n<td>76.3g<\/td>\n<\/tr>\n<tr>\n<td>\u00a0 \u00a0 of which sugars<\/td>\n<td>72.5g<\/td>\n<\/tr>\n<tr>\n<td>Fiber<\/td>\n<td>4.9g<\/td>\n<\/tr>\n<tr>\n<td>Proteins<\/td>\n<td>2.62 grams<\/td>\n<\/tr>\n<tr>\n<td>Salt<\/td>\n<td>0.17g<\/td>\n<\/tr>\n<\/tbody>\n<\/table>\n<div id=\"accel-snackbar\" style=\"left: 50%; top: 50px;\"><\/div>","protected":false},"excerpt":{"rendered":"<p>The soft jacket is made using a vacuum-drying method, which preserves the sweet taste, texture, and nutrients.<\/p>\n<p><span style=\"font-weight: 400;\">The fruit, which has become known in the Asian market, has gained popularity for its low calorie content, which makes it perfect for those losing weight!<\/span>Despite its sweet taste, yuca is a good supporter of the nervous system and a cure for insomnia.<\/p>\n<ul>\n<li>High iron content (100g of dried product contains 63% of the daily iron requirement and 13.2% of the daily potassium requirement)<\/li>\n<li>High fiber content<\/li>\n<li>Naturally sweet, containing naturally occurring fruit sugar<\/li>\n<li>Gluten-free<\/li>\n<li>Our fruit may naturally darken over time in the packaging. This is due to the very minimal amount of sulfites, which we add only the necessary amount (0.01%) compared to the sulfites normally added, in order to keep the fruit fresh and prevent mold.<\/li>\n<li>840g of fresh and ripe jackfruit is used to make 100g of dried product<\/li>\n<li>Suitable for vegans<\/li>\n<\/ul>\n<ul>\n<li style=\"list-style-type: none;\"><\/li>\n<\/ul>\n<p><strong>Ingredients:<\/strong> jaka 99.8%, cane sugar, acidity regulator: citric acid, preservative: sodium disulfite.<\/p>\n<p>Keep cool and dry.<\/p>\n<div id=\"accel-snackbar\" style=\"left: 50%; top: 50px;\"><\/div>","protected":false},"featured_media":27045,"template":"","meta":{"inline_featured_image":false},"product_brand":[],"product_cat":[428,171],"product_tag":[],"class_list":{"0":"post-10442","1":"product","2":"type-product","3":"status-publish","4":"has-post-thumbnail","6":"product_cat-pehmed-kuivatatud-puuviljad","7":"product_cat-magusad-snakid","8":"pa_kogus-kast","9":"pa_kogus-tukk","10":"pa_sisaldab-gluteenivaba","11":"pa_sisaldab-laktoosivaba","12":"pa_sisaldab-mysnacki-farmist","13":"pa_sisaldab-vegan","15":"first","16":"instock","17":"taxable","18":"shipping-taxable","19":"purchasable","20":"product-type-variable","21":"has-default-attributes"},"yoast_head":"<!-- This site is optimized with the Yoast SEO plugin v27.1.1 - https:\/\/yoast.com\/product\/yoast-seo-wordpress\/ -->\n<title>Pehme kuivatatud jaka ehk jackfruit | Patuvabad sn\u00e4kid<\/title>\n<meta name=\"description\" content=\"Eksootilised jaka vilja palad on magusad, meenutavad maitselt nii \u00f5una kui banaani. Sobivad ka veganitele. Vaata l\u00e4hemalt!\" \/>\n<meta name=\"robots\" content=\"index, follow, max-snippet:-1, max-image-preview:large, max-video-preview:-1\" \/>\n<link rel=\"canonical\" href=\"https:\/\/ellyt.eu\/en\/product-2\/soft-dried-jacket\/\" \/>\n<meta property=\"og:locale\" content=\"en_US\" \/>\n<meta property=\"og:type\" content=\"article\" \/>\n<meta property=\"og:title\" content=\"Pehme kuivatatud jaka ehk jackfruit | Patuvabad sn\u00e4kid\" \/>\n<meta property=\"og:description\" content=\"Eksootilised jaka vilja palad on magusad, meenutavad maitselt nii \u00f5una kui banaani. Sobivad ka veganitele. Vaata l\u00e4hemalt!\" \/>\n<meta property=\"og:url\" content=\"https:\/\/ellyt.eu\/en\/product-2\/soft-dried-jacket\/\" \/>\n<meta property=\"og:site_name\" content=\"Ellyt\" \/>\n<meta property=\"article:publisher\" content=\"https:\/\/www.facebook.com\/MySnack.ee\/\" \/>\n<meta property=\"article:modified_time\" content=\"2026-01-13T17:40:38+00:00\" \/>\n<meta property=\"og:image\" content=\"https:\/\/ellyt.eu\/wp-content\/uploads\/2023\/11\/Mocuk-up_Jackfruit_front_v2-copy.png\" \/>\n\t<meta property=\"og:image:width\" content=\"1432\" \/>\n\t<meta property=\"og:image:height\" content=\"1432\" \/>\n\t<meta property=\"og:image:type\" content=\"image\/png\" \/>\n<meta name=\"twitter:card\" content=\"summary_large_image\" \/>\n<meta name=\"twitter:label1\" content=\"Est. reading time\" \/>\n\t<meta name=\"twitter:data1\" content=\"1 minute\" \/>\n<script type=\"application\/ld+json\" class=\"yoast-schema-graph\">{\"@context\":\"https:\/\/schema.org\",\"@graph\":[{\"@type\":\"WebPage\",\"@id\":\"https:\/\/ellyt.eu\/toode\/pehme-kuivatatud-jaka\/\",\"url\":\"https:\/\/ellyt.eu\/toode\/pehme-kuivatatud-jaka\/\",\"name\":\"Pehme kuivatatud jaka ehk jackfruit | Patuvabad sn\u00e4kid\",\"isPartOf\":{\"@id\":\"https:\/\/ellyt.eu\/#website\"},\"primaryImageOfPage\":{\"@id\":\"https:\/\/ellyt.eu\/toode\/pehme-kuivatatud-jaka\/#primaryimage\"},\"image\":{\"@id\":\"https:\/\/ellyt.eu\/toode\/pehme-kuivatatud-jaka\/#primaryimage\"},\"thumbnailUrl\":\"https:\/\/ellyt.eu\/wp-content\/uploads\/2023\/11\/Mocuk-up_Jackfruit_front_v2-copy.png\",\"datePublished\":\"2021-07-18T13:19:17+00:00\",\"dateModified\":\"2026-01-13T17:40:38+00:00\",\"description\":\"Eksootilised jaka vilja palad on magusad, meenutavad maitselt nii \u00f5una kui banaani. Sobivad ka veganitele. Vaata l\u00e4hemalt!\",\"breadcrumb\":{\"@id\":\"https:\/\/ellyt.eu\/toode\/pehme-kuivatatud-jaka\/#breadcrumb\"},\"inLanguage\":\"en-US\",\"potentialAction\":[{\"@type\":\"ReadAction\",\"target\":[\"https:\/\/ellyt.eu\/toode\/pehme-kuivatatud-jaka\/\"]}]},{\"@type\":\"ImageObject\",\"inLanguage\":\"en-US\",\"@id\":\"https:\/\/ellyt.eu\/toode\/pehme-kuivatatud-jaka\/#primaryimage\",\"url\":\"https:\/\/ellyt.eu\/wp-content\/uploads\/2023\/11\/Mocuk-up_Jackfruit_front_v2-copy.png\",\"contentUrl\":\"https:\/\/ellyt.eu\/wp-content\/uploads\/2023\/11\/Mocuk-up_Jackfruit_front_v2-copy.png\",\"width\":1432,\"height\":1432,\"caption\":\"JackFruit snack pack front\"},{\"@type\":\"BreadcrumbList\",\"@id\":\"https:\/\/ellyt.eu\/toode\/pehme-kuivatatud-jaka\/#breadcrumb\",\"itemListElement\":[{\"@type\":\"ListItem\",\"position\":1,\"name\":\"Esileht\",\"item\":\"https:\/\/ellyt.eu\/\"},{\"@type\":\"ListItem\",\"position\":2,\"name\":\"Pood\",\"item\":\"https:\/\/ellyt.eu\/pood\/\"},{\"@type\":\"ListItem\",\"position\":3,\"name\":\"Pehme kuivatatud jaka (jackfruit) 80g\"}]},{\"@type\":\"WebSite\",\"@id\":\"https:\/\/ellyt.eu\/#website\",\"url\":\"https:\/\/ellyt.eu\/\",\"name\":\"Ellyt\",\"description\":\"Ellyt E-Pood\",\"publisher\":{\"@id\":\"https:\/\/ellyt.eu\/#organization\"},\"potentialAction\":[{\"@type\":\"SearchAction\",\"target\":{\"@type\":\"EntryPoint\",\"urlTemplate\":\"https:\/\/ellyt.eu\/?s={search_term_string}\"},\"query-input\":{\"@type\":\"PropertyValueSpecification\",\"valueRequired\":true,\"valueName\":\"search_term_string\"}}],\"inLanguage\":\"en-US\"},{\"@type\":\"Organization\",\"@id\":\"https:\/\/ellyt.eu\/#organization\",\"name\":\"MySnack\",\"url\":\"https:\/\/ellyt.eu\/\",\"logo\":{\"@type\":\"ImageObject\",\"inLanguage\":\"en-US\",\"@id\":\"https:\/\/ellyt.eu\/#\/schema\/logo\/image\/\",\"url\":\"https:\/\/mysnack.shop\/wp-content\/uploads\/2023\/09\/MySnack_logo.png\",\"contentUrl\":\"https:\/\/mysnack.shop\/wp-content\/uploads\/2023\/09\/MySnack_logo.png\",\"width\":400,\"height\":148,\"caption\":\"MySnack\"},\"image\":{\"@id\":\"https:\/\/ellyt.eu\/#\/schema\/logo\/image\/\"},\"sameAs\":[\"https:\/\/www.facebook.com\/MySnack.ee\/\",\"https:\/\/www.instagram.com\/mysnack_eesti\/\"]}]}<\/script>\n<!-- \/ Yoast SEO plugin. -->","yoast_head_json":{"title":"Soft dried jackfruit | Sinless snacks","description":"Exotic pieces of jackfruit are sweet, reminiscent of both apple and banana in taste. Also suitable for vegans. Take a closer look!","robots":{"index":"index","follow":"follow","max-snippet":"max-snippet:-1","max-image-preview":"max-image-preview:large","max-video-preview":"max-video-preview:-1"},"canonical":"https:\/\/ellyt.eu\/en\/product-2\/soft-dried-jacket\/","og_locale":"en_US","og_type":"article","og_title":"Pehme kuivatatud jaka ehk jackfruit | Patuvabad sn\u00e4kid","og_description":"Eksootilised jaka vilja palad on magusad, meenutavad maitselt nii \u00f5una kui banaani. Sobivad ka veganitele. Vaata l\u00e4hemalt!","og_url":"https:\/\/ellyt.eu\/en\/product-2\/soft-dried-jacket\/","og_site_name":"Ellyt","article_publisher":"https:\/\/www.facebook.com\/MySnack.ee\/","article_modified_time":"2026-01-13T17:40:38+00:00","og_image":[{"width":1432,"height":1432,"url":"https:\/\/ellyt.eu\/wp-content\/uploads\/2023\/11\/Mocuk-up_Jackfruit_front_v2-copy.png","type":"image\/png"}],"twitter_card":"summary_large_image","twitter_misc":{"Est. reading time":"1 minute"},"schema":{"@context":"https:\/\/schema.org","@graph":[{"@type":"WebPage","@id":"https:\/\/ellyt.eu\/toode\/pehme-kuivatatud-jaka\/","url":"https:\/\/ellyt.eu\/toode\/pehme-kuivatatud-jaka\/","name":"Soft dried jackfruit | Sinless snacks","isPartOf":{"@id":"https:\/\/ellyt.eu\/#website"},"primaryImageOfPage":{"@id":"https:\/\/ellyt.eu\/toode\/pehme-kuivatatud-jaka\/#primaryimage"},"image":{"@id":"https:\/\/ellyt.eu\/toode\/pehme-kuivatatud-jaka\/#primaryimage"},"thumbnailUrl":"https:\/\/ellyt.eu\/wp-content\/uploads\/2023\/11\/Mocuk-up_Jackfruit_front_v2-copy.png","datePublished":"2021-07-18T13:19:17+00:00","dateModified":"2026-01-13T17:40:38+00:00","description":"Exotic pieces of jackfruit are sweet, reminiscent of both apple and banana in taste. Also suitable for vegans. Take a closer look!","breadcrumb":{"@id":"https:\/\/ellyt.eu\/toode\/pehme-kuivatatud-jaka\/#breadcrumb"},"inLanguage":"en-US","potentialAction":[{"@type":"ReadAction","target":["https:\/\/ellyt.eu\/toode\/pehme-kuivatatud-jaka\/"]}]},{"@type":"ImageObject","inLanguage":"en-US","@id":"https:\/\/ellyt.eu\/toode\/pehme-kuivatatud-jaka\/#primaryimage","url":"https:\/\/ellyt.eu\/wp-content\/uploads\/2023\/11\/Mocuk-up_Jackfruit_front_v2-copy.png","contentUrl":"https:\/\/ellyt.eu\/wp-content\/uploads\/2023\/11\/Mocuk-up_Jackfruit_front_v2-copy.png","width":1432,"height":1432,"caption":"JackFruit snack pack front"},{"@type":"BreadcrumbList","@id":"https:\/\/ellyt.eu\/toode\/pehme-kuivatatud-jaka\/#breadcrumb","itemListElement":[{"@type":"ListItem","position":1,"name":"Esileht","item":"https:\/\/ellyt.eu\/"},{"@type":"ListItem","position":2,"name":"Pood","item":"https:\/\/ellyt.eu\/pood\/"},{"@type":"ListItem","position":3,"name":"Pehme kuivatatud jaka (jackfruit) 80g"}]},{"@type":"WebSite","@id":"https:\/\/ellyt.eu\/#website","url":"https:\/\/ellyt.eu\/","name":"Ellyt","description":"Ellyt E-Shop","publisher":{"@id":"https:\/\/ellyt.eu\/#organization"},"potentialAction":[{"@type":"SearchAction","target":{"@type":"EntryPoint","urlTemplate":"https:\/\/ellyt.eu\/?s={search_term_string}"},"query-input":{"@type":"PropertyValueSpecification","valueRequired":true,"valueName":"search_term_string"}}],"inLanguage":"en-US"},{"@type":"Organization","@id":"https:\/\/ellyt.eu\/#organization","name":"MySnack","url":"https:\/\/ellyt.eu\/","logo":{"@type":"ImageObject","inLanguage":"en-US","@id":"https:\/\/ellyt.eu\/#\/schema\/logo\/image\/","url":"https:\/\/mysnack.shop\/wp-content\/uploads\/2023\/09\/MySnack_logo.png","contentUrl":"https:\/\/mysnack.shop\/wp-content\/uploads\/2023\/09\/MySnack_logo.png","width":400,"height":148,"caption":"MySnack"},"image":{"@id":"https:\/\/ellyt.eu\/#\/schema\/logo\/image\/"},"sameAs":["https:\/\/www.facebook.com\/MySnack.ee\/","https:\/\/www.instagram.com\/mysnack_eesti\/"]}]}},"_links":{"self":[{"href":"https:\/\/ellyt.eu\/en\/wp-json\/wp\/v2\/product\/10442","targetHints":{"allow":["GET"]}}],"collection":[{"href":"https:\/\/ellyt.eu\/en\/wp-json\/wp\/v2\/product"}],"about":[{"href":"https:\/\/ellyt.eu\/en\/wp-json\/wp\/v2\/types\/product"}],"wp:featuredmedia":[{"embeddable":true,"href":"https:\/\/ellyt.eu\/en\/wp-json\/wp\/v2\/media\/27045"}],"wp:attachment":[{"href":"https:\/\/ellyt.eu\/en\/wp-json\/wp\/v2\/media?parent=10442"}],"wp:term":[{"taxonomy":"product_brand","embeddable":true,"href":"https:\/\/ellyt.eu\/en\/wp-json\/wp\/v2\/product_brand?post=10442"},{"taxonomy":"product_cat","embeddable":true,"href":"https:\/\/ellyt.eu\/en\/wp-json\/wp\/v2\/product_cat?post=10442"},{"taxonomy":"product_tag","embeddable":true,"href":"https:\/\/ellyt.eu\/en\/wp-json\/wp\/v2\/product_tag?post=10442"}],"curies":[{"name":"wp","href":"https:\/\/api.w.org\/{rel}","templated":true}]}}