{"id":10838,"date":"2021-08-13T13:09:50","date_gmt":"2021-08-13T10:09:50","guid":{"rendered":"https:\/\/mysnack.ee\/?post_type=product&#038;p=10838"},"modified":"2025-07-21T18:12:21","modified_gmt":"2025-07-21T15:12:21","slug":"pea-snacks-with-cheese","status":"publish","type":"product","link":"https:\/\/ellyt.eu\/en\/product\/hernesnakid-juustuga\/","title":{"rendered":"Green green pea snacks with cheese 80 g"},"content":{"rendered":"<p><strong>Quantity:<\/strong> 80g<\/p>\n<p><strong>100 g of product contains on average:<\/strong><\/p>\n<table>\n<tbody>\n<tr>\n<td>Energy content<\/td>\n<td>361 kcal \/ 1519 kJ<\/td>\n<\/tr>\n<tr>\n<td>Fats<\/td>\n<td>8.1g<\/td>\n<\/tr>\n<tr>\n<td>\u00a0 \u00a0 of which saturated fatty acids<\/td>\n<td>1.4g<\/td>\n<\/tr>\n<tr>\n<td>Carbohydrates<\/td>\n<td>45.8g<\/td>\n<\/tr>\n<tr>\n<td>\u00a0 \u00a0 of which sugars<\/td>\n<td>4.2g<\/td>\n<\/tr>\n<tr>\n<td>Fiber<\/td>\n<td>9.7g<\/td>\n<\/tr>\n<tr>\n<td>Proteins<\/td>\n<td>21.0g<\/td>\n<\/tr>\n<tr>\n<td>Salt<\/td>\n<td>1.9g<\/td>\n<\/tr>\n<\/tbody>\n<\/table>\n<div id=\"accel-snackbar\" style=\"left: 50%;top: 50px\"><\/div>","protected":false},"excerpt":{"rendered":"<p><span style=\"font-weight: 400\">Did you know that peas are the most easily absorbed plant protein for the body? In addition to their high protein content, pea snacks are rich in fiber and antioxidants, which support digestion and help the body fight free radicals.<\/span><\/p>\n<p>Pea snacks with cheese taste like Cheetos, but are so healthy! Oven-baked and low-calorie pea snacks are great for snacking while watching a movie or as a guilt-free snack after a workout instead of chips.<\/p>\n<ul>\n<li style=\"list-style-type: none\">\n<ul>\n<li>High in protein 21g per 100g<\/li>\n<li>50% less fat*<\/li>\n<li>Baked not fried<\/li>\n<li>Without added sugar<\/li>\n<li>Gluten-free<\/li>\n<\/ul>\n<\/li>\n<\/ul>\n<p><strong>Ingredients: <\/strong>pea flour 89%, sunflower oil (high oleic acid) 6%, cheese powder 4% (whey powder 34%, cheese powder 34% (milk), salt, gelling agent E508, anti-caking agent E551, acidity regulators E339; E340; citric acid, thickener gum arabic); sea salt (1%).<\/p>\n<p>Contains allergen: milk. May contain allergens soy and nuts.<\/p>\n<p>Contains naturally occurring sugars.<\/p>\n<p>Store in a cool and dry place.<\/p>\n<p>*compared to common potato chips<\/p>\n<div id=\"accel-snackbar\" style=\"left: 50%;top: 50px\"><\/div>","protected":false},"featured_media":24864,"template":"","meta":{"inline_featured_image":false},"product_brand":[],"product_cat":[418,172],"product_tag":[],"class_list":{"0":"post-10838","1":"product","2":"type-product","3":"status-publish","4":"has-post-thumbnail","6":"product_cat-hernekropsud","7":"product_cat-soolased-snakid","8":"pa_kogus-kast","9":"pa_kogus-tukk","10":"pa_sisaldab-gluteenivaba","11":"pa_sisaldab-mysnacki-farmist","13":"first","14":"instock","15":"taxable","16":"shipping-taxable","17":"purchasable","18":"product-type-variable","19":"has-default-attributes"},"yoast_head":"<!-- This site is optimized with the Yoast SEO plugin v27.1.1 - https:\/\/yoast.com\/product\/yoast-seo-wordpress\/ -->\n<title>Hernesn\u00e4kid juustuga 80 g | Patuvabad sn\u00e4kid<\/title>\n<meta name=\"description\" content=\"Ahjus k\u00fcpsetatud mahedamaitselised ja kr\u00f5bedad hernekauna sn\u00e4kid juustuga sobivad h\u00e4sti kr\u00f5psu asemel sn\u00e4kkimiseks. Vaata l\u00e4hemalt!\" \/>\n<meta name=\"robots\" content=\"index, follow, max-snippet:-1, max-image-preview:large, max-video-preview:-1\" \/>\n<link rel=\"canonical\" href=\"https:\/\/ellyt.eu\/en\/product-2\/pea-snacks-with-cheese\/\" \/>\n<meta property=\"og:locale\" content=\"en_US\" \/>\n<meta property=\"og:type\" content=\"article\" \/>\n<meta property=\"og:title\" content=\"Hernesn\u00e4kid juustuga 80 g | Patuvabad sn\u00e4kid\" \/>\n<meta property=\"og:description\" content=\"Ahjus k\u00fcpsetatud mahedamaitselised ja kr\u00f5bedad hernekauna sn\u00e4kid juustuga sobivad h\u00e4sti kr\u00f5psu asemel sn\u00e4kkimiseks. Vaata l\u00e4hemalt!\" \/>\n<meta property=\"og:url\" content=\"https:\/\/ellyt.eu\/en\/product-2\/pea-snacks-with-cheese\/\" \/>\n<meta property=\"og:site_name\" content=\"Ellyt\" \/>\n<meta property=\"article:publisher\" content=\"https:\/\/www.facebook.com\/MySnack.ee\/\" \/>\n<meta property=\"article:modified_time\" content=\"2025-07-21T15:12:21+00:00\" \/>\n<meta property=\"og:image\" content=\"https:\/\/ellyt.eu\/wp-content\/uploads\/2021\/08\/Hernesnakid-juustuga.jpg\" \/>\n\t<meta property=\"og:image:width\" content=\"2050\" \/>\n\t<meta property=\"og:image:height\" content=\"2050\" \/>\n\t<meta property=\"og:image:type\" content=\"image\/jpeg\" \/>\n<meta name=\"twitter:card\" content=\"summary_large_image\" \/>\n<meta name=\"twitter:label1\" content=\"Est. reading time\" \/>\n\t<meta name=\"twitter:data1\" content=\"1 minute\" \/>\n<script type=\"application\/ld+json\" class=\"yoast-schema-graph\">{\"@context\":\"https:\/\/schema.org\",\"@graph\":[{\"@type\":\"WebPage\",\"@id\":\"https:\/\/ellyt.eu\/toode\/hernesnakid-juustuga\/\",\"url\":\"https:\/\/ellyt.eu\/toode\/hernesnakid-juustuga\/\",\"name\":\"Hernesn\u00e4kid juustuga 80 g | Patuvabad sn\u00e4kid\",\"isPartOf\":{\"@id\":\"https:\/\/ellyt.eu\/#website\"},\"primaryImageOfPage\":{\"@id\":\"https:\/\/ellyt.eu\/toode\/hernesnakid-juustuga\/#primaryimage\"},\"image\":{\"@id\":\"https:\/\/ellyt.eu\/toode\/hernesnakid-juustuga\/#primaryimage\"},\"thumbnailUrl\":\"https:\/\/ellyt.eu\/wp-content\/uploads\/2021\/08\/Hernesnakid-juustuga.jpg\",\"datePublished\":\"2021-08-13T10:09:50+00:00\",\"dateModified\":\"2025-07-21T15:12:21+00:00\",\"description\":\"Ahjus k\u00fcpsetatud mahedamaitselised ja kr\u00f5bedad hernekauna sn\u00e4kid juustuga sobivad h\u00e4sti kr\u00f5psu asemel sn\u00e4kkimiseks. Vaata l\u00e4hemalt!\",\"breadcrumb\":{\"@id\":\"https:\/\/ellyt.eu\/toode\/hernesnakid-juustuga\/#breadcrumb\"},\"inLanguage\":\"en-US\",\"potentialAction\":[{\"@type\":\"ReadAction\",\"target\":[\"https:\/\/ellyt.eu\/toode\/hernesnakid-juustuga\/\"]}]},{\"@type\":\"ImageObject\",\"inLanguage\":\"en-US\",\"@id\":\"https:\/\/ellyt.eu\/toode\/hernesnakid-juustuga\/#primaryimage\",\"url\":\"https:\/\/ellyt.eu\/wp-content\/uploads\/2021\/08\/Hernesnakid-juustuga.jpg\",\"contentUrl\":\"https:\/\/ellyt.eu\/wp-content\/uploads\/2021\/08\/Hernesnakid-juustuga.jpg\",\"width\":2050,\"height\":2050,\"caption\":\"K\u00fcpsetatud valgurikkad hernesn\u00e4kid juustuga pakendis\"},{\"@type\":\"BreadcrumbList\",\"@id\":\"https:\/\/ellyt.eu\/toode\/hernesnakid-juustuga\/#breadcrumb\",\"itemListElement\":[{\"@type\":\"ListItem\",\"position\":1,\"name\":\"Esileht\",\"item\":\"https:\/\/ellyt.eu\/\"},{\"@type\":\"ListItem\",\"position\":2,\"name\":\"Pood\",\"item\":\"https:\/\/ellyt.eu\/pood\/\"},{\"@type\":\"ListItem\",\"position\":3,\"name\":\"Hernesn\u00e4kid juustuga 80 g\"}]},{\"@type\":\"WebSite\",\"@id\":\"https:\/\/ellyt.eu\/#website\",\"url\":\"https:\/\/ellyt.eu\/\",\"name\":\"Ellyt\",\"description\":\"Ellyt E-Pood\",\"publisher\":{\"@id\":\"https:\/\/ellyt.eu\/#organization\"},\"potentialAction\":[{\"@type\":\"SearchAction\",\"target\":{\"@type\":\"EntryPoint\",\"urlTemplate\":\"https:\/\/ellyt.eu\/?s={search_term_string}\"},\"query-input\":{\"@type\":\"PropertyValueSpecification\",\"valueRequired\":true,\"valueName\":\"search_term_string\"}}],\"inLanguage\":\"en-US\"},{\"@type\":\"Organization\",\"@id\":\"https:\/\/ellyt.eu\/#organization\",\"name\":\"MySnack\",\"url\":\"https:\/\/ellyt.eu\/\",\"logo\":{\"@type\":\"ImageObject\",\"inLanguage\":\"en-US\",\"@id\":\"https:\/\/ellyt.eu\/#\/schema\/logo\/image\/\",\"url\":\"https:\/\/mysnack.shop\/wp-content\/uploads\/2023\/09\/MySnack_logo.png\",\"contentUrl\":\"https:\/\/mysnack.shop\/wp-content\/uploads\/2023\/09\/MySnack_logo.png\",\"width\":400,\"height\":148,\"caption\":\"MySnack\"},\"image\":{\"@id\":\"https:\/\/ellyt.eu\/#\/schema\/logo\/image\/\"},\"sameAs\":[\"https:\/\/www.facebook.com\/MySnack.ee\/\",\"https:\/\/www.instagram.com\/mysnack_eesti\/\"]}]}<\/script>\n<!-- \/ Yoast SEO plugin. -->","yoast_head_json":{"title":"Pea snacks with cheese 80 g | Sin-free snacks","description":"Oven-baked, mild-tasting and crispy pea pod snacks with cheese are a great snack instead of chips. Take a closer look!","robots":{"index":"index","follow":"follow","max-snippet":"max-snippet:-1","max-image-preview":"max-image-preview:large","max-video-preview":"max-video-preview:-1"},"canonical":"https:\/\/ellyt.eu\/en\/product-2\/pea-snacks-with-cheese\/","og_locale":"en_US","og_type":"article","og_title":"Hernesn\u00e4kid juustuga 80 g | Patuvabad sn\u00e4kid","og_description":"Ahjus k\u00fcpsetatud mahedamaitselised ja kr\u00f5bedad hernekauna sn\u00e4kid juustuga sobivad h\u00e4sti kr\u00f5psu asemel sn\u00e4kkimiseks. Vaata l\u00e4hemalt!","og_url":"https:\/\/ellyt.eu\/en\/product-2\/pea-snacks-with-cheese\/","og_site_name":"Ellyt","article_publisher":"https:\/\/www.facebook.com\/MySnack.ee\/","article_modified_time":"2025-07-21T15:12:21+00:00","og_image":[{"width":2050,"height":2050,"url":"https:\/\/ellyt.eu\/wp-content\/uploads\/2021\/08\/Hernesnakid-juustuga.jpg","type":"image\/jpeg"}],"twitter_card":"summary_large_image","twitter_misc":{"Est. reading time":"1 minute"},"schema":{"@context":"https:\/\/schema.org","@graph":[{"@type":"WebPage","@id":"https:\/\/ellyt.eu\/toode\/hernesnakid-juustuga\/","url":"https:\/\/ellyt.eu\/toode\/hernesnakid-juustuga\/","name":"Pea snacks with cheese 80 g | Sin-free snacks","isPartOf":{"@id":"https:\/\/ellyt.eu\/#website"},"primaryImageOfPage":{"@id":"https:\/\/ellyt.eu\/toode\/hernesnakid-juustuga\/#primaryimage"},"image":{"@id":"https:\/\/ellyt.eu\/toode\/hernesnakid-juustuga\/#primaryimage"},"thumbnailUrl":"https:\/\/ellyt.eu\/wp-content\/uploads\/2021\/08\/Hernesnakid-juustuga.jpg","datePublished":"2021-08-13T10:09:50+00:00","dateModified":"2025-07-21T15:12:21+00:00","description":"Oven-baked, mild-tasting and crispy pea pod snacks with cheese are a great snack instead of chips. Take a closer look!","breadcrumb":{"@id":"https:\/\/ellyt.eu\/toode\/hernesnakid-juustuga\/#breadcrumb"},"inLanguage":"en-US","potentialAction":[{"@type":"ReadAction","target":["https:\/\/ellyt.eu\/toode\/hernesnakid-juustuga\/"]}]},{"@type":"ImageObject","inLanguage":"en-US","@id":"https:\/\/ellyt.eu\/toode\/hernesnakid-juustuga\/#primaryimage","url":"https:\/\/ellyt.eu\/wp-content\/uploads\/2021\/08\/Hernesnakid-juustuga.jpg","contentUrl":"https:\/\/ellyt.eu\/wp-content\/uploads\/2021\/08\/Hernesnakid-juustuga.jpg","width":2050,"height":2050,"caption":"K\u00fcpsetatud valgurikkad hernesn\u00e4kid juustuga pakendis"},{"@type":"BreadcrumbList","@id":"https:\/\/ellyt.eu\/toode\/hernesnakid-juustuga\/#breadcrumb","itemListElement":[{"@type":"ListItem","position":1,"name":"Esileht","item":"https:\/\/ellyt.eu\/"},{"@type":"ListItem","position":2,"name":"Pood","item":"https:\/\/ellyt.eu\/pood\/"},{"@type":"ListItem","position":3,"name":"Hernesn\u00e4kid juustuga 80 g"}]},{"@type":"WebSite","@id":"https:\/\/ellyt.eu\/#website","url":"https:\/\/ellyt.eu\/","name":"Ellyt","description":"Ellyt E-Shop","publisher":{"@id":"https:\/\/ellyt.eu\/#organization"},"potentialAction":[{"@type":"SearchAction","target":{"@type":"EntryPoint","urlTemplate":"https:\/\/ellyt.eu\/?s={search_term_string}"},"query-input":{"@type":"PropertyValueSpecification","valueRequired":true,"valueName":"search_term_string"}}],"inLanguage":"en-US"},{"@type":"Organization","@id":"https:\/\/ellyt.eu\/#organization","name":"MySnack","url":"https:\/\/ellyt.eu\/","logo":{"@type":"ImageObject","inLanguage":"en-US","@id":"https:\/\/ellyt.eu\/#\/schema\/logo\/image\/","url":"https:\/\/mysnack.shop\/wp-content\/uploads\/2023\/09\/MySnack_logo.png","contentUrl":"https:\/\/mysnack.shop\/wp-content\/uploads\/2023\/09\/MySnack_logo.png","width":400,"height":148,"caption":"MySnack"},"image":{"@id":"https:\/\/ellyt.eu\/#\/schema\/logo\/image\/"},"sameAs":["https:\/\/www.facebook.com\/MySnack.ee\/","https:\/\/www.instagram.com\/mysnack_eesti\/"]}]}},"_links":{"self":[{"href":"https:\/\/ellyt.eu\/en\/wp-json\/wp\/v2\/product\/10838","targetHints":{"allow":["GET"]}}],"collection":[{"href":"https:\/\/ellyt.eu\/en\/wp-json\/wp\/v2\/product"}],"about":[{"href":"https:\/\/ellyt.eu\/en\/wp-json\/wp\/v2\/types\/product"}],"wp:featuredmedia":[{"embeddable":true,"href":"https:\/\/ellyt.eu\/en\/wp-json\/wp\/v2\/media\/24864"}],"wp:attachment":[{"href":"https:\/\/ellyt.eu\/en\/wp-json\/wp\/v2\/media?parent=10838"}],"wp:term":[{"taxonomy":"product_brand","embeddable":true,"href":"https:\/\/ellyt.eu\/en\/wp-json\/wp\/v2\/product_brand?post=10838"},{"taxonomy":"product_cat","embeddable":true,"href":"https:\/\/ellyt.eu\/en\/wp-json\/wp\/v2\/product_cat?post=10838"},{"taxonomy":"product_tag","embeddable":true,"href":"https:\/\/ellyt.eu\/en\/wp-json\/wp\/v2\/product_tag?post=10838"}],"curies":[{"name":"wp","href":"https:\/\/api.w.org\/{rel}","templated":true}]}}