{"id":20899,"date":"2024-02-22T13:27:21","date_gmt":"2024-02-22T11:27:21","guid":{"rendered":"https:\/\/mysnack.ee\/?post_type=product&#038;p=20899"},"modified":"2025-07-28T12:42:37","modified_gmt":"2025-07-28T09:42:37","slug":"seaweed-flakes-with-tempura-bbq-40-g","status":"publish","type":"product","link":"https:\/\/ellyt.eu\/en\/product\/merevetika-kropsud-tempura-bbq-ga-40-g\/","title":{"rendered":"Seaweed chips with tempura BBQ 40 g"},"content":{"rendered":"<p><strong>Quantity:<\/strong> 40g<\/p>\n<p><strong>100 g of product contains on average:<\/strong><\/p>\n<table>\n<tbody>\n<tr>\n<td>Energy content<\/td>\n<td>600 kcal \/ 2512 kJ<\/td>\n<\/tr>\n<tr>\n<td>Fats<\/td>\n<td>42.7g<\/td>\n<\/tr>\n<tr>\n<td>\u00a0 \u00a0 of which saturated fatty acids<\/td>\n<td>18.4g<\/td>\n<\/tr>\n<tr>\n<td>Carbohydrates<\/td>\n<td>45.9g<\/td>\n<\/tr>\n<tr>\n<td>\u00a0 \u00a0 of which sugars<\/td>\n<td>2.1g<\/td>\n<\/tr>\n<tr>\n<td>Proteins<\/td>\n<td>7.9g<\/td>\n<\/tr>\n<tr>\n<td>Salt<\/td>\n<td>1.2g<\/td>\n<\/tr>\n<\/tbody>\n<\/table>\n<div id=\"accel-snackbar\" style=\"left: 50%; top: 50px;\"><\/div>","protected":false},"excerpt":{"rendered":"<ul>\n<li>Nicely crispy snacks.<\/li>\n<li>They taste good, give you energy and have a nice BBQ flavor.<\/li>\n<li>Seaweed is known for its abundance of nutrients, especially its iodine content.<\/li>\n<\/ul>\n<p><strong>Ingredients:<\/strong> Tempura flour blend (WHEAT flour, modified tapioca starch, salt, sugar), rice bran oil (rice bran oil, rosemary extract (natural flavor)), seaweed, smoked barbecue seasoning powder. SOY protein (SOY beans), spice blend (garlic, chili, pepper, cloves, cumin, coriander seeds and onion powder), salt, BBQ flavor, flavor enhancer (disodium guanylate, disodium inosinate), palm olein, acidity regulator (citric acid)<\/p>\n<div id=\"accel-snackbar\" style=\"left: 50%; top: 50px;\"><\/div>","protected":false},"featured_media":22507,"template":"","meta":{"inline_featured_image":false},"product_brand":[],"product_cat":[172,315],"product_tag":[],"class_list":{"0":"post-20899","1":"product","2":"type-product","3":"status-publish","4":"has-post-thumbnail","6":"product_cat-soolased-snakid","7":"product_cat-vetikakropsud","8":"pa_kogus-kast","9":"pa_kogus-tukk","10":"pa_sisaldab-laktoosivaba","12":"first","13":"instock","14":"taxable","15":"shipping-taxable","16":"purchasable","17":"product-type-variable","18":"has-default-attributes"},"yoast_head":"<!-- This site is optimized with the Yoast SEO plugin v27.1.1 - https:\/\/yoast.com\/product\/yoast-seo-wordpress\/ -->\n<title>Merevetika kr\u00f5psud tempura BBQ-ga | Patuvabad sn\u00e4kid<\/title>\n<meta name=\"description\" content=\"Jaapani merevetika kr\u00f5psud tempura BBQ-ga maitsevad h\u00e4sti, annavad energiat ja sisaldavad rohkelt toitaineid. Vaata l\u00e4hemalt!\" \/>\n<meta name=\"robots\" content=\"index, follow, max-snippet:-1, max-image-preview:large, max-video-preview:-1\" \/>\n<link rel=\"canonical\" href=\"https:\/\/ellyt.eu\/en\/product-2\/seaweed-flakes-with-tempura-bbq-40-g\/\" \/>\n<meta property=\"og:locale\" content=\"en_US\" \/>\n<meta property=\"og:type\" content=\"article\" \/>\n<meta property=\"og:title\" content=\"Merevetika kr\u00f5psud tempura BBQ-ga 40 g - Tervislikud ja Maitsvad Sn\u00e4kid\" \/>\n<meta property=\"og:description\" content=\"M\u00f5nusalt kr\u00f5bedad vetikakr\u00f5psud, mis maitsevad h\u00e4sti ja sisaldavad rohkelt toitaineid.\" \/>\n<meta property=\"og:url\" content=\"https:\/\/ellyt.eu\/en\/product-2\/seaweed-flakes-with-tempura-bbq-40-g\/\" \/>\n<meta property=\"og:site_name\" content=\"Ellyt\" \/>\n<meta property=\"article:publisher\" content=\"https:\/\/www.facebook.com\/MySnack.ee\/\" \/>\n<meta property=\"article:modified_time\" content=\"2025-07-28T09:42:37+00:00\" \/>\n<meta property=\"og:image\" content=\"https:\/\/ellyt.eu\/wp-content\/uploads\/2020\/12\/toode_merevetikas_kana_larb-scaled.jpg\" \/>\n\t<meta property=\"og:image:width\" content=\"2560\" \/>\n\t<meta property=\"og:image:height\" content=\"1224\" \/>\n\t<meta property=\"og:image:type\" content=\"image\/jpeg\" \/>\n<meta name=\"twitter:card\" content=\"summary_large_image\" \/>\n<meta name=\"twitter:title\" content=\"Merevetika kr\u00f5psud tempura BBQ-ga 40 g - Tervislikud ja Maitsvad Sn\u00e4kid\" \/>\n<meta name=\"twitter:description\" content=\"M\u00f5nusalt kr\u00f5bedad vetikakr\u00f5psud, mis maitsevad h\u00e4sti ja sisaldavad rohkelt toitaineid.\" \/>\n<meta name=\"twitter:image\" content=\"https:\/\/ellyt.eu\/wp-content\/uploads\/2020\/12\/toode_merevetikas_kana_larb-scaled.jpg\" \/>\n<meta name=\"twitter:label1\" content=\"Est. reading time\" \/>\n\t<meta name=\"twitter:data1\" content=\"1 minute\" \/>\n<script type=\"application\/ld+json\" class=\"yoast-schema-graph\">{\"@context\":\"https:\/\/schema.org\",\"@graph\":[{\"@type\":\"WebPage\",\"@id\":\"https:\/\/ellyt.eu\/toode\/merevetika-kropsud-tempura-bbq-ga-40-g\/\",\"url\":\"https:\/\/ellyt.eu\/toode\/merevetika-kropsud-tempura-bbq-ga-40-g\/\",\"name\":\"Merevetika kr\u00f5psud tempura BBQ-ga | Patuvabad sn\u00e4kid\",\"isPartOf\":{\"@id\":\"https:\/\/ellyt.eu\/#website\"},\"primaryImageOfPage\":{\"@id\":\"https:\/\/ellyt.eu\/toode\/merevetika-kropsud-tempura-bbq-ga-40-g\/#primaryimage\"},\"image\":{\"@id\":\"https:\/\/ellyt.eu\/toode\/merevetika-kropsud-tempura-bbq-ga-40-g\/#primaryimage\"},\"thumbnailUrl\":\"https:\/\/ellyt.eu\/wp-content\/uploads\/2024\/02\/Merevetika-kropsud-tempura-BBQ-ga.png\",\"datePublished\":\"2024-02-22T11:27:21+00:00\",\"dateModified\":\"2025-07-28T09:42:37+00:00\",\"description\":\"Jaapani merevetika kr\u00f5psud tempura BBQ-ga maitsevad h\u00e4sti, annavad energiat ja sisaldavad rohkelt toitaineid. Vaata l\u00e4hemalt!\",\"breadcrumb\":{\"@id\":\"https:\/\/ellyt.eu\/toode\/merevetika-kropsud-tempura-bbq-ga-40-g\/#breadcrumb\"},\"inLanguage\":\"en-US\",\"potentialAction\":[{\"@type\":\"ReadAction\",\"target\":[\"https:\/\/ellyt.eu\/toode\/merevetika-kropsud-tempura-bbq-ga-40-g\/\"]}]},{\"@type\":\"ImageObject\",\"inLanguage\":\"en-US\",\"@id\":\"https:\/\/ellyt.eu\/toode\/merevetika-kropsud-tempura-bbq-ga-40-g\/#primaryimage\",\"url\":\"https:\/\/ellyt.eu\/wp-content\/uploads\/2024\/02\/Merevetika-kropsud-tempura-BBQ-ga.png\",\"contentUrl\":\"https:\/\/ellyt.eu\/wp-content\/uploads\/2024\/02\/Merevetika-kropsud-tempura-BBQ-ga.png\",\"width\":1080,\"height\":1080,\"caption\":\"Merevetika kr\u00f5psud tempura BBQ-ga\"},{\"@type\":\"BreadcrumbList\",\"@id\":\"https:\/\/ellyt.eu\/toode\/merevetika-kropsud-tempura-bbq-ga-40-g\/#breadcrumb\",\"itemListElement\":[{\"@type\":\"ListItem\",\"position\":1,\"name\":\"Esileht\",\"item\":\"https:\/\/ellyt.eu\/\"},{\"@type\":\"ListItem\",\"position\":2,\"name\":\"Pood\",\"item\":\"https:\/\/ellyt.eu\/pood\/\"},{\"@type\":\"ListItem\",\"position\":3,\"name\":\"Merevetika kr\u00f5psud tempura BBQ-ga 40 g\"}]},{\"@type\":\"WebSite\",\"@id\":\"https:\/\/ellyt.eu\/#website\",\"url\":\"https:\/\/ellyt.eu\/\",\"name\":\"Ellyt\",\"description\":\"Ellyt E-Pood\",\"publisher\":{\"@id\":\"https:\/\/ellyt.eu\/#organization\"},\"potentialAction\":[{\"@type\":\"SearchAction\",\"target\":{\"@type\":\"EntryPoint\",\"urlTemplate\":\"https:\/\/ellyt.eu\/?s={search_term_string}\"},\"query-input\":{\"@type\":\"PropertyValueSpecification\",\"valueRequired\":true,\"valueName\":\"search_term_string\"}}],\"inLanguage\":\"en-US\"},{\"@type\":\"Organization\",\"@id\":\"https:\/\/ellyt.eu\/#organization\",\"name\":\"MySnack\",\"url\":\"https:\/\/ellyt.eu\/\",\"logo\":{\"@type\":\"ImageObject\",\"inLanguage\":\"en-US\",\"@id\":\"https:\/\/ellyt.eu\/#\/schema\/logo\/image\/\",\"url\":\"https:\/\/mysnack.shop\/wp-content\/uploads\/2023\/09\/MySnack_logo.png\",\"contentUrl\":\"https:\/\/mysnack.shop\/wp-content\/uploads\/2023\/09\/MySnack_logo.png\",\"width\":400,\"height\":148,\"caption\":\"MySnack\"},\"image\":{\"@id\":\"https:\/\/ellyt.eu\/#\/schema\/logo\/image\/\"},\"sameAs\":[\"https:\/\/www.facebook.com\/MySnack.ee\/\",\"https:\/\/www.instagram.com\/mysnack_eesti\/\"]}]}<\/script>\n<!-- \/ Yoast SEO plugin. -->","yoast_head_json":{"title":"Seaweed chips with tempura BBQ | Sinless snacks","description":"Japanese seaweed chips with tempura BBQ taste great, give you energy and are full of nutrients. Take a closer look!","robots":{"index":"index","follow":"follow","max-snippet":"max-snippet:-1","max-image-preview":"max-image-preview:large","max-video-preview":"max-video-preview:-1"},"canonical":"https:\/\/ellyt.eu\/en\/product-2\/seaweed-flakes-with-tempura-bbq-40-g\/","og_locale":"en_US","og_type":"article","og_title":"Merevetika kr\u00f5psud tempura BBQ-ga 40 g - Tervislikud ja Maitsvad Sn\u00e4kid","og_description":"M\u00f5nusalt kr\u00f5bedad vetikakr\u00f5psud, mis maitsevad h\u00e4sti ja sisaldavad rohkelt toitaineid.","og_url":"https:\/\/ellyt.eu\/en\/product-2\/seaweed-flakes-with-tempura-bbq-40-g\/","og_site_name":"Ellyt","article_publisher":"https:\/\/www.facebook.com\/MySnack.ee\/","article_modified_time":"2025-07-28T09:42:37+00:00","og_image":[{"width":2560,"height":1224,"url":"https:\/\/ellyt.eu\/wp-content\/uploads\/2020\/12\/toode_merevetikas_kana_larb-scaled.jpg","type":"image\/jpeg"}],"twitter_card":"summary_large_image","twitter_title":"Merevetika kr\u00f5psud tempura BBQ-ga 40 g - Tervislikud ja Maitsvad Sn\u00e4kid","twitter_description":"M\u00f5nusalt kr\u00f5bedad vetikakr\u00f5psud, mis maitsevad h\u00e4sti ja sisaldavad rohkelt toitaineid.","twitter_image":"https:\/\/ellyt.eu\/wp-content\/uploads\/2020\/12\/toode_merevetikas_kana_larb-scaled.jpg","twitter_misc":{"Est. reading time":"1 minute"},"schema":{"@context":"https:\/\/schema.org","@graph":[{"@type":"WebPage","@id":"https:\/\/ellyt.eu\/toode\/merevetika-kropsud-tempura-bbq-ga-40-g\/","url":"https:\/\/ellyt.eu\/toode\/merevetika-kropsud-tempura-bbq-ga-40-g\/","name":"Seaweed chips with tempura BBQ | Sinless snacks","isPartOf":{"@id":"https:\/\/ellyt.eu\/#website"},"primaryImageOfPage":{"@id":"https:\/\/ellyt.eu\/toode\/merevetika-kropsud-tempura-bbq-ga-40-g\/#primaryimage"},"image":{"@id":"https:\/\/ellyt.eu\/toode\/merevetika-kropsud-tempura-bbq-ga-40-g\/#primaryimage"},"thumbnailUrl":"https:\/\/ellyt.eu\/wp-content\/uploads\/2024\/02\/Merevetika-kropsud-tempura-BBQ-ga.png","datePublished":"2024-02-22T11:27:21+00:00","dateModified":"2025-07-28T09:42:37+00:00","description":"Japanese seaweed chips with tempura BBQ taste great, give you energy and are full of nutrients. Take a closer look!","breadcrumb":{"@id":"https:\/\/ellyt.eu\/toode\/merevetika-kropsud-tempura-bbq-ga-40-g\/#breadcrumb"},"inLanguage":"en-US","potentialAction":[{"@type":"ReadAction","target":["https:\/\/ellyt.eu\/toode\/merevetika-kropsud-tempura-bbq-ga-40-g\/"]}]},{"@type":"ImageObject","inLanguage":"en-US","@id":"https:\/\/ellyt.eu\/toode\/merevetika-kropsud-tempura-bbq-ga-40-g\/#primaryimage","url":"https:\/\/ellyt.eu\/wp-content\/uploads\/2024\/02\/Merevetika-kropsud-tempura-BBQ-ga.png","contentUrl":"https:\/\/ellyt.eu\/wp-content\/uploads\/2024\/02\/Merevetika-kropsud-tempura-BBQ-ga.png","width":1080,"height":1080,"caption":"Merevetika kr\u00f5psud tempura BBQ-ga"},{"@type":"BreadcrumbList","@id":"https:\/\/ellyt.eu\/toode\/merevetika-kropsud-tempura-bbq-ga-40-g\/#breadcrumb","itemListElement":[{"@type":"ListItem","position":1,"name":"Esileht","item":"https:\/\/ellyt.eu\/"},{"@type":"ListItem","position":2,"name":"Pood","item":"https:\/\/ellyt.eu\/pood\/"},{"@type":"ListItem","position":3,"name":"Merevetika kr\u00f5psud tempura BBQ-ga 40 g"}]},{"@type":"WebSite","@id":"https:\/\/ellyt.eu\/#website","url":"https:\/\/ellyt.eu\/","name":"Ellyt","description":"Ellyt E-Shop","publisher":{"@id":"https:\/\/ellyt.eu\/#organization"},"potentialAction":[{"@type":"SearchAction","target":{"@type":"EntryPoint","urlTemplate":"https:\/\/ellyt.eu\/?s={search_term_string}"},"query-input":{"@type":"PropertyValueSpecification","valueRequired":true,"valueName":"search_term_string"}}],"inLanguage":"en-US"},{"@type":"Organization","@id":"https:\/\/ellyt.eu\/#organization","name":"MySnack","url":"https:\/\/ellyt.eu\/","logo":{"@type":"ImageObject","inLanguage":"en-US","@id":"https:\/\/ellyt.eu\/#\/schema\/logo\/image\/","url":"https:\/\/mysnack.shop\/wp-content\/uploads\/2023\/09\/MySnack_logo.png","contentUrl":"https:\/\/mysnack.shop\/wp-content\/uploads\/2023\/09\/MySnack_logo.png","width":400,"height":148,"caption":"MySnack"},"image":{"@id":"https:\/\/ellyt.eu\/#\/schema\/logo\/image\/"},"sameAs":["https:\/\/www.facebook.com\/MySnack.ee\/","https:\/\/www.instagram.com\/mysnack_eesti\/"]}]}},"_links":{"self":[{"href":"https:\/\/ellyt.eu\/en\/wp-json\/wp\/v2\/product\/20899","targetHints":{"allow":["GET"]}}],"collection":[{"href":"https:\/\/ellyt.eu\/en\/wp-json\/wp\/v2\/product"}],"about":[{"href":"https:\/\/ellyt.eu\/en\/wp-json\/wp\/v2\/types\/product"}],"wp:featuredmedia":[{"embeddable":true,"href":"https:\/\/ellyt.eu\/en\/wp-json\/wp\/v2\/media\/22507"}],"wp:attachment":[{"href":"https:\/\/ellyt.eu\/en\/wp-json\/wp\/v2\/media?parent=20899"}],"wp:term":[{"taxonomy":"product_brand","embeddable":true,"href":"https:\/\/ellyt.eu\/en\/wp-json\/wp\/v2\/product_brand?post=20899"},{"taxonomy":"product_cat","embeddable":true,"href":"https:\/\/ellyt.eu\/en\/wp-json\/wp\/v2\/product_cat?post=20899"},{"taxonomy":"product_tag","embeddable":true,"href":"https:\/\/ellyt.eu\/en\/wp-json\/wp\/v2\/product_tag?post=20899"}],"curies":[{"name":"wp","href":"https:\/\/api.w.org\/{rel}","templated":true}]}}