{"id":23120,"date":"2024-06-03T18:28:11","date_gmt":"2024-06-03T15:28:11","guid":{"rendered":"https:\/\/mysnack.ee\/?post_type=product&#038;p=23120"},"modified":"2026-02-27T14:19:01","modified_gmt":"2026-02-27T12:19:01","slug":"dragon-fruit-fruit-bar","status":"publish","type":"product","link":"https:\/\/ellyt.eu\/en\/product\/draakonivili-puuviljabatoon\/","title":{"rendered":"100% dragon fruit bar 30g"},"content":{"rendered":"<div style=\"width: 1920px;\" class=\"wp-video\"><video class=\"wp-video-shortcode\" id=\"video-23120-1\" width=\"1920\" height=\"1080\" poster=\"https:\/\/ellyt.eu\/wp-content\/uploads\/2024\/06\/MySnack-draakonivili.jpg\" preload=\"metadata\" controls=\"controls\"><source type=\"video\/quicktime\" src=\"https:\/\/ellyt.eu\/wp-content\/uploads\/2024\/06\/draakonivili-kodukale.mov?_=1\" \/><a href=\"https:\/\/ellyt.eu\/wp-content\/uploads\/2024\/06\/draakonivili-kodukale.mov\">https:\/\/ellyt.eu\/wp-content\/uploads\/2024\/06\/draakonivili-kodukale.mov<\/a><\/video><\/div>\n<p>&nbsp;<\/p>\n<p><strong>Quantity:<\/strong> 30g<\/p>\n<p><strong>100 g of product contains on average:<\/strong><\/p>\n<table style=\"height: 206px;\" width=\"346\">\n<tbody>\n<tr>\n<td>Energy content<\/td>\n<td>351 kcal \/ 1468 kJ<\/td>\n<\/tr>\n<tr>\n<td>Fats<\/td>\n<td>4.6g<\/td>\n<\/tr>\n<tr>\n<td>\u00a0 \u00a0 of which saturated fatty acids<\/td>\n<td>0 g<\/td>\n<\/tr>\n<tr>\n<td>Carbohydrates<\/td>\n<td>67.7g<\/td>\n<\/tr>\n<tr>\n<td>\u00a0 \u00a0 of which sugars<\/td>\n<td>59.52g<\/td>\n<\/tr>\n<tr>\n<td>Fiber<\/td>\n<td>7.54 grams<\/td>\n<\/tr>\n<tr>\n<td>Proteins<\/td>\n<td>9.69g<\/td>\n<\/tr>\n<tr>\n<td>Salt<\/td>\n<td>0 g<\/td>\n<\/tr>\n<\/tbody>\n<\/table>\n<div id=\"accel-snackbar\" style=\"left: 50%; top: 50px;\"><\/div>","protected":false},"excerpt":{"rendered":"<p>Dragon fruit bars contain only ripe, sweet fruit and natural vitamins. A fruit bar is a good idea to throw in your bag for a moment when you want to take your mind off the sun and forget about everyday worries for a while. Dragon fruit, or pitaya, is rich in fiber and vitamins.<\/p>\n<p>All MySnack fruit bars are made according to our own recipes. There is not a single gram of concentrate or useless additives in the bars. They are made directly on or near our farms so that we do not have to transport half-picked fruits around the world. This way we can bring you the highest nutritional value of the fruits and reduce the harmful impact on the environment.<\/p>\n<ul>\n<li style=\"list-style-type: none;\">\n<ul>\n<li>High fiber content<\/li>\n<li>100 g of product contains 0.461 TP3T of the daily requirement of vitamin E and 0.261 TP3T of the daily requirement of calcium, 3.08 g of omega-6 fatty acids and 1.54 g of omega-9 fatty acids<\/li>\n<li>Without added sugar<\/li>\n<li>Naturally sweet, containing naturally occurring fruit sugar<\/li>\n<li>Sulfites-free<\/li>\n<li>Gluten-free<\/li>\n<li>360 g of ripe dragon fruit is used to make one bar<\/li>\n<li>Suitable for vegans<\/li>\n<\/ul>\n<\/li>\n<\/ul>\n<p><strong>Ingredients:<\/strong> dragon fruit 100%. Suitable for vegans.<\/p>\n<p>Keep cool and dry.<\/p>\n<div id=\"accel-snackbar\" style=\"left: 50%; top: 50px;\"><\/div>","protected":false},"featured_media":22675,"template":"","meta":{"inline_featured_image":false},"product_brand":[],"product_cat":[675],"product_tag":[],"class_list":{"0":"post-23120","1":"product","2":"type-product","3":"status-publish","4":"has-post-thumbnail","6":"product_cat-puuviljabatoonid","7":"pa_kogus-kast","8":"pa_kogus-tukk","9":"pa_sisaldab-mysnacki-farmist","10":"pa_sisaldab-vegan","12":"first","13":"instock","14":"taxable","15":"shipping-taxable","16":"purchasable","17":"product-type-variable","18":"has-default-attributes"},"yoast_head":"<!-- This site is optimized with the Yoast SEO plugin v27.1.1 - https:\/\/yoast.com\/product\/yoast-seo-wordpress\/ -->\n<title>100% draakonivilja puuviljabatoon 30g | Patuvabad sn\u00e4kid<\/title>\n<meta name=\"description\" content=\"100% draakonivilja puuviljabatoon on valmistatud p\u00e4ikesek\u00fcpsest draakoniviljast ehk pitaiast, millest leiab rohkelt kiudaineid ning vitamiine.\" \/>\n<meta name=\"robots\" content=\"index, follow, max-snippet:-1, max-image-preview:large, max-video-preview:-1\" \/>\n<link rel=\"canonical\" href=\"https:\/\/ellyt.eu\/en\/product-2\/dragon-fruit-fruit-bar\/\" \/>\n<meta property=\"og:locale\" content=\"en_US\" \/>\n<meta property=\"og:type\" content=\"article\" \/>\n<meta property=\"og:title\" content=\"100% draakonivilja puuviljabatoon 30g | Patuvabad sn\u00e4kid\" \/>\n<meta property=\"og:description\" content=\"100% draakonivilja puuviljabatoon on valmistatud p\u00e4ikesek\u00fcpsest draakoniviljast ehk pitaiast, millest leiab rohkelt kiudaineid ning vitamiine.\" \/>\n<meta property=\"og:url\" content=\"https:\/\/ellyt.eu\/en\/product-2\/dragon-fruit-fruit-bar\/\" \/>\n<meta property=\"og:site_name\" content=\"Ellyt\" \/>\n<meta property=\"article:publisher\" content=\"https:\/\/www.facebook.com\/MySnack.ee\/\" \/>\n<meta property=\"article:modified_time\" content=\"2026-02-27T12:19:01+00:00\" \/>\n<meta property=\"og:image\" content=\"https:\/\/ellyt.eu\/wp-content\/uploads\/2024\/05\/Draakoniviljabatoon.png\" \/>\n\t<meta property=\"og:image:width\" content=\"1080\" \/>\n\t<meta property=\"og:image:height\" content=\"1080\" \/>\n\t<meta property=\"og:image:type\" content=\"image\/png\" \/>\n<meta name=\"twitter:card\" content=\"summary_large_image\" \/>\n<meta name=\"twitter:label1\" content=\"Est. reading time\" \/>\n\t<meta name=\"twitter:data1\" content=\"1 minute\" \/>\n<script type=\"application\/ld+json\" class=\"yoast-schema-graph\">{\"@context\":\"https:\/\/schema.org\",\"@graph\":[{\"@type\":\"WebPage\",\"@id\":\"https:\/\/ellyt.eu\/toode\/draakonivili-puuviljabatoon\/\",\"url\":\"https:\/\/ellyt.eu\/toode\/draakonivili-puuviljabatoon\/\",\"name\":\"100% draakonivilja puuviljabatoon 30g | Patuvabad sn\u00e4kid\",\"isPartOf\":{\"@id\":\"https:\/\/ellyt.eu\/#website\"},\"primaryImageOfPage\":{\"@id\":\"https:\/\/ellyt.eu\/toode\/draakonivili-puuviljabatoon\/#primaryimage\"},\"image\":{\"@id\":\"https:\/\/ellyt.eu\/toode\/draakonivili-puuviljabatoon\/#primaryimage\"},\"thumbnailUrl\":\"https:\/\/ellyt.eu\/wp-content\/uploads\/2024\/05\/Draakoniviljabatoon.png\",\"datePublished\":\"2024-06-03T15:28:11+00:00\",\"dateModified\":\"2026-02-27T12:19:01+00:00\",\"description\":\"100% draakonivilja puuviljabatoon on valmistatud p\u00e4ikesek\u00fcpsest draakoniviljast ehk pitaiast, millest leiab rohkelt kiudaineid ning vitamiine.\",\"breadcrumb\":{\"@id\":\"https:\/\/ellyt.eu\/toode\/draakonivili-puuviljabatoon\/#breadcrumb\"},\"inLanguage\":\"en-US\",\"potentialAction\":[{\"@type\":\"ReadAction\",\"target\":[\"https:\/\/ellyt.eu\/toode\/draakonivili-puuviljabatoon\/\"]}]},{\"@type\":\"ImageObject\",\"inLanguage\":\"en-US\",\"@id\":\"https:\/\/ellyt.eu\/toode\/draakonivili-puuviljabatoon\/#primaryimage\",\"url\":\"https:\/\/ellyt.eu\/wp-content\/uploads\/2024\/05\/Draakoniviljabatoon.png\",\"contentUrl\":\"https:\/\/ellyt.eu\/wp-content\/uploads\/2024\/05\/Draakoniviljabatoon.png\",\"width\":1080,\"height\":1080,\"caption\":\"Draakonivilja puuviljabatoon\"},{\"@type\":\"BreadcrumbList\",\"@id\":\"https:\/\/ellyt.eu\/toode\/draakonivili-puuviljabatoon\/#breadcrumb\",\"itemListElement\":[{\"@type\":\"ListItem\",\"position\":1,\"name\":\"Esileht\",\"item\":\"https:\/\/ellyt.eu\/\"},{\"@type\":\"ListItem\",\"position\":2,\"name\":\"Pood\",\"item\":\"https:\/\/ellyt.eu\/pood\/\"},{\"@type\":\"ListItem\",\"position\":3,\"name\":\"100% draakonivilja puuviljabatoon 30g\"}]},{\"@type\":\"WebSite\",\"@id\":\"https:\/\/ellyt.eu\/#website\",\"url\":\"https:\/\/ellyt.eu\/\",\"name\":\"Ellyt\",\"description\":\"Ellyt E-Pood\",\"publisher\":{\"@id\":\"https:\/\/ellyt.eu\/#organization\"},\"potentialAction\":[{\"@type\":\"SearchAction\",\"target\":{\"@type\":\"EntryPoint\",\"urlTemplate\":\"https:\/\/ellyt.eu\/?s={search_term_string}\"},\"query-input\":{\"@type\":\"PropertyValueSpecification\",\"valueRequired\":true,\"valueName\":\"search_term_string\"}}],\"inLanguage\":\"en-US\"},{\"@type\":\"Organization\",\"@id\":\"https:\/\/ellyt.eu\/#organization\",\"name\":\"MySnack\",\"url\":\"https:\/\/ellyt.eu\/\",\"logo\":{\"@type\":\"ImageObject\",\"inLanguage\":\"en-US\",\"@id\":\"https:\/\/ellyt.eu\/#\/schema\/logo\/image\/\",\"url\":\"https:\/\/mysnack.shop\/wp-content\/uploads\/2023\/09\/MySnack_logo.png\",\"contentUrl\":\"https:\/\/mysnack.shop\/wp-content\/uploads\/2023\/09\/MySnack_logo.png\",\"width\":400,\"height\":148,\"caption\":\"MySnack\"},\"image\":{\"@id\":\"https:\/\/ellyt.eu\/#\/schema\/logo\/image\/\"},\"sameAs\":[\"https:\/\/www.facebook.com\/MySnack.ee\/\",\"https:\/\/www.instagram.com\/mysnack_eesti\/\"]}]}<\/script>\n<!-- \/ Yoast SEO plugin. -->","yoast_head_json":{"title":"100% dragon fruit fruit bar 30g | Sinless snacks","description":"100% dragon fruit fruit bar is made from sun-ripened dragon fruit, or pitaya, which is rich in fiber and vitamins.","robots":{"index":"index","follow":"follow","max-snippet":"max-snippet:-1","max-image-preview":"max-image-preview:large","max-video-preview":"max-video-preview:-1"},"canonical":"https:\/\/ellyt.eu\/en\/product-2\/dragon-fruit-fruit-bar\/","og_locale":"en_US","og_type":"article","og_title":"100% draakonivilja puuviljabatoon 30g | Patuvabad sn\u00e4kid","og_description":"100% draakonivilja puuviljabatoon on valmistatud p\u00e4ikesek\u00fcpsest draakoniviljast ehk pitaiast, millest leiab rohkelt kiudaineid ning vitamiine.","og_url":"https:\/\/ellyt.eu\/en\/product-2\/dragon-fruit-fruit-bar\/","og_site_name":"Ellyt","article_publisher":"https:\/\/www.facebook.com\/MySnack.ee\/","article_modified_time":"2026-02-27T12:19:01+00:00","og_image":[{"width":1080,"height":1080,"url":"https:\/\/ellyt.eu\/wp-content\/uploads\/2024\/05\/Draakoniviljabatoon.png","type":"image\/png"}],"twitter_card":"summary_large_image","twitter_misc":{"Est. reading time":"1 minute"},"schema":{"@context":"https:\/\/schema.org","@graph":[{"@type":"WebPage","@id":"https:\/\/ellyt.eu\/toode\/draakonivili-puuviljabatoon\/","url":"https:\/\/ellyt.eu\/toode\/draakonivili-puuviljabatoon\/","name":"100% dragon fruit fruit bar 30g | Sinless snacks","isPartOf":{"@id":"https:\/\/ellyt.eu\/#website"},"primaryImageOfPage":{"@id":"https:\/\/ellyt.eu\/toode\/draakonivili-puuviljabatoon\/#primaryimage"},"image":{"@id":"https:\/\/ellyt.eu\/toode\/draakonivili-puuviljabatoon\/#primaryimage"},"thumbnailUrl":"https:\/\/ellyt.eu\/wp-content\/uploads\/2024\/05\/Draakoniviljabatoon.png","datePublished":"2024-06-03T15:28:11+00:00","dateModified":"2026-02-27T12:19:01+00:00","description":"100% dragon fruit fruit bar is made from sun-ripened dragon fruit, or pitaya, which is rich in fiber and vitamins.","breadcrumb":{"@id":"https:\/\/ellyt.eu\/toode\/draakonivili-puuviljabatoon\/#breadcrumb"},"inLanguage":"en-US","potentialAction":[{"@type":"ReadAction","target":["https:\/\/ellyt.eu\/toode\/draakonivili-puuviljabatoon\/"]}]},{"@type":"ImageObject","inLanguage":"en-US","@id":"https:\/\/ellyt.eu\/toode\/draakonivili-puuviljabatoon\/#primaryimage","url":"https:\/\/ellyt.eu\/wp-content\/uploads\/2024\/05\/Draakoniviljabatoon.png","contentUrl":"https:\/\/ellyt.eu\/wp-content\/uploads\/2024\/05\/Draakoniviljabatoon.png","width":1080,"height":1080,"caption":"Draakonivilja puuviljabatoon"},{"@type":"BreadcrumbList","@id":"https:\/\/ellyt.eu\/toode\/draakonivili-puuviljabatoon\/#breadcrumb","itemListElement":[{"@type":"ListItem","position":1,"name":"Esileht","item":"https:\/\/ellyt.eu\/"},{"@type":"ListItem","position":2,"name":"Pood","item":"https:\/\/ellyt.eu\/pood\/"},{"@type":"ListItem","position":3,"name":"100% draakonivilja puuviljabatoon 30g"}]},{"@type":"WebSite","@id":"https:\/\/ellyt.eu\/#website","url":"https:\/\/ellyt.eu\/","name":"Ellyt","description":"Ellyt E-Shop","publisher":{"@id":"https:\/\/ellyt.eu\/#organization"},"potentialAction":[{"@type":"SearchAction","target":{"@type":"EntryPoint","urlTemplate":"https:\/\/ellyt.eu\/?s={search_term_string}"},"query-input":{"@type":"PropertyValueSpecification","valueRequired":true,"valueName":"search_term_string"}}],"inLanguage":"en-US"},{"@type":"Organization","@id":"https:\/\/ellyt.eu\/#organization","name":"MySnack","url":"https:\/\/ellyt.eu\/","logo":{"@type":"ImageObject","inLanguage":"en-US","@id":"https:\/\/ellyt.eu\/#\/schema\/logo\/image\/","url":"https:\/\/mysnack.shop\/wp-content\/uploads\/2023\/09\/MySnack_logo.png","contentUrl":"https:\/\/mysnack.shop\/wp-content\/uploads\/2023\/09\/MySnack_logo.png","width":400,"height":148,"caption":"MySnack"},"image":{"@id":"https:\/\/ellyt.eu\/#\/schema\/logo\/image\/"},"sameAs":["https:\/\/www.facebook.com\/MySnack.ee\/","https:\/\/www.instagram.com\/mysnack_eesti\/"]}]}},"_links":{"self":[{"href":"https:\/\/ellyt.eu\/en\/wp-json\/wp\/v2\/product\/23120","targetHints":{"allow":["GET"]}}],"collection":[{"href":"https:\/\/ellyt.eu\/en\/wp-json\/wp\/v2\/product"}],"about":[{"href":"https:\/\/ellyt.eu\/en\/wp-json\/wp\/v2\/types\/product"}],"wp:featuredmedia":[{"embeddable":true,"href":"https:\/\/ellyt.eu\/en\/wp-json\/wp\/v2\/media\/22675"}],"wp:attachment":[{"href":"https:\/\/ellyt.eu\/en\/wp-json\/wp\/v2\/media?parent=23120"}],"wp:term":[{"taxonomy":"product_brand","embeddable":true,"href":"https:\/\/ellyt.eu\/en\/wp-json\/wp\/v2\/product_brand?post=23120"},{"taxonomy":"product_cat","embeddable":true,"href":"https:\/\/ellyt.eu\/en\/wp-json\/wp\/v2\/product_cat?post=23120"},{"taxonomy":"product_tag","embeddable":true,"href":"https:\/\/ellyt.eu\/en\/wp-json\/wp\/v2\/product_tag?post=23120"}],"curies":[{"name":"wp","href":"https:\/\/api.w.org\/{rel}","templated":true}]}}