{"id":25115,"date":"2024-10-21T15:20:12","date_gmt":"2024-10-21T12:20:12","guid":{"rendered":"https:\/\/mysnack.ee\/?post_type=product&#038;p=25115"},"modified":"2024-11-27T14:46:43","modified_gmt":"2024-11-27T12:46:43","slug":"neli-kinkepakk-magus-kingitus-loodusest","status":"publish","type":"product","link":"https:\/\/ellyt.eu\/en\/product\/neli-kinkepakk-magus-kingitus-loodusest\/","title":{"rendered":"4 gift packs \u201cSweet gift from nature\u201d"},"content":{"rendered":"","protected":false},"excerpt":{"rendered":"<p>A truly sweet gift from nature! Four beautiful gift-wrapped packs, each containing a selection of juicy fruit bars (6 pieces per box).<\/p>\n<ul>\n<li>97% mango fruit bar 30g<\/li>\n<li>99% papaya fruit bar 30g<\/li>\n<li>95% passion fruit bar 30g<\/li>\n<li>99% jaka fruit bar 30g<\/li>\n<li>95% guava fruit bar 30g<\/li>\n<li>100% dragon fruit bar 30g<\/li>\n<\/ul>\n<p>Puuviljabatoonid sisaldavad vaid k\u00fcpseid magusaid vilju ja naturaalseid vitamiine. Me kuivatame puuvilju eritehnoloogia abil, mis suudab s\u00e4ilitada k\u00fcpsete viljade maksimaalse toitev\u00e4\u00e4rtuse.\u00a0 Puuviljabatooni on hea kotti pista, et turgutada keha ja vaimu enne t\u00e4htsaid \u00fclesandeid.<\/p>\n<p>All MySnack fruit bars are made according to our own recipes. There is not a single gram of concentrate or useless additives in the bars. They are made directly on or near our farms so that we do not have to transport half-picked fruits around the world. This way we can bring you the highest nutritional value of the fruits and reduce the harmful impact on the environment.<\/p>\n<ul>\n<li style=\"list-style-type: none;\">\n<ul>\n<li>Naturally sweet, containing naturally occurring fruit sugar<\/li>\n<li>Without added white sugar, some bars have at least cane sugar added, but max. 1.5g per bar!<\/li>\n<li>Gluten-free<\/li>\n<li>Our fruit may naturally darken over time in the packaging. This is due to the very minimal amount of sulfites, which we add only the necessary amount (0.01%) compared to the sulfites normally added, in order to keep the fruit bar fresh and prevent mold.<\/li>\n<\/ul>\n<\/li>\n<\/ul>\n<p>Toodet saab tellida ainult j\u00e4rele tulemisega kontorisse, kuna pakime nad ise k\u00e4sitsi hoole ja armastusega valmis kohapeal!<\/p>\n<p>Meie aadress on Siduri 9, Tallinn. Anna oma tulekust teada, helistades ette +372 5855 4410. Saad meile tulla t\u00f6\u00f6p\u00e4eviti 10.00-16.00 v\u00f5i muul ajal kokkuleppel.<\/p>","protected":false},"featured_media":25544,"template":"","meta":{"inline_featured_image":false},"product_brand":[],"product_cat":[687],"product_tag":[],"class_list":{"0":"post-25115","1":"product","2":"type-product","3":"status-publish","4":"has-post-thumbnail","6":"product_cat-kinkekarbid","7":"product_shipping_class-varsked-marjad","9":"first","10":"instock","11":"taxable","12":"shipping-taxable","13":"purchasable","14":"product-type-simple"},"yoast_head":"<!-- This site is optimized with the Yoast SEO plugin v27.1.1 - https:\/\/yoast.com\/product\/yoast-seo-wordpress\/ -->\n<title>4 kinkepakki &quot;Magus kingitus loodusest&quot; - Ellyt<\/title>\n<meta name=\"description\" content=\"Valik mahlaseid puuviljabatoone (karbis 4tk) kaunis kinkepakis. Puuviljabatoonid sisaldavad vaid k\u00fcpseid magusaid vilju ja naturaalseid vitamiine.\" \/>\n<meta name=\"robots\" content=\"index, follow, max-snippet:-1, max-image-preview:large, max-video-preview:-1\" \/>\n<link rel=\"canonical\" href=\"https:\/\/ellyt.eu\/en\/product-2\/neli-kinkepakk-magus-kingitus-loodusest\/\" \/>\n<meta property=\"og:locale\" content=\"en_US\" \/>\n<meta property=\"og:type\" content=\"article\" \/>\n<meta property=\"og:title\" content=\"4 kinkepakki &quot;Magus kingitus loodusest&quot; - Ellyt\" \/>\n<meta property=\"og:description\" content=\"Valik mahlaseid puuviljabatoone (karbis 4tk) kaunis kinkepakis. Puuviljabatoonid sisaldavad vaid k\u00fcpseid magusaid vilju ja naturaalseid vitamiine.\" \/>\n<meta property=\"og:url\" content=\"https:\/\/ellyt.eu\/en\/product-2\/neli-kinkepakk-magus-kingitus-loodusest\/\" \/>\n<meta property=\"og:site_name\" content=\"Ellyt\" \/>\n<meta property=\"article:publisher\" content=\"https:\/\/www.facebook.com\/MySnack.ee\/\" \/>\n<meta property=\"article:modified_time\" content=\"2024-11-27T12:46:43+00:00\" \/>\n<meta property=\"og:image\" content=\"https:\/\/ellyt.eu\/wp-content\/uploads\/2024\/10\/Kodulehele-tootepildid-2-800x800.png\" \/>\n\t<meta property=\"og:image:width\" content=\"800\" \/>\n\t<meta property=\"og:image:height\" content=\"800\" \/>\n\t<meta property=\"og:image:type\" content=\"image\/png\" \/>\n<meta name=\"twitter:card\" content=\"summary_large_image\" \/>\n<meta name=\"twitter:label1\" content=\"Est. reading time\" \/>\n\t<meta name=\"twitter:data1\" content=\"1 minute\" \/>\n<script type=\"application\/ld+json\" class=\"yoast-schema-graph\">{\"@context\":\"https:\/\/schema.org\",\"@graph\":[{\"@type\":\"WebPage\",\"@id\":\"https:\/\/ellyt.eu\/toode\/neli-kinkepakk-magus-kingitus-loodusest\/\",\"url\":\"https:\/\/ellyt.eu\/toode\/neli-kinkepakk-magus-kingitus-loodusest\/\",\"name\":\"4 kinkepakki \\\"Magus kingitus loodusest\\\" - Ellyt\",\"isPartOf\":{\"@id\":\"https:\/\/ellyt.eu\/#website\"},\"primaryImageOfPage\":{\"@id\":\"https:\/\/ellyt.eu\/toode\/neli-kinkepakk-magus-kingitus-loodusest\/#primaryimage\"},\"image\":{\"@id\":\"https:\/\/ellyt.eu\/toode\/neli-kinkepakk-magus-kingitus-loodusest\/#primaryimage\"},\"thumbnailUrl\":\"https:\/\/ellyt.eu\/wp-content\/uploads\/2024\/10\/Kodulehele-tootepildid-2.png\",\"datePublished\":\"2024-10-21T12:20:12+00:00\",\"dateModified\":\"2024-11-27T12:46:43+00:00\",\"description\":\"Valik mahlaseid puuviljabatoone (karbis 4tk) kaunis kinkepakis. Puuviljabatoonid sisaldavad vaid k\u00fcpseid magusaid vilju ja naturaalseid vitamiine.\",\"breadcrumb\":{\"@id\":\"https:\/\/ellyt.eu\/toode\/neli-kinkepakk-magus-kingitus-loodusest\/#breadcrumb\"},\"inLanguage\":\"en-US\",\"potentialAction\":[{\"@type\":\"ReadAction\",\"target\":[\"https:\/\/ellyt.eu\/toode\/neli-kinkepakk-magus-kingitus-loodusest\/\"]}]},{\"@type\":\"ImageObject\",\"inLanguage\":\"en-US\",\"@id\":\"https:\/\/ellyt.eu\/toode\/neli-kinkepakk-magus-kingitus-loodusest\/#primaryimage\",\"url\":\"https:\/\/ellyt.eu\/wp-content\/uploads\/2024\/10\/Kodulehele-tootepildid-2.png\",\"contentUrl\":\"https:\/\/ellyt.eu\/wp-content\/uploads\/2024\/10\/Kodulehele-tootepildid-2.png\",\"width\":1080,\"height\":1080,\"caption\":\"Kinkepakk Magus kingitus loodusest puuviljabatoonidega\"},{\"@type\":\"BreadcrumbList\",\"@id\":\"https:\/\/ellyt.eu\/toode\/neli-kinkepakk-magus-kingitus-loodusest\/#breadcrumb\",\"itemListElement\":[{\"@type\":\"ListItem\",\"position\":1,\"name\":\"Esileht\",\"item\":\"https:\/\/ellyt.eu\/\"},{\"@type\":\"ListItem\",\"position\":2,\"name\":\"Pood\",\"item\":\"https:\/\/ellyt.eu\/pood\/\"},{\"@type\":\"ListItem\",\"position\":3,\"name\":\"4 kinkepakki &#8220;Magus kingitus loodusest&#8221;\"}]},{\"@type\":\"WebSite\",\"@id\":\"https:\/\/ellyt.eu\/#website\",\"url\":\"https:\/\/ellyt.eu\/\",\"name\":\"Ellyt\",\"description\":\"Ellyt E-Pood\",\"publisher\":{\"@id\":\"https:\/\/ellyt.eu\/#organization\"},\"potentialAction\":[{\"@type\":\"SearchAction\",\"target\":{\"@type\":\"EntryPoint\",\"urlTemplate\":\"https:\/\/ellyt.eu\/?s={search_term_string}\"},\"query-input\":{\"@type\":\"PropertyValueSpecification\",\"valueRequired\":true,\"valueName\":\"search_term_string\"}}],\"inLanguage\":\"en-US\"},{\"@type\":\"Organization\",\"@id\":\"https:\/\/ellyt.eu\/#organization\",\"name\":\"MySnack\",\"url\":\"https:\/\/ellyt.eu\/\",\"logo\":{\"@type\":\"ImageObject\",\"inLanguage\":\"en-US\",\"@id\":\"https:\/\/ellyt.eu\/#\/schema\/logo\/image\/\",\"url\":\"https:\/\/mysnack.shop\/wp-content\/uploads\/2023\/09\/MySnack_logo.png\",\"contentUrl\":\"https:\/\/mysnack.shop\/wp-content\/uploads\/2023\/09\/MySnack_logo.png\",\"width\":400,\"height\":148,\"caption\":\"MySnack\"},\"image\":{\"@id\":\"https:\/\/ellyt.eu\/#\/schema\/logo\/image\/\"},\"sameAs\":[\"https:\/\/www.facebook.com\/MySnack.ee\/\",\"https:\/\/www.instagram.com\/mysnack_eesti\/\"]}]}<\/script>\n<!-- \/ Yoast SEO plugin. -->","yoast_head_json":{"title":"4 kinkepakki \"Magus kingitus loodusest\" - Ellyt","description":"Valik mahlaseid puuviljabatoone (karbis 4tk) kaunis kinkepakis. Puuviljabatoonid sisaldavad vaid k\u00fcpseid magusaid vilju ja naturaalseid vitamiine.","robots":{"index":"index","follow":"follow","max-snippet":"max-snippet:-1","max-image-preview":"max-image-preview:large","max-video-preview":"max-video-preview:-1"},"canonical":"https:\/\/ellyt.eu\/en\/product-2\/neli-kinkepakk-magus-kingitus-loodusest\/","og_locale":"en_US","og_type":"article","og_title":"4 kinkepakki \"Magus kingitus loodusest\" - Ellyt","og_description":"Valik mahlaseid puuviljabatoone (karbis 4tk) kaunis kinkepakis. Puuviljabatoonid sisaldavad vaid k\u00fcpseid magusaid vilju ja naturaalseid vitamiine.","og_url":"https:\/\/ellyt.eu\/en\/product-2\/neli-kinkepakk-magus-kingitus-loodusest\/","og_site_name":"Ellyt","article_publisher":"https:\/\/www.facebook.com\/MySnack.ee\/","article_modified_time":"2024-11-27T12:46:43+00:00","og_image":[{"width":800,"height":800,"url":"https:\/\/ellyt.eu\/wp-content\/uploads\/2024\/10\/Kodulehele-tootepildid-2-800x800.png","type":"image\/png"}],"twitter_card":"summary_large_image","twitter_misc":{"Est. reading time":"1 minute"},"schema":{"@context":"https:\/\/schema.org","@graph":[{"@type":"WebPage","@id":"https:\/\/ellyt.eu\/toode\/neli-kinkepakk-magus-kingitus-loodusest\/","url":"https:\/\/ellyt.eu\/toode\/neli-kinkepakk-magus-kingitus-loodusest\/","name":"4 kinkepakki \"Magus kingitus loodusest\" - Ellyt","isPartOf":{"@id":"https:\/\/ellyt.eu\/#website"},"primaryImageOfPage":{"@id":"https:\/\/ellyt.eu\/toode\/neli-kinkepakk-magus-kingitus-loodusest\/#primaryimage"},"image":{"@id":"https:\/\/ellyt.eu\/toode\/neli-kinkepakk-magus-kingitus-loodusest\/#primaryimage"},"thumbnailUrl":"https:\/\/ellyt.eu\/wp-content\/uploads\/2024\/10\/Kodulehele-tootepildid-2.png","datePublished":"2024-10-21T12:20:12+00:00","dateModified":"2024-11-27T12:46:43+00:00","description":"Valik mahlaseid puuviljabatoone (karbis 4tk) kaunis kinkepakis. Puuviljabatoonid sisaldavad vaid k\u00fcpseid magusaid vilju ja naturaalseid vitamiine.","breadcrumb":{"@id":"https:\/\/ellyt.eu\/toode\/neli-kinkepakk-magus-kingitus-loodusest\/#breadcrumb"},"inLanguage":"en-US","potentialAction":[{"@type":"ReadAction","target":["https:\/\/ellyt.eu\/toode\/neli-kinkepakk-magus-kingitus-loodusest\/"]}]},{"@type":"ImageObject","inLanguage":"en-US","@id":"https:\/\/ellyt.eu\/toode\/neli-kinkepakk-magus-kingitus-loodusest\/#primaryimage","url":"https:\/\/ellyt.eu\/wp-content\/uploads\/2024\/10\/Kodulehele-tootepildid-2.png","contentUrl":"https:\/\/ellyt.eu\/wp-content\/uploads\/2024\/10\/Kodulehele-tootepildid-2.png","width":1080,"height":1080,"caption":"Kinkepakk Magus kingitus loodusest puuviljabatoonidega"},{"@type":"BreadcrumbList","@id":"https:\/\/ellyt.eu\/toode\/neli-kinkepakk-magus-kingitus-loodusest\/#breadcrumb","itemListElement":[{"@type":"ListItem","position":1,"name":"Esileht","item":"https:\/\/ellyt.eu\/"},{"@type":"ListItem","position":2,"name":"Pood","item":"https:\/\/ellyt.eu\/pood\/"},{"@type":"ListItem","position":3,"name":"4 kinkepakki &#8220;Magus kingitus loodusest&#8221;"}]},{"@type":"WebSite","@id":"https:\/\/ellyt.eu\/#website","url":"https:\/\/ellyt.eu\/","name":"Ellyt","description":"Ellyt E-Shop","publisher":{"@id":"https:\/\/ellyt.eu\/#organization"},"potentialAction":[{"@type":"SearchAction","target":{"@type":"EntryPoint","urlTemplate":"https:\/\/ellyt.eu\/?s={search_term_string}"},"query-input":{"@type":"PropertyValueSpecification","valueRequired":true,"valueName":"search_term_string"}}],"inLanguage":"en-US"},{"@type":"Organization","@id":"https:\/\/ellyt.eu\/#organization","name":"MySnack","url":"https:\/\/ellyt.eu\/","logo":{"@type":"ImageObject","inLanguage":"en-US","@id":"https:\/\/ellyt.eu\/#\/schema\/logo\/image\/","url":"https:\/\/mysnack.shop\/wp-content\/uploads\/2023\/09\/MySnack_logo.png","contentUrl":"https:\/\/mysnack.shop\/wp-content\/uploads\/2023\/09\/MySnack_logo.png","width":400,"height":148,"caption":"MySnack"},"image":{"@id":"https:\/\/ellyt.eu\/#\/schema\/logo\/image\/"},"sameAs":["https:\/\/www.facebook.com\/MySnack.ee\/","https:\/\/www.instagram.com\/mysnack_eesti\/"]}]}},"_links":{"self":[{"href":"https:\/\/ellyt.eu\/en\/wp-json\/wp\/v2\/product\/25115","targetHints":{"allow":["GET"]}}],"collection":[{"href":"https:\/\/ellyt.eu\/en\/wp-json\/wp\/v2\/product"}],"about":[{"href":"https:\/\/ellyt.eu\/en\/wp-json\/wp\/v2\/types\/product"}],"wp:featuredmedia":[{"embeddable":true,"href":"https:\/\/ellyt.eu\/en\/wp-json\/wp\/v2\/media\/25544"}],"wp:attachment":[{"href":"https:\/\/ellyt.eu\/en\/wp-json\/wp\/v2\/media?parent=25115"}],"wp:term":[{"taxonomy":"product_brand","embeddable":true,"href":"https:\/\/ellyt.eu\/en\/wp-json\/wp\/v2\/product_brand?post=25115"},{"taxonomy":"product_cat","embeddable":true,"href":"https:\/\/ellyt.eu\/en\/wp-json\/wp\/v2\/product_cat?post=25115"},{"taxonomy":"product_tag","embeddable":true,"href":"https:\/\/ellyt.eu\/en\/wp-json\/wp\/v2\/product_tag?post=25115"}],"curies":[{"name":"wp","href":"https:\/\/api.w.org\/{rel}","templated":true}]}}