{"id":25179,"date":"2024-10-21T23:16:13","date_gmt":"2024-10-21T20:16:13","guid":{"rendered":"https:\/\/mysnack.ee\/?post_type=product&#038;p=25179"},"modified":"2025-09-25T11:31:25","modified_gmt":"2025-09-25T08:31:25","slug":"puuviljabatoonid-sussi-voi-kinkepaki-sisse","status":"publish","type":"product","link":"https:\/\/ellyt.eu\/en\/product\/puuviljabatoonid-sussi-voi-kinkepaki-sisse\/","title":{"rendered":"Fruit bars in a slipper or gift box"},"content":{"rendered":"","protected":false},"excerpt":{"rendered":"<p>Suurep\u00e4rane ja mugav viis t\u00e4ita enda \u00e4ran\u00e4gemise j\u00e4rgi kinkepakk, kus eriti magusaks ja meeldej\u00e4\u00e4vaks ampsuks on MySnacki puuviljabatoon.<\/p>\n<p>Kastit\u00e4is batoone (kokku 12tk) sisaldab 2x draakonivilja, 2x jaka, 2x mango, 2x guajaavi,, 2x passioni, 2x papaia 30g batoone.<\/p>\n<p>Puuviljabatoonid sisaldavad vaid k\u00fcpseid magusaid vilju ja naturaalseid vitamiine. Me kuivatame puuvilju eritehnoloogia abil, mis suudab s\u00e4ilitada k\u00fcpsete viljade maksimaalse toitev\u00e4\u00e4rtuse.\u00a0 Puuviljabatooni on hea kotti pista, et turgutada keha ja vaimu enne t\u00e4htsaid \u00fclesandeid.<\/p>\n<p>All MySnack fruit bars are made according to our own recipes. There is not a single gram of concentrate or useless additives in the bars. They are made directly on or near our farms so that we do not have to transport half-picked fruits around the world. This way we can bring you the highest nutritional value of the fruits and reduce the harmful impact on the environment.<\/p>\n<ul>\n<li style=\"list-style-type: none;\">\n<ul>\n<li>Without added white sugar, some bars have at least 1.5g of cane sugar added per bar!<\/li>\n<li>Naturally sweet, containing naturally occurring fruit sugar<\/li>\n<li>Gluten-free<\/li>\n<li>Our fruit may naturally darken over time in the packaging. This is due to the very minimal amount of sulfites, which we add only the necessary amount (0.01%) compared to the sulfites normally added, in order to keep the fruit bar fresh and prevent mold.<\/li>\n<\/ul>\n<\/li>\n<\/ul>\n<p>Toodet saab tellida ainult j\u00e4rele tulemisega kontorisse, kuna pakime nad ise k\u00e4sitsi hoole ja armastusega valmis kohapeal!<br \/>\nMeie aadress on Siduri 9, Tallinn. Anna oma tulekust teada, helistades ette +372 5855 4410. Tellimuse saad ette teavitades k\u00e4tte t\u00f6\u00f6p\u00e4eviti 10.00-16.00 v\u00f5i muul ajal kokkuleppel.<\/p>","protected":false},"featured_media":25541,"template":"","meta":{"inline_featured_image":false},"product_brand":[],"product_cat":[687],"product_tag":[],"class_list":{"0":"post-25179","1":"product","2":"type-product","3":"status-publish","4":"has-post-thumbnail","6":"product_cat-kinkekarbid","7":"product_shipping_class-varsked-marjad","9":"first","10":"instock","11":"taxable","12":"shipping-taxable","13":"purchasable","14":"product-type-simple"},"yoast_head":"<!-- This site is optimized with the Yoast SEO plugin v27.1.1 - https:\/\/yoast.com\/product\/yoast-seo-wordpress\/ -->\n<title>Puuviljabatoonid sussi v\u00f5i kinkepaki sisse - Ellyt<\/title>\n<meta name=\"description\" content=\"Kastit\u00e4is MySnack puuviljabatoone p\u00fchadeks! Tervislik magus amps kommi asemel sussi v\u00f5i kinkepaki sisse. Vali naturaalne, looduslik kingitus.\" \/>\n<meta name=\"robots\" content=\"index, follow, max-snippet:-1, max-image-preview:large, max-video-preview:-1\" \/>\n<link rel=\"canonical\" href=\"https:\/\/ellyt.eu\/en\/product-2\/puuviljabatoonid-sussi-voi-kinkepaki-sisse\/\" \/>\n<meta property=\"og:locale\" content=\"en_US\" \/>\n<meta property=\"og:type\" content=\"article\" \/>\n<meta property=\"og:title\" content=\"Puuviljabatoonid sussi v\u00f5i kinkepaki sisse - Ellyt\" \/>\n<meta property=\"og:description\" content=\"Kastit\u00e4is MySnack puuviljabatoone p\u00fchadeks! Tervislik magus amps kommi asemel sussi v\u00f5i kinkepaki sisse. Vali naturaalne, looduslik kingitus.\" \/>\n<meta property=\"og:url\" content=\"https:\/\/ellyt.eu\/en\/product-2\/puuviljabatoonid-sussi-voi-kinkepaki-sisse\/\" \/>\n<meta property=\"og:site_name\" content=\"Ellyt\" \/>\n<meta property=\"article:publisher\" content=\"https:\/\/www.facebook.com\/MySnack.ee\/\" \/>\n<meta property=\"article:modified_time\" content=\"2025-09-25T08:31:25+00:00\" \/>\n<meta property=\"og:image\" content=\"https:\/\/ellyt.eu\/wp-content\/uploads\/2024\/10\/Kodulehele-tootepildid-800x800.png\" \/>\n\t<meta property=\"og:image:width\" content=\"800\" \/>\n\t<meta property=\"og:image:height\" content=\"800\" \/>\n\t<meta property=\"og:image:type\" content=\"image\/png\" \/>\n<meta name=\"twitter:card\" content=\"summary_large_image\" \/>\n<meta name=\"twitter:label1\" content=\"Est. reading time\" \/>\n\t<meta name=\"twitter:data1\" content=\"1 minute\" \/>\n<script type=\"application\/ld+json\" class=\"yoast-schema-graph\">{\"@context\":\"https:\/\/schema.org\",\"@graph\":[{\"@type\":\"WebPage\",\"@id\":\"https:\/\/ellyt.eu\/toode\/puuviljabatoonid-sussi-voi-kinkepaki-sisse\/\",\"url\":\"https:\/\/ellyt.eu\/toode\/puuviljabatoonid-sussi-voi-kinkepaki-sisse\/\",\"name\":\"Puuviljabatoonid sussi v\u00f5i kinkepaki sisse - Ellyt\",\"isPartOf\":{\"@id\":\"https:\/\/ellyt.eu\/#website\"},\"primaryImageOfPage\":{\"@id\":\"https:\/\/ellyt.eu\/toode\/puuviljabatoonid-sussi-voi-kinkepaki-sisse\/#primaryimage\"},\"image\":{\"@id\":\"https:\/\/ellyt.eu\/toode\/puuviljabatoonid-sussi-voi-kinkepaki-sisse\/#primaryimage\"},\"thumbnailUrl\":\"https:\/\/ellyt.eu\/wp-content\/uploads\/2024\/10\/Kodulehele-tootepildid.png\",\"datePublished\":\"2024-10-21T20:16:13+00:00\",\"dateModified\":\"2025-09-25T08:31:25+00:00\",\"description\":\"Kastit\u00e4is MySnack puuviljabatoone p\u00fchadeks! Tervislik magus amps kommi asemel sussi v\u00f5i kinkepaki sisse. Vali naturaalne, looduslik kingitus.\",\"breadcrumb\":{\"@id\":\"https:\/\/ellyt.eu\/toode\/puuviljabatoonid-sussi-voi-kinkepaki-sisse\/#breadcrumb\"},\"inLanguage\":\"en-US\",\"potentialAction\":[{\"@type\":\"ReadAction\",\"target\":[\"https:\/\/ellyt.eu\/toode\/puuviljabatoonid-sussi-voi-kinkepaki-sisse\/\"]}]},{\"@type\":\"ImageObject\",\"inLanguage\":\"en-US\",\"@id\":\"https:\/\/ellyt.eu\/toode\/puuviljabatoonid-sussi-voi-kinkepaki-sisse\/#primaryimage\",\"url\":\"https:\/\/ellyt.eu\/wp-content\/uploads\/2024\/10\/Kodulehele-tootepildid.png\",\"contentUrl\":\"https:\/\/ellyt.eu\/wp-content\/uploads\/2024\/10\/Kodulehele-tootepildid.png\",\"width\":1080,\"height\":1080,\"caption\":\"Puuviljabatoonid sussi sisse v\u00f5i kinkepaki sisse\"},{\"@type\":\"BreadcrumbList\",\"@id\":\"https:\/\/ellyt.eu\/toode\/puuviljabatoonid-sussi-voi-kinkepaki-sisse\/#breadcrumb\",\"itemListElement\":[{\"@type\":\"ListItem\",\"position\":1,\"name\":\"Esileht\",\"item\":\"https:\/\/ellyt.eu\/\"},{\"@type\":\"ListItem\",\"position\":2,\"name\":\"Pood\",\"item\":\"https:\/\/ellyt.eu\/pood\/\"},{\"@type\":\"ListItem\",\"position\":3,\"name\":\"Puuviljabatoonid sussi v\u00f5i kinkepaki sisse\"}]},{\"@type\":\"WebSite\",\"@id\":\"https:\/\/ellyt.eu\/#website\",\"url\":\"https:\/\/ellyt.eu\/\",\"name\":\"Ellyt\",\"description\":\"Ellyt E-Pood\",\"publisher\":{\"@id\":\"https:\/\/ellyt.eu\/#organization\"},\"potentialAction\":[{\"@type\":\"SearchAction\",\"target\":{\"@type\":\"EntryPoint\",\"urlTemplate\":\"https:\/\/ellyt.eu\/?s={search_term_string}\"},\"query-input\":{\"@type\":\"PropertyValueSpecification\",\"valueRequired\":true,\"valueName\":\"search_term_string\"}}],\"inLanguage\":\"en-US\"},{\"@type\":\"Organization\",\"@id\":\"https:\/\/ellyt.eu\/#organization\",\"name\":\"MySnack\",\"url\":\"https:\/\/ellyt.eu\/\",\"logo\":{\"@type\":\"ImageObject\",\"inLanguage\":\"en-US\",\"@id\":\"https:\/\/ellyt.eu\/#\/schema\/logo\/image\/\",\"url\":\"https:\/\/mysnack.shop\/wp-content\/uploads\/2023\/09\/MySnack_logo.png\",\"contentUrl\":\"https:\/\/mysnack.shop\/wp-content\/uploads\/2023\/09\/MySnack_logo.png\",\"width\":400,\"height\":148,\"caption\":\"MySnack\"},\"image\":{\"@id\":\"https:\/\/ellyt.eu\/#\/schema\/logo\/image\/\"},\"sameAs\":[\"https:\/\/www.facebook.com\/MySnack.ee\/\",\"https:\/\/www.instagram.com\/mysnack_eesti\/\"]}]}<\/script>\n<!-- \/ Yoast SEO plugin. -->","yoast_head_json":{"title":"Puuviljabatoonid sussi v\u00f5i kinkepaki sisse - Ellyt","description":"Kastit\u00e4is MySnack puuviljabatoone p\u00fchadeks! Tervislik magus amps kommi asemel sussi v\u00f5i kinkepaki sisse. Vali naturaalne, looduslik kingitus.","robots":{"index":"index","follow":"follow","max-snippet":"max-snippet:-1","max-image-preview":"max-image-preview:large","max-video-preview":"max-video-preview:-1"},"canonical":"https:\/\/ellyt.eu\/en\/product-2\/puuviljabatoonid-sussi-voi-kinkepaki-sisse\/","og_locale":"en_US","og_type":"article","og_title":"Puuviljabatoonid sussi v\u00f5i kinkepaki sisse - Ellyt","og_description":"Kastit\u00e4is MySnack puuviljabatoone p\u00fchadeks! Tervislik magus amps kommi asemel sussi v\u00f5i kinkepaki sisse. Vali naturaalne, looduslik kingitus.","og_url":"https:\/\/ellyt.eu\/en\/product-2\/puuviljabatoonid-sussi-voi-kinkepaki-sisse\/","og_site_name":"Ellyt","article_publisher":"https:\/\/www.facebook.com\/MySnack.ee\/","article_modified_time":"2025-09-25T08:31:25+00:00","og_image":[{"width":800,"height":800,"url":"https:\/\/ellyt.eu\/wp-content\/uploads\/2024\/10\/Kodulehele-tootepildid-800x800.png","type":"image\/png"}],"twitter_card":"summary_large_image","twitter_misc":{"Est. reading time":"1 minute"},"schema":{"@context":"https:\/\/schema.org","@graph":[{"@type":"WebPage","@id":"https:\/\/ellyt.eu\/toode\/puuviljabatoonid-sussi-voi-kinkepaki-sisse\/","url":"https:\/\/ellyt.eu\/toode\/puuviljabatoonid-sussi-voi-kinkepaki-sisse\/","name":"Puuviljabatoonid sussi v\u00f5i kinkepaki sisse - Ellyt","isPartOf":{"@id":"https:\/\/ellyt.eu\/#website"},"primaryImageOfPage":{"@id":"https:\/\/ellyt.eu\/toode\/puuviljabatoonid-sussi-voi-kinkepaki-sisse\/#primaryimage"},"image":{"@id":"https:\/\/ellyt.eu\/toode\/puuviljabatoonid-sussi-voi-kinkepaki-sisse\/#primaryimage"},"thumbnailUrl":"https:\/\/ellyt.eu\/wp-content\/uploads\/2024\/10\/Kodulehele-tootepildid.png","datePublished":"2024-10-21T20:16:13+00:00","dateModified":"2025-09-25T08:31:25+00:00","description":"Kastit\u00e4is MySnack puuviljabatoone p\u00fchadeks! Tervislik magus amps kommi asemel sussi v\u00f5i kinkepaki sisse. Vali naturaalne, looduslik kingitus.","breadcrumb":{"@id":"https:\/\/ellyt.eu\/toode\/puuviljabatoonid-sussi-voi-kinkepaki-sisse\/#breadcrumb"},"inLanguage":"en-US","potentialAction":[{"@type":"ReadAction","target":["https:\/\/ellyt.eu\/toode\/puuviljabatoonid-sussi-voi-kinkepaki-sisse\/"]}]},{"@type":"ImageObject","inLanguage":"en-US","@id":"https:\/\/ellyt.eu\/toode\/puuviljabatoonid-sussi-voi-kinkepaki-sisse\/#primaryimage","url":"https:\/\/ellyt.eu\/wp-content\/uploads\/2024\/10\/Kodulehele-tootepildid.png","contentUrl":"https:\/\/ellyt.eu\/wp-content\/uploads\/2024\/10\/Kodulehele-tootepildid.png","width":1080,"height":1080,"caption":"Puuviljabatoonid sussi sisse v\u00f5i kinkepaki sisse"},{"@type":"BreadcrumbList","@id":"https:\/\/ellyt.eu\/toode\/puuviljabatoonid-sussi-voi-kinkepaki-sisse\/#breadcrumb","itemListElement":[{"@type":"ListItem","position":1,"name":"Esileht","item":"https:\/\/ellyt.eu\/"},{"@type":"ListItem","position":2,"name":"Pood","item":"https:\/\/ellyt.eu\/pood\/"},{"@type":"ListItem","position":3,"name":"Puuviljabatoonid sussi v\u00f5i kinkepaki sisse"}]},{"@type":"WebSite","@id":"https:\/\/ellyt.eu\/#website","url":"https:\/\/ellyt.eu\/","name":"Ellyt","description":"Ellyt E-Shop","publisher":{"@id":"https:\/\/ellyt.eu\/#organization"},"potentialAction":[{"@type":"SearchAction","target":{"@type":"EntryPoint","urlTemplate":"https:\/\/ellyt.eu\/?s={search_term_string}"},"query-input":{"@type":"PropertyValueSpecification","valueRequired":true,"valueName":"search_term_string"}}],"inLanguage":"en-US"},{"@type":"Organization","@id":"https:\/\/ellyt.eu\/#organization","name":"MySnack","url":"https:\/\/ellyt.eu\/","logo":{"@type":"ImageObject","inLanguage":"en-US","@id":"https:\/\/ellyt.eu\/#\/schema\/logo\/image\/","url":"https:\/\/mysnack.shop\/wp-content\/uploads\/2023\/09\/MySnack_logo.png","contentUrl":"https:\/\/mysnack.shop\/wp-content\/uploads\/2023\/09\/MySnack_logo.png","width":400,"height":148,"caption":"MySnack"},"image":{"@id":"https:\/\/ellyt.eu\/#\/schema\/logo\/image\/"},"sameAs":["https:\/\/www.facebook.com\/MySnack.ee\/","https:\/\/www.instagram.com\/mysnack_eesti\/"]}]}},"_links":{"self":[{"href":"https:\/\/ellyt.eu\/en\/wp-json\/wp\/v2\/product\/25179","targetHints":{"allow":["GET"]}}],"collection":[{"href":"https:\/\/ellyt.eu\/en\/wp-json\/wp\/v2\/product"}],"about":[{"href":"https:\/\/ellyt.eu\/en\/wp-json\/wp\/v2\/types\/product"}],"wp:featuredmedia":[{"embeddable":true,"href":"https:\/\/ellyt.eu\/en\/wp-json\/wp\/v2\/media\/25541"}],"wp:attachment":[{"href":"https:\/\/ellyt.eu\/en\/wp-json\/wp\/v2\/media?parent=25179"}],"wp:term":[{"taxonomy":"product_brand","embeddable":true,"href":"https:\/\/ellyt.eu\/en\/wp-json\/wp\/v2\/product_brand?post=25179"},{"taxonomy":"product_cat","embeddable":true,"href":"https:\/\/ellyt.eu\/en\/wp-json\/wp\/v2\/product_cat?post=25179"},{"taxonomy":"product_tag","embeddable":true,"href":"https:\/\/ellyt.eu\/en\/wp-json\/wp\/v2\/product_tag?post=25179"}],"curies":[{"name":"wp","href":"https:\/\/api.w.org\/{rel}","templated":true}]}}