{"id":1126,"date":"2020-10-09T13:22:29","date_gmt":"2020-10-09T10:22:29","guid":{"rendered":"https:\/\/mysnack.ee\/?page_id=1126"},"modified":"2024-06-06T10:32:09","modified_gmt":"2024-06-06T07:32:09","slug":"myyntiehdot","status":"publish","type":"page","link":"https:\/\/ellyt.eu\/fi\/muugitingimused\/","title":{"rendered":"Myyntiehdot"},"content":{"rendered":"<div class=\"wpb-content-wrapper\"><div class=\"vc_row wpb_row vc_row-fluid\"><div class=\"wpb_column vc_column_container vc_col-sm-12\"><div class=\"vc_column-inner\"><div class=\"wpb_wrapper\">\n\t<div class=\"wpb_text_column wpb_content_element\" >\n\t\t<div class=\"wpb_wrapper\">\n\t\t\t<h3>1. VERKKOKAUPPAN K\u00c4YTT\u00d6EHDOT<\/h3>\n<p>1.1. N\u00e4m\u00e4 k\u00e4ytt\u00f6ehdot koskevat Premium Brands O\u00dc:n hallinnoimasta verkkokaupasta (osoitteessa www.mysnack.ee) tilattuja tuotteita.<br \/>\n1.2. Myyntiehdot eiv\u00e4t ole ristiriidassa Virossa voimassa olevien lakien kanssa, ja niit\u00e4 on tarvittaessa t\u00e4ydennetty n\u00e4ill\u00e4 k\u00e4ytt\u00f6ehdoilla.<br \/>\n1.3. N\u00e4iden k\u00e4ytt\u00f6ehtojen lis\u00e4ksi asiakkaan ja palveluntarjoajan (Premium Brands O\u00dc) v\u00e4list\u00e4 suhdetta s\u00e4\u00e4telev\u00e4t hinnasto, k\u00e4yt\u00e4nt\u00f6 ja vakiintuneet hyv\u00e4t k\u00e4yt\u00e4nn\u00f6t.<br \/>\n1.4. Tekem\u00e4ll\u00e4 tilauksen ostoymp\u00e4rist\u00f6ss\u00e4 asiakas vahvistaa hyv\u00e4ksyv\u00e4ns\u00e4 k\u00e4ytt\u00f6ehdot ja sitoutuvansa noudattamaan niit\u00e4.<\/p>\n<h3>2. HINNASTO<\/h3>\n<p>2.1. Kaikki ostoymp\u00e4rist\u00f6ss\u00e4 myyt\u00e4vien tuotteiden hinnat ovat euroissa ja sis\u00e4lt\u00e4v\u00e4t arvonlis\u00e4veron (22%). Ostosymp\u00e4rist\u00f6ss\u00e4 ilmoitetut hinnat eiv\u00e4t sis\u00e4ll\u00e4 toimitus- ja\/tai kuljetuskustannuksia.<br \/>\n2.2. Toimituskulut n\u00e4kyv\u00e4t asiakkaalle ostoskorissa &quot;Siirry kassalle&quot; -painikkeen napsauttamisen j\u00e4lkeen. Toimitus on ILMAINEN yli 50 \u20ac:n ostoksille!<br \/>\n2.3. Premium Brands O\u00dc pid\u00e4tt\u00e4\u00e4 oikeuden hinnanmuutoksiin. Jos asiakas on tehnyt tilauksensa ennen hinnanmuutosten voimaantuloa, h\u00e4neen sovelletaan tilauksen tekohetkell\u00e4 laskulla n\u00e4kynytt\u00e4 hintaa.<br \/>\n2.4. Tarkempia tietoja toimitushinnoista l\u00f6ytyy ostoymp\u00e4rist\u00f6st\u00e4. Kaikki verkkokaupassa myyt\u00e4vien tuotteiden hinnat ovat euroissa.<\/p>\n<h3>3. OSTOSKORIN LIS\u00c4\u00c4MINEN JA TILAAMINEN<\/h3>\n<p>3.1 Valitse sinulle sopivat tuotteet ja lis\u00e4\u00e4 ne ostoskoriin. Voit tehd\u00e4 tilauksen vieraana (kertaostos, jossa tiedot tallennetaan vain yht\u00e4 ostosta varten) tai rekister\u00f6ityneen\u00e4 k\u00e4ytt\u00e4j\u00e4n\u00e4. Oletustilausm\u00e4\u00e4r\u00e4 on 1. Napsauta sitten MAKSAMINEN-painiketta. Kun olet t\u00e4ytt\u00e4nyt yhteystietolomakkeen, napsauta L\u00c4HET\u00c4 TILAUS -painiketta. Valitse sitten sinulle sopiva toimitus- ja maksutapa.<\/p>\n<p>Voit maksaa turvallisesti seuraavilla maksutavoilla:<\/p>\n<ul>\n<li>Viron pankkilinkit: Swedbank, SEB, Luminor, LHV, Coop Pank, Pocopay.<\/li>\n<li>Pankkisiirto<\/li>\n<\/ul>\n<p>Huom! Maksaessasi pankkilinkill\u00e4, muista klikata pankkisivulla olevaa &quot;Palaa kauppiaalle&quot; -painiketta.<\/p>\n<p>Maksut v\u00e4litt\u00e4\u00e4 Maksekeskus AS. Maksu tapahtuu verkkokaupan ulkopuolella turvallisessa ymp\u00e4rist\u00f6ss\u00e4 \u2013 pankkilinkill\u00e4 maksettaessa kyseisen pankin turvallisessa ymp\u00e4rist\u00f6ss\u00e4 ja luottokortilla maksettaessa Maksekeskus AS:n turvallisessa ymp\u00e4rist\u00f6ss\u00e4. Myyj\u00e4ll\u00e4 ei ole p\u00e4\u00e4sy\u00e4 asiakkaan pankki- ja luottokorttitietoihin. Sopimus tulee voimaan, kun maksettava summa on vastaanotettu verkkokaupan k\u00e4ytt\u00f6tilille.<\/p>\n<p>Premium Brands O\u00dc on henkil\u00f6tietojen rekisterinpit\u00e4j\u00e4 ja siirt\u00e4\u00e4 maksujen suorittamiseen tarvittavat henkil\u00f6tiedot valtuutetulle k\u00e4sittelij\u00e4lle Maksekeskus AS:lle.<\/p>\n<p>3.2. Asiakkaan ostoskori luodaan sill\u00e4 hetkell\u00e4, kun h\u00e4n napsauttaa &quot;Lis\u00e4\u00e4 ostoskoriin&quot; -painiketta.\u201c<br \/>\n3.3. Tuotteen lis\u00e4\u00e4minen ostoskoriin ei velvoita Asiakasta ostamaan sit\u00e4.<br \/>\n3.4. Viikonloppuna tehdyt tilaukset k\u00e4sitell\u00e4\u00e4n ensimm\u00e4isen\u00e4 arkip\u00e4iv\u00e4n\u00e4.<br \/>\n3.5. Ostoskorin tuotteet ovat saatavilla my\u00f6s muille asiakkaille, kunnes tilaus on vahvistettu.<br \/>\n3.6. Tilauksen tekemiseksi Asiakas napsauttaa \u201cL\u00e4het\u00e4 tilaus\u201d -painiketta.\u201d<br \/>\n3.7. Tilausta tehdess\u00e4\u00e4n Asiakas valitsee sopivan toimitustavan ja tarkistaa vastaanottajan maksajatietojen oikeellisuuden.<br \/>\n3.8. Asiakkaan ostamien tuotteiden sujuva toimitus riippuu tilauksessa annettujen tietojen oikeellisuudesta. Kun olet napsauttanut \u201cVahvista tilaus\u201d -painiketta, j\u00e4rjestelm\u00e4 luo laskun, joka voidaan maksaa v\u00e4litt\u00f6m\u00e4sti maksukeskuksen kautta.<\/p>\n<h3>4. TUOTTEIDEN TOIMITUS<\/h3>\n<p>4.1. Tilausta tehdess\u00e4\u00e4n Asiakas voi valita sopivan toimitustavan annetuista vaihtoehdoista.<br \/>\n4.1.1 Tavarat l\u00e4hetet\u00e4\u00e4n Viron sis\u00e4ll\u00e4 SmartPost- ja Omniva-pakettiautomaateilla.<br \/>\n4.2. Premium Brands O\u00dc sitoutuu ilmoittamaan asiakkaalle toimitusajan muutoksista mahdollisimman pian tiedon vastaanottamisen j\u00e4lkeen. Tavarat toimitetaan ostajalle yleens\u00e4 3\u20137 arkip\u00e4iv\u00e4n kuluessa maksun vastaanottamisesta.<br \/>\n4.3. Premium Brands O\u00dc on vastuussa tilatuista tavaroista niiden kuljetuksen aikana. Tavaran vahingoittumisen ja\/tai katoamisen riski siirtyy asiakkaalle siit\u00e4 hetkest\u00e4 l\u00e4htien, kun tavarat vastaanotetaan pakettiautomaatista.<br \/>\n4.4. Jos asiakas ei nouda tavaroita postiyhti\u00f6n m\u00e4\u00e4ritt\u00e4m\u00e4ss\u00e4 m\u00e4\u00e4r\u00e4ajassa, asiakas vastaa kaikista paketin palauttamiseen tai pitk\u00e4aikaiseen s\u00e4ilytykseen liittyvist\u00e4 kustannuksista sek\u00e4 muista mahdollisista kuluista.<br \/>\n4.5. Asiakas on vastuussa Premium Brands O\u00dc:lle antamiensa tietojen oikeellisuudesta. Jos asiakas on antanut virheellisi\u00e4 tai ep\u00e4tarkkoja tietoja eik\u00e4 siksi saa tavaraa, palveluntarjoaja ei ole vastuussa syntyneist\u00e4 ongelmista. Jos tavarat palautetaan Premium Brands O\u00dc:lle, Premium Brands O\u00dc l\u00e4hett\u00e4\u00e4 tavarat uudelleen, jos asiakas maksaa lis\u00e4postikulut. Jos asiakas ei maksa lis\u00e4postikuluja 7 p\u00e4iv\u00e4n kuluessa, tilaus peruuntuu ja asiakkaalle palautetaan rahat. Toimituskulut v\u00e4hennet\u00e4\u00e4n palautettavasta summasta.<\/p>\n<h3>5. TILAUKSEN PERUUTTAMINEN JA TUOTTEIDEN PALAUTUS<\/h3>\n<p>5.1. Premium Brands O\u00dc:ll\u00e4 on oikeus peruuttaa asiakkaan tilaus, jos laskua ei ole maksettu.<br \/>\n5.2. Premium Brands O\u00dc:ll\u00e4 on oikeus kielt\u00e4yty\u00e4 myym\u00e4st\u00e4 tavaroita asiakkaalle, jos tavarat ovat loppuneet varastosta eik\u00e4 niit\u00e4 voida tilata uudelleen. T\u00e4llaisessa tapauksessa Premium Brands O\u00dc ilmoittaa tilanteesta asiakkaalle v\u00e4litt\u00f6m\u00e4sti.<br \/>\n5.3. Premium Brands O\u00dc ei voi peruuttaa tilausta tavaroiden l\u00e4hett\u00e4misen j\u00e4lkeen.<br \/>\n5.4. Jos tavarat eiv\u00e4t sovi tai eiv\u00e4t vastaa asiakkaan odotuksia, h\u00e4nell\u00e4 on oikeus palauttaa ne 14 p\u00e4iv\u00e4n kuluessa tavaran vastaanottamisesta. Jos tuotteessa on virhe, on l\u00e4hetett\u00e4v\u00e4 vastaava kirje s\u00e4hk\u00f6postiosoitteeseen info@premiumbrands.ee. Palautettavien tavaroiden tulee olla vahingoittumattomia, k\u00e4ytt\u00e4m\u00e4tt\u00f6mi\u00e4, etiketeineen varustettuja, alkuper\u00e4ispakkauksessaan ja asianmukaisesti pakattuja. Palautettujen tavaroiden hinta palautetaan asiakkaan pankkitilille 14 kalenterip\u00e4iv\u00e4n kuluessa siit\u00e4 p\u00e4iv\u00e4st\u00e4, jona Premium Brands O\u00dc on vastaanottanut tavarat.<br \/>\n5.5. Palautuskulut ovat ostajan vastuulla, paitsi jos kyseess\u00e4 on viallinen tuote.<br \/>\n5.6. Jos Asiakas haluaa vaihtaa palautetun tuotteen toiseen tuotteeseen, Asiakas maksaa palautetun tuotteen toimituskulut. Premium Brands O\u00dc maksaa kertaluonteisen postimaksun uuden vaihdetun tuotteen postituksesta. Asiakas maksaa jokaisen seuraavan vaihdon.<\/p>\n\n\t\t<\/div>\n\t<\/div>\n<\/div><\/div><\/div><\/div>\n<\/div>","protected":false},"excerpt":{"rendered":"1. E-POE KASUTAJATINGIMUSED 1.1. K\u00e4esolevad kasutajatingimused kehtivad Premium Brands O\u00dc hallatavast e-poest (aadressil www.mysnack.ee) tellitud kaupadele. 1.2. M\u00fc\u00fcgitingimused ei ole","protected":false},"author":3,"featured_media":0,"parent":0,"menu_order":0,"comment_status":"closed","ping_status":"closed","template":"","meta":{"inline_featured_image":false,"footnotes":""},"class_list":["post-1126","page","type-page","status-publish","hentry"],"yoast_head":"<!-- This site is optimized with the Yoast SEO plugin v27.1.1 - https:\/\/yoast.com\/product\/yoast-seo-wordpress\/ -->\n<title>M\u00fc\u00fcgitingimused - Ellyt<\/title>\n<meta name=\"robots\" content=\"index, follow, max-snippet:-1, max-image-preview:large, max-video-preview:-1\" \/>\n<link rel=\"canonical\" href=\"https:\/\/ellyt.eu\/fi\/myyntiehdot\/\" \/>\n<meta property=\"og:locale\" content=\"fi_FI\" \/>\n<meta property=\"og:type\" content=\"article\" \/>\n<meta property=\"og:title\" content=\"M\u00fc\u00fcgitingimused - Ellyt\" \/>\n<meta property=\"og:url\" content=\"https:\/\/ellyt.eu\/fi\/myyntiehdot\/\" \/>\n<meta property=\"og:site_name\" content=\"Ellyt\" \/>\n<meta property=\"article:publisher\" content=\"https:\/\/www.facebook.com\/MySnack.ee\/\" \/>\n<meta property=\"article:modified_time\" content=\"2024-06-06T07:32:09+00:00\" \/>\n<meta property=\"og:image\" content=\"https:\/\/ellyt.eu\/wp-content\/uploads\/2024\/11\/Facebook-cover-pic-.png\" \/>\n\t<meta property=\"og:image:width\" content=\"1640\" \/>\n\t<meta property=\"og:image:height\" content=\"624\" \/>\n\t<meta property=\"og:image:type\" content=\"image\/png\" \/>\n<meta name=\"twitter:card\" content=\"summary_large_image\" \/>\n<meta name=\"twitter:label1\" content=\"Arvioitu lukuaika\" \/>\n\t<meta name=\"twitter:data1\" content=\"4 minuuttia\" \/>\n<script type=\"application\/ld+json\" class=\"yoast-schema-graph\">{\"@context\":\"https:\/\/schema.org\",\"@graph\":[{\"@type\":\"WebPage\",\"@id\":\"https:\/\/ellyt.eu\/muugitingimused\/\",\"url\":\"https:\/\/ellyt.eu\/muugitingimused\/\",\"name\":\"M\u00fc\u00fcgitingimused - Ellyt\",\"isPartOf\":{\"@id\":\"https:\/\/ellyt.eu\/#website\"},\"datePublished\":\"2020-10-09T10:22:29+00:00\",\"dateModified\":\"2024-06-06T07:32:09+00:00\",\"breadcrumb\":{\"@id\":\"https:\/\/ellyt.eu\/muugitingimused\/#breadcrumb\"},\"inLanguage\":\"fi\",\"potentialAction\":[{\"@type\":\"ReadAction\",\"target\":[\"https:\/\/ellyt.eu\/muugitingimused\/\"]}]},{\"@type\":\"BreadcrumbList\",\"@id\":\"https:\/\/ellyt.eu\/muugitingimused\/#breadcrumb\",\"itemListElement\":[{\"@type\":\"ListItem\",\"position\":1,\"name\":\"Esileht\",\"item\":\"https:\/\/ellyt.eu\/\"},{\"@type\":\"ListItem\",\"position\":2,\"name\":\"M\u00fc\u00fcgitingimused\"}]},{\"@type\":\"WebSite\",\"@id\":\"https:\/\/ellyt.eu\/#website\",\"url\":\"https:\/\/ellyt.eu\/\",\"name\":\"Ellyt\",\"description\":\"Ellyt E-Pood\",\"publisher\":{\"@id\":\"https:\/\/ellyt.eu\/#organization\"},\"potentialAction\":[{\"@type\":\"SearchAction\",\"target\":{\"@type\":\"EntryPoint\",\"urlTemplate\":\"https:\/\/ellyt.eu\/?s={search_term_string}\"},\"query-input\":{\"@type\":\"PropertyValueSpecification\",\"valueRequired\":true,\"valueName\":\"search_term_string\"}}],\"inLanguage\":\"fi\"},{\"@type\":\"Organization\",\"@id\":\"https:\/\/ellyt.eu\/#organization\",\"name\":\"MySnack\",\"url\":\"https:\/\/ellyt.eu\/\",\"logo\":{\"@type\":\"ImageObject\",\"inLanguage\":\"fi\",\"@id\":\"https:\/\/ellyt.eu\/#\/schema\/logo\/image\/\",\"url\":\"https:\/\/mysnack.shop\/wp-content\/uploads\/2023\/09\/MySnack_logo.png\",\"contentUrl\":\"https:\/\/mysnack.shop\/wp-content\/uploads\/2023\/09\/MySnack_logo.png\",\"width\":400,\"height\":148,\"caption\":\"MySnack\"},\"image\":{\"@id\":\"https:\/\/ellyt.eu\/#\/schema\/logo\/image\/\"},\"sameAs\":[\"https:\/\/www.facebook.com\/MySnack.ee\/\",\"https:\/\/www.instagram.com\/mysnack_eesti\/\"]}]}<\/script>\n<!-- \/ Yoast SEO plugin. -->","yoast_head_json":{"title":"Myyntiehdot - Ellyt","robots":{"index":"index","follow":"follow","max-snippet":"max-snippet:-1","max-image-preview":"max-image-preview:large","max-video-preview":"max-video-preview:-1"},"canonical":"https:\/\/ellyt.eu\/fi\/myyntiehdot\/","og_locale":"fi_FI","og_type":"article","og_title":"M\u00fc\u00fcgitingimused - Ellyt","og_url":"https:\/\/ellyt.eu\/fi\/myyntiehdot\/","og_site_name":"Ellyt","article_publisher":"https:\/\/www.facebook.com\/MySnack.ee\/","article_modified_time":"2024-06-06T07:32:09+00:00","og_image":[{"width":1640,"height":624,"url":"https:\/\/ellyt.eu\/wp-content\/uploads\/2024\/11\/Facebook-cover-pic-.png","type":"image\/png"}],"twitter_card":"summary_large_image","twitter_misc":{"Arvioitu lukuaika":"4 minuuttia"},"schema":{"@context":"https:\/\/schema.org","@graph":[{"@type":"WebPage","@id":"https:\/\/ellyt.eu\/muugitingimused\/","url":"https:\/\/ellyt.eu\/muugitingimused\/","name":"Myyntiehdot - Ellyt","isPartOf":{"@id":"https:\/\/ellyt.eu\/#website"},"datePublished":"2020-10-09T10:22:29+00:00","dateModified":"2024-06-06T07:32:09+00:00","breadcrumb":{"@id":"https:\/\/ellyt.eu\/muugitingimused\/#breadcrumb"},"inLanguage":"fi","potentialAction":[{"@type":"ReadAction","target":["https:\/\/ellyt.eu\/muugitingimused\/"]}]},{"@type":"BreadcrumbList","@id":"https:\/\/ellyt.eu\/muugitingimused\/#breadcrumb","itemListElement":[{"@type":"ListItem","position":1,"name":"Esileht","item":"https:\/\/ellyt.eu\/"},{"@type":"ListItem","position":2,"name":"M\u00fc\u00fcgitingimused"}]},{"@type":"WebSite","@id":"https:\/\/ellyt.eu\/#website","url":"https:\/\/ellyt.eu\/","name":"Ellyt","description":"Ellytin verkkokauppa","publisher":{"@id":"https:\/\/ellyt.eu\/#organization"},"potentialAction":[{"@type":"SearchAction","target":{"@type":"EntryPoint","urlTemplate":"https:\/\/ellyt.eu\/?s={search_term_string}"},"query-input":{"@type":"PropertyValueSpecification","valueRequired":true,"valueName":"search_term_string"}}],"inLanguage":"fi"},{"@type":"Organization","@id":"https:\/\/ellyt.eu\/#organization","name":"MySnack","url":"https:\/\/ellyt.eu\/","logo":{"@type":"ImageObject","inLanguage":"fi","@id":"https:\/\/ellyt.eu\/#\/schema\/logo\/image\/","url":"https:\/\/mysnack.shop\/wp-content\/uploads\/2023\/09\/MySnack_logo.png","contentUrl":"https:\/\/mysnack.shop\/wp-content\/uploads\/2023\/09\/MySnack_logo.png","width":400,"height":148,"caption":"MySnack"},"image":{"@id":"https:\/\/ellyt.eu\/#\/schema\/logo\/image\/"},"sameAs":["https:\/\/www.facebook.com\/MySnack.ee\/","https:\/\/www.instagram.com\/mysnack_eesti\/"]}]}},"_links":{"self":[{"href":"https:\/\/ellyt.eu\/fi\/wp-json\/wp\/v2\/pages\/1126","targetHints":{"allow":["GET"]}}],"collection":[{"href":"https:\/\/ellyt.eu\/fi\/wp-json\/wp\/v2\/pages"}],"about":[{"href":"https:\/\/ellyt.eu\/fi\/wp-json\/wp\/v2\/types\/page"}],"author":[{"embeddable":true,"href":"https:\/\/ellyt.eu\/fi\/wp-json\/wp\/v2\/users\/3"}],"replies":[{"embeddable":true,"href":"https:\/\/ellyt.eu\/fi\/wp-json\/wp\/v2\/comments?post=1126"}],"version-history":[{"count":2,"href":"https:\/\/ellyt.eu\/fi\/wp-json\/wp\/v2\/pages\/1126\/revisions"}],"predecessor-version":[{"id":23190,"href":"https:\/\/ellyt.eu\/fi\/wp-json\/wp\/v2\/pages\/1126\/revisions\/23190"}],"wp:attachment":[{"href":"https:\/\/ellyt.eu\/fi\/wp-json\/wp\/v2\/media?parent=1126"}],"curies":[{"name":"wp","href":"https:\/\/api.w.org\/{rel}","templated":true}]}}