{"id":18582,"date":"2023-09-14T13:40:37","date_gmt":"2023-09-14T10:40:37","guid":{"rendered":"https:\/\/mysnack.ee\/?page_id=18582"},"modified":"2025-12-02T16:31:19","modified_gmt":"2025-12-02T14:31:19","slug":"kampanjan-ehdot","status":"publish","type":"page","link":"https:\/\/ellyt.eu\/fi\/kampaaniatingimused\/","title":{"rendered":"Kampanjan ehdot"},"content":{"rendered":"<h3>Vietnamin matkailukampanja 2025<\/h3>\n<ol>\n<li>Kampanjan j\u00e4rjest\u00e4\u00e4 ja toteuttaa <strong>Premium Brands O\u00dc<\/strong> (Siduri 9, Tallinna 11313; j\u00e4ljemp\u00e4n\u00e4 j\u00e4rjest\u00e4j\u00e4).<\/li>\n<li>Kampanjaa toteutetaan\u00a0<strong>MySnack-verkkokauppa ja tuotteiden j\u00e4lleenmyyj\u00e4t<\/strong> myym\u00e4l\u00f6iss\u00e4 Virossa ja Suomessa.<\/li>\n<li>Kampanja-aika <strong>01.09.2025-15.12.2025 my\u00f6s pidennetty kampanja-aika. Uusi jakso 1.09.2025 \u2013 31.01.2026<\/strong><\/li>\n<li>Kampanja on avoin kaikille 14 vuotta t\u00e4ytt\u00e4neille asiakkaille, jotka eiv\u00e4t ole Premium Brands O\u00dc:n ty\u00f6ntekij\u00f6it\u00e4 tai heid\u00e4n perheenj\u00e4seni\u00e4\u00e4n. Jos alle 18-vuotias osallistuja voittaa p\u00e4\u00e4palkintomatkan Vietnamiin, h\u00e4nen on luovutettava palkinto v\u00e4hint\u00e4\u00e4n 18-vuotiaalle henkil\u00f6lle.<\/li>\n<li><strong>Osallistuaksesi kampanjaan<\/strong> Sinun on ostettava MySnack-tuotteita (j\u00e4ljemp\u00e4n\u00e4 kampanjatuote), skannattava tuotteen QR-koodi ja rekister\u00f6idytt\u00e4v\u00e4 kampanjaan osallistujaksi sy\u00f6tt\u00e4m\u00e4ll\u00e4 ostokuitin numero.<\/li>\n<li>Useita kampanjatuotteita ostettaessa ostosta pidet\u00e4\u00e4n yhten\u00e4 ostona ja asiakas osallistuu arvontaan yhdell\u00e4 rekister\u00f6itymisell\u00e4.<\/li>\n<li>Kampanjan osallistujan s\u00e4hk\u00f6postiosoite\u00a0<strong>lis\u00e4tty MySnack-uutiskirjeeseen<\/strong> vastaanottajaluettelon, josta osallistuja voi poistua milloin tahansa k\u00e4ytt\u00e4m\u00e4ll\u00e4 &quot;Peruuta tilaus&quot; -linkki\u00e4.<\/li>\n<li>Kampanjan j\u00e4rjest\u00e4j\u00e4\u00a0<strong>arvotaan joka viikko kaikkien rekister\u00f6ityneiden kesken yksi laatikollinen MySnack-tuotteita, kerran kuukaudessa yksi 100 euron arvoinen v\u00e4lipalalahjakortti ja kampanjan p\u00e4\u00e4tytty\u00e4 p\u00e4\u00e4palkintona on ilmainen 10 p\u00e4iv\u00e4n matka Vietnamiin MySnack-tiimin kanssa. <\/strong><\/li>\n<li><strong>MySnack-tuotteiden arvonnat ovat k\u00e4ynniss\u00e4 <\/strong>joka maanantai niiden kesken, jotka liittyiv\u00e4t kampanjaan viime viikolla. 100 euron v\u00e4lipalalahjoitusarvonnat suoritetaan joka kuukauden ensimm\u00e4isen\u00e4 tiistaina niiden kesken, jotka liittyiv\u00e4t kampanjaan viime kuussa. P\u00e4\u00e4palkinto, matka Vietnamiin, arvotaan 31.01.2026 ja 07.02.2026 v\u00e4lisen\u00e4 aikana.<\/li>\n<li>P\u00e4\u00e4palkintomatka Vietnamiin on ajoitettu maaliskuulle 2026. J\u00e4rjest\u00e4j\u00e4ll\u00e4 on oikeus muuttaa matkan ajankohtaa voittajan kanssa sopien, edellytt\u00e4en, ett\u00e4 muutos ei v\u00e4henn\u00e4 palkinnon sis\u00e4lt\u00f6\u00e4 tai arvoa.<\/li>\n<li>Saadakseen MySnack-tuotteita ja k\u00e4ytt\u00e4\u00e4kseen v\u00e4lipalahyvityst\u00e4 voittajalle l\u00e4hetet\u00e4\u00e4n s\u00e4hk\u00f6postitse yksil\u00f6llinen koodi, jota voi k\u00e4ytt\u00e4\u00e4 kerran j\u00e4rjest\u00e4j\u00e4n verkkokaupassa www.mysnack.shop.<br \/>\nJos v\u00e4lipalapalkinnon tilauksen summa ylitt\u00e4\u00e4 100 euroa, voittaja maksaa ylim\u00e4\u00e4r\u00e4isen summan tilauksen yhteydess\u00e4. J\u00e4rjest\u00e4j\u00e4 ottaa yhteytt\u00e4 p\u00e4\u00e4palkinnon voittajaan s\u00e4hk\u00f6postitse ja sopii henkil\u00f6kohtaisesti kaikista matkaan liittyvist\u00e4 yksityiskohdista.<\/li>\n<li>Palkintoja ei voi vaihtaa rahaksi eik\u00e4 korvata mill\u00e4\u00e4n muulla tuotteella.<\/li>\n<li>Voittajille ilmoitetaan kampanjaan rekister\u00f6itymisen yhteydess\u00e4 annettuun s\u00e4hk\u00f6postiosoitteeseen. Voittajien etunimi ja sukunimen ensimm\u00e4inen kirjain n\u00e4kyv\u00e4t my\u00f6s MySnack-kampanjan ehtojen sivulla 28.2.2026 asti.<\/li>\n<li>Palkinto my\u00f6nnet\u00e4\u00e4n voittajan ja kampanjan j\u00e4rjest\u00e4j\u00e4n v\u00e4lisell\u00e4 sopimuksella. Palkinnon lunastamiseksi voittajan on esitett\u00e4v\u00e4 j\u00e4rjest\u00e4j\u00e4lle MySnack-tuotteiden ostokuitti tai verkkokaupan tilausvahvistuskoodi.<\/li>\n<li>Kampanjan j\u00e4rjest\u00e4j\u00e4 m\u00e4\u00e4rittelee kampanjan toteuttamismenettelyn n\u00e4iss\u00e4 ehdoissa. Kaikki kampanjan j\u00e4rjest\u00e4j\u00e4n p\u00e4\u00e4t\u00f6kset kampanjan toteuttamisesta ovat lopullisia ja sitovia kaikille kampanjaan osallistujille.<\/li>\n<li>Osallistumalla kampanjaan kampanjan osallistuja suostuu henkil\u00f6tietojensa k\u00e4sittelyyn kampanjan puitteissa. Kampanjan j\u00e4rjest\u00e4j\u00e4 k\u00e4sittelee henkil\u00f6tietoja Viron tasavallan lains\u00e4\u00e4d\u00e4nn\u00f6n mukaisesti.<\/li>\n<li>Vietnamin-matkan voittaja suostuu siihen, ett\u00e4 j\u00e4rjest\u00e4j\u00e4 voi ottaa h\u00e4nest\u00e4 valokuvia ja videoita matkan aikana ja k\u00e4ytt\u00e4\u00e4 niit\u00e4 markkinointitarkoituksiin (mukaan lukien verkkosivuilla ja sosiaalisessa mediassa) ilman lis\u00e4maksua ja aikarajoitusta sovellettavien tietosuojavaatimusten mukaisesti.<\/li>\n<li>Matkan voittajan on otettava voimassa oleva sairausvakuutus omalla kustannuksellaan ennen matkaa. J\u00e4rjest\u00e4j\u00e4 ei ole vastuussa matkan aikana mahdollisesti sattuvista onnettomuuksista, terveysvammoista, omaisuusvahingoista tai muista odottamattomista tapahtumista.<\/li>\n<li>Kaikissa kampanjaan liittyviss\u00e4 kysymyksiss\u00e4 otathan yhteytt\u00e4 osoitteeseen marketing@premiumbrands.ee tai sales@premiumbrands.ee<\/li>\n<li><span style=\"font-size: revert; font-family: var(--wd-text-font); font-style: var(--wd-text-font-style);\">J\u00e4rjest\u00e4j\u00e4ll\u00e4 on oikeus yksipuolisesti lopettaa kampanja ennenaikaisesti, olla arvomatta palkintoja ja\/tai luovuttamatta niit\u00e4 voittajille ilmoittamalla siit\u00e4 v\u00e4litt\u00f6m\u00e4sti kampanjan osallistujille verkkosivuston kautta tai muulla sopivalla tavalla.<\/span><\/li>\n<\/ol>\n<h4>Kampanjan v\u00e4lipalkintojen voittajiin otetaan yhteytt\u00e4 my\u00f6s henkil\u00f6kohtaisesti s\u00e4hk\u00f6postitse.<\/h4>\n<p><strong>Syyskuun hernev\u00e4lipalalaatikon voittajat:<\/strong><\/p>\n<ol>\n<li>Kulli M.<\/li>\n<li>Eeva S.<\/li>\n<li>Kristi J.<\/li>\n<li>Anne M.<\/li>\n<\/ol>\n<p><strong>Syyskuun 100 euron v\u00e4lipalalahjakortin voittaja:<\/strong><\/p>\n<hr \/>\n<h3>Arpajaiskampanja \u201c100 \u20ac v\u00e4lipalalahja\u201d<\/h3>\n<ol>\n<li>Kampanjan j\u00e4rjest\u00e4\u00e4 ja toteuttaa Premium Brands O\u00dc (Siduri 9, Tallinna 11313; j\u00e4ljemp\u00e4n\u00e4 j\u00e4rjest\u00e4j\u00e4).<\/li>\n<li>Kampanjaa toteutetaan\u00a0<strong>MySnack-verkkokauppa\u00a0<\/strong>ja\u00a0<strong>tuotteiden j\u00e4lleenmyyj\u00e4t <\/strong>myym\u00e4l\u00f6iss\u00e4 Virossa, Latviassa, Liettuassa ja Suomessa.<\/li>\n<li>Kampanja-aika\u00a0<strong>15.05.2023-31.12.2025 my\u00f6s.<\/strong><\/li>\n<li>Kampanjaan voivat osallistua kaikki 14 vuotta t\u00e4ytt\u00e4neet asiakkaat, jotka eiv\u00e4t ole Premium Brands O\u00dc:n ty\u00f6ntekij\u00f6it\u00e4 tai heid\u00e4n perheenj\u00e4seni\u00e4\u00e4n.<\/li>\n<li><strong>Osallistuaksesi kampanjaan<\/strong> Sinun on ostettava MySnack-tuotteita (j\u00e4ljemp\u00e4n\u00e4 kampanjatuote), skannattava tuotteen QR-koodi ja rekister\u00f6idytt\u00e4v\u00e4 kampanjaan osallistujaksi.<\/li>\n<li>Useita kampanjatuotteita ostettaessa ostosta pidet\u00e4\u00e4n yhten\u00e4 ostona ja asiakas osallistuu arvontaan yhdell\u00e4 rekister\u00f6itymisell\u00e4.<\/li>\n<li>Kampanjan osallistujan s\u00e4hk\u00f6postiosoite\u00a0<strong>lis\u00e4tty MySnack \u201cGood Taste\u201d -uutiskirjeeseen<\/strong> vastaanottajaluettelon, josta osallistuja voi poistua milloin tahansa k\u00e4ytt\u00e4m\u00e4ll\u00e4 &quot;Peruuta tilaus&quot; -linkki\u00e4.<\/li>\n<li>Kampanjan j\u00e4rjest\u00e4j\u00e4\u00a0<strong>tasapelit<\/strong>\u00a0Yksi 100 euron arvoinen v\u00e4lipalalahjakortti kuukaudessa kaikkien ilmoittautuneiden kesken.<\/li>\n<li>V\u00e4lipalalahjoituksen k\u00e4ytt\u00e4miseksi voittajalle l\u00e4hetet\u00e4\u00e4n yksil\u00f6llinen koodi, jota voi k\u00e4ytt\u00e4\u00e4 kerran j\u00e4rjest\u00e4j\u00e4n verkkokaupassa www.mysnack.shop.<br \/>\nJos tilauksen loppusumma ylitt\u00e4\u00e4 100 euroa, voittaja maksaa ylim\u00e4\u00e4r\u00e4isen summan tilauksen yhteydess\u00e4.<\/li>\n<li>Palkintoja ei voi vaihtaa rahaksi eik\u00e4 korvata mill\u00e4\u00e4n muulla tuotteella.<\/li>\n<li>Palkinto\u00a0<strong>arpajaiset ovat k\u00e4ynniss\u00e4<\/strong>\u00a0jokaisen kuukauden ensimm\u00e4isen\u00e4 tiistaina edellisen kuukauden kampanjan osallistujien v\u00e4lill\u00e4.<\/li>\n<li>Voittajille ilmoitetaan kampanjaan rekister\u00f6itymisen yhteydess\u00e4 annettuun s\u00e4hk\u00f6postiosoitteeseen. Voittajien etunimi ja sukunimen ensimm\u00e4inen kirjain n\u00e4kyv\u00e4t my\u00f6s MySnack-kampanjan k\u00e4ytt\u00f6ehdoissa 31.1.2024 asti.<\/li>\n<li>Palkintojen toimitus tapahtuu voittajan ja kampanjan j\u00e4rjest\u00e4j\u00e4n v\u00e4lisell\u00e4 sopimuksella.<\/li>\n<li>Kampanjan j\u00e4rjest\u00e4j\u00e4 m\u00e4\u00e4rittelee kampanjan toteuttamismenettelyn n\u00e4iss\u00e4 ehdoissa. Kaikki kampanjan j\u00e4rjest\u00e4j\u00e4n p\u00e4\u00e4t\u00f6kset kampanjan toteuttamisesta ovat lopullisia ja sitovia kaikille kampanjaan osallistujille.<\/li>\n<li>Osallistumalla kampanjaan kampanjan osallistuja suostuu henkil\u00f6tietojensa k\u00e4sittelyyn kampanjan puitteissa. Kampanjan j\u00e4rjest\u00e4j\u00e4 k\u00e4sittelee henkil\u00f6tietoja Viron tasavallan lains\u00e4\u00e4d\u00e4nn\u00f6n mukaisesti.<\/li>\n<li>Kaikissa kampanjaan liittyviss\u00e4 kysymyksiss\u00e4 otathan yhteytt\u00e4 osoitteeseen marketing@premiumbrands.ee.<\/li>\n<\/ol>\n<p>J\u00e4rjest\u00e4j\u00e4ll\u00e4 on oikeus yksipuolisesti lopettaa kampanja ennenaikaisesti, olla arvomatta palkintoja ja\/tai luovuttamatta niit\u00e4 voittajille ilmoittamalla siit\u00e4 v\u00e4litt\u00f6m\u00e4sti kampanjan osallistujille verkkosivuston kautta tai muulla sopivalla tavalla.<\/p>\n<h4>Kampanjan voittajat (voittajiin otetaan yhteytt\u00e4):<\/h4>\n<p>Toukokuun v\u00e4lipalalahjan voittaja on Villem<br \/>\nKes\u00e4kuun v\u00e4lipalalahjakortin voittaja on Kati (katiar\u2026@gmail.com)<br \/>\nHein\u00e4kuun v\u00e4lipalalahjakortin voittaja on Eha (ehak\u2026.@gmail.com)<br \/>\nLokakuun v\u00e4lipalalahjakortin voittaja on Elisabeth (elis\u2026.@gmail.com)<br \/>\nMarraskuun v\u00e4lipalalahjakortin voittaja on G\u00e4tlin (g\u00e4tl\u2026.@gmail.com)<br \/>\nJoulukuun 2024 v\u00e4lipalalahjakortin voittaja on Martin (matu\u2026@gmail.com)<br \/>\nTammikuun 2025 v\u00e4lipalalahjakortin voittaja on Joosep (joos\u2026@gmail.com)<br \/>\nHelmikuun 2025 v\u00e4lipalalahjakortin voittaja on Hugo (hug\u2026@gmail.com)<br \/>\nMaaliskuun 2025 v\u00e4lipalalahjakortin voittaja on Ly (lym\u2026@gmail.com)<br \/>\nHuhtikuun 2025 v\u00e4lipalalahjakortin voittaja on Aino (aino\u2026@gmail.com)<br \/>\nToukokuun 2025 v\u00e4lipalalahjakortin voittaja on Mihkel (mihk\u2026@gmail.com)<\/p>\n<hr \/>\n<h3>Grossi-ruokakauppojen \u201cLahjatarve\u201d<\/h3>\n<ol>\n<li>Kampanjan j\u00e4rjest\u00e4\u00e4 ja toteuttaa Premium Brands O\u00dc (Siduri 9, Tallinna 11313; j\u00e4ljemp\u00e4n\u00e4 j\u00e4rjest\u00e4j\u00e4).<\/li>\n<li>Kampanjaa toteutetaan\u00a0<strong>Tukkumyyntituotteet<\/strong> myym\u00e4l\u00f6iss\u00e4 ymp\u00e4ri Viroa.<\/li>\n<li>Kampanja-aika\u00a0<strong>14.04.2023-11.05.2023 my\u00f6s.<\/strong><\/li>\n<li>Kampanjaan voivat osallistua kaikki 14 vuotta t\u00e4ytt\u00e4neet asiakkaat, jotka eiv\u00e4t ole Premium Brands O\u00dc:n ty\u00f6ntekij\u00f6it\u00e4 tai heid\u00e4n perheenj\u00e4seni\u00e4\u00e4n.<\/li>\n<li><strong>Osallistuaksesi kampanjaan<\/strong> Sinun on ostettava Tao Kae Noi Tempura Original -merilev\u00e4\u00e4 (j\u00e4ljemp\u00e4n\u00e4 kampanjatuote) Grossi Toidupoed -myym\u00e4l\u00f6ist\u00e4, skannattava myym\u00e4l\u00e4n kampanjajulisteen QR-koodi ja rekister\u00f6idytt\u00e4v\u00e4 kampanjaan osallistujaksi.<\/li>\n<li>Useita kampanjatuotteita ostettaessa ostosta pidet\u00e4\u00e4n yhten\u00e4 ostona ja asiakas osallistuu arvontaan yhdell\u00e4 rekister\u00f6itymisell\u00e4.<\/li>\n<li>Kampanjan j\u00e4rjest\u00e4j\u00e4\u00a0<strong>tasapelit<\/strong> Yksi v\u00e4hint\u00e4\u00e4n 50 euron arvoinen lahjakassi* arvotaan joka viikko (nelj\u00e4n viikon ajan) kaikkien ilmoittautuneiden kesken.<\/li>\n<li>Palkintoja ei voi vaihtaa rahaksi eik\u00e4 korvata mill\u00e4\u00e4n muulla tuotteella.<\/li>\n<li>Palkinto\u00a0<strong>arpajaiset ovat k\u00e4ynniss\u00e4<\/strong>: 20.04; 27.04; 04.05; 12.05.2023.<\/li>\n<li>Voittajille ilmoitetaan kampanjaan rekister\u00f6itymisen yhteydess\u00e4 annettuun s\u00e4hk\u00f6postiosoitteeseen. Voittajien etunimi ja sukunimen ensimm\u00e4inen kirjain n\u00e4kyv\u00e4t my\u00f6s MySnack-kampanjan k\u00e4ytt\u00f6ehdoissa 16.6.2023 asti.<\/li>\n<li>Palkintojen toimitus tapahtuu voittajan ja kampanjan j\u00e4rjest\u00e4j\u00e4n v\u00e4lisell\u00e4 sopimuksella.<\/li>\n<li>Kampanjan j\u00e4rjest\u00e4j\u00e4 m\u00e4\u00e4rittelee kampanjan toteuttamismenettelyn n\u00e4iss\u00e4 ehdoissa. Kaikki kampanjan j\u00e4rjest\u00e4j\u00e4n p\u00e4\u00e4t\u00f6kset kampanjan toteuttamisesta ovat lopullisia ja sitovia kaikille kampanjaan osallistujille.<\/li>\n<li>Osallistumalla kampanjaan kampanjan osallistuja suostuu henkil\u00f6tietojensa k\u00e4sittelyyn kampanjan puitteissa. Kampanjan j\u00e4rjest\u00e4j\u00e4 k\u00e4sittelee henkil\u00f6tietoja Viron tasavallan lains\u00e4\u00e4d\u00e4nn\u00f6n mukaisesti.<\/li>\n<li>Kaikissa kampanjaan liittyviss\u00e4 kysymyksiss\u00e4 otathan yhteytt\u00e4 osoitteeseen marketing@mysnack.ee.<\/li>\n<li>J\u00e4rjest\u00e4j\u00e4ll\u00e4 on oikeus yksipuolisesti lopettaa kampanja ennenaikaisesti, olla arvomatta palkintoja ja\/tai luovuttamatta niit\u00e4 voittajille ilmoittamalla siit\u00e4 v\u00e4litt\u00f6m\u00e4sti kampanjan osallistujille verkkosivuston kautta tai muulla sopivalla tavalla.<\/li>\n<\/ol>\n<p><em>*Lahjakassi sis\u00e4lt\u00e4\u00e4 muun muassa erilaisia elintarvikkeita ja kulutustavaroita, jotka voivat vaihdella vastaavan tuotteen sis\u00e4ll\u00e4.<\/em><\/p>\n<h4>Kampanjan voittajat<\/h4>\n<p>20.04.2023 kampanjan voittaja on Mari-Liis M.<br \/>\n27.04.2023 kampanjan voittaja on Martin H.<br \/>\n04.05.2023 -kampanjan voittaja on Katja Jekaterina<br \/>\n11.05.2023 kampanjan voittaja on Helena L.<\/p>\n<p>Voittajiin otetaan yhteytt\u00e4 s\u00e4hk\u00f6postitse.<\/p>\n<hr \/>\n<h4>Alennuskoodit ja kupongit alennuskoodeilla<\/h4>\n<ol>\n<li>Alennuskoodilla varustetut kupongit ovat voimassa 2 viikkoa* alennuskoodin vastaanottamisesta, ellei toisin mainita.<\/li>\n<li>Alennuskoodia ei voi yhdist\u00e4\u00e4 toiseen alennuskoodiin.<\/li>\n<li>Alennuskoodi ei koske alennettuja tuotteita.<\/li>\n<li>Alennuskoodi ei koske lahjapakkauksia eik\u00e4 suklaakuohuviinej\u00e4.<\/li>\n<\/ol>\n<p>Jos sinulla on kysytt\u00e4v\u00e4\u00e4 muista alennuskupongeista, ota yhteytt\u00e4 osoitteeseen marketing@mysnack.ee.<\/p>\n<p>*Kalev Span perhep\u00e4iv\u00e4n\u00e4 (11.-12.03.2023) jaetussa alennuskuponissa ilmoitettu alennus on voimassa 30.06.2023 asti.<\/p>","protected":false},"excerpt":{"rendered":"<p>Vietnamin matkailukampanja 2025 Kampanjan j\u00e4rjest\u00e4\u00e4 ja toteuttaa Premium Brands O\u00dc (Siduri 9, Tallinna 11313; j\u00e4ljemp\u00e4n\u00e4 j\u00e4rjest\u00e4j\u00e4). Kampanjan toteuttaa<\/p>","protected":false},"author":4286,"featured_media":0,"parent":0,"menu_order":0,"comment_status":"closed","ping_status":"closed","template":"","meta":{"inline_featured_image":false,"footnotes":""},"class_list":["post-18582","page","type-page","status-publish","hentry"],"yoast_head":"<!-- This site is optimized with the Yoast SEO plugin v27.1.1 - https:\/\/yoast.com\/product\/yoast-seo-wordpress\/ -->\n<title>Kampaaniatingimused - Ellyt<\/title>\n<meta name=\"robots\" content=\"index, follow, max-snippet:-1, max-image-preview:large, max-video-preview:-1\" \/>\n<link rel=\"canonical\" href=\"https:\/\/ellyt.eu\/fi\/kampanjan-ehdot\/\" \/>\n<meta property=\"og:locale\" content=\"fi_FI\" \/>\n<meta property=\"og:type\" content=\"article\" \/>\n<meta property=\"og:title\" content=\"Kampaaniatingimused - Ellyt\" \/>\n<meta property=\"og:description\" content=\"Vietnami reisikampaania 2025 Kampaania korraldab ja viib l\u00e4bi Premium Brands O\u00dc ( Siduri 9, Tallinn 11313; edaspidi korraldaja). Kampaania viiakse\" \/>\n<meta property=\"og:url\" content=\"https:\/\/ellyt.eu\/fi\/kampanjan-ehdot\/\" \/>\n<meta property=\"og:site_name\" content=\"Ellyt\" \/>\n<meta property=\"article:publisher\" content=\"https:\/\/www.facebook.com\/MySnack.ee\/\" \/>\n<meta property=\"article:modified_time\" content=\"2025-12-02T14:31:19+00:00\" \/>\n<meta property=\"og:image\" content=\"https:\/\/ellyt.eu\/wp-content\/uploads\/2024\/11\/Facebook-cover-pic-.png\" \/>\n\t<meta property=\"og:image:width\" content=\"1640\" \/>\n\t<meta property=\"og:image:height\" content=\"624\" \/>\n\t<meta property=\"og:image:type\" content=\"image\/png\" \/>\n<meta name=\"twitter:card\" content=\"summary_large_image\" \/>\n<meta name=\"twitter:label1\" content=\"Arvioitu lukuaika\" \/>\n\t<meta name=\"twitter:data1\" content=\"7 minuuttia\" \/>\n<script type=\"application\/ld+json\" class=\"yoast-schema-graph\">{\"@context\":\"https:\/\/schema.org\",\"@graph\":[{\"@type\":\"WebPage\",\"@id\":\"https:\/\/ellyt.eu\/kampaaniatingimused\/\",\"url\":\"https:\/\/ellyt.eu\/kampaaniatingimused\/\",\"name\":\"Kampaaniatingimused - Ellyt\",\"isPartOf\":{\"@id\":\"https:\/\/ellyt.eu\/#website\"},\"datePublished\":\"2023-09-14T10:40:37+00:00\",\"dateModified\":\"2025-12-02T14:31:19+00:00\",\"breadcrumb\":{\"@id\":\"https:\/\/ellyt.eu\/kampaaniatingimused\/#breadcrumb\"},\"inLanguage\":\"fi\",\"potentialAction\":[{\"@type\":\"ReadAction\",\"target\":[\"https:\/\/ellyt.eu\/kampaaniatingimused\/\"]}]},{\"@type\":\"BreadcrumbList\",\"@id\":\"https:\/\/ellyt.eu\/kampaaniatingimused\/#breadcrumb\",\"itemListElement\":[{\"@type\":\"ListItem\",\"position\":1,\"name\":\"Esileht\",\"item\":\"https:\/\/ellyt.eu\/\"},{\"@type\":\"ListItem\",\"position\":2,\"name\":\"Kampaaniatingimused\"}]},{\"@type\":\"WebSite\",\"@id\":\"https:\/\/ellyt.eu\/#website\",\"url\":\"https:\/\/ellyt.eu\/\",\"name\":\"Ellyt\",\"description\":\"Ellyt E-Pood\",\"publisher\":{\"@id\":\"https:\/\/ellyt.eu\/#organization\"},\"potentialAction\":[{\"@type\":\"SearchAction\",\"target\":{\"@type\":\"EntryPoint\",\"urlTemplate\":\"https:\/\/ellyt.eu\/?s={search_term_string}\"},\"query-input\":{\"@type\":\"PropertyValueSpecification\",\"valueRequired\":true,\"valueName\":\"search_term_string\"}}],\"inLanguage\":\"fi\"},{\"@type\":\"Organization\",\"@id\":\"https:\/\/ellyt.eu\/#organization\",\"name\":\"MySnack\",\"url\":\"https:\/\/ellyt.eu\/\",\"logo\":{\"@type\":\"ImageObject\",\"inLanguage\":\"fi\",\"@id\":\"https:\/\/ellyt.eu\/#\/schema\/logo\/image\/\",\"url\":\"https:\/\/mysnack.shop\/wp-content\/uploads\/2023\/09\/MySnack_logo.png\",\"contentUrl\":\"https:\/\/mysnack.shop\/wp-content\/uploads\/2023\/09\/MySnack_logo.png\",\"width\":400,\"height\":148,\"caption\":\"MySnack\"},\"image\":{\"@id\":\"https:\/\/ellyt.eu\/#\/schema\/logo\/image\/\"},\"sameAs\":[\"https:\/\/www.facebook.com\/MySnack.ee\/\",\"https:\/\/www.instagram.com\/mysnack_eesti\/\"]}]}<\/script>\n<!-- \/ Yoast SEO plugin. -->","yoast_head_json":{"title":"Kampanjan ehdot - Ellyt","robots":{"index":"index","follow":"follow","max-snippet":"max-snippet:-1","max-image-preview":"max-image-preview:large","max-video-preview":"max-video-preview:-1"},"canonical":"https:\/\/ellyt.eu\/fi\/kampanjan-ehdot\/","og_locale":"fi_FI","og_type":"article","og_title":"Kampaaniatingimused - Ellyt","og_description":"Vietnami reisikampaania 2025 Kampaania korraldab ja viib l\u00e4bi Premium Brands O\u00dc ( Siduri 9, Tallinn 11313; edaspidi korraldaja). Kampaania viiakse","og_url":"https:\/\/ellyt.eu\/fi\/kampanjan-ehdot\/","og_site_name":"Ellyt","article_publisher":"https:\/\/www.facebook.com\/MySnack.ee\/","article_modified_time":"2025-12-02T14:31:19+00:00","og_image":[{"width":1640,"height":624,"url":"https:\/\/ellyt.eu\/wp-content\/uploads\/2024\/11\/Facebook-cover-pic-.png","type":"image\/png"}],"twitter_card":"summary_large_image","twitter_misc":{"Arvioitu lukuaika":"7 minuuttia"},"schema":{"@context":"https:\/\/schema.org","@graph":[{"@type":"WebPage","@id":"https:\/\/ellyt.eu\/kampaaniatingimused\/","url":"https:\/\/ellyt.eu\/kampaaniatingimused\/","name":"Kampanjan ehdot - Ellyt","isPartOf":{"@id":"https:\/\/ellyt.eu\/#website"},"datePublished":"2023-09-14T10:40:37+00:00","dateModified":"2025-12-02T14:31:19+00:00","breadcrumb":{"@id":"https:\/\/ellyt.eu\/kampaaniatingimused\/#breadcrumb"},"inLanguage":"fi","potentialAction":[{"@type":"ReadAction","target":["https:\/\/ellyt.eu\/kampaaniatingimused\/"]}]},{"@type":"BreadcrumbList","@id":"https:\/\/ellyt.eu\/kampaaniatingimused\/#breadcrumb","itemListElement":[{"@type":"ListItem","position":1,"name":"Esileht","item":"https:\/\/ellyt.eu\/"},{"@type":"ListItem","position":2,"name":"Kampaaniatingimused"}]},{"@type":"WebSite","@id":"https:\/\/ellyt.eu\/#website","url":"https:\/\/ellyt.eu\/","name":"Ellyt","description":"Ellytin verkkokauppa","publisher":{"@id":"https:\/\/ellyt.eu\/#organization"},"potentialAction":[{"@type":"SearchAction","target":{"@type":"EntryPoint","urlTemplate":"https:\/\/ellyt.eu\/?s={search_term_string}"},"query-input":{"@type":"PropertyValueSpecification","valueRequired":true,"valueName":"search_term_string"}}],"inLanguage":"fi"},{"@type":"Organization","@id":"https:\/\/ellyt.eu\/#organization","name":"MySnack","url":"https:\/\/ellyt.eu\/","logo":{"@type":"ImageObject","inLanguage":"fi","@id":"https:\/\/ellyt.eu\/#\/schema\/logo\/image\/","url":"https:\/\/mysnack.shop\/wp-content\/uploads\/2023\/09\/MySnack_logo.png","contentUrl":"https:\/\/mysnack.shop\/wp-content\/uploads\/2023\/09\/MySnack_logo.png","width":400,"height":148,"caption":"MySnack"},"image":{"@id":"https:\/\/ellyt.eu\/#\/schema\/logo\/image\/"},"sameAs":["https:\/\/www.facebook.com\/MySnack.ee\/","https:\/\/www.instagram.com\/mysnack_eesti\/"]}]}},"_links":{"self":[{"href":"https:\/\/ellyt.eu\/fi\/wp-json\/wp\/v2\/pages\/18582","targetHints":{"allow":["GET"]}}],"collection":[{"href":"https:\/\/ellyt.eu\/fi\/wp-json\/wp\/v2\/pages"}],"about":[{"href":"https:\/\/ellyt.eu\/fi\/wp-json\/wp\/v2\/types\/page"}],"author":[{"embeddable":true,"href":"https:\/\/ellyt.eu\/fi\/wp-json\/wp\/v2\/users\/4286"}],"replies":[{"embeddable":true,"href":"https:\/\/ellyt.eu\/fi\/wp-json\/wp\/v2\/comments?post=18582"}],"version-history":[{"count":15,"href":"https:\/\/ellyt.eu\/fi\/wp-json\/wp\/v2\/pages\/18582\/revisions"}],"predecessor-version":[{"id":29128,"href":"https:\/\/ellyt.eu\/fi\/wp-json\/wp\/v2\/pages\/18582\/revisions\/29128"}],"wp:attachment":[{"href":"https:\/\/ellyt.eu\/fi\/wp-json\/wp\/v2\/media?parent=18582"}],"curies":[{"name":"wp","href":"https:\/\/api.w.org\/{rel}","templated":true}]}}