{"id":3,"date":"2019-06-26T09:26:03","date_gmt":"2019-06-26T06:26:03","guid":{"rendered":"https:\/\/mysnack.code4u.ee\/?page_id=3"},"modified":"2024-03-21T13:35:47","modified_gmt":"2024-03-21T11:35:47","slug":"tietosuojakaytanto","status":"publish","type":"page","link":"https:\/\/ellyt.eu\/fi\/privaatsustingimused\/","title":{"rendered":"Tietosuojak\u00e4yt\u00e4nt\u00f6"},"content":{"rendered":"<div class=\"wpb-content-wrapper\"><div class=\"vc_row wpb_row vc_row-fluid\"><div class=\"wpb_column vc_column_container vc_col-sm-12\"><div class=\"vc_column-inner\"><div class=\"wpb_wrapper\">\n\t<div class=\"wpb_text_column wpb_content_element\" >\n\t\t<div class=\"wpb_wrapper\">\n\t\t\t<h3>TIETOSUOJAEHDOT<\/h3>\n<p style=\"margin-bottom: 8px;\">1. Kaikkia asiakkaan henkil\u00f6tietoja, jotka tulevat tietoon www.mysnack.ee-sivustolla vierailun ja ostosten tekemisen aikana, k\u00e4sitell\u00e4\u00e4n luottamuksellisina tietoina. Premium Brands O\u00dc sitoutuu olemaan luovuttamatta asiakkaan henkil\u00f6tietoja kolmansille osapuolille. Yritys k\u00e4ytt\u00e4\u00e4 asiakkaan henkil\u00f6tietoja tilattujen tuotteiden l\u00e4hett\u00e4miseen asiakkaalle tai tilaukseen liittyvien kysymysten ratkaisemiseen. Asiakkaalla on oikeus vaatia tietojensa poistamista yrityksen tietokannasta.<\/p>\n<p style=\"margin-bottom: 8px;\">1.1. Premium Brands O\u00dc ei ole vastuussa tilattujen tuotteiden virheellisest\u00e4 k\u00e4yt\u00f6st\u00e4 aiheutuvista vahingoista eik\u00e4 toimituksen viiv\u00e4stymisest\u00e4, jos se johtuu Premium Brands O\u00dc:n vaikutusmahdollisuuksien ulkopuolella olevista olosuhteista ja\/tai ylivoimaisesta esteest\u00e4.<\/p>\n<p style=\"margin-bottom: 8px;\">1.2. Premium Brands O\u00dc ei korvaa asiakkaalle n\u00e4iden ehtojen puitteissa toimitusaikojen, hintojen ja muiden ehtojen muutoksista mahdollisesti aiheutuvaa henkist\u00e4 vahinkoa.<\/p>\n<p style=\"margin-bottom: 8px;\">1.3. Premium Brands O\u00dc ei korvaa asiakkaalle menetettyj\u00e4 tilaisuuksia, jotka johtuvat toimitusaikojen, hintojen ja muiden ehtojen muutoksista.<\/p>\n<p style=\"margin-bottom: 8px;\">1.4. Osapuolet ratkaisevat n\u00e4iden ehtojen t\u00e4ytt\u00e4misest\u00e4 johtuvat erimielisyydet ja riidat ensisijaisesti neuvottelemalla. Jos myyntisopimuksesta johtuvia riitoja ei voida ratkaista osapuolten v\u00e4lisill\u00e4 neuvotteluilla, asiakkaalla ja\/tai Premium Brands O\u00dc:ll\u00e4 on oikeus k\u00e4\u00e4nty\u00e4 oikeuksiensa suojaamiseksi asianomaisen valtion viranomaisen ja\/tai tuomioistuimen puoleen.<\/p>\n<p>1.5. Verkkosivustolla ilmoitetut lahjapakkausten hinnat ovat voimassa enint\u00e4\u00e4n 10 pakkauksen tilauksille.<\/p>\n<p>&nbsp;<\/p>\n<h3>2. ASIAKKAAN HENKIL\u00d6TIETOJEN K\u00c4SITTELYN PERIAATTEET<\/h3>\n<p style=\"margin-bottom: 8px;\">2.1 Premium brands O\u00dc k\u00e4sittelee Asiakkaan toimittamia henkil\u00f6tietoja Euroopan unionin ja kansallisen lains\u00e4\u00e4d\u00e4nn\u00f6n vaatimusten mukaisesti.<\/p>\n<p style=\"margin-bottom: 8px;\">2.2 Asiakkaan henkil\u00f6tietojen rekisterinpit\u00e4j\u00e4 on Premium Brands O\u00dc, rekisterinumero 12472885, osoite R\u00e4vala pst 19-70, Tallinna, Harjun maakunta, 10143.<\/p>\n<p style=\"margin-bottom: 8px;\">2.3 K\u00e4sitelt\u00e4v\u00e4t henkil\u00f6tiedot ovat tietoja, joita asiakkaalta pyydet\u00e4\u00e4n tilin rekister\u00f6innin ja\/tai tilauksen tekemisen ja toteuttamisen yhteydess\u00e4.<\/p>\n<p style=\"margin-bottom: 8px;\">2.4 Premium Brands O\u00dc:n k\u00e4sittelem\u00e4t henkil\u00f6tiedot ovat:<\/p>\n<p style=\"margin-bottom: 6px; padding-left: 40px;\"><span style=\"font-size: 90%;\">2.4.1 Asiakkaan etu- ja sukunimi, k\u00e4ytt\u00e4j\u00e4tunnus, yhteystiedot (s\u00e4hk\u00f6postiosoite, puhelinnumero, osoite, pankkitilin numero, k\u00e4ytt\u00e4j\u00e4kieli jne.);<\/span><\/p>\n<p style=\"margin-bottom: 6px; padding-left: 40px;\"><span style=\"font-size: 90%;\">2.4.2 Yrityksen tiedot (nimi, osoite, rekisterinumero jne.);<\/span><\/p>\n<p style=\"margin-bottom: 6px; padding-left: 40px;\"><span style=\"font-size: 90%;\">2.4.3 Tilaushistoria ja tilaustiedot;<\/span><\/p>\n<p style=\"margin-bottom: 6px; padding-left: 40px;\"><span style=\"font-size: 90%;\">2.4.4 Tiedot k\u00e4ytetyist\u00e4 palveluista ja asiakastyytyv\u00e4isyydest\u00e4 sek\u00e4 valituksiin liittyv\u00e4t tiedot;<\/span><\/p>\n<p style=\"margin-bottom: 8px;\">2.5 Kaikki Asiakkaan toimittamat ja Tilauksen toteuttamiseksi tarvittavat lis\u00e4tiedot (lukuun ottamatta arkaluonteisia henkil\u00f6tietoja), mukaan lukien Premium Brands O\u00dc:n oikeus tallentaa Asiakkaan kaikkien viestint\u00e4v\u00e4lineiden (esim. puhelin ja tietokoneverkko) kautta antamat tilaukset Tilauksiin liittyvien tarvittavien toimintojen varmistamiseksi (toimitusosoite, Tilauksen vastaanottajan yhteystiedot jne.).<\/p>\n<p style=\"margin-bottom: 8px;\">2.6 Asiakkaan julkaisemien henkil\u00f6tietojen lis\u00e4ksi Premium Brands O\u00dc:ll\u00e4 on oikeus tarkistaa ja tarvittaessa t\u00e4ydent\u00e4\u00e4 asiakkaan henkil\u00f6tietoja julkisista l\u00e4hteist\u00e4 ja muista laillisesti saatavilla olevista l\u00e4hteist\u00e4 saaduilla tiedoilla.<\/p>\n<p style=\"margin-bottom: 8px;\">2.7 Asiakkaan henkil\u00f6tietojen k\u00e4sittelyn p\u00e4\u00e4asialliset tarkoitukset ovat:<\/p>\n<p style=\"margin-bottom: 6px; padding-left: 40px;\"><span style=\"font-size: 90%;\">2.7.1 Tilausten vastaanottaminen (mukaan lukien tilaukseen liittyvien tietojen toimittaminen);<\/span><\/p>\n<p style=\"margin-bottom: 6px; padding-left: 40px;\"><span style=\"font-size: 90%;\">2.7.2 Asiakkaan tuotteiden toimittamiseen ja palveluiden tarjoamiseen liittyvien velvoitteiden t\u00e4ytt\u00e4minen;<\/span><\/p>\n<p style=\"margin-bottom: 6px; padding-left: 40px;\"><span style=\"font-size: 90%;\">2.7.3 Tuotteiden toimitus;<\/span><\/p>\n<p style=\"margin-bottom: 6px; padding-left: 40px;\"><span style=\"font-size: 90%;\">2.7.4 Asiakkaan kanssa kommunikointi ja tuote- ja palvelutarjousten tarjoaminen;<\/span><\/p>\n<p style=\"margin-bottom: 6px; padding-left: 40px;\"><span style=\"font-size: 90%;\">2.7.5 Asiakkaan maksuvelvoitteiden t\u00e4ytt\u00e4misen varmistaminen;<\/span><\/p>\n<p style=\"margin-bottom: 6px; padding-left: 40px;\"><span style=\"font-size: 90%;\">2.7.6 Asiakaskuntien hallinta ja analysointi palveluiden ja tuotteiden saatavuuden ja laadun parantamiseksi sek\u00e4 yksil\u00f6llisten tarjousten tekemiseksi asiakkaalle;<\/span><\/p>\n<p style=\"margin-bottom: 6px; padding-left: 40px;\"><span style=\"font-size: 90%;\">2.7.7 Asiakastyytyv\u00e4isyyskyselyiden tekeminen.<\/span><\/p>\n<p style=\"margin-bottom: 8px;\">2.8 Jos Asiakas on ilmaissut halunsa vastaanottaa Premium Brands O\u00dc:n uutiskirjeit\u00e4 ja\/tai henkil\u00f6kohtaisia tarjouksia, Asiakkaalla on oikeus milloin tahansa kielt\u00e4yty\u00e4 niist\u00e4 l\u00e4hett\u00e4m\u00e4ll\u00e4 vastaava ilmoitus s\u00e4hk\u00f6postiosoitteeseen info@premiumbrands.ee.<\/p>\n<p style=\"margin-bottom: 8px;\">2.9 Sopimuksen t\u00e4yt\u00e4nt\u00f6\u00f6npanoon liittyvi\u00e4 ilmoituksia (esim. muistutus sopimuksesta johtuvan velvoitteen t\u00e4ytt\u00e4misest\u00e4) ei pidet\u00e4 mainonnana tai tarjouksina.<\/p>\n<p style=\"margin-bottom: 8px;\">2.10 Premium Brands O\u00dc ei luovuta Asiakkaan henkil\u00f6tietoja kolmansille osapuolille, paitsi:<\/p>\n<p style=\"margin-bottom: 6px; padding-left: 40px;\"><span style=\"font-size: 90%;\">2.10.1 Laissa s\u00e4\u00e4detyiss\u00e4 tapauksissa;<\/span><\/p>\n<p style=\"margin-bottom: 6px; padding-left: 40px;\"><span style=\"font-size: 90%;\">2.10.2. Kuljetuspalvelun tarjoavalle yritykselle siin\u00e4 m\u00e4\u00e4rin kuin se on tarpeen Tuotteiden toimittamiseksi Asiakkaalle;<\/span><\/p>\n<p style=\"margin-bottom: 6px; padding-left: 40px;\"><span style=\"font-size: 90%;\">2.10.3. Maksuratkaisuja tarjoaville yrityksille siin\u00e4 m\u00e4\u00e4rin kuin se on tarpeen Tuotteiden maksamiseksi;<\/span><\/p>\n<p style=\"margin-bottom: 6px; padding-left: 40px;\"><span style=\"font-size: 90%;\">2.10.4. Perint\u00e4palveluntarjoajat ja maksuh\u00e4iri\u00f6rekisterit.<\/span><br \/>\n<span style=\"font-size: 90%;\">Kohdissa 2.10.2 ja 2.10.3 tarkoitetuissa tapauksissa Asiakkaan henkil\u00f6tietoja k\u00e4sitell\u00e4\u00e4n Tilauksen t\u00e4ytt\u00e4miseksi ja valtuutetut k\u00e4sittelij\u00e4t varmistavat saman henkil\u00f6tietojen suojan kuin Premium Brands O\u00dc.<\/span><\/p>\n<p style=\"margin-bottom: 8px;\">2.11 Premium Brands O\u00dc:n verkkosivuilla k\u00e4ytet\u00e4\u00e4n ev\u00e4steit\u00e4. Ev\u00e4ste on pieni tekstitiedosto, jonka verkkoselain tallentaa automaattisesti asiakkaan k\u00e4ytt\u00e4m\u00e4lle laitteelle.<\/p>\n<p style=\"margin-bottom: 8px;\">2.12 K\u00e4yt\u00e4mme seuraavia ev\u00e4steit\u00e4:<\/p>\n<p style=\"margin-bottom: 6px; padding-left: 40px;\"><span style=\"font-size: 90%;\">2.12.1 Istuntoev\u00e4steet, joiden tarkoituksena on mahdollistaa palvelun k\u00e4ytt\u00f6;<\/span><\/p>\n<p style=\"margin-bottom: 6px; padding-left: 40px;\"><span style=\"font-size: 90%;\">2.12.2 Pysyv\u00e4t ev\u00e4steet, joiden tarkoituksena on muistaa asiakkaan valinnat Premium Brands O\u00dc:n verkkosivustoilla;<\/span><\/p>\n<p style=\"margin-bottom: 6px; padding-left: 40px;\"><span style=\"font-size: 90%;\">2.12.3 Ensimm\u00e4isen ja\/tai kolmannen osapuolen ev\u00e4steet, joiden tarkoituksena on n\u00e4ytt\u00e4\u00e4 asiakkaalle relevanttia mainontaa ja tarjouksia sek\u00e4 parantaa asiakkaan verkkosivuston k\u00e4ytt\u00f6kokemusta;<\/span><\/p>\n<p style=\"margin-bottom: 6px; padding-left: 40px;\"><span style=\"font-size: 90%;\">2.12.4 Kolmannen osapuolen analytiikkaev\u00e4steet, joiden tarkoituksena on optimoida markkinointiviestint\u00e4\u00e4.<\/span><\/p>\n<p style=\"margin-bottom: 8px;\">2.13 K\u00e4ytt\u00e4j\u00e4ll\u00e4 on oikeus kielt\u00e4\u00e4 ev\u00e4steiden tallentaminen tietokoneelleen. Jos h\u00e4n haluaa tehd\u00e4 niin, k\u00e4ytt\u00e4j\u00e4n on muutettava selaimensa asetuksia.<\/p>\n<p style=\"margin-bottom: 8px;\">2.14 Ev\u00e4steit\u00e4 est\u00e4ess\u00e4\u00e4n k\u00e4ytt\u00e4j\u00e4n on otettava huomioon, ett\u00e4 kaikki verkkosivuston toiminnot eiv\u00e4t v\u00e4ltt\u00e4m\u00e4tt\u00e4 ole k\u00e4ytt\u00e4j\u00e4n k\u00e4ytett\u00e4viss\u00e4.<\/p>\n<p style=\"margin-bottom: 8px;\">2.15 Premium Brands O\u00dc ryhtyy kaikkiin varotoimiin (sek\u00e4 teknisiin ett\u00e4 fyysisiin toimenpiteisiin) Asiakkaan henkil\u00f6tietojen suojaamiseksi. Vain valtuutetuilla henkil\u00f6ill\u00e4 on p\u00e4\u00e4sy muokkaamaan ja k\u00e4sittelem\u00e4\u00e4n tietoja.<\/p>\n<p style=\"margin-bottom: 8px;\">2.16 Jokainen k\u00e4ytt\u00e4j\u00e4tilin haltija on vastuussa tilitietojensa turvallisuudesta ja oikeellisuudesta. Premium Brands O\u00dc ei ota vastuuta, jos k\u00e4ytt\u00e4j\u00e4tilin tiedot p\u00e4\u00e4tyv\u00e4t kolmansille osapuolille tilinhaltijan kautta. Asiakkaan on my\u00f6s ilmoitettava Premium Brands O\u00dc:lle v\u00e4litt\u00f6m\u00e4sti, jos tilauksen tekemisest\u00e4 vastaava ja\/tai valtuutettu henkil\u00f6 muuttuu.<\/p>\n<p style=\"margin-bottom: 8px;\">2.17 K\u00e4ytt\u00e4m\u00e4ll\u00e4 Premium Brands O\u00dc:n verkkosivustoja tai luomalla k\u00e4ytt\u00e4j\u00e4tilin verkkoymp\u00e4rist\u00f6ihin Asiakas on lukenut ja hyv\u00e4ksynyt n\u00e4m\u00e4 periaatteet ja ehdot. Yhti\u00f6 pid\u00e4tt\u00e4\u00e4 oikeuden muuttaa tietosuojak\u00e4yt\u00e4nn\u00f6n yleisi\u00e4 ehtoja tarvittaessa ilmoittamalla siit\u00e4 kaikille k\u00e4ytt\u00e4j\u00e4tilin omaaville asiakkaille.<\/p>\n<p style=\"margin-bottom: 8px;\">2.18 Asiakkaalla on oikeus milloin tahansa tutustua omiin henkil\u00f6tietoihinsa ja pyyt\u00e4\u00e4 niiden oikaisua tai poistamista, paitsi jos laissa toisin s\u00e4\u00e4det\u00e4\u00e4n. T\u00e4t\u00e4 varten ota yhteytt\u00e4 Premium Brands O\u00dc:n tietosuoja-asiantuntijaan Ellyt Talviin s\u00e4hk\u00f6postiosoitteeseen ellyt@premiumbrands.ee. Asiakkaan tiedusteluihin vastataan 30 kalenterip\u00e4iv\u00e4n kuluessa.<\/p>\n<p>2.19 Premium Brands O\u00dc on henkil\u00f6tietojen rekisterinpit\u00e4j\u00e4 ja siirt\u00e4\u00e4 maksujen suorittamiseen tarvittavat henkil\u00f6tiedot valtuutetulle k\u00e4sittelij\u00e4lle Maksekeskus AS:lle.<\/p>\n<p>2.20 Henkil\u00f6tietojen k\u00e4sittely k\u00e4sittelyn tarkoituksen mukaan:<\/p>\n<p><span style=\"font-size: 90%;\">2.20.1 K\u00e4sittelyn tarkoitus \u2013 turvallisuus ja suojaus<br \/>\nHenkil\u00f6tietojen enimm\u00e4iss\u00e4ilytysaika \u2013 laissa m\u00e4\u00e4riteltyjen m\u00e4\u00e4r\u00e4aikojen mukaisesti <\/span><\/p>\n<p><span style=\"font-size: 90%;\">2.20.2 K\u00e4sittelyn tarkoitus \u2013 tilausten k\u00e4sittely<br \/>\nHenkil\u00f6tietojen enimm\u00e4iss\u00e4ilytysaika \u2013 5 vuotta <\/span><\/p>\n<p><span style=\"font-size: 90%;\">2.20.3 K\u00e4sittelyn tarkoitus \u2013 verkkokaupan palveluiden toiminnan varmistaminen<br \/>\nHenkil\u00f6tietojen enimm\u00e4iss\u00e4ilytysaika \u2013 5 vuotta <\/span><\/p>\n<p><span style=\"font-size: 90%;\">2.20.4 K\u00e4sittelyn tarkoitus \u2013 asiakashallinta<br \/>\nHenkil\u00f6tietojen enimm\u00e4iss\u00e4ilytysaika \u2013 5 vuotta <\/span><\/p>\n<p><span style=\"font-size: 90%;\">2.20.5 K\u00e4sittelyn tarkoitus \u2013 taloudellinen toiminta, kirjanpito<br \/>\nHenkil\u00f6tietojen enimm\u00e4iss\u00e4ilytysaika \u2013 laissa m\u00e4\u00e4riteltyjen m\u00e4\u00e4r\u00e4aikojen mukaisesti<br \/>\n<\/span><\/p>\n<p><span style=\"font-size: 90%;\">2.20.6 K\u00e4sittelyn tarkoitus \u2013 markkinointi<br \/>\nHenkil\u00f6tietojen enimm\u00e4iss\u00e4ilytysaika \u2013 5 vuotta<\/span><\/p>\n\n\t\t<\/div>\n\t<\/div>\n<\/div><\/div><\/div><\/div>\n<\/div>","protected":false},"excerpt":{"rendered":"PRIVAATSUSTINGIMUSED 1. K\u00f5iki www.mysnack.ee k\u00fclastamise ja ostude sooritamise k\u00e4igus teatavaks saanud kliendi isikuandmeid k\u00e4sitletakse kui konfidentsiaalset infot. Premium Brands O\u00dc","protected":false},"author":3,"featured_media":0,"parent":0,"menu_order":0,"comment_status":"closed","ping_status":"closed","template":"","meta":{"inline_featured_image":false,"footnotes":""},"class_list":["post-3","page","type-page","status-publish","hentry"],"yoast_head":"<!-- This site is optimized with the Yoast SEO plugin v27.1.1 - https:\/\/yoast.com\/product\/yoast-seo-wordpress\/ -->\n<title>Privaatsustingimused - Ellyt<\/title>\n<meta name=\"robots\" content=\"index, follow, max-snippet:-1, max-image-preview:large, max-video-preview:-1\" \/>\n<link rel=\"canonical\" href=\"https:\/\/ellyt.eu\/fi\/tietosuojakaytanto\/\" \/>\n<meta property=\"og:locale\" content=\"fi_FI\" \/>\n<meta property=\"og:type\" content=\"article\" \/>\n<meta property=\"og:title\" content=\"Privaatsustingimused - Ellyt\" \/>\n<meta property=\"og:url\" content=\"https:\/\/ellyt.eu\/fi\/tietosuojakaytanto\/\" \/>\n<meta property=\"og:site_name\" content=\"Ellyt\" \/>\n<meta property=\"article:publisher\" content=\"https:\/\/www.facebook.com\/MySnack.ee\/\" \/>\n<meta property=\"article:modified_time\" content=\"2024-03-21T11:35:47+00:00\" \/>\n<meta property=\"og:image\" content=\"https:\/\/ellyt.eu\/wp-content\/uploads\/2024\/11\/Facebook-cover-pic-.png\" \/>\n\t<meta property=\"og:image:width\" content=\"1640\" \/>\n\t<meta property=\"og:image:height\" content=\"624\" \/>\n\t<meta property=\"og:image:type\" content=\"image\/png\" \/>\n<meta name=\"twitter:card\" content=\"summary_large_image\" \/>\n<meta name=\"twitter:label1\" content=\"Arvioitu lukuaika\" \/>\n\t<meta name=\"twitter:data1\" content=\"5 minuuttia\" \/>\n<script type=\"application\/ld+json\" class=\"yoast-schema-graph\">{\"@context\":\"https:\/\/schema.org\",\"@graph\":[{\"@type\":\"WebPage\",\"@id\":\"https:\/\/ellyt.eu\/privaatsustingimused\/\",\"url\":\"https:\/\/ellyt.eu\/privaatsustingimused\/\",\"name\":\"Privaatsustingimused - Ellyt\",\"isPartOf\":{\"@id\":\"https:\/\/ellyt.eu\/#website\"},\"datePublished\":\"2019-06-26T06:26:03+00:00\",\"dateModified\":\"2024-03-21T11:35:47+00:00\",\"breadcrumb\":{\"@id\":\"https:\/\/ellyt.eu\/privaatsustingimused\/#breadcrumb\"},\"inLanguage\":\"fi\",\"potentialAction\":[{\"@type\":\"ReadAction\",\"target\":[\"https:\/\/ellyt.eu\/privaatsustingimused\/\"]}]},{\"@type\":\"BreadcrumbList\",\"@id\":\"https:\/\/ellyt.eu\/privaatsustingimused\/#breadcrumb\",\"itemListElement\":[{\"@type\":\"ListItem\",\"position\":1,\"name\":\"Esileht\",\"item\":\"https:\/\/ellyt.eu\/\"},{\"@type\":\"ListItem\",\"position\":2,\"name\":\"Privaatsustingimused\"}]},{\"@type\":\"WebSite\",\"@id\":\"https:\/\/ellyt.eu\/#website\",\"url\":\"https:\/\/ellyt.eu\/\",\"name\":\"Ellyt\",\"description\":\"Ellyt E-Pood\",\"publisher\":{\"@id\":\"https:\/\/ellyt.eu\/#organization\"},\"potentialAction\":[{\"@type\":\"SearchAction\",\"target\":{\"@type\":\"EntryPoint\",\"urlTemplate\":\"https:\/\/ellyt.eu\/?s={search_term_string}\"},\"query-input\":{\"@type\":\"PropertyValueSpecification\",\"valueRequired\":true,\"valueName\":\"search_term_string\"}}],\"inLanguage\":\"fi\"},{\"@type\":\"Organization\",\"@id\":\"https:\/\/ellyt.eu\/#organization\",\"name\":\"MySnack\",\"url\":\"https:\/\/ellyt.eu\/\",\"logo\":{\"@type\":\"ImageObject\",\"inLanguage\":\"fi\",\"@id\":\"https:\/\/ellyt.eu\/#\/schema\/logo\/image\/\",\"url\":\"https:\/\/mysnack.shop\/wp-content\/uploads\/2023\/09\/MySnack_logo.png\",\"contentUrl\":\"https:\/\/mysnack.shop\/wp-content\/uploads\/2023\/09\/MySnack_logo.png\",\"width\":400,\"height\":148,\"caption\":\"MySnack\"},\"image\":{\"@id\":\"https:\/\/ellyt.eu\/#\/schema\/logo\/image\/\"},\"sameAs\":[\"https:\/\/www.facebook.com\/MySnack.ee\/\",\"https:\/\/www.instagram.com\/mysnack_eesti\/\"]}]}<\/script>\n<!-- \/ Yoast SEO plugin. -->","yoast_head_json":{"title":"Tietosuojak\u00e4yt\u00e4nt\u00f6 - Ellyt","robots":{"index":"index","follow":"follow","max-snippet":"max-snippet:-1","max-image-preview":"max-image-preview:large","max-video-preview":"max-video-preview:-1"},"canonical":"https:\/\/ellyt.eu\/fi\/tietosuojakaytanto\/","og_locale":"fi_FI","og_type":"article","og_title":"Privaatsustingimused - Ellyt","og_url":"https:\/\/ellyt.eu\/fi\/tietosuojakaytanto\/","og_site_name":"Ellyt","article_publisher":"https:\/\/www.facebook.com\/MySnack.ee\/","article_modified_time":"2024-03-21T11:35:47+00:00","og_image":[{"width":1640,"height":624,"url":"https:\/\/ellyt.eu\/wp-content\/uploads\/2024\/11\/Facebook-cover-pic-.png","type":"image\/png"}],"twitter_card":"summary_large_image","twitter_misc":{"Arvioitu lukuaika":"5 minuuttia"},"schema":{"@context":"https:\/\/schema.org","@graph":[{"@type":"WebPage","@id":"https:\/\/ellyt.eu\/privaatsustingimused\/","url":"https:\/\/ellyt.eu\/privaatsustingimused\/","name":"Tietosuojak\u00e4yt\u00e4nt\u00f6 - Ellyt","isPartOf":{"@id":"https:\/\/ellyt.eu\/#website"},"datePublished":"2019-06-26T06:26:03+00:00","dateModified":"2024-03-21T11:35:47+00:00","breadcrumb":{"@id":"https:\/\/ellyt.eu\/privaatsustingimused\/#breadcrumb"},"inLanguage":"fi","potentialAction":[{"@type":"ReadAction","target":["https:\/\/ellyt.eu\/privaatsustingimused\/"]}]},{"@type":"BreadcrumbList","@id":"https:\/\/ellyt.eu\/privaatsustingimused\/#breadcrumb","itemListElement":[{"@type":"ListItem","position":1,"name":"Esileht","item":"https:\/\/ellyt.eu\/"},{"@type":"ListItem","position":2,"name":"Privaatsustingimused"}]},{"@type":"WebSite","@id":"https:\/\/ellyt.eu\/#website","url":"https:\/\/ellyt.eu\/","name":"Ellyt","description":"Ellytin verkkokauppa","publisher":{"@id":"https:\/\/ellyt.eu\/#organization"},"potentialAction":[{"@type":"SearchAction","target":{"@type":"EntryPoint","urlTemplate":"https:\/\/ellyt.eu\/?s={search_term_string}"},"query-input":{"@type":"PropertyValueSpecification","valueRequired":true,"valueName":"search_term_string"}}],"inLanguage":"fi"},{"@type":"Organization","@id":"https:\/\/ellyt.eu\/#organization","name":"MySnack","url":"https:\/\/ellyt.eu\/","logo":{"@type":"ImageObject","inLanguage":"fi","@id":"https:\/\/ellyt.eu\/#\/schema\/logo\/image\/","url":"https:\/\/mysnack.shop\/wp-content\/uploads\/2023\/09\/MySnack_logo.png","contentUrl":"https:\/\/mysnack.shop\/wp-content\/uploads\/2023\/09\/MySnack_logo.png","width":400,"height":148,"caption":"MySnack"},"image":{"@id":"https:\/\/ellyt.eu\/#\/schema\/logo\/image\/"},"sameAs":["https:\/\/www.facebook.com\/MySnack.ee\/","https:\/\/www.instagram.com\/mysnack_eesti\/"]}]}},"_links":{"self":[{"href":"https:\/\/ellyt.eu\/fi\/wp-json\/wp\/v2\/pages\/3","targetHints":{"allow":["GET"]}}],"collection":[{"href":"https:\/\/ellyt.eu\/fi\/wp-json\/wp\/v2\/pages"}],"about":[{"href":"https:\/\/ellyt.eu\/fi\/wp-json\/wp\/v2\/types\/page"}],"author":[{"embeddable":true,"href":"https:\/\/ellyt.eu\/fi\/wp-json\/wp\/v2\/users\/3"}],"replies":[{"embeddable":true,"href":"https:\/\/ellyt.eu\/fi\/wp-json\/wp\/v2\/comments?post=3"}],"version-history":[{"count":1,"href":"https:\/\/ellyt.eu\/fi\/wp-json\/wp\/v2\/pages\/3\/revisions"}],"predecessor-version":[{"id":21888,"href":"https:\/\/ellyt.eu\/fi\/wp-json\/wp\/v2\/pages\/3\/revisions\/21888"}],"wp:attachment":[{"href":"https:\/\/ellyt.eu\/fi\/wp-json\/wp\/v2\/media?parent=3"}],"curies":[{"name":"wp","href":"https:\/\/api.w.org\/{rel}","templated":true}]}}