{"id":10451,"date":"2021-07-18T16:44:03","date_gmt":"2021-07-18T13:44:03","guid":{"rendered":"https:\/\/mysnack.ee\/?post_type=product&#038;p=10451"},"modified":"2025-10-09T12:58:10","modified_gmt":"2025-10-09T09:58:10","slug":"pehme-kuivatatud-guajaav","status":"publish","type":"product","link":"https:\/\/ellyt.eu\/fi\/product\/pehme-kuivatatud-guajaav\/","title":{"rendered":"Pehme\u00e4 kuivattu guava (guava) 80g"},"content":{"rendered":"<div style=\"width: 1920px;\" class=\"wp-video\"><video class=\"wp-video-shortcode\" id=\"video-10451-1\" width=\"1920\" height=\"1080\" preload=\"metadata\" controls=\"controls\"><source type=\"video\/mp4\" src=\"https:\/\/ellyt.eu\/wp-content\/uploads\/2024\/06\/Guava.mp4?_=1\" \/><a href=\"https:\/\/ellyt.eu\/wp-content\/uploads\/2024\/06\/Guava.mp4\">https:\/\/ellyt.eu\/wp-content\/uploads\/2024\/06\/Guava.mp4<\/a><\/video><\/div>\n<p>&nbsp;<\/p>\n<p><strong>M\u00e4\u00e4r\u00e4:<\/strong> 80 g<\/p>\n<p><strong>100 g tuotetta sis\u00e4lt\u00e4\u00e4 keskim\u00e4\u00e4rin:<\/strong><\/p>\n<table>\n<tbody>\n<tr>\n<td>Energiasis\u00e4lt\u00f6<\/td>\n<td>332 kcal \/ 1390 kJ<\/td>\n<\/tr>\n<tr>\n<td>Rasvat<\/td>\n<td>0,2 g<\/td>\n<\/tr>\n<tr>\n<td>\u00a0 \u00a0 josta tyydyttyneit\u00e4 rasvahappoja<\/td>\n<td>0,15 g<\/td>\n<\/tr>\n<tr>\n<td>Hiilihydraatit<\/td>\n<td>80,9 g<\/td>\n<\/tr>\n<tr>\n<td>\u00a0 \u00a0 josta sokereita<\/td>\n<td>56,3 g<\/td>\n<\/tr>\n<tr>\n<td>Kuitu<\/td>\n<td>11,7 g<\/td>\n<\/tr>\n<tr>\n<td>Proteiinit<\/td>\n<td>1,5 g<\/td>\n<\/tr>\n<tr>\n<td>Suolaa<\/td>\n<td>0,2 g<\/td>\n<\/tr>\n<\/tbody>\n<\/table>\n<div id=\"accel-snackbar\" style=\"left: 50%; top: 50px;\"><\/div>","protected":false},"excerpt":{"rendered":"<p>Tuoreilla guavoilla on miellytt\u00e4v\u00e4n hapokas maku ja ne ovat eritt\u00e4in aromaattisia. Niiden merkitys hedelmien joukossa kasvoi merkitt\u00e4v\u00e4sti sen j\u00e4lkeen, kun havaittiin, ett\u00e4 hedelm\u00e4 sis\u00e4lt\u00e4\u00e4 paljon C- ja A-vitamiinia. C-vitamiinin lis\u00e4ksi se sis\u00e4lt\u00e4\u00e4 my\u00f6s merkitt\u00e4v\u00e4n m\u00e4\u00e4r\u00e4n kuitua.<\/p>\n<ul>\n<li style=\"list-style-type: none;\">\n<ul>\n<li>Runsaasti C-vitamiinia (100 g sis\u00e4lt\u00e4\u00e4 301 TP3T p\u00e4ivitt\u00e4isest\u00e4 C-vitamiinin tarpeesta, 21 TP3T p\u00e4ivitt\u00e4isest\u00e4 kalsiumin tarpeesta ja 31 TP3T p\u00e4ivitt\u00e4isest\u00e4 kaliumin tarpeesta)<\/li>\n<li>Korkea kuitupitoisuus<\/li>\n<li>Gluteeniton<\/li>\n<li>Lis\u00e4\u00e4mme v\u00e4himm\u00e4ism\u00e4\u00e4r\u00e4n ruokosokeria<\/li>\n<li>Luonnostaan makea, sis\u00e4lt\u00e4\u00e4 luonnostaan hedelm\u00e4sokeria<\/li>\n<li>Hedelm\u00e4mme saattavat luonnostaan tummua ajan my\u00f6t\u00e4 pakkauksessa. T\u00e4m\u00e4 johtuu eritt\u00e4in pienest\u00e4 sulfiittim\u00e4\u00e4r\u00e4st\u00e4, jota lis\u00e4\u00e4mme vain tarvittavan m\u00e4\u00e4r\u00e4n (0,01%) verrattuna normaalisti lis\u00e4tt\u00e4viin sulfiitteihin pit\u00e4\u00e4ksemme hedelm\u00e4t tuoreina ja est\u00e4\u00e4ksemme homeen muodostumisen.<\/li>\n<li>80 gramman kuivatun tuotteen valmistukseen k\u00e4ytet\u00e4\u00e4n 533 grammaa tuoretta ja kyps\u00e4\u00e4 guavaa.<\/li>\n<li>Sopii vegaaneille<\/li>\n<\/ul>\n<\/li>\n<\/ul>\n<p><strong>Ainesosat:<\/strong> guava 95%, ruokosokeri, happamuudens\u00e4\u00e4t\u00f6aine: sitruunahappo, s\u00e4il\u00f6nt\u00e4aine: natriumdisulfiitti.<\/p>\n<p>S\u00e4ilyt\u00e4 viile\u00e4ss\u00e4 ja kuivassa paikassa.<\/p>\n<div id=\"accel-snackbar\" style=\"left: 50%; top: 50px;\"><\/div>","protected":false},"featured_media":27039,"template":"","meta":{"inline_featured_image":false},"product_brand":[],"product_cat":[428,171],"product_tag":[],"class_list":{"0":"post-10451","1":"product","2":"type-product","3":"status-publish","4":"has-post-thumbnail","6":"product_cat-pehmed-kuivatatud-puuviljad","7":"product_cat-magusad-snakid","8":"pa_kogus-kast","9":"pa_kogus-tukk","10":"pa_sisaldab-gluteenivaba","11":"pa_sisaldab-laktoosivaba","12":"pa_sisaldab-mysnacki-farmist","13":"pa_sisaldab-vegan","15":"first","16":"instock","17":"taxable","18":"shipping-taxable","19":"purchasable","20":"product-type-variable","21":"has-default-attributes"},"yoast_head":"<!-- This site is optimized with the Yoast SEO plugin v27.1.1 - https:\/\/yoast.com\/product\/yoast-seo-wordpress\/ -->\n<title>Pehme kuivatatud guajaav (guava) | Patuvabad sn\u00e4kid<\/title>\n<meta name=\"description\" content=\"V\u00e4rskete guajaavide maitse on meeldivalt hapukas ja v\u00e4ga aromaatne. Viljad sisaldavad rohkesti C- ja A-vitamiini ning ka kiudaineid. Vaata l\u00e4hemalt!\" \/>\n<meta name=\"robots\" content=\"index, follow, max-snippet:-1, max-image-preview:large, max-video-preview:-1\" \/>\n<link rel=\"canonical\" href=\"https:\/\/ellyt.eu\/fi\/tuote\/pehme-kuivatatud-guajaav\/\" \/>\n<meta property=\"og:locale\" content=\"fi_FI\" \/>\n<meta property=\"og:type\" content=\"article\" \/>\n<meta property=\"og:title\" content=\"Pehme kuivatatud guajaav (guava) | Patuvabad sn\u00e4kid\" \/>\n<meta property=\"og:description\" content=\"V\u00e4rskete guajaavide maitse on meeldivalt hapukas ja v\u00e4ga aromaatne. Viljad sisaldavad rohkesti C- ja A-vitamiini ning ka kiudaineid. Vaata l\u00e4hemalt!\" \/>\n<meta property=\"og:url\" content=\"https:\/\/ellyt.eu\/fi\/tuote\/pehme-kuivatatud-guajaav\/\" \/>\n<meta property=\"og:site_name\" content=\"Ellyt\" \/>\n<meta property=\"article:publisher\" content=\"https:\/\/www.facebook.com\/MySnack.ee\/\" \/>\n<meta property=\"article:modified_time\" content=\"2025-10-09T09:58:10+00:00\" \/>\n<meta property=\"og:image\" content=\"https:\/\/ellyt.eu\/wp-content\/uploads\/2023\/11\/Mocuk-up_Guava_front_v2.png\" \/>\n\t<meta property=\"og:image:width\" content=\"1432\" \/>\n\t<meta property=\"og:image:height\" content=\"1432\" \/>\n\t<meta property=\"og:image:type\" content=\"image\/png\" \/>\n<meta name=\"twitter:card\" content=\"summary_large_image\" \/>\n<meta name=\"twitter:label1\" content=\"Arvioitu lukuaika\" \/>\n\t<meta name=\"twitter:data1\" content=\"1 minuutti\" \/>\n<script type=\"application\/ld+json\" class=\"yoast-schema-graph\">{\"@context\":\"https:\/\/schema.org\",\"@graph\":[{\"@type\":\"WebPage\",\"@id\":\"https:\/\/ellyt.eu\/toode\/pehme-kuivatatud-guajaav\/\",\"url\":\"https:\/\/ellyt.eu\/toode\/pehme-kuivatatud-guajaav\/\",\"name\":\"Pehme kuivatatud guajaav (guava) | Patuvabad sn\u00e4kid\",\"isPartOf\":{\"@id\":\"https:\/\/ellyt.eu\/#website\"},\"primaryImageOfPage\":{\"@id\":\"https:\/\/ellyt.eu\/toode\/pehme-kuivatatud-guajaav\/#primaryimage\"},\"image\":{\"@id\":\"https:\/\/ellyt.eu\/toode\/pehme-kuivatatud-guajaav\/#primaryimage\"},\"thumbnailUrl\":\"https:\/\/ellyt.eu\/wp-content\/uploads\/2023\/11\/Mocuk-up_Guava_front_v2.png\",\"datePublished\":\"2021-07-18T13:44:03+00:00\",\"dateModified\":\"2025-10-09T09:58:10+00:00\",\"description\":\"V\u00e4rskete guajaavide maitse on meeldivalt hapukas ja v\u00e4ga aromaatne. Viljad sisaldavad rohkesti C- ja A-vitamiini ning ka kiudaineid. Vaata l\u00e4hemalt!\",\"breadcrumb\":{\"@id\":\"https:\/\/ellyt.eu\/toode\/pehme-kuivatatud-guajaav\/#breadcrumb\"},\"inLanguage\":\"fi\",\"potentialAction\":[{\"@type\":\"ReadAction\",\"target\":[\"https:\/\/ellyt.eu\/toode\/pehme-kuivatatud-guajaav\/\"]}]},{\"@type\":\"ImageObject\",\"inLanguage\":\"fi\",\"@id\":\"https:\/\/ellyt.eu\/toode\/pehme-kuivatatud-guajaav\/#primaryimage\",\"url\":\"https:\/\/ellyt.eu\/wp-content\/uploads\/2023\/11\/Mocuk-up_Guava_front_v2.png\",\"contentUrl\":\"https:\/\/ellyt.eu\/wp-content\/uploads\/2023\/11\/Mocuk-up_Guava_front_v2.png\",\"width\":1432,\"height\":1432,\"caption\":\"Guava snack pack front\"},{\"@type\":\"BreadcrumbList\",\"@id\":\"https:\/\/ellyt.eu\/toode\/pehme-kuivatatud-guajaav\/#breadcrumb\",\"itemListElement\":[{\"@type\":\"ListItem\",\"position\":1,\"name\":\"Esileht\",\"item\":\"https:\/\/ellyt.eu\/\"},{\"@type\":\"ListItem\",\"position\":2,\"name\":\"Pood\",\"item\":\"https:\/\/ellyt.eu\/pood\/\"},{\"@type\":\"ListItem\",\"position\":3,\"name\":\"Pehme kuivatatud guajaav (guava) 80g\"}]},{\"@type\":\"WebSite\",\"@id\":\"https:\/\/ellyt.eu\/#website\",\"url\":\"https:\/\/ellyt.eu\/\",\"name\":\"Ellyt\",\"description\":\"Ellyt E-Pood\",\"publisher\":{\"@id\":\"https:\/\/ellyt.eu\/#organization\"},\"potentialAction\":[{\"@type\":\"SearchAction\",\"target\":{\"@type\":\"EntryPoint\",\"urlTemplate\":\"https:\/\/ellyt.eu\/?s={search_term_string}\"},\"query-input\":{\"@type\":\"PropertyValueSpecification\",\"valueRequired\":true,\"valueName\":\"search_term_string\"}}],\"inLanguage\":\"fi\"},{\"@type\":\"Organization\",\"@id\":\"https:\/\/ellyt.eu\/#organization\",\"name\":\"MySnack\",\"url\":\"https:\/\/ellyt.eu\/\",\"logo\":{\"@type\":\"ImageObject\",\"inLanguage\":\"fi\",\"@id\":\"https:\/\/ellyt.eu\/#\/schema\/logo\/image\/\",\"url\":\"https:\/\/mysnack.shop\/wp-content\/uploads\/2023\/09\/MySnack_logo.png\",\"contentUrl\":\"https:\/\/mysnack.shop\/wp-content\/uploads\/2023\/09\/MySnack_logo.png\",\"width\":400,\"height\":148,\"caption\":\"MySnack\"},\"image\":{\"@id\":\"https:\/\/ellyt.eu\/#\/schema\/logo\/image\/\"},\"sameAs\":[\"https:\/\/www.facebook.com\/MySnack.ee\/\",\"https:\/\/www.instagram.com\/mysnack_eesti\/\"]}]}<\/script>\n<!-- \/ Yoast SEO plugin. -->","yoast_head_json":{"title":"Pehme\u00e4 kuivattu guava (guava) | Synnitt\u00f6m\u00e4t v\u00e4lipalat","description":"Tuoreilla guavoilla on miellytt\u00e4v\u00e4n hapokas maku ja ne ovat eritt\u00e4in aromaattisia. Hedelm\u00e4t ovat runsaasti C- ja A-vitamiineja sek\u00e4 kuitua. Katso tarkemmin!","robots":{"index":"index","follow":"follow","max-snippet":"max-snippet:-1","max-image-preview":"max-image-preview:large","max-video-preview":"max-video-preview:-1"},"canonical":"https:\/\/ellyt.eu\/fi\/tuote\/pehme-kuivatatud-guajaav\/","og_locale":"fi_FI","og_type":"article","og_title":"Pehme kuivatatud guajaav (guava) | Patuvabad sn\u00e4kid","og_description":"V\u00e4rskete guajaavide maitse on meeldivalt hapukas ja v\u00e4ga aromaatne. Viljad sisaldavad rohkesti C- ja A-vitamiini ning ka kiudaineid. Vaata l\u00e4hemalt!","og_url":"https:\/\/ellyt.eu\/fi\/tuote\/pehme-kuivatatud-guajaav\/","og_site_name":"Ellyt","article_publisher":"https:\/\/www.facebook.com\/MySnack.ee\/","article_modified_time":"2025-10-09T09:58:10+00:00","og_image":[{"width":1432,"height":1432,"url":"https:\/\/ellyt.eu\/wp-content\/uploads\/2023\/11\/Mocuk-up_Guava_front_v2.png","type":"image\/png"}],"twitter_card":"summary_large_image","twitter_misc":{"Arvioitu lukuaika":"1 minuutti"},"schema":{"@context":"https:\/\/schema.org","@graph":[{"@type":"WebPage","@id":"https:\/\/ellyt.eu\/toode\/pehme-kuivatatud-guajaav\/","url":"https:\/\/ellyt.eu\/toode\/pehme-kuivatatud-guajaav\/","name":"Pehme\u00e4 kuivattu guava (guava) | Synnitt\u00f6m\u00e4t v\u00e4lipalat","isPartOf":{"@id":"https:\/\/ellyt.eu\/#website"},"primaryImageOfPage":{"@id":"https:\/\/ellyt.eu\/toode\/pehme-kuivatatud-guajaav\/#primaryimage"},"image":{"@id":"https:\/\/ellyt.eu\/toode\/pehme-kuivatatud-guajaav\/#primaryimage"},"thumbnailUrl":"https:\/\/ellyt.eu\/wp-content\/uploads\/2023\/11\/Mocuk-up_Guava_front_v2.png","datePublished":"2021-07-18T13:44:03+00:00","dateModified":"2025-10-09T09:58:10+00:00","description":"Tuoreilla guavoilla on miellytt\u00e4v\u00e4n hapokas maku ja ne ovat eritt\u00e4in aromaattisia. Hedelm\u00e4t ovat runsaasti C- ja A-vitamiineja sek\u00e4 kuitua. Katso tarkemmin!","breadcrumb":{"@id":"https:\/\/ellyt.eu\/toode\/pehme-kuivatatud-guajaav\/#breadcrumb"},"inLanguage":"fi","potentialAction":[{"@type":"ReadAction","target":["https:\/\/ellyt.eu\/toode\/pehme-kuivatatud-guajaav\/"]}]},{"@type":"ImageObject","inLanguage":"fi","@id":"https:\/\/ellyt.eu\/toode\/pehme-kuivatatud-guajaav\/#primaryimage","url":"https:\/\/ellyt.eu\/wp-content\/uploads\/2023\/11\/Mocuk-up_Guava_front_v2.png","contentUrl":"https:\/\/ellyt.eu\/wp-content\/uploads\/2023\/11\/Mocuk-up_Guava_front_v2.png","width":1432,"height":1432,"caption":"Guava snack pack front"},{"@type":"BreadcrumbList","@id":"https:\/\/ellyt.eu\/toode\/pehme-kuivatatud-guajaav\/#breadcrumb","itemListElement":[{"@type":"ListItem","position":1,"name":"Esileht","item":"https:\/\/ellyt.eu\/"},{"@type":"ListItem","position":2,"name":"Pood","item":"https:\/\/ellyt.eu\/pood\/"},{"@type":"ListItem","position":3,"name":"Pehme kuivatatud guajaav (guava) 80g"}]},{"@type":"WebSite","@id":"https:\/\/ellyt.eu\/#website","url":"https:\/\/ellyt.eu\/","name":"Ellyt","description":"Ellytin verkkokauppa","publisher":{"@id":"https:\/\/ellyt.eu\/#organization"},"potentialAction":[{"@type":"SearchAction","target":{"@type":"EntryPoint","urlTemplate":"https:\/\/ellyt.eu\/?s={search_term_string}"},"query-input":{"@type":"PropertyValueSpecification","valueRequired":true,"valueName":"search_term_string"}}],"inLanguage":"fi"},{"@type":"Organization","@id":"https:\/\/ellyt.eu\/#organization","name":"MySnack","url":"https:\/\/ellyt.eu\/","logo":{"@type":"ImageObject","inLanguage":"fi","@id":"https:\/\/ellyt.eu\/#\/schema\/logo\/image\/","url":"https:\/\/mysnack.shop\/wp-content\/uploads\/2023\/09\/MySnack_logo.png","contentUrl":"https:\/\/mysnack.shop\/wp-content\/uploads\/2023\/09\/MySnack_logo.png","width":400,"height":148,"caption":"MySnack"},"image":{"@id":"https:\/\/ellyt.eu\/#\/schema\/logo\/image\/"},"sameAs":["https:\/\/www.facebook.com\/MySnack.ee\/","https:\/\/www.instagram.com\/mysnack_eesti\/"]}]}},"_links":{"self":[{"href":"https:\/\/ellyt.eu\/fi\/wp-json\/wp\/v2\/product\/10451","targetHints":{"allow":["GET"]}}],"collection":[{"href":"https:\/\/ellyt.eu\/fi\/wp-json\/wp\/v2\/product"}],"about":[{"href":"https:\/\/ellyt.eu\/fi\/wp-json\/wp\/v2\/types\/product"}],"wp:featuredmedia":[{"embeddable":true,"href":"https:\/\/ellyt.eu\/fi\/wp-json\/wp\/v2\/media\/27039"}],"wp:attachment":[{"href":"https:\/\/ellyt.eu\/fi\/wp-json\/wp\/v2\/media?parent=10451"}],"wp:term":[{"taxonomy":"product_brand","embeddable":true,"href":"https:\/\/ellyt.eu\/fi\/wp-json\/wp\/v2\/product_brand?post=10451"},{"taxonomy":"product_cat","embeddable":true,"href":"https:\/\/ellyt.eu\/fi\/wp-json\/wp\/v2\/product_cat?post=10451"},{"taxonomy":"product_tag","embeddable":true,"href":"https:\/\/ellyt.eu\/fi\/wp-json\/wp\/v2\/product_tag?post=10451"}],"curies":[{"name":"wp","href":"https:\/\/api.w.org\/{rel}","templated":true}]}}