{"id":11699,"date":"2021-11-12T22:17:21","date_gmt":"2021-11-12T20:17:21","guid":{"rendered":"https:\/\/mysnack.ee\/?post_type=product&#038;p=11699"},"modified":"2024-06-26T11:49:42","modified_gmt":"2024-06-26T08:49:42","slug":"merevetikas-tempura-truhvli-ja-musta-pipraga","status":"publish","type":"product","link":"https:\/\/ellyt.eu\/fi\/product\/merevetikas-tempura-truhvli-ja-musta-pipraga\/","title":{"rendered":"Merilev\u00e4tempura tryffelill\u00e4 ja mustapippurilla 40 g"},"content":{"rendered":"<p><strong>M\u00e4\u00e4r\u00e4:<\/strong> 40g<\/p>\n<p><strong>100 g tuotetta sis\u00e4lt\u00e4\u00e4 keskim\u00e4\u00e4rin:<\/strong><\/p>\n<table>\n<tbody>\n<tr>\n<td>Energiasis\u00e4lt\u00f6<\/td>\n<td>608 kcal \/ 2544 kJ<\/td>\n<\/tr>\n<tr>\n<td>Rasvat<\/td>\n<td>45,5 g<\/td>\n<\/tr>\n<tr>\n<td>\u00a0 \u00a0 josta tyydyttyneit\u00e4 rasvahappoja<\/td>\n<td>10,6 g<\/td>\n<\/tr>\n<tr>\n<td>Hiilihydraatit<\/td>\n<td>42,2 g<\/td>\n<\/tr>\n<tr>\n<td>\u00a0 \u00a0 josta sokereita<\/td>\n<td>4,3 g<\/td>\n<\/tr>\n<tr>\n<td>Kuitu<\/td>\n<td>3,2 g<\/td>\n<\/tr>\n<tr>\n<td>Proteiinit<\/td>\n<td>7,4 g<\/td>\n<\/tr>\n<tr>\n<td>Suolaa<\/td>\n<td>0,85 g<\/td>\n<\/tr>\n<\/tbody>\n<\/table>\n<div id=\"accel-snackbar\" style=\"left: 50%; top: 50px;\"><\/div>","protected":false},"excerpt":{"rendered":"<ul>\n<li>Mukavan rapeita naposteltavia.<\/li>\n<li>Ne maistuvat hyv\u00e4lt\u00e4 ja antavat energiaa.<\/li>\n<li>Merilev\u00e4 tunnetaan ravinteiden, erityisesti jodin, runsaudesta.<\/li>\n<\/ul>\n<p><strong>Ainesosat:<\/strong> Tempurajauho 57% (VEHN\u00c4jauho, muunnettu tapiokat\u00e4rkkelys, suola, sokeri), palmu\u00f6ljy, merilev\u00e4 15%, tryffeli-mustapippuriaromiseos (sokeri, hiivauute, suola, dekstroosi, mausteet (mustapippuri, laakerinlehti), glukoosijauhe, valkosipulijauhe, aromi, sipulijauhe, paakkuuntumisenestoaine (E551), sieniuutejauhe, mustapippuriuute, happamuudens\u00e4\u00e4t\u00f6aine (E296).<\/p>\n<div id=\"accel-snackbar\" style=\"left: 50%; top: 50px;\"><\/div>","protected":false},"featured_media":22522,"template":"","meta":{"inline_featured_image":false},"product_brand":[],"product_cat":[172,315],"product_tag":[],"class_list":{"0":"post-11699","1":"product","2":"type-product","3":"status-publish","4":"has-post-thumbnail","6":"product_cat-soolased-snakid","7":"product_cat-vetikakropsud","8":"pa_kogus-kast","9":"pa_kogus-tukk","10":"pa_sisaldab-laktoosivaba","11":"pa_sisaldab-vegan","13":"first","14":"instock","15":"taxable","16":"shipping-taxable","17":"purchasable","18":"product-type-variable","19":"has-default-attributes"},"yoast_head":"<!-- This site is optimized with the Yoast SEO plugin v27.1.1 - https:\/\/yoast.com\/product\/yoast-seo-wordpress\/ -->\n<title>Merevetikas tempura tr\u00fchvli ja musta pipraga 40 g | Patuvabad sn\u00e4kid<\/title>\n<meta name=\"description\" content=\"Tempura merevetika kr\u00f5psud tr\u00fchvli ja musta pipraga on tervislikud, maitsevad h\u00e4sti, annavad energiat ja sisaldavad rohkelt toitaineid. Vaata l\u00e4hemalt!\" \/>\n<meta name=\"robots\" content=\"index, follow, max-snippet:-1, max-image-preview:large, max-video-preview:-1\" \/>\n<link rel=\"canonical\" href=\"https:\/\/ellyt.eu\/fi\/tuote\/merevetikas-tempura-truhvli-ja-musta-pipraga\/\" \/>\n<meta property=\"og:locale\" content=\"fi_FI\" \/>\n<meta property=\"og:type\" content=\"article\" \/>\n<meta property=\"og:title\" content=\"Merevetikas tempura tr\u00fchvli ja musta pipraga 40 g | Patuvabad sn\u00e4kid\" \/>\n<meta property=\"og:description\" content=\"Tempura merevetika kr\u00f5psud tr\u00fchvli ja musta pipraga on tervislikud, maitsevad h\u00e4sti, annavad energiat ja sisaldavad rohkelt toitaineid. Vaata l\u00e4hemalt!\" \/>\n<meta property=\"og:url\" content=\"https:\/\/ellyt.eu\/fi\/tuote\/merevetikas-tempura-truhvli-ja-musta-pipraga\/\" \/>\n<meta property=\"og:site_name\" content=\"Ellyt\" \/>\n<meta property=\"article:publisher\" content=\"https:\/\/www.facebook.com\/MySnack.ee\/\" \/>\n<meta property=\"article:modified_time\" content=\"2024-06-26T08:49:42+00:00\" \/>\n<meta property=\"og:image\" content=\"https:\/\/ellyt.eu\/wp-content\/uploads\/2021\/11\/Tempura-merevetika-kropsud-truhvli-ja-musta-pipraga.png\" \/>\n\t<meta property=\"og:image:width\" content=\"1080\" \/>\n\t<meta property=\"og:image:height\" content=\"1080\" \/>\n\t<meta property=\"og:image:type\" content=\"image\/png\" \/>\n<meta name=\"twitter:card\" content=\"summary_large_image\" \/>\n<meta name=\"twitter:label1\" content=\"Arvioitu lukuaika\" \/>\n\t<meta name=\"twitter:data1\" content=\"1 minuutti\" \/>\n<script type=\"application\/ld+json\" class=\"yoast-schema-graph\">{\"@context\":\"https:\/\/schema.org\",\"@graph\":[{\"@type\":\"WebPage\",\"@id\":\"https:\/\/ellyt.eu\/toode\/merevetikas-tempura-truhvli-ja-musta-pipraga\/\",\"url\":\"https:\/\/ellyt.eu\/toode\/merevetikas-tempura-truhvli-ja-musta-pipraga\/\",\"name\":\"Merevetikas tempura tr\u00fchvli ja musta pipraga 40 g | Patuvabad sn\u00e4kid\",\"isPartOf\":{\"@id\":\"https:\/\/ellyt.eu\/#website\"},\"primaryImageOfPage\":{\"@id\":\"https:\/\/ellyt.eu\/toode\/merevetikas-tempura-truhvli-ja-musta-pipraga\/#primaryimage\"},\"image\":{\"@id\":\"https:\/\/ellyt.eu\/toode\/merevetikas-tempura-truhvli-ja-musta-pipraga\/#primaryimage\"},\"thumbnailUrl\":\"https:\/\/ellyt.eu\/wp-content\/uploads\/2021\/11\/Tempura-merevetika-kropsud-truhvli-ja-musta-pipraga.png\",\"datePublished\":\"2021-11-12T20:17:21+00:00\",\"dateModified\":\"2024-06-26T08:49:42+00:00\",\"description\":\"Tempura merevetika kr\u00f5psud tr\u00fchvli ja musta pipraga on tervislikud, maitsevad h\u00e4sti, annavad energiat ja sisaldavad rohkelt toitaineid. Vaata l\u00e4hemalt!\",\"breadcrumb\":{\"@id\":\"https:\/\/ellyt.eu\/toode\/merevetikas-tempura-truhvli-ja-musta-pipraga\/#breadcrumb\"},\"inLanguage\":\"fi\",\"potentialAction\":[{\"@type\":\"ReadAction\",\"target\":[\"https:\/\/ellyt.eu\/toode\/merevetikas-tempura-truhvli-ja-musta-pipraga\/\"]}]},{\"@type\":\"ImageObject\",\"inLanguage\":\"fi\",\"@id\":\"https:\/\/ellyt.eu\/toode\/merevetikas-tempura-truhvli-ja-musta-pipraga\/#primaryimage\",\"url\":\"https:\/\/ellyt.eu\/wp-content\/uploads\/2021\/11\/Tempura-merevetika-kropsud-truhvli-ja-musta-pipraga.png\",\"contentUrl\":\"https:\/\/ellyt.eu\/wp-content\/uploads\/2021\/11\/Tempura-merevetika-kropsud-truhvli-ja-musta-pipraga.png\",\"width\":1080,\"height\":1080,\"caption\":\"Tempura merevetika kr\u00f5psud tr\u00fchvli ja musta pipraga\"},{\"@type\":\"BreadcrumbList\",\"@id\":\"https:\/\/ellyt.eu\/toode\/merevetikas-tempura-truhvli-ja-musta-pipraga\/#breadcrumb\",\"itemListElement\":[{\"@type\":\"ListItem\",\"position\":1,\"name\":\"Esileht\",\"item\":\"https:\/\/ellyt.eu\/\"},{\"@type\":\"ListItem\",\"position\":2,\"name\":\"Pood\",\"item\":\"https:\/\/ellyt.eu\/pood\/\"},{\"@type\":\"ListItem\",\"position\":3,\"name\":\"Merevetikas tempura tr\u00fchvli ja musta pipraga 40 g\"}]},{\"@type\":\"WebSite\",\"@id\":\"https:\/\/ellyt.eu\/#website\",\"url\":\"https:\/\/ellyt.eu\/\",\"name\":\"Ellyt\",\"description\":\"Ellyt E-Pood\",\"publisher\":{\"@id\":\"https:\/\/ellyt.eu\/#organization\"},\"potentialAction\":[{\"@type\":\"SearchAction\",\"target\":{\"@type\":\"EntryPoint\",\"urlTemplate\":\"https:\/\/ellyt.eu\/?s={search_term_string}\"},\"query-input\":{\"@type\":\"PropertyValueSpecification\",\"valueRequired\":true,\"valueName\":\"search_term_string\"}}],\"inLanguage\":\"fi\"},{\"@type\":\"Organization\",\"@id\":\"https:\/\/ellyt.eu\/#organization\",\"name\":\"MySnack\",\"url\":\"https:\/\/ellyt.eu\/\",\"logo\":{\"@type\":\"ImageObject\",\"inLanguage\":\"fi\",\"@id\":\"https:\/\/ellyt.eu\/#\/schema\/logo\/image\/\",\"url\":\"https:\/\/mysnack.shop\/wp-content\/uploads\/2023\/09\/MySnack_logo.png\",\"contentUrl\":\"https:\/\/mysnack.shop\/wp-content\/uploads\/2023\/09\/MySnack_logo.png\",\"width\":400,\"height\":148,\"caption\":\"MySnack\"},\"image\":{\"@id\":\"https:\/\/ellyt.eu\/#\/schema\/logo\/image\/\"},\"sameAs\":[\"https:\/\/www.facebook.com\/MySnack.ee\/\",\"https:\/\/www.instagram.com\/mysnack_eesti\/\"]}]}<\/script>\n<!-- \/ Yoast SEO plugin. -->","yoast_head_json":{"title":"Merilev\u00e4tempura tryffelill\u00e4 ja mustapippurilla 40 g | Synnitt\u00f6m\u00e4t naposteltavat","description":"Tempura-merilev\u00e4lastuja tryffelill\u00e4 ja mustapippurilla on terveellisi\u00e4, maistuvat hyv\u00e4lt\u00e4, antavat energiaa ja ovat ravinteikasta. Katso tarkemmin!","robots":{"index":"index","follow":"follow","max-snippet":"max-snippet:-1","max-image-preview":"max-image-preview:large","max-video-preview":"max-video-preview:-1"},"canonical":"https:\/\/ellyt.eu\/fi\/tuote\/merevetikas-tempura-truhvli-ja-musta-pipraga\/","og_locale":"fi_FI","og_type":"article","og_title":"Merevetikas tempura tr\u00fchvli ja musta pipraga 40 g | Patuvabad sn\u00e4kid","og_description":"Tempura merevetika kr\u00f5psud tr\u00fchvli ja musta pipraga on tervislikud, maitsevad h\u00e4sti, annavad energiat ja sisaldavad rohkelt toitaineid. Vaata l\u00e4hemalt!","og_url":"https:\/\/ellyt.eu\/fi\/tuote\/merevetikas-tempura-truhvli-ja-musta-pipraga\/","og_site_name":"Ellyt","article_publisher":"https:\/\/www.facebook.com\/MySnack.ee\/","article_modified_time":"2024-06-26T08:49:42+00:00","og_image":[{"width":1080,"height":1080,"url":"https:\/\/ellyt.eu\/wp-content\/uploads\/2021\/11\/Tempura-merevetika-kropsud-truhvli-ja-musta-pipraga.png","type":"image\/png"}],"twitter_card":"summary_large_image","twitter_misc":{"Arvioitu lukuaika":"1 minuutti"},"schema":{"@context":"https:\/\/schema.org","@graph":[{"@type":"WebPage","@id":"https:\/\/ellyt.eu\/toode\/merevetikas-tempura-truhvli-ja-musta-pipraga\/","url":"https:\/\/ellyt.eu\/toode\/merevetikas-tempura-truhvli-ja-musta-pipraga\/","name":"Merilev\u00e4tempura tryffelill\u00e4 ja mustapippurilla 40 g | Synnitt\u00f6m\u00e4t naposteltavat","isPartOf":{"@id":"https:\/\/ellyt.eu\/#website"},"primaryImageOfPage":{"@id":"https:\/\/ellyt.eu\/toode\/merevetikas-tempura-truhvli-ja-musta-pipraga\/#primaryimage"},"image":{"@id":"https:\/\/ellyt.eu\/toode\/merevetikas-tempura-truhvli-ja-musta-pipraga\/#primaryimage"},"thumbnailUrl":"https:\/\/ellyt.eu\/wp-content\/uploads\/2021\/11\/Tempura-merevetika-kropsud-truhvli-ja-musta-pipraga.png","datePublished":"2021-11-12T20:17:21+00:00","dateModified":"2024-06-26T08:49:42+00:00","description":"Tempura-merilev\u00e4lastuja tryffelill\u00e4 ja mustapippurilla on terveellisi\u00e4, maistuvat hyv\u00e4lt\u00e4, antavat energiaa ja ovat ravinteikasta. Katso tarkemmin!","breadcrumb":{"@id":"https:\/\/ellyt.eu\/toode\/merevetikas-tempura-truhvli-ja-musta-pipraga\/#breadcrumb"},"inLanguage":"fi","potentialAction":[{"@type":"ReadAction","target":["https:\/\/ellyt.eu\/toode\/merevetikas-tempura-truhvli-ja-musta-pipraga\/"]}]},{"@type":"ImageObject","inLanguage":"fi","@id":"https:\/\/ellyt.eu\/toode\/merevetikas-tempura-truhvli-ja-musta-pipraga\/#primaryimage","url":"https:\/\/ellyt.eu\/wp-content\/uploads\/2021\/11\/Tempura-merevetika-kropsud-truhvli-ja-musta-pipraga.png","contentUrl":"https:\/\/ellyt.eu\/wp-content\/uploads\/2021\/11\/Tempura-merevetika-kropsud-truhvli-ja-musta-pipraga.png","width":1080,"height":1080,"caption":"Tempura merevetika kr\u00f5psud tr\u00fchvli ja musta pipraga"},{"@type":"BreadcrumbList","@id":"https:\/\/ellyt.eu\/toode\/merevetikas-tempura-truhvli-ja-musta-pipraga\/#breadcrumb","itemListElement":[{"@type":"ListItem","position":1,"name":"Esileht","item":"https:\/\/ellyt.eu\/"},{"@type":"ListItem","position":2,"name":"Pood","item":"https:\/\/ellyt.eu\/pood\/"},{"@type":"ListItem","position":3,"name":"Merevetikas tempura tr\u00fchvli ja musta pipraga 40 g"}]},{"@type":"WebSite","@id":"https:\/\/ellyt.eu\/#website","url":"https:\/\/ellyt.eu\/","name":"Ellyt","description":"Ellytin verkkokauppa","publisher":{"@id":"https:\/\/ellyt.eu\/#organization"},"potentialAction":[{"@type":"SearchAction","target":{"@type":"EntryPoint","urlTemplate":"https:\/\/ellyt.eu\/?s={search_term_string}"},"query-input":{"@type":"PropertyValueSpecification","valueRequired":true,"valueName":"search_term_string"}}],"inLanguage":"fi"},{"@type":"Organization","@id":"https:\/\/ellyt.eu\/#organization","name":"MySnack","url":"https:\/\/ellyt.eu\/","logo":{"@type":"ImageObject","inLanguage":"fi","@id":"https:\/\/ellyt.eu\/#\/schema\/logo\/image\/","url":"https:\/\/mysnack.shop\/wp-content\/uploads\/2023\/09\/MySnack_logo.png","contentUrl":"https:\/\/mysnack.shop\/wp-content\/uploads\/2023\/09\/MySnack_logo.png","width":400,"height":148,"caption":"MySnack"},"image":{"@id":"https:\/\/ellyt.eu\/#\/schema\/logo\/image\/"},"sameAs":["https:\/\/www.facebook.com\/MySnack.ee\/","https:\/\/www.instagram.com\/mysnack_eesti\/"]}]}},"_links":{"self":[{"href":"https:\/\/ellyt.eu\/fi\/wp-json\/wp\/v2\/product\/11699","targetHints":{"allow":["GET"]}}],"collection":[{"href":"https:\/\/ellyt.eu\/fi\/wp-json\/wp\/v2\/product"}],"about":[{"href":"https:\/\/ellyt.eu\/fi\/wp-json\/wp\/v2\/types\/product"}],"wp:featuredmedia":[{"embeddable":true,"href":"https:\/\/ellyt.eu\/fi\/wp-json\/wp\/v2\/media\/22522"}],"wp:attachment":[{"href":"https:\/\/ellyt.eu\/fi\/wp-json\/wp\/v2\/media?parent=11699"}],"wp:term":[{"taxonomy":"product_brand","embeddable":true,"href":"https:\/\/ellyt.eu\/fi\/wp-json\/wp\/v2\/product_brand?post=11699"},{"taxonomy":"product_cat","embeddable":true,"href":"https:\/\/ellyt.eu\/fi\/wp-json\/wp\/v2\/product_cat?post=11699"},{"taxonomy":"product_tag","embeddable":true,"href":"https:\/\/ellyt.eu\/fi\/wp-json\/wp\/v2\/product_tag?post=11699"}],"curies":[{"name":"wp","href":"https:\/\/api.w.org\/{rel}","templated":true}]}}