{"id":20899,"date":"2024-02-22T13:27:21","date_gmt":"2024-02-22T11:27:21","guid":{"rendered":"https:\/\/mysnack.ee\/?post_type=product&#038;p=20899"},"modified":"2025-07-28T12:42:37","modified_gmt":"2025-07-28T09:42:37","slug":"merevetika-kropsud-tempura-bbq-ga-40-g","status":"publish","type":"product","link":"https:\/\/ellyt.eu\/fi\/product\/merevetika-kropsud-tempura-bbq-ga-40-g\/","title":{"rendered":"Merilev\u00e4lastuja tempura BBQ:lla 40 g"},"content":{"rendered":"<p><strong>M\u00e4\u00e4r\u00e4:<\/strong> 40g<\/p>\n<p><strong>100 g tuotetta sis\u00e4lt\u00e4\u00e4 keskim\u00e4\u00e4rin:<\/strong><\/p>\n<table>\n<tbody>\n<tr>\n<td>Energiasis\u00e4lt\u00f6<\/td>\n<td>600 kcal \/ 2512 kJ<\/td>\n<\/tr>\n<tr>\n<td>Rasvat<\/td>\n<td>42,7 g<\/td>\n<\/tr>\n<tr>\n<td>\u00a0 \u00a0 josta tyydyttyneit\u00e4 rasvahappoja<\/td>\n<td>18,4 g<\/td>\n<\/tr>\n<tr>\n<td>Hiilihydraatit<\/td>\n<td>45,9 g<\/td>\n<\/tr>\n<tr>\n<td>\u00a0 \u00a0 josta sokereita<\/td>\n<td>2,1 g<\/td>\n<\/tr>\n<tr>\n<td>Proteiinit<\/td>\n<td>7,9 g<\/td>\n<\/tr>\n<tr>\n<td>Suolaa<\/td>\n<td>1,2 g<\/td>\n<\/tr>\n<\/tbody>\n<\/table>\n<div id=\"accel-snackbar\" style=\"left: 50%; top: 50px;\"><\/div>","protected":false},"excerpt":{"rendered":"<ul>\n<li>Mukavan rapeita naposteltavia.<\/li>\n<li>Ne maistuvat hyv\u00e4lt\u00e4, antavat energiaa ja niiss\u00e4 on mukava grillin maku.<\/li>\n<li>Merilev\u00e4 tunnetaan ravinteiden runsaudesta, erityisesti jodipitoisuudestaan.<\/li>\n<\/ul>\n<p><strong>Ainesosat:<\/strong> Tempurajauhoseos (VEHN\u00c4jauho, muunnettu tapiokat\u00e4rkkelys, suola, sokeri), riisilese\u00f6ljy (riisilese\u00f6ljy, rosmariiniuute (luontainen aromi)), merilev\u00e4, savustettu grillimaustejauhe. SOIJAproteiini (SOIJApavut), mausteseos (valkosipuli, chili, pippuri, neilikka, kumina, korianterinsiemenet ja sipulijauhe), suola, grilliaromi, arominvahvenne (dinatriumguanylaatti, dinatriuminosinaatti), palmuoleiini, happamuudens\u00e4\u00e4t\u00f6aine (sitruunahappo)<\/p>\n<div id=\"accel-snackbar\" style=\"left: 50%; top: 50px;\"><\/div>","protected":false},"featured_media":22507,"template":"","meta":{"inline_featured_image":false},"product_brand":[],"product_cat":[172,315],"product_tag":[],"class_list":{"0":"post-20899","1":"product","2":"type-product","3":"status-publish","4":"has-post-thumbnail","6":"product_cat-soolased-snakid","7":"product_cat-vetikakropsud","8":"pa_kogus-kast","9":"pa_kogus-tukk","10":"pa_sisaldab-laktoosivaba","12":"first","13":"instock","14":"taxable","15":"shipping-taxable","16":"purchasable","17":"product-type-variable","18":"has-default-attributes"},"yoast_head":"<!-- This site is optimized with the Yoast SEO plugin v27.1.1 - https:\/\/yoast.com\/product\/yoast-seo-wordpress\/ -->\n<title>Merevetika kr\u00f5psud tempura BBQ-ga | Patuvabad sn\u00e4kid<\/title>\n<meta name=\"description\" content=\"Jaapani merevetika kr\u00f5psud tempura BBQ-ga maitsevad h\u00e4sti, annavad energiat ja sisaldavad rohkelt toitaineid. Vaata l\u00e4hemalt!\" \/>\n<meta name=\"robots\" content=\"index, follow, max-snippet:-1, max-image-preview:large, max-video-preview:-1\" \/>\n<link rel=\"canonical\" href=\"https:\/\/ellyt.eu\/fi\/tuote\/merevetika-kropsud-tempura-bbq-ga-40-g\/\" \/>\n<meta property=\"og:locale\" content=\"fi_FI\" \/>\n<meta property=\"og:type\" content=\"article\" \/>\n<meta property=\"og:title\" content=\"Merevetika kr\u00f5psud tempura BBQ-ga 40 g - Tervislikud ja Maitsvad Sn\u00e4kid\" \/>\n<meta property=\"og:description\" content=\"M\u00f5nusalt kr\u00f5bedad vetikakr\u00f5psud, mis maitsevad h\u00e4sti ja sisaldavad rohkelt toitaineid.\" \/>\n<meta property=\"og:url\" content=\"https:\/\/ellyt.eu\/fi\/tuote\/merevetika-kropsud-tempura-bbq-ga-40-g\/\" \/>\n<meta property=\"og:site_name\" content=\"Ellyt\" \/>\n<meta property=\"article:publisher\" content=\"https:\/\/www.facebook.com\/MySnack.ee\/\" \/>\n<meta property=\"article:modified_time\" content=\"2025-07-28T09:42:37+00:00\" \/>\n<meta property=\"og:image\" content=\"https:\/\/ellyt.eu\/wp-content\/uploads\/2020\/12\/toode_merevetikas_kana_larb-scaled.jpg\" \/>\n\t<meta property=\"og:image:width\" content=\"2560\" \/>\n\t<meta property=\"og:image:height\" content=\"1224\" \/>\n\t<meta property=\"og:image:type\" content=\"image\/jpeg\" \/>\n<meta name=\"twitter:card\" content=\"summary_large_image\" \/>\n<meta name=\"twitter:title\" content=\"Merevetika kr\u00f5psud tempura BBQ-ga 40 g - Tervislikud ja Maitsvad Sn\u00e4kid\" \/>\n<meta name=\"twitter:description\" content=\"M\u00f5nusalt kr\u00f5bedad vetikakr\u00f5psud, mis maitsevad h\u00e4sti ja sisaldavad rohkelt toitaineid.\" \/>\n<meta name=\"twitter:image\" content=\"https:\/\/ellyt.eu\/wp-content\/uploads\/2020\/12\/toode_merevetikas_kana_larb-scaled.jpg\" \/>\n<meta name=\"twitter:label1\" content=\"Arvioitu lukuaika\" \/>\n\t<meta name=\"twitter:data1\" content=\"1 minuutti\" \/>\n<script type=\"application\/ld+json\" class=\"yoast-schema-graph\">{\"@context\":\"https:\/\/schema.org\",\"@graph\":[{\"@type\":\"WebPage\",\"@id\":\"https:\/\/ellyt.eu\/toode\/merevetika-kropsud-tempura-bbq-ga-40-g\/\",\"url\":\"https:\/\/ellyt.eu\/toode\/merevetika-kropsud-tempura-bbq-ga-40-g\/\",\"name\":\"Merevetika kr\u00f5psud tempura BBQ-ga | Patuvabad sn\u00e4kid\",\"isPartOf\":{\"@id\":\"https:\/\/ellyt.eu\/#website\"},\"primaryImageOfPage\":{\"@id\":\"https:\/\/ellyt.eu\/toode\/merevetika-kropsud-tempura-bbq-ga-40-g\/#primaryimage\"},\"image\":{\"@id\":\"https:\/\/ellyt.eu\/toode\/merevetika-kropsud-tempura-bbq-ga-40-g\/#primaryimage\"},\"thumbnailUrl\":\"https:\/\/ellyt.eu\/wp-content\/uploads\/2024\/02\/Merevetika-kropsud-tempura-BBQ-ga.png\",\"datePublished\":\"2024-02-22T11:27:21+00:00\",\"dateModified\":\"2025-07-28T09:42:37+00:00\",\"description\":\"Jaapani merevetika kr\u00f5psud tempura BBQ-ga maitsevad h\u00e4sti, annavad energiat ja sisaldavad rohkelt toitaineid. Vaata l\u00e4hemalt!\",\"breadcrumb\":{\"@id\":\"https:\/\/ellyt.eu\/toode\/merevetika-kropsud-tempura-bbq-ga-40-g\/#breadcrumb\"},\"inLanguage\":\"fi\",\"potentialAction\":[{\"@type\":\"ReadAction\",\"target\":[\"https:\/\/ellyt.eu\/toode\/merevetika-kropsud-tempura-bbq-ga-40-g\/\"]}]},{\"@type\":\"ImageObject\",\"inLanguage\":\"fi\",\"@id\":\"https:\/\/ellyt.eu\/toode\/merevetika-kropsud-tempura-bbq-ga-40-g\/#primaryimage\",\"url\":\"https:\/\/ellyt.eu\/wp-content\/uploads\/2024\/02\/Merevetika-kropsud-tempura-BBQ-ga.png\",\"contentUrl\":\"https:\/\/ellyt.eu\/wp-content\/uploads\/2024\/02\/Merevetika-kropsud-tempura-BBQ-ga.png\",\"width\":1080,\"height\":1080,\"caption\":\"Merevetika kr\u00f5psud tempura BBQ-ga\"},{\"@type\":\"BreadcrumbList\",\"@id\":\"https:\/\/ellyt.eu\/toode\/merevetika-kropsud-tempura-bbq-ga-40-g\/#breadcrumb\",\"itemListElement\":[{\"@type\":\"ListItem\",\"position\":1,\"name\":\"Esileht\",\"item\":\"https:\/\/ellyt.eu\/\"},{\"@type\":\"ListItem\",\"position\":2,\"name\":\"Pood\",\"item\":\"https:\/\/ellyt.eu\/pood\/\"},{\"@type\":\"ListItem\",\"position\":3,\"name\":\"Merevetika kr\u00f5psud tempura BBQ-ga 40 g\"}]},{\"@type\":\"WebSite\",\"@id\":\"https:\/\/ellyt.eu\/#website\",\"url\":\"https:\/\/ellyt.eu\/\",\"name\":\"Ellyt\",\"description\":\"Ellyt E-Pood\",\"publisher\":{\"@id\":\"https:\/\/ellyt.eu\/#organization\"},\"potentialAction\":[{\"@type\":\"SearchAction\",\"target\":{\"@type\":\"EntryPoint\",\"urlTemplate\":\"https:\/\/ellyt.eu\/?s={search_term_string}\"},\"query-input\":{\"@type\":\"PropertyValueSpecification\",\"valueRequired\":true,\"valueName\":\"search_term_string\"}}],\"inLanguage\":\"fi\"},{\"@type\":\"Organization\",\"@id\":\"https:\/\/ellyt.eu\/#organization\",\"name\":\"MySnack\",\"url\":\"https:\/\/ellyt.eu\/\",\"logo\":{\"@type\":\"ImageObject\",\"inLanguage\":\"fi\",\"@id\":\"https:\/\/ellyt.eu\/#\/schema\/logo\/image\/\",\"url\":\"https:\/\/mysnack.shop\/wp-content\/uploads\/2023\/09\/MySnack_logo.png\",\"contentUrl\":\"https:\/\/mysnack.shop\/wp-content\/uploads\/2023\/09\/MySnack_logo.png\",\"width\":400,\"height\":148,\"caption\":\"MySnack\"},\"image\":{\"@id\":\"https:\/\/ellyt.eu\/#\/schema\/logo\/image\/\"},\"sameAs\":[\"https:\/\/www.facebook.com\/MySnack.ee\/\",\"https:\/\/www.instagram.com\/mysnack_eesti\/\"]}]}<\/script>\n<!-- \/ Yoast SEO plugin. -->","yoast_head_json":{"title":"Merilev\u00e4lastuja ja tempura BBQ | Synnitt\u00f6m\u00e4t v\u00e4lipalat","description":"Japanilaiset merilev\u00e4lastut tempura BBQ:n kera maistuvat herkulliselta, antavat energiaa ja ovat t\u00e4ynn\u00e4 ravintoaineita. Katso tarkemmin!","robots":{"index":"index","follow":"follow","max-snippet":"max-snippet:-1","max-image-preview":"max-image-preview:large","max-video-preview":"max-video-preview:-1"},"canonical":"https:\/\/ellyt.eu\/fi\/tuote\/merevetika-kropsud-tempura-bbq-ga-40-g\/","og_locale":"fi_FI","og_type":"article","og_title":"Merevetika kr\u00f5psud tempura BBQ-ga 40 g - Tervislikud ja Maitsvad Sn\u00e4kid","og_description":"M\u00f5nusalt kr\u00f5bedad vetikakr\u00f5psud, mis maitsevad h\u00e4sti ja sisaldavad rohkelt toitaineid.","og_url":"https:\/\/ellyt.eu\/fi\/tuote\/merevetika-kropsud-tempura-bbq-ga-40-g\/","og_site_name":"Ellyt","article_publisher":"https:\/\/www.facebook.com\/MySnack.ee\/","article_modified_time":"2025-07-28T09:42:37+00:00","og_image":[{"width":2560,"height":1224,"url":"https:\/\/ellyt.eu\/wp-content\/uploads\/2020\/12\/toode_merevetikas_kana_larb-scaled.jpg","type":"image\/jpeg"}],"twitter_card":"summary_large_image","twitter_title":"Merevetika kr\u00f5psud tempura BBQ-ga 40 g - Tervislikud ja Maitsvad Sn\u00e4kid","twitter_description":"M\u00f5nusalt kr\u00f5bedad vetikakr\u00f5psud, mis maitsevad h\u00e4sti ja sisaldavad rohkelt toitaineid.","twitter_image":"https:\/\/ellyt.eu\/wp-content\/uploads\/2020\/12\/toode_merevetikas_kana_larb-scaled.jpg","twitter_misc":{"Arvioitu lukuaika":"1 minuutti"},"schema":{"@context":"https:\/\/schema.org","@graph":[{"@type":"WebPage","@id":"https:\/\/ellyt.eu\/toode\/merevetika-kropsud-tempura-bbq-ga-40-g\/","url":"https:\/\/ellyt.eu\/toode\/merevetika-kropsud-tempura-bbq-ga-40-g\/","name":"Merilev\u00e4lastuja ja tempura BBQ | Synnitt\u00f6m\u00e4t v\u00e4lipalat","isPartOf":{"@id":"https:\/\/ellyt.eu\/#website"},"primaryImageOfPage":{"@id":"https:\/\/ellyt.eu\/toode\/merevetika-kropsud-tempura-bbq-ga-40-g\/#primaryimage"},"image":{"@id":"https:\/\/ellyt.eu\/toode\/merevetika-kropsud-tempura-bbq-ga-40-g\/#primaryimage"},"thumbnailUrl":"https:\/\/ellyt.eu\/wp-content\/uploads\/2024\/02\/Merevetika-kropsud-tempura-BBQ-ga.png","datePublished":"2024-02-22T11:27:21+00:00","dateModified":"2025-07-28T09:42:37+00:00","description":"Japanilaiset merilev\u00e4lastut tempura BBQ:n kera maistuvat herkulliselta, antavat energiaa ja ovat t\u00e4ynn\u00e4 ravintoaineita. Katso tarkemmin!","breadcrumb":{"@id":"https:\/\/ellyt.eu\/toode\/merevetika-kropsud-tempura-bbq-ga-40-g\/#breadcrumb"},"inLanguage":"fi","potentialAction":[{"@type":"ReadAction","target":["https:\/\/ellyt.eu\/toode\/merevetika-kropsud-tempura-bbq-ga-40-g\/"]}]},{"@type":"ImageObject","inLanguage":"fi","@id":"https:\/\/ellyt.eu\/toode\/merevetika-kropsud-tempura-bbq-ga-40-g\/#primaryimage","url":"https:\/\/ellyt.eu\/wp-content\/uploads\/2024\/02\/Merevetika-kropsud-tempura-BBQ-ga.png","contentUrl":"https:\/\/ellyt.eu\/wp-content\/uploads\/2024\/02\/Merevetika-kropsud-tempura-BBQ-ga.png","width":1080,"height":1080,"caption":"Merevetika kr\u00f5psud tempura BBQ-ga"},{"@type":"BreadcrumbList","@id":"https:\/\/ellyt.eu\/toode\/merevetika-kropsud-tempura-bbq-ga-40-g\/#breadcrumb","itemListElement":[{"@type":"ListItem","position":1,"name":"Esileht","item":"https:\/\/ellyt.eu\/"},{"@type":"ListItem","position":2,"name":"Pood","item":"https:\/\/ellyt.eu\/pood\/"},{"@type":"ListItem","position":3,"name":"Merevetika kr\u00f5psud tempura BBQ-ga 40 g"}]},{"@type":"WebSite","@id":"https:\/\/ellyt.eu\/#website","url":"https:\/\/ellyt.eu\/","name":"Ellyt","description":"Ellytin verkkokauppa","publisher":{"@id":"https:\/\/ellyt.eu\/#organization"},"potentialAction":[{"@type":"SearchAction","target":{"@type":"EntryPoint","urlTemplate":"https:\/\/ellyt.eu\/?s={search_term_string}"},"query-input":{"@type":"PropertyValueSpecification","valueRequired":true,"valueName":"search_term_string"}}],"inLanguage":"fi"},{"@type":"Organization","@id":"https:\/\/ellyt.eu\/#organization","name":"MySnack","url":"https:\/\/ellyt.eu\/","logo":{"@type":"ImageObject","inLanguage":"fi","@id":"https:\/\/ellyt.eu\/#\/schema\/logo\/image\/","url":"https:\/\/mysnack.shop\/wp-content\/uploads\/2023\/09\/MySnack_logo.png","contentUrl":"https:\/\/mysnack.shop\/wp-content\/uploads\/2023\/09\/MySnack_logo.png","width":400,"height":148,"caption":"MySnack"},"image":{"@id":"https:\/\/ellyt.eu\/#\/schema\/logo\/image\/"},"sameAs":["https:\/\/www.facebook.com\/MySnack.ee\/","https:\/\/www.instagram.com\/mysnack_eesti\/"]}]}},"_links":{"self":[{"href":"https:\/\/ellyt.eu\/fi\/wp-json\/wp\/v2\/product\/20899","targetHints":{"allow":["GET"]}}],"collection":[{"href":"https:\/\/ellyt.eu\/fi\/wp-json\/wp\/v2\/product"}],"about":[{"href":"https:\/\/ellyt.eu\/fi\/wp-json\/wp\/v2\/types\/product"}],"wp:featuredmedia":[{"embeddable":true,"href":"https:\/\/ellyt.eu\/fi\/wp-json\/wp\/v2\/media\/22507"}],"wp:attachment":[{"href":"https:\/\/ellyt.eu\/fi\/wp-json\/wp\/v2\/media?parent=20899"}],"wp:term":[{"taxonomy":"product_brand","embeddable":true,"href":"https:\/\/ellyt.eu\/fi\/wp-json\/wp\/v2\/product_brand?post=20899"},{"taxonomy":"product_cat","embeddable":true,"href":"https:\/\/ellyt.eu\/fi\/wp-json\/wp\/v2\/product_cat?post=20899"},{"taxonomy":"product_tag","embeddable":true,"href":"https:\/\/ellyt.eu\/fi\/wp-json\/wp\/v2\/product_tag?post=20899"}],"curies":[{"name":"wp","href":"https:\/\/api.w.org\/{rel}","templated":true}]}}