{"id":23115,"date":"2024-06-10T16:08:30","date_gmt":"2024-06-10T13:08:30","guid":{"rendered":"https:\/\/mysnack.ee\/?post_type=product&#038;p=23115"},"modified":"2026-02-27T14:18:44","modified_gmt":"2026-02-27T12:18:44","slug":"mango-puuviljabatoon","status":"publish","type":"product","link":"https:\/\/ellyt.eu\/fi\/product\/mango-puuviljabatoon\/","title":{"rendered":"97% mangohedelm\u00e4patukka 30g"},"content":{"rendered":"<p><strong>M\u00e4\u00e4r\u00e4:<\/strong> 30 g<\/p>\n<p><strong>100 g tuotetta sis\u00e4lt\u00e4\u00e4 keskim\u00e4\u00e4rin:<\/strong><\/p>\n<table style=\"height: 206px;\" width=\"346\">\n<tbody>\n<tr>\n<td>Energiasis\u00e4lt\u00f6<\/td>\n<td>338 kcal \/ 1415 kJ<\/td>\n<\/tr>\n<tr>\n<td>Rasvat<\/td>\n<td>1,3 g<\/td>\n<\/tr>\n<tr>\n<td>\u00a0 \u00a0 josta tyydyttyneit\u00e4 rasvahappoja<\/td>\n<td>0 grammaa<\/td>\n<\/tr>\n<tr>\n<td>Hiilihydraatit<\/td>\n<td>79,4 g<\/td>\n<\/tr>\n<tr>\n<td>\u00a0 \u00a0 josta sokereita<\/td>\n<td>71,8 g<\/td>\n<\/tr>\n<tr>\n<td>Kuitu<\/td>\n<td>6,55 grammaa<\/td>\n<\/tr>\n<tr>\n<td>Proteiinit<\/td>\n<td>2,68 grammaa<\/td>\n<\/tr>\n<tr>\n<td>Suolaa<\/td>\n<td>0,11 g<\/td>\n<\/tr>\n<\/tbody>\n<\/table>\n<div id=\"accel-snackbar\" style=\"left: 50%; top: 50px;\"><\/div>","protected":false},"excerpt":{"rendered":"<p>Mangohedelm\u00e4patukat sis\u00e4lt\u00e4v\u00e4t vain kypsi\u00e4, makeita hedelmi\u00e4 ja luonnollisia vitamiineja. Hedelm\u00e4patukka on hyv\u00e4 ottaa mukaan laukkuun piristykseksi ennen tentti\u00e4 tai kokousta. Mangot<span style=\"font-weight: 400;\"> Se on esimerkiksi runsaasti glutamiinihappoa, joka on t\u00e4rke\u00e4 aine keskittymiskyvyn ja muistin tukemiseksi. Lis\u00e4ksi patukka on erinomainen C-vitamiinin l\u00e4hde.<\/span><\/p>\n<p>Kaikki MySnack-hedelm\u00e4patukat valmistetaan omien reseptiemme mukaan. Patukoissa ei ole grammaakaan tiivistett\u00e4 tai turhia lis\u00e4aineita. Ne valmistetaan suoraan tiloillamme tai niiden l\u00e4hell\u00e4, joten meid\u00e4n ei tarvitse kuljettaa puolipoimittuja hedelmi\u00e4 ymp\u00e4ri maailmaa. N\u00e4in voimme tarjota sinulle hedelmien korkeimman ravintoarvon ja v\u00e4hent\u00e4\u00e4 haitallisia ymp\u00e4rist\u00f6vaikutuksia.<\/p>\n<ul>\n<li style=\"list-style-type: none;\">\n<ul>\n<li>Mango on hyv\u00e4 C-vitamiinin l\u00e4hde (yksi patukka sis\u00e4lt\u00e4\u00e4 51 % p\u00e4ivitt\u00e4isest\u00e4 C-vitamiinin tarpeesta)<\/li>\n<li>Korkea kuitupitoisuus<\/li>\n<li>Gluteeniton<\/li>\n<li>Lis\u00e4\u00e4mme vain v\u00e4h\u00e4n ruokosokeria varmistaaksemme patukan koostumuksen ja pident\u00e4\u00e4ksemme hedelmien s\u00e4ilyvyytt\u00e4 (vain 0,9 g patukkaa kohden).<\/li>\n<li>Luonnostaan makea, sis\u00e4lt\u00e4\u00e4 luonnostaan hedelm\u00e4sokeria<\/li>\n<li>Hedelm\u00e4mme saattavat luonnostaan tummua ajan my\u00f6t\u00e4 pakkauksessa. T\u00e4m\u00e4 johtuu eritt\u00e4in pienest\u00e4 sulfiittim\u00e4\u00e4r\u00e4st\u00e4, jota lis\u00e4\u00e4mme vain tarvittavan m\u00e4\u00e4r\u00e4n (0,01%) verrattuna normaalisti lis\u00e4tt\u00e4viin sulfiitteihin pit\u00e4\u00e4ksemme hedelm\u00e4patukan tuoreena ja est\u00e4\u00e4ksemme homeen muodostumisen.<\/li>\n<li>Yhden patukan valmistukseen k\u00e4ytet\u00e4\u00e4n 375 g kyps\u00e4\u00e4 mangoa<\/li>\n<li>Sopii vegaaneille<\/li>\n<\/ul>\n<\/li>\n<\/ul>\n<p><strong>Ainesosat:<\/strong> mango 97%, ruokosokeri, happamuudens\u00e4\u00e4t\u00f6aine: sitruunahappo, antioksidantti: natriumdisulfiitti.<\/p>\n<p>S\u00e4ilyt\u00e4 viile\u00e4ss\u00e4 ja kuivassa paikassa.<\/p>\n<div id=\"accel-snackbar\" style=\"left: 50%; top: 50px;\"><\/div>","protected":false},"featured_media":22657,"template":"","meta":{"inline_featured_image":false},"product_brand":[],"product_cat":[675],"product_tag":[],"class_list":{"0":"post-23115","1":"product","2":"type-product","3":"status-publish","4":"has-post-thumbnail","6":"product_cat-puuviljabatoonid","7":"pa_kogus-kast","8":"pa_kogus-tukk","9":"pa_sisaldab-mysnacki-farmist","10":"pa_sisaldab-vegan","12":"first","13":"instock","14":"taxable","15":"shipping-taxable","16":"purchasable","17":"product-type-variable","18":"has-default-attributes"},"yoast_head":"<!-- This site is optimized with the Yoast SEO plugin v27.1.1 - https:\/\/yoast.com\/product\/yoast-seo-wordpress\/ -->\n<title>97% mango puuviljabatoon 30g | Patuvabad sn\u00e4kid<\/title>\n<meta name=\"description\" content=\"97% mango puuviljabatoon on valmistatud k\u00f5ige mahlakamatest, p\u00e4ikesek\u00fcpsetest mangodest ning neis on rohkelt C-vitamiini. Vaata l\u00e4hemalt!\" \/>\n<meta name=\"robots\" content=\"index, follow, max-snippet:-1, max-image-preview:large, max-video-preview:-1\" \/>\n<link rel=\"canonical\" href=\"https:\/\/ellyt.eu\/fi\/tuote\/mango-puuviljabatoon\/\" \/>\n<meta property=\"og:locale\" content=\"fi_FI\" \/>\n<meta property=\"og:type\" content=\"article\" \/>\n<meta property=\"og:title\" content=\"97% mango puuviljabatoon 30g | Patuvabad sn\u00e4kid\" \/>\n<meta property=\"og:description\" content=\"97% mango puuviljabatoon on valmistatud k\u00f5ige mahlakamatest, p\u00e4ikesek\u00fcpsetest mangodest ning neis on rohkelt C-vitamiini. Vaata l\u00e4hemalt!\" \/>\n<meta property=\"og:url\" content=\"https:\/\/ellyt.eu\/fi\/tuote\/mango-puuviljabatoon\/\" \/>\n<meta property=\"og:site_name\" content=\"Ellyt\" \/>\n<meta property=\"article:publisher\" content=\"https:\/\/www.facebook.com\/MySnack.ee\/\" \/>\n<meta property=\"article:modified_time\" content=\"2026-02-27T12:18:44+00:00\" \/>\n<meta property=\"og:image\" content=\"https:\/\/ellyt.eu\/wp-content\/uploads\/2024\/05\/Mangobatoon.png\" \/>\n\t<meta property=\"og:image:width\" content=\"1080\" \/>\n\t<meta property=\"og:image:height\" content=\"1080\" \/>\n\t<meta property=\"og:image:type\" content=\"image\/png\" \/>\n<meta name=\"twitter:card\" content=\"summary_large_image\" \/>\n<meta name=\"twitter:label1\" content=\"Arvioitu lukuaika\" \/>\n\t<meta name=\"twitter:data1\" content=\"1 minuutti\" \/>\n<script type=\"application\/ld+json\" class=\"yoast-schema-graph\">{\"@context\":\"https:\/\/schema.org\",\"@graph\":[{\"@type\":\"WebPage\",\"@id\":\"https:\/\/ellyt.eu\/toode\/mango-puuviljabatoon\/\",\"url\":\"https:\/\/ellyt.eu\/toode\/mango-puuviljabatoon\/\",\"name\":\"97% mango puuviljabatoon 30g | Patuvabad sn\u00e4kid\",\"isPartOf\":{\"@id\":\"https:\/\/ellyt.eu\/#website\"},\"primaryImageOfPage\":{\"@id\":\"https:\/\/ellyt.eu\/toode\/mango-puuviljabatoon\/#primaryimage\"},\"image\":{\"@id\":\"https:\/\/ellyt.eu\/toode\/mango-puuviljabatoon\/#primaryimage\"},\"thumbnailUrl\":\"https:\/\/ellyt.eu\/wp-content\/uploads\/2024\/05\/Mangobatoon.png\",\"datePublished\":\"2024-06-10T13:08:30+00:00\",\"dateModified\":\"2026-02-27T12:18:44+00:00\",\"description\":\"97% mango puuviljabatoon on valmistatud k\u00f5ige mahlakamatest, p\u00e4ikesek\u00fcpsetest mangodest ning neis on rohkelt C-vitamiini. Vaata l\u00e4hemalt!\",\"breadcrumb\":{\"@id\":\"https:\/\/ellyt.eu\/toode\/mango-puuviljabatoon\/#breadcrumb\"},\"inLanguage\":\"fi\",\"potentialAction\":[{\"@type\":\"ReadAction\",\"target\":[\"https:\/\/ellyt.eu\/toode\/mango-puuviljabatoon\/\"]}]},{\"@type\":\"ImageObject\",\"inLanguage\":\"fi\",\"@id\":\"https:\/\/ellyt.eu\/toode\/mango-puuviljabatoon\/#primaryimage\",\"url\":\"https:\/\/ellyt.eu\/wp-content\/uploads\/2024\/05\/Mangobatoon.png\",\"contentUrl\":\"https:\/\/ellyt.eu\/wp-content\/uploads\/2024\/05\/Mangobatoon.png\",\"width\":1080,\"height\":1080,\"caption\":\"Mango puuviljabatoon\"},{\"@type\":\"BreadcrumbList\",\"@id\":\"https:\/\/ellyt.eu\/toode\/mango-puuviljabatoon\/#breadcrumb\",\"itemListElement\":[{\"@type\":\"ListItem\",\"position\":1,\"name\":\"Esileht\",\"item\":\"https:\/\/ellyt.eu\/\"},{\"@type\":\"ListItem\",\"position\":2,\"name\":\"Pood\",\"item\":\"https:\/\/ellyt.eu\/pood\/\"},{\"@type\":\"ListItem\",\"position\":3,\"name\":\"97% mango puuviljabatoon 30g\"}]},{\"@type\":\"WebSite\",\"@id\":\"https:\/\/ellyt.eu\/#website\",\"url\":\"https:\/\/ellyt.eu\/\",\"name\":\"Ellyt\",\"description\":\"Ellyt E-Pood\",\"publisher\":{\"@id\":\"https:\/\/ellyt.eu\/#organization\"},\"potentialAction\":[{\"@type\":\"SearchAction\",\"target\":{\"@type\":\"EntryPoint\",\"urlTemplate\":\"https:\/\/ellyt.eu\/?s={search_term_string}\"},\"query-input\":{\"@type\":\"PropertyValueSpecification\",\"valueRequired\":true,\"valueName\":\"search_term_string\"}}],\"inLanguage\":\"fi\"},{\"@type\":\"Organization\",\"@id\":\"https:\/\/ellyt.eu\/#organization\",\"name\":\"MySnack\",\"url\":\"https:\/\/ellyt.eu\/\",\"logo\":{\"@type\":\"ImageObject\",\"inLanguage\":\"fi\",\"@id\":\"https:\/\/ellyt.eu\/#\/schema\/logo\/image\/\",\"url\":\"https:\/\/mysnack.shop\/wp-content\/uploads\/2023\/09\/MySnack_logo.png\",\"contentUrl\":\"https:\/\/mysnack.shop\/wp-content\/uploads\/2023\/09\/MySnack_logo.png\",\"width\":400,\"height\":148,\"caption\":\"MySnack\"},\"image\":{\"@id\":\"https:\/\/ellyt.eu\/#\/schema\/logo\/image\/\"},\"sameAs\":[\"https:\/\/www.facebook.com\/MySnack.ee\/\",\"https:\/\/www.instagram.com\/mysnack_eesti\/\"]}]}<\/script>\n<!-- \/ Yoast SEO plugin. -->","yoast_head_json":{"title":"97% mangohedelm\u00e4patukka 30g | Sinless snacks","description":"97% mangohedelm\u00e4patukka on valmistettu mehukkaimmista, auringon kypsytt\u00e4mist\u00e4 mangoista ja se on runsas C-vitamiinipitoinen. Katso tarkemmin!","robots":{"index":"index","follow":"follow","max-snippet":"max-snippet:-1","max-image-preview":"max-image-preview:large","max-video-preview":"max-video-preview:-1"},"canonical":"https:\/\/ellyt.eu\/fi\/tuote\/mango-puuviljabatoon\/","og_locale":"fi_FI","og_type":"article","og_title":"97% mango puuviljabatoon 30g | Patuvabad sn\u00e4kid","og_description":"97% mango puuviljabatoon on valmistatud k\u00f5ige mahlakamatest, p\u00e4ikesek\u00fcpsetest mangodest ning neis on rohkelt C-vitamiini. Vaata l\u00e4hemalt!","og_url":"https:\/\/ellyt.eu\/fi\/tuote\/mango-puuviljabatoon\/","og_site_name":"Ellyt","article_publisher":"https:\/\/www.facebook.com\/MySnack.ee\/","article_modified_time":"2026-02-27T12:18:44+00:00","og_image":[{"width":1080,"height":1080,"url":"https:\/\/ellyt.eu\/wp-content\/uploads\/2024\/05\/Mangobatoon.png","type":"image\/png"}],"twitter_card":"summary_large_image","twitter_misc":{"Arvioitu lukuaika":"1 minuutti"},"schema":{"@context":"https:\/\/schema.org","@graph":[{"@type":"WebPage","@id":"https:\/\/ellyt.eu\/toode\/mango-puuviljabatoon\/","url":"https:\/\/ellyt.eu\/toode\/mango-puuviljabatoon\/","name":"97% mangohedelm\u00e4patukka 30g | Sinless snacks","isPartOf":{"@id":"https:\/\/ellyt.eu\/#website"},"primaryImageOfPage":{"@id":"https:\/\/ellyt.eu\/toode\/mango-puuviljabatoon\/#primaryimage"},"image":{"@id":"https:\/\/ellyt.eu\/toode\/mango-puuviljabatoon\/#primaryimage"},"thumbnailUrl":"https:\/\/ellyt.eu\/wp-content\/uploads\/2024\/05\/Mangobatoon.png","datePublished":"2024-06-10T13:08:30+00:00","dateModified":"2026-02-27T12:18:44+00:00","description":"97% mangohedelm\u00e4patukka on valmistettu mehukkaimmista, auringon kypsytt\u00e4mist\u00e4 mangoista ja se on runsas C-vitamiinipitoinen. Katso tarkemmin!","breadcrumb":{"@id":"https:\/\/ellyt.eu\/toode\/mango-puuviljabatoon\/#breadcrumb"},"inLanguage":"fi","potentialAction":[{"@type":"ReadAction","target":["https:\/\/ellyt.eu\/toode\/mango-puuviljabatoon\/"]}]},{"@type":"ImageObject","inLanguage":"fi","@id":"https:\/\/ellyt.eu\/toode\/mango-puuviljabatoon\/#primaryimage","url":"https:\/\/ellyt.eu\/wp-content\/uploads\/2024\/05\/Mangobatoon.png","contentUrl":"https:\/\/ellyt.eu\/wp-content\/uploads\/2024\/05\/Mangobatoon.png","width":1080,"height":1080,"caption":"Mango puuviljabatoon"},{"@type":"BreadcrumbList","@id":"https:\/\/ellyt.eu\/toode\/mango-puuviljabatoon\/#breadcrumb","itemListElement":[{"@type":"ListItem","position":1,"name":"Esileht","item":"https:\/\/ellyt.eu\/"},{"@type":"ListItem","position":2,"name":"Pood","item":"https:\/\/ellyt.eu\/pood\/"},{"@type":"ListItem","position":3,"name":"97% mango puuviljabatoon 30g"}]},{"@type":"WebSite","@id":"https:\/\/ellyt.eu\/#website","url":"https:\/\/ellyt.eu\/","name":"Ellyt","description":"Ellytin verkkokauppa","publisher":{"@id":"https:\/\/ellyt.eu\/#organization"},"potentialAction":[{"@type":"SearchAction","target":{"@type":"EntryPoint","urlTemplate":"https:\/\/ellyt.eu\/?s={search_term_string}"},"query-input":{"@type":"PropertyValueSpecification","valueRequired":true,"valueName":"search_term_string"}}],"inLanguage":"fi"},{"@type":"Organization","@id":"https:\/\/ellyt.eu\/#organization","name":"MySnack","url":"https:\/\/ellyt.eu\/","logo":{"@type":"ImageObject","inLanguage":"fi","@id":"https:\/\/ellyt.eu\/#\/schema\/logo\/image\/","url":"https:\/\/mysnack.shop\/wp-content\/uploads\/2023\/09\/MySnack_logo.png","contentUrl":"https:\/\/mysnack.shop\/wp-content\/uploads\/2023\/09\/MySnack_logo.png","width":400,"height":148,"caption":"MySnack"},"image":{"@id":"https:\/\/ellyt.eu\/#\/schema\/logo\/image\/"},"sameAs":["https:\/\/www.facebook.com\/MySnack.ee\/","https:\/\/www.instagram.com\/mysnack_eesti\/"]}]}},"_links":{"self":[{"href":"https:\/\/ellyt.eu\/fi\/wp-json\/wp\/v2\/product\/23115","targetHints":{"allow":["GET"]}}],"collection":[{"href":"https:\/\/ellyt.eu\/fi\/wp-json\/wp\/v2\/product"}],"about":[{"href":"https:\/\/ellyt.eu\/fi\/wp-json\/wp\/v2\/types\/product"}],"wp:featuredmedia":[{"embeddable":true,"href":"https:\/\/ellyt.eu\/fi\/wp-json\/wp\/v2\/media\/22657"}],"wp:attachment":[{"href":"https:\/\/ellyt.eu\/fi\/wp-json\/wp\/v2\/media?parent=23115"}],"wp:term":[{"taxonomy":"product_brand","embeddable":true,"href":"https:\/\/ellyt.eu\/fi\/wp-json\/wp\/v2\/product_brand?post=23115"},{"taxonomy":"product_cat","embeddable":true,"href":"https:\/\/ellyt.eu\/fi\/wp-json\/wp\/v2\/product_cat?post=23115"},{"taxonomy":"product_tag","embeddable":true,"href":"https:\/\/ellyt.eu\/fi\/wp-json\/wp\/v2\/product_tag?post=23115"}],"curies":[{"name":"wp","href":"https:\/\/api.w.org\/{rel}","templated":true}]}}