{"id":23764,"date":"2024-07-23T12:46:05","date_gmt":"2024-07-23T09:46:05","guid":{"rendered":"https:\/\/mysnack.ee\/?post_type=product&#038;p=23764"},"modified":"2024-11-27T15:29:30","modified_gmt":"2024-11-27T13:29:30","slug":"ananassi-eripakkumine","status":"publish","type":"product","link":"https:\/\/ellyt.eu\/fi\/product\/ananassi-eripakkumine\/","title":{"rendered":"Ananas-erikoistarjous"},"content":{"rendered":"<p>Meie kuivatatud ananassid sisaldavad palju kiudaineid kuna t\u00e4nu eritehnoloogiale me ei l\u00f5ika v\u00e4lja s\u00fcdamikku vaid madalal temperatuuril kuivatades suudame selle j\u00e4tta mahlaseks ja m\u00f5nusalt pehmeks nagu kogu viljaliha.<\/p>\n<p>Kas teadsid, et suur osa kiudainetest ananassil peitubki selle s\u00fcdamikus. V\u00e4lja l\u00f5igatakse need ananassidel, mida kuumutatakse kiir meetodil ja k\u00f5rge temperatuuriga, et massi toota madalama kvaliteediga ananassidest.<\/p>\n<p><strong>Ananass &#8211; <\/strong>koostisosad: ananass 95%, roosuhkur, happesuse regulaator: sidrunhape, antioks\u00fcdant: naatriumdisulfit.<\/p>","protected":false},"excerpt":{"rendered":"<p>Voit saada ananaksen erikoistarjouksen <strong>Voit tilata noutamalla toimistoltamme osoitteessa Siduri 9, Tallinna. Voit ostaa my\u00f6s muita tuotteita paikan p\u00e4\u00e4ll\u00e4!<\/strong><\/p>\n<p>&nbsp;<\/p>\n<p>Meie kuivatatud ananassid sisaldavad palju kiudaineid kuna t\u00e4nu eritehnoloogiale me ei l\u00f5ika v\u00e4lja s\u00fcdamikku vaid madalal temperatuuril kuivatades suudame selle j\u00e4tta mahlaseks ja m\u00f5nusalt pehmeks nagu kogu viljaliha.<\/p>\n<p>Kas teadsid, et suur osa kiudainetest ananassil peitubki selle s\u00fcdamikus. V\u00e4lja l\u00f5igatakse need ananassidel, mida kuumutatakse kiir meetodil ja k\u00f5rge temperatuuriga, et massi toota madalama kvaliteediga ananassidest.<\/p>\n<p>&nbsp;<\/p>\n<p>Ananassil on omistatud palju kasulikke tervisem\u00f5jusid, n\u00e4iteks seostatakse seda seedimise toetamisega, immuunsuse tugevdamisega ning haiguste vastu v\u00f5itlemisega.<\/p>\n<ul>\n<li style=\"list-style-type: none;\">\n<ul>\n<li>Korkea C-vitamiinipitoisuus<\/li>\n<li>100 g tuotetta sis\u00e4lt\u00e4\u00e4 451,3 % C-vitamiinin p\u00e4ivitt\u00e4isest\u00e4 tarpeesta, 41,3 % kaliumin p\u00e4ivitt\u00e4isest\u00e4 tarpeesta ja 1,21 % kalsiumin p\u00e4ivitt\u00e4isest\u00e4 tarpeesta.<\/li>\n<li>Korkea kuitupitoisuus<\/li>\n<li>Lis\u00e4\u00e4mme v\u00e4himm\u00e4ism\u00e4\u00e4r\u00e4n ruokosokeria<\/li>\n<li>Luonnostaan makea, sis\u00e4lt\u00e4\u00e4 luonnostaan hedelm\u00e4sokeria<\/li>\n<li>Hedelm\u00e4mme saattavat luonnostaan tummua ajan my\u00f6t\u00e4 pakkauksessa. T\u00e4m\u00e4 johtuu eritt\u00e4in pienest\u00e4 sulfiittim\u00e4\u00e4r\u00e4st\u00e4, jota lis\u00e4\u00e4mme vain tarvittavan m\u00e4\u00e4r\u00e4n (0,01%) verrattuna normaalisti lis\u00e4tt\u00e4viin sulfiitteihin pit\u00e4\u00e4ksemme hedelm\u00e4t tuoreina ja est\u00e4\u00e4ksemme homeen muodostumisen.<\/li>\n<li>1000 grammasta kyps\u00e4\u00e4 ananasta valmistetaan 80 grammaa kuivattua tuotetta.<\/li>\n<li>Sopii vegaaneille<\/li>\n<\/ul>\n<\/li>\n<\/ul>\n<ul>\n<li style=\"list-style-type: none;\"><\/li>\n<\/ul>","protected":false},"featured_media":23756,"template":"","meta":{"inline_featured_image":false},"product_brand":[],"product_cat":[687],"product_tag":[],"class_list":{"0":"post-23764","1":"product","2":"type-product","3":"status-publish","4":"has-post-thumbnail","6":"product_cat-kinkekarbid","7":"product_shipping_class-varsked-marjad","9":"first","10":"instock","11":"sale","12":"taxable","13":"shipping-taxable","14":"purchasable","15":"product-type-simple"},"yoast_head":"<!-- This site is optimized with the Yoast SEO plugin v27.1.1 - https:\/\/yoast.com\/product\/yoast-seo-wordpress\/ -->\n<title>Ananassi eripakkumine - Ellyt<\/title>\n<meta name=\"description\" content=\"Kasuta v\u00f5imalust ja soeta kvaliteetne pehme kuivatatud ananass eriti hea hinnaga.\" \/>\n<meta name=\"robots\" content=\"index, follow, max-snippet:-1, max-image-preview:large, max-video-preview:-1\" \/>\n<link rel=\"canonical\" href=\"https:\/\/ellyt.eu\/fi\/tuote\/ananassi-eripakkumine\/\" \/>\n<meta property=\"og:locale\" content=\"fi_FI\" \/>\n<meta property=\"og:type\" content=\"article\" \/>\n<meta property=\"og:title\" content=\"Ananassi eripakkumine - Ellyt\" \/>\n<meta property=\"og:description\" content=\"Kasuta v\u00f5imalust ja soeta kvaliteetne pehme kuivatatud ananass eriti hea hinnaga.\" \/>\n<meta property=\"og:url\" content=\"https:\/\/ellyt.eu\/fi\/tuote\/ananassi-eripakkumine\/\" \/>\n<meta property=\"og:site_name\" content=\"Ellyt\" \/>\n<meta property=\"article:publisher\" content=\"https:\/\/www.facebook.com\/MySnack.ee\/\" \/>\n<meta property=\"article:modified_time\" content=\"2024-11-27T13:29:30+00:00\" \/>\n<meta property=\"og:image\" content=\"https:\/\/ellyt.eu\/wp-content\/uploads\/2024\/07\/Use-your-benefits-ananass-post.png\" \/>\n\t<meta property=\"og:image:width\" content=\"940\" \/>\n\t<meta property=\"og:image:height\" content=\"788\" \/>\n\t<meta property=\"og:image:type\" content=\"image\/png\" \/>\n<meta name=\"twitter:card\" content=\"summary_large_image\" \/>\n<meta name=\"twitter:label1\" content=\"Arvioitu lukuaika\" \/>\n\t<meta name=\"twitter:data1\" content=\"1 minuutti\" \/>\n<script type=\"application\/ld+json\" class=\"yoast-schema-graph\">{\"@context\":\"https:\/\/schema.org\",\"@graph\":[{\"@type\":\"WebPage\",\"@id\":\"https:\/\/ellyt.eu\/toode\/ananassi-eripakkumine\/\",\"url\":\"https:\/\/ellyt.eu\/toode\/ananassi-eripakkumine\/\",\"name\":\"Ananassi eripakkumine - Ellyt\",\"isPartOf\":{\"@id\":\"https:\/\/ellyt.eu\/#website\"},\"primaryImageOfPage\":{\"@id\":\"https:\/\/ellyt.eu\/toode\/ananassi-eripakkumine\/#primaryimage\"},\"image\":{\"@id\":\"https:\/\/ellyt.eu\/toode\/ananassi-eripakkumine\/#primaryimage\"},\"thumbnailUrl\":\"https:\/\/ellyt.eu\/wp-content\/uploads\/2024\/07\/Use-your-benefits-ananass-post.png\",\"datePublished\":\"2024-07-23T09:46:05+00:00\",\"dateModified\":\"2024-11-27T13:29:30+00:00\",\"description\":\"Kasuta v\u00f5imalust ja soeta kvaliteetne pehme kuivatatud ananass eriti hea hinnaga.\",\"breadcrumb\":{\"@id\":\"https:\/\/ellyt.eu\/toode\/ananassi-eripakkumine\/#breadcrumb\"},\"inLanguage\":\"fi\",\"potentialAction\":[{\"@type\":\"ReadAction\",\"target\":[\"https:\/\/ellyt.eu\/toode\/ananassi-eripakkumine\/\"]}]},{\"@type\":\"ImageObject\",\"inLanguage\":\"fi\",\"@id\":\"https:\/\/ellyt.eu\/toode\/ananassi-eripakkumine\/#primaryimage\",\"url\":\"https:\/\/ellyt.eu\/wp-content\/uploads\/2024\/07\/Use-your-benefits-ananass-post.png\",\"contentUrl\":\"https:\/\/ellyt.eu\/wp-content\/uploads\/2024\/07\/Use-your-benefits-ananass-post.png\",\"width\":940,\"height\":788},{\"@type\":\"BreadcrumbList\",\"@id\":\"https:\/\/ellyt.eu\/toode\/ananassi-eripakkumine\/#breadcrumb\",\"itemListElement\":[{\"@type\":\"ListItem\",\"position\":1,\"name\":\"Esileht\",\"item\":\"https:\/\/ellyt.eu\/\"},{\"@type\":\"ListItem\",\"position\":2,\"name\":\"Pood\",\"item\":\"https:\/\/ellyt.eu\/pood\/\"},{\"@type\":\"ListItem\",\"position\":3,\"name\":\"Ananassi eripakkumine\"}]},{\"@type\":\"WebSite\",\"@id\":\"https:\/\/ellyt.eu\/#website\",\"url\":\"https:\/\/ellyt.eu\/\",\"name\":\"Ellyt\",\"description\":\"Ellyt E-Pood\",\"publisher\":{\"@id\":\"https:\/\/ellyt.eu\/#organization\"},\"potentialAction\":[{\"@type\":\"SearchAction\",\"target\":{\"@type\":\"EntryPoint\",\"urlTemplate\":\"https:\/\/ellyt.eu\/?s={search_term_string}\"},\"query-input\":{\"@type\":\"PropertyValueSpecification\",\"valueRequired\":true,\"valueName\":\"search_term_string\"}}],\"inLanguage\":\"fi\"},{\"@type\":\"Organization\",\"@id\":\"https:\/\/ellyt.eu\/#organization\",\"name\":\"MySnack\",\"url\":\"https:\/\/ellyt.eu\/\",\"logo\":{\"@type\":\"ImageObject\",\"inLanguage\":\"fi\",\"@id\":\"https:\/\/ellyt.eu\/#\/schema\/logo\/image\/\",\"url\":\"https:\/\/mysnack.shop\/wp-content\/uploads\/2023\/09\/MySnack_logo.png\",\"contentUrl\":\"https:\/\/mysnack.shop\/wp-content\/uploads\/2023\/09\/MySnack_logo.png\",\"width\":400,\"height\":148,\"caption\":\"MySnack\"},\"image\":{\"@id\":\"https:\/\/ellyt.eu\/#\/schema\/logo\/image\/\"},\"sameAs\":[\"https:\/\/www.facebook.com\/MySnack.ee\/\",\"https:\/\/www.instagram.com\/mysnack_eesti\/\"]}]}<\/script>\n<!-- \/ Yoast SEO plugin. -->","yoast_head_json":{"title":"Ananassi eripakkumine - Ellyt","description":"Kasuta v\u00f5imalust ja soeta kvaliteetne pehme kuivatatud ananass eriti hea hinnaga.","robots":{"index":"index","follow":"follow","max-snippet":"max-snippet:-1","max-image-preview":"max-image-preview:large","max-video-preview":"max-video-preview:-1"},"canonical":"https:\/\/ellyt.eu\/fi\/tuote\/ananassi-eripakkumine\/","og_locale":"fi_FI","og_type":"article","og_title":"Ananassi eripakkumine - Ellyt","og_description":"Kasuta v\u00f5imalust ja soeta kvaliteetne pehme kuivatatud ananass eriti hea hinnaga.","og_url":"https:\/\/ellyt.eu\/fi\/tuote\/ananassi-eripakkumine\/","og_site_name":"Ellyt","article_publisher":"https:\/\/www.facebook.com\/MySnack.ee\/","article_modified_time":"2024-11-27T13:29:30+00:00","og_image":[{"width":940,"height":788,"url":"https:\/\/ellyt.eu\/wp-content\/uploads\/2024\/07\/Use-your-benefits-ananass-post.png","type":"image\/png"}],"twitter_card":"summary_large_image","twitter_misc":{"Arvioitu lukuaika":"1 minuutti"},"schema":{"@context":"https:\/\/schema.org","@graph":[{"@type":"WebPage","@id":"https:\/\/ellyt.eu\/toode\/ananassi-eripakkumine\/","url":"https:\/\/ellyt.eu\/toode\/ananassi-eripakkumine\/","name":"Ananassi eripakkumine - Ellyt","isPartOf":{"@id":"https:\/\/ellyt.eu\/#website"},"primaryImageOfPage":{"@id":"https:\/\/ellyt.eu\/toode\/ananassi-eripakkumine\/#primaryimage"},"image":{"@id":"https:\/\/ellyt.eu\/toode\/ananassi-eripakkumine\/#primaryimage"},"thumbnailUrl":"https:\/\/ellyt.eu\/wp-content\/uploads\/2024\/07\/Use-your-benefits-ananass-post.png","datePublished":"2024-07-23T09:46:05+00:00","dateModified":"2024-11-27T13:29:30+00:00","description":"Kasuta v\u00f5imalust ja soeta kvaliteetne pehme kuivatatud ananass eriti hea hinnaga.","breadcrumb":{"@id":"https:\/\/ellyt.eu\/toode\/ananassi-eripakkumine\/#breadcrumb"},"inLanguage":"fi","potentialAction":[{"@type":"ReadAction","target":["https:\/\/ellyt.eu\/toode\/ananassi-eripakkumine\/"]}]},{"@type":"ImageObject","inLanguage":"fi","@id":"https:\/\/ellyt.eu\/toode\/ananassi-eripakkumine\/#primaryimage","url":"https:\/\/ellyt.eu\/wp-content\/uploads\/2024\/07\/Use-your-benefits-ananass-post.png","contentUrl":"https:\/\/ellyt.eu\/wp-content\/uploads\/2024\/07\/Use-your-benefits-ananass-post.png","width":940,"height":788},{"@type":"BreadcrumbList","@id":"https:\/\/ellyt.eu\/toode\/ananassi-eripakkumine\/#breadcrumb","itemListElement":[{"@type":"ListItem","position":1,"name":"Esileht","item":"https:\/\/ellyt.eu\/"},{"@type":"ListItem","position":2,"name":"Pood","item":"https:\/\/ellyt.eu\/pood\/"},{"@type":"ListItem","position":3,"name":"Ananassi eripakkumine"}]},{"@type":"WebSite","@id":"https:\/\/ellyt.eu\/#website","url":"https:\/\/ellyt.eu\/","name":"Ellyt","description":"Ellytin verkkokauppa","publisher":{"@id":"https:\/\/ellyt.eu\/#organization"},"potentialAction":[{"@type":"SearchAction","target":{"@type":"EntryPoint","urlTemplate":"https:\/\/ellyt.eu\/?s={search_term_string}"},"query-input":{"@type":"PropertyValueSpecification","valueRequired":true,"valueName":"search_term_string"}}],"inLanguage":"fi"},{"@type":"Organization","@id":"https:\/\/ellyt.eu\/#organization","name":"MySnack","url":"https:\/\/ellyt.eu\/","logo":{"@type":"ImageObject","inLanguage":"fi","@id":"https:\/\/ellyt.eu\/#\/schema\/logo\/image\/","url":"https:\/\/mysnack.shop\/wp-content\/uploads\/2023\/09\/MySnack_logo.png","contentUrl":"https:\/\/mysnack.shop\/wp-content\/uploads\/2023\/09\/MySnack_logo.png","width":400,"height":148,"caption":"MySnack"},"image":{"@id":"https:\/\/ellyt.eu\/#\/schema\/logo\/image\/"},"sameAs":["https:\/\/www.facebook.com\/MySnack.ee\/","https:\/\/www.instagram.com\/mysnack_eesti\/"]}]}},"_links":{"self":[{"href":"https:\/\/ellyt.eu\/fi\/wp-json\/wp\/v2\/product\/23764","targetHints":{"allow":["GET"]}}],"collection":[{"href":"https:\/\/ellyt.eu\/fi\/wp-json\/wp\/v2\/product"}],"about":[{"href":"https:\/\/ellyt.eu\/fi\/wp-json\/wp\/v2\/types\/product"}],"wp:featuredmedia":[{"embeddable":true,"href":"https:\/\/ellyt.eu\/fi\/wp-json\/wp\/v2\/media\/23756"}],"wp:attachment":[{"href":"https:\/\/ellyt.eu\/fi\/wp-json\/wp\/v2\/media?parent=23764"}],"wp:term":[{"taxonomy":"product_brand","embeddable":true,"href":"https:\/\/ellyt.eu\/fi\/wp-json\/wp\/v2\/product_brand?post=23764"},{"taxonomy":"product_cat","embeddable":true,"href":"https:\/\/ellyt.eu\/fi\/wp-json\/wp\/v2\/product_cat?post=23764"},{"taxonomy":"product_tag","embeddable":true,"href":"https:\/\/ellyt.eu\/fi\/wp-json\/wp\/v2\/product_tag?post=23764"}],"curies":[{"name":"wp","href":"https:\/\/api.w.org\/{rel}","templated":true}]}}