{"id":24130,"date":"2025-01-02T11:59:42","date_gmt":"2024-08-18T13:36:21","guid":{"rendered":"https:\/\/mysnack.ee\/?post_type=product&#038;p=24130"},"modified":"2026-03-17T08:23:03","modified_gmt":"2026-03-17T06:23:03","slug":"pehme-kuivatatud-papaia-80-g","status":"publish","type":"product","link":"https:\/\/ellyt.eu\/fi\/product\/pehme-kuivatatud-papaia-80-g\/","title":{"rendered":"Pehme\u00e4 kuivattu papaija 80 g"},"content":{"rendered":"<p><strong>M\u00e4\u00e4r\u00e4:<\/strong> 80 g<\/p>\n<p><strong>100 g tuotetta sis\u00e4lt\u00e4\u00e4 keskim\u00e4\u00e4rin:<\/strong><\/p>\n<table style=\"height: 321px;\" width=\"384\">\n<tbody>\n<tr>\n<td>Energiasis\u00e4lt\u00f6<\/td>\n<td>1381 kJ \/ 330 kcal<\/td>\n<\/tr>\n<tr>\n<td>Rasvat<\/td>\n<td>0,32 g<\/td>\n<\/tr>\n<tr>\n<td>\u00a0 \u00a0 josta tyydyttyneit\u00e4 rasvahappoja<\/td>\n<td>0 grammaa<\/td>\n<\/tr>\n<tr>\n<td>Hiilihydraatit<\/td>\n<td>78,5 g<\/td>\n<\/tr>\n<tr>\n<td>\u00a0 \u00a0 josta sokereita<\/td>\n<td>67,2 g<\/td>\n<\/tr>\n<tr>\n<td>Kuitu<\/td>\n<td>11,5 g<\/td>\n<\/tr>\n<tr>\n<td>Proteiinit<\/td>\n<td>3,3 g<\/td>\n<\/tr>\n<tr>\n<td>Suolaa<\/td>\n<td>0,27 g<\/td>\n<\/tr>\n<\/tbody>\n<\/table>","protected":false},"excerpt":{"rendered":"<p>Kuivattu papaija sis\u00e4lt\u00e4\u00e4 magnesiumia, joka on t\u00e4rke\u00e4\u00e4 syd\u00e4men toiminnalle, koska se auttaa varmistamaan normaalin verenkierron. Papaija my\u00f6s stimuloi ruoansulatusta ja auttaa nopeuttamaan aineenvaihduntaa.<\/p>\n<ul>\n<li style=\"list-style-type: none;\">\n<ul>\n<li>Korkea rautapitoisuus (pakkaus sis\u00e4lt\u00e4\u00e4 361 TP3T p\u00e4ivitt\u00e4isest\u00e4 raudan tarpeesta)<\/li>\n<li>Magnesiumin l\u00e4hde (pakkaus sis\u00e4lt\u00e4\u00e4 191 TP3T p\u00e4ivitt\u00e4isest\u00e4 magnesiumin tarpeesta)<\/li>\n<li>Runsaskuituinen (pakkaus sis\u00e4lt\u00e4\u00e4 33% p\u00e4ivitt\u00e4isest\u00e4 kuitutarpeesta)<\/li>\n<li>Ilman lis\u00e4tty\u00e4 sokeria<\/li>\n<li>Luonnostaan makea, sis\u00e4lt\u00e4\u00e4 luonnostaan hedelm\u00e4sokeria<\/li>\n<li>Gluteeniton<\/li>\n<li>Sopii vegaaneille<\/li>\n<\/ul>\n<\/li>\n<\/ul>\n<p><strong>Ainesosat:<\/strong> papaija 95%, happamuudens\u00e4\u00e4t\u00f6aine: sitruunahappo, antioksidantti: natriumdisulfiitti.<\/p>\n<p>S\u00e4ilyt\u00e4 viile\u00e4ss\u00e4 ja kuivassa paikassa.<\/p>","protected":false},"featured_media":24153,"template":"","meta":{"inline_featured_image":false},"product_brand":[],"product_cat":[428,171],"product_tag":[],"class_list":{"0":"post-24130","1":"product","2":"type-product","3":"status-publish","4":"has-post-thumbnail","6":"product_cat-pehmed-kuivatatud-puuviljad","7":"product_cat-magusad-snakid","8":"pa_kogus-kast","9":"pa_kogus-tukk","10":"pa_sisaldab-mysnacki-farmist","12":"first","13":"instock","14":"taxable","15":"shipping-taxable","16":"purchasable","17":"product-type-variable"},"yoast_head":"<!-- This site is optimized with the Yoast SEO plugin v27.1.1 - https:\/\/yoast.com\/product\/yoast-seo-wordpress\/ -->\n<title>Pehme kuivatatud papaia 80g | Patuvabad sn\u00e4kid<\/title>\n<meta name=\"description\" content=\"Kuivatatud papaia on raud- ja kiudainerikas, suurep\u00e4rane magneesiumiallikas, tervislik vahepala kiirel p\u00e4eval. Vaata l\u00e4hemalt!\" \/>\n<meta name=\"robots\" content=\"index, follow, max-snippet:-1, max-image-preview:large, max-video-preview:-1\" \/>\n<link rel=\"canonical\" href=\"https:\/\/ellyt.eu\/fi\/tuote-2\/pehme-kuivatatud-papaia-80-g\/\" \/>\n<meta property=\"og:locale\" content=\"fi_FI\" \/>\n<meta property=\"og:type\" content=\"article\" \/>\n<meta property=\"og:title\" content=\"Pehme kuivatatud papaia 80g | Patuvabad sn\u00e4kid\" \/>\n<meta property=\"og:description\" content=\"Kuivatatud papaia on raud- ja kiudainerikas, suurep\u00e4rane magneesiumiallikas, tervislik vahepala kiirel p\u00e4eval. Vaata l\u00e4hemalt!\" \/>\n<meta property=\"og:url\" content=\"https:\/\/ellyt.eu\/fi\/tuote-2\/pehme-kuivatatud-papaia-80-g\/\" \/>\n<meta property=\"og:site_name\" content=\"Ellyt\" \/>\n<meta property=\"article:publisher\" content=\"https:\/\/www.facebook.com\/MySnack.ee\/\" \/>\n<meta property=\"article:modified_time\" content=\"2026-03-17T06:23:03+00:00\" \/>\n<meta property=\"og:image\" content=\"https:\/\/ellyt.eu\/wp-content\/uploads\/2024\/08\/Papaia-Snack-Pack-front.png\" \/>\n\t<meta property=\"og:image:width\" content=\"1432\" \/>\n\t<meta property=\"og:image:height\" content=\"1432\" \/>\n\t<meta property=\"og:image:type\" content=\"image\/png\" \/>\n<meta name=\"twitter:card\" content=\"summary_large_image\" \/>\n<meta name=\"twitter:label1\" content=\"Arvioitu lukuaika\" \/>\n\t<meta name=\"twitter:data1\" content=\"1 minuutti\" \/>\n<script type=\"application\/ld+json\" class=\"yoast-schema-graph\">{\"@context\":\"https:\/\/schema.org\",\"@graph\":[{\"@type\":\"WebPage\",\"@id\":\"https:\/\/ellyt.eu\/product\/pehme-kuivatatud-papaia-80-g\/\",\"url\":\"https:\/\/ellyt.eu\/product\/pehme-kuivatatud-papaia-80-g\/\",\"name\":\"Pehme kuivatatud papaia 80g | Patuvabad sn\u00e4kid\",\"isPartOf\":{\"@id\":\"https:\/\/ellyt.eu\/#website\"},\"primaryImageOfPage\":{\"@id\":\"https:\/\/ellyt.eu\/product\/pehme-kuivatatud-papaia-80-g\/#primaryimage\"},\"image\":{\"@id\":\"https:\/\/ellyt.eu\/product\/pehme-kuivatatud-papaia-80-g\/#primaryimage\"},\"thumbnailUrl\":\"https:\/\/ellyt.eu\/wp-content\/uploads\/2024\/08\/Papaia-Snack-Pack-front.png\",\"datePublished\":\"2024-08-18T13:36:21+00:00\",\"dateModified\":\"2026-03-17T06:23:03+00:00\",\"description\":\"Kuivatatud papaia on raud- ja kiudainerikas, suurep\u00e4rane magneesiumiallikas, tervislik vahepala kiirel p\u00e4eval. Vaata l\u00e4hemalt!\",\"breadcrumb\":{\"@id\":\"https:\/\/ellyt.eu\/product\/pehme-kuivatatud-papaia-80-g\/#breadcrumb\"},\"inLanguage\":\"fi\",\"potentialAction\":[{\"@type\":\"ReadAction\",\"target\":[\"https:\/\/ellyt.eu\/product\/pehme-kuivatatud-papaia-80-g\/\"]}]},{\"@type\":\"ImageObject\",\"inLanguage\":\"fi\",\"@id\":\"https:\/\/ellyt.eu\/product\/pehme-kuivatatud-papaia-80-g\/#primaryimage\",\"url\":\"https:\/\/ellyt.eu\/wp-content\/uploads\/2024\/08\/Papaia-Snack-Pack-front.png\",\"contentUrl\":\"https:\/\/ellyt.eu\/wp-content\/uploads\/2024\/08\/Papaia-Snack-Pack-front.png\",\"width\":1432,\"height\":1432},{\"@type\":\"BreadcrumbList\",\"@id\":\"https:\/\/ellyt.eu\/product\/pehme-kuivatatud-papaia-80-g\/#breadcrumb\",\"itemListElement\":[{\"@type\":\"ListItem\",\"position\":1,\"name\":\"Esileht\",\"item\":\"https:\/\/ellyt.eu\/\"},{\"@type\":\"ListItem\",\"position\":2,\"name\":\"Pood\",\"item\":\"https:\/\/ellyt.eu\/pood\/\"},{\"@type\":\"ListItem\",\"position\":3,\"name\":\"Pehme kuivatatud papaia 80g\"}]},{\"@type\":\"WebSite\",\"@id\":\"https:\/\/ellyt.eu\/#website\",\"url\":\"https:\/\/ellyt.eu\/\",\"name\":\"Ellyt\",\"description\":\"Ellyt E-Pood\",\"publisher\":{\"@id\":\"https:\/\/ellyt.eu\/#organization\"},\"potentialAction\":[{\"@type\":\"SearchAction\",\"target\":{\"@type\":\"EntryPoint\",\"urlTemplate\":\"https:\/\/ellyt.eu\/?s={search_term_string}\"},\"query-input\":{\"@type\":\"PropertyValueSpecification\",\"valueRequired\":true,\"valueName\":\"search_term_string\"}}],\"inLanguage\":\"fi\"},{\"@type\":\"Organization\",\"@id\":\"https:\/\/ellyt.eu\/#organization\",\"name\":\"MySnack\",\"url\":\"https:\/\/ellyt.eu\/\",\"logo\":{\"@type\":\"ImageObject\",\"inLanguage\":\"fi\",\"@id\":\"https:\/\/ellyt.eu\/#\/schema\/logo\/image\/\",\"url\":\"https:\/\/mysnack.shop\/wp-content\/uploads\/2023\/09\/MySnack_logo.png\",\"contentUrl\":\"https:\/\/mysnack.shop\/wp-content\/uploads\/2023\/09\/MySnack_logo.png\",\"width\":400,\"height\":148,\"caption\":\"MySnack\"},\"image\":{\"@id\":\"https:\/\/ellyt.eu\/#\/schema\/logo\/image\/\"},\"sameAs\":[\"https:\/\/www.facebook.com\/MySnack.ee\/\",\"https:\/\/www.instagram.com\/mysnack_eesti\/\"]}]}<\/script>\n<!-- \/ Yoast SEO plugin. -->","yoast_head_json":{"title":"Pehme\u00e4 kuivattu papaija 80g | Synnitt\u00f6m\u00e4t v\u00e4lipalat","description":"Kuivattu papaija on runsaasti rautaa ja kuitua sis\u00e4lt\u00e4v\u00e4, erinomainen magnesiumin l\u00e4hde ja terveellinen v\u00e4lipala kiireisen\u00e4 p\u00e4iv\u00e4n\u00e4. Katso tarkemmin!","robots":{"index":"index","follow":"follow","max-snippet":"max-snippet:-1","max-image-preview":"max-image-preview:large","max-video-preview":"max-video-preview:-1"},"canonical":"https:\/\/ellyt.eu\/fi\/tuote-2\/pehme-kuivatatud-papaia-80-g\/","og_locale":"fi_FI","og_type":"article","og_title":"Pehme kuivatatud papaia 80g | Patuvabad sn\u00e4kid","og_description":"Kuivatatud papaia on raud- ja kiudainerikas, suurep\u00e4rane magneesiumiallikas, tervislik vahepala kiirel p\u00e4eval. Vaata l\u00e4hemalt!","og_url":"https:\/\/ellyt.eu\/fi\/tuote-2\/pehme-kuivatatud-papaia-80-g\/","og_site_name":"Ellyt","article_publisher":"https:\/\/www.facebook.com\/MySnack.ee\/","article_modified_time":"2026-03-17T06:23:03+00:00","og_image":[{"width":1432,"height":1432,"url":"https:\/\/ellyt.eu\/wp-content\/uploads\/2024\/08\/Papaia-Snack-Pack-front.png","type":"image\/png"}],"twitter_card":"summary_large_image","twitter_misc":{"Arvioitu lukuaika":"1 minuutti"},"schema":{"@context":"https:\/\/schema.org","@graph":[{"@type":"WebPage","@id":"https:\/\/ellyt.eu\/product\/pehme-kuivatatud-papaia-80-g\/","url":"https:\/\/ellyt.eu\/product\/pehme-kuivatatud-papaia-80-g\/","name":"Pehme\u00e4 kuivattu papaija 80g | Synnitt\u00f6m\u00e4t v\u00e4lipalat","isPartOf":{"@id":"https:\/\/ellyt.eu\/#website"},"primaryImageOfPage":{"@id":"https:\/\/ellyt.eu\/product\/pehme-kuivatatud-papaia-80-g\/#primaryimage"},"image":{"@id":"https:\/\/ellyt.eu\/product\/pehme-kuivatatud-papaia-80-g\/#primaryimage"},"thumbnailUrl":"https:\/\/ellyt.eu\/wp-content\/uploads\/2024\/08\/Papaia-Snack-Pack-front.png","datePublished":"2024-08-18T13:36:21+00:00","dateModified":"2026-03-17T06:23:03+00:00","description":"Kuivattu papaija on runsaasti rautaa ja kuitua sis\u00e4lt\u00e4v\u00e4, erinomainen magnesiumin l\u00e4hde ja terveellinen v\u00e4lipala kiireisen\u00e4 p\u00e4iv\u00e4n\u00e4. Katso tarkemmin!","breadcrumb":{"@id":"https:\/\/ellyt.eu\/product\/pehme-kuivatatud-papaia-80-g\/#breadcrumb"},"inLanguage":"fi","potentialAction":[{"@type":"ReadAction","target":["https:\/\/ellyt.eu\/product\/pehme-kuivatatud-papaia-80-g\/"]}]},{"@type":"ImageObject","inLanguage":"fi","@id":"https:\/\/ellyt.eu\/product\/pehme-kuivatatud-papaia-80-g\/#primaryimage","url":"https:\/\/ellyt.eu\/wp-content\/uploads\/2024\/08\/Papaia-Snack-Pack-front.png","contentUrl":"https:\/\/ellyt.eu\/wp-content\/uploads\/2024\/08\/Papaia-Snack-Pack-front.png","width":1432,"height":1432},{"@type":"BreadcrumbList","@id":"https:\/\/ellyt.eu\/product\/pehme-kuivatatud-papaia-80-g\/#breadcrumb","itemListElement":[{"@type":"ListItem","position":1,"name":"Esileht","item":"https:\/\/ellyt.eu\/"},{"@type":"ListItem","position":2,"name":"Pood","item":"https:\/\/ellyt.eu\/pood\/"},{"@type":"ListItem","position":3,"name":"Pehme kuivatatud papaia 80g"}]},{"@type":"WebSite","@id":"https:\/\/ellyt.eu\/#website","url":"https:\/\/ellyt.eu\/","name":"Ellyt","description":"Ellytin verkkokauppa","publisher":{"@id":"https:\/\/ellyt.eu\/#organization"},"potentialAction":[{"@type":"SearchAction","target":{"@type":"EntryPoint","urlTemplate":"https:\/\/ellyt.eu\/?s={search_term_string}"},"query-input":{"@type":"PropertyValueSpecification","valueRequired":true,"valueName":"search_term_string"}}],"inLanguage":"fi"},{"@type":"Organization","@id":"https:\/\/ellyt.eu\/#organization","name":"MySnack","url":"https:\/\/ellyt.eu\/","logo":{"@type":"ImageObject","inLanguage":"fi","@id":"https:\/\/ellyt.eu\/#\/schema\/logo\/image\/","url":"https:\/\/mysnack.shop\/wp-content\/uploads\/2023\/09\/MySnack_logo.png","contentUrl":"https:\/\/mysnack.shop\/wp-content\/uploads\/2023\/09\/MySnack_logo.png","width":400,"height":148,"caption":"MySnack"},"image":{"@id":"https:\/\/ellyt.eu\/#\/schema\/logo\/image\/"},"sameAs":["https:\/\/www.facebook.com\/MySnack.ee\/","https:\/\/www.instagram.com\/mysnack_eesti\/"]}]}},"_links":{"self":[{"href":"https:\/\/ellyt.eu\/fi\/wp-json\/wp\/v2\/product\/24130","targetHints":{"allow":["GET"]}}],"collection":[{"href":"https:\/\/ellyt.eu\/fi\/wp-json\/wp\/v2\/product"}],"about":[{"href":"https:\/\/ellyt.eu\/fi\/wp-json\/wp\/v2\/types\/product"}],"wp:featuredmedia":[{"embeddable":true,"href":"https:\/\/ellyt.eu\/fi\/wp-json\/wp\/v2\/media\/24153"}],"wp:attachment":[{"href":"https:\/\/ellyt.eu\/fi\/wp-json\/wp\/v2\/media?parent=24130"}],"wp:term":[{"taxonomy":"product_brand","embeddable":true,"href":"https:\/\/ellyt.eu\/fi\/wp-json\/wp\/v2\/product_brand?post=24130"},{"taxonomy":"product_cat","embeddable":true,"href":"https:\/\/ellyt.eu\/fi\/wp-json\/wp\/v2\/product_cat?post=24130"},{"taxonomy":"product_tag","embeddable":true,"href":"https:\/\/ellyt.eu\/fi\/wp-json\/wp\/v2\/product_tag?post=24130"}],"curies":[{"name":"wp","href":"https:\/\/api.w.org\/{rel}","templated":true}]}}