{"id":25115,"date":"2024-10-21T15:20:12","date_gmt":"2024-10-21T12:20:12","guid":{"rendered":"https:\/\/mysnack.ee\/?post_type=product&#038;p=25115"},"modified":"2024-11-27T14:46:43","modified_gmt":"2024-11-27T12:46:43","slug":"neli-kinkepakk-magus-kingitus-loodusest","status":"publish","type":"product","link":"https:\/\/ellyt.eu\/fi\/product\/neli-kinkepakk-magus-kingitus-loodusest\/","title":{"rendered":"4 lahjapakkausta \u201cMakea lahja luonnosta\u201d"},"content":{"rendered":"","protected":false},"excerpt":{"rendered":"<p>Todella makea lahja luonnolta! Nelj\u00e4 kaunista lahjapaketoitua pakkausta, joista jokainen sis\u00e4lt\u00e4\u00e4 valikoiman mehukkaita hedelm\u00e4patukoita (6 kappaletta laatikossa).<\/p>\n<ul>\n<li>97% mangohedelm\u00e4patukka 30g<\/li>\n<li>99% papaijahedelm\u00e4patukka 30g<\/li>\n<li>95% passionhedelm\u00e4patukka 30g<\/li>\n<li>99% jaka-hedelm\u00e4patukka 30 g<\/li>\n<li>95% guava-hedelm\u00e4patukka 30 g<\/li>\n<li>100% lohik\u00e4\u00e4rmeen hedelm\u00e4patukka 30g<\/li>\n<\/ul>\n<p>Puuviljabatoonid sisaldavad vaid k\u00fcpseid magusaid vilju ja naturaalseid vitamiine. Me kuivatame puuvilju eritehnoloogia abil, mis suudab s\u00e4ilitada k\u00fcpsete viljade maksimaalse toitev\u00e4\u00e4rtuse.\u00a0 Puuviljabatooni on hea kotti pista, et turgutada keha ja vaimu enne t\u00e4htsaid \u00fclesandeid.<\/p>\n<p>Kaikki MySnack-hedelm\u00e4patukat valmistetaan omien reseptiemme mukaan. Patukoissa ei ole grammaakaan tiivistett\u00e4 tai turhia lis\u00e4aineita. Ne valmistetaan suoraan tiloillamme tai niiden l\u00e4hell\u00e4, joten meid\u00e4n ei tarvitse kuljettaa puolipoimittuja hedelmi\u00e4 ymp\u00e4ri maailmaa. N\u00e4in voimme tarjota sinulle hedelmien korkeimman ravintoarvon ja v\u00e4hent\u00e4\u00e4 haitallisia ymp\u00e4rist\u00f6vaikutuksia.<\/p>\n<ul>\n<li style=\"list-style-type: none;\">\n<ul>\n<li>Luonnostaan makea, sis\u00e4lt\u00e4\u00e4 luonnostaan hedelm\u00e4sokeria<\/li>\n<li>Ilman lis\u00e4tty\u00e4 valkoista sokeria joissakin patukoissa on ainakin ruokosokeria lis\u00e4tty, mutta enint\u00e4\u00e4n 1,5 g patukkaa kohden!<\/li>\n<li>Gluteeniton<\/li>\n<li>Hedelm\u00e4mme saattavat luonnostaan tummua ajan my\u00f6t\u00e4 pakkauksessa. T\u00e4m\u00e4 johtuu eritt\u00e4in pienest\u00e4 sulfiittim\u00e4\u00e4r\u00e4st\u00e4, jota lis\u00e4\u00e4mme vain tarvittavan m\u00e4\u00e4r\u00e4n (0,01%) verrattuna normaalisti lis\u00e4tt\u00e4viin sulfiitteihin pit\u00e4\u00e4ksemme hedelm\u00e4patukan tuoreena ja est\u00e4\u00e4ksemme homeen muodostumisen.<\/li>\n<\/ul>\n<\/li>\n<\/ul>\n<p>Toodet saab tellida ainult j\u00e4rele tulemisega kontorisse, kuna pakime nad ise k\u00e4sitsi hoole ja armastusega valmis kohapeal!<\/p>\n<p>Meie aadress on Siduri 9, Tallinn. Anna oma tulekust teada, helistades ette +372 5855 4410. Saad meile tulla t\u00f6\u00f6p\u00e4eviti 10.00-16.00 v\u00f5i muul ajal kokkuleppel.<\/p>","protected":false},"featured_media":25544,"template":"","meta":{"inline_featured_image":false},"product_brand":[],"product_cat":[687],"product_tag":[],"class_list":{"0":"post-25115","1":"product","2":"type-product","3":"status-publish","4":"has-post-thumbnail","6":"product_cat-kinkekarbid","7":"product_shipping_class-varsked-marjad","9":"first","10":"instock","11":"taxable","12":"shipping-taxable","13":"purchasable","14":"product-type-simple"},"yoast_head":"<!-- This site is optimized with the Yoast SEO plugin v27.1.1 - https:\/\/yoast.com\/product\/yoast-seo-wordpress\/ -->\n<title>4 kinkepakki &quot;Magus kingitus loodusest&quot; - Ellyt<\/title>\n<meta name=\"description\" content=\"Valik mahlaseid puuviljabatoone (karbis 4tk) kaunis kinkepakis. Puuviljabatoonid sisaldavad vaid k\u00fcpseid magusaid vilju ja naturaalseid vitamiine.\" \/>\n<meta name=\"robots\" content=\"index, follow, max-snippet:-1, max-image-preview:large, max-video-preview:-1\" \/>\n<link rel=\"canonical\" href=\"https:\/\/ellyt.eu\/fi\/tuote\/neli-kinkepakk-magus-kingitus-loodusest\/\" \/>\n<meta property=\"og:locale\" content=\"fi_FI\" \/>\n<meta property=\"og:type\" content=\"article\" \/>\n<meta property=\"og:title\" content=\"4 kinkepakki &quot;Magus kingitus loodusest&quot; - Ellyt\" \/>\n<meta property=\"og:description\" content=\"Valik mahlaseid puuviljabatoone (karbis 4tk) kaunis kinkepakis. Puuviljabatoonid sisaldavad vaid k\u00fcpseid magusaid vilju ja naturaalseid vitamiine.\" \/>\n<meta property=\"og:url\" content=\"https:\/\/ellyt.eu\/fi\/tuote\/neli-kinkepakk-magus-kingitus-loodusest\/\" \/>\n<meta property=\"og:site_name\" content=\"Ellyt\" \/>\n<meta property=\"article:publisher\" content=\"https:\/\/www.facebook.com\/MySnack.ee\/\" \/>\n<meta property=\"article:modified_time\" content=\"2024-11-27T12:46:43+00:00\" \/>\n<meta property=\"og:image\" content=\"https:\/\/ellyt.eu\/wp-content\/uploads\/2024\/10\/Kodulehele-tootepildid-2-800x800.png\" \/>\n\t<meta property=\"og:image:width\" content=\"800\" \/>\n\t<meta property=\"og:image:height\" content=\"800\" \/>\n\t<meta property=\"og:image:type\" content=\"image\/png\" \/>\n<meta name=\"twitter:card\" content=\"summary_large_image\" \/>\n<meta name=\"twitter:label1\" content=\"Arvioitu lukuaika\" \/>\n\t<meta name=\"twitter:data1\" content=\"1 minuutti\" \/>\n<script type=\"application\/ld+json\" class=\"yoast-schema-graph\">{\"@context\":\"https:\/\/schema.org\",\"@graph\":[{\"@type\":\"WebPage\",\"@id\":\"https:\/\/ellyt.eu\/toode\/neli-kinkepakk-magus-kingitus-loodusest\/\",\"url\":\"https:\/\/ellyt.eu\/toode\/neli-kinkepakk-magus-kingitus-loodusest\/\",\"name\":\"4 kinkepakki \\\"Magus kingitus loodusest\\\" - Ellyt\",\"isPartOf\":{\"@id\":\"https:\/\/ellyt.eu\/#website\"},\"primaryImageOfPage\":{\"@id\":\"https:\/\/ellyt.eu\/toode\/neli-kinkepakk-magus-kingitus-loodusest\/#primaryimage\"},\"image\":{\"@id\":\"https:\/\/ellyt.eu\/toode\/neli-kinkepakk-magus-kingitus-loodusest\/#primaryimage\"},\"thumbnailUrl\":\"https:\/\/ellyt.eu\/wp-content\/uploads\/2024\/10\/Kodulehele-tootepildid-2.png\",\"datePublished\":\"2024-10-21T12:20:12+00:00\",\"dateModified\":\"2024-11-27T12:46:43+00:00\",\"description\":\"Valik mahlaseid puuviljabatoone (karbis 4tk) kaunis kinkepakis. Puuviljabatoonid sisaldavad vaid k\u00fcpseid magusaid vilju ja naturaalseid vitamiine.\",\"breadcrumb\":{\"@id\":\"https:\/\/ellyt.eu\/toode\/neli-kinkepakk-magus-kingitus-loodusest\/#breadcrumb\"},\"inLanguage\":\"fi\",\"potentialAction\":[{\"@type\":\"ReadAction\",\"target\":[\"https:\/\/ellyt.eu\/toode\/neli-kinkepakk-magus-kingitus-loodusest\/\"]}]},{\"@type\":\"ImageObject\",\"inLanguage\":\"fi\",\"@id\":\"https:\/\/ellyt.eu\/toode\/neli-kinkepakk-magus-kingitus-loodusest\/#primaryimage\",\"url\":\"https:\/\/ellyt.eu\/wp-content\/uploads\/2024\/10\/Kodulehele-tootepildid-2.png\",\"contentUrl\":\"https:\/\/ellyt.eu\/wp-content\/uploads\/2024\/10\/Kodulehele-tootepildid-2.png\",\"width\":1080,\"height\":1080,\"caption\":\"Kinkepakk Magus kingitus loodusest puuviljabatoonidega\"},{\"@type\":\"BreadcrumbList\",\"@id\":\"https:\/\/ellyt.eu\/toode\/neli-kinkepakk-magus-kingitus-loodusest\/#breadcrumb\",\"itemListElement\":[{\"@type\":\"ListItem\",\"position\":1,\"name\":\"Esileht\",\"item\":\"https:\/\/ellyt.eu\/\"},{\"@type\":\"ListItem\",\"position\":2,\"name\":\"Pood\",\"item\":\"https:\/\/ellyt.eu\/pood\/\"},{\"@type\":\"ListItem\",\"position\":3,\"name\":\"4 kinkepakki &#8220;Magus kingitus loodusest&#8221;\"}]},{\"@type\":\"WebSite\",\"@id\":\"https:\/\/ellyt.eu\/#website\",\"url\":\"https:\/\/ellyt.eu\/\",\"name\":\"Ellyt\",\"description\":\"Ellyt E-Pood\",\"publisher\":{\"@id\":\"https:\/\/ellyt.eu\/#organization\"},\"potentialAction\":[{\"@type\":\"SearchAction\",\"target\":{\"@type\":\"EntryPoint\",\"urlTemplate\":\"https:\/\/ellyt.eu\/?s={search_term_string}\"},\"query-input\":{\"@type\":\"PropertyValueSpecification\",\"valueRequired\":true,\"valueName\":\"search_term_string\"}}],\"inLanguage\":\"fi\"},{\"@type\":\"Organization\",\"@id\":\"https:\/\/ellyt.eu\/#organization\",\"name\":\"MySnack\",\"url\":\"https:\/\/ellyt.eu\/\",\"logo\":{\"@type\":\"ImageObject\",\"inLanguage\":\"fi\",\"@id\":\"https:\/\/ellyt.eu\/#\/schema\/logo\/image\/\",\"url\":\"https:\/\/mysnack.shop\/wp-content\/uploads\/2023\/09\/MySnack_logo.png\",\"contentUrl\":\"https:\/\/mysnack.shop\/wp-content\/uploads\/2023\/09\/MySnack_logo.png\",\"width\":400,\"height\":148,\"caption\":\"MySnack\"},\"image\":{\"@id\":\"https:\/\/ellyt.eu\/#\/schema\/logo\/image\/\"},\"sameAs\":[\"https:\/\/www.facebook.com\/MySnack.ee\/\",\"https:\/\/www.instagram.com\/mysnack_eesti\/\"]}]}<\/script>\n<!-- \/ Yoast SEO plugin. -->","yoast_head_json":{"title":"4 kinkepakki \"Magus kingitus loodusest\" - Ellyt","description":"Valik mahlaseid puuviljabatoone (karbis 4tk) kaunis kinkepakis. Puuviljabatoonid sisaldavad vaid k\u00fcpseid magusaid vilju ja naturaalseid vitamiine.","robots":{"index":"index","follow":"follow","max-snippet":"max-snippet:-1","max-image-preview":"max-image-preview:large","max-video-preview":"max-video-preview:-1"},"canonical":"https:\/\/ellyt.eu\/fi\/tuote\/neli-kinkepakk-magus-kingitus-loodusest\/","og_locale":"fi_FI","og_type":"article","og_title":"4 kinkepakki \"Magus kingitus loodusest\" - Ellyt","og_description":"Valik mahlaseid puuviljabatoone (karbis 4tk) kaunis kinkepakis. Puuviljabatoonid sisaldavad vaid k\u00fcpseid magusaid vilju ja naturaalseid vitamiine.","og_url":"https:\/\/ellyt.eu\/fi\/tuote\/neli-kinkepakk-magus-kingitus-loodusest\/","og_site_name":"Ellyt","article_publisher":"https:\/\/www.facebook.com\/MySnack.ee\/","article_modified_time":"2024-11-27T12:46:43+00:00","og_image":[{"width":800,"height":800,"url":"https:\/\/ellyt.eu\/wp-content\/uploads\/2024\/10\/Kodulehele-tootepildid-2-800x800.png","type":"image\/png"}],"twitter_card":"summary_large_image","twitter_misc":{"Arvioitu lukuaika":"1 minuutti"},"schema":{"@context":"https:\/\/schema.org","@graph":[{"@type":"WebPage","@id":"https:\/\/ellyt.eu\/toode\/neli-kinkepakk-magus-kingitus-loodusest\/","url":"https:\/\/ellyt.eu\/toode\/neli-kinkepakk-magus-kingitus-loodusest\/","name":"4 kinkepakki \"Magus kingitus loodusest\" - Ellyt","isPartOf":{"@id":"https:\/\/ellyt.eu\/#website"},"primaryImageOfPage":{"@id":"https:\/\/ellyt.eu\/toode\/neli-kinkepakk-magus-kingitus-loodusest\/#primaryimage"},"image":{"@id":"https:\/\/ellyt.eu\/toode\/neli-kinkepakk-magus-kingitus-loodusest\/#primaryimage"},"thumbnailUrl":"https:\/\/ellyt.eu\/wp-content\/uploads\/2024\/10\/Kodulehele-tootepildid-2.png","datePublished":"2024-10-21T12:20:12+00:00","dateModified":"2024-11-27T12:46:43+00:00","description":"Valik mahlaseid puuviljabatoone (karbis 4tk) kaunis kinkepakis. Puuviljabatoonid sisaldavad vaid k\u00fcpseid magusaid vilju ja naturaalseid vitamiine.","breadcrumb":{"@id":"https:\/\/ellyt.eu\/toode\/neli-kinkepakk-magus-kingitus-loodusest\/#breadcrumb"},"inLanguage":"fi","potentialAction":[{"@type":"ReadAction","target":["https:\/\/ellyt.eu\/toode\/neli-kinkepakk-magus-kingitus-loodusest\/"]}]},{"@type":"ImageObject","inLanguage":"fi","@id":"https:\/\/ellyt.eu\/toode\/neli-kinkepakk-magus-kingitus-loodusest\/#primaryimage","url":"https:\/\/ellyt.eu\/wp-content\/uploads\/2024\/10\/Kodulehele-tootepildid-2.png","contentUrl":"https:\/\/ellyt.eu\/wp-content\/uploads\/2024\/10\/Kodulehele-tootepildid-2.png","width":1080,"height":1080,"caption":"Kinkepakk Magus kingitus loodusest puuviljabatoonidega"},{"@type":"BreadcrumbList","@id":"https:\/\/ellyt.eu\/toode\/neli-kinkepakk-magus-kingitus-loodusest\/#breadcrumb","itemListElement":[{"@type":"ListItem","position":1,"name":"Esileht","item":"https:\/\/ellyt.eu\/"},{"@type":"ListItem","position":2,"name":"Pood","item":"https:\/\/ellyt.eu\/pood\/"},{"@type":"ListItem","position":3,"name":"4 kinkepakki &#8220;Magus kingitus loodusest&#8221;"}]},{"@type":"WebSite","@id":"https:\/\/ellyt.eu\/#website","url":"https:\/\/ellyt.eu\/","name":"Ellyt","description":"Ellytin verkkokauppa","publisher":{"@id":"https:\/\/ellyt.eu\/#organization"},"potentialAction":[{"@type":"SearchAction","target":{"@type":"EntryPoint","urlTemplate":"https:\/\/ellyt.eu\/?s={search_term_string}"},"query-input":{"@type":"PropertyValueSpecification","valueRequired":true,"valueName":"search_term_string"}}],"inLanguage":"fi"},{"@type":"Organization","@id":"https:\/\/ellyt.eu\/#organization","name":"MySnack","url":"https:\/\/ellyt.eu\/","logo":{"@type":"ImageObject","inLanguage":"fi","@id":"https:\/\/ellyt.eu\/#\/schema\/logo\/image\/","url":"https:\/\/mysnack.shop\/wp-content\/uploads\/2023\/09\/MySnack_logo.png","contentUrl":"https:\/\/mysnack.shop\/wp-content\/uploads\/2023\/09\/MySnack_logo.png","width":400,"height":148,"caption":"MySnack"},"image":{"@id":"https:\/\/ellyt.eu\/#\/schema\/logo\/image\/"},"sameAs":["https:\/\/www.facebook.com\/MySnack.ee\/","https:\/\/www.instagram.com\/mysnack_eesti\/"]}]}},"_links":{"self":[{"href":"https:\/\/ellyt.eu\/fi\/wp-json\/wp\/v2\/product\/25115","targetHints":{"allow":["GET"]}}],"collection":[{"href":"https:\/\/ellyt.eu\/fi\/wp-json\/wp\/v2\/product"}],"about":[{"href":"https:\/\/ellyt.eu\/fi\/wp-json\/wp\/v2\/types\/product"}],"wp:featuredmedia":[{"embeddable":true,"href":"https:\/\/ellyt.eu\/fi\/wp-json\/wp\/v2\/media\/25544"}],"wp:attachment":[{"href":"https:\/\/ellyt.eu\/fi\/wp-json\/wp\/v2\/media?parent=25115"}],"wp:term":[{"taxonomy":"product_brand","embeddable":true,"href":"https:\/\/ellyt.eu\/fi\/wp-json\/wp\/v2\/product_brand?post=25115"},{"taxonomy":"product_cat","embeddable":true,"href":"https:\/\/ellyt.eu\/fi\/wp-json\/wp\/v2\/product_cat?post=25115"},{"taxonomy":"product_tag","embeddable":true,"href":"https:\/\/ellyt.eu\/fi\/wp-json\/wp\/v2\/product_tag?post=25115"}],"curies":[{"name":"wp","href":"https:\/\/api.w.org\/{rel}","templated":true}]}}