{"id":25140,"date":"2024-10-21T15:24:27","date_gmt":"2024-10-21T12:24:27","guid":{"rendered":"https:\/\/mysnack.ee\/?post_type=product&#038;p=25140"},"modified":"2024-11-27T14:46:48","modified_gmt":"2024-11-27T12:46:48","slug":"mysnack-kinkekarp-magus-eksootika","status":"publish","type":"product","link":"https:\/\/ellyt.eu\/fi\/product\/mysnack-kinkekarp-magus-eksootika\/","title":{"rendered":"MySnack-lahjarasia \u201cMakeaa eksotiikkaa\u201d"},"content":{"rendered":"","protected":false},"excerpt":{"rendered":"<p>K\u00fcpsest viljast maiustused, kr\u00f5bedad india p\u00e4hklid ja kr\u00f5mpsuvad orgaanilised sn\u00e4kid, on lihtne, maitsev ja kasulik kingitus.<\/p>\n<p>MySnack kinkekarbist \u201cMAGUS EKSOOTIKA\u201d leiad:<\/p>\n<ul>\n<li>Pehme\u00e4 kuivattu ananas 80 g<\/li>\n<li>Pehme\u00e4 kuivattu mango 80 g<\/li>\n<li>Hedelm\u00e4patukka papaija 30g<\/li>\n<li>Hedelm\u00e4patukka yaka 30g<\/li>\n<li>Hedelm\u00e4patukka intohimo 30g<\/li>\n<li>Paahdettuja cashewp\u00e4hkin\u00f6it\u00e4 135 g (kanelilla, wasabilla, chilill\u00e4 ja valkosipulilla)<\/li>\n<\/ul>\n<p>Toodet saab tellida ainult j\u00e4rele tulemisega kontorisse, kuna pakime nad ise k\u00e4sitsi hoole ja armastusega valmis kohapeal!<\/p>\n<p>Meie aadress on Siduri 9, Tallinn. Anna oma tulekust teada, helistades ette +372 5855 4410. Saad meile tulla t\u00f6\u00f6p\u00e4eviti 10.00-16.00 v\u00f5i muul ajal kokkuleppel.<\/p>\n<p>Juhul kui soovid tellida rohkem kui 50tk, siis saame pakkuda hulgihinda. Kirjuta meile <a href=\"mailto:sales@premiumbrands.ee\">sales@premiumbrands.ee<\/a><\/p>","protected":false},"featured_media":25532,"template":"","meta":{"inline_featured_image":false},"product_brand":[],"product_cat":[687],"product_tag":[],"class_list":{"0":"post-25140","1":"product","2":"type-product","3":"status-publish","4":"has-post-thumbnail","6":"product_cat-kinkekarbid","7":"product_shipping_class-varsked-marjad","9":"first","10":"instock","11":"taxable","12":"shipping-taxable","13":"purchasable","14":"product-type-simple"},"yoast_head":"<!-- This site is optimized with the Yoast SEO plugin v27.1.1 - https:\/\/yoast.com\/product\/yoast-seo-wordpress\/ -->\n<title>MySnack kinkekarp &quot;Magus eksootika&quot; - Ellyt<\/title>\n<meta name=\"description\" content=\"K\u00fcpsest viljast maiustused, kr\u00f5bedad india p\u00e4hklid ja kr\u00f5mpsuvad orgaanilised sn\u00e4kid, on lihtne, maitsev ja kasulik kingitus. Vaata l\u00e4hemalt!\" \/>\n<meta name=\"robots\" content=\"index, follow, max-snippet:-1, max-image-preview:large, max-video-preview:-1\" \/>\n<link rel=\"canonical\" href=\"https:\/\/ellyt.eu\/fi\/tuote\/mysnack-kinkekarp-magus-eksootika\/\" \/>\n<meta property=\"og:locale\" content=\"fi_FI\" \/>\n<meta property=\"og:type\" content=\"article\" \/>\n<meta property=\"og:title\" content=\"MySnack kinkekarp &quot;Magus eksootika&quot; - Ellyt\" \/>\n<meta property=\"og:description\" content=\"K\u00fcpsest viljast maiustused, kr\u00f5bedad india p\u00e4hklid ja kr\u00f5mpsuvad orgaanilised sn\u00e4kid, on lihtne, maitsev ja kasulik kingitus. Vaata l\u00e4hemalt!\" \/>\n<meta property=\"og:url\" content=\"https:\/\/ellyt.eu\/fi\/tuote\/mysnack-kinkekarp-magus-eksootika\/\" \/>\n<meta property=\"og:site_name\" content=\"Ellyt\" \/>\n<meta property=\"article:publisher\" content=\"https:\/\/www.facebook.com\/MySnack.ee\/\" \/>\n<meta property=\"article:modified_time\" content=\"2024-11-27T12:46:48+00:00\" \/>\n<meta property=\"og:image\" content=\"https:\/\/ellyt.eu\/wp-content\/uploads\/2024\/10\/5-800x800.png\" \/>\n\t<meta property=\"og:image:width\" content=\"800\" \/>\n\t<meta property=\"og:image:height\" content=\"800\" \/>\n\t<meta property=\"og:image:type\" content=\"image\/png\" \/>\n<meta name=\"twitter:card\" content=\"summary_large_image\" \/>\n<meta name=\"twitter:label1\" content=\"Arvioitu lukuaika\" \/>\n\t<meta name=\"twitter:data1\" content=\"1 minuutti\" \/>\n<script type=\"application\/ld+json\" class=\"yoast-schema-graph\">{\"@context\":\"https:\/\/schema.org\",\"@graph\":[{\"@type\":\"WebPage\",\"@id\":\"https:\/\/ellyt.eu\/toode\/mysnack-kinkekarp-magus-eksootika\/\",\"url\":\"https:\/\/ellyt.eu\/toode\/mysnack-kinkekarp-magus-eksootika\/\",\"name\":\"MySnack kinkekarp \\\"Magus eksootika\\\" - Ellyt\",\"isPartOf\":{\"@id\":\"https:\/\/ellyt.eu\/#website\"},\"primaryImageOfPage\":{\"@id\":\"https:\/\/ellyt.eu\/toode\/mysnack-kinkekarp-magus-eksootika\/#primaryimage\"},\"image\":{\"@id\":\"https:\/\/ellyt.eu\/toode\/mysnack-kinkekarp-magus-eksootika\/#primaryimage\"},\"thumbnailUrl\":\"https:\/\/ellyt.eu\/wp-content\/uploads\/2024\/10\/5.png\",\"datePublished\":\"2024-10-21T12:24:27+00:00\",\"dateModified\":\"2024-11-27T12:46:48+00:00\",\"description\":\"K\u00fcpsest viljast maiustused, kr\u00f5bedad india p\u00e4hklid ja kr\u00f5mpsuvad orgaanilised sn\u00e4kid, on lihtne, maitsev ja kasulik kingitus. Vaata l\u00e4hemalt!\",\"breadcrumb\":{\"@id\":\"https:\/\/ellyt.eu\/toode\/mysnack-kinkekarp-magus-eksootika\/#breadcrumb\"},\"inLanguage\":\"fi\",\"potentialAction\":[{\"@type\":\"ReadAction\",\"target\":[\"https:\/\/ellyt.eu\/toode\/mysnack-kinkekarp-magus-eksootika\/\"]}]},{\"@type\":\"ImageObject\",\"inLanguage\":\"fi\",\"@id\":\"https:\/\/ellyt.eu\/toode\/mysnack-kinkekarp-magus-eksootika\/#primaryimage\",\"url\":\"https:\/\/ellyt.eu\/wp-content\/uploads\/2024\/10\/5.png\",\"contentUrl\":\"https:\/\/ellyt.eu\/wp-content\/uploads\/2024\/10\/5.png\",\"width\":1080,\"height\":1080,\"caption\":\"MySnack suur kinkekarp puuviljabatoonid, india p\u00e4hklid, pehme kuivatatud ananass ja mando\"},{\"@type\":\"BreadcrumbList\",\"@id\":\"https:\/\/ellyt.eu\/toode\/mysnack-kinkekarp-magus-eksootika\/#breadcrumb\",\"itemListElement\":[{\"@type\":\"ListItem\",\"position\":1,\"name\":\"Esileht\",\"item\":\"https:\/\/ellyt.eu\/\"},{\"@type\":\"ListItem\",\"position\":2,\"name\":\"Pood\",\"item\":\"https:\/\/ellyt.eu\/pood\/\"},{\"@type\":\"ListItem\",\"position\":3,\"name\":\"MySnack kinkekarp &#8220;Magus eksootika&#8221;\"}]},{\"@type\":\"WebSite\",\"@id\":\"https:\/\/ellyt.eu\/#website\",\"url\":\"https:\/\/ellyt.eu\/\",\"name\":\"Ellyt\",\"description\":\"Ellyt E-Pood\",\"publisher\":{\"@id\":\"https:\/\/ellyt.eu\/#organization\"},\"potentialAction\":[{\"@type\":\"SearchAction\",\"target\":{\"@type\":\"EntryPoint\",\"urlTemplate\":\"https:\/\/ellyt.eu\/?s={search_term_string}\"},\"query-input\":{\"@type\":\"PropertyValueSpecification\",\"valueRequired\":true,\"valueName\":\"search_term_string\"}}],\"inLanguage\":\"fi\"},{\"@type\":\"Organization\",\"@id\":\"https:\/\/ellyt.eu\/#organization\",\"name\":\"MySnack\",\"url\":\"https:\/\/ellyt.eu\/\",\"logo\":{\"@type\":\"ImageObject\",\"inLanguage\":\"fi\",\"@id\":\"https:\/\/ellyt.eu\/#\/schema\/logo\/image\/\",\"url\":\"https:\/\/mysnack.shop\/wp-content\/uploads\/2023\/09\/MySnack_logo.png\",\"contentUrl\":\"https:\/\/mysnack.shop\/wp-content\/uploads\/2023\/09\/MySnack_logo.png\",\"width\":400,\"height\":148,\"caption\":\"MySnack\"},\"image\":{\"@id\":\"https:\/\/ellyt.eu\/#\/schema\/logo\/image\/\"},\"sameAs\":[\"https:\/\/www.facebook.com\/MySnack.ee\/\",\"https:\/\/www.instagram.com\/mysnack_eesti\/\"]}]}<\/script>\n<!-- \/ Yoast SEO plugin. -->","yoast_head_json":{"title":"MySnack kinkekarp \"Magus eksootika\" - Ellyt","description":"Kyps\u00e4t hedelm\u00e4herkut, rapeat cashewp\u00e4hkin\u00e4t ja rapeat luomuv\u00e4lipalat ovat helppo, maukas ja hy\u00f6dyllinen lahja. Katso tarkemmin!","robots":{"index":"index","follow":"follow","max-snippet":"max-snippet:-1","max-image-preview":"max-image-preview:large","max-video-preview":"max-video-preview:-1"},"canonical":"https:\/\/ellyt.eu\/fi\/tuote\/mysnack-kinkekarp-magus-eksootika\/","og_locale":"fi_FI","og_type":"article","og_title":"MySnack kinkekarp \"Magus eksootika\" - Ellyt","og_description":"K\u00fcpsest viljast maiustused, kr\u00f5bedad india p\u00e4hklid ja kr\u00f5mpsuvad orgaanilised sn\u00e4kid, on lihtne, maitsev ja kasulik kingitus. Vaata l\u00e4hemalt!","og_url":"https:\/\/ellyt.eu\/fi\/tuote\/mysnack-kinkekarp-magus-eksootika\/","og_site_name":"Ellyt","article_publisher":"https:\/\/www.facebook.com\/MySnack.ee\/","article_modified_time":"2024-11-27T12:46:48+00:00","og_image":[{"width":800,"height":800,"url":"https:\/\/ellyt.eu\/wp-content\/uploads\/2024\/10\/5-800x800.png","type":"image\/png"}],"twitter_card":"summary_large_image","twitter_misc":{"Arvioitu lukuaika":"1 minuutti"},"schema":{"@context":"https:\/\/schema.org","@graph":[{"@type":"WebPage","@id":"https:\/\/ellyt.eu\/toode\/mysnack-kinkekarp-magus-eksootika\/","url":"https:\/\/ellyt.eu\/toode\/mysnack-kinkekarp-magus-eksootika\/","name":"MySnack kinkekarp \"Magus eksootika\" - Ellyt","isPartOf":{"@id":"https:\/\/ellyt.eu\/#website"},"primaryImageOfPage":{"@id":"https:\/\/ellyt.eu\/toode\/mysnack-kinkekarp-magus-eksootika\/#primaryimage"},"image":{"@id":"https:\/\/ellyt.eu\/toode\/mysnack-kinkekarp-magus-eksootika\/#primaryimage"},"thumbnailUrl":"https:\/\/ellyt.eu\/wp-content\/uploads\/2024\/10\/5.png","datePublished":"2024-10-21T12:24:27+00:00","dateModified":"2024-11-27T12:46:48+00:00","description":"Kyps\u00e4t hedelm\u00e4herkut, rapeat cashewp\u00e4hkin\u00e4t ja rapeat luomuv\u00e4lipalat ovat helppo, maukas ja hy\u00f6dyllinen lahja. Katso tarkemmin!","breadcrumb":{"@id":"https:\/\/ellyt.eu\/toode\/mysnack-kinkekarp-magus-eksootika\/#breadcrumb"},"inLanguage":"fi","potentialAction":[{"@type":"ReadAction","target":["https:\/\/ellyt.eu\/toode\/mysnack-kinkekarp-magus-eksootika\/"]}]},{"@type":"ImageObject","inLanguage":"fi","@id":"https:\/\/ellyt.eu\/toode\/mysnack-kinkekarp-magus-eksootika\/#primaryimage","url":"https:\/\/ellyt.eu\/wp-content\/uploads\/2024\/10\/5.png","contentUrl":"https:\/\/ellyt.eu\/wp-content\/uploads\/2024\/10\/5.png","width":1080,"height":1080,"caption":"MySnack suur kinkekarp puuviljabatoonid, india p\u00e4hklid, pehme kuivatatud ananass ja mando"},{"@type":"BreadcrumbList","@id":"https:\/\/ellyt.eu\/toode\/mysnack-kinkekarp-magus-eksootika\/#breadcrumb","itemListElement":[{"@type":"ListItem","position":1,"name":"Esileht","item":"https:\/\/ellyt.eu\/"},{"@type":"ListItem","position":2,"name":"Pood","item":"https:\/\/ellyt.eu\/pood\/"},{"@type":"ListItem","position":3,"name":"MySnack kinkekarp &#8220;Magus eksootika&#8221;"}]},{"@type":"WebSite","@id":"https:\/\/ellyt.eu\/#website","url":"https:\/\/ellyt.eu\/","name":"Ellyt","description":"Ellytin verkkokauppa","publisher":{"@id":"https:\/\/ellyt.eu\/#organization"},"potentialAction":[{"@type":"SearchAction","target":{"@type":"EntryPoint","urlTemplate":"https:\/\/ellyt.eu\/?s={search_term_string}"},"query-input":{"@type":"PropertyValueSpecification","valueRequired":true,"valueName":"search_term_string"}}],"inLanguage":"fi"},{"@type":"Organization","@id":"https:\/\/ellyt.eu\/#organization","name":"MySnack","url":"https:\/\/ellyt.eu\/","logo":{"@type":"ImageObject","inLanguage":"fi","@id":"https:\/\/ellyt.eu\/#\/schema\/logo\/image\/","url":"https:\/\/mysnack.shop\/wp-content\/uploads\/2023\/09\/MySnack_logo.png","contentUrl":"https:\/\/mysnack.shop\/wp-content\/uploads\/2023\/09\/MySnack_logo.png","width":400,"height":148,"caption":"MySnack"},"image":{"@id":"https:\/\/ellyt.eu\/#\/schema\/logo\/image\/"},"sameAs":["https:\/\/www.facebook.com\/MySnack.ee\/","https:\/\/www.instagram.com\/mysnack_eesti\/"]}]}},"_links":{"self":[{"href":"https:\/\/ellyt.eu\/fi\/wp-json\/wp\/v2\/product\/25140","targetHints":{"allow":["GET"]}}],"collection":[{"href":"https:\/\/ellyt.eu\/fi\/wp-json\/wp\/v2\/product"}],"about":[{"href":"https:\/\/ellyt.eu\/fi\/wp-json\/wp\/v2\/types\/product"}],"wp:featuredmedia":[{"embeddable":true,"href":"https:\/\/ellyt.eu\/fi\/wp-json\/wp\/v2\/media\/25532"}],"wp:attachment":[{"href":"https:\/\/ellyt.eu\/fi\/wp-json\/wp\/v2\/media?parent=25140"}],"wp:term":[{"taxonomy":"product_brand","embeddable":true,"href":"https:\/\/ellyt.eu\/fi\/wp-json\/wp\/v2\/product_brand?post=25140"},{"taxonomy":"product_cat","embeddable":true,"href":"https:\/\/ellyt.eu\/fi\/wp-json\/wp\/v2\/product_cat?post=25140"},{"taxonomy":"product_tag","embeddable":true,"href":"https:\/\/ellyt.eu\/fi\/wp-json\/wp\/v2\/product_tag?post=25140"}],"curies":[{"name":"wp","href":"https:\/\/api.w.org\/{rel}","templated":true}]}}