{"id":25141,"date":"2024-10-21T15:25:41","date_gmt":"2024-10-21T12:25:41","guid":{"rendered":"https:\/\/mysnack.ee\/?post_type=product&#038;p=25141"},"modified":"2024-11-27T14:46:59","modified_gmt":"2024-11-27T12:46:59","slug":"mysnack-kinkekarp-maitseelamus","status":"publish","type":"product","link":"https:\/\/ellyt.eu\/fi\/product\/mysnack-kinkekarp-maitseelamus\/","title":{"rendered":"MySnack-lahjarasia \u201cMakuel\u00e4mys\u201d"},"content":{"rendered":"","protected":false},"excerpt":{"rendered":"<p>Sel aastal \u00fcllata erilise kingitusega, mis viib t\u00f5elisele maitser\u00e4nnakule! See on avastamistv\u00e4\u00e4rt nii lastele kui suurtele.<\/p>\n<p>MySnack kinkekarbist &#8220;MAITSEELAMUS&#8221; leiad:<\/p>\n<ul>\n<li>Pehme\u00e4 kuivattu ananas 80 g<\/li>\n<li>Luomuherneenpalkoja merisuolalla 80g (Fitlap suosittelee!)<\/li>\n<li>100% lohik\u00e4\u00e4rmeen hedelm\u00e4patukka 30g<\/li>\n<li>95% guava-hedelm\u00e4patukka 30 g<\/li>\n<\/ul>\n<p>Lihtne, maitsev ja kasulik kingitus!<\/p>\n<p>Toodet saab tellida ainult j\u00e4rele tulemisega kontorisse, kuna pakime nad ise k\u00e4sitsi hoole ja armastusega valmis kohapeal!<\/p>\n<p>Meie aadress on Siduri 9, Tallinn. Anna oma tulekust teada, helistades ette +372 5855 4410. Saad meile tulla t\u00f6\u00f6p\u00e4eviti 10.00-16.00 v\u00f5i muul ajal kokkuleppel.<\/p>\n<p>Juhul kui soovid tellida rohkem kui 50tk, siis saame pakkuda hulgihinda. Kirjuta meile <a href=\"mailto:sales@premiumbrands.ee\">sales@premiumbrands.ee<\/a><\/p>","protected":false},"featured_media":25529,"template":"","meta":{"inline_featured_image":false},"product_brand":[],"product_cat":[687],"product_tag":[],"class_list":{"0":"post-25141","1":"product","2":"type-product","3":"status-publish","4":"has-post-thumbnail","6":"product_cat-kinkekarbid","7":"product_shipping_class-varsked-marjad","9":"first","10":"instock","11":"taxable","12":"shipping-taxable","13":"purchasable","14":"product-type-simple"},"yoast_head":"<!-- This site is optimized with the Yoast SEO plugin v27.1.1 - https:\/\/yoast.com\/product\/yoast-seo-wordpress\/ -->\n<title>MySnack kinkekarp &quot;Maitseelamus&quot; - Ellyt<\/title>\n<meta name=\"description\" content=\"Maitsev kinkekarp, kust leiab Fitlapi poolt soovitatud mahe hernesn\u00e4kke, 100% draaakoni ja 95% guajaavi puuviljabatooni, pehmet kuivatatud ananssi.\" \/>\n<meta name=\"robots\" content=\"index, follow, max-snippet:-1, max-image-preview:large, max-video-preview:-1\" \/>\n<link rel=\"canonical\" href=\"https:\/\/ellyt.eu\/fi\/tuote\/mysnack-kinkekarp-maitseelamus\/\" \/>\n<meta property=\"og:locale\" content=\"fi_FI\" \/>\n<meta property=\"og:type\" content=\"article\" \/>\n<meta property=\"og:title\" content=\"MySnack kinkekarp &quot;Maitseelamus&quot; - Ellyt\" \/>\n<meta property=\"og:description\" content=\"Maitsev kinkekarp, kust leiab Fitlapi poolt soovitatud mahe hernesn\u00e4kke, 100% draaakoni ja 95% guajaavi puuviljabatooni, pehmet kuivatatud ananssi.\" \/>\n<meta property=\"og:url\" content=\"https:\/\/ellyt.eu\/fi\/tuote\/mysnack-kinkekarp-maitseelamus\/\" \/>\n<meta property=\"og:site_name\" content=\"Ellyt\" \/>\n<meta property=\"article:publisher\" content=\"https:\/\/www.facebook.com\/MySnack.ee\/\" \/>\n<meta property=\"article:modified_time\" content=\"2024-11-27T12:46:59+00:00\" \/>\n<meta property=\"og:image\" content=\"https:\/\/ellyt.eu\/wp-content\/uploads\/2024\/10\/4-2-800x800.png\" \/>\n\t<meta property=\"og:image:width\" content=\"800\" \/>\n\t<meta property=\"og:image:height\" content=\"800\" \/>\n\t<meta property=\"og:image:type\" content=\"image\/png\" \/>\n<meta name=\"twitter:card\" content=\"summary_large_image\" \/>\n<meta name=\"twitter:label1\" content=\"Arvioitu lukuaika\" \/>\n\t<meta name=\"twitter:data1\" content=\"1 minuutti\" \/>\n<script type=\"application\/ld+json\" class=\"yoast-schema-graph\">{\"@context\":\"https:\/\/schema.org\",\"@graph\":[{\"@type\":\"WebPage\",\"@id\":\"https:\/\/ellyt.eu\/toode\/mysnack-kinkekarp-maitseelamus\/\",\"url\":\"https:\/\/ellyt.eu\/toode\/mysnack-kinkekarp-maitseelamus\/\",\"name\":\"MySnack kinkekarp \\\"Maitseelamus\\\" - Ellyt\",\"isPartOf\":{\"@id\":\"https:\/\/ellyt.eu\/#website\"},\"primaryImageOfPage\":{\"@id\":\"https:\/\/ellyt.eu\/toode\/mysnack-kinkekarp-maitseelamus\/#primaryimage\"},\"image\":{\"@id\":\"https:\/\/ellyt.eu\/toode\/mysnack-kinkekarp-maitseelamus\/#primaryimage\"},\"thumbnailUrl\":\"https:\/\/ellyt.eu\/wp-content\/uploads\/2024\/10\/4-2.png\",\"datePublished\":\"2024-10-21T12:25:41+00:00\",\"dateModified\":\"2024-11-27T12:46:59+00:00\",\"description\":\"Maitsev kinkekarp, kust leiab Fitlapi poolt soovitatud mahe hernesn\u00e4kke, 100% draaakoni ja 95% guajaavi puuviljabatooni, pehmet kuivatatud ananssi.\",\"breadcrumb\":{\"@id\":\"https:\/\/ellyt.eu\/toode\/mysnack-kinkekarp-maitseelamus\/#breadcrumb\"},\"inLanguage\":\"fi\",\"potentialAction\":[{\"@type\":\"ReadAction\",\"target\":[\"https:\/\/ellyt.eu\/toode\/mysnack-kinkekarp-maitseelamus\/\"]}]},{\"@type\":\"ImageObject\",\"inLanguage\":\"fi\",\"@id\":\"https:\/\/ellyt.eu\/toode\/mysnack-kinkekarp-maitseelamus\/#primaryimage\",\"url\":\"https:\/\/ellyt.eu\/wp-content\/uploads\/2024\/10\/4-2.png\",\"contentUrl\":\"https:\/\/ellyt.eu\/wp-content\/uploads\/2024\/10\/4-2.png\",\"width\":1080,\"height\":1080,\"caption\":\"MySnack v\u00e4ike kinkekarp puuviljabatoonid, hernesn\u00e4kk ja pehme kuivatatud ananass\"},{\"@type\":\"BreadcrumbList\",\"@id\":\"https:\/\/ellyt.eu\/toode\/mysnack-kinkekarp-maitseelamus\/#breadcrumb\",\"itemListElement\":[{\"@type\":\"ListItem\",\"position\":1,\"name\":\"Esileht\",\"item\":\"https:\/\/ellyt.eu\/\"},{\"@type\":\"ListItem\",\"position\":2,\"name\":\"Pood\",\"item\":\"https:\/\/ellyt.eu\/pood\/\"},{\"@type\":\"ListItem\",\"position\":3,\"name\":\"MySnack kinkekarp &#8220;Maitseelamus&#8221;\"}]},{\"@type\":\"WebSite\",\"@id\":\"https:\/\/ellyt.eu\/#website\",\"url\":\"https:\/\/ellyt.eu\/\",\"name\":\"Ellyt\",\"description\":\"Ellyt E-Pood\",\"publisher\":{\"@id\":\"https:\/\/ellyt.eu\/#organization\"},\"potentialAction\":[{\"@type\":\"SearchAction\",\"target\":{\"@type\":\"EntryPoint\",\"urlTemplate\":\"https:\/\/ellyt.eu\/?s={search_term_string}\"},\"query-input\":{\"@type\":\"PropertyValueSpecification\",\"valueRequired\":true,\"valueName\":\"search_term_string\"}}],\"inLanguage\":\"fi\"},{\"@type\":\"Organization\",\"@id\":\"https:\/\/ellyt.eu\/#organization\",\"name\":\"MySnack\",\"url\":\"https:\/\/ellyt.eu\/\",\"logo\":{\"@type\":\"ImageObject\",\"inLanguage\":\"fi\",\"@id\":\"https:\/\/ellyt.eu\/#\/schema\/logo\/image\/\",\"url\":\"https:\/\/mysnack.shop\/wp-content\/uploads\/2023\/09\/MySnack_logo.png\",\"contentUrl\":\"https:\/\/mysnack.shop\/wp-content\/uploads\/2023\/09\/MySnack_logo.png\",\"width\":400,\"height\":148,\"caption\":\"MySnack\"},\"image\":{\"@id\":\"https:\/\/ellyt.eu\/#\/schema\/logo\/image\/\"},\"sameAs\":[\"https:\/\/www.facebook.com\/MySnack.ee\/\",\"https:\/\/www.instagram.com\/mysnack_eesti\/\"]}]}<\/script>\n<!-- \/ Yoast SEO plugin. -->","yoast_head_json":{"title":"MySnack kinkekarp \"Maitseelamus\" - Ellyt","description":"Maitsev kinkekarp, kust leiab Fitlapi poolt soovitatud mahe hernesn\u00e4kke, 100% draaakoni ja 95% guajaavi puuviljabatooni, pehmet kuivatatud ananssi.","robots":{"index":"index","follow":"follow","max-snippet":"max-snippet:-1","max-image-preview":"max-image-preview:large","max-video-preview":"max-video-preview:-1"},"canonical":"https:\/\/ellyt.eu\/fi\/tuote\/mysnack-kinkekarp-maitseelamus\/","og_locale":"fi_FI","og_type":"article","og_title":"MySnack kinkekarp \"Maitseelamus\" - Ellyt","og_description":"Maitsev kinkekarp, kust leiab Fitlapi poolt soovitatud mahe hernesn\u00e4kke, 100% draaakoni ja 95% guajaavi puuviljabatooni, pehmet kuivatatud ananssi.","og_url":"https:\/\/ellyt.eu\/fi\/tuote\/mysnack-kinkekarp-maitseelamus\/","og_site_name":"Ellyt","article_publisher":"https:\/\/www.facebook.com\/MySnack.ee\/","article_modified_time":"2024-11-27T12:46:59+00:00","og_image":[{"width":800,"height":800,"url":"https:\/\/ellyt.eu\/wp-content\/uploads\/2024\/10\/4-2-800x800.png","type":"image\/png"}],"twitter_card":"summary_large_image","twitter_misc":{"Arvioitu lukuaika":"1 minuutti"},"schema":{"@context":"https:\/\/schema.org","@graph":[{"@type":"WebPage","@id":"https:\/\/ellyt.eu\/toode\/mysnack-kinkekarp-maitseelamus\/","url":"https:\/\/ellyt.eu\/toode\/mysnack-kinkekarp-maitseelamus\/","name":"MySnack kinkekarp \"Maitseelamus\" - Ellyt","isPartOf":{"@id":"https:\/\/ellyt.eu\/#website"},"primaryImageOfPage":{"@id":"https:\/\/ellyt.eu\/toode\/mysnack-kinkekarp-maitseelamus\/#primaryimage"},"image":{"@id":"https:\/\/ellyt.eu\/toode\/mysnack-kinkekarp-maitseelamus\/#primaryimage"},"thumbnailUrl":"https:\/\/ellyt.eu\/wp-content\/uploads\/2024\/10\/4-2.png","datePublished":"2024-10-21T12:25:41+00:00","dateModified":"2024-11-27T12:46:59+00:00","description":"Maitsev kinkekarp, kust leiab Fitlapi poolt soovitatud mahe hernesn\u00e4kke, 100% draaakoni ja 95% guajaavi puuviljabatooni, pehmet kuivatatud ananssi.","breadcrumb":{"@id":"https:\/\/ellyt.eu\/toode\/mysnack-kinkekarp-maitseelamus\/#breadcrumb"},"inLanguage":"fi","potentialAction":[{"@type":"ReadAction","target":["https:\/\/ellyt.eu\/toode\/mysnack-kinkekarp-maitseelamus\/"]}]},{"@type":"ImageObject","inLanguage":"fi","@id":"https:\/\/ellyt.eu\/toode\/mysnack-kinkekarp-maitseelamus\/#primaryimage","url":"https:\/\/ellyt.eu\/wp-content\/uploads\/2024\/10\/4-2.png","contentUrl":"https:\/\/ellyt.eu\/wp-content\/uploads\/2024\/10\/4-2.png","width":1080,"height":1080,"caption":"MySnack v\u00e4ike kinkekarp puuviljabatoonid, hernesn\u00e4kk ja pehme kuivatatud ananass"},{"@type":"BreadcrumbList","@id":"https:\/\/ellyt.eu\/toode\/mysnack-kinkekarp-maitseelamus\/#breadcrumb","itemListElement":[{"@type":"ListItem","position":1,"name":"Esileht","item":"https:\/\/ellyt.eu\/"},{"@type":"ListItem","position":2,"name":"Pood","item":"https:\/\/ellyt.eu\/pood\/"},{"@type":"ListItem","position":3,"name":"MySnack kinkekarp &#8220;Maitseelamus&#8221;"}]},{"@type":"WebSite","@id":"https:\/\/ellyt.eu\/#website","url":"https:\/\/ellyt.eu\/","name":"Ellyt","description":"Ellytin verkkokauppa","publisher":{"@id":"https:\/\/ellyt.eu\/#organization"},"potentialAction":[{"@type":"SearchAction","target":{"@type":"EntryPoint","urlTemplate":"https:\/\/ellyt.eu\/?s={search_term_string}"},"query-input":{"@type":"PropertyValueSpecification","valueRequired":true,"valueName":"search_term_string"}}],"inLanguage":"fi"},{"@type":"Organization","@id":"https:\/\/ellyt.eu\/#organization","name":"MySnack","url":"https:\/\/ellyt.eu\/","logo":{"@type":"ImageObject","inLanguage":"fi","@id":"https:\/\/ellyt.eu\/#\/schema\/logo\/image\/","url":"https:\/\/mysnack.shop\/wp-content\/uploads\/2023\/09\/MySnack_logo.png","contentUrl":"https:\/\/mysnack.shop\/wp-content\/uploads\/2023\/09\/MySnack_logo.png","width":400,"height":148,"caption":"MySnack"},"image":{"@id":"https:\/\/ellyt.eu\/#\/schema\/logo\/image\/"},"sameAs":["https:\/\/www.facebook.com\/MySnack.ee\/","https:\/\/www.instagram.com\/mysnack_eesti\/"]}]}},"_links":{"self":[{"href":"https:\/\/ellyt.eu\/fi\/wp-json\/wp\/v2\/product\/25141","targetHints":{"allow":["GET"]}}],"collection":[{"href":"https:\/\/ellyt.eu\/fi\/wp-json\/wp\/v2\/product"}],"about":[{"href":"https:\/\/ellyt.eu\/fi\/wp-json\/wp\/v2\/types\/product"}],"wp:featuredmedia":[{"embeddable":true,"href":"https:\/\/ellyt.eu\/fi\/wp-json\/wp\/v2\/media\/25529"}],"wp:attachment":[{"href":"https:\/\/ellyt.eu\/fi\/wp-json\/wp\/v2\/media?parent=25141"}],"wp:term":[{"taxonomy":"product_brand","embeddable":true,"href":"https:\/\/ellyt.eu\/fi\/wp-json\/wp\/v2\/product_brand?post=25141"},{"taxonomy":"product_cat","embeddable":true,"href":"https:\/\/ellyt.eu\/fi\/wp-json\/wp\/v2\/product_cat?post=25141"},{"taxonomy":"product_tag","embeddable":true,"href":"https:\/\/ellyt.eu\/fi\/wp-json\/wp\/v2\/product_tag?post=25141"}],"curies":[{"name":"wp","href":"https:\/\/api.w.org\/{rel}","templated":true}]}}