{"id":1126,"date":"2020-10-09T13:22:29","date_gmt":"2020-10-09T10:22:29","guid":{"rendered":"https:\/\/mysnack.ee\/?page_id=1126"},"modified":"2024-06-06T10:32:09","modified_gmt":"2024-06-06T07:32:09","slug":"%e8%b2%a9%e5%a3%b2%e6%9d%a1%e4%bb%b6","status":"publish","type":"page","link":"https:\/\/ellyt.eu\/ja\/muugitingimused\/","title":{"rendered":"\u8ca9\u58f2\u6761\u4ef6"},"content":{"rendered":"<div class=\"wpb-content-wrapper\"><div class=\"vc_row wpb_row vc_row-fluid\"><div class=\"wpb_column vc_column_container vc_col-sm-12\"><div class=\"vc_column-inner\"><div class=\"wpb_wrapper\">\n\t<div class=\"wpb_text_column wpb_content_element\" >\n\t\t<div class=\"wpb_wrapper\">\n\t\t\t<h3>1. \u30aa\u30f3\u30e9\u30a4\u30f3\u30b9\u30c8\u30a2\u5229\u7528\u898f\u7d04<\/h3>\n<p>1.1. \u672c\u5229\u7528\u898f\u7d04\u306f\u3001Premium Brands O\u00dc\uff08\u30a2\u30c9\u30ec\u30b9\uff1awww.mysnack.ee\uff09\u304c\u7ba1\u7406\u3059\u308be\u30b7\u30e7\u30c3\u30d7\u304b\u3089\u6ce8\u6587\u3055\u308c\u305f\u5546\u54c1\u306b\u9069\u7528\u3055\u308c\u307e\u3059\u3002.<br \/>\n1.2. \u8ca9\u58f2\u6761\u4ef6\u306f\u30a8\u30b9\u30c8\u30cb\u30a2\u3067\u65bd\u884c\u3055\u308c\u3066\u3044\u308b\u6cd5\u7684\u898f\u5236\u306b\u62b5\u89e6\u3059\u308b\u3082\u306e\u3067\u306f\u306a\u304f\u3001\u5fc5\u8981\u306b\u5fdc\u3058\u3066\u672c\u5229\u7528\u898f\u7d04\u306b\u3088\u3063\u3066\u88dc\u8db3\u3055\u308c\u307e\u3059\u3002.<br \/>\n1.3. \u672c\u5229\u7528\u898f\u7d04\u306b\u52a0\u3048\u3001\u30af\u30e9\u30a4\u30a2\u30f3\u30c8\u3068\u30b5\u30fc\u30d3\u30b9\u30d7\u30ed\u30d0\u30a4\u30c0\u30fc\uff08Premium Brands O\u00dc\uff09\u306e\u95a2\u4fc2\u306f\u3001\u4fa1\u683c\u8868\u3001\u6163\u884c\u3001\u304a\u3088\u3073\u78ba\u7acb\u3055\u308c\u305f\u512a\u826f\u6163\u884c\u306b\u3088\u3063\u3066\u898f\u5236\u3055\u308c\u307e\u3059\u3002.<br \/>\n1.4. \u30b7\u30e7\u30c3\u30d4\u30f3\u30b0\u74b0\u5883\u3067\u6ce8\u6587\u3092\u884c\u3046\u3053\u3068\u306b\u3088\u308a\u3001\u304a\u5ba2\u69d8\u306f\u5229\u7528\u898f\u7d04\u306b\u540c\u610f\u3057\u3001\u305d\u308c\u306b\u5f93\u3046\u3053\u3068\u306b\u540c\u610f\u3059\u308b\u3082\u306e\u3068\u3057\u307e\u3059\u3002.<\/p>\n<h3>2. \u4fa1\u683c\u8868<\/h3>\n<p>2.1. \u30b7\u30e7\u30c3\u30d4\u30f3\u30b0\u74b0\u5883\u3067\u8ca9\u58f2\u3055\u308c\u308b\u3059\u3079\u3066\u306e\u5546\u54c1\u306e\u4fa1\u683c\u306f\u30e6\u30fc\u30ed\u3067\u8868\u793a\u3055\u308c\u3066\u304a\u308a\u3001VAT\uff0822%\uff09\u304c\u542b\u307e\u308c\u3066\u3044\u307e\u3059\u3002\u30b7\u30e7\u30c3\u30d4\u30f3\u30b0\u74b0\u5883\u3067\u8868\u793a\u3055\u308c\u308b\u4fa1\u683c\u306b\u306f\u3001\u9001\u6599\u304a\u3088\u3073\uff0f\u307e\u305f\u306f\u8f38\u9001\u8cbb\u306f\u542b\u307e\u308c\u3066\u3044\u307e\u305b\u3093\u3002.<br \/>\n2.2. \u9001\u6599\u306f\u3001\u300c\u30c1\u30a7\u30c3\u30af\u30a2\u30a6\u30c8\u306b\u9032\u3080\u300d\u30dc\u30bf\u30f3\u3092\u30af\u30ea\u30c3\u30af\u3057\u305f\u5f8c\u3001\u30b7\u30e7\u30c3\u30d4\u30f3\u30b0\u30ab\u30fc\u30c8\u5185\u306b\u8868\u793a\u3055\u308c\u307e\u3059\u300250\u30e6\u30fc\u30ed\u4ee5\u4e0a\u306e\u3054\u8cfc\u5165\u3067\u9001\u6599\u7121\u6599\u3067\u3059\uff01<br \/>\n2.3. Premium Brands O\u00dc\u306f\u4fa1\u683c\u3092\u8abf\u6574\u3059\u308b\u6a29\u5229\u3092\u7559\u4fdd\u3057\u307e\u3059\u3002\u304a\u5ba2\u69d8\u304c\u4fa1\u683c\u5909\u66f4\u306e\u767a\u52b9\u524d\u306b\u3054\u6ce8\u6587\u3092\u3055\u308c\u305f\u5834\u5408\u3001\u3054\u6ce8\u6587\u6642\u70b9\u3067\u306e\u8acb\u6c42\u66f8\u306b\u8a18\u8f09\u3055\u308c\u305f\u4fa1\u683c\u304c\u9069\u7528\u3055\u308c\u307e\u3059\u3002.<br \/>\n2.4. \u914d\u9001\u6599\u91d1\u306b\u95a2\u3059\u308b\u8a73\u7d30\u306f\u3001\u30b7\u30e7\u30c3\u30d4\u30f3\u30b0\u74b0\u5883\u3067\u3054\u78ba\u8a8d\u3044\u305f\u3060\u3051\u307e\u3059\u3002\u30aa\u30f3\u30e9\u30a4\u30f3\u30b9\u30c8\u30a2\u3067\u8ca9\u58f2\u3055\u308c\u308b\u5546\u54c1\u306e\u4fa1\u683c\u306f\u3059\u3079\u3066\u30e6\u30fc\u30ed\u3067\u8868\u793a\u3055\u308c\u3066\u3044\u307e\u3059\u3002.<\/p>\n<h3>3. \u30b7\u30e7\u30c3\u30d4\u30f3\u30b0\u30ab\u30fc\u30c8\u3068\u6ce8\u6587<\/h3>\n<p>3.1 \u3054\u5e0c\u671b\u306e\u5546\u54c1\u3092\u9078\u629e\u3057\u3001\u30b7\u30e7\u30c3\u30d4\u30f3\u30b0\u30ab\u30fc\u30c8\u306b\u8ffd\u52a0\u3057\u3066\u304f\u3060\u3055\u3044\u3002\u30b2\u30b9\u30c8\uff081\u56de\u9650\u308a\u306e\u8cfc\u5165\u3067\u3001\u30c7\u30fc\u30bf\u306f1\u56de\u306e\u307f\u4fdd\u5b58\u3055\u308c\u307e\u3059\uff09\u3068\u3057\u3066\u6ce8\u6587\u3059\u308b\u3053\u3068\u3082\u3001\u767b\u9332\u30e6\u30fc\u30b6\u30fc\u3068\u3057\u3066\u6ce8\u6587\u3059\u308b\u3053\u3068\u3082\u3067\u304d\u307e\u3059\u3002\u30c7\u30d5\u30a9\u30eb\u30c8\u306e\u6ce8\u6587\u6570\u91cf\u306f1\u3067\u3059\u3002\u300c\u304a\u652f\u6255\u3044\u306b\u9032\u3080\u300d\u30dc\u30bf\u30f3\u3092\u30af\u30ea\u30c3\u30af\u3057\u3066\u304f\u3060\u3055\u3044\u3002\u9023\u7d61\u5148\u60c5\u5831\u30d5\u30a9\u30fc\u30e0\u306b\u3054\u8a18\u5165\u5f8c\u3001\u300c\u6ce8\u6587\u3092\u9001\u4fe1\u300d\u30dc\u30bf\u30f3\u3092\u30af\u30ea\u30c3\u30af\u3057\u3066\u304f\u3060\u3055\u3044\u3002\u305d\u306e\u5f8c\u3001\u3054\u5e0c\u671b\u306e\u914d\u9001\u65b9\u6cd5\u3068\u304a\u652f\u6255\u3044\u65b9\u6cd5\u3092\u9078\u629e\u3057\u3066\u304f\u3060\u3055\u3044\u3002.<\/p>\n<p>\u4ee5\u4e0b\u306e\u652f\u6255\u3044\u65b9\u6cd5\u3092\u901a\u3058\u3066\u5b89\u5168\u306b\u304a\u652f\u6255\u3044\u3044\u305f\u3060\u3051\u307e\u3059\u3002<\/p>\n<ul>\n<li>\u30a8\u30b9\u30c8\u30cb\u30a2\u306e\u9280\u884c\u30ea\u30f3\u30af: Swedbank\u3001SEB\u3001Luminor\u3001LHV\u3001Coop Pank\u3001Pocopay\u3002.<\/li>\n<li>\u9280\u884c\u632f\u8fbc<\/li>\n<\/ul>\n<p>\u6ce8\u610f\uff01\u9280\u884c\u30ea\u30f3\u30af\u3067\u304a\u652f\u6255\u3044\u306e\u5834\u5408\u306f\u3001\u9280\u884c\u30da\u30fc\u30b8\u306e\u300c\u8ca9\u58f2\u8005\u3078\u623b\u308b\u300d\u30dc\u30bf\u30f3\u3092\u5fc5\u305a\u30af\u30ea\u30c3\u30af\u3057\u3066\u304f\u3060\u3055\u3044\u3002.<\/p>\n<p>\u304a\u652f\u6255\u3044\u306fMaksekeskus AS\u304c\u4ef2\u4ecb\u3044\u305f\u3057\u307e\u3059\u3002\u304a\u652f\u6255\u3044\u306f\u30aa\u30f3\u30e9\u30a4\u30f3\u30b9\u30c8\u30a2\u5916\u306e\u5b89\u5168\u306a\u74b0\u5883\u3067\u884c\u308f\u308c\u307e\u3059\u3002\u9280\u884c\u30ea\u30f3\u30af\u3067\u304a\u652f\u6255\u3044\u306e\u5834\u5408\u306f\u5404\u9280\u884c\u306e\u5b89\u5168\u306a\u74b0\u5883\u3067\u3001\u30af\u30ec\u30b8\u30c3\u30c8\u30ab\u30fc\u30c9\u3067\u304a\u652f\u6255\u3044\u306e\u5834\u5408\u306fMaksekeskus AS\u306e\u5b89\u5168\u306a\u74b0\u5883\u3067\u884c\u308f\u308c\u307e\u3059\u3002\u8ca9\u58f2\u8005\u306f\u304a\u5ba2\u69d8\u306e\u9280\u884c\u53e3\u5ea7\u60c5\u5831\u304a\u3088\u3073\u30af\u30ec\u30b8\u30c3\u30c8\u30ab\u30fc\u30c9\u60c5\u5831\u306b\u30a2\u30af\u30bb\u30b9\u3067\u304d\u307e\u305b\u3093\u3002\u5951\u7d04\u306f\u3001\u30aa\u30f3\u30e9\u30a4\u30f3\u30b9\u30c8\u30a2\u306e\u5f53\u5ea7\u9810\u91d1\u53e3\u5ea7\u306b\u304a\u652f\u6255\u3044\u91d1\u984d\u304c\u5165\u91d1\u3055\u308c\u305f\u6642\u70b9\u3067\u767a\u52b9\u3057\u307e\u3059\u3002.<\/p>\n<p>Premium Brands O\u00dc \u306f\u500b\u4eba\u30c7\u30fc\u30bf\u306e\u7ba1\u7406\u8005\u3067\u3042\u308a\u3001\u652f\u6255\u3044\u3092\u884c\u3046\u305f\u3081\u306b\u5fc5\u8981\u306a\u500b\u4eba\u30c7\u30fc\u30bf\u3092\u8a8d\u5b9a\u51e6\u7406\u696d\u8005 Maksekeskus AS \u306b\u8ee2\u9001\u3057\u307e\u3059\u3002.<\/p>\n<p>3.2. \u9867\u5ba2\u304c\u300c\u30ab\u30fc\u30c8\u306b\u8ffd\u52a0\u300d\u30dc\u30bf\u30f3\u3092\u30af\u30ea\u30c3\u30af\u3057\u305f\u77ac\u9593\u306b\u30b7\u30e7\u30c3\u30d4\u30f3\u30b0\u30ab\u30fc\u30c8\u304c\u4f5c\u6210\u3055\u308c\u307e\u3059\u3002\u201c<br \/>\n3.3. \u5546\u54c1\u3092\u30b7\u30e7\u30c3\u30d4\u30f3\u30b0\u30ab\u30fc\u30c8\u306b\u8ffd\u52a0\u3057\u3066\u3082\u3001\u304a\u5ba2\u69d8\u306b\u305d\u306e\u5546\u54c1\u3092\u8cfc\u5165\u3059\u308b\u7fa9\u52d9\u304c\u751f\u3058\u308b\u3053\u3068\u306f\u3042\u308a\u307e\u305b\u3093\u3002.<br \/>\n3.4. \u9031\u672b\u306b\u884c\u308f\u308c\u305f\u6ce8\u6587\u306f\u3001\u6700\u521d\u306e\u55b6\u696d\u65e5\u306b\u51e6\u7406\u3055\u308c\u307e\u3059\u3002.<br \/>\n3.5. \u30b7\u30e7\u30c3\u30d4\u30f3\u30b0\u30ab\u30fc\u30c8\u5185\u306e\u5546\u54c1\u306f\u3001\u3054\u6ce8\u6587\u304c\u78ba\u5b9a\u3059\u308b\u307e\u3067\u4ed6\u306e\u304a\u5ba2\u69d8\u3082\u3054\u5229\u7528\u3044\u305f\u3060\u3051\u307e\u3059\u3002.<br \/>\n3.6. \u6ce8\u6587\u3092\u3059\u308b\u306b\u306f\u3001\u304a\u5ba2\u69d8\u306f\u300c\u6ce8\u6587\u3092\u9001\u4fe1\u300d\u30dc\u30bf\u30f3\u3092\u30af\u30ea\u30c3\u30af\u3057\u307e\u3059\u3002\u201c<br \/>\n3.7. \u6ce8\u6587\u306e\u969b\u3001\u304a\u5ba2\u69d8\u306f\u9069\u5207\u306a\u914d\u9001\u65b9\u6cd5\u3092\u9078\u629e\u3057\u3001\u53d7\u53d6\u4eba\u306e\u652f\u6255\u4eba\u60c5\u5831\u306e\u6b63\u78ba\u6027\u3092\u78ba\u8a8d\u3057\u307e\u3059\u3002.<br \/>\n3.8. \u304a\u5ba2\u69d8\u304c\u3054\u8cfc\u5165\u3044\u305f\u3060\u3044\u305f\u5546\u54c1\u306e\u30b9\u30e0\u30fc\u30ba\u306a\u914d\u9001\u306f\u3001\u3054\u6ce8\u6587\u6642\u306b\u3054\u63d0\u4f9b\u3044\u305f\u3060\u3044\u305f\u30c7\u30fc\u30bf\u306e\u6b63\u78ba\u6027\u306b\u5de6\u53f3\u3055\u308c\u307e\u3059\u3002\u300c\u3054\u6ce8\u6587\u3092\u78ba\u5b9a\u3059\u308b\u300d\u30dc\u30bf\u30f3\u3092\u30af\u30ea\u30c3\u30af\u3059\u308b\u3068\u3001\u30b7\u30b9\u30c6\u30e0\u306b\u3088\u308a\u8acb\u6c42\u66f8\u304c\u751f\u6210\u3055\u308c\u3001\u6c7a\u6e08\u30b2\u30fc\u30c8\u30a6\u30a7\u30a4\u3092\u901a\u3058\u3066\u3059\u3050\u306b\u304a\u652f\u6255\u3044\u3044\u305f\u3060\u3051\u307e\u3059\u3002.<\/p>\n<h3>4. \u88fd\u54c1\u306e\u914d\u9001<\/h3>\n<p>4.1. \u6ce8\u6587\u6642\u306b\u3001\u304a\u5ba2\u69d8\u306f\u6240\u5b9a\u306e\u30aa\u30d7\u30b7\u30e7\u30f3\u304b\u3089\u9069\u5207\u306a\u914d\u9001\u65b9\u6cd5\u3092\u9078\u629e\u3067\u304d\u307e\u3059\u3002.<br \/>\n4.1.1 \u5546\u54c1\u306f\u3001SmartPost \u304a\u3088\u3073 Omniva \u5b85\u914d\u4fbf\u6a5f\u3092\u901a\u3058\u3066\u30a8\u30b9\u30c8\u30cb\u30a2\u56fd\u5185\u306b\u767a\u9001\u3055\u308c\u307e\u3059\u3002.<br \/>\n4.2. Premium Brands O\u00dc\u306f\u3001\u914d\u9001\u4e88\u5b9a\u65e5\u306e\u5909\u66f4\u306b\u3064\u3044\u3066\u3001\u304a\u5ba2\u69d8\u304b\u3089\u60c5\u5831\u3092\u53d7\u3051\u53d6\u308a\u6b21\u7b2c\u3001\u901f\u3084\u304b\u306b\u304a\u5ba2\u69d8\u306b\u901a\u77e5\u3059\u308b\u3053\u3068\u3092\u304a\u7d04\u675f\u3057\u307e\u3059\u3002\u901a\u5e38\u3001\u5546\u54c1\u306f\u304a\u652f\u6255\u3044\u5f8c3\uff5e7\u55b6\u696d\u65e5\u4ee5\u5185\u306b\u8cfc\u5165\u8005\u306b\u5c4a\u304d\u307e\u3059\u3002.<br \/>\n4.3. Premium Brands O\u00dc\u306f\u3001\u3054\u6ce8\u6587\u3044\u305f\u3060\u3044\u305f\u5546\u54c1\u306e\u8f38\u9001\u4e2d\u306e\u8cac\u4efb\u3092\u8ca0\u3044\u307e\u3059\u3002\u5546\u54c1\u304c\u5b85\u914d\u4fbf\u81ea\u52d5\u53d7\u53d6\u6a5f\u304b\u3089\u5c4a\u3044\u305f\u6642\u70b9\u304b\u3089\u3001\u5546\u54c1\u306e\u640d\u50b7\u304a\u3088\u3073\uff0f\u307e\u305f\u306f\u7d1b\u5931\u306e\u30ea\u30b9\u30af\u306f\u304a\u5ba2\u69d8\u306b\u79fb\u8ee2\u3057\u307e\u3059\u3002.<br \/>\n4.4. \u304a\u5ba2\u69d8\u304c\u90f5\u4fbf\u4f1a\u793e\u304c\u6307\u5b9a\u3057\u305f\u671f\u9650\u5185\u306b\u5546\u54c1\u3092\u53d7\u3051\u53d6\u3089\u306a\u304b\u3063\u305f\u5834\u5408\u3001\u304a\u5ba2\u69d8\u306f\u8377\u7269\u306e\u8fd4\u9001\u3084\u9577\u671f\u4fdd\u7ba1\u306b\u95a2\u9023\u3059\u308b\u3059\u3079\u3066\u306e\u8cbb\u7528\u3001\u304a\u3088\u3073\u767a\u751f\u3059\u308b\u53ef\u80fd\u6027\u306e\u3042\u308b\u305d\u306e\u4ed6\u306e\u8cbb\u7528\u3092\u8ca0\u62c5\u3059\u308b\u3082\u306e\u3068\u3057\u307e\u3059\u3002.<br \/>\n4.5. \u304a\u5ba2\u69d8\u306f\u3001Premium Brands O\u00dc\u306b\u63d0\u4f9b\u3055\u308c\u305f\u30c7\u30fc\u30bf\u306e\u6b63\u78ba\u6027\u306b\u3064\u3044\u3066\u8cac\u4efb\u3092\u8ca0\u3044\u307e\u3059\u3002\u304a\u5ba2\u69d8\u304c\u4e0d\u6b63\u78ba\u307e\u305f\u306f\u4e0d\u6b63\u78ba\u306a\u30c7\u30fc\u30bf\u3092\u63d0\u4f9b\u3057\u305f\u305f\u3081\u306b\u5546\u54c1\u3092\u53d7\u3051\u53d6\u308c\u306a\u304b\u3063\u305f\u5834\u5408\u3001\u30b5\u30fc\u30d3\u30b9\u30d7\u30ed\u30d0\u30a4\u30c0\u30fc\u306f\u767a\u751f\u3057\u305f\u554f\u984c\u306b\u3064\u3044\u3066\u8cac\u4efb\u3092\u8ca0\u3044\u307e\u305b\u3093\u3002\u5546\u54c1\u304cPremium Brands O\u00dc\u306b\u8fd4\u9001\u3055\u308c\u305f\u5834\u5408\u3001\u304a\u5ba2\u69d8\u304c\u8ffd\u52a0\u9001\u6599\u3092\u8ca0\u62c5\u3057\u3066\u3044\u305f\u3060\u3051\u308c\u3070\u3001Premium Brands O\u00dc\u306f\u5546\u54c1\u3092\u518d\u767a\u9001\u3044\u305f\u3057\u307e\u3059\u3002\u304a\u5ba2\u69d8\u304c7\u65e5\u4ee5\u5185\u306b\u8ffd\u52a0\u9001\u6599\u3092\u652f\u6255\u308f\u306a\u3044\u5834\u5408\u3001\u6ce8\u6587\u306f\u30ad\u30e3\u30f3\u30bb\u30eb\u3055\u308c\u3001\u304a\u5ba2\u69d8\u306b\u8fd4\u91d1\u3055\u308c\u307e\u3059\u3002\u8fd4\u91d1\u91d1\u984d\u304b\u3089\u9001\u6599\u304c\u5dee\u3057\u5f15\u304b\u308c\u307e\u3059\u3002.<\/p>\n<h3>5. \u6ce8\u6587\u306e\u30ad\u30e3\u30f3\u30bb\u30eb\u3068\u5546\u54c1\u306e\u8fd4\u54c1<\/h3>\n<p>5.1. \u8acb\u6c42\u66f8\u304c\u652f\u6255\u308f\u308c\u3066\u3044\u306a\u3044\u5834\u5408\u3001Premium Brands O\u00dc\u306f\u9867\u5ba2\u306e\u6ce8\u6587\u3092\u30ad\u30e3\u30f3\u30bb\u30eb\u3059\u308b\u6a29\u5229\u3092\u6709\u3057\u307e\u3059\u3002.<br \/>\n5.2. \u5546\u54c1\u304c\u5728\u5eab\u5207\u308c\u3067\u518d\u6ce8\u6587\u3067\u304d\u306a\u3044\u5834\u5408\u3001Premium Brands O\u00dc\u306f\u304a\u5ba2\u69d8\u3078\u306e\u5546\u54c1\u306e\u8ca9\u58f2\u3092\u62d2\u5426\u3059\u308b\u6a29\u5229\u3092\u6709\u3057\u307e\u3059\u3002\u3053\u306e\u5834\u5408\u3001Premium Brands O\u00dc\u306f\u76f4\u3061\u306b\u304a\u5ba2\u69d8\u306b\u305d\u306e\u72b6\u6cc1\u3092\u901a\u77e5\u3057\u307e\u3059\u3002.<br \/>\n5.3. Premium Brands O\u00dc\u306f\u3001\u5546\u54c1\u306e\u767a\u9001\u5f8c\u306f\u6ce8\u6587\u3092\u30ad\u30e3\u30f3\u30bb\u30eb\u3067\u304d\u307e\u305b\u3093\u3002.<br \/>\n5.4. \u5546\u54c1\u304c\u304a\u5ba2\u69d8\u306e\u3054\u671f\u5f85\u306b\u6cbf\u308f\u306a\u3044\u3001\u307e\u305f\u306f\u30b5\u30a4\u30ba\u304c\u5408\u308f\u306a\u3044\u5834\u5408\u3001\u304a\u5ba2\u69d8\u306f\u5546\u54c1\u53d7\u9818\u65e5\u304b\u308914\u65e5\u4ee5\u5185\u306b\u8fd4\u54c1\u3059\u308b\u6a29\u5229\u3092\u6709\u3057\u307e\u3059\u3002\u5546\u54c1\u306b\u6b20\u9665\u304c\u3042\u308b\u5834\u5408\u306f\u3001info@premiumbrands.ee \u307e\u3067\u30e1\u30fc\u30eb\u306b\u3066\u3054\u9023\u7d61\u304f\u3060\u3055\u3044\u3002\u8fd4\u54c1\u3055\u308c\u308b\u5546\u54c1\u306f\u3001\u640d\u50b7\u304c\u306a\u304f\u3001\u672a\u4f7f\u7528\u3067\u3001\u30e9\u30d9\u30eb\u304c\u8cbc\u4ed8\u3055\u308c\u3001\u5143\u306e\u5305\u88c5\u306e\u307e\u307e\u3001\u9069\u5207\u306b\u68b1\u5305\u3055\u308c\u3066\u3044\u308b\u5fc5\u8981\u304c\u3042\u308a\u307e\u3059\u3002\u8fd4\u54c1\u3055\u308c\u305f\u5546\u54c1\u306e\u4ee3\u91d1\u306f\u3001Premium Brands O\u00dc \u304c\u5546\u54c1\u3092\u53d7\u9818\u3057\u305f\u65e5\u304b\u308914\u65e5\u4ee5\u5185\u306b\u304a\u5ba2\u69d8\u306e\u9280\u884c\u53e3\u5ea7\u306b\u8fd4\u91d1\u3055\u308c\u307e\u3059\u3002.<br \/>\n5.5. \u5546\u54c1\u306e\u8fd4\u54c1\u306b\u304b\u304b\u308b\u8cbb\u7528\u306f\u3001\u5546\u54c1\u306b\u6b20\u9665\u304c\u3042\u308b\u5834\u5408\u3092\u9664\u304d\u3001\u8cfc\u5165\u8005\u306e\u8ca0\u62c5\u3068\u306a\u308a\u307e\u3059\u3002.<br \/>\n5.6. \u304a\u5ba2\u69d8\u304c\u8fd4\u54c1\u3055\u308c\u305f\u88fd\u54c1\u3092\u5225\u306e\u88fd\u54c1\u3068\u4ea4\u63db\u3059\u308b\u5834\u5408\u3001\u8fd4\u54c1\u3055\u308c\u305f\u88fd\u54c1\u306e\u9001\u6599\u306f\u304a\u5ba2\u69d8\u306e\u3054\u8ca0\u62c5\u3068\u306a\u308a\u307e\u3059\u3002Premium Brands O\u00dc\u306f\u3001\u4ea4\u63db\u3055\u308c\u305f\u65b0\u3057\u3044\u88fd\u54c1\u306e\u767a\u9001\u306b\u304b\u304b\u308b\u9001\u6599\u30921\u56de\u5206\u8ca0\u62c5\u3057\u307e\u3059\u3002\u305d\u306e\u5f8c\u306e\u4ea4\u63db\u306b\u304b\u304b\u308b\u9001\u6599\u306f\u3001\u304a\u5ba2\u69d8\u306e\u3054\u8ca0\u62c5\u3068\u306a\u308a\u307e\u3059\u3002.<\/p>\n\n\t\t<\/div>\n\t<\/div>\n<\/div><\/div><\/div><\/div>\n<\/div>","protected":false},"excerpt":{"rendered":"1. E-POE KASUTAJATINGIMUSED 1.1. K\u00e4esolevad kasutajatingimused kehtivad Premium Brands O\u00dc hallatavast e-poest (aadressil www.mysnack.ee) tellitud kaupadele. 1.2. M\u00fc\u00fcgitingimused ei ole","protected":false},"author":3,"featured_media":0,"parent":0,"menu_order":0,"comment_status":"closed","ping_status":"closed","template":"","meta":{"inline_featured_image":false,"footnotes":""},"class_list":["post-1126","page","type-page","status-publish","hentry"],"yoast_head":"<!-- This site is optimized with the Yoast SEO plugin v27.1.1 - https:\/\/yoast.com\/product\/yoast-seo-wordpress\/ -->\n<title>M\u00fc\u00fcgitingimused - Ellyt<\/title>\n<meta name=\"robots\" content=\"index, follow, max-snippet:-1, max-image-preview:large, max-video-preview:-1\" \/>\n<link rel=\"canonical\" href=\"https:\/\/ellyt.eu\/ja\/\u8ca9\u58f2\u6761\u4ef6\/\" \/>\n<meta property=\"og:locale\" content=\"ja_JP\" \/>\n<meta property=\"og:type\" content=\"article\" \/>\n<meta property=\"og:title\" content=\"M\u00fc\u00fcgitingimused - Ellyt\" \/>\n<meta property=\"og:url\" content=\"https:\/\/ellyt.eu\/ja\/\u8ca9\u58f2\u6761\u4ef6\/\" \/>\n<meta property=\"og:site_name\" content=\"Ellyt\" \/>\n<meta property=\"article:publisher\" content=\"https:\/\/www.facebook.com\/MySnack.ee\/\" \/>\n<meta property=\"article:modified_time\" content=\"2024-06-06T07:32:09+00:00\" \/>\n<meta property=\"og:image\" content=\"https:\/\/ellyt.eu\/wp-content\/uploads\/2024\/11\/Facebook-cover-pic-.png\" \/>\n\t<meta property=\"og:image:width\" content=\"1640\" \/>\n\t<meta property=\"og:image:height\" content=\"624\" \/>\n\t<meta property=\"og:image:type\" content=\"image\/png\" \/>\n<meta name=\"twitter:card\" content=\"summary_large_image\" \/>\n<meta name=\"twitter:label1\" content=\"\u63a8\u5b9a\u8aad\u307f\u53d6\u308a\u6642\u9593\" \/>\n\t<meta name=\"twitter:data1\" content=\"4\u5206\" \/>\n<script type=\"application\/ld+json\" class=\"yoast-schema-graph\">{\"@context\":\"https:\/\/schema.org\",\"@graph\":[{\"@type\":\"WebPage\",\"@id\":\"https:\/\/ellyt.eu\/muugitingimused\/\",\"url\":\"https:\/\/ellyt.eu\/muugitingimused\/\",\"name\":\"M\u00fc\u00fcgitingimused - Ellyt\",\"isPartOf\":{\"@id\":\"https:\/\/ellyt.eu\/#website\"},\"datePublished\":\"2020-10-09T10:22:29+00:00\",\"dateModified\":\"2024-06-06T07:32:09+00:00\",\"breadcrumb\":{\"@id\":\"https:\/\/ellyt.eu\/muugitingimused\/#breadcrumb\"},\"inLanguage\":\"ja\",\"potentialAction\":[{\"@type\":\"ReadAction\",\"target\":[\"https:\/\/ellyt.eu\/muugitingimused\/\"]}]},{\"@type\":\"BreadcrumbList\",\"@id\":\"https:\/\/ellyt.eu\/muugitingimused\/#breadcrumb\",\"itemListElement\":[{\"@type\":\"ListItem\",\"position\":1,\"name\":\"Esileht\",\"item\":\"https:\/\/ellyt.eu\/\"},{\"@type\":\"ListItem\",\"position\":2,\"name\":\"M\u00fc\u00fcgitingimused\"}]},{\"@type\":\"WebSite\",\"@id\":\"https:\/\/ellyt.eu\/#website\",\"url\":\"https:\/\/ellyt.eu\/\",\"name\":\"Ellyt\",\"description\":\"Ellyt E-Pood\",\"publisher\":{\"@id\":\"https:\/\/ellyt.eu\/#organization\"},\"potentialAction\":[{\"@type\":\"SearchAction\",\"target\":{\"@type\":\"EntryPoint\",\"urlTemplate\":\"https:\/\/ellyt.eu\/?s={search_term_string}\"},\"query-input\":{\"@type\":\"PropertyValueSpecification\",\"valueRequired\":true,\"valueName\":\"search_term_string\"}}],\"inLanguage\":\"ja\"},{\"@type\":\"Organization\",\"@id\":\"https:\/\/ellyt.eu\/#organization\",\"name\":\"MySnack\",\"url\":\"https:\/\/ellyt.eu\/\",\"logo\":{\"@type\":\"ImageObject\",\"inLanguage\":\"ja\",\"@id\":\"https:\/\/ellyt.eu\/#\/schema\/logo\/image\/\",\"url\":\"https:\/\/mysnack.shop\/wp-content\/uploads\/2023\/09\/MySnack_logo.png\",\"contentUrl\":\"https:\/\/mysnack.shop\/wp-content\/uploads\/2023\/09\/MySnack_logo.png\",\"width\":400,\"height\":148,\"caption\":\"MySnack\"},\"image\":{\"@id\":\"https:\/\/ellyt.eu\/#\/schema\/logo\/image\/\"},\"sameAs\":[\"https:\/\/www.facebook.com\/MySnack.ee\/\",\"https:\/\/www.instagram.com\/mysnack_eesti\/\"]}]}<\/script>\n<!-- \/ Yoast SEO plugin. -->","yoast_head_json":{"title":"\u8ca9\u58f2\u6761\u4ef6 - Ellyt","robots":{"index":"index","follow":"follow","max-snippet":"max-snippet:-1","max-image-preview":"max-image-preview:large","max-video-preview":"max-video-preview:-1"},"canonical":"https:\/\/ellyt.eu\/ja\/\u8ca9\u58f2\u6761\u4ef6\/","og_locale":"ja_JP","og_type":"article","og_title":"M\u00fc\u00fcgitingimused - Ellyt","og_url":"https:\/\/ellyt.eu\/ja\/\u8ca9\u58f2\u6761\u4ef6\/","og_site_name":"Ellyt","article_publisher":"https:\/\/www.facebook.com\/MySnack.ee\/","article_modified_time":"2024-06-06T07:32:09+00:00","og_image":[{"width":1640,"height":624,"url":"https:\/\/ellyt.eu\/wp-content\/uploads\/2024\/11\/Facebook-cover-pic-.png","type":"image\/png"}],"twitter_card":"summary_large_image","twitter_misc":{"\u63a8\u5b9a\u8aad\u307f\u53d6\u308a\u6642\u9593":"4\u5206"},"schema":{"@context":"https:\/\/schema.org","@graph":[{"@type":"WebPage","@id":"https:\/\/ellyt.eu\/muugitingimused\/","url":"https:\/\/ellyt.eu\/muugitingimused\/","name":"\u8ca9\u58f2\u6761\u4ef6 - Ellyt","isPartOf":{"@id":"https:\/\/ellyt.eu\/#website"},"datePublished":"2020-10-09T10:22:29+00:00","dateModified":"2024-06-06T07:32:09+00:00","breadcrumb":{"@id":"https:\/\/ellyt.eu\/muugitingimused\/#breadcrumb"},"inLanguage":"ja","potentialAction":[{"@type":"ReadAction","target":["https:\/\/ellyt.eu\/muugitingimused\/"]}]},{"@type":"BreadcrumbList","@id":"https:\/\/ellyt.eu\/muugitingimused\/#breadcrumb","itemListElement":[{"@type":"ListItem","position":1,"name":"Esileht","item":"https:\/\/ellyt.eu\/"},{"@type":"ListItem","position":2,"name":"M\u00fc\u00fcgitingimused"}]},{"@type":"WebSite","@id":"https:\/\/ellyt.eu\/#website","url":"https:\/\/ellyt.eu\/","name":"Ellyt","description":"Ellyt E-Shop","publisher":{"@id":"https:\/\/ellyt.eu\/#organization"},"potentialAction":[{"@type":"SearchAction","target":{"@type":"EntryPoint","urlTemplate":"https:\/\/ellyt.eu\/?s={search_term_string}"},"query-input":{"@type":"PropertyValueSpecification","valueRequired":true,"valueName":"search_term_string"}}],"inLanguage":"ja"},{"@type":"Organization","@id":"https:\/\/ellyt.eu\/#organization","name":"\u30de\u30a4\u30b9\u30ca\u30c3\u30af","url":"https:\/\/ellyt.eu\/","logo":{"@type":"ImageObject","inLanguage":"ja","@id":"https:\/\/ellyt.eu\/#\/schema\/logo\/image\/","url":"https:\/\/mysnack.shop\/wp-content\/uploads\/2023\/09\/MySnack_logo.png","contentUrl":"https:\/\/mysnack.shop\/wp-content\/uploads\/2023\/09\/MySnack_logo.png","width":400,"height":148,"caption":"MySnack"},"image":{"@id":"https:\/\/ellyt.eu\/#\/schema\/logo\/image\/"},"sameAs":["https:\/\/www.facebook.com\/MySnack.ee\/","https:\/\/www.instagram.com\/mysnack_eesti\/"]}]}},"_links":{"self":[{"href":"https:\/\/ellyt.eu\/ja\/wp-json\/wp\/v2\/pages\/1126","targetHints":{"allow":["GET"]}}],"collection":[{"href":"https:\/\/ellyt.eu\/ja\/wp-json\/wp\/v2\/pages"}],"about":[{"href":"https:\/\/ellyt.eu\/ja\/wp-json\/wp\/v2\/types\/page"}],"author":[{"embeddable":true,"href":"https:\/\/ellyt.eu\/ja\/wp-json\/wp\/v2\/users\/3"}],"replies":[{"embeddable":true,"href":"https:\/\/ellyt.eu\/ja\/wp-json\/wp\/v2\/comments?post=1126"}],"version-history":[{"count":2,"href":"https:\/\/ellyt.eu\/ja\/wp-json\/wp\/v2\/pages\/1126\/revisions"}],"predecessor-version":[{"id":23190,"href":"https:\/\/ellyt.eu\/ja\/wp-json\/wp\/v2\/pages\/1126\/revisions\/23190"}],"wp:attachment":[{"href":"https:\/\/ellyt.eu\/ja\/wp-json\/wp\/v2\/media?parent=1126"}],"curies":[{"name":"wp","href":"https:\/\/api.w.org\/{rel}","templated":true}]}}