{"id":10838,"date":"2021-08-13T13:09:50","date_gmt":"2021-08-13T10:09:50","guid":{"rendered":"https:\/\/mysnack.ee\/?post_type=product&#038;p=10838"},"modified":"2025-07-21T18:12:21","modified_gmt":"2025-07-21T15:12:21","slug":"%e3%83%81%e3%83%bc%e3%82%ba%e5%85%a5%e3%82%8a%e3%82%a8%e3%83%b3%e3%83%89%e3%82%a6%e8%b1%86%e3%82%b9%e3%83%8a%e3%83%83%e3%82%af","status":"publish","type":"product","link":"https:\/\/ellyt.eu\/ja\/product\/hernesnakid-juustuga\/","title":{"rendered":"\u30b0\u30ea\u30fc\u30f3\u30d4\u30fc\u30b9\u30b9\u30ca\u30c3\u30af \u30c1\u30fc\u30ba\u5473 80g"},"content":{"rendered":"<p><strong>\u5185\u5bb9\u91cf\uff1a<\/strong> 80\u30b0\u30e9\u30e0<\/p>\n<p><strong>\u88fd\u54c1100g\u3042\u305f\u308a\u5e73\u5747\uff1a<\/strong><\/p>\n<table>\n<tbody>\n<tr>\n<td>\u30a8\u30cd\u30eb\u30ae\u30fc<\/td>\n<td>361 kcal \/ 1519 kJ<\/td>\n<\/tr>\n<tr>\n<td>\u8102\u8cea<\/td>\n<td>8.1\u30b0\u30e9\u30e0<\/td>\n<\/tr>\n<tr>\n<td>\u00a0 \u00a0 \u98fd\u548c\u8102\u80aa\u9178<\/td>\n<td>1.4\u30b0\u30e9\u30e0<\/td>\n<\/tr>\n<tr>\n<td>\u70ad\u6c34\u5316\u7269<\/td>\n<td>45.8\u30b0\u30e9\u30e0<\/td>\n<\/tr>\n<tr>\n<td>\u00a0 \u00a0 \u7cd6\u985e<\/td>\n<td>4.2\u30b0\u30e9\u30e0<\/td>\n<\/tr>\n<tr>\n<td>\u98df\u7269\u7e4a\u7dad<\/td>\n<td>9.7\u30b0\u30e9\u30e0<\/td>\n<\/tr>\n<tr>\n<td>\u30bf\u30f3\u30d1\u30af\u8cea<\/td>\n<td>21.0\u30b0\u30e9\u30e0<\/td>\n<\/tr>\n<tr>\n<td>\u98df\u5869\u76f8\u5f53\u91cf<\/td>\n<td>1.9\u30b0\u30e9\u30e0<\/td>\n<\/tr>\n<\/tbody>\n<\/table>\n<div id=\"accel-snackbar\" style=\"left: 50%;top: 50px\"><\/div>","protected":false},"excerpt":{"rendered":"<p><span style=\"font-weight: 400\">\u30b0\u30ea\u30fc\u30f3\u30d4\u30fc\u30b9\u306f\u3001\u690d\u7269\u7531\u6765\u305f\u3093\u3071\u304f\u8cea\u3092\u624b\u8efd\u306b\u6442\u308c\u308b\u7d20\u6750\u3068\u3057\u3066\u77e5\u3089\u308c\u3066\u3044\u308b\u3053\u3068\u3092\u3054\u5b58\u77e5\u3067\u3057\u3087\u3046\u304b\u3002\u9ad8\u30bf\u30f3\u30d1\u30af\u8cea\u306b\u52a0\u3048\u3001\u98df\u7269\u7e4a\u7dad\u3084\u6297\u9178\u5316\u6210\u5206\u3082\u542b\u307e\u308c\u3066\u304a\u308a\u3001\u6bce\u65e5\u306e\u8efd\u98df\u306b\u3082\u53d6\u308a\u5165\u308c\u3084\u3059\u3044\u30b9\u30ca\u30c3\u30af\u3067\u3059\u3002<\/span><\/p>\n<p>\u30c1\u30fc\u30ba\u98a8\u5473\u306e\u30b0\u30ea\u30fc\u30f3\u30d4\u30fc\u30b9\u30b9\u30ca\u30c3\u30af\u306f\u3001\u9999\u3070\u3057\u304f\u8efd\u3044\u98df\u611f\u304c\u7279\u9577\u3067\u3059\u3002\u30aa\u30fc\u30d6\u30f3\u3067\u713c\u304d\u4e0a\u3052\u3066\u3044\u308b\u305f\u3081\u3001\u6620\u753b\u3092\u89b3\u306a\u304c\u3089\u306e\u8efd\u98df\u3084\u3001\u904b\u52d5\u5f8c\u306e\u3061\u3087\u3063\u3068\u3057\u305f\u9593\u98df\u306b\u7f6a\u60aa\u611f\u306a\u304f\u98df\u3079\u308b\u3053\u3068\u304c\u3067\u304d\u307e\u3059\u3002<\/p>\n<ul>\n<li style=\"list-style-type: none\">\n<ul>\n<li>\u9ad8\u30bf\u30f3\u30d1\u30af\uff08100g\u3042\u305f\u308a21g\uff09<\/li>\n<li>\u8102\u8cea50\uff05\u30aa\u30d5*<\/li>\n<li>\u63da\u3052\u305a\u306b\u713c\u304d\u4e0a\u3052\u3066\u3044\u307e\u3059<\/li>\n<li>\u7802\u7cd6\u4e0d\u4f7f\u7528<\/li>\n<li>\u30b0\u30eb\u30c6\u30f3\u30d5\u30ea\u30fc<\/li>\n<\/ul>\n<\/li>\n<\/ul>\n<p><strong>\u539f\u6750\u6599\uff1a <\/strong>\u3048\u3093\u3069\u3046\u8c46\u7c89\u672b89\uff05\u3001\u3072\u307e\u308f\u308a\u6cb9\uff08\u9ad8\u30aa\u30ec\u30a4\u30f3\u9178\uff096\uff05\u3001\u30c1\u30fc\u30ba\u30d1\u30a6\u30c0\u30fc4\uff05\uff08\u30db\u30a8\u30a4\u30d1\u30a6\u30c0\u30fc\u3001\u30c1\u30fc\u30ba\u30d1\u30a6\u30c0\u30fc\uff08\u4e73\u6210\u5206\u3092\u542b\u3080\uff09\u3001\u98df\u5869\u3001\u30b2\u30eb\u5316\u5264\uff08E508\uff09\u3001\u56fa\u7d50\u9632\u6b62\u5264\uff08E551\uff09\u3001pH\u8abf\u6574\u5264\uff08E339\u3001E340\u3001\u30af\u30a8\u30f3\u9178\uff09\u3001\u5897\u7c98\u5264\uff08\u30a2\u30e9\u30d3\u30a2\u30ac\u30e0\uff09\uff09\u3001\u6d77\u58691\uff05<\/p>\n<p>\u30a2\u30ec\u30eb\u30ae\u30fc\u7269\u8cea\uff1a\u4e73\u6210\u5206\u3092\u542b\u307f\u307e\u3059\u3002\u5927\u8c46\u30fb\u30ca\u30c3\u30c4\u3092\u542b\u3080\u88fd\u54c1\u3068\u540c\u3058\u8a2d\u5099\u3067\u88fd\u9020\u3057\u3066\u3044\u307e\u3059\u3002<\/p>\n<p>\u679c\u5b9f\u7531\u6765\u306e\u7cd6\u5206\u3092\u542b\u307f\u307e\u3059\u3002<\/p>\n<p>\u6dbc\u3057\u304f\u4e7e\u71e5\u3057\u305f\u5834\u6240\u306b\u4fdd\u7ba1\u3057\u3066\u304f\u3060\u3055\u3044\u3002.<\/p>\n<p>*\u4e00\u822c\u7684\u306a\u30dd\u30c6\u30c8\u30c1\u30c3\u30d7\u30b9\u3068\u6bd4\u8f03<\/p>\n<div id=\"accel-snackbar\" style=\"left: 50%;top: 50px\"><\/div>","protected":false},"featured_media":24864,"template":"","meta":{"inline_featured_image":false},"product_brand":[],"product_cat":[418,172],"product_tag":[],"class_list":{"0":"post-10838","1":"product","2":"type-product","3":"status-publish","4":"has-post-thumbnail","6":"product_cat-hernekropsud","7":"product_cat-soolased-snakid","8":"pa_kogus-kast","9":"pa_kogus-tukk","10":"pa_sisaldab-gluteenivaba","11":"pa_sisaldab-mysnacki-farmist","13":"first","14":"instock","15":"taxable","16":"shipping-taxable","17":"purchasable","18":"product-type-variable","19":"has-default-attributes"},"yoast_head":"<!-- This site is optimized with the Yoast SEO plugin v27.1.1 - https:\/\/yoast.com\/product\/yoast-seo-wordpress\/ -->\n<title>Hernesn\u00e4kid juustuga 80 g | Patuvabad sn\u00e4kid<\/title>\n<meta name=\"description\" content=\"Ahjus k\u00fcpsetatud mahedamaitselised ja kr\u00f5bedad hernekauna sn\u00e4kid juustuga sobivad h\u00e4sti kr\u00f5psu asemel sn\u00e4kkimiseks. Vaata l\u00e4hemalt!\" \/>\n<meta name=\"robots\" content=\"index, follow, max-snippet:-1, max-image-preview:large, max-video-preview:-1\" \/>\n<link rel=\"canonical\" href=\"https:\/\/ellyt.eu\/ja\/\u88fd\u54c1-2\/\u30c1\u30fc\u30ba\u5165\u308a\u30a8\u30f3\u30c9\u30a6\u8c46\u30b9\u30ca\u30c3\u30af\/\" \/>\n<meta property=\"og:locale\" content=\"ja_JP\" \/>\n<meta property=\"og:type\" content=\"article\" \/>\n<meta property=\"og:title\" content=\"Hernesn\u00e4kid juustuga 80 g | Patuvabad sn\u00e4kid\" \/>\n<meta property=\"og:description\" content=\"Ahjus k\u00fcpsetatud mahedamaitselised ja kr\u00f5bedad hernekauna sn\u00e4kid juustuga sobivad h\u00e4sti kr\u00f5psu asemel sn\u00e4kkimiseks. Vaata l\u00e4hemalt!\" \/>\n<meta property=\"og:url\" content=\"https:\/\/ellyt.eu\/ja\/\u88fd\u54c1-2\/\u30c1\u30fc\u30ba\u5165\u308a\u30a8\u30f3\u30c9\u30a6\u8c46\u30b9\u30ca\u30c3\u30af\/\" \/>\n<meta property=\"og:site_name\" content=\"Ellyt\" \/>\n<meta property=\"article:publisher\" content=\"https:\/\/www.facebook.com\/MySnack.ee\/\" \/>\n<meta property=\"article:modified_time\" content=\"2025-07-21T15:12:21+00:00\" \/>\n<meta property=\"og:image\" content=\"https:\/\/ellyt.eu\/wp-content\/uploads\/2021\/08\/Hernesnakid-juustuga.jpg\" \/>\n\t<meta property=\"og:image:width\" content=\"2050\" \/>\n\t<meta property=\"og:image:height\" content=\"2050\" \/>\n\t<meta property=\"og:image:type\" content=\"image\/jpeg\" \/>\n<meta name=\"twitter:card\" content=\"summary_large_image\" \/>\n<meta name=\"twitter:label1\" content=\"\u63a8\u5b9a\u8aad\u307f\u53d6\u308a\u6642\u9593\" \/>\n\t<meta name=\"twitter:data1\" content=\"1\u5206\" \/>\n<script type=\"application\/ld+json\" class=\"yoast-schema-graph\">{\"@context\":\"https:\/\/schema.org\",\"@graph\":[{\"@type\":\"WebPage\",\"@id\":\"https:\/\/ellyt.eu\/toode\/hernesnakid-juustuga\/\",\"url\":\"https:\/\/ellyt.eu\/toode\/hernesnakid-juustuga\/\",\"name\":\"Hernesn\u00e4kid juustuga 80 g | Patuvabad sn\u00e4kid\",\"isPartOf\":{\"@id\":\"https:\/\/ellyt.eu\/#website\"},\"primaryImageOfPage\":{\"@id\":\"https:\/\/ellyt.eu\/toode\/hernesnakid-juustuga\/#primaryimage\"},\"image\":{\"@id\":\"https:\/\/ellyt.eu\/toode\/hernesnakid-juustuga\/#primaryimage\"},\"thumbnailUrl\":\"https:\/\/ellyt.eu\/wp-content\/uploads\/2021\/08\/Hernesnakid-juustuga.jpg\",\"datePublished\":\"2021-08-13T10:09:50+00:00\",\"dateModified\":\"2025-07-21T15:12:21+00:00\",\"description\":\"Ahjus k\u00fcpsetatud mahedamaitselised ja kr\u00f5bedad hernekauna sn\u00e4kid juustuga sobivad h\u00e4sti kr\u00f5psu asemel sn\u00e4kkimiseks. Vaata l\u00e4hemalt!\",\"breadcrumb\":{\"@id\":\"https:\/\/ellyt.eu\/toode\/hernesnakid-juustuga\/#breadcrumb\"},\"inLanguage\":\"ja\",\"potentialAction\":[{\"@type\":\"ReadAction\",\"target\":[\"https:\/\/ellyt.eu\/toode\/hernesnakid-juustuga\/\"]}]},{\"@type\":\"ImageObject\",\"inLanguage\":\"ja\",\"@id\":\"https:\/\/ellyt.eu\/toode\/hernesnakid-juustuga\/#primaryimage\",\"url\":\"https:\/\/ellyt.eu\/wp-content\/uploads\/2021\/08\/Hernesnakid-juustuga.jpg\",\"contentUrl\":\"https:\/\/ellyt.eu\/wp-content\/uploads\/2021\/08\/Hernesnakid-juustuga.jpg\",\"width\":2050,\"height\":2050,\"caption\":\"K\u00fcpsetatud valgurikkad hernesn\u00e4kid juustuga pakendis\"},{\"@type\":\"BreadcrumbList\",\"@id\":\"https:\/\/ellyt.eu\/toode\/hernesnakid-juustuga\/#breadcrumb\",\"itemListElement\":[{\"@type\":\"ListItem\",\"position\":1,\"name\":\"Esileht\",\"item\":\"https:\/\/ellyt.eu\/\"},{\"@type\":\"ListItem\",\"position\":2,\"name\":\"Pood\",\"item\":\"https:\/\/ellyt.eu\/pood\/\"},{\"@type\":\"ListItem\",\"position\":3,\"name\":\"Hernesn\u00e4kid juustuga 80 g\"}]},{\"@type\":\"WebSite\",\"@id\":\"https:\/\/ellyt.eu\/#website\",\"url\":\"https:\/\/ellyt.eu\/\",\"name\":\"Ellyt\",\"description\":\"Ellyt E-Pood\",\"publisher\":{\"@id\":\"https:\/\/ellyt.eu\/#organization\"},\"potentialAction\":[{\"@type\":\"SearchAction\",\"target\":{\"@type\":\"EntryPoint\",\"urlTemplate\":\"https:\/\/ellyt.eu\/?s={search_term_string}\"},\"query-input\":{\"@type\":\"PropertyValueSpecification\",\"valueRequired\":true,\"valueName\":\"search_term_string\"}}],\"inLanguage\":\"ja\"},{\"@type\":\"Organization\",\"@id\":\"https:\/\/ellyt.eu\/#organization\",\"name\":\"MySnack\",\"url\":\"https:\/\/ellyt.eu\/\",\"logo\":{\"@type\":\"ImageObject\",\"inLanguage\":\"ja\",\"@id\":\"https:\/\/ellyt.eu\/#\/schema\/logo\/image\/\",\"url\":\"https:\/\/mysnack.shop\/wp-content\/uploads\/2023\/09\/MySnack_logo.png\",\"contentUrl\":\"https:\/\/mysnack.shop\/wp-content\/uploads\/2023\/09\/MySnack_logo.png\",\"width\":400,\"height\":148,\"caption\":\"MySnack\"},\"image\":{\"@id\":\"https:\/\/ellyt.eu\/#\/schema\/logo\/image\/\"},\"sameAs\":[\"https:\/\/www.facebook.com\/MySnack.ee\/\",\"https:\/\/www.instagram.com\/mysnack_eesti\/\"]}]}<\/script>\n<!-- \/ Yoast SEO plugin. -->","yoast_head_json":{"title":"\u30c1\u30fc\u30ba\u5165\u308a\u30d4\u30fc\u30ca\u30c3\u30c4\u30b9\u30ca\u30c3\u30af 80g | \u7f6a\u306e\u306a\u3044\u30b9\u30ca\u30c3\u30af","description":"\u30aa\u30fc\u30d6\u30f3\u3067\u713c\u3044\u305f\u3001\u30de\u30a4\u30eb\u30c9\u306a\u5473\u308f\u3044\u3067\u30b5\u30af\u30b5\u30af\u306e\u30d4\u30fc\u30dd\u30c3\u30c9\u30b9\u30ca\u30c3\u30af\u306b\u30c1\u30fc\u30ba\u3092\u631f\u3093\u3060\u30b9\u30ca\u30c3\u30af\u306f\u3001\u30c1\u30c3\u30d7\u30b9\u306e\u4ee3\u308f\u308a\u306b\u3074\u3063\u305f\u308a\u3067\u3059\u3002\u8a73\u3057\u304f\u898b\u3066\u307f\u307e\u3057\u3087\u3046\uff01","robots":{"index":"index","follow":"follow","max-snippet":"max-snippet:-1","max-image-preview":"max-image-preview:large","max-video-preview":"max-video-preview:-1"},"canonical":"https:\/\/ellyt.eu\/ja\/\u88fd\u54c1-2\/\u30c1\u30fc\u30ba\u5165\u308a\u30a8\u30f3\u30c9\u30a6\u8c46\u30b9\u30ca\u30c3\u30af\/","og_locale":"ja_JP","og_type":"article","og_title":"Hernesn\u00e4kid juustuga 80 g | Patuvabad sn\u00e4kid","og_description":"Ahjus k\u00fcpsetatud mahedamaitselised ja kr\u00f5bedad hernekauna sn\u00e4kid juustuga sobivad h\u00e4sti kr\u00f5psu asemel sn\u00e4kkimiseks. Vaata l\u00e4hemalt!","og_url":"https:\/\/ellyt.eu\/ja\/\u88fd\u54c1-2\/\u30c1\u30fc\u30ba\u5165\u308a\u30a8\u30f3\u30c9\u30a6\u8c46\u30b9\u30ca\u30c3\u30af\/","og_site_name":"Ellyt","article_publisher":"https:\/\/www.facebook.com\/MySnack.ee\/","article_modified_time":"2025-07-21T15:12:21+00:00","og_image":[{"width":2050,"height":2050,"url":"https:\/\/ellyt.eu\/wp-content\/uploads\/2021\/08\/Hernesnakid-juustuga.jpg","type":"image\/jpeg"}],"twitter_card":"summary_large_image","twitter_misc":{"\u63a8\u5b9a\u8aad\u307f\u53d6\u308a\u6642\u9593":"1\u5206"},"schema":{"@context":"https:\/\/schema.org","@graph":[{"@type":"WebPage","@id":"https:\/\/ellyt.eu\/toode\/hernesnakid-juustuga\/","url":"https:\/\/ellyt.eu\/toode\/hernesnakid-juustuga\/","name":"\u30c1\u30fc\u30ba\u5165\u308a\u30d4\u30fc\u30ca\u30c3\u30c4\u30b9\u30ca\u30c3\u30af 80g | \u7f6a\u306e\u306a\u3044\u30b9\u30ca\u30c3\u30af","isPartOf":{"@id":"https:\/\/ellyt.eu\/#website"},"primaryImageOfPage":{"@id":"https:\/\/ellyt.eu\/toode\/hernesnakid-juustuga\/#primaryimage"},"image":{"@id":"https:\/\/ellyt.eu\/toode\/hernesnakid-juustuga\/#primaryimage"},"thumbnailUrl":"https:\/\/ellyt.eu\/wp-content\/uploads\/2021\/08\/Hernesnakid-juustuga.jpg","datePublished":"2021-08-13T10:09:50+00:00","dateModified":"2025-07-21T15:12:21+00:00","description":"\u30aa\u30fc\u30d6\u30f3\u3067\u713c\u3044\u305f\u3001\u30de\u30a4\u30eb\u30c9\u306a\u5473\u308f\u3044\u3067\u30b5\u30af\u30b5\u30af\u306e\u30d4\u30fc\u30dd\u30c3\u30c9\u30b9\u30ca\u30c3\u30af\u306b\u30c1\u30fc\u30ba\u3092\u631f\u3093\u3060\u30b9\u30ca\u30c3\u30af\u306f\u3001\u30c1\u30c3\u30d7\u30b9\u306e\u4ee3\u308f\u308a\u306b\u3074\u3063\u305f\u308a\u3067\u3059\u3002\u8a73\u3057\u304f\u898b\u3066\u307f\u307e\u3057\u3087\u3046\uff01","breadcrumb":{"@id":"https:\/\/ellyt.eu\/toode\/hernesnakid-juustuga\/#breadcrumb"},"inLanguage":"ja","potentialAction":[{"@type":"ReadAction","target":["https:\/\/ellyt.eu\/toode\/hernesnakid-juustuga\/"]}]},{"@type":"ImageObject","inLanguage":"ja","@id":"https:\/\/ellyt.eu\/toode\/hernesnakid-juustuga\/#primaryimage","url":"https:\/\/ellyt.eu\/wp-content\/uploads\/2021\/08\/Hernesnakid-juustuga.jpg","contentUrl":"https:\/\/ellyt.eu\/wp-content\/uploads\/2021\/08\/Hernesnakid-juustuga.jpg","width":2050,"height":2050,"caption":"K\u00fcpsetatud valgurikkad hernesn\u00e4kid juustuga pakendis"},{"@type":"BreadcrumbList","@id":"https:\/\/ellyt.eu\/toode\/hernesnakid-juustuga\/#breadcrumb","itemListElement":[{"@type":"ListItem","position":1,"name":"Esileht","item":"https:\/\/ellyt.eu\/"},{"@type":"ListItem","position":2,"name":"Pood","item":"https:\/\/ellyt.eu\/pood\/"},{"@type":"ListItem","position":3,"name":"Hernesn\u00e4kid juustuga 80 g"}]},{"@type":"WebSite","@id":"https:\/\/ellyt.eu\/#website","url":"https:\/\/ellyt.eu\/","name":"Ellyt","description":"Ellyt E-Shop","publisher":{"@id":"https:\/\/ellyt.eu\/#organization"},"potentialAction":[{"@type":"SearchAction","target":{"@type":"EntryPoint","urlTemplate":"https:\/\/ellyt.eu\/?s={search_term_string}"},"query-input":{"@type":"PropertyValueSpecification","valueRequired":true,"valueName":"search_term_string"}}],"inLanguage":"ja"},{"@type":"Organization","@id":"https:\/\/ellyt.eu\/#organization","name":"\u30de\u30a4\u30b9\u30ca\u30c3\u30af","url":"https:\/\/ellyt.eu\/","logo":{"@type":"ImageObject","inLanguage":"ja","@id":"https:\/\/ellyt.eu\/#\/schema\/logo\/image\/","url":"https:\/\/mysnack.shop\/wp-content\/uploads\/2023\/09\/MySnack_logo.png","contentUrl":"https:\/\/mysnack.shop\/wp-content\/uploads\/2023\/09\/MySnack_logo.png","width":400,"height":148,"caption":"MySnack"},"image":{"@id":"https:\/\/ellyt.eu\/#\/schema\/logo\/image\/"},"sameAs":["https:\/\/www.facebook.com\/MySnack.ee\/","https:\/\/www.instagram.com\/mysnack_eesti\/"]}]}},"_links":{"self":[{"href":"https:\/\/ellyt.eu\/ja\/wp-json\/wp\/v2\/product\/10838","targetHints":{"allow":["GET"]}}],"collection":[{"href":"https:\/\/ellyt.eu\/ja\/wp-json\/wp\/v2\/product"}],"about":[{"href":"https:\/\/ellyt.eu\/ja\/wp-json\/wp\/v2\/types\/product"}],"wp:featuredmedia":[{"embeddable":true,"href":"https:\/\/ellyt.eu\/ja\/wp-json\/wp\/v2\/media\/24864"}],"wp:attachment":[{"href":"https:\/\/ellyt.eu\/ja\/wp-json\/wp\/v2\/media?parent=10838"}],"wp:term":[{"taxonomy":"product_brand","embeddable":true,"href":"https:\/\/ellyt.eu\/ja\/wp-json\/wp\/v2\/product_brand?post=10838"},{"taxonomy":"product_cat","embeddable":true,"href":"https:\/\/ellyt.eu\/ja\/wp-json\/wp\/v2\/product_cat?post=10838"},{"taxonomy":"product_tag","embeddable":true,"href":"https:\/\/ellyt.eu\/ja\/wp-json\/wp\/v2\/product_tag?post=10838"}],"curies":[{"name":"wp","href":"https:\/\/api.w.org\/{rel}","templated":true}]}}