{"id":20899,"date":"2024-02-22T13:27:21","date_gmt":"2024-02-22T11:27:21","guid":{"rendered":"https:\/\/mysnack.ee\/?post_type=product&#038;p=20899"},"modified":"2025-07-28T12:42:37","modified_gmt":"2025-07-28T09:42:37","slug":"%e6%b5%b7%e8%8b%94%e3%83%95%e3%83%ac%e3%83%bc%e3%82%af%e3%81%a8%e5%a4%a9%e3%81%b7%e3%82%89bbq-40g","status":"publish","type":"product","link":"https:\/\/ellyt.eu\/ja\/product\/merevetika-kropsud-tempura-bbq-ga-40-g\/","title":{"rendered":"\u306e\u308a\u5929\u30b9\u30ca\u30c3\u30af\uff08\u30d0\u30fc\u30d9\u30ad\u30e5\u30fc\uff0940g"},"content":{"rendered":"<p><strong>\u5185\u5bb9\u91cf\uff1a<\/strong> 40g<\/p>\n<p><strong>\u88fd\u54c1100g\u3042\u305f\u308a\u5e73\u5747\uff1a<\/strong><\/p>\n<table>\n<tbody>\n<tr>\n<td>\u30a8\u30cd\u30eb\u30ae\u30fc<\/td>\n<td>600 kcal \/ 2512 kJ<\/td>\n<\/tr>\n<tr>\n<td>\u8102\u8cea<\/td>\n<td>42.7g<\/td>\n<\/tr>\n<tr>\n<td>\u00a0 \u00a0 \u98fd\u548c\u8102\u80aa\u9178<\/td>\n<td>18.4g<\/td>\n<\/tr>\n<tr>\n<td>\u70ad\u6c34\u5316\u7269<\/td>\n<td>45.9g<\/td>\n<\/tr>\n<tr>\n<td>\u00a0 \u00a0 \u7cd6\u985e<\/td>\n<td>2.1g<\/td>\n<\/tr>\n<tr>\n<td>\u30bf\u30f3\u30d1\u30af\u8cea<\/td>\n<td>7.9g<\/td>\n<\/tr>\n<tr>\n<td>\u98df\u5869\u76f8\u5f53\u91cf<\/td>\n<td>1.2g<\/td>\n<\/tr>\n<\/tbody>\n<\/table>\n<div id=\"accel-snackbar\" style=\"left: 50%; top: 50px;\"><\/div>","protected":false},"excerpt":{"rendered":"<ul>\n<li>\u30d1\u30ea\u30c3\u3068\u8efd\u3044\u98df\u611f\u306e\u306e\u308a\u30b9\u30ca\u30c3\u30af<\/li>\n<li>\u9999\u3070\u3057\u3044BBQ\u306e\u98a8\u5473\u3068\u30b9\u30e2\u30fc\u30ad\u30fc\u306a\u5473\u308f\u3044\u304c\u697d\u3057\u3081\u308b\u4e00\u54c1<\/li>\n<li>\u306e\u308a\u306f\u6804\u990a\u4fa1\u304c\u9ad8\u304f\u3001\u7279\u306b\u30e8\u30a6\u7d20\u3092\u8c4a\u5bcc\u306b\u542b\u3093\u3067\u3044\u307e\u3059<\/li>\n<\/ul>\n<p><strong>\u539f\u6750\u6599\uff1a<\/strong> \u5929\u3077\u3089\u7c89\uff08\u5c0f\u9ea6\u7c89\u3001\u52a0\u5de5\u30bf\u30d4\u30aa\u30ab\u3067\u3093\u7c89\u3001\u98df\u5869\u3001\u7802\u7cd6\uff09\u3001\u7c73\u306c\u304b\u6cb9\uff08\u30ed\u30fc\u30ba\u30de\u30ea\u30fc\u62bd\u51fa\u7269\u542b\u3080\uff09\u3001\u6d77\u82d4\u3001\u30b9\u30e2\u30fc\u30afBBQ\u30b7\u30fc\u30ba\u30cb\u30f3\u30b0\u3001\u690d\u7269\u6027\u305f\u3093\u3071\u304f\uff08\u5927\u8c46\u7531\u6765\uff09\u3001\u9999\u8f9b\u6599\uff08\u30ac\u30fc\u30ea\u30c3\u30af\u3001\u5510\u8f9b\u5b50\u3001\u3053\u3057\u3087\u3046\u3001\u30af\u30ed\u30fc\u30d6\u3001\u30af\u30df\u30f3\u3001\u30b3\u30ea\u30a2\u30f3\u30c0\u30fc\u3001\u30aa\u30cb\u30aa\u30f3\uff09\u3001\u98df\u5869\uff0f\u8abf\u5473\u6599\uff08\u30b0\u30a2\u30cb\u30eb\u9178\u4e8c\u30ca\u30c8\u30ea\u30a6\u30e0\u3001\u30a4\u30ce\u30b7\u30f3\u9178\u4e8c\u30ca\u30c8\u30ea\u30a6\u30e0\uff09\u3001\u30d1\u30fc\u30e0\u30aa\u30ec\u30a4\u30f3\u3001\u9178\u5473\u6599\uff08\u30af\u30a8\u30f3\u9178\uff09<\/p>\n<div id=\"accel-snackbar\" style=\"left: 50%; top: 50px;\"><\/div>","protected":false},"featured_media":22507,"template":"","meta":{"inline_featured_image":false},"product_brand":[],"product_cat":[172,315],"product_tag":[],"class_list":{"0":"post-20899","1":"product","2":"type-product","3":"status-publish","4":"has-post-thumbnail","6":"product_cat-soolased-snakid","7":"product_cat-vetikakropsud","8":"pa_kogus-kast","9":"pa_kogus-tukk","10":"pa_sisaldab-laktoosivaba","12":"first","13":"instock","14":"taxable","15":"shipping-taxable","16":"purchasable","17":"product-type-variable","18":"has-default-attributes"},"yoast_head":"<!-- This site is optimized with the Yoast SEO plugin v27.1.1 - https:\/\/yoast.com\/product\/yoast-seo-wordpress\/ -->\n<title>Merevetika kr\u00f5psud tempura BBQ-ga | Patuvabad sn\u00e4kid<\/title>\n<meta name=\"description\" content=\"Jaapani merevetika kr\u00f5psud tempura BBQ-ga maitsevad h\u00e4sti, annavad energiat ja sisaldavad rohkelt toitaineid. Vaata l\u00e4hemalt!\" \/>\n<meta name=\"robots\" content=\"index, follow, max-snippet:-1, max-image-preview:large, max-video-preview:-1\" \/>\n<link rel=\"canonical\" href=\"https:\/\/ellyt.eu\/ja\/\u88fd\u54c1-2\/\u6d77\u82d4\u30d5\u30ec\u30fc\u30af\u3068\u5929\u3077\u3089bbq-40g\/\" \/>\n<meta property=\"og:locale\" content=\"ja_JP\" \/>\n<meta property=\"og:type\" content=\"article\" \/>\n<meta property=\"og:title\" content=\"Merevetika kr\u00f5psud tempura BBQ-ga 40 g - Tervislikud ja Maitsvad Sn\u00e4kid\" \/>\n<meta property=\"og:description\" content=\"M\u00f5nusalt kr\u00f5bedad vetikakr\u00f5psud, mis maitsevad h\u00e4sti ja sisaldavad rohkelt toitaineid.\" \/>\n<meta property=\"og:url\" content=\"https:\/\/ellyt.eu\/ja\/\u88fd\u54c1-2\/\u6d77\u82d4\u30d5\u30ec\u30fc\u30af\u3068\u5929\u3077\u3089bbq-40g\/\" \/>\n<meta property=\"og:site_name\" content=\"Ellyt\" \/>\n<meta property=\"article:publisher\" content=\"https:\/\/www.facebook.com\/MySnack.ee\/\" \/>\n<meta property=\"article:modified_time\" content=\"2025-07-28T09:42:37+00:00\" \/>\n<meta property=\"og:image\" content=\"https:\/\/ellyt.eu\/wp-content\/uploads\/2020\/12\/toode_merevetikas_kana_larb-scaled.jpg\" \/>\n\t<meta property=\"og:image:width\" content=\"2560\" \/>\n\t<meta property=\"og:image:height\" content=\"1224\" \/>\n\t<meta property=\"og:image:type\" content=\"image\/jpeg\" \/>\n<meta name=\"twitter:card\" content=\"summary_large_image\" \/>\n<meta name=\"twitter:title\" content=\"Merevetika kr\u00f5psud tempura BBQ-ga 40 g - Tervislikud ja Maitsvad Sn\u00e4kid\" \/>\n<meta name=\"twitter:description\" content=\"M\u00f5nusalt kr\u00f5bedad vetikakr\u00f5psud, mis maitsevad h\u00e4sti ja sisaldavad rohkelt toitaineid.\" \/>\n<meta name=\"twitter:image\" content=\"https:\/\/ellyt.eu\/wp-content\/uploads\/2020\/12\/toode_merevetikas_kana_larb-scaled.jpg\" \/>\n<meta name=\"twitter:label1\" content=\"\u63a8\u5b9a\u8aad\u307f\u53d6\u308a\u6642\u9593\" \/>\n\t<meta name=\"twitter:data1\" content=\"1\u5206\" \/>\n<script type=\"application\/ld+json\" class=\"yoast-schema-graph\">{\"@context\":\"https:\/\/schema.org\",\"@graph\":[{\"@type\":\"WebPage\",\"@id\":\"https:\/\/ellyt.eu\/toode\/merevetika-kropsud-tempura-bbq-ga-40-g\/\",\"url\":\"https:\/\/ellyt.eu\/toode\/merevetika-kropsud-tempura-bbq-ga-40-g\/\",\"name\":\"Merevetika kr\u00f5psud tempura BBQ-ga | Patuvabad sn\u00e4kid\",\"isPartOf\":{\"@id\":\"https:\/\/ellyt.eu\/#website\"},\"primaryImageOfPage\":{\"@id\":\"https:\/\/ellyt.eu\/toode\/merevetika-kropsud-tempura-bbq-ga-40-g\/#primaryimage\"},\"image\":{\"@id\":\"https:\/\/ellyt.eu\/toode\/merevetika-kropsud-tempura-bbq-ga-40-g\/#primaryimage\"},\"thumbnailUrl\":\"https:\/\/ellyt.eu\/wp-content\/uploads\/2024\/02\/Merevetika-kropsud-tempura-BBQ-ga.png\",\"datePublished\":\"2024-02-22T11:27:21+00:00\",\"dateModified\":\"2025-07-28T09:42:37+00:00\",\"description\":\"Jaapani merevetika kr\u00f5psud tempura BBQ-ga maitsevad h\u00e4sti, annavad energiat ja sisaldavad rohkelt toitaineid. Vaata l\u00e4hemalt!\",\"breadcrumb\":{\"@id\":\"https:\/\/ellyt.eu\/toode\/merevetika-kropsud-tempura-bbq-ga-40-g\/#breadcrumb\"},\"inLanguage\":\"ja\",\"potentialAction\":[{\"@type\":\"ReadAction\",\"target\":[\"https:\/\/ellyt.eu\/toode\/merevetika-kropsud-tempura-bbq-ga-40-g\/\"]}]},{\"@type\":\"ImageObject\",\"inLanguage\":\"ja\",\"@id\":\"https:\/\/ellyt.eu\/toode\/merevetika-kropsud-tempura-bbq-ga-40-g\/#primaryimage\",\"url\":\"https:\/\/ellyt.eu\/wp-content\/uploads\/2024\/02\/Merevetika-kropsud-tempura-BBQ-ga.png\",\"contentUrl\":\"https:\/\/ellyt.eu\/wp-content\/uploads\/2024\/02\/Merevetika-kropsud-tempura-BBQ-ga.png\",\"width\":1080,\"height\":1080,\"caption\":\"Merevetika kr\u00f5psud tempura BBQ-ga\"},{\"@type\":\"BreadcrumbList\",\"@id\":\"https:\/\/ellyt.eu\/toode\/merevetika-kropsud-tempura-bbq-ga-40-g\/#breadcrumb\",\"itemListElement\":[{\"@type\":\"ListItem\",\"position\":1,\"name\":\"Esileht\",\"item\":\"https:\/\/ellyt.eu\/\"},{\"@type\":\"ListItem\",\"position\":2,\"name\":\"Pood\",\"item\":\"https:\/\/ellyt.eu\/pood\/\"},{\"@type\":\"ListItem\",\"position\":3,\"name\":\"Merevetika kr\u00f5psud tempura BBQ-ga 40 g\"}]},{\"@type\":\"WebSite\",\"@id\":\"https:\/\/ellyt.eu\/#website\",\"url\":\"https:\/\/ellyt.eu\/\",\"name\":\"Ellyt\",\"description\":\"Ellyt E-Pood\",\"publisher\":{\"@id\":\"https:\/\/ellyt.eu\/#organization\"},\"potentialAction\":[{\"@type\":\"SearchAction\",\"target\":{\"@type\":\"EntryPoint\",\"urlTemplate\":\"https:\/\/ellyt.eu\/?s={search_term_string}\"},\"query-input\":{\"@type\":\"PropertyValueSpecification\",\"valueRequired\":true,\"valueName\":\"search_term_string\"}}],\"inLanguage\":\"ja\"},{\"@type\":\"Organization\",\"@id\":\"https:\/\/ellyt.eu\/#organization\",\"name\":\"MySnack\",\"url\":\"https:\/\/ellyt.eu\/\",\"logo\":{\"@type\":\"ImageObject\",\"inLanguage\":\"ja\",\"@id\":\"https:\/\/ellyt.eu\/#\/schema\/logo\/image\/\",\"url\":\"https:\/\/mysnack.shop\/wp-content\/uploads\/2023\/09\/MySnack_logo.png\",\"contentUrl\":\"https:\/\/mysnack.shop\/wp-content\/uploads\/2023\/09\/MySnack_logo.png\",\"width\":400,\"height\":148,\"caption\":\"MySnack\"},\"image\":{\"@id\":\"https:\/\/ellyt.eu\/#\/schema\/logo\/image\/\"},\"sameAs\":[\"https:\/\/www.facebook.com\/MySnack.ee\/\",\"https:\/\/www.instagram.com\/mysnack_eesti\/\"]}]}<\/script>\n<!-- \/ Yoast SEO plugin. -->","yoast_head_json":{"title":"\u6d77\u82d4\u30c1\u30c3\u30d7\u30b9\u3068\u5929\u3077\u3089BBQ | \u7f6a\u60aa\u611f\u306a\u3057\u30b9\u30ca\u30c3\u30af","description":"\u5929\u3077\u3089BBQ\u5473\u306e\u65e5\u672c\u306e\u6d77\u82d4\u30c1\u30c3\u30d7\u30b9\u306f\u3001\u7f8e\u5473\u3057\u304f\u3066\u30a8\u30cd\u30eb\u30ae\u30fc\u88dc\u7d66\u306b\u3082\u306a\u308a\u3001\u6804\u990a\u3082\u305f\u3063\u3077\u308a\u3002\u8a73\u3057\u304f\u898b\u3066\u307f\u307e\u3057\u3087\u3046\uff01","robots":{"index":"index","follow":"follow","max-snippet":"max-snippet:-1","max-image-preview":"max-image-preview:large","max-video-preview":"max-video-preview:-1"},"canonical":"https:\/\/ellyt.eu\/ja\/\u88fd\u54c1-2\/\u6d77\u82d4\u30d5\u30ec\u30fc\u30af\u3068\u5929\u3077\u3089bbq-40g\/","og_locale":"ja_JP","og_type":"article","og_title":"Merevetika kr\u00f5psud tempura BBQ-ga 40 g - Tervislikud ja Maitsvad Sn\u00e4kid","og_description":"M\u00f5nusalt kr\u00f5bedad vetikakr\u00f5psud, mis maitsevad h\u00e4sti ja sisaldavad rohkelt toitaineid.","og_url":"https:\/\/ellyt.eu\/ja\/\u88fd\u54c1-2\/\u6d77\u82d4\u30d5\u30ec\u30fc\u30af\u3068\u5929\u3077\u3089bbq-40g\/","og_site_name":"Ellyt","article_publisher":"https:\/\/www.facebook.com\/MySnack.ee\/","article_modified_time":"2025-07-28T09:42:37+00:00","og_image":[{"width":2560,"height":1224,"url":"https:\/\/ellyt.eu\/wp-content\/uploads\/2020\/12\/toode_merevetikas_kana_larb-scaled.jpg","type":"image\/jpeg"}],"twitter_card":"summary_large_image","twitter_title":"Merevetika kr\u00f5psud tempura BBQ-ga 40 g - Tervislikud ja Maitsvad Sn\u00e4kid","twitter_description":"M\u00f5nusalt kr\u00f5bedad vetikakr\u00f5psud, mis maitsevad h\u00e4sti ja sisaldavad rohkelt toitaineid.","twitter_image":"https:\/\/ellyt.eu\/wp-content\/uploads\/2020\/12\/toode_merevetikas_kana_larb-scaled.jpg","twitter_misc":{"\u63a8\u5b9a\u8aad\u307f\u53d6\u308a\u6642\u9593":"1\u5206"},"schema":{"@context":"https:\/\/schema.org","@graph":[{"@type":"WebPage","@id":"https:\/\/ellyt.eu\/toode\/merevetika-kropsud-tempura-bbq-ga-40-g\/","url":"https:\/\/ellyt.eu\/toode\/merevetika-kropsud-tempura-bbq-ga-40-g\/","name":"\u6d77\u82d4\u30c1\u30c3\u30d7\u30b9\u3068\u5929\u3077\u3089BBQ | \u7f6a\u60aa\u611f\u306a\u3057\u30b9\u30ca\u30c3\u30af","isPartOf":{"@id":"https:\/\/ellyt.eu\/#website"},"primaryImageOfPage":{"@id":"https:\/\/ellyt.eu\/toode\/merevetika-kropsud-tempura-bbq-ga-40-g\/#primaryimage"},"image":{"@id":"https:\/\/ellyt.eu\/toode\/merevetika-kropsud-tempura-bbq-ga-40-g\/#primaryimage"},"thumbnailUrl":"https:\/\/ellyt.eu\/wp-content\/uploads\/2024\/02\/Merevetika-kropsud-tempura-BBQ-ga.png","datePublished":"2024-02-22T11:27:21+00:00","dateModified":"2025-07-28T09:42:37+00:00","description":"\u5929\u3077\u3089BBQ\u5473\u306e\u65e5\u672c\u306e\u6d77\u82d4\u30c1\u30c3\u30d7\u30b9\u306f\u3001\u7f8e\u5473\u3057\u304f\u3066\u30a8\u30cd\u30eb\u30ae\u30fc\u88dc\u7d66\u306b\u3082\u306a\u308a\u3001\u6804\u990a\u3082\u305f\u3063\u3077\u308a\u3002\u8a73\u3057\u304f\u898b\u3066\u307f\u307e\u3057\u3087\u3046\uff01","breadcrumb":{"@id":"https:\/\/ellyt.eu\/toode\/merevetika-kropsud-tempura-bbq-ga-40-g\/#breadcrumb"},"inLanguage":"ja","potentialAction":[{"@type":"ReadAction","target":["https:\/\/ellyt.eu\/toode\/merevetika-kropsud-tempura-bbq-ga-40-g\/"]}]},{"@type":"ImageObject","inLanguage":"ja","@id":"https:\/\/ellyt.eu\/toode\/merevetika-kropsud-tempura-bbq-ga-40-g\/#primaryimage","url":"https:\/\/ellyt.eu\/wp-content\/uploads\/2024\/02\/Merevetika-kropsud-tempura-BBQ-ga.png","contentUrl":"https:\/\/ellyt.eu\/wp-content\/uploads\/2024\/02\/Merevetika-kropsud-tempura-BBQ-ga.png","width":1080,"height":1080,"caption":"Merevetika kr\u00f5psud tempura BBQ-ga"},{"@type":"BreadcrumbList","@id":"https:\/\/ellyt.eu\/toode\/merevetika-kropsud-tempura-bbq-ga-40-g\/#breadcrumb","itemListElement":[{"@type":"ListItem","position":1,"name":"Esileht","item":"https:\/\/ellyt.eu\/"},{"@type":"ListItem","position":2,"name":"Pood","item":"https:\/\/ellyt.eu\/pood\/"},{"@type":"ListItem","position":3,"name":"Merevetika kr\u00f5psud tempura BBQ-ga 40 g"}]},{"@type":"WebSite","@id":"https:\/\/ellyt.eu\/#website","url":"https:\/\/ellyt.eu\/","name":"Ellyt","description":"Ellyt E-Shop","publisher":{"@id":"https:\/\/ellyt.eu\/#organization"},"potentialAction":[{"@type":"SearchAction","target":{"@type":"EntryPoint","urlTemplate":"https:\/\/ellyt.eu\/?s={search_term_string}"},"query-input":{"@type":"PropertyValueSpecification","valueRequired":true,"valueName":"search_term_string"}}],"inLanguage":"ja"},{"@type":"Organization","@id":"https:\/\/ellyt.eu\/#organization","name":"\u30de\u30a4\u30b9\u30ca\u30c3\u30af","url":"https:\/\/ellyt.eu\/","logo":{"@type":"ImageObject","inLanguage":"ja","@id":"https:\/\/ellyt.eu\/#\/schema\/logo\/image\/","url":"https:\/\/mysnack.shop\/wp-content\/uploads\/2023\/09\/MySnack_logo.png","contentUrl":"https:\/\/mysnack.shop\/wp-content\/uploads\/2023\/09\/MySnack_logo.png","width":400,"height":148,"caption":"MySnack"},"image":{"@id":"https:\/\/ellyt.eu\/#\/schema\/logo\/image\/"},"sameAs":["https:\/\/www.facebook.com\/MySnack.ee\/","https:\/\/www.instagram.com\/mysnack_eesti\/"]}]}},"_links":{"self":[{"href":"https:\/\/ellyt.eu\/ja\/wp-json\/wp\/v2\/product\/20899","targetHints":{"allow":["GET"]}}],"collection":[{"href":"https:\/\/ellyt.eu\/ja\/wp-json\/wp\/v2\/product"}],"about":[{"href":"https:\/\/ellyt.eu\/ja\/wp-json\/wp\/v2\/types\/product"}],"wp:featuredmedia":[{"embeddable":true,"href":"https:\/\/ellyt.eu\/ja\/wp-json\/wp\/v2\/media\/22507"}],"wp:attachment":[{"href":"https:\/\/ellyt.eu\/ja\/wp-json\/wp\/v2\/media?parent=20899"}],"wp:term":[{"taxonomy":"product_brand","embeddable":true,"href":"https:\/\/ellyt.eu\/ja\/wp-json\/wp\/v2\/product_brand?post=20899"},{"taxonomy":"product_cat","embeddable":true,"href":"https:\/\/ellyt.eu\/ja\/wp-json\/wp\/v2\/product_cat?post=20899"},{"taxonomy":"product_tag","embeddable":true,"href":"https:\/\/ellyt.eu\/ja\/wp-json\/wp\/v2\/product_tag?post=20899"}],"curies":[{"name":"wp","href":"https:\/\/api.w.org\/{rel}","templated":true}]}}