{"id":23115,"date":"2024-06-10T16:08:30","date_gmt":"2024-06-10T13:08:30","guid":{"rendered":"https:\/\/mysnack.ee\/?post_type=product&#038;p=23115"},"modified":"2026-02-27T14:18:44","modified_gmt":"2026-02-27T12:18:44","slug":"%e3%83%9e%e3%83%b3%e3%82%b4%e3%83%bc%e3%83%95%e3%83%ab%e3%83%bc%e3%83%84%e3%83%90%e3%83%bc","status":"publish","type":"product","link":"https:\/\/ellyt.eu\/ja\/product\/mango-puuviljabatoon\/","title":{"rendered":"97% \u30de\u30f3\u30b4\u30fc\u30d5\u30eb\u30fc\u30c4\u30d0\u30fc 30g"},"content":{"rendered":"<p><strong>\u5185\u5bb9\u91cf\uff1a<\/strong> 30\u30b0\u30e9\u30e0<\/p>\n<p><strong>\u88fd\u54c1100g\u3042\u305f\u308a\u5e73\u5747\uff1a<\/strong><\/p>\n<table style=\"height: 206px;\" width=\"346\">\n<tbody>\n<tr>\n<td>\u30a8\u30cd\u30eb\u30ae\u30fc<\/td>\n<td>338 kcal \/ 1415 kJ<\/td>\n<\/tr>\n<tr>\n<td>\u8102\u8cea<\/td>\n<td>1.3\u30b0\u30e9\u30e0<\/td>\n<\/tr>\n<tr>\n<td>\u00a0 \u00a0 \u98fd\u548c\u8102\u80aa\u9178<\/td>\n<td>0\u30b0\u30e9\u30e0<\/td>\n<\/tr>\n<tr>\n<td>\u70ad\u6c34\u5316\u7269<\/td>\n<td>79.4\u30b0\u30e9\u30e0<\/td>\n<\/tr>\n<tr>\n<td>\u00a0 \u00a0 \u7cd6\u985e<\/td>\n<td>71.8\u30b0\u30e9\u30e0<\/td>\n<\/tr>\n<tr>\n<td>\u98df\u7269\u7e4a\u7dad<\/td>\n<td>6.55\u30b0\u30e9\u30e0<\/td>\n<\/tr>\n<tr>\n<td>\u30bf\u30f3\u30d1\u30af\u8cea<\/td>\n<td>2.68\u30b0\u30e9\u30e0<\/td>\n<\/tr>\n<tr>\n<td>\u98df\u5869\u76f8\u5f53\u91cf<\/td>\n<td>0.11\u30b0\u30e9\u30e0<\/td>\n<\/tr>\n<\/tbody>\n<\/table>\n<div id=\"accel-snackbar\" style=\"left: 50%; top: 50px;\"><\/div>","protected":false},"excerpt":{"rendered":"<p>\u30de\u30f3\u30b4\u30fc\u30d0\u30fc\u306f\u3001\u5b8c\u719f\u3057\u305f\u679c\u5b9f\u306e\u307f\u3092\u4f7f\u7528\u3057\u3001\u679c\u5b9f\u672c\u6765\u306e\u81ea\u7136\u306a\u7518\u307f\u3068\u6804\u990a\u3092\u305d\u306e\u307e\u307e\u751f\u304b\u3057\u3066\u3044\u307e\u3059\u3002\u6301\u3061\u904b\u3073\u3057\u3084\u3059\u304f\u3001\u8a66\u9a13\u524d\u3084\u5927\u5207\u306a\u6253\u3061\u5408\u308f\u305b\u306e\u524d\u306b\u3001\u624b\u8efd\u306b\u6c17\u5206\u3092\u6574\u3048\u305f\u3044\u3068\u304d\u306b\u3082\u304a\u3059\u3059\u3081\u306e\u30d5\u30eb\u30fc\u30c4\u30d0\u30fc\u3067\u3059\u3002<span style=\"font-weight: 400;\"> \u30de\u30f3\u30b4\u30fc\u306b\u306f\u30b0\u30eb\u30bf\u30df\u30f3\u9178\u304c\u542b\u307e\u308c\u3066\u304a\u308a\u3001\u96c6\u4e2d\u3057\u305f\u3044\u5834\u9762\u306e\u6804\u990a\u88dc\u7d66\u306b\u3082\u9069\u3057\u305f\u679c\u5b9f\u3068\u3057\u3066\u77e5\u3089\u308c\u3066\u3044\u307e\u3059\u3002\u3055\u3089\u306b\u3001\u30d3\u30bf\u30df\u30f3C\u3082\u542b\u307e\u308c\u3066\u3044\u307e\u3059\u3002<\/span><\/p>\n<p>MySnack\u306e\u30d5\u30eb\u30fc\u30c4\u30d0\u30fc\u306f\u3059\u3079\u3066\u30aa\u30ea\u30b8\u30ca\u30eb\u30ec\u30b7\u30d4\u3067\u3064\u304f\u3089\u308c\u3066\u3044\u307e\u3059\u3002\u6fc3\u7e2e\u9084\u5143\u3084\u4e0d\u8981\u306a\u6dfb\u52a0\u7269\u306f\u4f7f\u7528\u3057\u3066\u3044\u307e\u305b\u3093\u3002\u719f\u3057\u305f\u679c\u5b9f\u3092\u9577\u8ddd\u96e2\u8f38\u9001\u3059\u308b\u3053\u3068\u306a\u304f\u3001\u8fb2\u5712\u306e\u8fd1\u304f\u3067\u88fd\u9020\u3059\u308b\u3053\u3068\u3067\u3001\u679c\u5b9f\u672c\u6765\u306e\u6804\u990a\u4fa1\u3092\u3067\u304d\u308b\u3060\u3051\u4fdd\u3061\u3001\u74b0\u5883\u3078\u306e\u8ca0\u8377\u306b\u3082\u914d\u616e\u3057\u3066\u3044\u307e\u3059\u3002<\/p>\n<ul>\n<li style=\"list-style-type: none;\">\n<ul>\n<li>\u30de\u30f3\u30b4\u30fc\u306f\u30d3\u30bf\u30df\u30f3C\u3092\u8c4a\u5bcc\u306b\u542b\u307f\u30011\u672c\u3042\u305f\u308a1\u65e5\u306e\u63a8\u5968\u6442\u53d6\u91cf\u306e51\uff05\u306b\u3042\u305f\u308b\u30d3\u30bf\u30df\u30f3C\u3092\u542b\u3093\u3067\u3044\u307e\u3059<\/li>\n<li>\u98df\u7269\u7e4a\u7dad\u304c\u8c4a\u5bcc<\/li>\n<li>\u30b0\u30eb\u30c6\u30f3\u30d5\u30ea\u30fc<\/li>\n<li>\u98df\u611f\u3092\u4fdd\u3061\u3001\u4fdd\u5b58\u6027\u3092\u9ad8\u3081\u308b\u305f\u3081\u30011\u672c\u3042\u305f\u308a1.5g\u306e\u304d\u3073\u7802\u7cd6\u3092\u52a0\u3048\u3066\u3044\u307e\u3059<\/li>\n<li>\u679c\u5b9f\u7531\u6765\u306e\u81ea\u7136\u306a\u7518\u3055<\/li>\n<li>\u679c\u5b9f\u306e\u8272\u304c\u6642\u9593\u3068\u3068\u3082\u306b\u81ea\u7136\u306b\u6fc3\u304f\u306a\u308b\u5834\u5408\u304c\u3042\u308a\u307e\u3059\u3002\u3053\u308c\u306f\u9bae\u5ea6\u4fdd\u6301\u3068\u30ab\u30d3\u9632\u6b62\u306e\u305f\u3081\u3001\u3054\u304f\u5c11\u91cf\uff080.01\uff05\uff09\u306e\u4e9c\u786b\u9178\u5869\u3092\u4f7f\u7528\u3057\u3066\u3044\u308b\u305f\u3081\u3067\u3059<\/li>\n<li>1\u672c\u3042\u305f\u308a\u5b8c\u719f\u30de\u30f3\u30b4\u30fc375g\u3092\u4f7f\u7528\u3057\u3066\u3044\u307e\u3059<\/li>\n<li>\u30f4\u30a3\u30fc\u30ac\u30f3\u5bfe\u5fdc<\/li>\n<\/ul>\n<\/li>\n<\/ul>\n<p><strong>\u539f\u6750\u6599\uff1a<\/strong> \u30de\u30f3\u30b4\u30fc97\uff05\u3001\u304d\u3073\u7802\u7cd6\uff0f\u9178\u5473\u6599\uff08\u30af\u30a8\u30f3\u9178\uff09\u3001\u9178\u5316\u9632\u6b62\u5264\uff08\u4e9c\u786b\u9178\u6c34\u7d20\u30ca\u30c8\u30ea\u30a6\u30e0\uff09<\/p>\n<p>\u76f4\u5c04\u65e5\u5149\u30fb\u9ad8\u6e29\u591a\u6e7f\u3092\u907f\u3051\u3001\u6dbc\u3057\u3044\u5834\u6240\u3067\u4fdd\u5b58\u3057\u3066\u304f\u3060\u3055\u3044\u3002<\/p>\n<div id=\"accel-snackbar\" style=\"left: 50%; top: 50px;\"><\/div>","protected":false},"featured_media":22657,"template":"","meta":{"inline_featured_image":false},"product_brand":[],"product_cat":[675],"product_tag":[],"class_list":{"0":"post-23115","1":"product","2":"type-product","3":"status-publish","4":"has-post-thumbnail","6":"product_cat-puuviljabatoonid","7":"pa_kogus-kast","8":"pa_kogus-tukk","9":"pa_sisaldab-mysnacki-farmist","10":"pa_sisaldab-vegan","12":"first","13":"instock","14":"taxable","15":"shipping-taxable","16":"purchasable","17":"product-type-variable","18":"has-default-attributes"},"yoast_head":"<!-- This site is optimized with the Yoast SEO plugin v27.1.1 - https:\/\/yoast.com\/product\/yoast-seo-wordpress\/ -->\n<title>97% mango puuviljabatoon 30g | Patuvabad sn\u00e4kid<\/title>\n<meta name=\"description\" content=\"97% mango puuviljabatoon on valmistatud k\u00f5ige mahlakamatest, p\u00e4ikesek\u00fcpsetest mangodest ning neis on rohkelt C-vitamiini. Vaata l\u00e4hemalt!\" \/>\n<meta name=\"robots\" content=\"index, follow, max-snippet:-1, max-image-preview:large, max-video-preview:-1\" \/>\n<link rel=\"canonical\" href=\"https:\/\/ellyt.eu\/ja\/\u88fd\u54c1-2\/\u30de\u30f3\u30b4\u30fc\u30d5\u30eb\u30fc\u30c4\u30d0\u30fc\/\" \/>\n<meta property=\"og:locale\" content=\"ja_JP\" \/>\n<meta property=\"og:type\" content=\"article\" \/>\n<meta property=\"og:title\" content=\"97% mango puuviljabatoon 30g | Patuvabad sn\u00e4kid\" \/>\n<meta property=\"og:description\" content=\"97% mango puuviljabatoon on valmistatud k\u00f5ige mahlakamatest, p\u00e4ikesek\u00fcpsetest mangodest ning neis on rohkelt C-vitamiini. Vaata l\u00e4hemalt!\" \/>\n<meta property=\"og:url\" content=\"https:\/\/ellyt.eu\/ja\/\u88fd\u54c1-2\/\u30de\u30f3\u30b4\u30fc\u30d5\u30eb\u30fc\u30c4\u30d0\u30fc\/\" \/>\n<meta property=\"og:site_name\" content=\"Ellyt\" \/>\n<meta property=\"article:publisher\" content=\"https:\/\/www.facebook.com\/MySnack.ee\/\" \/>\n<meta property=\"article:modified_time\" content=\"2026-02-27T12:18:44+00:00\" \/>\n<meta property=\"og:image\" content=\"https:\/\/ellyt.eu\/wp-content\/uploads\/2024\/05\/Mangobatoon.png\" \/>\n\t<meta property=\"og:image:width\" content=\"1080\" \/>\n\t<meta property=\"og:image:height\" content=\"1080\" \/>\n\t<meta property=\"og:image:type\" content=\"image\/png\" \/>\n<meta name=\"twitter:card\" content=\"summary_large_image\" \/>\n<meta name=\"twitter:label1\" content=\"\u63a8\u5b9a\u8aad\u307f\u53d6\u308a\u6642\u9593\" \/>\n\t<meta name=\"twitter:data1\" content=\"1\u5206\" \/>\n<script type=\"application\/ld+json\" class=\"yoast-schema-graph\">{\"@context\":\"https:\/\/schema.org\",\"@graph\":[{\"@type\":\"WebPage\",\"@id\":\"https:\/\/ellyt.eu\/toode\/mango-puuviljabatoon\/\",\"url\":\"https:\/\/ellyt.eu\/toode\/mango-puuviljabatoon\/\",\"name\":\"97% mango puuviljabatoon 30g | Patuvabad sn\u00e4kid\",\"isPartOf\":{\"@id\":\"https:\/\/ellyt.eu\/#website\"},\"primaryImageOfPage\":{\"@id\":\"https:\/\/ellyt.eu\/toode\/mango-puuviljabatoon\/#primaryimage\"},\"image\":{\"@id\":\"https:\/\/ellyt.eu\/toode\/mango-puuviljabatoon\/#primaryimage\"},\"thumbnailUrl\":\"https:\/\/ellyt.eu\/wp-content\/uploads\/2024\/05\/Mangobatoon.png\",\"datePublished\":\"2024-06-10T13:08:30+00:00\",\"dateModified\":\"2026-02-27T12:18:44+00:00\",\"description\":\"97% mango puuviljabatoon on valmistatud k\u00f5ige mahlakamatest, p\u00e4ikesek\u00fcpsetest mangodest ning neis on rohkelt C-vitamiini. Vaata l\u00e4hemalt!\",\"breadcrumb\":{\"@id\":\"https:\/\/ellyt.eu\/toode\/mango-puuviljabatoon\/#breadcrumb\"},\"inLanguage\":\"ja\",\"potentialAction\":[{\"@type\":\"ReadAction\",\"target\":[\"https:\/\/ellyt.eu\/toode\/mango-puuviljabatoon\/\"]}]},{\"@type\":\"ImageObject\",\"inLanguage\":\"ja\",\"@id\":\"https:\/\/ellyt.eu\/toode\/mango-puuviljabatoon\/#primaryimage\",\"url\":\"https:\/\/ellyt.eu\/wp-content\/uploads\/2024\/05\/Mangobatoon.png\",\"contentUrl\":\"https:\/\/ellyt.eu\/wp-content\/uploads\/2024\/05\/Mangobatoon.png\",\"width\":1080,\"height\":1080,\"caption\":\"Mango puuviljabatoon\"},{\"@type\":\"BreadcrumbList\",\"@id\":\"https:\/\/ellyt.eu\/toode\/mango-puuviljabatoon\/#breadcrumb\",\"itemListElement\":[{\"@type\":\"ListItem\",\"position\":1,\"name\":\"Esileht\",\"item\":\"https:\/\/ellyt.eu\/\"},{\"@type\":\"ListItem\",\"position\":2,\"name\":\"Pood\",\"item\":\"https:\/\/ellyt.eu\/pood\/\"},{\"@type\":\"ListItem\",\"position\":3,\"name\":\"97% mango puuviljabatoon 30g\"}]},{\"@type\":\"WebSite\",\"@id\":\"https:\/\/ellyt.eu\/#website\",\"url\":\"https:\/\/ellyt.eu\/\",\"name\":\"Ellyt\",\"description\":\"Ellyt E-Pood\",\"publisher\":{\"@id\":\"https:\/\/ellyt.eu\/#organization\"},\"potentialAction\":[{\"@type\":\"SearchAction\",\"target\":{\"@type\":\"EntryPoint\",\"urlTemplate\":\"https:\/\/ellyt.eu\/?s={search_term_string}\"},\"query-input\":{\"@type\":\"PropertyValueSpecification\",\"valueRequired\":true,\"valueName\":\"search_term_string\"}}],\"inLanguage\":\"ja\"},{\"@type\":\"Organization\",\"@id\":\"https:\/\/ellyt.eu\/#organization\",\"name\":\"MySnack\",\"url\":\"https:\/\/ellyt.eu\/\",\"logo\":{\"@type\":\"ImageObject\",\"inLanguage\":\"ja\",\"@id\":\"https:\/\/ellyt.eu\/#\/schema\/logo\/image\/\",\"url\":\"https:\/\/mysnack.shop\/wp-content\/uploads\/2023\/09\/MySnack_logo.png\",\"contentUrl\":\"https:\/\/mysnack.shop\/wp-content\/uploads\/2023\/09\/MySnack_logo.png\",\"width\":400,\"height\":148,\"caption\":\"MySnack\"},\"image\":{\"@id\":\"https:\/\/ellyt.eu\/#\/schema\/logo\/image\/\"},\"sameAs\":[\"https:\/\/www.facebook.com\/MySnack.ee\/\",\"https:\/\/www.instagram.com\/mysnack_eesti\/\"]}]}<\/script>\n<!-- \/ Yoast SEO plugin. -->","yoast_head_json":{"title":"97% \u30de\u30f3\u30b4\u30fc\u30d5\u30eb\u30fc\u30c4\u30d0\u30fc 30g | \u7f6a\u306e\u306a\u3044\u30b9\u30ca\u30c3\u30af","description":"97% \u30de\u30f3\u30b4\u30fc \u30d5\u30eb\u30fc\u30c4 \u30d0\u30fc\u306f\u3001\u592a\u967d\u306e\u5149\u3092\u6d74\u3073\u3066\u719f\u3057\u305f\u30b8\u30e5\u30fc\u30b7\u30fc\u306a\u30de\u30f3\u30b4\u30fc\u304b\u3089\u4f5c\u3089\u308c\u3066\u304a\u308a\u3001\u30d3\u30bf\u30df\u30f3 C \u304c\u8c4a\u5bcc\u3067\u3059\u3002\u8a73\u3057\u304f\u898b\u3066\u307f\u307e\u3057\u3087\u3046\u3002","robots":{"index":"index","follow":"follow","max-snippet":"max-snippet:-1","max-image-preview":"max-image-preview:large","max-video-preview":"max-video-preview:-1"},"canonical":"https:\/\/ellyt.eu\/ja\/\u88fd\u54c1-2\/\u30de\u30f3\u30b4\u30fc\u30d5\u30eb\u30fc\u30c4\u30d0\u30fc\/","og_locale":"ja_JP","og_type":"article","og_title":"97% mango puuviljabatoon 30g | Patuvabad sn\u00e4kid","og_description":"97% mango puuviljabatoon on valmistatud k\u00f5ige mahlakamatest, p\u00e4ikesek\u00fcpsetest mangodest ning neis on rohkelt C-vitamiini. Vaata l\u00e4hemalt!","og_url":"https:\/\/ellyt.eu\/ja\/\u88fd\u54c1-2\/\u30de\u30f3\u30b4\u30fc\u30d5\u30eb\u30fc\u30c4\u30d0\u30fc\/","og_site_name":"Ellyt","article_publisher":"https:\/\/www.facebook.com\/MySnack.ee\/","article_modified_time":"2026-02-27T12:18:44+00:00","og_image":[{"width":1080,"height":1080,"url":"https:\/\/ellyt.eu\/wp-content\/uploads\/2024\/05\/Mangobatoon.png","type":"image\/png"}],"twitter_card":"summary_large_image","twitter_misc":{"\u63a8\u5b9a\u8aad\u307f\u53d6\u308a\u6642\u9593":"1\u5206"},"schema":{"@context":"https:\/\/schema.org","@graph":[{"@type":"WebPage","@id":"https:\/\/ellyt.eu\/toode\/mango-puuviljabatoon\/","url":"https:\/\/ellyt.eu\/toode\/mango-puuviljabatoon\/","name":"97% \u30de\u30f3\u30b4\u30fc\u30d5\u30eb\u30fc\u30c4\u30d0\u30fc 30g | \u7f6a\u306e\u306a\u3044\u30b9\u30ca\u30c3\u30af","isPartOf":{"@id":"https:\/\/ellyt.eu\/#website"},"primaryImageOfPage":{"@id":"https:\/\/ellyt.eu\/toode\/mango-puuviljabatoon\/#primaryimage"},"image":{"@id":"https:\/\/ellyt.eu\/toode\/mango-puuviljabatoon\/#primaryimage"},"thumbnailUrl":"https:\/\/ellyt.eu\/wp-content\/uploads\/2024\/05\/Mangobatoon.png","datePublished":"2024-06-10T13:08:30+00:00","dateModified":"2026-02-27T12:18:44+00:00","description":"97% \u30de\u30f3\u30b4\u30fc \u30d5\u30eb\u30fc\u30c4 \u30d0\u30fc\u306f\u3001\u592a\u967d\u306e\u5149\u3092\u6d74\u3073\u3066\u719f\u3057\u305f\u30b8\u30e5\u30fc\u30b7\u30fc\u306a\u30de\u30f3\u30b4\u30fc\u304b\u3089\u4f5c\u3089\u308c\u3066\u304a\u308a\u3001\u30d3\u30bf\u30df\u30f3 C \u304c\u8c4a\u5bcc\u3067\u3059\u3002\u8a73\u3057\u304f\u898b\u3066\u307f\u307e\u3057\u3087\u3046\u3002","breadcrumb":{"@id":"https:\/\/ellyt.eu\/toode\/mango-puuviljabatoon\/#breadcrumb"},"inLanguage":"ja","potentialAction":[{"@type":"ReadAction","target":["https:\/\/ellyt.eu\/toode\/mango-puuviljabatoon\/"]}]},{"@type":"ImageObject","inLanguage":"ja","@id":"https:\/\/ellyt.eu\/toode\/mango-puuviljabatoon\/#primaryimage","url":"https:\/\/ellyt.eu\/wp-content\/uploads\/2024\/05\/Mangobatoon.png","contentUrl":"https:\/\/ellyt.eu\/wp-content\/uploads\/2024\/05\/Mangobatoon.png","width":1080,"height":1080,"caption":"Mango puuviljabatoon"},{"@type":"BreadcrumbList","@id":"https:\/\/ellyt.eu\/toode\/mango-puuviljabatoon\/#breadcrumb","itemListElement":[{"@type":"ListItem","position":1,"name":"Esileht","item":"https:\/\/ellyt.eu\/"},{"@type":"ListItem","position":2,"name":"Pood","item":"https:\/\/ellyt.eu\/pood\/"},{"@type":"ListItem","position":3,"name":"97% mango puuviljabatoon 30g"}]},{"@type":"WebSite","@id":"https:\/\/ellyt.eu\/#website","url":"https:\/\/ellyt.eu\/","name":"Ellyt","description":"Ellyt E-Shop","publisher":{"@id":"https:\/\/ellyt.eu\/#organization"},"potentialAction":[{"@type":"SearchAction","target":{"@type":"EntryPoint","urlTemplate":"https:\/\/ellyt.eu\/?s={search_term_string}"},"query-input":{"@type":"PropertyValueSpecification","valueRequired":true,"valueName":"search_term_string"}}],"inLanguage":"ja"},{"@type":"Organization","@id":"https:\/\/ellyt.eu\/#organization","name":"\u30de\u30a4\u30b9\u30ca\u30c3\u30af","url":"https:\/\/ellyt.eu\/","logo":{"@type":"ImageObject","inLanguage":"ja","@id":"https:\/\/ellyt.eu\/#\/schema\/logo\/image\/","url":"https:\/\/mysnack.shop\/wp-content\/uploads\/2023\/09\/MySnack_logo.png","contentUrl":"https:\/\/mysnack.shop\/wp-content\/uploads\/2023\/09\/MySnack_logo.png","width":400,"height":148,"caption":"MySnack"},"image":{"@id":"https:\/\/ellyt.eu\/#\/schema\/logo\/image\/"},"sameAs":["https:\/\/www.facebook.com\/MySnack.ee\/","https:\/\/www.instagram.com\/mysnack_eesti\/"]}]}},"_links":{"self":[{"href":"https:\/\/ellyt.eu\/ja\/wp-json\/wp\/v2\/product\/23115","targetHints":{"allow":["GET"]}}],"collection":[{"href":"https:\/\/ellyt.eu\/ja\/wp-json\/wp\/v2\/product"}],"about":[{"href":"https:\/\/ellyt.eu\/ja\/wp-json\/wp\/v2\/types\/product"}],"wp:featuredmedia":[{"embeddable":true,"href":"https:\/\/ellyt.eu\/ja\/wp-json\/wp\/v2\/media\/22657"}],"wp:attachment":[{"href":"https:\/\/ellyt.eu\/ja\/wp-json\/wp\/v2\/media?parent=23115"}],"wp:term":[{"taxonomy":"product_brand","embeddable":true,"href":"https:\/\/ellyt.eu\/ja\/wp-json\/wp\/v2\/product_brand?post=23115"},{"taxonomy":"product_cat","embeddable":true,"href":"https:\/\/ellyt.eu\/ja\/wp-json\/wp\/v2\/product_cat?post=23115"},{"taxonomy":"product_tag","embeddable":true,"href":"https:\/\/ellyt.eu\/ja\/wp-json\/wp\/v2\/product_tag?post=23115"}],"curies":[{"name":"wp","href":"https:\/\/api.w.org\/{rel}","templated":true}]}}