{"id":24130,"date":"2025-01-02T11:59:42","date_gmt":"2024-08-18T13:36:21","guid":{"rendered":"https:\/\/mysnack.ee\/?post_type=product&#038;p=24130"},"modified":"2026-03-17T08:23:03","modified_gmt":"2026-03-17T06:23:03","slug":"%e6%9f%94%e3%82%89%e3%81%8b%e3%81%84%e4%b9%be%e7%87%a5%e3%83%91%e3%83%91%e3%82%a4%e3%83%a4-80g","status":"publish","type":"product","link":"https:\/\/ellyt.eu\/ja\/product\/pehme-kuivatatud-papaia-80-g\/","title":{"rendered":"\u30bd\u30d5\u30c8\u30c9\u30e9\u30a4\u30d1\u30d1\u30a4\u30e4 80g"},"content":{"rendered":"<p><strong>\u5185\u5bb9\u91cf\uff1a<\/strong> 80\u30b0\u30e9\u30e0<\/p>\n<p><strong>\u88fd\u54c1100g\u3042\u305f\u308a\u5e73\u5747\uff1a<\/strong><\/p>\n<table style=\"height: 321px;\" width=\"384\">\n<tbody>\n<tr>\n<td>\u30a8\u30cd\u30eb\u30ae\u30fc<\/td>\n<td>1381 kJ \/ 330 kcal<\/td>\n<\/tr>\n<tr>\n<td>\u8102\u8cea<\/td>\n<td>0.32\u30b0\u30e9\u30e0<\/td>\n<\/tr>\n<tr>\n<td>\u00a0 \u00a0 \u98fd\u548c\u8102\u80aa\u9178<\/td>\n<td>0\u30b0\u30e9\u30e0<\/td>\n<\/tr>\n<tr>\n<td>\u70ad\u6c34\u5316\u7269<\/td>\n<td>78.5\u30b0\u30e9\u30e0<\/td>\n<\/tr>\n<tr>\n<td>\u00a0 \u00a0 \u7cd6\u985e<\/td>\n<td>67.2\u30b0\u30e9\u30e0<\/td>\n<\/tr>\n<tr>\n<td>\u98df\u7269\u7e4a\u7dad<\/td>\n<td>11.5\u30b0\u30e9\u30e0<\/td>\n<\/tr>\n<tr>\n<td>\u30bf\u30f3\u30d1\u30af\u8cea<\/td>\n<td>3.3\u30b0\u30e9\u30e0<\/td>\n<\/tr>\n<tr>\n<td>\u98df\u5869\u76f8\u5f53\u91cf<\/td>\n<td>0.27\u30b0\u30e9\u30e0<\/td>\n<\/tr>\n<\/tbody>\n<\/table>","protected":false},"excerpt":{"rendered":"<p>\u3084\u308f\u3089\u304b\u304f\u4ed5\u4e0a\u3052\u305f\u30c9\u30e9\u30a4\u30d1\u30d1\u30a4\u30e4\u306f\u3001\u679c\u5b9f\u672c\u6765\u306e\u81ea\u7136\u306a\u7518\u307f\u3092\u697d\u3057\u3081\u308b\u4e00\u54c1\u3067\u3059\u3002\u30c9\u30e9\u30a4\u30d1\u30d1\u30a4\u30e4\u306b\u306f\u30de\u30b0\u30cd\u30b7\u30a6\u30e0\u304c\u542b\u307e\u308c\u3066\u304a\u308a\u3001\u8840\u6db2\u5faa\u74b0\u3092\u6b63\u5e38\u306b\u4fdd\u3064\u50cd\u304d\u3092\u901a\u3058\u3066\u3001\u5fc3\u81d3\u306e\u6a5f\u80fd\u306b\u3068\u3063\u3066\u91cd\u8981\u306a\u5f79\u5272\u3092\u679c\u305f\u3059\u3068\u3055\u308c\u3066\u3044\u307e\u3059\u3002\u307e\u305f\u3001\u6d88\u5316\u3092\u4fc3\u3057\u3001\u4ee3\u8b1d\u3092\u30b5\u30dd\u30fc\u30c8\u3059\u308b\u50cd\u304d\u3082\u3042\u308b\u3068\u3055\u308c\u3066\u3044\u307e\u3059\u3002<\/p>\n<ul>\n<li style=\"list-style-type: none;\">\n<ul>\n<li>\u9244\u5206\u304c\u8c4a\u5bcc\uff081\u888b\u3042\u305f\u308a\u30011\u65e5\u306e\u63a8\u5968\u6442\u53d6\u91cf\u306e\u7d0436%\u3092\u542b\u6709\uff09<\/li>\n<li>\u30de\u30b0\u30cd\u30b7\u30a6\u30e0\u306e\u4f9b\u7d66\u6e90\uff081\u888b\u3042\u305f\u308a\u7d0419%\u3092\u542b\u6709\uff09<\/li>\n<li>\u8c4a\u5bcc\u306a\u98df\u7269\u7e4a\u7dad\uff081\u888b\u30671\u65e5\u306e\u63a8\u5968\u6442\u53d6\u91cf\u306e33\uff05)<\/li>\n<li>\u7802\u7cd6\u4e0d\u4f7f\u7528<\/li>\n<li>\u679c\u5b9f\u7531\u6765\u306e\u81ea\u7136\u306a\u7518\u3055<\/li>\n<li>\u30b0\u30eb\u30c6\u30f3\u30d5\u30ea\u30fc<\/li>\n<li>\u30f4\u30a3\u30fc\u30ac\u30f3\u5bfe\u5fdc<\/li>\n<\/ul>\n<\/li>\n<\/ul>\n<p><strong>\u539f\u6750\u6599\uff1a<\/strong> \u30d1\u30d1\u30a4\u30e4\uff0895%\uff09\uff0f\u9178\u5473\u6599\uff08\u30af\u30a8\u30f3\u9178\uff09\u3001\u9178\u5316\u9632\u6b62\u5264\uff08\u4e9c\u786b\u9178\u30ca\u30c8\u30ea\u30a6\u30e0\uff09<\/p>\n<p>\u76f4\u5c04\u65e5\u5149\u30fb\u9ad8\u6e29\u591a\u6e7f\u3092\u907f\u3051\u3001\u6dbc\u3057\u3044\u5834\u6240\u3067\u4fdd\u5b58\u3057\u3066\u304f\u3060\u3055\u3044\u3002<\/p>","protected":false},"featured_media":24153,"template":"","meta":{"inline_featured_image":false},"product_brand":[],"product_cat":[428,171],"product_tag":[],"class_list":{"0":"post-24130","1":"product","2":"type-product","3":"status-publish","4":"has-post-thumbnail","6":"product_cat-pehmed-kuivatatud-puuviljad","7":"product_cat-magusad-snakid","8":"pa_kogus-kast","9":"pa_kogus-tukk","10":"pa_sisaldab-mysnacki-farmist","12":"first","13":"instock","14":"taxable","15":"shipping-taxable","16":"purchasable","17":"product-type-variable"},"yoast_head":"<!-- This site is optimized with the Yoast SEO plugin v27.1.1 - https:\/\/yoast.com\/product\/yoast-seo-wordpress\/ -->\n<title>Pehme kuivatatud papaia 80g | Patuvabad sn\u00e4kid<\/title>\n<meta name=\"description\" content=\"Kuivatatud papaia on raud- ja kiudainerikas, suurep\u00e4rane magneesiumiallikas, tervislik vahepala kiirel p\u00e4eval. Vaata l\u00e4hemalt!\" \/>\n<meta name=\"robots\" content=\"index, follow, max-snippet:-1, max-image-preview:large, max-video-preview:-1\" \/>\n<link rel=\"canonical\" href=\"https:\/\/ellyt.eu\/ja\/\u88fd\u54c1\/\u67d4\u3089\u304b\u3044\u4e7e\u71e5\u30d1\u30d1\u30a4\u30e4-80g\/\" \/>\n<meta property=\"og:locale\" content=\"ja_JP\" \/>\n<meta property=\"og:type\" content=\"article\" \/>\n<meta property=\"og:title\" content=\"Pehme kuivatatud papaia 80g | Patuvabad sn\u00e4kid\" \/>\n<meta property=\"og:description\" content=\"Kuivatatud papaia on raud- ja kiudainerikas, suurep\u00e4rane magneesiumiallikas, tervislik vahepala kiirel p\u00e4eval. Vaata l\u00e4hemalt!\" \/>\n<meta property=\"og:url\" content=\"https:\/\/ellyt.eu\/ja\/\u88fd\u54c1\/\u67d4\u3089\u304b\u3044\u4e7e\u71e5\u30d1\u30d1\u30a4\u30e4-80g\/\" \/>\n<meta property=\"og:site_name\" content=\"Ellyt\" \/>\n<meta property=\"article:publisher\" content=\"https:\/\/www.facebook.com\/MySnack.ee\/\" \/>\n<meta property=\"article:modified_time\" content=\"2026-03-17T06:23:03+00:00\" \/>\n<meta property=\"og:image\" content=\"https:\/\/ellyt.eu\/wp-content\/uploads\/2024\/08\/Papaia-Snack-Pack-front.png\" \/>\n\t<meta property=\"og:image:width\" content=\"1432\" \/>\n\t<meta property=\"og:image:height\" content=\"1432\" \/>\n\t<meta property=\"og:image:type\" content=\"image\/png\" \/>\n<meta name=\"twitter:card\" content=\"summary_large_image\" \/>\n<meta name=\"twitter:label1\" content=\"\u63a8\u5b9a\u8aad\u307f\u53d6\u308a\u6642\u9593\" \/>\n\t<meta name=\"twitter:data1\" content=\"1\u5206\" \/>\n<script type=\"application\/ld+json\" class=\"yoast-schema-graph\">{\"@context\":\"https:\/\/schema.org\",\"@graph\":[{\"@type\":\"WebPage\",\"@id\":\"https:\/\/ellyt.eu\/product\/pehme-kuivatatud-papaia-80-g\/\",\"url\":\"https:\/\/ellyt.eu\/product\/pehme-kuivatatud-papaia-80-g\/\",\"name\":\"Pehme kuivatatud papaia 80g | Patuvabad sn\u00e4kid\",\"isPartOf\":{\"@id\":\"https:\/\/ellyt.eu\/#website\"},\"primaryImageOfPage\":{\"@id\":\"https:\/\/ellyt.eu\/product\/pehme-kuivatatud-papaia-80-g\/#primaryimage\"},\"image\":{\"@id\":\"https:\/\/ellyt.eu\/product\/pehme-kuivatatud-papaia-80-g\/#primaryimage\"},\"thumbnailUrl\":\"https:\/\/ellyt.eu\/wp-content\/uploads\/2024\/08\/Papaia-Snack-Pack-front.png\",\"datePublished\":\"2024-08-18T13:36:21+00:00\",\"dateModified\":\"2026-03-17T06:23:03+00:00\",\"description\":\"Kuivatatud papaia on raud- ja kiudainerikas, suurep\u00e4rane magneesiumiallikas, tervislik vahepala kiirel p\u00e4eval. Vaata l\u00e4hemalt!\",\"breadcrumb\":{\"@id\":\"https:\/\/ellyt.eu\/product\/pehme-kuivatatud-papaia-80-g\/#breadcrumb\"},\"inLanguage\":\"ja\",\"potentialAction\":[{\"@type\":\"ReadAction\",\"target\":[\"https:\/\/ellyt.eu\/product\/pehme-kuivatatud-papaia-80-g\/\"]}]},{\"@type\":\"ImageObject\",\"inLanguage\":\"ja\",\"@id\":\"https:\/\/ellyt.eu\/product\/pehme-kuivatatud-papaia-80-g\/#primaryimage\",\"url\":\"https:\/\/ellyt.eu\/wp-content\/uploads\/2024\/08\/Papaia-Snack-Pack-front.png\",\"contentUrl\":\"https:\/\/ellyt.eu\/wp-content\/uploads\/2024\/08\/Papaia-Snack-Pack-front.png\",\"width\":1432,\"height\":1432},{\"@type\":\"BreadcrumbList\",\"@id\":\"https:\/\/ellyt.eu\/product\/pehme-kuivatatud-papaia-80-g\/#breadcrumb\",\"itemListElement\":[{\"@type\":\"ListItem\",\"position\":1,\"name\":\"Esileht\",\"item\":\"https:\/\/ellyt.eu\/\"},{\"@type\":\"ListItem\",\"position\":2,\"name\":\"Pood\",\"item\":\"https:\/\/ellyt.eu\/pood\/\"},{\"@type\":\"ListItem\",\"position\":3,\"name\":\"Pehme kuivatatud papaia 80g\"}]},{\"@type\":\"WebSite\",\"@id\":\"https:\/\/ellyt.eu\/#website\",\"url\":\"https:\/\/ellyt.eu\/\",\"name\":\"Ellyt\",\"description\":\"Ellyt E-Pood\",\"publisher\":{\"@id\":\"https:\/\/ellyt.eu\/#organization\"},\"potentialAction\":[{\"@type\":\"SearchAction\",\"target\":{\"@type\":\"EntryPoint\",\"urlTemplate\":\"https:\/\/ellyt.eu\/?s={search_term_string}\"},\"query-input\":{\"@type\":\"PropertyValueSpecification\",\"valueRequired\":true,\"valueName\":\"search_term_string\"}}],\"inLanguage\":\"ja\"},{\"@type\":\"Organization\",\"@id\":\"https:\/\/ellyt.eu\/#organization\",\"name\":\"MySnack\",\"url\":\"https:\/\/ellyt.eu\/\",\"logo\":{\"@type\":\"ImageObject\",\"inLanguage\":\"ja\",\"@id\":\"https:\/\/ellyt.eu\/#\/schema\/logo\/image\/\",\"url\":\"https:\/\/mysnack.shop\/wp-content\/uploads\/2023\/09\/MySnack_logo.png\",\"contentUrl\":\"https:\/\/mysnack.shop\/wp-content\/uploads\/2023\/09\/MySnack_logo.png\",\"width\":400,\"height\":148,\"caption\":\"MySnack\"},\"image\":{\"@id\":\"https:\/\/ellyt.eu\/#\/schema\/logo\/image\/\"},\"sameAs\":[\"https:\/\/www.facebook.com\/MySnack.ee\/\",\"https:\/\/www.instagram.com\/mysnack_eesti\/\"]}]}<\/script>\n<!-- \/ Yoast SEO plugin. -->","yoast_head_json":{"title":"\u30bd\u30d5\u30c8\u30c9\u30e9\u30a4\u30d1\u30d1\u30a4\u30e4 80g | \u7f6a\u306e\u306a\u3044\u30b9\u30ca\u30c3\u30af","description":"\u4e7e\u71e5\u30d1\u30d1\u30a4\u30e4\u306f\u9244\u5206\u3068\u98df\u7269\u7e4a\u7dad\u304c\u8c4a\u5bcc\u3067\u3001\u30de\u30b0\u30cd\u30b7\u30a6\u30e0\u306e\u512a\u308c\u305f\u4f9b\u7d66\u6e90\u3067\u3082\u3042\u308a\u3001\u5fd9\u3057\u3044\u65e5\u306b\u3074\u3063\u305f\u308a\u306e\u30d8\u30eb\u30b7\u30fc\u306a\u30b9\u30ca\u30c3\u30af\u3067\u3059\u3002\u8a73\u3057\u304f\u898b\u3066\u307f\u307e\u3057\u3087\u3046\uff01","robots":{"index":"index","follow":"follow","max-snippet":"max-snippet:-1","max-image-preview":"max-image-preview:large","max-video-preview":"max-video-preview:-1"},"canonical":"https:\/\/ellyt.eu\/ja\/\u88fd\u54c1\/\u67d4\u3089\u304b\u3044\u4e7e\u71e5\u30d1\u30d1\u30a4\u30e4-80g\/","og_locale":"ja_JP","og_type":"article","og_title":"Pehme kuivatatud papaia 80g | Patuvabad sn\u00e4kid","og_description":"Kuivatatud papaia on raud- ja kiudainerikas, suurep\u00e4rane magneesiumiallikas, tervislik vahepala kiirel p\u00e4eval. Vaata l\u00e4hemalt!","og_url":"https:\/\/ellyt.eu\/ja\/\u88fd\u54c1\/\u67d4\u3089\u304b\u3044\u4e7e\u71e5\u30d1\u30d1\u30a4\u30e4-80g\/","og_site_name":"Ellyt","article_publisher":"https:\/\/www.facebook.com\/MySnack.ee\/","article_modified_time":"2026-03-17T06:23:03+00:00","og_image":[{"width":1432,"height":1432,"url":"https:\/\/ellyt.eu\/wp-content\/uploads\/2024\/08\/Papaia-Snack-Pack-front.png","type":"image\/png"}],"twitter_card":"summary_large_image","twitter_misc":{"\u63a8\u5b9a\u8aad\u307f\u53d6\u308a\u6642\u9593":"1\u5206"},"schema":{"@context":"https:\/\/schema.org","@graph":[{"@type":"WebPage","@id":"https:\/\/ellyt.eu\/product\/pehme-kuivatatud-papaia-80-g\/","url":"https:\/\/ellyt.eu\/product\/pehme-kuivatatud-papaia-80-g\/","name":"\u30bd\u30d5\u30c8\u30c9\u30e9\u30a4\u30d1\u30d1\u30a4\u30e4 80g | \u7f6a\u306e\u306a\u3044\u30b9\u30ca\u30c3\u30af","isPartOf":{"@id":"https:\/\/ellyt.eu\/#website"},"primaryImageOfPage":{"@id":"https:\/\/ellyt.eu\/product\/pehme-kuivatatud-papaia-80-g\/#primaryimage"},"image":{"@id":"https:\/\/ellyt.eu\/product\/pehme-kuivatatud-papaia-80-g\/#primaryimage"},"thumbnailUrl":"https:\/\/ellyt.eu\/wp-content\/uploads\/2024\/08\/Papaia-Snack-Pack-front.png","datePublished":"2024-08-18T13:36:21+00:00","dateModified":"2026-03-17T06:23:03+00:00","description":"\u4e7e\u71e5\u30d1\u30d1\u30a4\u30e4\u306f\u9244\u5206\u3068\u98df\u7269\u7e4a\u7dad\u304c\u8c4a\u5bcc\u3067\u3001\u30de\u30b0\u30cd\u30b7\u30a6\u30e0\u306e\u512a\u308c\u305f\u4f9b\u7d66\u6e90\u3067\u3082\u3042\u308a\u3001\u5fd9\u3057\u3044\u65e5\u306b\u3074\u3063\u305f\u308a\u306e\u30d8\u30eb\u30b7\u30fc\u306a\u30b9\u30ca\u30c3\u30af\u3067\u3059\u3002\u8a73\u3057\u304f\u898b\u3066\u307f\u307e\u3057\u3087\u3046\uff01","breadcrumb":{"@id":"https:\/\/ellyt.eu\/product\/pehme-kuivatatud-papaia-80-g\/#breadcrumb"},"inLanguage":"ja","potentialAction":[{"@type":"ReadAction","target":["https:\/\/ellyt.eu\/product\/pehme-kuivatatud-papaia-80-g\/"]}]},{"@type":"ImageObject","inLanguage":"ja","@id":"https:\/\/ellyt.eu\/product\/pehme-kuivatatud-papaia-80-g\/#primaryimage","url":"https:\/\/ellyt.eu\/wp-content\/uploads\/2024\/08\/Papaia-Snack-Pack-front.png","contentUrl":"https:\/\/ellyt.eu\/wp-content\/uploads\/2024\/08\/Papaia-Snack-Pack-front.png","width":1432,"height":1432},{"@type":"BreadcrumbList","@id":"https:\/\/ellyt.eu\/product\/pehme-kuivatatud-papaia-80-g\/#breadcrumb","itemListElement":[{"@type":"ListItem","position":1,"name":"Esileht","item":"https:\/\/ellyt.eu\/"},{"@type":"ListItem","position":2,"name":"Pood","item":"https:\/\/ellyt.eu\/pood\/"},{"@type":"ListItem","position":3,"name":"Pehme kuivatatud papaia 80g"}]},{"@type":"WebSite","@id":"https:\/\/ellyt.eu\/#website","url":"https:\/\/ellyt.eu\/","name":"Ellyt","description":"Ellyt E-Shop","publisher":{"@id":"https:\/\/ellyt.eu\/#organization"},"potentialAction":[{"@type":"SearchAction","target":{"@type":"EntryPoint","urlTemplate":"https:\/\/ellyt.eu\/?s={search_term_string}"},"query-input":{"@type":"PropertyValueSpecification","valueRequired":true,"valueName":"search_term_string"}}],"inLanguage":"ja"},{"@type":"Organization","@id":"https:\/\/ellyt.eu\/#organization","name":"\u30de\u30a4\u30b9\u30ca\u30c3\u30af","url":"https:\/\/ellyt.eu\/","logo":{"@type":"ImageObject","inLanguage":"ja","@id":"https:\/\/ellyt.eu\/#\/schema\/logo\/image\/","url":"https:\/\/mysnack.shop\/wp-content\/uploads\/2023\/09\/MySnack_logo.png","contentUrl":"https:\/\/mysnack.shop\/wp-content\/uploads\/2023\/09\/MySnack_logo.png","width":400,"height":148,"caption":"MySnack"},"image":{"@id":"https:\/\/ellyt.eu\/#\/schema\/logo\/image\/"},"sameAs":["https:\/\/www.facebook.com\/MySnack.ee\/","https:\/\/www.instagram.com\/mysnack_eesti\/"]}]}},"_links":{"self":[{"href":"https:\/\/ellyt.eu\/ja\/wp-json\/wp\/v2\/product\/24130","targetHints":{"allow":["GET"]}}],"collection":[{"href":"https:\/\/ellyt.eu\/ja\/wp-json\/wp\/v2\/product"}],"about":[{"href":"https:\/\/ellyt.eu\/ja\/wp-json\/wp\/v2\/types\/product"}],"wp:featuredmedia":[{"embeddable":true,"href":"https:\/\/ellyt.eu\/ja\/wp-json\/wp\/v2\/media\/24153"}],"wp:attachment":[{"href":"https:\/\/ellyt.eu\/ja\/wp-json\/wp\/v2\/media?parent=24130"}],"wp:term":[{"taxonomy":"product_brand","embeddable":true,"href":"https:\/\/ellyt.eu\/ja\/wp-json\/wp\/v2\/product_brand?post=24130"},{"taxonomy":"product_cat","embeddable":true,"href":"https:\/\/ellyt.eu\/ja\/wp-json\/wp\/v2\/product_cat?post=24130"},{"taxonomy":"product_tag","embeddable":true,"href":"https:\/\/ellyt.eu\/ja\/wp-json\/wp\/v2\/product_tag?post=24130"}],"curies":[{"name":"wp","href":"https:\/\/api.w.org\/{rel}","templated":true}]}}