{"id":28745,"date":"2024-12-19T08:52:50","date_gmt":"2024-12-19T06:52:50","guid":{"rendered":"https:\/\/mysnack.ee\/?post_type=product&#038;p=28745"},"modified":"2025-10-08T15:08:09","modified_gmt":"2025-10-08T12:08:09","slug":"%e3%82%bd%e3%83%95%e3%83%88%e3%83%89%e3%83%a9%e3%82%a4%e3%83%9e%e3%83%b3%e3%82%b4%e3%83%bc-500g","status":"publish","type":"product","link":"https:\/\/ellyt.eu\/ja\/product\/pehme-kuivatatud-mango-500g\/","title":{"rendered":"\u30bd\u30d5\u30c8\u30c9\u30e9\u30a4\u30de\u30f3\u30b4\u30fc 500g"},"content":{"rendered":"<p><strong>\u5185\u5bb9\u91cf\uff1a<\/strong> 500g<\/p>\n<p><strong>\u88fd\u54c1100g\u3042\u305f\u308a\u5e73\u5747\uff1a<\/strong><\/p>\n<table style=\"height: 206px;\" width=\"346\">\n<tbody>\n<tr>\n<td>\u30a8\u30cd\u30eb\u30ae\u30fc<\/td>\n<td>339kcal \/ 1418kJ<\/td>\n<\/tr>\n<tr>\n<td>\u8102\u8cea<\/td>\n<td>0.2\u30b0\u30e9\u30e0<\/td>\n<\/tr>\n<tr>\n<td>\u00a0 \u00a0 \u98fd\u548c\u8102\u80aa\u9178<\/td>\n<td>0.2\u30b0\u30e9\u30e0<\/td>\n<\/tr>\n<tr>\n<td>\u70ad\u6c34\u5316\u7269<\/td>\n<td>82.2g<\/td>\n<\/tr>\n<tr>\n<td>\u00a0 \u00a0 \u7cd6\u985e<\/td>\n<td>68.0g<\/td>\n<\/tr>\n<tr>\n<td>\u98df\u7269\u7e4a\u7dad<\/td>\n<td>3.7g<\/td>\n<\/tr>\n<tr>\n<td>\u30bf\u30f3\u30d1\u30af\u8cea<\/td>\n<td>2.0g<\/td>\n<\/tr>\n<tr>\n<td>\u98df\u5869\u76f8\u5f53\u91cf<\/td>\n<td>0.16g<\/td>\n<\/tr>\n<\/tbody>\n<\/table>\n<div id=\"accel-snackbar\" style=\"left: 50%; top: 50px;\"><\/div>","protected":false},"excerpt":{"rendered":"<p>\u6700\u3082\u98df\u3079\u9803\u306e\u72b6\u614b\u3067\u53ce\u7a6b\u3055\u308c\u305f\u30b1\u30aa\u30f4\u30a1\u30f3\u7523\u30de\u30f3\u30b4\u30fc\u3092\u4f7f\u7528\u3057\u305f\u3001\u305f\u3063\u3077\u308a\u697d\u3057\u3081\u308b500g\u30d1\u30c3\u30af\u3067\u3059\u3002<\/p>\n<p>MySnack\u72ec\u81ea\u306e\u88fd\u6cd5\u306b\u3088\u308a\u3001\u53b3\u9078\u3055\u308c\u305f\u5b8c\u719f\u30b1\u30aa\u30f4\u30a1\u30f3\u30de\u30f3\u30b4\u30fc\u3092\u4e01\u5be7\u306b\u52a0\u5de5\u3002\n\u4ed6\u306e\u30c9\u30e9\u30a4\u30de\u30f3\u30b4\u30fc\u3068\u306f\u7570\u306a\u308b\u3001\u7279\u5225\u306a\u9999\u308a\u3068\u5473\u308f\u3044\u3092\u5f15\u304d\u51fa\u3057\u3066\u3044\u307e\u3059\u3002<\/p>\n<p>\u8a66\u9a13\u3084\u5927\u4e8b\u306a\u4f1a\u8b70\u306e\u524d\u306b\u3002\u30de\u30f3\u30b4\u30fc\u306b\u306f\u3001<span style=\"font-weight: 400;\">\u00a0\u96c6\u4e2d\u529b\u3084\u8a18\u61b6\u529b\u3092\u30b5\u30dd\u30fc\u30c8\u3059\u308b\u3068\u3055\u308c\u308b\u30b0\u30eb\u30bf\u30df\u30f3\u9178\u304c\u542b\u307e\u308c\u3066\u3044\u307e\u3059\u3002<\/span><\/p>\n<ul>\n<li style=\"list-style-type: none;\">\n<ul>\n<li>\u98a8\u5473\u8c4a\u304b<\/li>\n<li>\u30b8\u30e5\u30fc\u30b7\u30fc\u306a\u98df\u611f<\/li>\n<li>\u30d3\u30bf\u30df\u30f3C\u3068\u98df\u7269\u7e4a\u7dad\u3092\u8c4a\u5bcc\u306b\u542b\u3080<\/li>\n<li>\u30f4\u30a3\u30fc\u30ac\u30f3\u5bfe\u5fdc<\/li>\n<\/ul>\n<\/li>\n<\/ul>\n<p><strong>\u539f\u6750\u6599\uff1a<\/strong> \u30de\u30f3\u30b4\u30fc\uff0897%\uff09\u3001\u304d\u3073\u7802\u7cd6\uff0f\u9178\u5473\u6599\uff08\u30af\u30a8\u30f3\u9178\uff09\u3001\u4fdd\u5b58\u6599\uff08\u4e9c\u786b\u9178\u30ca\u30c8\u30ea\u30a6\u30e0\uff09<\/p>\n<p>\u76f4\u5c04\u65e5\u5149\u30fb\u9ad8\u6e29\u591a\u6e7f\u3092\u907f\u3051\u3001\u6dbc\u3057\u3044\u5834\u6240\u3067\u4fdd\u5b58\u3057\u3066\u304f\u3060\u3055\u3044\u3002<\/p>","protected":false},"featured_media":22386,"template":"","meta":{"inline_featured_image":false},"product_brand":[],"product_cat":[428,171],"product_tag":[],"class_list":{"0":"post-28745","1":"product","2":"type-product","3":"status-publish","4":"has-post-thumbnail","6":"product_cat-pehmed-kuivatatud-puuviljad","7":"product_cat-magusad-snakid","8":"pa_kogus-kast","9":"pa_kogus-tukk","10":"pa_sisaldab-gluteenivaba","11":"pa_sisaldab-laktoosivaba","12":"pa_sisaldab-mysnacki-farmist","13":"pa_sisaldab-vegan","15":"first","16":"instock","17":"taxable","18":"shipping-taxable","19":"purchasable","20":"product-type-variable","21":"has-default-attributes"},"yoast_head":"<!-- This site is optimized with the Yoast SEO plugin v27.1.1 - https:\/\/yoast.com\/product\/yoast-seo-wordpress\/ -->\n<title>Pehme kuivatatud mango (suur pakk) | Patuvabad sn\u00e4kid<\/title>\n<meta name=\"description\" content=\"Maitserikas, mahlane ja aromaatne kuivatatud pehme mango on ka laste lemmik. Sobib ka veganitele. N\u00fc\u00fcd suures pakis! Vaata l\u00e4hemalt!\" \/>\n<meta name=\"robots\" content=\"index, follow, max-snippet:-1, max-image-preview:large, max-video-preview:-1\" \/>\n<link rel=\"canonical\" href=\"https:\/\/ellyt.eu\/ja\/\u88fd\u54c1-2\/\u30bd\u30d5\u30c8\u30c9\u30e9\u30a4\u30de\u30f3\u30b4\u30fc-500g\/\" \/>\n<meta property=\"og:locale\" content=\"ja_JP\" \/>\n<meta property=\"og:type\" content=\"article\" \/>\n<meta property=\"og:title\" content=\"Pehme kuivatatud mango (suur pakk) | Patuvabad sn\u00e4kid\" \/>\n<meta property=\"og:description\" content=\"Maitserikas, mahlane ja aromaatne kuivatatud pehme mango on ka laste lemmik. Sobib ka veganitele. N\u00fc\u00fcd suures pakis! Vaata l\u00e4hemalt!\" \/>\n<meta property=\"og:url\" content=\"https:\/\/ellyt.eu\/ja\/\u88fd\u54c1-2\/\u30bd\u30d5\u30c8\u30c9\u30e9\u30a4\u30de\u30f3\u30b4\u30fc-500g\/\" \/>\n<meta property=\"og:site_name\" content=\"Ellyt\" \/>\n<meta property=\"article:publisher\" content=\"https:\/\/www.facebook.com\/MySnack.ee\/\" \/>\n<meta property=\"article:modified_time\" content=\"2025-10-08T12:08:09+00:00\" \/>\n<meta property=\"og:image\" content=\"https:\/\/ellyt.eu\/wp-content\/uploads\/2023\/11\/Pehme-kuivatatud-mango-suur-pakk.png\" \/>\n\t<meta property=\"og:image:width\" content=\"1080\" \/>\n\t<meta property=\"og:image:height\" content=\"1080\" \/>\n\t<meta property=\"og:image:type\" content=\"image\/png\" \/>\n<meta name=\"twitter:card\" content=\"summary_large_image\" \/>\n<meta name=\"twitter:label1\" content=\"\u63a8\u5b9a\u8aad\u307f\u53d6\u308a\u6642\u9593\" \/>\n\t<meta name=\"twitter:data1\" content=\"1\u5206\" \/>\n<script type=\"application\/ld+json\" class=\"yoast-schema-graph\">{\"@context\":\"https:\/\/schema.org\",\"@graph\":[{\"@type\":\"WebPage\",\"@id\":\"https:\/\/ellyt.eu\/toode\/pehme-kuivatatud-mango-500g\/\",\"url\":\"https:\/\/ellyt.eu\/toode\/pehme-kuivatatud-mango-500g\/\",\"name\":\"Pehme kuivatatud mango (suur pakk) | Patuvabad sn\u00e4kid\",\"isPartOf\":{\"@id\":\"https:\/\/ellyt.eu\/#website\"},\"primaryImageOfPage\":{\"@id\":\"https:\/\/ellyt.eu\/toode\/pehme-kuivatatud-mango-500g\/#primaryimage\"},\"image\":{\"@id\":\"https:\/\/ellyt.eu\/toode\/pehme-kuivatatud-mango-500g\/#primaryimage\"},\"thumbnailUrl\":\"https:\/\/ellyt.eu\/wp-content\/uploads\/2023\/11\/Pehme-kuivatatud-mango-suur-pakk.png\",\"datePublished\":\"2024-12-19T06:52:50+00:00\",\"dateModified\":\"2025-10-08T12:08:09+00:00\",\"description\":\"Maitserikas, mahlane ja aromaatne kuivatatud pehme mango on ka laste lemmik. Sobib ka veganitele. N\u00fc\u00fcd suures pakis! Vaata l\u00e4hemalt!\",\"breadcrumb\":{\"@id\":\"https:\/\/ellyt.eu\/toode\/pehme-kuivatatud-mango-500g\/#breadcrumb\"},\"inLanguage\":\"ja\",\"potentialAction\":[{\"@type\":\"ReadAction\",\"target\":[\"https:\/\/ellyt.eu\/toode\/pehme-kuivatatud-mango-500g\/\"]}]},{\"@type\":\"ImageObject\",\"inLanguage\":\"ja\",\"@id\":\"https:\/\/ellyt.eu\/toode\/pehme-kuivatatud-mango-500g\/#primaryimage\",\"url\":\"https:\/\/ellyt.eu\/wp-content\/uploads\/2023\/11\/Pehme-kuivatatud-mango-suur-pakk.png\",\"contentUrl\":\"https:\/\/ellyt.eu\/wp-content\/uploads\/2023\/11\/Pehme-kuivatatud-mango-suur-pakk.png\",\"width\":1080,\"height\":1080,\"caption\":\"Pehme kuivatatud mango 250 g pakis\"},{\"@type\":\"BreadcrumbList\",\"@id\":\"https:\/\/ellyt.eu\/toode\/pehme-kuivatatud-mango-500g\/#breadcrumb\",\"itemListElement\":[{\"@type\":\"ListItem\",\"position\":1,\"name\":\"Esileht\",\"item\":\"https:\/\/ellyt.eu\/\"},{\"@type\":\"ListItem\",\"position\":2,\"name\":\"Pood\",\"item\":\"https:\/\/ellyt.eu\/pood\/\"},{\"@type\":\"ListItem\",\"position\":3,\"name\":\"Pehme kuivatatud mango 500g\"}]},{\"@type\":\"WebSite\",\"@id\":\"https:\/\/ellyt.eu\/#website\",\"url\":\"https:\/\/ellyt.eu\/\",\"name\":\"Ellyt\",\"description\":\"Ellyt E-Pood\",\"publisher\":{\"@id\":\"https:\/\/ellyt.eu\/#organization\"},\"potentialAction\":[{\"@type\":\"SearchAction\",\"target\":{\"@type\":\"EntryPoint\",\"urlTemplate\":\"https:\/\/ellyt.eu\/?s={search_term_string}\"},\"query-input\":{\"@type\":\"PropertyValueSpecification\",\"valueRequired\":true,\"valueName\":\"search_term_string\"}}],\"inLanguage\":\"ja\"},{\"@type\":\"Organization\",\"@id\":\"https:\/\/ellyt.eu\/#organization\",\"name\":\"MySnack\",\"url\":\"https:\/\/ellyt.eu\/\",\"logo\":{\"@type\":\"ImageObject\",\"inLanguage\":\"ja\",\"@id\":\"https:\/\/ellyt.eu\/#\/schema\/logo\/image\/\",\"url\":\"https:\/\/mysnack.shop\/wp-content\/uploads\/2023\/09\/MySnack_logo.png\",\"contentUrl\":\"https:\/\/mysnack.shop\/wp-content\/uploads\/2023\/09\/MySnack_logo.png\",\"width\":400,\"height\":148,\"caption\":\"MySnack\"},\"image\":{\"@id\":\"https:\/\/ellyt.eu\/#\/schema\/logo\/image\/\"},\"sameAs\":[\"https:\/\/www.facebook.com\/MySnack.ee\/\",\"https:\/\/www.instagram.com\/mysnack_eesti\/\"]}]}<\/script>\n<!-- \/ Yoast SEO plugin. -->","yoast_head_json":{"title":"\u30bd\u30d5\u30c8\u30c9\u30e9\u30a4\u30de\u30f3\u30b4\u30fc\uff08\u5927\u5bb9\u91cf\u30d1\u30c3\u30af\uff09\uff5c\u7f6a\u60aa\u611f\u306e\u306a\u3044\u304a\u3084\u3064","description":"\u7f8e\u5473\u3057\u304f\u3066\u30b8\u30e5\u30fc\u30b7\u30fc\u3001\u9999\u308a\u8c4a\u304b\u306a\u30c9\u30e9\u30a4\u30de\u30f3\u30b4\u30fc\u306f\u3001\u304a\u5b50\u69d8\u306b\u3082\u5927\u4eba\u6c17\u3067\u3059\u3002\u30f4\u30a3\u30fc\u30ac\u30f3\u306e\u65b9\u306b\u3082\u304a\u53ec\u3057\u4e0a\u304c\u308a\u3044\u305f\u3060\u3051\u307e\u3059\u3002\u4eca\u306a\u3089\u5927\u5bb9\u91cf\u30d1\u30c3\u30af\uff01\u305c\u3072\u3054\u89a7\u304f\u3060\u3055\u3044\uff01","robots":{"index":"index","follow":"follow","max-snippet":"max-snippet:-1","max-image-preview":"max-image-preview:large","max-video-preview":"max-video-preview:-1"},"canonical":"https:\/\/ellyt.eu\/ja\/\u88fd\u54c1-2\/\u30bd\u30d5\u30c8\u30c9\u30e9\u30a4\u30de\u30f3\u30b4\u30fc-500g\/","og_locale":"ja_JP","og_type":"article","og_title":"Pehme kuivatatud mango (suur pakk) | Patuvabad sn\u00e4kid","og_description":"Maitserikas, mahlane ja aromaatne kuivatatud pehme mango on ka laste lemmik. Sobib ka veganitele. N\u00fc\u00fcd suures pakis! Vaata l\u00e4hemalt!","og_url":"https:\/\/ellyt.eu\/ja\/\u88fd\u54c1-2\/\u30bd\u30d5\u30c8\u30c9\u30e9\u30a4\u30de\u30f3\u30b4\u30fc-500g\/","og_site_name":"Ellyt","article_publisher":"https:\/\/www.facebook.com\/MySnack.ee\/","article_modified_time":"2025-10-08T12:08:09+00:00","og_image":[{"width":1080,"height":1080,"url":"https:\/\/ellyt.eu\/wp-content\/uploads\/2023\/11\/Pehme-kuivatatud-mango-suur-pakk.png","type":"image\/png"}],"twitter_card":"summary_large_image","twitter_misc":{"\u63a8\u5b9a\u8aad\u307f\u53d6\u308a\u6642\u9593":"1\u5206"},"schema":{"@context":"https:\/\/schema.org","@graph":[{"@type":"WebPage","@id":"https:\/\/ellyt.eu\/toode\/pehme-kuivatatud-mango-500g\/","url":"https:\/\/ellyt.eu\/toode\/pehme-kuivatatud-mango-500g\/","name":"\u30bd\u30d5\u30c8\u30c9\u30e9\u30a4\u30de\u30f3\u30b4\u30fc\uff08\u5927\u5bb9\u91cf\u30d1\u30c3\u30af\uff09\uff5c\u7f6a\u60aa\u611f\u306e\u306a\u3044\u304a\u3084\u3064","isPartOf":{"@id":"https:\/\/ellyt.eu\/#website"},"primaryImageOfPage":{"@id":"https:\/\/ellyt.eu\/toode\/pehme-kuivatatud-mango-500g\/#primaryimage"},"image":{"@id":"https:\/\/ellyt.eu\/toode\/pehme-kuivatatud-mango-500g\/#primaryimage"},"thumbnailUrl":"https:\/\/ellyt.eu\/wp-content\/uploads\/2023\/11\/Pehme-kuivatatud-mango-suur-pakk.png","datePublished":"2024-12-19T06:52:50+00:00","dateModified":"2025-10-08T12:08:09+00:00","description":"\u7f8e\u5473\u3057\u304f\u3066\u30b8\u30e5\u30fc\u30b7\u30fc\u3001\u9999\u308a\u8c4a\u304b\u306a\u30c9\u30e9\u30a4\u30de\u30f3\u30b4\u30fc\u306f\u3001\u304a\u5b50\u69d8\u306b\u3082\u5927\u4eba\u6c17\u3067\u3059\u3002\u30f4\u30a3\u30fc\u30ac\u30f3\u306e\u65b9\u306b\u3082\u304a\u53ec\u3057\u4e0a\u304c\u308a\u3044\u305f\u3060\u3051\u307e\u3059\u3002\u4eca\u306a\u3089\u5927\u5bb9\u91cf\u30d1\u30c3\u30af\uff01\u305c\u3072\u3054\u89a7\u304f\u3060\u3055\u3044\uff01","breadcrumb":{"@id":"https:\/\/ellyt.eu\/toode\/pehme-kuivatatud-mango-500g\/#breadcrumb"},"inLanguage":"ja","potentialAction":[{"@type":"ReadAction","target":["https:\/\/ellyt.eu\/toode\/pehme-kuivatatud-mango-500g\/"]}]},{"@type":"ImageObject","inLanguage":"ja","@id":"https:\/\/ellyt.eu\/toode\/pehme-kuivatatud-mango-500g\/#primaryimage","url":"https:\/\/ellyt.eu\/wp-content\/uploads\/2023\/11\/Pehme-kuivatatud-mango-suur-pakk.png","contentUrl":"https:\/\/ellyt.eu\/wp-content\/uploads\/2023\/11\/Pehme-kuivatatud-mango-suur-pakk.png","width":1080,"height":1080,"caption":"Pehme kuivatatud mango 250 g pakis"},{"@type":"BreadcrumbList","@id":"https:\/\/ellyt.eu\/toode\/pehme-kuivatatud-mango-500g\/#breadcrumb","itemListElement":[{"@type":"ListItem","position":1,"name":"Esileht","item":"https:\/\/ellyt.eu\/"},{"@type":"ListItem","position":2,"name":"Pood","item":"https:\/\/ellyt.eu\/pood\/"},{"@type":"ListItem","position":3,"name":"Pehme kuivatatud mango 500g"}]},{"@type":"WebSite","@id":"https:\/\/ellyt.eu\/#website","url":"https:\/\/ellyt.eu\/","name":"Ellyt","description":"Ellyt E-Shop","publisher":{"@id":"https:\/\/ellyt.eu\/#organization"},"potentialAction":[{"@type":"SearchAction","target":{"@type":"EntryPoint","urlTemplate":"https:\/\/ellyt.eu\/?s={search_term_string}"},"query-input":{"@type":"PropertyValueSpecification","valueRequired":true,"valueName":"search_term_string"}}],"inLanguage":"ja"},{"@type":"Organization","@id":"https:\/\/ellyt.eu\/#organization","name":"\u30de\u30a4\u30b9\u30ca\u30c3\u30af","url":"https:\/\/ellyt.eu\/","logo":{"@type":"ImageObject","inLanguage":"ja","@id":"https:\/\/ellyt.eu\/#\/schema\/logo\/image\/","url":"https:\/\/mysnack.shop\/wp-content\/uploads\/2023\/09\/MySnack_logo.png","contentUrl":"https:\/\/mysnack.shop\/wp-content\/uploads\/2023\/09\/MySnack_logo.png","width":400,"height":148,"caption":"MySnack"},"image":{"@id":"https:\/\/ellyt.eu\/#\/schema\/logo\/image\/"},"sameAs":["https:\/\/www.facebook.com\/MySnack.ee\/","https:\/\/www.instagram.com\/mysnack_eesti\/"]}]}},"_links":{"self":[{"href":"https:\/\/ellyt.eu\/ja\/wp-json\/wp\/v2\/product\/28745","targetHints":{"allow":["GET"]}}],"collection":[{"href":"https:\/\/ellyt.eu\/ja\/wp-json\/wp\/v2\/product"}],"about":[{"href":"https:\/\/ellyt.eu\/ja\/wp-json\/wp\/v2\/types\/product"}],"wp:featuredmedia":[{"embeddable":true,"href":"https:\/\/ellyt.eu\/ja\/wp-json\/wp\/v2\/media\/22386"}],"wp:attachment":[{"href":"https:\/\/ellyt.eu\/ja\/wp-json\/wp\/v2\/media?parent=28745"}],"wp:term":[{"taxonomy":"product_brand","embeddable":true,"href":"https:\/\/ellyt.eu\/ja\/wp-json\/wp\/v2\/product_brand?post=28745"},{"taxonomy":"product_cat","embeddable":true,"href":"https:\/\/ellyt.eu\/ja\/wp-json\/wp\/v2\/product_cat?post=28745"},{"taxonomy":"product_tag","embeddable":true,"href":"https:\/\/ellyt.eu\/ja\/wp-json\/wp\/v2\/product_tag?post=28745"}],"curies":[{"name":"wp","href":"https:\/\/api.w.org\/{rel}","templated":true}]}}