{"id":4652,"date":"2018-11-20T12:24:47","date_gmt":"2018-11-20T10:24:47","guid":{"rendered":"https:\/\/mysnack.ee\/?post_type=product&#038;p=4652"},"modified":"2025-07-21T18:29:59","modified_gmt":"2025-07-21T15:29:59","slug":"%e6%b5%b7%e8%97%bb%e5%a4%a9%e3%81%b7%e3%82%89-%e3%82%b9%e3%83%91%e3%82%a4%e3%82%b7%e3%83%bc","status":"publish","type":"product","link":"https:\/\/ellyt.eu\/ja\/product\/merevetikas-tempura-vurtsikas\/","title":{"rendered":"\u306e\u308a\u5929\u30b9\u30ca\u30c3\u30af\uff08\u30b9\u30d1\u30a4\u30b7\u30fc\uff0925g"},"content":{"rendered":"<p><strong>\u5185\u5bb9\u91cf\uff1a<\/strong> 25\u30b0\u30e9\u30e0<\/p>\n<p><strong>\u88fd\u54c1100g\u3042\u305f\u308a\u5e73\u5747\uff1a<\/strong><\/p>\n<table>\n<tbody>\n<tr>\n<td>\u30a8\u30cd\u30eb\u30ae\u30fc<\/td>\n<td>519 kcal \/ 2478.58 kJ<\/td>\n<\/tr>\n<tr>\n<td>\u8102\u8cea<\/td>\n<td>28.1g<\/td>\n<\/tr>\n<tr>\n<td>\u00a0 \u00a0 \u98fd\u548c\u8102\u80aa\u9178<\/td>\n<td>6.32\u30b0\u30e9\u30e0<\/td>\n<\/tr>\n<tr>\n<td>\u70ad\u6c34\u5316\u7269<\/td>\n<td>55.4g<\/td>\n<\/tr>\n<tr>\n<td>\u00a0 \u00a0 \u7cd6\u985e<\/td>\n<td>3.4g<\/td>\n<\/tr>\n<tr>\n<td>\u30bf\u30f3\u30d1\u30af\u8cea<\/td>\n<td>11.08\u30b0\u30e9\u30e0<\/td>\n<\/tr>\n<tr>\n<td>\u98df\u5869\u76f8\u5f53\u91cf<\/td>\n<td>2.88\u30b0\u30e9\u30e0<\/td>\n<\/tr>\n<\/tbody>\n<\/table>\n<div id=\"accel-snackbar\" style=\"left: 50%;top: 50px\"><\/div>","protected":false},"excerpt":{"rendered":"<ul>\n<li>\u30d1\u30ea\u30c3\u3068\u8efd\u3044\u98df\u611f\u306e\u306e\u308a\u30b9\u30ca\u30c3\u30af<\/li>\n<li>\u30b7\u30f3\u30d7\u30eb\u306a\u5473\u4ed8\u3051\u3067\u3001\u307b\u3069\u3088\u3044\u5869\u5473\u3068\u30b9\u30d1\u30a4\u30b9\u304c\u30a2\u30af\u30bb\u30f3\u30c8 \u30fb\u7f8e\u5473\u3057\u304f\u98df\u3079\u306a\u304c\u3089\u3001\u624b\u8efd\u306b\u30a8\u30cd\u30eb\u30ae\u30fc\u88dc\u7d66<\/li>\n<li>\u306e\u308a\u306f\u6804\u990a\u4fa1\u304c\u9ad8\u304f\u3001\u7279\u306b\u30e8\u30a6\u7d20\u3092\u8c4a\u5bcc\u306b\u542b\u3093\u3067\u3044\u307e\u3059<\/li>\n<\/ul>\n<p><strong>\u539f\u6750\u6599\uff1a<\/strong> \u5c0f\u9ea6\u7c89\u3001\u6d77\u82d4\u3001\u30d1\u30fc\u30e0\u6cb9\u3001\u52a0\u5de5\u30bf\u30d4\u30aa\u30ab\u3067\u3093\u7c89\u3001\u98df\u5869\u3001\u7802\u7cd6\u3001\u9999\u8f9b\u6599\uff08\u30ac\u30fc\u30ea\u30c3\u30af\u3001\u30aa\u30cb\u30aa\u30f3\u3001\u3053\u3057\u3087\u3046\uff09\u3001\u690d\u7269\u6027\u305f\u3093\u3071\u304f\u52a0\u6c34\u5206\u89e3\u7269\u3001\u30c1\u30ea\u30d1\u30a6\u30c0\u30fc\uff0f\u8abf\u5473\u6599\uff08\u30a2\u30df\u30ce\u9178\u7b49\uff1aE631\u3001E627\uff09<\/p>\n<p>&nbsp;<\/p>\n<div id=\"accel-snackbar\" style=\"left: 50%;top: 50px\"><\/div>","protected":false},"featured_media":22613,"template":"","meta":{"inline_featured_image":false},"product_brand":[],"product_cat":[172,315],"product_tag":[],"class_list":{"0":"post-4652","1":"product","2":"type-product","3":"status-publish","4":"has-post-thumbnail","6":"product_cat-soolased-snakid","7":"product_cat-vetikakropsud","8":"pa_kogus-kast","9":"pa_kogus-tukk","10":"pa_sisaldab-laktoosivaba","12":"first","13":"instock","14":"taxable","15":"shipping-taxable","16":"purchasable","17":"product-type-variable","18":"has-default-attributes"},"yoast_head":"<!-- This site is optimized with the Yoast SEO plugin v27.1.1 - https:\/\/yoast.com\/product\/yoast-seo-wordpress\/ -->\n<title>V\u00fcrtsikad tempura merevetika kr\u00f5psud | Patuvabad sn\u00e4kid<\/title>\n<meta name=\"description\" content=\"V\u00fcrtsikad tempura merevetika kr\u00f5psud on tervislikud, maitsevad h\u00e4sti, annavad energiat ja sisaldavad rohkelt toitaineid. Vaata l\u00e4hemalt!\" \/>\n<meta name=\"robots\" content=\"index, follow, max-snippet:-1, max-image-preview:large, max-video-preview:-1\" \/>\n<link rel=\"canonical\" href=\"https:\/\/ellyt.eu\/ja\/\u88fd\u54c1-2\/\u6d77\u85fb\u5929\u3077\u3089-\u30b9\u30d1\u30a4\u30b7\u30fc\/\" \/>\n<meta property=\"og:locale\" content=\"ja_JP\" \/>\n<meta property=\"og:type\" content=\"article\" \/>\n<meta property=\"og:title\" content=\"Merevetikas tempura v\u00fcrtsikas 25 g - Tervislikud ja Maitsvad Sn\u00e4kid\" \/>\n<meta property=\"og:description\" content=\"M\u00f5nusalt kr\u00f5bedad vetikakr\u00f5psud, mis maitsevad h\u00e4sti ja sisaldavad rohkelt toitaineid.\" \/>\n<meta property=\"og:url\" content=\"https:\/\/ellyt.eu\/ja\/\u88fd\u54c1-2\/\u6d77\u85fb\u5929\u3077\u3089-\u30b9\u30d1\u30a4\u30b7\u30fc\/\" \/>\n<meta property=\"og:site_name\" content=\"Ellyt\" \/>\n<meta property=\"article:publisher\" content=\"https:\/\/www.facebook.com\/MySnack.ee\/\" \/>\n<meta property=\"article:modified_time\" content=\"2025-07-21T15:29:59+00:00\" \/>\n<meta property=\"og:image\" content=\"https:\/\/ellyt.eu\/wp-content\/uploads\/2020\/12\/toode_merevetikas_tempura_vurtsikas-scaled.jpg\" \/>\n\t<meta property=\"og:image:width\" content=\"2560\" \/>\n\t<meta property=\"og:image:height\" content=\"1223\" \/>\n\t<meta property=\"og:image:type\" content=\"image\/jpeg\" \/>\n<meta name=\"twitter:card\" content=\"summary_large_image\" \/>\n<meta name=\"twitter:title\" content=\"Merevetikas tempura v\u00fcrtsikas 25 g - Tervislikud ja Maitsvad Sn\u00e4kid\" \/>\n<meta name=\"twitter:description\" content=\"M\u00f5nusalt kr\u00f5bedad vetikakr\u00f5psud, mis maitsevad h\u00e4sti ja sisaldavad rohkelt toitaineid.\" \/>\n<meta name=\"twitter:image\" content=\"https:\/\/ellyt.eu\/wp-content\/uploads\/2020\/12\/toode_merevetikas_tempura_vurtsikas-scaled.jpg\" \/>\n<meta name=\"twitter:label1\" content=\"\u63a8\u5b9a\u8aad\u307f\u53d6\u308a\u6642\u9593\" \/>\n\t<meta name=\"twitter:data1\" content=\"1\u5206\" \/>\n<script type=\"application\/ld+json\" class=\"yoast-schema-graph\">{\"@context\":\"https:\/\/schema.org\",\"@graph\":[{\"@type\":\"WebPage\",\"@id\":\"https:\/\/ellyt.eu\/toode\/merevetikas-tempura-vurtsikas\/\",\"url\":\"https:\/\/ellyt.eu\/toode\/merevetikas-tempura-vurtsikas\/\",\"name\":\"V\u00fcrtsikad tempura merevetika kr\u00f5psud | Patuvabad sn\u00e4kid\",\"isPartOf\":{\"@id\":\"https:\/\/ellyt.eu\/#website\"},\"primaryImageOfPage\":{\"@id\":\"https:\/\/ellyt.eu\/toode\/merevetikas-tempura-vurtsikas\/#primaryimage\"},\"image\":{\"@id\":\"https:\/\/ellyt.eu\/toode\/merevetikas-tempura-vurtsikas\/#primaryimage\"},\"thumbnailUrl\":\"https:\/\/ellyt.eu\/wp-content\/uploads\/2018\/11\/Vurtsikad-tempura-merevetika-kropsud-3.png\",\"datePublished\":\"2018-11-20T10:24:47+00:00\",\"dateModified\":\"2025-07-21T15:29:59+00:00\",\"description\":\"V\u00fcrtsikad tempura merevetika kr\u00f5psud on tervislikud, maitsevad h\u00e4sti, annavad energiat ja sisaldavad rohkelt toitaineid. Vaata l\u00e4hemalt!\",\"breadcrumb\":{\"@id\":\"https:\/\/ellyt.eu\/toode\/merevetikas-tempura-vurtsikas\/#breadcrumb\"},\"inLanguage\":\"ja\",\"potentialAction\":[{\"@type\":\"ReadAction\",\"target\":[\"https:\/\/ellyt.eu\/toode\/merevetikas-tempura-vurtsikas\/\"]}]},{\"@type\":\"ImageObject\",\"inLanguage\":\"ja\",\"@id\":\"https:\/\/ellyt.eu\/toode\/merevetikas-tempura-vurtsikas\/#primaryimage\",\"url\":\"https:\/\/ellyt.eu\/wp-content\/uploads\/2018\/11\/Vurtsikad-tempura-merevetika-kropsud-3.png\",\"contentUrl\":\"https:\/\/ellyt.eu\/wp-content\/uploads\/2018\/11\/Vurtsikad-tempura-merevetika-kropsud-3.png\",\"width\":1080,\"height\":1080,\"caption\":\"V\u00fcrtsikad tempura merevetika kr\u00f5psud\"},{\"@type\":\"BreadcrumbList\",\"@id\":\"https:\/\/ellyt.eu\/toode\/merevetikas-tempura-vurtsikas\/#breadcrumb\",\"itemListElement\":[{\"@type\":\"ListItem\",\"position\":1,\"name\":\"Esileht\",\"item\":\"https:\/\/ellyt.eu\/\"},{\"@type\":\"ListItem\",\"position\":2,\"name\":\"Pood\",\"item\":\"https:\/\/ellyt.eu\/pood\/\"},{\"@type\":\"ListItem\",\"position\":3,\"name\":\"Merevetikas tempura v\u00fcrtsikas 25 g\"}]},{\"@type\":\"WebSite\",\"@id\":\"https:\/\/ellyt.eu\/#website\",\"url\":\"https:\/\/ellyt.eu\/\",\"name\":\"Ellyt\",\"description\":\"Ellyt E-Pood\",\"publisher\":{\"@id\":\"https:\/\/ellyt.eu\/#organization\"},\"potentialAction\":[{\"@type\":\"SearchAction\",\"target\":{\"@type\":\"EntryPoint\",\"urlTemplate\":\"https:\/\/ellyt.eu\/?s={search_term_string}\"},\"query-input\":{\"@type\":\"PropertyValueSpecification\",\"valueRequired\":true,\"valueName\":\"search_term_string\"}}],\"inLanguage\":\"ja\"},{\"@type\":\"Organization\",\"@id\":\"https:\/\/ellyt.eu\/#organization\",\"name\":\"MySnack\",\"url\":\"https:\/\/ellyt.eu\/\",\"logo\":{\"@type\":\"ImageObject\",\"inLanguage\":\"ja\",\"@id\":\"https:\/\/ellyt.eu\/#\/schema\/logo\/image\/\",\"url\":\"https:\/\/mysnack.shop\/wp-content\/uploads\/2023\/09\/MySnack_logo.png\",\"contentUrl\":\"https:\/\/mysnack.shop\/wp-content\/uploads\/2023\/09\/MySnack_logo.png\",\"width\":400,\"height\":148,\"caption\":\"MySnack\"},\"image\":{\"@id\":\"https:\/\/ellyt.eu\/#\/schema\/logo\/image\/\"},\"sameAs\":[\"https:\/\/www.facebook.com\/MySnack.ee\/\",\"https:\/\/www.instagram.com\/mysnack_eesti\/\"]}]}<\/script>\n<!-- \/ Yoast SEO plugin. -->","yoast_head_json":{"title":"\u30b9\u30d1\u30a4\u30b7\u30fc\u306a\u5929\u3077\u3089\u6d77\u82d4\u30c1\u30c3\u30d7\u30b9\uff5c\u7f6a\u60aa\u611f\u306a\u3057\u306e\u30b9\u30ca\u30c3\u30af","description":"\u30b9\u30d1\u30a4\u30b7\u30fc\u306a\u5929\u3077\u3089\u6d77\u82d4\u30c1\u30c3\u30d7\u30b9\u306f\u3001\u5065\u5eb7\u7684\u3067\u7f8e\u5473\u3057\u304f\u3001\u30a8\u30cd\u30eb\u30ae\u30fc\u88dc\u7d66\u306b\u3082\u306a\u308a\u3001\u6804\u990a\u3082\u305f\u3063\u3077\u308a\u3067\u3059\u3002\u8a73\u3057\u304f\u898b\u3066\u307f\u307e\u3057\u3087\u3046\uff01","robots":{"index":"index","follow":"follow","max-snippet":"max-snippet:-1","max-image-preview":"max-image-preview:large","max-video-preview":"max-video-preview:-1"},"canonical":"https:\/\/ellyt.eu\/ja\/\u88fd\u54c1-2\/\u6d77\u85fb\u5929\u3077\u3089-\u30b9\u30d1\u30a4\u30b7\u30fc\/","og_locale":"ja_JP","og_type":"article","og_title":"Merevetikas tempura v\u00fcrtsikas 25 g - Tervislikud ja Maitsvad Sn\u00e4kid","og_description":"M\u00f5nusalt kr\u00f5bedad vetikakr\u00f5psud, mis maitsevad h\u00e4sti ja sisaldavad rohkelt toitaineid.","og_url":"https:\/\/ellyt.eu\/ja\/\u88fd\u54c1-2\/\u6d77\u85fb\u5929\u3077\u3089-\u30b9\u30d1\u30a4\u30b7\u30fc\/","og_site_name":"Ellyt","article_publisher":"https:\/\/www.facebook.com\/MySnack.ee\/","article_modified_time":"2025-07-21T15:29:59+00:00","og_image":[{"width":2560,"height":1223,"url":"https:\/\/ellyt.eu\/wp-content\/uploads\/2020\/12\/toode_merevetikas_tempura_vurtsikas-scaled.jpg","type":"image\/jpeg"}],"twitter_card":"summary_large_image","twitter_title":"Merevetikas tempura v\u00fcrtsikas 25 g - Tervislikud ja Maitsvad Sn\u00e4kid","twitter_description":"M\u00f5nusalt kr\u00f5bedad vetikakr\u00f5psud, mis maitsevad h\u00e4sti ja sisaldavad rohkelt toitaineid.","twitter_image":"https:\/\/ellyt.eu\/wp-content\/uploads\/2020\/12\/toode_merevetikas_tempura_vurtsikas-scaled.jpg","twitter_misc":{"\u63a8\u5b9a\u8aad\u307f\u53d6\u308a\u6642\u9593":"1\u5206"},"schema":{"@context":"https:\/\/schema.org","@graph":[{"@type":"WebPage","@id":"https:\/\/ellyt.eu\/toode\/merevetikas-tempura-vurtsikas\/","url":"https:\/\/ellyt.eu\/toode\/merevetikas-tempura-vurtsikas\/","name":"\u30b9\u30d1\u30a4\u30b7\u30fc\u306a\u5929\u3077\u3089\u6d77\u82d4\u30c1\u30c3\u30d7\u30b9\uff5c\u7f6a\u60aa\u611f\u306a\u3057\u306e\u30b9\u30ca\u30c3\u30af","isPartOf":{"@id":"https:\/\/ellyt.eu\/#website"},"primaryImageOfPage":{"@id":"https:\/\/ellyt.eu\/toode\/merevetikas-tempura-vurtsikas\/#primaryimage"},"image":{"@id":"https:\/\/ellyt.eu\/toode\/merevetikas-tempura-vurtsikas\/#primaryimage"},"thumbnailUrl":"https:\/\/ellyt.eu\/wp-content\/uploads\/2018\/11\/Vurtsikad-tempura-merevetika-kropsud-3.png","datePublished":"2018-11-20T10:24:47+00:00","dateModified":"2025-07-21T15:29:59+00:00","description":"\u30b9\u30d1\u30a4\u30b7\u30fc\u306a\u5929\u3077\u3089\u6d77\u82d4\u30c1\u30c3\u30d7\u30b9\u306f\u3001\u5065\u5eb7\u7684\u3067\u7f8e\u5473\u3057\u304f\u3001\u30a8\u30cd\u30eb\u30ae\u30fc\u88dc\u7d66\u306b\u3082\u306a\u308a\u3001\u6804\u990a\u3082\u305f\u3063\u3077\u308a\u3067\u3059\u3002\u8a73\u3057\u304f\u898b\u3066\u307f\u307e\u3057\u3087\u3046\uff01","breadcrumb":{"@id":"https:\/\/ellyt.eu\/toode\/merevetikas-tempura-vurtsikas\/#breadcrumb"},"inLanguage":"ja","potentialAction":[{"@type":"ReadAction","target":["https:\/\/ellyt.eu\/toode\/merevetikas-tempura-vurtsikas\/"]}]},{"@type":"ImageObject","inLanguage":"ja","@id":"https:\/\/ellyt.eu\/toode\/merevetikas-tempura-vurtsikas\/#primaryimage","url":"https:\/\/ellyt.eu\/wp-content\/uploads\/2018\/11\/Vurtsikad-tempura-merevetika-kropsud-3.png","contentUrl":"https:\/\/ellyt.eu\/wp-content\/uploads\/2018\/11\/Vurtsikad-tempura-merevetika-kropsud-3.png","width":1080,"height":1080,"caption":"V\u00fcrtsikad tempura merevetika kr\u00f5psud"},{"@type":"BreadcrumbList","@id":"https:\/\/ellyt.eu\/toode\/merevetikas-tempura-vurtsikas\/#breadcrumb","itemListElement":[{"@type":"ListItem","position":1,"name":"Esileht","item":"https:\/\/ellyt.eu\/"},{"@type":"ListItem","position":2,"name":"Pood","item":"https:\/\/ellyt.eu\/pood\/"},{"@type":"ListItem","position":3,"name":"Merevetikas tempura v\u00fcrtsikas 25 g"}]},{"@type":"WebSite","@id":"https:\/\/ellyt.eu\/#website","url":"https:\/\/ellyt.eu\/","name":"Ellyt","description":"Ellyt E-Shop","publisher":{"@id":"https:\/\/ellyt.eu\/#organization"},"potentialAction":[{"@type":"SearchAction","target":{"@type":"EntryPoint","urlTemplate":"https:\/\/ellyt.eu\/?s={search_term_string}"},"query-input":{"@type":"PropertyValueSpecification","valueRequired":true,"valueName":"search_term_string"}}],"inLanguage":"ja"},{"@type":"Organization","@id":"https:\/\/ellyt.eu\/#organization","name":"\u30de\u30a4\u30b9\u30ca\u30c3\u30af","url":"https:\/\/ellyt.eu\/","logo":{"@type":"ImageObject","inLanguage":"ja","@id":"https:\/\/ellyt.eu\/#\/schema\/logo\/image\/","url":"https:\/\/mysnack.shop\/wp-content\/uploads\/2023\/09\/MySnack_logo.png","contentUrl":"https:\/\/mysnack.shop\/wp-content\/uploads\/2023\/09\/MySnack_logo.png","width":400,"height":148,"caption":"MySnack"},"image":{"@id":"https:\/\/ellyt.eu\/#\/schema\/logo\/image\/"},"sameAs":["https:\/\/www.facebook.com\/MySnack.ee\/","https:\/\/www.instagram.com\/mysnack_eesti\/"]}]}},"_links":{"self":[{"href":"https:\/\/ellyt.eu\/ja\/wp-json\/wp\/v2\/product\/4652","targetHints":{"allow":["GET"]}}],"collection":[{"href":"https:\/\/ellyt.eu\/ja\/wp-json\/wp\/v2\/product"}],"about":[{"href":"https:\/\/ellyt.eu\/ja\/wp-json\/wp\/v2\/types\/product"}],"wp:featuredmedia":[{"embeddable":true,"href":"https:\/\/ellyt.eu\/ja\/wp-json\/wp\/v2\/media\/22613"}],"wp:attachment":[{"href":"https:\/\/ellyt.eu\/ja\/wp-json\/wp\/v2\/media?parent=4652"}],"wp:term":[{"taxonomy":"product_brand","embeddable":true,"href":"https:\/\/ellyt.eu\/ja\/wp-json\/wp\/v2\/product_brand?post=4652"},{"taxonomy":"product_cat","embeddable":true,"href":"https:\/\/ellyt.eu\/ja\/wp-json\/wp\/v2\/product_cat?post=4652"},{"taxonomy":"product_tag","embeddable":true,"href":"https:\/\/ellyt.eu\/ja\/wp-json\/wp\/v2\/product_tag?post=4652"}],"curies":[{"name":"wp","href":"https:\/\/api.w.org\/{rel}","templated":true}]}}