{"id":1126,"date":"2020-10-09T13:22:29","date_gmt":"2020-10-09T10:22:29","guid":{"rendered":"https:\/\/mysnack.ee\/?page_id=1126"},"modified":"2024-06-06T10:32:09","modified_gmt":"2024-06-06T07:32:09","slug":"muugitingimused","status":"publish","type":"page","link":"https:\/\/ellyt.eu\/ko\/muugitingimused\/","title":{"rendered":"\ud310\ub9e4 \uc870\uac74"},"content":{"rendered":"<div class=\"wpb-content-wrapper\"><div class=\"vc_row wpb_row vc_row-fluid\"><div class=\"wpb_column vc_column_container vc_col-sm-12\"><div class=\"vc_column-inner\"><div class=\"wpb_wrapper\">\n\t<div class=\"wpb_text_column wpb_content_element\" >\n\t\t<div class=\"wpb_wrapper\">\n\t\t\t<h3>1. E-POE KASUTAJATINGIMUSED<\/h3>\n<p>1.1. K\u00e4esolevad kasutajatingimused kehtivad Premium Brands O\u00dc hallatavast e-poest (aadressil www.mysnack.ee) tellitud kaupadele.<br \/>\n1.2. M\u00fc\u00fcgitingimused ei ole vastuolus Eestis kehtivate \u00f5igusnormidega ning vajadusel on antud kasutajatingimustega t\u00e4iendatud.<br \/>\n1.3. Lisaks k\u00e4esolevatele kasutajatingimustele reguleerivad kliendi ning teenuse osutaja (Premium Brands O\u00dc) vahelisi suhteid hinnakiri, praktika ja v\u00e4ljakujunenud head tavad.<br \/>\n1.4. Ostukeskkonnas tellimuse vormistamisega kinnitab klient, et on n\u00f5us kasutajatingimustega ning kohustub neid t\u00e4itma.<\/p>\n<h3>2. HINNAKIRI<\/h3>\n<p>2.1. Ostukeskkonnas m\u00fc\u00fcdavate toodete hinnad on k\u00f5ik eurodes ja sisaldavad k\u00e4ibemaksu (22%). Ostukeskkonnas m\u00e4rgitud hinnad ei sisalda saatmis- ja\/v\u00f5i transpordikulusid.<br \/>\n2.2. Saatmiskulude hind kuvatakse kliendile ostukorvis p\u00e4rast nupule \u201eMine kassasse\u201c vajutamist. Alates 50\u20ac ostusummast on tarne TASUTA!<br \/>\n2.3. Premium Brands O\u00dc j\u00e4tab endale \u00f5iguse korrigeerida hindu. Kui Klient edastas oma tellimuse enne hinna muudatuste j\u00f5ustumist, siis tema jaoks kehtib hind, mis oli arvel kajastatud tellimuse vormistamise momendil.<br \/>\n2.4. T\u00e4psema informatsiooni kauba kohaletoimetamise hindade kohta leiab ostukeskkonnast. Ko\u0303ik veebipoes mu\u0308u\u0308davate toodete hinnad on eurodes.<\/p>\n<h3>3. OSTUKORV JA TELLIMUSE VORMISTAMINE<\/h3>\n<p>3.1 Valige v\u00e4lja Teile sobivad tooted ning lisage need ostukorvi. Tellimust saab vormistada k\u00fclalisena (\u00fchekordne ost, kus andmed salvestatakse ainult \u00fcheks ostuks) v\u00f5i registreeritud kasutajana. Tellitav kogus on vaikimisi 1. Seej\u00e4rel vajutage nuppu MINE MAKSMA. Kui olete t\u00e4itnud kontaktandmete ankeedi, siis vajutage nupule ESITA TELLIMUS. Edasi valige endale sobiv transpordi ja maksmise viis.<\/p>\n<p>Tasuda saab turvaliselt la\u0308bi ja\u0308rgnevate makseviiside:<\/p>\n<ul>\n<li>Eesti pangalingid: Swedbank, SEB, Luminor, LHV, Coop Pank, Pocopay.<\/li>\n<li>Panga\u00fclekanne<\/li>\n<\/ul>\n<p>NB! Pangalingiga tasumisel vajutada kindlasti panga lehel nupule \u201eTagasi kaupmehe juurde\u201c.<\/p>\n<p>Makseid vahendab Maksekeskus AS. Tasumine toimub va\u0308ljaspool Veebipoodi turvalises keskkonnas \u2013 pangalingiga tasumisel vastava panga turvalises keskkonnas ja krediitkaardiga tasumisel Maksekeskus AS turvalises keskkonnas. Mu\u0308u\u0308jal puudub ligipa\u0308a\u0308s kliendi panga ja krediitkaardi andmetele. Leping jo\u0303ustub alates tasumisele kuuluva summa laekumisest Veebipoe arvelduskontole.<\/p>\n<p>Premium Brands O\u00dc on isikuandmete vastutav to\u0308o\u0308tleja ning edastab maksete teostamiseks vajalikud isikuandmed volitatud to\u0308o\u0308tleja Maksekeskus AS-le.<\/p>\n<p>3.2. Kliendi ostukorv luuakse hetkel, mil ta on vajutanud nupule \u201cLisa korvi.\u201d<br \/>\n3.3. Toote ostukorvi lisamine ei kohusta Klienti veel ostma.<br \/>\n3.4. N\u00e4dalavahetusel tehtud tellimusi k\u00e4sitleme esimesel t\u00f6\u00f6p\u00e4eval.<br \/>\n3.5. Ostukorvis olevad tooted on kuni tellimuse kinnitamiseni saadaval ka teistele klientidele.<br \/>\n3.6. Tellimuse vormistamiseks vajutab Klient nupule \u201cEsita tellimus.\u201d<br \/>\n3.7. Tellimuse vormistamisel valib Klient endale sobiva kohaletoimetamise viisi ning kontrollib saaja maksja andmete \u00f5igsust.<br \/>\n3.8. Tellimuses esitatud andmete t\u00e4psusest s\u00f5ltub Kliendi poolt ostetud toodete h\u00e4ireteta kohaletoimetamine. Peale vajutamist nupule \u201cKinnita tellimus,\u201d vormistab s\u00fcsteem arve, mille saab koheselt maksekeksuse kaudu tasuda.<\/p>\n<h3>4. TOODETE KOHALETOIMETAMINE<\/h3>\n<p>4.1. Tellimuse vormistamisel saab Klient valida endale sobiva kohaletoimetamisviisi antud v\u00f5imalustele.<br \/>\n4.1.1 \u00a0Kaupu saadetakse Eesti piires\u00a0SmartPosti ja Omniva pakiautomaatide vahendusel.<br \/>\n4.2. Premium Brands O\u00dc kohustub Klienti teavitama tarneaja muutumisest esimesel v\u00f5imalusel p\u00e4rast informatsiooni saamist. \u00dcldjuhul j\u00f5uab kaup ostjani 3-7 t\u00f6\u00f6p\u00e4eva jooksul p\u00e4rast makse laekumist.<br \/>\n4.3. Premium Brands O\u00dc vastutab tellitud kauba eest selle transportimise jooksul. Kauba k\u00e4ttesaamise hetkest pakiautomaadist, l\u00e4heb kauba kahjustumise ja\/v\u00f5i kadumise risk \u00fcle kliendile.<br \/>\n4.4. Kui klient ei l\u00e4he kaubale j\u00e4rgi postifirma poolt etten\u00e4htud t\u00e4htaja jooksul, siis kannab klient k\u00f5ik sellest tulenevad paki tagastamisega v\u00f5i pikemaajalise hoiustamisega seotud ning muud tekkida v\u00f5ivad kulud.<br \/>\n4.5. Klient vastutab Premium Brands O\u00dc edastatud andmete \u00f5igsuse eest. Kui klient on edastanud vigased v\u00f5i valed andmed ja seet\u00f5ttu j\u00e4\u00e4b tal kaup saamata, ei vastuta teenuse osutaja tekkinud probleemide eest. Kui kaup tuleb tagasi Premium Brands O\u00dc-le, siis postitab Premium Brands O\u00dc kauba uuesti juhul, kui Klient tasub t\u00e4iendavad postikulud. Kui klient ei tasu t\u00e4iendavaid postikulusid 7 p\u00e4eva jooksul, tellimus t\u00fchistatakse ja kliendile makstakse raha tagasi. Tagasimakstavalt summalt arvestatakse maha saatmistasud.<\/p>\n<h3>5. TELLIMUSE T\u00dcHISTAMINE JA TOODETE TAGASTAMINE<\/h3>\n<p>5.1. Premium Brands O\u00dc-l on \u00f5igus t\u00fchistada kliendi tellimus juhul, kui arve eest ei ole tasutud.<br \/>\n5.2. Premium Brands O\u00dc-l on \u00f5igus loobuda kauba m\u00fc\u00fcmisest kliendile, kui kaup on laost otsa l\u00f5ppenud ja seda pole v\u00f5imalik juurde tellida. Sellisel juhul teatab Premium Brands O\u00dc viivitamatult tekkinud olukorrast kliendile.<br \/>\n5.3. Premium Brands O\u00dc ei saa tellimust t\u00fchistada p\u00e4rast kauba v\u00e4ljasaatmist.<br \/>\n5.4. Kui kaup ei sobi v\u00f5i ei vasta Kliendi ootustele, on tal \u00f5igus see tagastada 14 p\u00e4eva jooksul alates kauba k\u00e4ttesaamisest. Toote puuduse ilmnemise korral tuleb saata vastavasisuline kiri e-postiaadressile info@premiumbrands.ee. Tagastatav kaup peab olema kahjustamata, kasutamata, siltidega, originaalpakendis ja korralikult pakitud. Raha tagastatud kauba eest laekub tagasi kliendi pangakontole 14 kalendrip\u00e4eva jooksul alates kauba k\u00e4ttesaamisest Premium Brands O\u00dc poolt.<br \/>\n5.5. Kauba tagastamise kulud kannab ostja, v.a defektse toote puhul.<br \/>\n5.6. Kui Klient soovib tagastatava toote vahetada m\u00f5ne teise toote vastu, tasub Klient tagastava toote eest saatmiskulud. Uue vahetatud toote postitamise eest tasub Premium Brands O\u00dc \u00fchekordselt postikulu. Iga j\u00e4rgneva vahetuse eest tasub klient.<\/p>\n\n\t\t<\/div>\n\t<\/div>\n<\/div><\/div><\/div><\/div>\n<\/div>","protected":false},"excerpt":{"rendered":"1. E-POE KASUTAJATINGIMUSED 1.1. K\u00e4esolevad kasutajatingimused kehtivad Premium Brands O\u00dc hallatavast e-poest (aadressil www.mysnack.ee) tellitud kaupadele. 1.2. M\u00fc\u00fcgitingimused ei ole","protected":false},"author":3,"featured_media":0,"parent":0,"menu_order":0,"comment_status":"closed","ping_status":"closed","template":"","meta":{"inline_featured_image":false,"footnotes":""},"class_list":["post-1126","page","type-page","status-publish","hentry"],"yoast_head":"<!-- This site is optimized with the Yoast SEO plugin v27.1.1 - https:\/\/yoast.com\/product\/yoast-seo-wordpress\/ -->\n<title>M\u00fc\u00fcgitingimused - Ellyt<\/title>\n<meta name=\"robots\" content=\"index, follow, max-snippet:-1, max-image-preview:large, max-video-preview:-1\" \/>\n<link rel=\"canonical\" href=\"https:\/\/ellyt.eu\/ko\/muugitingimused\/\" \/>\n<meta property=\"og:locale\" content=\"ko_KR\" \/>\n<meta property=\"og:type\" content=\"article\" \/>\n<meta property=\"og:title\" content=\"M\u00fc\u00fcgitingimused - Ellyt\" \/>\n<meta property=\"og:url\" content=\"https:\/\/ellyt.eu\/ko\/muugitingimused\/\" \/>\n<meta property=\"og:site_name\" content=\"Ellyt\" \/>\n<meta property=\"article:publisher\" content=\"https:\/\/www.facebook.com\/MySnack.ee\/\" \/>\n<meta property=\"article:modified_time\" content=\"2024-06-06T07:32:09+00:00\" \/>\n<meta property=\"og:image\" content=\"https:\/\/ellyt.eu\/wp-content\/uploads\/2024\/11\/Facebook-cover-pic-.png\" \/>\n\t<meta property=\"og:image:width\" content=\"1640\" \/>\n\t<meta property=\"og:image:height\" content=\"624\" \/>\n\t<meta property=\"og:image:type\" content=\"image\/png\" \/>\n<meta name=\"twitter:card\" content=\"summary_large_image\" \/>\n<meta name=\"twitter:label1\" content=\"\uc608\uc0c1 \ub418\ub294 \ud310\ub3c5 \uc2dc\uac04\" \/>\n\t<meta name=\"twitter:data1\" content=\"4\ubd84\" \/>\n<script type=\"application\/ld+json\" class=\"yoast-schema-graph\">{\"@context\":\"https:\/\/schema.org\",\"@graph\":[{\"@type\":\"WebPage\",\"@id\":\"https:\/\/ellyt.eu\/muugitingimused\/\",\"url\":\"https:\/\/ellyt.eu\/muugitingimused\/\",\"name\":\"M\u00fc\u00fcgitingimused - Ellyt\",\"isPartOf\":{\"@id\":\"https:\/\/ellyt.eu\/#website\"},\"datePublished\":\"2020-10-09T10:22:29+00:00\",\"dateModified\":\"2024-06-06T07:32:09+00:00\",\"breadcrumb\":{\"@id\":\"https:\/\/ellyt.eu\/muugitingimused\/#breadcrumb\"},\"inLanguage\":\"ko-KR\",\"potentialAction\":[{\"@type\":\"ReadAction\",\"target\":[\"https:\/\/ellyt.eu\/muugitingimused\/\"]}]},{\"@type\":\"BreadcrumbList\",\"@id\":\"https:\/\/ellyt.eu\/muugitingimused\/#breadcrumb\",\"itemListElement\":[{\"@type\":\"ListItem\",\"position\":1,\"name\":\"Esileht\",\"item\":\"https:\/\/ellyt.eu\/\"},{\"@type\":\"ListItem\",\"position\":2,\"name\":\"M\u00fc\u00fcgitingimused\"}]},{\"@type\":\"WebSite\",\"@id\":\"https:\/\/ellyt.eu\/#website\",\"url\":\"https:\/\/ellyt.eu\/\",\"name\":\"Ellyt\",\"description\":\"Ellyt E-Pood\",\"publisher\":{\"@id\":\"https:\/\/ellyt.eu\/#organization\"},\"potentialAction\":[{\"@type\":\"SearchAction\",\"target\":{\"@type\":\"EntryPoint\",\"urlTemplate\":\"https:\/\/ellyt.eu\/?s={search_term_string}\"},\"query-input\":{\"@type\":\"PropertyValueSpecification\",\"valueRequired\":true,\"valueName\":\"search_term_string\"}}],\"inLanguage\":\"ko-KR\"},{\"@type\":\"Organization\",\"@id\":\"https:\/\/ellyt.eu\/#organization\",\"name\":\"MySnack\",\"url\":\"https:\/\/ellyt.eu\/\",\"logo\":{\"@type\":\"ImageObject\",\"inLanguage\":\"ko-KR\",\"@id\":\"https:\/\/ellyt.eu\/#\/schema\/logo\/image\/\",\"url\":\"https:\/\/mysnack.shop\/wp-content\/uploads\/2023\/09\/MySnack_logo.png\",\"contentUrl\":\"https:\/\/mysnack.shop\/wp-content\/uploads\/2023\/09\/MySnack_logo.png\",\"width\":400,\"height\":148,\"caption\":\"MySnack\"},\"image\":{\"@id\":\"https:\/\/ellyt.eu\/#\/schema\/logo\/image\/\"},\"sameAs\":[\"https:\/\/www.facebook.com\/MySnack.ee\/\",\"https:\/\/www.instagram.com\/mysnack_eesti\/\"]}]}<\/script>\n<!-- \/ Yoast SEO plugin. -->","yoast_head_json":{"title":"M\u00fc\u00fcgitingimused - Ellyt","robots":{"index":"index","follow":"follow","max-snippet":"max-snippet:-1","max-image-preview":"max-image-preview:large","max-video-preview":"max-video-preview:-1"},"canonical":"https:\/\/ellyt.eu\/ko\/muugitingimused\/","og_locale":"ko_KR","og_type":"article","og_title":"M\u00fc\u00fcgitingimused - Ellyt","og_url":"https:\/\/ellyt.eu\/ko\/muugitingimused\/","og_site_name":"Ellyt","article_publisher":"https:\/\/www.facebook.com\/MySnack.ee\/","article_modified_time":"2024-06-06T07:32:09+00:00","og_image":[{"width":1640,"height":624,"url":"https:\/\/ellyt.eu\/wp-content\/uploads\/2024\/11\/Facebook-cover-pic-.png","type":"image\/png"}],"twitter_card":"summary_large_image","twitter_misc":{"\uc608\uc0c1 \ub418\ub294 \ud310\ub3c5 \uc2dc\uac04":"4\ubd84"},"schema":{"@context":"https:\/\/schema.org","@graph":[{"@type":"WebPage","@id":"https:\/\/ellyt.eu\/muugitingimused\/","url":"https:\/\/ellyt.eu\/muugitingimused\/","name":"M\u00fc\u00fcgitingimused - Ellyt","isPartOf":{"@id":"https:\/\/ellyt.eu\/#website"},"datePublished":"2020-10-09T10:22:29+00:00","dateModified":"2024-06-06T07:32:09+00:00","breadcrumb":{"@id":"https:\/\/ellyt.eu\/muugitingimused\/#breadcrumb"},"inLanguage":"ko-KR","potentialAction":[{"@type":"ReadAction","target":["https:\/\/ellyt.eu\/muugitingimused\/"]}]},{"@type":"BreadcrumbList","@id":"https:\/\/ellyt.eu\/muugitingimused\/#breadcrumb","itemListElement":[{"@type":"ListItem","position":1,"name":"Esileht","item":"https:\/\/ellyt.eu\/"},{"@type":"ListItem","position":2,"name":"M\u00fc\u00fcgitingimused"}]},{"@type":"WebSite","@id":"https:\/\/ellyt.eu\/#website","url":"https:\/\/ellyt.eu\/","name":"\uc5d8\ub9ac","description":"\uc5d8\ub9ac\ud2b8 \uc628\ub77c\uc778 \uc1fc\ud551\ubab0","publisher":{"@id":"https:\/\/ellyt.eu\/#organization"},"potentialAction":[{"@type":"SearchAction","target":{"@type":"EntryPoint","urlTemplate":"https:\/\/ellyt.eu\/?s={search_term_string}"},"query-input":{"@type":"PropertyValueSpecification","valueRequired":true,"valueName":"search_term_string"}}],"inLanguage":"ko-KR"},{"@type":"Organization","@id":"https:\/\/ellyt.eu\/#organization","name":"\ub9c8\uc774\uc2a4\ub0b5","url":"https:\/\/ellyt.eu\/","logo":{"@type":"ImageObject","inLanguage":"ko-KR","@id":"https:\/\/ellyt.eu\/#\/schema\/logo\/image\/","url":"https:\/\/mysnack.shop\/wp-content\/uploads\/2023\/09\/MySnack_logo.png","contentUrl":"https:\/\/mysnack.shop\/wp-content\/uploads\/2023\/09\/MySnack_logo.png","width":400,"height":148,"caption":"MySnack"},"image":{"@id":"https:\/\/ellyt.eu\/#\/schema\/logo\/image\/"},"sameAs":["https:\/\/www.facebook.com\/MySnack.ee\/","https:\/\/www.instagram.com\/mysnack_eesti\/"]}]}},"_links":{"self":[{"href":"https:\/\/ellyt.eu\/ko\/wp-json\/wp\/v2\/pages\/1126","targetHints":{"allow":["GET"]}}],"collection":[{"href":"https:\/\/ellyt.eu\/ko\/wp-json\/wp\/v2\/pages"}],"about":[{"href":"https:\/\/ellyt.eu\/ko\/wp-json\/wp\/v2\/types\/page"}],"author":[{"embeddable":true,"href":"https:\/\/ellyt.eu\/ko\/wp-json\/wp\/v2\/users\/3"}],"replies":[{"embeddable":true,"href":"https:\/\/ellyt.eu\/ko\/wp-json\/wp\/v2\/comments?post=1126"}],"version-history":[{"count":2,"href":"https:\/\/ellyt.eu\/ko\/wp-json\/wp\/v2\/pages\/1126\/revisions"}],"predecessor-version":[{"id":23190,"href":"https:\/\/ellyt.eu\/ko\/wp-json\/wp\/v2\/pages\/1126\/revisions\/23190"}],"wp:attachment":[{"href":"https:\/\/ellyt.eu\/ko\/wp-json\/wp\/v2\/media?parent=1126"}],"curies":[{"name":"wp","href":"https:\/\/api.w.org\/{rel}","templated":true}]}}