{"id":18582,"date":"2023-09-14T13:40:37","date_gmt":"2023-09-14T10:40:37","guid":{"rendered":"https:\/\/mysnack.ee\/?page_id=18582"},"modified":"2025-12-02T16:31:19","modified_gmt":"2025-12-02T14:31:19","slug":"kampaaniatingimused","status":"publish","type":"page","link":"https:\/\/ellyt.eu\/ko\/kampaaniatingimused\/","title":{"rendered":"\ud504\ub85c\ubaa8\uc158 \uc57d\uad00"},"content":{"rendered":"<h3>Vietnami reisikampaania 2025<\/h3>\n<ol>\n<li>Kampaania korraldab ja viib l\u00e4bi <strong>\ud504\ub9ac\ubbf8\uc5c4 \ube0c\ub79c\ub4dc O\u00dc<\/strong> ( Siduri 9, Tallinn 11313; edaspidi korraldaja).<\/li>\n<li>Kampaania viiakse l\u00e4bi\u00a0<strong>MySnack e-poes\u00a0ja\u00a0toodete edasim\u00fc\u00fcjate<\/strong> kauplustes Eestis ja Soomes.<\/li>\n<li>Kampaania periood <strong>01.09.2025-15.12.2025 k.a. Pikendatud kampaania periood. Uus periood 1.09.2025 &#8211; 31.01.2026<\/strong><\/li>\n<li>Kampaanias v\u00f5ivad osaleda k\u00f5ik alates 14-aastased kliendid, kes ei ole Premium Brands O\u00dc t\u00f6\u00f6tajad ega nende perekonnaliikmed. Juhul, kui peaauhinna reisi Vietnamisse v\u00f5idab alla 18-aastane osaleja, siis on ta kohustatud auhinna edasi kinkima m\u00f5nele v\u00e4hemalt 18-aastasele isikule.<\/li>\n<li><strong>Kampaanias osalemiseks<\/strong> tuleb osta MySnack tooteid (edaspidi kampaaniatoode), skanneerida tootelt QR-kood ja registreeruda koos ostut\u0161eki numbri sisestamisega kampaanias osalejaks.<\/li>\n<li>Mitme kampaaniatoote ostul loetakse ost \u00fcheks ja klient osaleb loosikampaanias \u00fchekordse registreerimisega.<\/li>\n<li>Kampaanias osaleja e-maili aadress\u00a0<strong>lisatakse MySnack uudiskirja<\/strong> saajate nimekirja, millest on v\u00f5imalik osalejal igal ajal lahkuda \u201cUnsubscribe\u201d lingiga.<\/li>\n<li>Kampaania Korraldaja\u00a0<strong>loosib k\u00f5igi registreerujate vahel igal n\u00e4dalal v\u00e4lja 1 kasti MySnack tooteid, 1 kord kuus 1tk sn\u00e4kikrediiti 100\u20ac v\u00e4\u00e4rtuses ja peale kampaania l\u00f5ppu peaauhinna, milleks on tasuta 10-p\u00e4evane reis Vietnamisse koos MySnack meeskonnaga. <\/strong><\/li>\n<li><strong>MySnack toodete loosimised toimuvad <\/strong>iga n\u00e4dala esmasp\u00e4eval eelmise n\u00e4dala kampaaniaga liitujate vahel. 100\u20ac sn\u00e4kikrediidi auhinna loosimised toimuvad iga kuu esimesel teisip\u00e4eval eelmisel kuul kampaaniaga liitujate vahel. Peaauhind reis Vietnamisse loositakse v\u00e4lja perioodil 31.01.2026-07.02.2026.<\/li>\n<li>Peaauhind reis Vietnamisse on planeeritud m\u00e4rtsis 2026. Korraldajal on \u00f5igus muuta reisi perioodi kuup\u00e4evi kokkuleppel v\u00f5itjaga, tingimusel, et muudatus ei v\u00e4henda auhinna sisu ega v\u00e4\u00e4rtust.<\/li>\n<li>MySnack toodete k\u00e4ttesaamiseks ja sn\u00e4kikrediidi kasutamiseks edastatakse v\u00f5itjale e-kirja teel unikaalne kood, mida saab \u00fchekordselt kasutada Korraldaja e-poes www.mysnack.shop.<br \/>\nKui sn\u00e4kikrediidi auhinna tellimuse summa \u00fcletab 100\u20ac, tasub V\u00f5itja \u00fcletava osa tellimuse vormistamisel. Peaauhinna v\u00f5itjaga v\u00f5tab Korraldaja e-kirja teel \u00fchendust ja lepib personaalselt k\u00f5ik reisiga seonduvad asjaolud kokku.<\/li>\n<li>Auhindu ei vahetata \u00fcmber rahaks ega asendata m\u00f5ne muu esemega.<\/li>\n<li>V\u00f5itjaid teavitatakse kampaania registreerimisel j\u00e4etud meiliaadressi kaudu. V\u00f5itjate eesnimi ja perekonnanime esit\u00e4ht on n\u00e4htav ka MySnack kampaaniatingituste lehel kuni 28.02.2026.<\/li>\n<li>Auhindade \u00fcleandmine toimub v\u00f5itja ja kampaania Korraldaja vahelisel kokkuleppel. V\u00f5itjatel peab olema auhinna realiseerimiseks Korraldajale ette n\u00e4idata MySnack toodetega ostut\u0161ekk v\u00f5i e-poe tellimuse kinnituskood.<\/li>\n<li>Kampaania l\u00e4biviimise kord on kehtestatud kampaania Korraldaja poolt k\u00e4esolevates tingimustes. K\u00f5ik kampaania Korraldaja otsused kampaania l\u00e4biviimisel on l\u00f5plikud ning k\u00f5igile kampaanias osalejatele kohustuslikud.<\/li>\n<li>Kampaanias osalemisega loetakse, et kampaanias osaleja n\u00f5ustub enda isikuandmete t\u00f6\u00f6tlemisega kampaania raames. Isikuandmete t\u00f6\u00f6tlemisel l\u00e4htub kampaania korraldaja Eesti Vabariigi \u00f5igusaktides s\u00e4testatust.<\/li>\n<li>Vietnami reisi v\u00f5itja n\u00f5ustub, et Korraldaja v\u00f5ib reisil temast teha fotosid ja videosid ning kasutada neid turunduslikel eesm\u00e4rkidel (sh kodulehel ja sotsiaalmeedias) ilma t\u00e4iendava tasu ja ajapiiranguta, koosk\u00f5las kehtivate andmekaitsen\u00f5uetega.<\/li>\n<li>Reisi v\u00f5itja on kohustatud enne reisi vormistama kehtiva tervisekindlustuse omal kulul. Korraldaja ei vastuta reisil toimuda v\u00f5ivate \u00f5nnetuste, tervisekahjustuste, varalise kahju ega muude etten\u00e4gematute juhtumite eest.<\/li>\n<li>K\u00f5ikide kampaaniaga seotud k\u00fcsimuste korral v\u00f5ta palun \u00fchendust aadressil: marketing@premiumbrands.ee v\u00f5i sales@premiumbrands.ee<\/li>\n<li><span style=\"font-size: revert; font-family: var(--wd-text-font); font-style: var(--wd-text-font-style);\">Korraldajal on \u00f5igus kampaania \u00fchepoolselt ennet\u00e4htaegselt l\u00f5petada, j\u00e4tta auhinnad v\u00e4lja loosimata ja\/v\u00f5i v\u00f5itjatele \u00fcle andmata, teatades sellest koheselt kampaanias osalejaid kodulehe vahendusel v\u00f5i m\u00f5nel teisel kohasel viisil.<\/span><\/li>\n<\/ol>\n<h4>Kampaania vaheauhindade v\u00f5itjad &#8211; v\u00f5itjatega v\u00f5etakse ka personaalselt e-maili teel \u00fchendust.<\/h4>\n<p><strong>Septembrikuu hernesn\u00e4ki kasti v\u00f5itjad:<\/strong><\/p>\n<ol>\n<li>K\u00fclli M.<\/li>\n<li>Eeva S.<\/li>\n<li>Kristi J.<\/li>\n<li>Anne M.<\/li>\n<\/ol>\n<p><strong>Septembrikuu 100\u20ac sn\u00e4kikrediidi v\u00f5itja:<\/strong><\/p>\n<hr \/>\n<h3>Loosikampaania \u201c100\u20ac sn\u00e4kikrediiti\u201d<\/h3>\n<ol>\n<li>Kampaania korraldab ja viib l\u00e4bi Premium Brands O\u00dc ( Siduri 9, Tallinn 11313; edaspidi korraldaja).<\/li>\n<li>Kampaania viiakse l\u00e4bi\u00a0<strong>MySnack e-poes\u00a0<\/strong>\uadf8\ub9ac\uace0\u00a0<strong>toodete edasim\u00fc\u00fcjate <\/strong>kauplustes Eestis, L\u00e4tis, Leedus ja Soomes.<\/li>\n<li>Kampaania periood\u00a0<strong>15.05.2023-31.12.2025 k.a.<\/strong><\/li>\n<li>Kampaanias v\u00f5ivad osaleda k\u00f5ik alates 14-aastased kliendid, kes ei ole Premium Brands O\u00dc t\u00f6\u00f6tajad ega nende perekonnaliikmed.<\/li>\n<li><strong>Kampaanias osalemiseks<\/strong> tuleb osta MySnack tooteid (edaspidi kampaaniatoode), skanneerida tootelt QR-kood ja registreeruda kampaanias osalejaks.<\/li>\n<li>Mitme kampaaniatoote ostul loetakse ost \u00fcheks ja klient osaleb loosikampaanias \u00fchekordse registreerimisega.<\/li>\n<li>Kampaanias osaleja e-maili aadress\u00a0<strong>lisatakse MySnack \u201cHea maitse\u201d infokirja<\/strong> saajate listi, millest on osalejal v\u00f5imalik igal ajal lahkuda \u201cUnsubscribe\u201d lingiga.<\/li>\n<li>Kampaania Korraldaja\u00a0<strong>loosib<\/strong>\u00a0k\u00f5igi registreerujate vahel\u00a0iga kuu 1 tk sn\u00e4kikrediiti 100 \u20ac v\u00e4\u00e4rtuses.<\/li>\n<li>Sn\u00e4ckikrediidi kasutamiseks edastatakse v\u00f5itjale unikaalne kood, mida saab \u00fchekordselt kasutada Korraldaja e-poes www.mysnack.shop.<br \/>\nKui tellimuse summa \u00fcletab 100\u20ac, tasub V\u00f5itja \u00fcletava osa tellimuse vormistamisel.<\/li>\n<li>Auhindu ei vahetata \u00fcmber rahaks ega asendata m\u00f5ne muu esemega.<\/li>\n<li>Auhinna\u00a0<strong>loosimised toimuvad<\/strong>\u00a0iga kuu esimesel teisip\u00e4eval eelmise kuu kampaanias osalejate vahel.<\/li>\n<li>V\u00f5itjaid teavitatakse kampaania registreerimisel j\u00e4etud meiliaadressi kaudu. V\u00f5itjate eesnimi ja perekonnanime esit\u00e4ht on n\u00e4htav ka MySnack kampaaniatingituste lehel kuni 31.01.2024<\/li>\n<li>Auhindade \u00fcleandmine toimub v\u00f5itja ja kampaania Korraldaja vahelisel kokkuleppel.<\/li>\n<li>Kampaania l\u00e4biviimise kord on kehtestatud kampaania Korraldaja poolt k\u00e4esolevates tingimustes. K\u00f5ik kampaania Korraldaja otsused kampaania l\u00e4biviimisel on l\u00f5plikud ning k\u00f5igile kampaanias osalejatele kohustuslikud.<\/li>\n<li>Kampaanias osalemisega loetakse, et kampaanias osaleja n\u00f5ustub enda isikuandmete t\u00f6\u00f6tlemisega kampaania raames. Isikuandmete t\u00f6\u00f6tlemisel l\u00e4htub kampaania korraldaja Eesti Vabariigi \u00f5igusaktides s\u00e4testatust.<\/li>\n<li>K\u00f5ikide kampaaniaga seotud k\u00fcsimuste korral v\u00f5ta palun \u00fchendust aadressil marketing@premiumbrands.ee.<\/li>\n<\/ol>\n<p>Korraldajal on \u00f5igus kampaania \u00fchepoolselt ennet\u00e4htaegselt l\u00f5petada, j\u00e4tta auhinnad v\u00e4lja loosimata ja\/v\u00f5i v\u00f5itjatele \u00fcle andmata, teatades sellest koheselt kampaanias osalejaid kodulehe vahendusel v\u00f5i m\u00f5nel teisel kohasel viisil.<\/p>\n<h4>Kampaania v\u00f5itjad (v\u00f5itjatega v\u00f5etakse \u00fchendust):<\/h4>\n<p>Maikuu sn\u00e4kikrediidi v\u00f5itja on Villem<br \/>\nJuunikuu sn\u00e4kikrediidi v\u00f5itja on Kati (katiar\u2026@gmail.com)<br \/>\nJuulikuu sn\u00e4kikrediidi v\u00f5itja on Eha (ehak\u2026.@gmail.com)<br \/>\nOktoobrikuu sn\u00e4kikrediidi v\u00f5itja on Elisabeth (elis\u2026.@gmail.com)<br \/>\nNovembrikuu sn\u00e4kikrediidi v\u00f5itja on G\u00e4tlin (g\u00e4tl\u2026.@gmail.com)<br \/>\nDetsembrikuu 2024 sn\u00e4kikrediidi v\u00f5itja on Martin (matu&#8230;@gmail.com)<br \/>\nJaanuarikuu 2025 sn\u00e4kikrediidi v\u00f5itja on Joosep (joos&#8230;@gmail.com)<br \/>\nVeebruarikuu 2025 sn\u00e4kikrediidi v\u00f5itja on Hugo (hug&#8230;@gmail.com)<br \/>\nM\u00e4rtsikuu 2025 sn\u00e4kikrediidi v\u00f5itja on Ly (lym&#8230;@gmail.com)<br \/>\nAprillikuu 2025 sn\u00e4kikrediidi v\u00f5itja on Aino (aino&#8230;@gmail.com)<br \/>\nMaikuu 2025 sn\u00e4kikrediidi v\u00f5itja on Mihkel (mihk&#8230;@gmail.com)<\/p>\n<hr \/>\n<h3>Grossi Toidupoed \u201cKingiloos\u201d<\/h3>\n<ol>\n<li>Kampaania korraldab ja viib l\u00e4bi Premium Brands O\u00dc ( Siduri 9, Tallinn 11313; edaspidi korraldaja).<\/li>\n<li>Kampaania viiakse l\u00e4bi\u00a0<strong>Grossi Toidukaubad<\/strong> kauplustes \u00fcle Eesti.<\/li>\n<li>Kampaania periood\u00a0<strong>14.04.2023-11.05.2023 k.a.<\/strong><\/li>\n<li>Kampaanias v\u00f5ivad osaleda k\u00f5ik alates 14-aastased kliendid, kes ei ole Premium Brands O\u00dc t\u00f6\u00f6tajad ega nende perekonnaliikmed.<\/li>\n<li><strong>Kampaanias osalemiseks<\/strong> tuleb Grossi Toidupoed kauplustest osta Tao Kae Noi Tempura Originaal merevetikat (edaspidi kampaaniatoode), skanneerida QR-kood kaupluse kampaania plakatilt ja registreeruda kampaanias osalejaks.<\/li>\n<li>Mitme kampaaniatoote ostul loetakse ost \u00fcheks ja klient osaleb loosikampaanias \u00fchekordse registreerimisega.<\/li>\n<li>Kampaania Korraldaja\u00a0<strong>loosib<\/strong> k\u00f5igi registreerujate vahel igal n\u00e4dalal (4 n\u00e4dala jooksul) v\u00e4lja \u00fche kinkekoti* v\u00e4\u00e4rtuses v\u00e4hemalt 50\u20ac.<\/li>\n<li>Auhindu ei vahetata \u00fcmber rahaks ega asendata m\u00f5ne muu esemega.<\/li>\n<li>Auhinna\u00a0<strong>loosimised toimuvad<\/strong>: 20.04; 27.04; 04.05; 12.05.2023.<\/li>\n<li>V\u00f5itjaid teavitatakse kampaania registreerimisel j\u00e4etud meiliaadressi kaudu. V\u00f5itjate eesnimi ja perekonnanime esit\u00e4ht on n\u00e4htav ka MySnack kampaaniatingituste lehel kuni 16.06.2023.<\/li>\n<li>Auhindade \u00fcleandmine toimub v\u00f5itja ja kampaania Korraldaja vahelisel kokkuleppel.<\/li>\n<li>Kampaania l\u00e4biviimise kord on kehtestatud kampaania Korraldaja poolt k\u00e4esolevates tingimustes. K\u00f5ik kampaania Korraldaja otsused kampaania l\u00e4biviimisel on l\u00f5plikud ning k\u00f5igile kampaanias osalejatele kohustuslikud.<\/li>\n<li>Kampaanias osalemisega loetakse, et kampaanias osaleja n\u00f5ustub enda isikuandmete t\u00f6\u00f6tlemisega kampaania raames. Isikuandmete t\u00f6\u00f6tlemisel l\u00e4htub kampaania korraldaja Eesti Vabariigi \u00f5igusaktides s\u00e4testatust.<\/li>\n<li>K\u00f5ikide kampaaniaga seotud k\u00fcsimuste korral v\u00f5ta palun \u00fchendust aadressil marketing@mysnack.ee.<\/li>\n<li>Korraldajal on \u00f5igus kampaania \u00fchepoolselt ennet\u00e4htaegselt l\u00f5petada, j\u00e4tta auhinnad v\u00e4lja loosimata ja\/v\u00f5i v\u00f5itjatele \u00fcle andmata, teatades sellest koheselt kampaanias osalejaid kodulehe vahendusel v\u00f5i m\u00f5nel teisel kohasel viisil.<\/li>\n<\/ol>\n<p><em>*Kinkekott sisaldab mh erinevaid\u00a0toiduaineid ja tarbeesemeid, mis v\u00f5ivad erineda samav\u00e4\u00e4rse toote raames.<\/em><\/p>\n<h4>Kampaania v\u00f5itjad<\/h4>\n<p>20.04.2023 kampaania v\u00f5itja on Mari-Liis M.<br \/>\n27.04.2023 kampaania v\u00f5itja on Martin H.<br \/>\n04.05.2023 kampaania v\u00f5itja on Katja Jekaterina<br \/>\n11.05.2023 kampaania v\u00f5itja on Helena L.<\/p>\n<p>V\u00f5itjatega v\u00f5etakse \u00fchendust e-kirja teel.<\/p>\n<hr \/>\n<h4>Sooduskoodid ja sooduskoodiga kupongid<\/h4>\n<ol>\n<li>Sooduskoodiga kupongid kehtivad 2 n\u00e4dalat* peale sooduskoodi saamist kui ei ole m\u00e4rgitud teisiti.<\/li>\n<li>Sooduskoodi ei saa summerida m\u00f5ne teise sooduskoodiga.<\/li>\n<li>Sooduskood ei kehti allahinnatud toodetele.<\/li>\n<li>Sooduskood ei kehti kinkekarpidele ja \u0161okolaadi vahuveinidele.<\/li>\n<\/ol>\n<p>Muude sooduskupongidega seoses tekkivate k\u00fcsimuste osas palun v\u00f5ta \u00fchendust: marketing@mysnack.ee.<\/p>\n<p>*Kalev Spa Perep\u00e4eval (11.-12.03.2023) jagataval sooduskupongil m\u00e4rgitud soodustus kehtib kuni 30.06.2023.<\/p>","protected":false},"excerpt":{"rendered":"<p>Vietnami reisikampaania 2025 Kampaania korraldab ja viib l\u00e4bi Premium Brands O\u00dc ( Siduri 9, Tallinn 11313; edaspidi korraldaja). Kampaania viiakse<\/p>","protected":false},"author":4286,"featured_media":0,"parent":0,"menu_order":0,"comment_status":"closed","ping_status":"closed","template":"","meta":{"inline_featured_image":false,"footnotes":""},"class_list":["post-18582","page","type-page","status-publish","hentry"],"yoast_head":"<!-- This site is optimized with the Yoast SEO plugin v27.1.1 - https:\/\/yoast.com\/product\/yoast-seo-wordpress\/ -->\n<title>Kampaaniatingimused - Ellyt<\/title>\n<meta name=\"robots\" content=\"index, follow, max-snippet:-1, max-image-preview:large, max-video-preview:-1\" \/>\n<link rel=\"canonical\" href=\"https:\/\/ellyt.eu\/ko\/kampaaniatingimused\/\" \/>\n<meta property=\"og:locale\" content=\"ko_KR\" \/>\n<meta property=\"og:type\" content=\"article\" \/>\n<meta property=\"og:title\" content=\"Kampaaniatingimused - Ellyt\" \/>\n<meta property=\"og:description\" content=\"Vietnami reisikampaania 2025 Kampaania korraldab ja viib l\u00e4bi Premium Brands O\u00dc ( Siduri 9, Tallinn 11313; edaspidi korraldaja). Kampaania viiakse\" \/>\n<meta property=\"og:url\" content=\"https:\/\/ellyt.eu\/ko\/kampaaniatingimused\/\" \/>\n<meta property=\"og:site_name\" content=\"Ellyt\" \/>\n<meta property=\"article:publisher\" content=\"https:\/\/www.facebook.com\/MySnack.ee\/\" \/>\n<meta property=\"article:modified_time\" content=\"2025-12-02T14:31:19+00:00\" \/>\n<meta property=\"og:image\" content=\"https:\/\/ellyt.eu\/wp-content\/uploads\/2024\/11\/Facebook-cover-pic-.png\" \/>\n\t<meta property=\"og:image:width\" content=\"1640\" \/>\n\t<meta property=\"og:image:height\" content=\"624\" \/>\n\t<meta property=\"og:image:type\" content=\"image\/png\" \/>\n<meta name=\"twitter:card\" content=\"summary_large_image\" \/>\n<meta name=\"twitter:label1\" content=\"\uc608\uc0c1 \ub418\ub294 \ud310\ub3c5 \uc2dc\uac04\" \/>\n\t<meta name=\"twitter:data1\" content=\"7\ubd84\" \/>\n<script type=\"application\/ld+json\" class=\"yoast-schema-graph\">{\"@context\":\"https:\/\/schema.org\",\"@graph\":[{\"@type\":\"WebPage\",\"@id\":\"https:\/\/ellyt.eu\/kampaaniatingimused\/\",\"url\":\"https:\/\/ellyt.eu\/kampaaniatingimused\/\",\"name\":\"Kampaaniatingimused - Ellyt\",\"isPartOf\":{\"@id\":\"https:\/\/ellyt.eu\/#website\"},\"datePublished\":\"2023-09-14T10:40:37+00:00\",\"dateModified\":\"2025-12-02T14:31:19+00:00\",\"breadcrumb\":{\"@id\":\"https:\/\/ellyt.eu\/kampaaniatingimused\/#breadcrumb\"},\"inLanguage\":\"ko-KR\",\"potentialAction\":[{\"@type\":\"ReadAction\",\"target\":[\"https:\/\/ellyt.eu\/kampaaniatingimused\/\"]}]},{\"@type\":\"BreadcrumbList\",\"@id\":\"https:\/\/ellyt.eu\/kampaaniatingimused\/#breadcrumb\",\"itemListElement\":[{\"@type\":\"ListItem\",\"position\":1,\"name\":\"Esileht\",\"item\":\"https:\/\/ellyt.eu\/\"},{\"@type\":\"ListItem\",\"position\":2,\"name\":\"Kampaaniatingimused\"}]},{\"@type\":\"WebSite\",\"@id\":\"https:\/\/ellyt.eu\/#website\",\"url\":\"https:\/\/ellyt.eu\/\",\"name\":\"Ellyt\",\"description\":\"Ellyt E-Pood\",\"publisher\":{\"@id\":\"https:\/\/ellyt.eu\/#organization\"},\"potentialAction\":[{\"@type\":\"SearchAction\",\"target\":{\"@type\":\"EntryPoint\",\"urlTemplate\":\"https:\/\/ellyt.eu\/?s={search_term_string}\"},\"query-input\":{\"@type\":\"PropertyValueSpecification\",\"valueRequired\":true,\"valueName\":\"search_term_string\"}}],\"inLanguage\":\"ko-KR\"},{\"@type\":\"Organization\",\"@id\":\"https:\/\/ellyt.eu\/#organization\",\"name\":\"MySnack\",\"url\":\"https:\/\/ellyt.eu\/\",\"logo\":{\"@type\":\"ImageObject\",\"inLanguage\":\"ko-KR\",\"@id\":\"https:\/\/ellyt.eu\/#\/schema\/logo\/image\/\",\"url\":\"https:\/\/mysnack.shop\/wp-content\/uploads\/2023\/09\/MySnack_logo.png\",\"contentUrl\":\"https:\/\/mysnack.shop\/wp-content\/uploads\/2023\/09\/MySnack_logo.png\",\"width\":400,\"height\":148,\"caption\":\"MySnack\"},\"image\":{\"@id\":\"https:\/\/ellyt.eu\/#\/schema\/logo\/image\/\"},\"sameAs\":[\"https:\/\/www.facebook.com\/MySnack.ee\/\",\"https:\/\/www.instagram.com\/mysnack_eesti\/\"]}]}<\/script>\n<!-- \/ Yoast SEO plugin. -->","yoast_head_json":{"title":"Kampaaniatingimused - Ellyt","robots":{"index":"index","follow":"follow","max-snippet":"max-snippet:-1","max-image-preview":"max-image-preview:large","max-video-preview":"max-video-preview:-1"},"canonical":"https:\/\/ellyt.eu\/ko\/kampaaniatingimused\/","og_locale":"ko_KR","og_type":"article","og_title":"Kampaaniatingimused - Ellyt","og_description":"Vietnami reisikampaania 2025 Kampaania korraldab ja viib l\u00e4bi Premium Brands O\u00dc ( Siduri 9, Tallinn 11313; edaspidi korraldaja). Kampaania viiakse","og_url":"https:\/\/ellyt.eu\/ko\/kampaaniatingimused\/","og_site_name":"Ellyt","article_publisher":"https:\/\/www.facebook.com\/MySnack.ee\/","article_modified_time":"2025-12-02T14:31:19+00:00","og_image":[{"width":1640,"height":624,"url":"https:\/\/ellyt.eu\/wp-content\/uploads\/2024\/11\/Facebook-cover-pic-.png","type":"image\/png"}],"twitter_card":"summary_large_image","twitter_misc":{"\uc608\uc0c1 \ub418\ub294 \ud310\ub3c5 \uc2dc\uac04":"7\ubd84"},"schema":{"@context":"https:\/\/schema.org","@graph":[{"@type":"WebPage","@id":"https:\/\/ellyt.eu\/kampaaniatingimused\/","url":"https:\/\/ellyt.eu\/kampaaniatingimused\/","name":"Kampaaniatingimused - Ellyt","isPartOf":{"@id":"https:\/\/ellyt.eu\/#website"},"datePublished":"2023-09-14T10:40:37+00:00","dateModified":"2025-12-02T14:31:19+00:00","breadcrumb":{"@id":"https:\/\/ellyt.eu\/kampaaniatingimused\/#breadcrumb"},"inLanguage":"ko-KR","potentialAction":[{"@type":"ReadAction","target":["https:\/\/ellyt.eu\/kampaaniatingimused\/"]}]},{"@type":"BreadcrumbList","@id":"https:\/\/ellyt.eu\/kampaaniatingimused\/#breadcrumb","itemListElement":[{"@type":"ListItem","position":1,"name":"Esileht","item":"https:\/\/ellyt.eu\/"},{"@type":"ListItem","position":2,"name":"Kampaaniatingimused"}]},{"@type":"WebSite","@id":"https:\/\/ellyt.eu\/#website","url":"https:\/\/ellyt.eu\/","name":"\uc5d8\ub9ac","description":"\uc5d8\ub9ac\ud2b8 \uc628\ub77c\uc778 \uc1fc\ud551\ubab0","publisher":{"@id":"https:\/\/ellyt.eu\/#organization"},"potentialAction":[{"@type":"SearchAction","target":{"@type":"EntryPoint","urlTemplate":"https:\/\/ellyt.eu\/?s={search_term_string}"},"query-input":{"@type":"PropertyValueSpecification","valueRequired":true,"valueName":"search_term_string"}}],"inLanguage":"ko-KR"},{"@type":"Organization","@id":"https:\/\/ellyt.eu\/#organization","name":"\ub9c8\uc774\uc2a4\ub0b5","url":"https:\/\/ellyt.eu\/","logo":{"@type":"ImageObject","inLanguage":"ko-KR","@id":"https:\/\/ellyt.eu\/#\/schema\/logo\/image\/","url":"https:\/\/mysnack.shop\/wp-content\/uploads\/2023\/09\/MySnack_logo.png","contentUrl":"https:\/\/mysnack.shop\/wp-content\/uploads\/2023\/09\/MySnack_logo.png","width":400,"height":148,"caption":"MySnack"},"image":{"@id":"https:\/\/ellyt.eu\/#\/schema\/logo\/image\/"},"sameAs":["https:\/\/www.facebook.com\/MySnack.ee\/","https:\/\/www.instagram.com\/mysnack_eesti\/"]}]}},"_links":{"self":[{"href":"https:\/\/ellyt.eu\/ko\/wp-json\/wp\/v2\/pages\/18582","targetHints":{"allow":["GET"]}}],"collection":[{"href":"https:\/\/ellyt.eu\/ko\/wp-json\/wp\/v2\/pages"}],"about":[{"href":"https:\/\/ellyt.eu\/ko\/wp-json\/wp\/v2\/types\/page"}],"author":[{"embeddable":true,"href":"https:\/\/ellyt.eu\/ko\/wp-json\/wp\/v2\/users\/4286"}],"replies":[{"embeddable":true,"href":"https:\/\/ellyt.eu\/ko\/wp-json\/wp\/v2\/comments?post=18582"}],"version-history":[{"count":15,"href":"https:\/\/ellyt.eu\/ko\/wp-json\/wp\/v2\/pages\/18582\/revisions"}],"predecessor-version":[{"id":29128,"href":"https:\/\/ellyt.eu\/ko\/wp-json\/wp\/v2\/pages\/18582\/revisions\/29128"}],"wp:attachment":[{"href":"https:\/\/ellyt.eu\/ko\/wp-json\/wp\/v2\/media?parent=18582"}],"curies":[{"name":"wp","href":"https:\/\/api.w.org\/{rel}","templated":true}]}}