{"id":3,"date":"2019-06-26T09:26:03","date_gmt":"2019-06-26T06:26:03","guid":{"rendered":"https:\/\/mysnack.code4u.ee\/?page_id=3"},"modified":"2024-03-21T13:35:47","modified_gmt":"2024-03-21T11:35:47","slug":"privaatsustingimused","status":"publish","type":"page","link":"https:\/\/ellyt.eu\/ko\/privaatsustingimused\/","title":{"rendered":"\uac1c\uc778\uc815\ubcf4 \ubcf4\ud638\uc815\ucc45"},"content":{"rendered":"<div class=\"wpb-content-wrapper\"><div class=\"vc_row wpb_row vc_row-fluid\"><div class=\"wpb_column vc_column_container vc_col-sm-12\"><div class=\"vc_column-inner\"><div class=\"wpb_wrapper\">\n\t<div class=\"wpb_text_column wpb_content_element\" >\n\t\t<div class=\"wpb_wrapper\">\n\t\t\t<h3>PRIVAATSUSTINGIMUSED<\/h3>\n<p style=\"margin-bottom: 8px;\">1. K\u00f5iki www.mysnack.ee k\u00fclastamise ja ostude sooritamise k\u00e4igus teatavaks saanud kliendi isikuandmeid k\u00e4sitletakse kui konfidentsiaalset infot. Premium Brands O\u00dc kohustub mitte avaldama kliendi isikuandmeid kolmandatele osapooltele. Ettev\u00f5te kasutab kliendi personaalseid andmeid tellitud toodete saatmiseks kliendile v\u00f5i tellimusega seotud k\u00fcsimuste korral. Kliendil on \u00f5igus n\u00f5uda oma andmete kustutamist ettev\u00f5tte andmebaasist.<\/p>\n<p style=\"margin-bottom: 8px;\">1.1. Premium Brands O\u00dc ei vastuta tellitud toodete mittesihip\u00e4rasest kasutamisest tekkinud kahjude eest, samuti kohaletoimetamise viivituse eest, kui see on tingitud asjaoludest, mida Premium Brands O\u00dc ei saanud m\u00f5jutada ja\/v\u00f5i mis on tingitud temast mitteolenevast v\u00e4\u00e4ramatust j\u00f5ust (force majore).<\/p>\n<p style=\"margin-bottom: 8px;\">1.2. Premium Brands O\u00dc ei kompenseeri moraalset kahju, mida v\u00f5ib tekitada kliendile tarneaegade, hindade ja muude tingimuste muutmine k\u00e4esolevate tingimuste raames.<\/p>\n<p style=\"margin-bottom: 8px;\">1.3. Premium Brands O\u00dc ei kompenseeri kliendile tarneaegade, hindade ja muude tingimuste muutmise tagaj\u00e4rjena ilmnenud kasutamata j\u00e4\u00e4nud v\u00f5imalusi.<\/p>\n<p style=\"margin-bottom: 8px;\">1.4. K\u00e4esolevate tingimuste t\u00e4itmisest tulenevaid eriarvamusi ja vaidlusi lahendavad pooled eelk\u00f5ige l\u00e4bir\u00e4\u00e4kimiste teel. Kui m\u00fc\u00fcgilepingust tulenevaid vaidlusi ei \u00f5nnestu lahendada poolte l\u00e4bir\u00e4\u00e4kimistega, on kliendil ja\/v\u00f5i Premium Brands O\u00dc-l \u00f5igus p\u00f6\u00f6rduda oma \u00f5iguste kaitseks vastavasse riigiametisse ja\/v\u00f5i kohtusse.<\/p>\n<p>1.5. Kinkekarpide hinnad kodulehel kehvitad maksimaalselt 10 karbi tellimisel.<\/p>\n<p>&nbsp;<\/p>\n<h3>2. KLIENDI ISIKUANDMETE T\u00d6\u00d6TLEMISE P\u00d5HIM\u00d5TTED<\/h3>\n<p style=\"margin-bottom: 8px;\">2.1 Premium brands O\u00dc t\u00f6\u00f6tleb Kliendi esitatud isikuandmeid koosk\u00f5las Euroopa Liidus ja siseriiklikes \u00f5igusaktides kehtestatud n\u00f5uetega.<\/p>\n<p style=\"margin-bottom: 8px;\">2.2 Kliendi isikuandmete vastutav t\u00f6\u00f6tleja on Premium Brands O\u00dc, registrikoodiga 12472885, aadressiga R\u00e4vala pst 19-70, Tallinn, Harjumaa, 10143.<\/p>\n<p style=\"margin-bottom: 8px;\">2.3 T\u00f6\u00f6deldavateks isikuandmeteks on andmed, mis k\u00fcsitakse Kliendilt konto registreerimisel ja\/v\u00f5i Tellimuse vormistamisel ja teostamisel.<\/p>\n<p style=\"margin-bottom: 8px;\">2.4 Premium Brands O\u00dc poolt t\u00f6\u00f6deldavateks isikuandmeteks on:<\/p>\n<p style=\"margin-bottom: 6px; padding-left: 40px;\"><span style=\"font-size: 90%;\">2.4.1 Kliendi ees- ja perekonnanimi, kasutajanimi, kontaktandmed (e-mail, telefoninumber, aadress, arvelduskonto number, kasutaja keel jne);<\/span><\/p>\n<p style=\"margin-bottom: 6px; padding-left: 40px;\"><span style=\"font-size: 90%;\">2.4.2 \u00c4ri\u00fchingu andmed (nimi, aadress, registrikood jne);<\/span><\/p>\n<p style=\"margin-bottom: 6px; padding-left: 40px;\"><span style=\"font-size: 90%;\">2.4.3 Tellimuste ajalugu ja tellimusinfo;<\/span><\/p>\n<p style=\"margin-bottom: 6px; padding-left: 40px;\"><span style=\"font-size: 90%;\">2.4.4 Info kasutatavate teenuste ja kliendirahulolu kohta ning kaebustega seotud andmed;<\/span><\/p>\n<p style=\"margin-bottom: 8px;\">2.5 K\u00f5ik Kliendi poolt edastatud ja Tellimuse teostamiseks vajalikud lisaandmed (v.a delikaatsed isikuandmed), s.h on ettev\u00f5ttel Premium Brands O\u00dc-l \u00f5igus salvestada k\u00f5igi sidevahendite (nt telefoni ja arvutiv\u00f5rgu) teel antud Kliendi korraldused, et tagada Tellimustega seotud vajalikud toimingud (kohaletoimetamise aadress, Tellimuse vastuv\u00f5tja kontaktandmed jne).<\/p>\n<p style=\"margin-bottom: 8px;\">2.6 Lisaks Kliendi poolt avaldatud Isikuandmetele on Premium Brands O\u00dc-l \u00f5igus kontrollida ja vajadusel t\u00e4iendada Kliendi isikuandmeid avalikest allikatest ja muudest \u00f5igusp\u00e4raselt ligip\u00e4\u00e4setavatest allikatest saadavate andmetega.<\/p>\n<p style=\"margin-bottom: 8px;\">2.7 Kliendi isikuandmete t\u00f6\u00f6tlemise p\u00f5hieesm\u00e4rkideks on:<\/p>\n<p style=\"margin-bottom: 6px; padding-left: 40px;\"><span style=\"font-size: 90%;\">2.7.1 Tellimuste vastuv\u00f5tmine (sh Tellimusega seotud info edastamine);<\/span><\/p>\n<p style=\"margin-bottom: 6px; padding-left: 40px;\"><span style=\"font-size: 90%;\">2.7.2 Kliendi ees v\u00f5etud kohustuste t\u00e4itmine oma toodete edastamise ja teenuste osutamise osas;<\/span><\/p>\n<p style=\"margin-bottom: 6px; padding-left: 40px;\"><span style=\"font-size: 90%;\">2.7.3 Toodete k\u00e4ttetoimetamine;<\/span><\/p>\n<p style=\"margin-bottom: 6px; padding-left: 40px;\"><span style=\"font-size: 90%;\">2.7.4 Kliendiga suhtlemine ning talle toodete ja teenuste pakkumiste edastamine;<\/span><\/p>\n<p style=\"margin-bottom: 6px; padding-left: 40px;\"><span style=\"font-size: 90%;\">2.7.5 Kliendi maksekohustuste t\u00e4itmise tagamine;<\/span><\/p>\n<p style=\"margin-bottom: 6px; padding-left: 40px;\"><span style=\"font-size: 90%;\">2.7.6 Kliendibaaside haldamine ja anal\u00fc\u00fcsimine, et parandada teenuste ja toodete k\u00e4ttesaadavust ja kvaliteeti ning teha Kliendile personaalseid pakkumisi;<\/span><\/p>\n<p style=\"margin-bottom: 6px; padding-left: 40px;\"><span style=\"font-size: 90%;\">2.7.7 Kliendirahulolu uuringute teostamine.<\/span><\/p>\n<p style=\"margin-bottom: 8px;\">2.8 Kui Klient on avaldanud soovi saada Premium Brands O\u00dc uudiskirju ja\/v\u00f5i personaalseid pakkumisi, on Kliendil igal ajal \u00f5igus nendest loobuda, saates vastavasisulise teate e-posti aadressile info@premiumbrands.ee.<\/p>\n<p style=\"margin-bottom: 8px;\">2.9 Reklaamiks ja pakkumiseks ei loeta neid teateid, mis on seotud Lepingu t\u00e4itmisega (nt meeldetuletus Lepingust tuleneva kohustuse t\u00e4itmiseks).<\/p>\n<p style=\"margin-bottom: 8px;\">2.10 Premium Brands O\u00dc ei edasta Kliendi isikuandmeid kolmandatele isikutele, v.a:<\/p>\n<p style=\"margin-bottom: 6px; padding-left: 40px;\"><span style=\"font-size: 90%;\">2.10.1 Seaduses etten\u00e4htud juhtudel;<\/span><\/p>\n<p style=\"margin-bottom: 6px; padding-left: 40px;\"><span style=\"font-size: 90%;\">2.10.2. Transporditeenust pakkuvale ettev\u00f5ttele ulatuses, mis on vajalik Toodete Kliendile k\u00e4ttetoimetamiseks;<\/span><\/p>\n<p style=\"margin-bottom: 6px; padding-left: 40px;\"><span style=\"font-size: 90%;\">2.10.3. Makselahendusi pakkuvatele ettev\u00f5tetele ulatuses, mis on vajalik Toodete eest tasumiseks;<\/span><\/p>\n<p style=\"margin-bottom: 6px; padding-left: 40px;\"><span style=\"font-size: 90%;\">2.10.4. V\u00f5lgade sissen\u00f5udmisteenuse osutajad ning makseh\u00e4ireregistrid.<\/span><br \/>\n<span style=\"font-size: 90%;\">Punktis 2.10.2. ja 2.10.3. s\u00e4testatud juhtudel t\u00f6\u00f6deldakse Kliendi isikandmeid Tellimuse t\u00e4itmise otstarbel ning volitatud t\u00f6\u00f6tlejad tagavad sama isikuandmete kaitse nagu Premium Brands O\u00dc.<\/span><\/p>\n<p style=\"margin-bottom: 8px;\">2.11 Premium Brands O\u00dc veebilehtedel kasutatakse k\u00fcpsiseid. K\u00fcpsis on v\u00e4ike tekstifail, mille veebilehitseja automaatselt kliendi poolt kasutatavasse seadmesse salvestab.<\/p>\n<p style=\"margin-bottom: 8px;\">2.12 Kasutame j\u00e4rgmiseid k\u00fcpsiseid:<\/p>\n<p style=\"margin-bottom: 6px; padding-left: 40px;\"><span style=\"font-size: 90%;\">2.12.1 Seansik\u00fcpsised, mille eesm\u00e4rk on v\u00f5imaldada teenuse kasutamist;<\/span><\/p>\n<p style=\"margin-bottom: 6px; padding-left: 40px;\"><span style=\"font-size: 90%;\">2.12.2 P\u00fcsik\u00fcpsised, mille eesm\u00e4rk on pidada meeles kliendi valikuid Premium Brands O\u00dc veebilehtedel;<\/span><\/p>\n<p style=\"margin-bottom: 6px; padding-left: 40px;\"><span style=\"font-size: 90%;\">2.12.3 Esimese ja\/v\u00f5i kolmanda osapoole k\u00fcpsised, mille eesm\u00e4rk on n\u00e4idata kliendile asjakohast reklaami, pakkumisi ja parandada kliendi veebilehe kasutajakogemust;<\/span><\/p>\n<p style=\"margin-bottom: 6px; padding-left: 40px;\"><span style=\"font-size: 90%;\">2.12.4 Kolmanda osapoole anal\u00fc\u00fcsik\u00fcpsised, mille eesm\u00e4rk on turundussuhtluse optimeerimine.<\/span><\/p>\n<p style=\"margin-bottom: 8px;\">2.13 Kasutajal on \u00f5igus keelduda k\u00fcpsiste salvestamisest arvutisse. Vastava soovi korral peab kasutaja muutma oma veebilehitseja seadeid.<\/p>\n<p style=\"margin-bottom: 8px;\">2.14 K\u00fcpsiste blokeerimisel peab kasutaja arvestama, et k\u00f5ik veebilehe funktsioonid ei pruugi enam kasutajale k\u00e4ttesaadavad olla.<\/p>\n<p style=\"margin-bottom: 8px;\">2.15 Premium Brands O\u00dc rakendab k\u00f5iki ettevaatusabin\u00f5usid (nii tehnilised kui ka f\u00fc\u00fcsilised meetmed) Kliendi isikuandmete kaitsmiseks. Juurdep\u00e4\u00e4s andmete muutmiseks ja t\u00f6\u00f6tlemiseks on ainult selleks volitatud isikutel.<\/p>\n<p style=\"margin-bottom: 8px;\">2.16 Iga kasutajakonto omanik vastutab ise oma konto andmete turvalisuse ja \u00f5igsuse eest. Premium Brands O\u00dc ei v\u00f5ta endale vastutust selle eest, kui kasutajakonto andmed j\u00f5uavad konto omaniku kaudu kolmandate isikuteni. Samuti on Premium Brands O\u00dc Kliendil kohustus koheselt teavitada, kui muutub Tellimuse esitamise eest vastutav ja\/v\u00f5i volitatud isik.<\/p>\n<p style=\"margin-bottom: 8px;\">2.17 Premium Brands O\u00dc veebisaite kasutama asudes v\u00f5i veebikeskkondadesse kasutajakontot luues on Klient k\u00e4esolevate p\u00f5him\u00f5tete ja tingimustega tutvunud ning nendega n\u00f5ustunud. Ettev\u00f5te j\u00e4tab endale \u00f5iguse vajadusel privaatsuspoliitika \u00fcldtingimusi muuta, teavitades sellest k\u00f5iki kasutajakontot omavaid Kliente.<\/p>\n<p style=\"margin-bottom: 8px;\">2.18 Kliendil on igal ajal \u00f5igus tutvuda oma isikuandmetega ning n\u00f5uda nende parandamist v\u00f5i kustutamist, v.a juhtudel, kui seadus s\u00e4testab teisiti. Selleks tuleb p\u00f6\u00f6rduda Premium Brands O\u00dc andmekaitsespetsialisti Ellyt Talv poole e-posti aadressil ellyt@premiumbrands.ee. Kliendi p\u00e4ringutele vastatakse 30 kalendrip\u00e4eva jooksul.<\/p>\n<p>2.19 Premium Brands O\u00dc on isikuandmete vastutav to\u0308o\u0308tleja ning edastab maksete teostamiseks vajalikud isikuandmed volitatud to\u0308o\u0308tleja Maksekeskus AS-le.<\/p>\n<p>2.20 Isikuandmete t\u00f6\u00f6tlemine vastavalt t\u00f6\u00f6tlemise eesm\u00e4rgile:<\/p>\n<p><span style=\"font-size: 90%;\">2.20.1 T\u00f6\u00f6tlemise eesm\u00e4rk \u2013 julgeolek ja turvalisus<br \/>\nIsikuandmete s\u00e4ilitamise maksimaalne aeg \u2013 vastavalt seaduses nimetatud t\u00e4htaegadele <\/span><\/p>\n<p><span style=\"font-size: 90%;\">2.20.2 T\u00f6\u00f6tlemise eesm\u00e4rk \u2013 tellimuse t\u00f6\u00f6tlemine<br \/>\nIsikuandmete s\u00e4ilitamise maksimaalne aeg \u2013 5a <\/span><\/p>\n<p><span style=\"font-size: 90%;\">2.20.3 T\u00f6\u00f6tlemise eesm\u00e4rk \u2013 e-poe teenuste toimimise tagamine<br \/>\nIsikuandmete s\u00e4ilitamise maksimaalne aeg \u2013 5a <\/span><\/p>\n<p><span style=\"font-size: 90%;\">2.20.4 T\u00f6\u00f6tlemise eesm\u00e4rk \u2013 kliendihaldus<br \/>\nIsikuandmete s\u00e4ilitamise maksimaalne aeg \u2013 5a <\/span><\/p>\n<p><span style=\"font-size: 90%;\">2.20.5 T\u00f6\u00f6tlemise eesm\u00e4rk \u2013 finantstegevus, raamatupidamine<br \/>\nIsikuandmete s\u00e4ilitamise maksimaalne aeg \u2013 vastavalt seaduses nimetatud t\u00e4htaegadele<br \/>\n<\/span><\/p>\n<p><span style=\"font-size: 90%;\">2.20.6 T\u00f6\u00f6tlemise eesm\u00e4rk \u2013 turundus<br \/>\nIsikuandmete s\u00e4ilitamise maksimaalne aeg \u2013 5a<\/span><\/p>\n\n\t\t<\/div>\n\t<\/div>\n<\/div><\/div><\/div><\/div>\n<\/div>","protected":false},"excerpt":{"rendered":"PRIVAATSUSTINGIMUSED 1. K\u00f5iki www.mysnack.ee k\u00fclastamise ja ostude sooritamise k\u00e4igus teatavaks saanud kliendi isikuandmeid k\u00e4sitletakse kui konfidentsiaalset infot. Premium Brands O\u00dc","protected":false},"author":3,"featured_media":0,"parent":0,"menu_order":0,"comment_status":"closed","ping_status":"closed","template":"","meta":{"inline_featured_image":false,"footnotes":""},"class_list":["post-3","page","type-page","status-publish","hentry"],"yoast_head":"<!-- This site is optimized with the Yoast SEO plugin v27.1.1 - https:\/\/yoast.com\/product\/yoast-seo-wordpress\/ -->\n<title>Privaatsustingimused - Ellyt<\/title>\n<meta name=\"robots\" content=\"index, follow, max-snippet:-1, max-image-preview:large, max-video-preview:-1\" \/>\n<link rel=\"canonical\" href=\"https:\/\/ellyt.eu\/ko\/privaatsustingimused\/\" \/>\n<meta property=\"og:locale\" content=\"ko_KR\" \/>\n<meta property=\"og:type\" content=\"article\" \/>\n<meta property=\"og:title\" content=\"Privaatsustingimused - Ellyt\" \/>\n<meta property=\"og:url\" content=\"https:\/\/ellyt.eu\/ko\/privaatsustingimused\/\" \/>\n<meta property=\"og:site_name\" content=\"Ellyt\" \/>\n<meta property=\"article:publisher\" content=\"https:\/\/www.facebook.com\/MySnack.ee\/\" \/>\n<meta property=\"article:modified_time\" content=\"2024-03-21T11:35:47+00:00\" \/>\n<meta property=\"og:image\" content=\"https:\/\/ellyt.eu\/wp-content\/uploads\/2024\/11\/Facebook-cover-pic-.png\" \/>\n\t<meta property=\"og:image:width\" content=\"1640\" \/>\n\t<meta property=\"og:image:height\" content=\"624\" \/>\n\t<meta property=\"og:image:type\" content=\"image\/png\" \/>\n<meta name=\"twitter:card\" content=\"summary_large_image\" \/>\n<meta name=\"twitter:label1\" content=\"\uc608\uc0c1 \ub418\ub294 \ud310\ub3c5 \uc2dc\uac04\" \/>\n\t<meta name=\"twitter:data1\" content=\"5\ubd84\" \/>\n<script type=\"application\/ld+json\" class=\"yoast-schema-graph\">{\"@context\":\"https:\/\/schema.org\",\"@graph\":[{\"@type\":\"WebPage\",\"@id\":\"https:\/\/ellyt.eu\/privaatsustingimused\/\",\"url\":\"https:\/\/ellyt.eu\/privaatsustingimused\/\",\"name\":\"Privaatsustingimused - Ellyt\",\"isPartOf\":{\"@id\":\"https:\/\/ellyt.eu\/#website\"},\"datePublished\":\"2019-06-26T06:26:03+00:00\",\"dateModified\":\"2024-03-21T11:35:47+00:00\",\"breadcrumb\":{\"@id\":\"https:\/\/ellyt.eu\/privaatsustingimused\/#breadcrumb\"},\"inLanguage\":\"ko-KR\",\"potentialAction\":[{\"@type\":\"ReadAction\",\"target\":[\"https:\/\/ellyt.eu\/privaatsustingimused\/\"]}]},{\"@type\":\"BreadcrumbList\",\"@id\":\"https:\/\/ellyt.eu\/privaatsustingimused\/#breadcrumb\",\"itemListElement\":[{\"@type\":\"ListItem\",\"position\":1,\"name\":\"Esileht\",\"item\":\"https:\/\/ellyt.eu\/\"},{\"@type\":\"ListItem\",\"position\":2,\"name\":\"Privaatsustingimused\"}]},{\"@type\":\"WebSite\",\"@id\":\"https:\/\/ellyt.eu\/#website\",\"url\":\"https:\/\/ellyt.eu\/\",\"name\":\"Ellyt\",\"description\":\"Ellyt E-Pood\",\"publisher\":{\"@id\":\"https:\/\/ellyt.eu\/#organization\"},\"potentialAction\":[{\"@type\":\"SearchAction\",\"target\":{\"@type\":\"EntryPoint\",\"urlTemplate\":\"https:\/\/ellyt.eu\/?s={search_term_string}\"},\"query-input\":{\"@type\":\"PropertyValueSpecification\",\"valueRequired\":true,\"valueName\":\"search_term_string\"}}],\"inLanguage\":\"ko-KR\"},{\"@type\":\"Organization\",\"@id\":\"https:\/\/ellyt.eu\/#organization\",\"name\":\"MySnack\",\"url\":\"https:\/\/ellyt.eu\/\",\"logo\":{\"@type\":\"ImageObject\",\"inLanguage\":\"ko-KR\",\"@id\":\"https:\/\/ellyt.eu\/#\/schema\/logo\/image\/\",\"url\":\"https:\/\/mysnack.shop\/wp-content\/uploads\/2023\/09\/MySnack_logo.png\",\"contentUrl\":\"https:\/\/mysnack.shop\/wp-content\/uploads\/2023\/09\/MySnack_logo.png\",\"width\":400,\"height\":148,\"caption\":\"MySnack\"},\"image\":{\"@id\":\"https:\/\/ellyt.eu\/#\/schema\/logo\/image\/\"},\"sameAs\":[\"https:\/\/www.facebook.com\/MySnack.ee\/\",\"https:\/\/www.instagram.com\/mysnack_eesti\/\"]}]}<\/script>\n<!-- \/ Yoast SEO plugin. -->","yoast_head_json":{"title":"Privaatsustingimused - Ellyt","robots":{"index":"index","follow":"follow","max-snippet":"max-snippet:-1","max-image-preview":"max-image-preview:large","max-video-preview":"max-video-preview:-1"},"canonical":"https:\/\/ellyt.eu\/ko\/privaatsustingimused\/","og_locale":"ko_KR","og_type":"article","og_title":"Privaatsustingimused - Ellyt","og_url":"https:\/\/ellyt.eu\/ko\/privaatsustingimused\/","og_site_name":"Ellyt","article_publisher":"https:\/\/www.facebook.com\/MySnack.ee\/","article_modified_time":"2024-03-21T11:35:47+00:00","og_image":[{"width":1640,"height":624,"url":"https:\/\/ellyt.eu\/wp-content\/uploads\/2024\/11\/Facebook-cover-pic-.png","type":"image\/png"}],"twitter_card":"summary_large_image","twitter_misc":{"\uc608\uc0c1 \ub418\ub294 \ud310\ub3c5 \uc2dc\uac04":"5\ubd84"},"schema":{"@context":"https:\/\/schema.org","@graph":[{"@type":"WebPage","@id":"https:\/\/ellyt.eu\/privaatsustingimused\/","url":"https:\/\/ellyt.eu\/privaatsustingimused\/","name":"Privaatsustingimused - Ellyt","isPartOf":{"@id":"https:\/\/ellyt.eu\/#website"},"datePublished":"2019-06-26T06:26:03+00:00","dateModified":"2024-03-21T11:35:47+00:00","breadcrumb":{"@id":"https:\/\/ellyt.eu\/privaatsustingimused\/#breadcrumb"},"inLanguage":"ko-KR","potentialAction":[{"@type":"ReadAction","target":["https:\/\/ellyt.eu\/privaatsustingimused\/"]}]},{"@type":"BreadcrumbList","@id":"https:\/\/ellyt.eu\/privaatsustingimused\/#breadcrumb","itemListElement":[{"@type":"ListItem","position":1,"name":"Esileht","item":"https:\/\/ellyt.eu\/"},{"@type":"ListItem","position":2,"name":"Privaatsustingimused"}]},{"@type":"WebSite","@id":"https:\/\/ellyt.eu\/#website","url":"https:\/\/ellyt.eu\/","name":"\uc5d8\ub9ac","description":"\uc5d8\ub9ac\ud2b8 \uc628\ub77c\uc778 \uc1fc\ud551\ubab0","publisher":{"@id":"https:\/\/ellyt.eu\/#organization"},"potentialAction":[{"@type":"SearchAction","target":{"@type":"EntryPoint","urlTemplate":"https:\/\/ellyt.eu\/?s={search_term_string}"},"query-input":{"@type":"PropertyValueSpecification","valueRequired":true,"valueName":"search_term_string"}}],"inLanguage":"ko-KR"},{"@type":"Organization","@id":"https:\/\/ellyt.eu\/#organization","name":"\ub9c8\uc774\uc2a4\ub0b5","url":"https:\/\/ellyt.eu\/","logo":{"@type":"ImageObject","inLanguage":"ko-KR","@id":"https:\/\/ellyt.eu\/#\/schema\/logo\/image\/","url":"https:\/\/mysnack.shop\/wp-content\/uploads\/2023\/09\/MySnack_logo.png","contentUrl":"https:\/\/mysnack.shop\/wp-content\/uploads\/2023\/09\/MySnack_logo.png","width":400,"height":148,"caption":"MySnack"},"image":{"@id":"https:\/\/ellyt.eu\/#\/schema\/logo\/image\/"},"sameAs":["https:\/\/www.facebook.com\/MySnack.ee\/","https:\/\/www.instagram.com\/mysnack_eesti\/"]}]}},"_links":{"self":[{"href":"https:\/\/ellyt.eu\/ko\/wp-json\/wp\/v2\/pages\/3","targetHints":{"allow":["GET"]}}],"collection":[{"href":"https:\/\/ellyt.eu\/ko\/wp-json\/wp\/v2\/pages"}],"about":[{"href":"https:\/\/ellyt.eu\/ko\/wp-json\/wp\/v2\/types\/page"}],"author":[{"embeddable":true,"href":"https:\/\/ellyt.eu\/ko\/wp-json\/wp\/v2\/users\/3"}],"replies":[{"embeddable":true,"href":"https:\/\/ellyt.eu\/ko\/wp-json\/wp\/v2\/comments?post=3"}],"version-history":[{"count":1,"href":"https:\/\/ellyt.eu\/ko\/wp-json\/wp\/v2\/pages\/3\/revisions"}],"predecessor-version":[{"id":21888,"href":"https:\/\/ellyt.eu\/ko\/wp-json\/wp\/v2\/pages\/3\/revisions\/21888"}],"wp:attachment":[{"href":"https:\/\/ellyt.eu\/ko\/wp-json\/wp\/v2\/media?parent=3"}],"curies":[{"name":"wp","href":"https:\/\/api.w.org\/{rel}","templated":true}]}}