{"id":10834,"date":"2021-08-13T13:06:08","date_gmt":"2021-08-13T10:06:08","guid":{"rendered":"https:\/\/mysnack.ee\/?post_type=product&#038;p=10834"},"modified":"2025-07-21T18:18:47","modified_gmt":"2025-07-21T15:18:47","slug":"mahe-hernesnakid-meresoolaga","status":"publish","type":"product","link":"https:\/\/ellyt.eu\/ko\/product\/mahe-hernesnakid-meresoolaga\/","title":{"rendered":"\uc720\uae30\ub18d \uc644\ub450\ucf69 \uc2a4\ub0b5 (\ubc14\ub2e4 \uc18c\uae08 \ucca8\uac00) 80g"},"content":{"rendered":"<p><strong>\uc218\ub7c9:<\/strong> 80g<\/p>\n<p><strong>\uc81c\ud488 100g\ub2f9 \ud3c9\uade0 \ud568\uc720\ub7c9:<\/strong><\/p>\n<table>\n<tbody>\n<tr>\n<td>\uc5d0\ub108\uc9c0 \ud568\ub7c9<\/td>\n<td>341kcal \/ 1441kJ<\/td>\n<\/tr>\n<tr>\n<td>\uc9c0\ubc29<\/td>\n<td>4.5\uadf8\ub7a8<\/td>\n<\/tr>\n<tr>\n<td>\u00a0 \u00a0 \uadf8\uc911 \ud3ec\ud654\uc9c0\ubc29\uc0b0<\/td>\n<td>0.4g<\/td>\n<\/tr>\n<tr>\n<td>\ud0c4\uc218\ud654\ubb3c<\/td>\n<td>49.2g<\/td>\n<\/tr>\n<tr>\n<td>\u00a0 \u00a0 \uadf8\uc911 \ub2f9\ub958<\/td>\n<td>2.7g<\/td>\n<\/tr>\n<tr>\n<td>\uc12c\uc720<\/td>\n<td>8.9g<\/td>\n<\/tr>\n<tr>\n<td>\ub2e8\ubc31\uc9c8<\/td>\n<td>21.9g<\/td>\n<\/tr>\n<tr>\n<td>\uc18c\uae08<\/td>\n<td>1.48\uadf8\ub7a8<\/td>\n<\/tr>\n<\/tbody>\n<\/table>\n<div id=\"accel-snackbar\" style=\"left: 50%;top: 50px\"><\/div>","protected":false},"excerpt":{"rendered":"<p>\uc644\ub450\ucf69\uc774 \uc6b0\ub9ac \ubab8\uc5d0 \uac00\uc7a5 \uc27d\uac8c \ud761\uc218\ub418\ub294 \uc2dd\ubb3c\uc131 \ub2e8\ubc31\uc9c8\uc774\ub77c\ub294 \uc0ac\uc2e4\uc744 \uc54c\uace0 \uacc4\uc168\ub098\uc694? \uc644\ub450\ucf69 \uc2a4\ub0b5\uc740 \ub2e8\ubc31\uc9c8 \ud568\ub7c9\uc774 \ub192\uc744 \ubfd0\ub9cc \uc544\ub2c8\ub77c \uc12c\uc720\uc9c8\uacfc \ud56d\uc0b0\ud654 \ubb3c\uc9c8\ub3c4 \ud48d\ubd80\ud558\uc5ec \uc18c\ud654\ub97c \ub3d5\uace0 \uccb4\ub0b4 \ud65c\uc131\uc0b0\uc18c \uc81c\uac70\uc5d0\ub3c4 \ud6a8\uacfc\uc801\uc785\ub2c8\ub2e4.<\/p>\n<p>\uc800\ud76c \uc720\uae30\ub18d \uc644\ub450\ucf69 \uc2a4\ub0b5\uc740 \ubc14\ub2e4 \uc18c\uae08\uc744 \ucca8\uac00\ud558\uc5ec \ub2e8\ubc31\uc9c8 \ud568\ub7c9\uc774 \ub192\uc744 \ubfd0\ub9cc \uc544\ub2c8\ub77c \uce7c\ub85c\ub9ac\ub3c4 \ub0ae\uace0 \uc624\ube10\uc5d0 \uad6c\uc6cc\ub0c8\uc2b5\ub2c8\ub2e4.<\/p>\n<ul>\n<li style=\"list-style-type: none\">\n<ul>\n<li>\ub2e8\ubc31\uc9c8 \ud568\ub7c9\uc774 \ub192\uc2b5\ub2c8\ub2e4. 100g\ub2f9 21.9g<\/li>\n<li>50% \uc800\uc9c0\ubc29*<\/li>\n<li>\ubb34\uc124\ud0d5<\/li>\n<li>\ud280\uae30\uc9c0 \uc54a\uace0 \uad6c\uc6e0\uc2b5\ub2c8\ub2e4<\/li>\n<li>\uae00\ub8e8\ud150 \ud504\ub9ac; \ube44\uac74 \ucc44\uc2dd\uc8fc\uc758\uc790\uc5d0\uac8c \uc801\ud569\ud569\ub2c8\ub2e4<\/li>\n<\/ul>\n<\/li>\n<\/ul>\n<p>\uc774 \uc81c\ud488\uc740 Fitlap.ee \ub2e4\uc774\uc5b4\ud2b8 \ud50c\ub79c\uc5d0\ub3c4 \uc801\ud569\ud569\ub2c8\ub2e4!<\/p>\n<p>\uc6d0\uc7ac\ub8cc: \uc644\ub450\ucf69\uac00\ub8e8*95.51T, \ud574\ubc14\ub77c\uae30\uc720*(\uace0\uc62c\ub808\uc0b0) 31T, \ucc9c\uc77c\uc5fc 1.48T. *\uc720\uae30\ub18d \uc778\uc99d. \uace0\ub2e8\ubc31, \uae00\ub8e8\ud150\ud504\ub9ac, \ube44\uac74 \ucc44\uc2dd\uc8fc\uc758\uc790\uc6a9, \uc9c0\ubc29 501T \uac10\uc18c**, \ubb34\uc124\ud0d5. \uc11c\ub298\ud558\uace0 \uac74\uc870\ud55c \uacf3\uc5d0 \ubcf4\uad00\ud558\uc138\uc694. \uc720\ud1b5\uae30\ud55c: \ud3ec\uc7a5 \ucc38\uc870. \uc54c\ub808\ub974\uae30 \uc720\ubc1c \uc131\ubd84: \uc6b0\uc720, \ub300\ub450 \ud568\uc720 \uac00\ub2a5\uc131 \uc788\uc74c<\/p>\n<p>\ucc9c\uc5f0 \ub2f9\ub958\ub97c \ud568\uc720\ud558\uace0 \uc788\uc2b5\ub2c8\ub2e4.<\/p>\n<p>\uc11c\ub298\ud558\uace0 \uac74\uc870\ud55c \uacf3\uc5d0 \ubcf4\uad00\ud558\uc2ed\uc2dc\uc624.<\/p>\n<p>*\uc77c\ubc18 \uac10\uc790\uce69\uacfc \ube44\uad50\ud588\uc744 \ub54c<\/p>\n<p><a href=\"https:\/\/ellyt.eu\/wp-content\/uploads\/2021\/08\/Fitlap.ee-soovitab.png\"><img loading=\"lazy\" decoding=\"async\" class=\"alignnone wp-image-24887\" src=\"https:\/\/ellyt.eu\/wp-content\/uploads\/2021\/08\/Fitlap.ee-soovitab-300x300.png\" alt=\"\" width=\"125\" height=\"125\" srcset=\"https:\/\/ellyt.eu\/wp-content\/uploads\/2021\/08\/Fitlap.ee-soovitab-300x300.png 300w, https:\/\/ellyt.eu\/wp-content\/uploads\/2021\/08\/Fitlap.ee-soovitab-150x150.png 150w, https:\/\/ellyt.eu\/wp-content\/uploads\/2021\/08\/Fitlap.ee-soovitab-430x430.png 430w, https:\/\/ellyt.eu\/wp-content\/uploads\/2021\/08\/Fitlap.ee-soovitab-700x700.png 700w, https:\/\/ellyt.eu\/wp-content\/uploads\/2021\/08\/Fitlap.ee-soovitab.png 750w\" sizes=\"auto, (max-width: 125px) 100vw, 125px\" \/><\/a><\/p>\n<div id=\"accel-snackbar\" style=\"left: 50%;top: 50px\"><\/div>","protected":false},"featured_media":24817,"template":"","meta":{"inline_featured_image":false},"product_brand":[],"product_cat":[418,172],"product_tag":[],"class_list":{"0":"post-10834","1":"product","2":"type-product","3":"status-publish","4":"has-post-thumbnail","6":"product_cat-hernekropsud","7":"product_cat-soolased-snakid","8":"pa_kogus-kast","9":"pa_kogus-tukk","10":"pa_sisaldab-gluteenivaba","11":"pa_sisaldab-laktoosivaba","12":"pa_sisaldab-mysnacki-farmist","13":"pa_sisaldab-vegan","15":"first","16":"instock","17":"taxable","18":"shipping-taxable","19":"purchasable","20":"product-type-variable","21":"has-default-attributes"},"yoast_head":"<!-- This site is optimized with the Yoast SEO plugin v27.1.1 - https:\/\/yoast.com\/product\/yoast-seo-wordpress\/ -->\n<title>Mahe hernesn\u00e4kid meresoolaga | Patuvabad sn\u00e4kid<\/title>\n<meta name=\"description\" content=\"Ahjus k\u00fcpsetatud mahedamaitselised ja kr\u00f5bedad hernekauna sn\u00e4kid sobivad h\u00e4sti kr\u00f5psu asemel sn\u00e4kkimiseks. Vaata l\u00e4hemalt!\" \/>\n<meta name=\"robots\" content=\"index, follow, max-snippet:-1, max-image-preview:large, max-video-preview:-1\" \/>\n<link rel=\"canonical\" href=\"https:\/\/ellyt.eu\/ko\/\uc81c\ud488\/mahe-hernesnakid-meresoolaga\/\" \/>\n<meta property=\"og:locale\" content=\"ko_KR\" \/>\n<meta property=\"og:type\" content=\"article\" \/>\n<meta property=\"og:title\" content=\"Mahe hernesn\u00e4kid meresoolaga | Patuvabad sn\u00e4kid\" \/>\n<meta property=\"og:description\" content=\"Ahjus k\u00fcpsetatud mahedamaitselised ja kr\u00f5bedad hernekauna sn\u00e4kid sobivad h\u00e4sti kr\u00f5psu asemel sn\u00e4kkimiseks. Vaata l\u00e4hemalt!\" \/>\n<meta property=\"og:url\" content=\"https:\/\/ellyt.eu\/ko\/\uc81c\ud488\/mahe-hernesnakid-meresoolaga\/\" \/>\n<meta property=\"og:site_name\" content=\"Ellyt\" \/>\n<meta property=\"article:publisher\" content=\"https:\/\/www.facebook.com\/MySnack.ee\/\" \/>\n<meta property=\"article:modified_time\" content=\"2025-07-21T15:18:47+00:00\" \/>\n<meta property=\"og:image\" content=\"https:\/\/ellyt.eu\/wp-content\/uploads\/2021\/08\/Hernesnakk-maheda-meresoolaga-1.png\" \/>\n\t<meta property=\"og:image:width\" content=\"1080\" \/>\n\t<meta property=\"og:image:height\" content=\"1080\" \/>\n\t<meta property=\"og:image:type\" content=\"image\/png\" \/>\n<meta name=\"twitter:card\" content=\"summary_large_image\" \/>\n<meta name=\"twitter:label1\" content=\"\uc608\uc0c1 \ub418\ub294 \ud310\ub3c5 \uc2dc\uac04\" \/>\n\t<meta name=\"twitter:data1\" content=\"1\ubd84\" \/>\n<script type=\"application\/ld+json\" class=\"yoast-schema-graph\">{\"@context\":\"https:\/\/schema.org\",\"@graph\":[{\"@type\":\"WebPage\",\"@id\":\"https:\/\/ellyt.eu\/toode\/mahe-hernesnakid-meresoolaga\/\",\"url\":\"https:\/\/ellyt.eu\/toode\/mahe-hernesnakid-meresoolaga\/\",\"name\":\"Mahe hernesn\u00e4kid meresoolaga | Patuvabad sn\u00e4kid\",\"isPartOf\":{\"@id\":\"https:\/\/ellyt.eu\/#website\"},\"primaryImageOfPage\":{\"@id\":\"https:\/\/ellyt.eu\/toode\/mahe-hernesnakid-meresoolaga\/#primaryimage\"},\"image\":{\"@id\":\"https:\/\/ellyt.eu\/toode\/mahe-hernesnakid-meresoolaga\/#primaryimage\"},\"thumbnailUrl\":\"https:\/\/ellyt.eu\/wp-content\/uploads\/2021\/08\/Hernesnakk-maheda-meresoolaga-1.png\",\"datePublished\":\"2021-08-13T10:06:08+00:00\",\"dateModified\":\"2025-07-21T15:18:47+00:00\",\"description\":\"Ahjus k\u00fcpsetatud mahedamaitselised ja kr\u00f5bedad hernekauna sn\u00e4kid sobivad h\u00e4sti kr\u00f5psu asemel sn\u00e4kkimiseks. Vaata l\u00e4hemalt!\",\"breadcrumb\":{\"@id\":\"https:\/\/ellyt.eu\/toode\/mahe-hernesnakid-meresoolaga\/#breadcrumb\"},\"inLanguage\":\"ko-KR\",\"potentialAction\":[{\"@type\":\"ReadAction\",\"target\":[\"https:\/\/ellyt.eu\/toode\/mahe-hernesnakid-meresoolaga\/\"]}]},{\"@type\":\"ImageObject\",\"inLanguage\":\"ko-KR\",\"@id\":\"https:\/\/ellyt.eu\/toode\/mahe-hernesnakid-meresoolaga\/#primaryimage\",\"url\":\"https:\/\/ellyt.eu\/wp-content\/uploads\/2021\/08\/Hernesnakk-maheda-meresoolaga-1.png\",\"contentUrl\":\"https:\/\/ellyt.eu\/wp-content\/uploads\/2021\/08\/Hernesnakk-maheda-meresoolaga-1.png\",\"width\":1080,\"height\":1080,\"caption\":\"Hernesn\u00e4kk maheda meresoolaga\"},{\"@type\":\"BreadcrumbList\",\"@id\":\"https:\/\/ellyt.eu\/toode\/mahe-hernesnakid-meresoolaga\/#breadcrumb\",\"itemListElement\":[{\"@type\":\"ListItem\",\"position\":1,\"name\":\"Esileht\",\"item\":\"https:\/\/ellyt.eu\/\"},{\"@type\":\"ListItem\",\"position\":2,\"name\":\"Pood\",\"item\":\"https:\/\/ellyt.eu\/pood\/\"},{\"@type\":\"ListItem\",\"position\":3,\"name\":\"Mahe hernesn\u00e4kid meresoolaga 80 g\"}]},{\"@type\":\"WebSite\",\"@id\":\"https:\/\/ellyt.eu\/#website\",\"url\":\"https:\/\/ellyt.eu\/\",\"name\":\"Ellyt\",\"description\":\"Ellyt E-Pood\",\"publisher\":{\"@id\":\"https:\/\/ellyt.eu\/#organization\"},\"potentialAction\":[{\"@type\":\"SearchAction\",\"target\":{\"@type\":\"EntryPoint\",\"urlTemplate\":\"https:\/\/ellyt.eu\/?s={search_term_string}\"},\"query-input\":{\"@type\":\"PropertyValueSpecification\",\"valueRequired\":true,\"valueName\":\"search_term_string\"}}],\"inLanguage\":\"ko-KR\"},{\"@type\":\"Organization\",\"@id\":\"https:\/\/ellyt.eu\/#organization\",\"name\":\"MySnack\",\"url\":\"https:\/\/ellyt.eu\/\",\"logo\":{\"@type\":\"ImageObject\",\"inLanguage\":\"ko-KR\",\"@id\":\"https:\/\/ellyt.eu\/#\/schema\/logo\/image\/\",\"url\":\"https:\/\/mysnack.shop\/wp-content\/uploads\/2023\/09\/MySnack_logo.png\",\"contentUrl\":\"https:\/\/mysnack.shop\/wp-content\/uploads\/2023\/09\/MySnack_logo.png\",\"width\":400,\"height\":148,\"caption\":\"MySnack\"},\"image\":{\"@id\":\"https:\/\/ellyt.eu\/#\/schema\/logo\/image\/\"},\"sameAs\":[\"https:\/\/www.facebook.com\/MySnack.ee\/\",\"https:\/\/www.instagram.com\/mysnack_eesti\/\"]}]}<\/script>\n<!-- \/ Yoast SEO plugin. -->","yoast_head_json":{"title":"\uc720\uae30\ub18d \uc644\ub450\ucf69 \uc2a4\ub0b5 (\ubc14\ub2e4 \uc18c\uae08 \ucca8\uac00) | \uc8c4\ucc45\uac10 \uc5c6\uc774 \uc990\uae30\ub294 \uac04\uc2dd","description":"\uc624\ube10\uc5d0 \uad6c\uc6cc \uc740\uc740\ud55c \ub9db\uacfc \ubc14\uc0ad\ud55c \uc2dd\uac10\uc744 \uc790\ub791\ud558\ub294 \uc644\ub450\ucf69 \uaf2c\ud22c\ub9ac \uc2a4\ub0b5\uc740 \uac10\uc790\uce69 \ub300\uc2e0 \uc990\uae30\uae30 \uc88b\uc740 \uac04\uc2dd\uc785\ub2c8\ub2e4. \uc790\uc138\ud788 \uc0b4\ud3b4\ubcf4\uc138\uc694!","robots":{"index":"index","follow":"follow","max-snippet":"max-snippet:-1","max-image-preview":"max-image-preview:large","max-video-preview":"max-video-preview:-1"},"canonical":"https:\/\/ellyt.eu\/ko\/\uc81c\ud488\/mahe-hernesnakid-meresoolaga\/","og_locale":"ko_KR","og_type":"article","og_title":"Mahe hernesn\u00e4kid meresoolaga | Patuvabad sn\u00e4kid","og_description":"Ahjus k\u00fcpsetatud mahedamaitselised ja kr\u00f5bedad hernekauna sn\u00e4kid sobivad h\u00e4sti kr\u00f5psu asemel sn\u00e4kkimiseks. Vaata l\u00e4hemalt!","og_url":"https:\/\/ellyt.eu\/ko\/\uc81c\ud488\/mahe-hernesnakid-meresoolaga\/","og_site_name":"Ellyt","article_publisher":"https:\/\/www.facebook.com\/MySnack.ee\/","article_modified_time":"2025-07-21T15:18:47+00:00","og_image":[{"width":1080,"height":1080,"url":"https:\/\/ellyt.eu\/wp-content\/uploads\/2021\/08\/Hernesnakk-maheda-meresoolaga-1.png","type":"image\/png"}],"twitter_card":"summary_large_image","twitter_misc":{"\uc608\uc0c1 \ub418\ub294 \ud310\ub3c5 \uc2dc\uac04":"1\ubd84"},"schema":{"@context":"https:\/\/schema.org","@graph":[{"@type":"WebPage","@id":"https:\/\/ellyt.eu\/toode\/mahe-hernesnakid-meresoolaga\/","url":"https:\/\/ellyt.eu\/toode\/mahe-hernesnakid-meresoolaga\/","name":"\uc720\uae30\ub18d \uc644\ub450\ucf69 \uc2a4\ub0b5 (\ubc14\ub2e4 \uc18c\uae08 \ucca8\uac00) | \uc8c4\ucc45\uac10 \uc5c6\uc774 \uc990\uae30\ub294 \uac04\uc2dd","isPartOf":{"@id":"https:\/\/ellyt.eu\/#website"},"primaryImageOfPage":{"@id":"https:\/\/ellyt.eu\/toode\/mahe-hernesnakid-meresoolaga\/#primaryimage"},"image":{"@id":"https:\/\/ellyt.eu\/toode\/mahe-hernesnakid-meresoolaga\/#primaryimage"},"thumbnailUrl":"https:\/\/ellyt.eu\/wp-content\/uploads\/2021\/08\/Hernesnakk-maheda-meresoolaga-1.png","datePublished":"2021-08-13T10:06:08+00:00","dateModified":"2025-07-21T15:18:47+00:00","description":"\uc624\ube10\uc5d0 \uad6c\uc6cc \uc740\uc740\ud55c \ub9db\uacfc \ubc14\uc0ad\ud55c \uc2dd\uac10\uc744 \uc790\ub791\ud558\ub294 \uc644\ub450\ucf69 \uaf2c\ud22c\ub9ac \uc2a4\ub0b5\uc740 \uac10\uc790\uce69 \ub300\uc2e0 \uc990\uae30\uae30 \uc88b\uc740 \uac04\uc2dd\uc785\ub2c8\ub2e4. \uc790\uc138\ud788 \uc0b4\ud3b4\ubcf4\uc138\uc694!","breadcrumb":{"@id":"https:\/\/ellyt.eu\/toode\/mahe-hernesnakid-meresoolaga\/#breadcrumb"},"inLanguage":"ko-KR","potentialAction":[{"@type":"ReadAction","target":["https:\/\/ellyt.eu\/toode\/mahe-hernesnakid-meresoolaga\/"]}]},{"@type":"ImageObject","inLanguage":"ko-KR","@id":"https:\/\/ellyt.eu\/toode\/mahe-hernesnakid-meresoolaga\/#primaryimage","url":"https:\/\/ellyt.eu\/wp-content\/uploads\/2021\/08\/Hernesnakk-maheda-meresoolaga-1.png","contentUrl":"https:\/\/ellyt.eu\/wp-content\/uploads\/2021\/08\/Hernesnakk-maheda-meresoolaga-1.png","width":1080,"height":1080,"caption":"Hernesn\u00e4kk maheda meresoolaga"},{"@type":"BreadcrumbList","@id":"https:\/\/ellyt.eu\/toode\/mahe-hernesnakid-meresoolaga\/#breadcrumb","itemListElement":[{"@type":"ListItem","position":1,"name":"Esileht","item":"https:\/\/ellyt.eu\/"},{"@type":"ListItem","position":2,"name":"Pood","item":"https:\/\/ellyt.eu\/pood\/"},{"@type":"ListItem","position":3,"name":"Mahe hernesn\u00e4kid meresoolaga 80 g"}]},{"@type":"WebSite","@id":"https:\/\/ellyt.eu\/#website","url":"https:\/\/ellyt.eu\/","name":"\uc5d8\ub9ac","description":"\uc5d8\ub9ac\ud2b8 \uc628\ub77c\uc778 \uc1fc\ud551\ubab0","publisher":{"@id":"https:\/\/ellyt.eu\/#organization"},"potentialAction":[{"@type":"SearchAction","target":{"@type":"EntryPoint","urlTemplate":"https:\/\/ellyt.eu\/?s={search_term_string}"},"query-input":{"@type":"PropertyValueSpecification","valueRequired":true,"valueName":"search_term_string"}}],"inLanguage":"ko-KR"},{"@type":"Organization","@id":"https:\/\/ellyt.eu\/#organization","name":"\ub9c8\uc774\uc2a4\ub0b5","url":"https:\/\/ellyt.eu\/","logo":{"@type":"ImageObject","inLanguage":"ko-KR","@id":"https:\/\/ellyt.eu\/#\/schema\/logo\/image\/","url":"https:\/\/mysnack.shop\/wp-content\/uploads\/2023\/09\/MySnack_logo.png","contentUrl":"https:\/\/mysnack.shop\/wp-content\/uploads\/2023\/09\/MySnack_logo.png","width":400,"height":148,"caption":"MySnack"},"image":{"@id":"https:\/\/ellyt.eu\/#\/schema\/logo\/image\/"},"sameAs":["https:\/\/www.facebook.com\/MySnack.ee\/","https:\/\/www.instagram.com\/mysnack_eesti\/"]}]}},"_links":{"self":[{"href":"https:\/\/ellyt.eu\/ko\/wp-json\/wp\/v2\/product\/10834","targetHints":{"allow":["GET"]}}],"collection":[{"href":"https:\/\/ellyt.eu\/ko\/wp-json\/wp\/v2\/product"}],"about":[{"href":"https:\/\/ellyt.eu\/ko\/wp-json\/wp\/v2\/types\/product"}],"wp:featuredmedia":[{"embeddable":true,"href":"https:\/\/ellyt.eu\/ko\/wp-json\/wp\/v2\/media\/24817"}],"wp:attachment":[{"href":"https:\/\/ellyt.eu\/ko\/wp-json\/wp\/v2\/media?parent=10834"}],"wp:term":[{"taxonomy":"product_brand","embeddable":true,"href":"https:\/\/ellyt.eu\/ko\/wp-json\/wp\/v2\/product_brand?post=10834"},{"taxonomy":"product_cat","embeddable":true,"href":"https:\/\/ellyt.eu\/ko\/wp-json\/wp\/v2\/product_cat?post=10834"},{"taxonomy":"product_tag","embeddable":true,"href":"https:\/\/ellyt.eu\/ko\/wp-json\/wp\/v2\/product_tag?post=10834"}],"curies":[{"name":"wp","href":"https:\/\/api.w.org\/{rel}","templated":true}]}}