{"id":10838,"date":"2021-08-13T13:09:50","date_gmt":"2021-08-13T10:09:50","guid":{"rendered":"https:\/\/mysnack.ee\/?post_type=product&#038;p=10838"},"modified":"2025-07-21T18:12:21","modified_gmt":"2025-07-21T15:12:21","slug":"hernesnakid-juustuga","status":"publish","type":"product","link":"https:\/\/ellyt.eu\/ko\/product\/hernesnakid-juustuga\/","title":{"rendered":"\uce58\uc988\ub9db \uc644\ub450\ucf69 \uc2a4\ub0b5 80g"},"content":{"rendered":"<p><strong>\uc218\ub7c9:<\/strong> 80g<\/p>\n<p><strong>\uc81c\ud488 100g\ub2f9 \ud3c9\uade0 \ud568\uc720\ub7c9:<\/strong><\/p>\n<table>\n<tbody>\n<tr>\n<td>\uc5d0\ub108\uc9c0 \ud568\ub7c9<\/td>\n<td>361kcal \/ 1519kJ<\/td>\n<\/tr>\n<tr>\n<td>\uc9c0\ubc29<\/td>\n<td>8.1g<\/td>\n<\/tr>\n<tr>\n<td>\u00a0 \u00a0 \uadf8\uc911 \ud3ec\ud654\uc9c0\ubc29\uc0b0<\/td>\n<td>1.4g<\/td>\n<\/tr>\n<tr>\n<td>\ud0c4\uc218\ud654\ubb3c<\/td>\n<td>45.8g<\/td>\n<\/tr>\n<tr>\n<td>\u00a0 \u00a0 \uadf8\uc911 \ub2f9\ub958<\/td>\n<td>4.2g<\/td>\n<\/tr>\n<tr>\n<td>\uc12c\uc720<\/td>\n<td>9.7g<\/td>\n<\/tr>\n<tr>\n<td>\ub2e8\ubc31\uc9c8<\/td>\n<td>21.0g<\/td>\n<\/tr>\n<tr>\n<td>\uc18c\uae08<\/td>\n<td>1.9g<\/td>\n<\/tr>\n<\/tbody>\n<\/table>\n<div id=\"accel-snackbar\" style=\"left: 50%;top: 50px\"><\/div>","protected":false},"excerpt":{"rendered":"<p><span style=\"font-weight: 400\">\uc644\ub450\ucf69\uc774 \uc6b0\ub9ac \ubab8\uc5d0 \uac00\uc7a5 \uc27d\uac8c \ud761\uc218\ub418\ub294 \uc2dd\ubb3c\uc131 \ub2e8\ubc31\uc9c8\uc774\ub77c\ub294 \uc0ac\uc2e4\uc744 \uc54c\uace0 \uacc4\uc168\ub098\uc694? \uc644\ub450\ucf69 \uc2a4\ub0b5\uc740 \ub2e8\ubc31\uc9c8 \ud568\ub7c9\uc774 \ub192\uc744 \ubfd0\ub9cc \uc544\ub2c8\ub77c \uc12c\uc720\uc9c8\uacfc \ud56d\uc0b0\ud654 \ubb3c\uc9c8\ub3c4 \ud48d\ubd80\ud558\uc5ec \uc18c\ud654\ub97c \ub3d5\uace0 \uccb4\ub0b4 \ud65c\uc131\uc0b0\uc18c \uc81c\uac70\uc5d0\ub3c4 \ud6a8\uacfc\uc801\uc785\ub2c8\ub2e4.<\/span><\/p>\n<p>\uce58\uc988\ub97c \ub123\uc740 \uc644\ub450\ucf69 \uc2a4\ub0b5\uc740 \uce58\ud1a0\uc2a4\ucc98\ub7fc \ub9db\uc788\uc9c0\ub9cc \ud6e8\uc52c \uac74\uac15\ud574\uc694! \uc624\ube10\uc5d0 \uad6c\uc6b4 \uc800\uce7c\ub85c\ub9ac \uc644\ub450\ucf69 \uc2a4\ub0b5\uc740 \uc601\ud654\ub97c \ubcf4\uba74\uc11c \uba39\uac70\ub098 \uc6b4\ub3d9 \ud6c4 \uac10\uc790\uce69 \ub300\uc2e0 \ubd80\ub2f4 \uc5c6\uc774 \uc990\uae38 \uc218 \uc788\ub294 \uac04\uc2dd\uc73c\ub85c \uc81c\uaca9\uc785\ub2c8\ub2e4.<\/p>\n<ul>\n<li style=\"list-style-type: none\">\n<ul>\n<li>\ub2e8\ubc31\uc9c8 \ud568\ub7c9\uc774 \ub192\uc2b5\ub2c8\ub2e4. 100g\ub2f9 21g<\/li>\n<li>50% \uc800\uc9c0\ubc29*<\/li>\n<li>\ud280\uae30\uc9c0 \uc54a\uace0 \uad6c\uc6e0\uc2b5\ub2c8\ub2e4<\/li>\n<li>\ubb34\uc124\ud0d5<\/li>\n<li>\uae00\ub8e8\ud150 \ud504\ub9ac<\/li>\n<\/ul>\n<\/li>\n<\/ul>\n<p><strong>\uc7ac\ub8cc: <\/strong>\uc644\ub450\ucf69\uac00\ub8e8 89%, \ud574\ubc14\ub77c\uae30\uc720(\uace0\uc62c\ub808\uc0b0) 6%, \uce58\uc988 \ubd84\ub9d0 4%(\uc720\uccad \ubd84\ub9d0 34%, \uce58\uc988 \ubd84\ub9d0 34%(\uc6b0\uc720), \uc18c\uae08, \uac94\ud654\uc81c E508, \uace0\uacb0\ubc29\uc9c0\uc81c E551, \uc0b0\ub3c4\uc870\uc808\uc81c E339, E340, \uad6c\uc5f0\uc0b0, \uc99d\uc810\uc81c \uc544\ub77c\ube44\uc544\uac80); \ubc14\ub2e4 \uc18c\uae08(1%).<\/p>\n<p>\uc6b0\uc720 \uc54c\ub808\ub974\uae30 \uc720\ubc1c \uc131\ubd84\uc744 \ud3ec\ud568\ud558\uace0 \uc788\uc2b5\ub2c8\ub2e4. \ub300\ub450 \ubc0f \uacac\uacfc\ub958 \uc54c\ub808\ub974\uae30 \uc720\ubc1c \uc131\ubd84\uc744 \ud3ec\ud568\ud560 \uc218 \uc788\uc2b5\ub2c8\ub2e4.<\/p>\n<p>\ucc9c\uc5f0 \ub2f9\ub958\ub97c \ud568\uc720\ud558\uace0 \uc788\uc2b5\ub2c8\ub2e4.<\/p>\n<p>\uc11c\ub298\ud558\uace0 \uac74\uc870\ud55c \uacf3\uc5d0 \ubcf4\uad00\ud558\uc2ed\uc2dc\uc624.<\/p>\n<p>*\uc77c\ubc18 \uac10\uc790\uce69\uacfc \ube44\uad50\ud588\uc744 \ub54c<\/p>\n<div id=\"accel-snackbar\" style=\"left: 50%;top: 50px\"><\/div>","protected":false},"featured_media":24864,"template":"","meta":{"inline_featured_image":false},"product_brand":[],"product_cat":[418,172],"product_tag":[],"class_list":{"0":"post-10838","1":"product","2":"type-product","3":"status-publish","4":"has-post-thumbnail","6":"product_cat-hernekropsud","7":"product_cat-soolased-snakid","8":"pa_kogus-kast","9":"pa_kogus-tukk","10":"pa_sisaldab-gluteenivaba","11":"pa_sisaldab-mysnacki-farmist","13":"first","14":"instock","15":"taxable","16":"shipping-taxable","17":"purchasable","18":"product-type-variable","19":"has-default-attributes"},"yoast_head":"<!-- This site is optimized with the Yoast SEO plugin v27.1.1 - https:\/\/yoast.com\/product\/yoast-seo-wordpress\/ -->\n<title>Hernesn\u00e4kid juustuga 80 g | Patuvabad sn\u00e4kid<\/title>\n<meta name=\"description\" content=\"Ahjus k\u00fcpsetatud mahedamaitselised ja kr\u00f5bedad hernekauna sn\u00e4kid juustuga sobivad h\u00e4sti kr\u00f5psu asemel sn\u00e4kkimiseks. Vaata l\u00e4hemalt!\" \/>\n<meta name=\"robots\" content=\"index, follow, max-snippet:-1, max-image-preview:large, max-video-preview:-1\" \/>\n<link rel=\"canonical\" href=\"https:\/\/ellyt.eu\/ko\/\uc81c\ud488\/hernesnakid-juustuga\/\" \/>\n<meta property=\"og:locale\" content=\"ko_KR\" \/>\n<meta property=\"og:type\" content=\"article\" \/>\n<meta property=\"og:title\" content=\"Hernesn\u00e4kid juustuga 80 g | Patuvabad sn\u00e4kid\" \/>\n<meta property=\"og:description\" content=\"Ahjus k\u00fcpsetatud mahedamaitselised ja kr\u00f5bedad hernekauna sn\u00e4kid juustuga sobivad h\u00e4sti kr\u00f5psu asemel sn\u00e4kkimiseks. Vaata l\u00e4hemalt!\" \/>\n<meta property=\"og:url\" content=\"https:\/\/ellyt.eu\/ko\/\uc81c\ud488\/hernesnakid-juustuga\/\" \/>\n<meta property=\"og:site_name\" content=\"Ellyt\" \/>\n<meta property=\"article:publisher\" content=\"https:\/\/www.facebook.com\/MySnack.ee\/\" \/>\n<meta property=\"article:modified_time\" content=\"2025-07-21T15:12:21+00:00\" \/>\n<meta property=\"og:image\" content=\"https:\/\/ellyt.eu\/wp-content\/uploads\/2021\/08\/Hernesnakid-juustuga.jpg\" \/>\n\t<meta property=\"og:image:width\" content=\"2050\" \/>\n\t<meta property=\"og:image:height\" content=\"2050\" \/>\n\t<meta property=\"og:image:type\" content=\"image\/jpeg\" \/>\n<meta name=\"twitter:card\" content=\"summary_large_image\" \/>\n<meta name=\"twitter:label1\" content=\"\uc608\uc0c1 \ub418\ub294 \ud310\ub3c5 \uc2dc\uac04\" \/>\n\t<meta name=\"twitter:data1\" content=\"1\ubd84\" \/>\n<script type=\"application\/ld+json\" class=\"yoast-schema-graph\">{\"@context\":\"https:\/\/schema.org\",\"@graph\":[{\"@type\":\"WebPage\",\"@id\":\"https:\/\/ellyt.eu\/toode\/hernesnakid-juustuga\/\",\"url\":\"https:\/\/ellyt.eu\/toode\/hernesnakid-juustuga\/\",\"name\":\"Hernesn\u00e4kid juustuga 80 g | Patuvabad sn\u00e4kid\",\"isPartOf\":{\"@id\":\"https:\/\/ellyt.eu\/#website\"},\"primaryImageOfPage\":{\"@id\":\"https:\/\/ellyt.eu\/toode\/hernesnakid-juustuga\/#primaryimage\"},\"image\":{\"@id\":\"https:\/\/ellyt.eu\/toode\/hernesnakid-juustuga\/#primaryimage\"},\"thumbnailUrl\":\"https:\/\/ellyt.eu\/wp-content\/uploads\/2021\/08\/Hernesnakid-juustuga.jpg\",\"datePublished\":\"2021-08-13T10:09:50+00:00\",\"dateModified\":\"2025-07-21T15:12:21+00:00\",\"description\":\"Ahjus k\u00fcpsetatud mahedamaitselised ja kr\u00f5bedad hernekauna sn\u00e4kid juustuga sobivad h\u00e4sti kr\u00f5psu asemel sn\u00e4kkimiseks. Vaata l\u00e4hemalt!\",\"breadcrumb\":{\"@id\":\"https:\/\/ellyt.eu\/toode\/hernesnakid-juustuga\/#breadcrumb\"},\"inLanguage\":\"ko-KR\",\"potentialAction\":[{\"@type\":\"ReadAction\",\"target\":[\"https:\/\/ellyt.eu\/toode\/hernesnakid-juustuga\/\"]}]},{\"@type\":\"ImageObject\",\"inLanguage\":\"ko-KR\",\"@id\":\"https:\/\/ellyt.eu\/toode\/hernesnakid-juustuga\/#primaryimage\",\"url\":\"https:\/\/ellyt.eu\/wp-content\/uploads\/2021\/08\/Hernesnakid-juustuga.jpg\",\"contentUrl\":\"https:\/\/ellyt.eu\/wp-content\/uploads\/2021\/08\/Hernesnakid-juustuga.jpg\",\"width\":2050,\"height\":2050,\"caption\":\"K\u00fcpsetatud valgurikkad hernesn\u00e4kid juustuga pakendis\"},{\"@type\":\"BreadcrumbList\",\"@id\":\"https:\/\/ellyt.eu\/toode\/hernesnakid-juustuga\/#breadcrumb\",\"itemListElement\":[{\"@type\":\"ListItem\",\"position\":1,\"name\":\"Esileht\",\"item\":\"https:\/\/ellyt.eu\/\"},{\"@type\":\"ListItem\",\"position\":2,\"name\":\"Pood\",\"item\":\"https:\/\/ellyt.eu\/pood\/\"},{\"@type\":\"ListItem\",\"position\":3,\"name\":\"Hernesn\u00e4kid juustuga 80 g\"}]},{\"@type\":\"WebSite\",\"@id\":\"https:\/\/ellyt.eu\/#website\",\"url\":\"https:\/\/ellyt.eu\/\",\"name\":\"Ellyt\",\"description\":\"Ellyt E-Pood\",\"publisher\":{\"@id\":\"https:\/\/ellyt.eu\/#organization\"},\"potentialAction\":[{\"@type\":\"SearchAction\",\"target\":{\"@type\":\"EntryPoint\",\"urlTemplate\":\"https:\/\/ellyt.eu\/?s={search_term_string}\"},\"query-input\":{\"@type\":\"PropertyValueSpecification\",\"valueRequired\":true,\"valueName\":\"search_term_string\"}}],\"inLanguage\":\"ko-KR\"},{\"@type\":\"Organization\",\"@id\":\"https:\/\/ellyt.eu\/#organization\",\"name\":\"MySnack\",\"url\":\"https:\/\/ellyt.eu\/\",\"logo\":{\"@type\":\"ImageObject\",\"inLanguage\":\"ko-KR\",\"@id\":\"https:\/\/ellyt.eu\/#\/schema\/logo\/image\/\",\"url\":\"https:\/\/mysnack.shop\/wp-content\/uploads\/2023\/09\/MySnack_logo.png\",\"contentUrl\":\"https:\/\/mysnack.shop\/wp-content\/uploads\/2023\/09\/MySnack_logo.png\",\"width\":400,\"height\":148,\"caption\":\"MySnack\"},\"image\":{\"@id\":\"https:\/\/ellyt.eu\/#\/schema\/logo\/image\/\"},\"sameAs\":[\"https:\/\/www.facebook.com\/MySnack.ee\/\",\"https:\/\/www.instagram.com\/mysnack_eesti\/\"]}]}<\/script>\n<!-- \/ Yoast SEO plugin. -->","yoast_head_json":{"title":"\uce58\uc988\ub9db \uc644\ub450\ucf69 \uc2a4\ub0b5 80g | \uc8c4\ucc45\uac10 \uc5c6\uc774 \uc990\uae30\ub294 \uc2a4\ub0b5","description":"\uc624\ube10\uc5d0 \uad6c\uc6cc\ub0b8, \ub2f4\ubc31\ud558\uace0 \ubc14\uc0ad\ud55c \uce58\uc988 \uc644\ub450\ucf69 \uc2a4\ub0b5\uc740 \uac10\uc790\uce69 \ub300\uc2e0 \uc990\uae30\uae30 \uc88b\uc740 \uac04\uc2dd\uc785\ub2c8\ub2e4. \uc790\uc138\ud788 \uc0b4\ud3b4\ubcf4\uc138\uc694!","robots":{"index":"index","follow":"follow","max-snippet":"max-snippet:-1","max-image-preview":"max-image-preview:large","max-video-preview":"max-video-preview:-1"},"canonical":"https:\/\/ellyt.eu\/ko\/\uc81c\ud488\/hernesnakid-juustuga\/","og_locale":"ko_KR","og_type":"article","og_title":"Hernesn\u00e4kid juustuga 80 g | Patuvabad sn\u00e4kid","og_description":"Ahjus k\u00fcpsetatud mahedamaitselised ja kr\u00f5bedad hernekauna sn\u00e4kid juustuga sobivad h\u00e4sti kr\u00f5psu asemel sn\u00e4kkimiseks. Vaata l\u00e4hemalt!","og_url":"https:\/\/ellyt.eu\/ko\/\uc81c\ud488\/hernesnakid-juustuga\/","og_site_name":"Ellyt","article_publisher":"https:\/\/www.facebook.com\/MySnack.ee\/","article_modified_time":"2025-07-21T15:12:21+00:00","og_image":[{"width":2050,"height":2050,"url":"https:\/\/ellyt.eu\/wp-content\/uploads\/2021\/08\/Hernesnakid-juustuga.jpg","type":"image\/jpeg"}],"twitter_card":"summary_large_image","twitter_misc":{"\uc608\uc0c1 \ub418\ub294 \ud310\ub3c5 \uc2dc\uac04":"1\ubd84"},"schema":{"@context":"https:\/\/schema.org","@graph":[{"@type":"WebPage","@id":"https:\/\/ellyt.eu\/toode\/hernesnakid-juustuga\/","url":"https:\/\/ellyt.eu\/toode\/hernesnakid-juustuga\/","name":"\uce58\uc988\ub9db \uc644\ub450\ucf69 \uc2a4\ub0b5 80g | \uc8c4\ucc45\uac10 \uc5c6\uc774 \uc990\uae30\ub294 \uc2a4\ub0b5","isPartOf":{"@id":"https:\/\/ellyt.eu\/#website"},"primaryImageOfPage":{"@id":"https:\/\/ellyt.eu\/toode\/hernesnakid-juustuga\/#primaryimage"},"image":{"@id":"https:\/\/ellyt.eu\/toode\/hernesnakid-juustuga\/#primaryimage"},"thumbnailUrl":"https:\/\/ellyt.eu\/wp-content\/uploads\/2021\/08\/Hernesnakid-juustuga.jpg","datePublished":"2021-08-13T10:09:50+00:00","dateModified":"2025-07-21T15:12:21+00:00","description":"\uc624\ube10\uc5d0 \uad6c\uc6cc\ub0b8, \ub2f4\ubc31\ud558\uace0 \ubc14\uc0ad\ud55c \uce58\uc988 \uc644\ub450\ucf69 \uc2a4\ub0b5\uc740 \uac10\uc790\uce69 \ub300\uc2e0 \uc990\uae30\uae30 \uc88b\uc740 \uac04\uc2dd\uc785\ub2c8\ub2e4. \uc790\uc138\ud788 \uc0b4\ud3b4\ubcf4\uc138\uc694!","breadcrumb":{"@id":"https:\/\/ellyt.eu\/toode\/hernesnakid-juustuga\/#breadcrumb"},"inLanguage":"ko-KR","potentialAction":[{"@type":"ReadAction","target":["https:\/\/ellyt.eu\/toode\/hernesnakid-juustuga\/"]}]},{"@type":"ImageObject","inLanguage":"ko-KR","@id":"https:\/\/ellyt.eu\/toode\/hernesnakid-juustuga\/#primaryimage","url":"https:\/\/ellyt.eu\/wp-content\/uploads\/2021\/08\/Hernesnakid-juustuga.jpg","contentUrl":"https:\/\/ellyt.eu\/wp-content\/uploads\/2021\/08\/Hernesnakid-juustuga.jpg","width":2050,"height":2050,"caption":"K\u00fcpsetatud valgurikkad hernesn\u00e4kid juustuga pakendis"},{"@type":"BreadcrumbList","@id":"https:\/\/ellyt.eu\/toode\/hernesnakid-juustuga\/#breadcrumb","itemListElement":[{"@type":"ListItem","position":1,"name":"Esileht","item":"https:\/\/ellyt.eu\/"},{"@type":"ListItem","position":2,"name":"Pood","item":"https:\/\/ellyt.eu\/pood\/"},{"@type":"ListItem","position":3,"name":"Hernesn\u00e4kid juustuga 80 g"}]},{"@type":"WebSite","@id":"https:\/\/ellyt.eu\/#website","url":"https:\/\/ellyt.eu\/","name":"\uc5d8\ub9ac","description":"\uc5d8\ub9ac\ud2b8 \uc628\ub77c\uc778 \uc1fc\ud551\ubab0","publisher":{"@id":"https:\/\/ellyt.eu\/#organization"},"potentialAction":[{"@type":"SearchAction","target":{"@type":"EntryPoint","urlTemplate":"https:\/\/ellyt.eu\/?s={search_term_string}"},"query-input":{"@type":"PropertyValueSpecification","valueRequired":true,"valueName":"search_term_string"}}],"inLanguage":"ko-KR"},{"@type":"Organization","@id":"https:\/\/ellyt.eu\/#organization","name":"\ub9c8\uc774\uc2a4\ub0b5","url":"https:\/\/ellyt.eu\/","logo":{"@type":"ImageObject","inLanguage":"ko-KR","@id":"https:\/\/ellyt.eu\/#\/schema\/logo\/image\/","url":"https:\/\/mysnack.shop\/wp-content\/uploads\/2023\/09\/MySnack_logo.png","contentUrl":"https:\/\/mysnack.shop\/wp-content\/uploads\/2023\/09\/MySnack_logo.png","width":400,"height":148,"caption":"MySnack"},"image":{"@id":"https:\/\/ellyt.eu\/#\/schema\/logo\/image\/"},"sameAs":["https:\/\/www.facebook.com\/MySnack.ee\/","https:\/\/www.instagram.com\/mysnack_eesti\/"]}]}},"_links":{"self":[{"href":"https:\/\/ellyt.eu\/ko\/wp-json\/wp\/v2\/product\/10838","targetHints":{"allow":["GET"]}}],"collection":[{"href":"https:\/\/ellyt.eu\/ko\/wp-json\/wp\/v2\/product"}],"about":[{"href":"https:\/\/ellyt.eu\/ko\/wp-json\/wp\/v2\/types\/product"}],"wp:featuredmedia":[{"embeddable":true,"href":"https:\/\/ellyt.eu\/ko\/wp-json\/wp\/v2\/media\/24864"}],"wp:attachment":[{"href":"https:\/\/ellyt.eu\/ko\/wp-json\/wp\/v2\/media?parent=10838"}],"wp:term":[{"taxonomy":"product_brand","embeddable":true,"href":"https:\/\/ellyt.eu\/ko\/wp-json\/wp\/v2\/product_brand?post=10838"},{"taxonomy":"product_cat","embeddable":true,"href":"https:\/\/ellyt.eu\/ko\/wp-json\/wp\/v2\/product_cat?post=10838"},{"taxonomy":"product_tag","embeddable":true,"href":"https:\/\/ellyt.eu\/ko\/wp-json\/wp\/v2\/product_tag?post=10838"}],"curies":[{"name":"wp","href":"https:\/\/api.w.org\/{rel}","templated":true}]}}