{"id":20899,"date":"2024-02-22T13:27:21","date_gmt":"2024-02-22T11:27:21","guid":{"rendered":"https:\/\/mysnack.ee\/?post_type=product&#038;p=20899"},"modified":"2025-07-28T12:42:37","modified_gmt":"2025-07-28T09:42:37","slug":"merevetika-kropsud-tempura-bbq-ga-40-g","status":"publish","type":"product","link":"https:\/\/ellyt.eu\/ko\/product\/merevetika-kropsud-tempura-bbq-ga-40-g\/","title":{"rendered":"\ud280\uae40 \ubc14\ube44\ud050\ub97c \uacc1\ub4e4\uc778 \uae40\uce69 40g"},"content":{"rendered":"<p><strong>\uc218\ub7c9:<\/strong> 40g<\/p>\n<p><strong>\uc81c\ud488 100g\ub2f9 \ud3c9\uade0 \ud568\uc720\ub7c9:<\/strong><\/p>\n<table>\n<tbody>\n<tr>\n<td>\uc5d0\ub108\uc9c0 \ud568\ub7c9<\/td>\n<td>600kcal \/ 2512kJ<\/td>\n<\/tr>\n<tr>\n<td>\uc9c0\ubc29<\/td>\n<td>42.7g<\/td>\n<\/tr>\n<tr>\n<td>\u00a0 \u00a0 \uadf8\uc911 \ud3ec\ud654\uc9c0\ubc29\uc0b0<\/td>\n<td>18.4g<\/td>\n<\/tr>\n<tr>\n<td>\ud0c4\uc218\ud654\ubb3c<\/td>\n<td>45.9g<\/td>\n<\/tr>\n<tr>\n<td>\u00a0 \u00a0 \uadf8\uc911 \ub2f9\ub958<\/td>\n<td>2.1g<\/td>\n<\/tr>\n<tr>\n<td>\ub2e8\ubc31\uc9c8<\/td>\n<td>7.9g<\/td>\n<\/tr>\n<tr>\n<td>\uc18c\uae08<\/td>\n<td>1.2g<\/td>\n<\/tr>\n<\/tbody>\n<\/table>\n<div id=\"accel-snackbar\" style=\"left: 50%; top: 50px;\"><\/div>","protected":false},"excerpt":{"rendered":"<ul>\n<li>\ubc14\uc0ad\ubc14\uc0ad\ud55c \uac04\uc2dd.<\/li>\n<li>\ub9db\ub3c4 \uc88b\uace0, \uc5d0\ub108\uc9c0\ub3c4 \uc8fc\uace0, \ub9db\uc788\ub294 \ubc14\ube44\ud050 \ud5a5\ub3c4 \ub098\uc694.<\/li>\n<li>\ud574\uc870\ub958\ub294 \uc601\uc591\uc18c\uac00 \ud48d\ubd80\ud558\uace0 \ud2b9\ud788 \uc694\uc624\ub4dc \ud568\ub7c9\uc774 \ub192\uc740 \uac83\uc73c\ub85c \uc54c\ub824\uc838 \uc788\uc2b5\ub2c8\ub2e4.<\/li>\n<\/ul>\n<p><strong>\uc7ac\ub8cc:<\/strong> \ud280\uae40\uac00\ub8e8 \ud63c\ud569\ubb3c(\ubc00\uac00\ub8e8, \ubcc0\uc131 \ud0c0\ud53c\uc624\uce74 \uc804\ubd84, \uc18c\uae08, \uc124\ud0d5), \uc300\uaca8 \uae30\ub984(\uc300\uaca8 \uae30\ub984, \ub85c\uc988\ub9c8\ub9ac \ucd94\ucd9c\ubb3c(\ucc9c\uc5f0 \ud5a5\ub8cc)), \uae40, \ud6c8\uc81c \ubc14\ube44\ud050 \uc2dc\uc988\ub2dd \ubd84\ub9d0. \ub300\ub450 \ub2e8\ubc31\uc9c8(\ub300\ub450), \ud5a5\uc2e0\ub8cc \ud63c\ud569\ubb3c(\ub9c8\ub298, \uace0\ucd94, \ud6c4\ucd94, \uc815\ud5a5, \ucee4\ubbfc, \uace0\uc218 \uc528\uc557, \uc591\ud30c \uac00\ub8e8), \uc18c\uae08, \ubc14\ube44\ud050 \ud5a5\ub8cc, \ud5a5\ubbf8\uc99d\uc9c4\uc81c(\uad6c\uc544\ub2d0\uc0b0\uc774\ub098\ud2b8\ub968, \uc774\ub178\uc2e0\uc0b0\uc774\ub098\ud2b8\ub968), \ud31c \uc62c\ub808\uc778, \uc0b0\ub3c4\uc870\uc808\uc81c(\uad6c\uc5f0\uc0b0)<\/p>\n<div id=\"accel-snackbar\" style=\"left: 50%; top: 50px;\"><\/div>","protected":false},"featured_media":22507,"template":"","meta":{"inline_featured_image":false},"product_brand":[],"product_cat":[172,315],"product_tag":[],"class_list":{"0":"post-20899","1":"product","2":"type-product","3":"status-publish","4":"has-post-thumbnail","6":"product_cat-soolased-snakid","7":"product_cat-vetikakropsud","8":"pa_kogus-kast","9":"pa_kogus-tukk","10":"pa_sisaldab-laktoosivaba","12":"first","13":"instock","14":"taxable","15":"shipping-taxable","16":"purchasable","17":"product-type-variable","18":"has-default-attributes"},"yoast_head":"<!-- This site is optimized with the Yoast SEO plugin v27.1.1 - https:\/\/yoast.com\/product\/yoast-seo-wordpress\/ -->\n<title>Merevetika kr\u00f5psud tempura BBQ-ga | Patuvabad sn\u00e4kid<\/title>\n<meta name=\"description\" content=\"Jaapani merevetika kr\u00f5psud tempura BBQ-ga maitsevad h\u00e4sti, annavad energiat ja sisaldavad rohkelt toitaineid. Vaata l\u00e4hemalt!\" \/>\n<meta name=\"robots\" content=\"index, follow, max-snippet:-1, max-image-preview:large, max-video-preview:-1\" \/>\n<link rel=\"canonical\" href=\"https:\/\/ellyt.eu\/ko\/\uc81c\ud488\/merevetika-kropsud-tempura-bbq-ga-40-g\/\" \/>\n<meta property=\"og:locale\" content=\"ko_KR\" \/>\n<meta property=\"og:type\" content=\"article\" \/>\n<meta property=\"og:title\" content=\"Merevetika kr\u00f5psud tempura BBQ-ga 40 g - Tervislikud ja Maitsvad Sn\u00e4kid\" \/>\n<meta property=\"og:description\" content=\"M\u00f5nusalt kr\u00f5bedad vetikakr\u00f5psud, mis maitsevad h\u00e4sti ja sisaldavad rohkelt toitaineid.\" \/>\n<meta property=\"og:url\" content=\"https:\/\/ellyt.eu\/ko\/\uc81c\ud488\/merevetika-kropsud-tempura-bbq-ga-40-g\/\" \/>\n<meta property=\"og:site_name\" content=\"Ellyt\" \/>\n<meta property=\"article:publisher\" content=\"https:\/\/www.facebook.com\/MySnack.ee\/\" \/>\n<meta property=\"article:modified_time\" content=\"2025-07-28T09:42:37+00:00\" \/>\n<meta property=\"og:image\" content=\"https:\/\/ellyt.eu\/wp-content\/uploads\/2020\/12\/toode_merevetikas_kana_larb-scaled.jpg\" \/>\n\t<meta property=\"og:image:width\" content=\"2560\" \/>\n\t<meta property=\"og:image:height\" content=\"1224\" \/>\n\t<meta property=\"og:image:type\" content=\"image\/jpeg\" \/>\n<meta name=\"twitter:card\" content=\"summary_large_image\" \/>\n<meta name=\"twitter:title\" content=\"Merevetika kr\u00f5psud tempura BBQ-ga 40 g - Tervislikud ja Maitsvad Sn\u00e4kid\" \/>\n<meta name=\"twitter:description\" content=\"M\u00f5nusalt kr\u00f5bedad vetikakr\u00f5psud, mis maitsevad h\u00e4sti ja sisaldavad rohkelt toitaineid.\" \/>\n<meta name=\"twitter:image\" content=\"https:\/\/ellyt.eu\/wp-content\/uploads\/2020\/12\/toode_merevetikas_kana_larb-scaled.jpg\" \/>\n<meta name=\"twitter:label1\" content=\"\uc608\uc0c1 \ub418\ub294 \ud310\ub3c5 \uc2dc\uac04\" \/>\n\t<meta name=\"twitter:data1\" content=\"1\ubd84\" \/>\n<script type=\"application\/ld+json\" class=\"yoast-schema-graph\">{\"@context\":\"https:\/\/schema.org\",\"@graph\":[{\"@type\":\"WebPage\",\"@id\":\"https:\/\/ellyt.eu\/toode\/merevetika-kropsud-tempura-bbq-ga-40-g\/\",\"url\":\"https:\/\/ellyt.eu\/toode\/merevetika-kropsud-tempura-bbq-ga-40-g\/\",\"name\":\"Merevetika kr\u00f5psud tempura BBQ-ga | Patuvabad sn\u00e4kid\",\"isPartOf\":{\"@id\":\"https:\/\/ellyt.eu\/#website\"},\"primaryImageOfPage\":{\"@id\":\"https:\/\/ellyt.eu\/toode\/merevetika-kropsud-tempura-bbq-ga-40-g\/#primaryimage\"},\"image\":{\"@id\":\"https:\/\/ellyt.eu\/toode\/merevetika-kropsud-tempura-bbq-ga-40-g\/#primaryimage\"},\"thumbnailUrl\":\"https:\/\/ellyt.eu\/wp-content\/uploads\/2024\/02\/Merevetika-kropsud-tempura-BBQ-ga.png\",\"datePublished\":\"2024-02-22T11:27:21+00:00\",\"dateModified\":\"2025-07-28T09:42:37+00:00\",\"description\":\"Jaapani merevetika kr\u00f5psud tempura BBQ-ga maitsevad h\u00e4sti, annavad energiat ja sisaldavad rohkelt toitaineid. Vaata l\u00e4hemalt!\",\"breadcrumb\":{\"@id\":\"https:\/\/ellyt.eu\/toode\/merevetika-kropsud-tempura-bbq-ga-40-g\/#breadcrumb\"},\"inLanguage\":\"ko-KR\",\"potentialAction\":[{\"@type\":\"ReadAction\",\"target\":[\"https:\/\/ellyt.eu\/toode\/merevetika-kropsud-tempura-bbq-ga-40-g\/\"]}]},{\"@type\":\"ImageObject\",\"inLanguage\":\"ko-KR\",\"@id\":\"https:\/\/ellyt.eu\/toode\/merevetika-kropsud-tempura-bbq-ga-40-g\/#primaryimage\",\"url\":\"https:\/\/ellyt.eu\/wp-content\/uploads\/2024\/02\/Merevetika-kropsud-tempura-BBQ-ga.png\",\"contentUrl\":\"https:\/\/ellyt.eu\/wp-content\/uploads\/2024\/02\/Merevetika-kropsud-tempura-BBQ-ga.png\",\"width\":1080,\"height\":1080,\"caption\":\"Merevetika kr\u00f5psud tempura BBQ-ga\"},{\"@type\":\"BreadcrumbList\",\"@id\":\"https:\/\/ellyt.eu\/toode\/merevetika-kropsud-tempura-bbq-ga-40-g\/#breadcrumb\",\"itemListElement\":[{\"@type\":\"ListItem\",\"position\":1,\"name\":\"Esileht\",\"item\":\"https:\/\/ellyt.eu\/\"},{\"@type\":\"ListItem\",\"position\":2,\"name\":\"Pood\",\"item\":\"https:\/\/ellyt.eu\/pood\/\"},{\"@type\":\"ListItem\",\"position\":3,\"name\":\"Merevetika kr\u00f5psud tempura BBQ-ga 40 g\"}]},{\"@type\":\"WebSite\",\"@id\":\"https:\/\/ellyt.eu\/#website\",\"url\":\"https:\/\/ellyt.eu\/\",\"name\":\"Ellyt\",\"description\":\"Ellyt E-Pood\",\"publisher\":{\"@id\":\"https:\/\/ellyt.eu\/#organization\"},\"potentialAction\":[{\"@type\":\"SearchAction\",\"target\":{\"@type\":\"EntryPoint\",\"urlTemplate\":\"https:\/\/ellyt.eu\/?s={search_term_string}\"},\"query-input\":{\"@type\":\"PropertyValueSpecification\",\"valueRequired\":true,\"valueName\":\"search_term_string\"}}],\"inLanguage\":\"ko-KR\"},{\"@type\":\"Organization\",\"@id\":\"https:\/\/ellyt.eu\/#organization\",\"name\":\"MySnack\",\"url\":\"https:\/\/ellyt.eu\/\",\"logo\":{\"@type\":\"ImageObject\",\"inLanguage\":\"ko-KR\",\"@id\":\"https:\/\/ellyt.eu\/#\/schema\/logo\/image\/\",\"url\":\"https:\/\/mysnack.shop\/wp-content\/uploads\/2023\/09\/MySnack_logo.png\",\"contentUrl\":\"https:\/\/mysnack.shop\/wp-content\/uploads\/2023\/09\/MySnack_logo.png\",\"width\":400,\"height\":148,\"caption\":\"MySnack\"},\"image\":{\"@id\":\"https:\/\/ellyt.eu\/#\/schema\/logo\/image\/\"},\"sameAs\":[\"https:\/\/www.facebook.com\/MySnack.ee\/\",\"https:\/\/www.instagram.com\/mysnack_eesti\/\"]}]}<\/script>\n<!-- \/ Yoast SEO plugin. -->","yoast_head_json":{"title":"\ud280\uae40 \ubc14\ube44\ud050\ub97c \uacc1\ub4e4\uc778 \uae40\uce69 | \ubd80\ub2f4 \uc5c6\uc774 \uc990\uae30\ub294 \uac04\uc2dd","description":"\uc77c\ubcf8\uc2dd \uae40\uce69\uc5d0 \ud280\uae40 \ubc14\ube44\ud050 \uc18c\uc2a4\ub97c \uacc1\ub4e4\uc778 \uc774 \uc81c\ud488\uc740 \ub9db\ub3c4 \uc88b\uace0, \uc5d0\ub108\uc9c0\ub3c4 \uacf5\uae09\ud574\uc8fc\uba70 \uc601\uc591\uc18c\ub3c4 \ud48d\ubd80\ud569\ub2c8\ub2e4. \uc790\uc138\ud788 \uc0b4\ud3b4\ubcf4\uc138\uc694!","robots":{"index":"index","follow":"follow","max-snippet":"max-snippet:-1","max-image-preview":"max-image-preview:large","max-video-preview":"max-video-preview:-1"},"canonical":"https:\/\/ellyt.eu\/ko\/\uc81c\ud488\/merevetika-kropsud-tempura-bbq-ga-40-g\/","og_locale":"ko_KR","og_type":"article","og_title":"Merevetika kr\u00f5psud tempura BBQ-ga 40 g - Tervislikud ja Maitsvad Sn\u00e4kid","og_description":"M\u00f5nusalt kr\u00f5bedad vetikakr\u00f5psud, mis maitsevad h\u00e4sti ja sisaldavad rohkelt toitaineid.","og_url":"https:\/\/ellyt.eu\/ko\/\uc81c\ud488\/merevetika-kropsud-tempura-bbq-ga-40-g\/","og_site_name":"Ellyt","article_publisher":"https:\/\/www.facebook.com\/MySnack.ee\/","article_modified_time":"2025-07-28T09:42:37+00:00","og_image":[{"width":2560,"height":1224,"url":"https:\/\/ellyt.eu\/wp-content\/uploads\/2020\/12\/toode_merevetikas_kana_larb-scaled.jpg","type":"image\/jpeg"}],"twitter_card":"summary_large_image","twitter_title":"Merevetika kr\u00f5psud tempura BBQ-ga 40 g - Tervislikud ja Maitsvad Sn\u00e4kid","twitter_description":"M\u00f5nusalt kr\u00f5bedad vetikakr\u00f5psud, mis maitsevad h\u00e4sti ja sisaldavad rohkelt toitaineid.","twitter_image":"https:\/\/ellyt.eu\/wp-content\/uploads\/2020\/12\/toode_merevetikas_kana_larb-scaled.jpg","twitter_misc":{"\uc608\uc0c1 \ub418\ub294 \ud310\ub3c5 \uc2dc\uac04":"1\ubd84"},"schema":{"@context":"https:\/\/schema.org","@graph":[{"@type":"WebPage","@id":"https:\/\/ellyt.eu\/toode\/merevetika-kropsud-tempura-bbq-ga-40-g\/","url":"https:\/\/ellyt.eu\/toode\/merevetika-kropsud-tempura-bbq-ga-40-g\/","name":"\ud280\uae40 \ubc14\ube44\ud050\ub97c \uacc1\ub4e4\uc778 \uae40\uce69 | \ubd80\ub2f4 \uc5c6\uc774 \uc990\uae30\ub294 \uac04\uc2dd","isPartOf":{"@id":"https:\/\/ellyt.eu\/#website"},"primaryImageOfPage":{"@id":"https:\/\/ellyt.eu\/toode\/merevetika-kropsud-tempura-bbq-ga-40-g\/#primaryimage"},"image":{"@id":"https:\/\/ellyt.eu\/toode\/merevetika-kropsud-tempura-bbq-ga-40-g\/#primaryimage"},"thumbnailUrl":"https:\/\/ellyt.eu\/wp-content\/uploads\/2024\/02\/Merevetika-kropsud-tempura-BBQ-ga.png","datePublished":"2024-02-22T11:27:21+00:00","dateModified":"2025-07-28T09:42:37+00:00","description":"\uc77c\ubcf8\uc2dd \uae40\uce69\uc5d0 \ud280\uae40 \ubc14\ube44\ud050 \uc18c\uc2a4\ub97c \uacc1\ub4e4\uc778 \uc774 \uc81c\ud488\uc740 \ub9db\ub3c4 \uc88b\uace0, \uc5d0\ub108\uc9c0\ub3c4 \uacf5\uae09\ud574\uc8fc\uba70 \uc601\uc591\uc18c\ub3c4 \ud48d\ubd80\ud569\ub2c8\ub2e4. \uc790\uc138\ud788 \uc0b4\ud3b4\ubcf4\uc138\uc694!","breadcrumb":{"@id":"https:\/\/ellyt.eu\/toode\/merevetika-kropsud-tempura-bbq-ga-40-g\/#breadcrumb"},"inLanguage":"ko-KR","potentialAction":[{"@type":"ReadAction","target":["https:\/\/ellyt.eu\/toode\/merevetika-kropsud-tempura-bbq-ga-40-g\/"]}]},{"@type":"ImageObject","inLanguage":"ko-KR","@id":"https:\/\/ellyt.eu\/toode\/merevetika-kropsud-tempura-bbq-ga-40-g\/#primaryimage","url":"https:\/\/ellyt.eu\/wp-content\/uploads\/2024\/02\/Merevetika-kropsud-tempura-BBQ-ga.png","contentUrl":"https:\/\/ellyt.eu\/wp-content\/uploads\/2024\/02\/Merevetika-kropsud-tempura-BBQ-ga.png","width":1080,"height":1080,"caption":"Merevetika kr\u00f5psud tempura BBQ-ga"},{"@type":"BreadcrumbList","@id":"https:\/\/ellyt.eu\/toode\/merevetika-kropsud-tempura-bbq-ga-40-g\/#breadcrumb","itemListElement":[{"@type":"ListItem","position":1,"name":"Esileht","item":"https:\/\/ellyt.eu\/"},{"@type":"ListItem","position":2,"name":"Pood","item":"https:\/\/ellyt.eu\/pood\/"},{"@type":"ListItem","position":3,"name":"Merevetika kr\u00f5psud tempura BBQ-ga 40 g"}]},{"@type":"WebSite","@id":"https:\/\/ellyt.eu\/#website","url":"https:\/\/ellyt.eu\/","name":"\uc5d8\ub9ac","description":"\uc5d8\ub9ac\ud2b8 \uc628\ub77c\uc778 \uc1fc\ud551\ubab0","publisher":{"@id":"https:\/\/ellyt.eu\/#organization"},"potentialAction":[{"@type":"SearchAction","target":{"@type":"EntryPoint","urlTemplate":"https:\/\/ellyt.eu\/?s={search_term_string}"},"query-input":{"@type":"PropertyValueSpecification","valueRequired":true,"valueName":"search_term_string"}}],"inLanguage":"ko-KR"},{"@type":"Organization","@id":"https:\/\/ellyt.eu\/#organization","name":"\ub9c8\uc774\uc2a4\ub0b5","url":"https:\/\/ellyt.eu\/","logo":{"@type":"ImageObject","inLanguage":"ko-KR","@id":"https:\/\/ellyt.eu\/#\/schema\/logo\/image\/","url":"https:\/\/mysnack.shop\/wp-content\/uploads\/2023\/09\/MySnack_logo.png","contentUrl":"https:\/\/mysnack.shop\/wp-content\/uploads\/2023\/09\/MySnack_logo.png","width":400,"height":148,"caption":"MySnack"},"image":{"@id":"https:\/\/ellyt.eu\/#\/schema\/logo\/image\/"},"sameAs":["https:\/\/www.facebook.com\/MySnack.ee\/","https:\/\/www.instagram.com\/mysnack_eesti\/"]}]}},"_links":{"self":[{"href":"https:\/\/ellyt.eu\/ko\/wp-json\/wp\/v2\/product\/20899","targetHints":{"allow":["GET"]}}],"collection":[{"href":"https:\/\/ellyt.eu\/ko\/wp-json\/wp\/v2\/product"}],"about":[{"href":"https:\/\/ellyt.eu\/ko\/wp-json\/wp\/v2\/types\/product"}],"wp:featuredmedia":[{"embeddable":true,"href":"https:\/\/ellyt.eu\/ko\/wp-json\/wp\/v2\/media\/22507"}],"wp:attachment":[{"href":"https:\/\/ellyt.eu\/ko\/wp-json\/wp\/v2\/media?parent=20899"}],"wp:term":[{"taxonomy":"product_brand","embeddable":true,"href":"https:\/\/ellyt.eu\/ko\/wp-json\/wp\/v2\/product_brand?post=20899"},{"taxonomy":"product_cat","embeddable":true,"href":"https:\/\/ellyt.eu\/ko\/wp-json\/wp\/v2\/product_cat?post=20899"},{"taxonomy":"product_tag","embeddable":true,"href":"https:\/\/ellyt.eu\/ko\/wp-json\/wp\/v2\/product_tag?post=20899"}],"curies":[{"name":"wp","href":"https:\/\/api.w.org\/{rel}","templated":true}]}}