{"id":23119,"date":"2024-06-03T18:17:36","date_gmt":"2024-06-03T15:17:36","guid":{"rendered":"https:\/\/mysnack.ee\/?post_type=product&#038;p=23119"},"modified":"2026-02-27T14:19:13","modified_gmt":"2026-02-27T12:19:13","slug":"%ed%8c%8c%ed%8c%8c%ec%95%bc-%ea%b3%bc%ec%9d%bc-%eb%b0%94","status":"publish","type":"product","link":"https:\/\/ellyt.eu\/ko\/product\/papaia-puuviljabatoon\/","title":{"rendered":"99% \ud30c\ud30c\uc57c \uacfc\uc77c\ubc14 30g"},"content":{"rendered":"<div style=\"width: 1920px;\" class=\"wp-video\"><video class=\"wp-video-shortcode\" id=\"video-23119-1\" width=\"1920\" height=\"1080\" poster=\"https:\/\/ellyt.eu\/wp-content\/uploads\/2024\/06\/MySnack-papaia.jpg\" preload=\"metadata\" controls=\"controls\"><source type=\"video\/mp4\" src=\"https:\/\/ellyt.eu\/wp-content\/uploads\/2024\/06\/Papaia.mp4?_=1\" \/><a href=\"https:\/\/ellyt.eu\/wp-content\/uploads\/2024\/06\/Papaia.mp4\">https:\/\/ellyt.eu\/wp-content\/uploads\/2024\/06\/Papaia.mp4<\/a><\/video><\/div>\n<p>&nbsp;<\/p>\n<p><strong>\uc218\ub7c9:<\/strong> 30g<\/p>\n<p><strong>\uc81c\ud488 100g\ub2f9 \ud3c9\uade0 \ud568\uc720\ub7c9:<\/strong><\/p>\n<table style=\"height: 206px;\" width=\"346\">\n<tbody>\n<tr>\n<td>\uc5d0\ub108\uc9c0 \ud568\ub7c9<\/td>\n<td>330kcal \/ 1381kJ<\/td>\n<\/tr>\n<tr>\n<td>\uc9c0\ubc29<\/td>\n<td>0.32g<\/td>\n<\/tr>\n<tr>\n<td>\u00a0 \u00a0 \uadf8\uc911 \ud3ec\ud654\uc9c0\ubc29\uc0b0<\/td>\n<td>0g<\/td>\n<\/tr>\n<tr>\n<td>\ud0c4\uc218\ud654\ubb3c<\/td>\n<td>78.5g<\/td>\n<\/tr>\n<tr>\n<td>\u00a0 \u00a0 \uadf8\uc911 \ub2f9\ub958<\/td>\n<td>67.2g<\/td>\n<\/tr>\n<tr>\n<td>\uc12c\uc720<\/td>\n<td>11.5g<\/td>\n<\/tr>\n<tr>\n<td>\ub2e8\ubc31\uc9c8<\/td>\n<td>3.3g<\/td>\n<\/tr>\n<tr>\n<td>\uc18c\uae08<\/td>\n<td>1.16\uadf8\ub7a8<\/td>\n<\/tr>\n<\/tbody>\n<\/table>\n<div id=\"accel-snackbar\" style=\"left: 50%; top: 50px;\"><\/div>","protected":false},"excerpt":{"rendered":"<p>\ud30c\ud30c\uc57c \uacfc\uc77c\ubc14\ub294 \uc798 \uc775\uc740 \ub2ec\ucf64\ud55c \uacfc\uc77c\uacfc \ucc9c\uc5f0 \ube44\ud0c0\ubbfc\uc73c\ub85c\ub9cc \ub9cc\ub4e4\uc5b4\uc84c\uc2b5\ub2c8\ub2e4. \uc911\uc694\ud55c \uc77c\uc744 \ud558\uae30 \uc804\uc5d0 \ubab8\uacfc \ub9c8\uc74c\uc744 \ucda9\uc804\ud558\uae30 \uc704\ud574 \uac00\ubc29\uc5d0 \uacfc\uc77c\ubc14\ub97c \ub123\uc5b4\ub450\ub294 \uac83\uc774 \uc88b\uc2b5\ub2c8\ub2e4. \uc608\ub97c \ub4e4\uc5b4, \ud30c\ud30c\uc57c\uc5d0\ub294 \uc2ec\uc7a5 \uac74\uac15\uc5d0 \uc911\uc694\ud55c \ub9c8\uadf8\ub124\uc298\uc774 \ud568\uc720\ub418\uc5b4 \uc788\uc5b4 \uc815\uc0c1\uc801\uc778 \ud608\uc561 \uc21c\ud658\uc744 \ub3d5\uc2b5\ub2c8\ub2e4. \ub610\ud55c \ud30c\ud30c\uc57c\ub294 \uc18c\ud654\ub97c \ucd09\uc9c4\ud558\uace0 \uc2e0\uc9c4\ub300\uc0ac\ub97c \ud65c\uc131\ud654\ud558\ub294 \ub370 \ub3c4\uc6c0\uc744 \uc90d\ub2c8\ub2e4.<\/p>\n<p>\ub9c8\uc774\uc2a4\ub0b5 \uacfc\uc77c\ubc14\ub294 \ubaa8\ub450 \uc790\uccb4 \ub808\uc2dc\ud53c\ub85c \ub9cc\ub4e4\uc5b4\uc9d1\ub2c8\ub2e4. \ub18d\ucd95\uc561\uc774\ub098 \ubd88\ud544\uc694\ud55c \ucca8\uac00\ubb3c\uc740 \ub2e8 \ud55c \ubc29\uc6b8\ub3c4 \ub4e4\uc5b4\uac00\uc9c0 \uc54a\uc2b5\ub2c8\ub2e4. \uc800\ud76c \ub18d\uc7a5\uc5d0\uc11c \uc9c1\uc811 \uc7ac\ubc30\ud558\uac70\ub098 \ub18d\uc7a5 \uadfc\ucc98\uc5d0\uc11c \uc0dd\uc0b0\ud558\uae30 \ub54c\ubb38\uc5d0 \uc218\ud655\uc774 \ub35c \ub41c \uacfc\uc77c\uc744 \uc804 \uc138\uacc4\ub85c \uc6b4\uc1a1\ud560 \ud544\uc694\uac00 \uc5c6\uc2b5\ub2c8\ub2e4. \uc774\ub7ec\ud55c \ubc29\uc2dd\uc73c\ub85c \uacfc\uc77c \ubcf8\uc5f0\uc758 \uc601\uc591\uac00\ub97c \ucd5c\ub300\ud55c \ubcf4\uc874\ud558\uba74\uc11c \ud658\uacbd\uc5d0 \ubbf8\uce58\ub294 \uc545\uc601\ud5a5\ub3c4 \uc904\uc77c \uc218 \uc788\uc2b5\ub2c8\ub2e4.<\/p>\n<ul>\n<li style=\"list-style-type: none;\">\n<ul>\n<li>\ucca0\ubd84 \ud568\ub7c9\uc774 \ub192\uc2b5\ub2c8\ub2e4 (\uc774 \ucd08\ucf5c\ub9bf\ubc14\uc5d0\ub294 \ud558\ub8e8 \ucca0\ubd84 \uad8c\uc7a5\ub7c9\uc758 11%\uac00 \ud568\uc720\ub418\uc5b4 \uc788\uc2b5\ub2c8\ub2e4).<\/li>\n<li>\ub9c8\uadf8\ub124\uc298 \uacf5\uae09\uc6d0 (\uc774 \ubc14\uc5d0\ub294 \uc77c\uc77c \ub9c8\uadf8\ub124\uc298 \uad8c\uc7a5\ub7c9\uc758 61%\uac00 \ud568\uc720\ub418\uc5b4 \uc788\uc2b5\ub2c8\ub2e4)<\/li>\n<li>\ubb34\uc124\ud0d5<\/li>\n<li>\ucc9c\uc5f0 \ub2e8\ub9db\uc744 \uc9c0\ub2c8\uace0 \uc788\uc73c\uba70, \uacfc\uc77c\uc5d0 \uc790\uc5f0\uc801\uc73c\ub85c \ud568\uc720\ub41c \ub2f9\ubd84\uc744 \ud3ec\ud568\ud558\uace0 \uc788\uc2b5\ub2c8\ub2e4.<\/li>\n<li>\uae00\ub8e8\ud150 \ud504\ub9ac<\/li>\n<li>\uc800\ud76c \uacfc\uc77c\uc740 \ud3ec\uc7a5 \uc0c1\ud0dc\uc5d0\uc11c \uc2dc\uac04\uc774 \uc9c0\ub0a8\uc5d0 \ub530\ub77c \uc790\uc5f0\uc2a4\ub7fd\uac8c \uc0c9\uc774 \uc5b4\ub450\uc6cc\uc9c8 \uc218 \uc788\uc2b5\ub2c8\ub2e4. \uc774\ub294 \uacfc\uc77c\ubc14\uc758 \uc2e0\uc120\ub3c4\ub97c \uc720\uc9c0\ud558\uace0 \uacf0\ud321\uc774 \ubc1c\uc0dd\uc744 \ubc29\uc9c0\ud558\uae30 \uc704\ud574 \uc77c\ubc18\uc801\uc73c\ub85c \ucca8\uac00\ub418\ub294 \uc544\ud669\uc0b0\uc5fc\uc758 \uc591\ubcf4\ub2e4 \ud6e8\uc52c \uc801\uc740 \uc591(0.01%)\ub9cc \ucca8\uac00\ud558\uae30 \ub54c\ubb38\uc785\ub2c8\ub2e4.<\/li>\n<li>\uc798 \uc775\uc740 \ud30c\ud30c\uc57c 200g\uc73c\ub85c \ucd08\ucf5c\ub9bf \ubc14 \ud558\ub098\ub97c \ub9cc\ub4ed\ub2c8\ub2e4.<\/li>\n<li>\ube44\uac74 \ucc44\uc2dd\uc8fc\uc758\uc790\uc5d0\uac8c \uc801\ud569\ud569\ub2c8\ub2e4<\/li>\n<\/ul>\n<\/li>\n<\/ul>\n<p><strong>\uc7ac\ub8cc:<\/strong> \ud30c\ud30c\uc57c 99.98%, \uc0b0\ub3c4 \uc870\uc808\uc81c: \uad6c\uc5f0\uc0b0, \ud56d\uc0b0\ud654\uc81c: \uc544\ud669\uc0b0\ub098\ud2b8\ub968.<\/p>\n<p>\uc11c\ub298\ud558\uace0 \uac74\uc870\ud55c \uacf3\uc5d0 \ubcf4\uad00\ud558\uc2ed\uc2dc\uc624.<\/p>\n<div id=\"accel-snackbar\" style=\"left: 50%; top: 50px;\"><\/div>","protected":false},"featured_media":22666,"template":"","meta":{"inline_featured_image":false},"product_brand":[],"product_cat":[675],"product_tag":[],"class_list":{"0":"post-23119","1":"product","2":"type-product","3":"status-publish","4":"has-post-thumbnail","6":"product_cat-puuviljabatoonid","7":"pa_kogus-kast","8":"pa_kogus-tukk","9":"pa_sisaldab-mysnacki-farmist","10":"pa_sisaldab-vegan","12":"first","13":"instock","14":"taxable","15":"shipping-taxable","16":"purchasable","17":"product-type-variable","18":"has-default-attributes"},"yoast_head":"<!-- This site is optimized with the Yoast SEO plugin v27.1.1 - https:\/\/yoast.com\/product\/yoast-seo-wordpress\/ -->\n<title>99% papaia puuviljabatoon 30g | Patuvabad sn\u00e4kid<\/title>\n<meta name=\"description\" content=\"99% papaia puuviljabatoon on valmistatud k\u00f5ige mahlakamatest, p\u00e4ikesek\u00fcpsetest viljadest ning neis on rohkelt rauda ja magneesiumi. Vaata l\u00e4hemalt!\" \/>\n<meta name=\"robots\" content=\"index, follow, max-snippet:-1, max-image-preview:large, max-video-preview:-1\" \/>\n<link rel=\"canonical\" href=\"https:\/\/ellyt.eu\/ko\/\uc81c\ud488\/\ud30c\ud30c\uc57c-\uacfc\uc77c-\ubc14\/\" \/>\n<meta property=\"og:locale\" content=\"ko_KR\" \/>\n<meta property=\"og:type\" content=\"article\" \/>\n<meta property=\"og:title\" content=\"99% papaia puuviljabatoon 30g | Patuvabad sn\u00e4kid\" \/>\n<meta property=\"og:description\" content=\"99% papaia puuviljabatoon on valmistatud k\u00f5ige mahlakamatest, p\u00e4ikesek\u00fcpsetest viljadest ning neis on rohkelt rauda ja magneesiumi. Vaata l\u00e4hemalt!\" \/>\n<meta property=\"og:url\" content=\"https:\/\/ellyt.eu\/ko\/\uc81c\ud488\/\ud30c\ud30c\uc57c-\uacfc\uc77c-\ubc14\/\" \/>\n<meta property=\"og:site_name\" content=\"Ellyt\" \/>\n<meta property=\"article:publisher\" content=\"https:\/\/www.facebook.com\/MySnack.ee\/\" \/>\n<meta property=\"article:modified_time\" content=\"2026-02-27T12:19:13+00:00\" \/>\n<meta property=\"og:image\" content=\"https:\/\/ellyt.eu\/wp-content\/uploads\/2024\/05\/Papaiabatoon.png\" \/>\n\t<meta property=\"og:image:width\" content=\"1080\" \/>\n\t<meta property=\"og:image:height\" content=\"1080\" \/>\n\t<meta property=\"og:image:type\" content=\"image\/png\" \/>\n<meta name=\"twitter:card\" content=\"summary_large_image\" \/>\n<meta name=\"twitter:label1\" content=\"\uc608\uc0c1 \ub418\ub294 \ud310\ub3c5 \uc2dc\uac04\" \/>\n\t<meta name=\"twitter:data1\" content=\"1\ubd84\" \/>\n<script type=\"application\/ld+json\" class=\"yoast-schema-graph\">{\"@context\":\"https:\/\/schema.org\",\"@graph\":[{\"@type\":\"WebPage\",\"@id\":\"https:\/\/ellyt.eu\/toode\/papaia-puuviljabatoon\/\",\"url\":\"https:\/\/ellyt.eu\/toode\/papaia-puuviljabatoon\/\",\"name\":\"99% papaia puuviljabatoon 30g | Patuvabad sn\u00e4kid\",\"isPartOf\":{\"@id\":\"https:\/\/ellyt.eu\/#website\"},\"primaryImageOfPage\":{\"@id\":\"https:\/\/ellyt.eu\/toode\/papaia-puuviljabatoon\/#primaryimage\"},\"image\":{\"@id\":\"https:\/\/ellyt.eu\/toode\/papaia-puuviljabatoon\/#primaryimage\"},\"thumbnailUrl\":\"https:\/\/ellyt.eu\/wp-content\/uploads\/2024\/05\/Papaiabatoon.png\",\"datePublished\":\"2024-06-03T15:17:36+00:00\",\"dateModified\":\"2026-02-27T12:19:13+00:00\",\"description\":\"99% papaia puuviljabatoon on valmistatud k\u00f5ige mahlakamatest, p\u00e4ikesek\u00fcpsetest viljadest ning neis on rohkelt rauda ja magneesiumi. Vaata l\u00e4hemalt!\",\"breadcrumb\":{\"@id\":\"https:\/\/ellyt.eu\/toode\/papaia-puuviljabatoon\/#breadcrumb\"},\"inLanguage\":\"ko-KR\",\"potentialAction\":[{\"@type\":\"ReadAction\",\"target\":[\"https:\/\/ellyt.eu\/toode\/papaia-puuviljabatoon\/\"]}]},{\"@type\":\"ImageObject\",\"inLanguage\":\"ko-KR\",\"@id\":\"https:\/\/ellyt.eu\/toode\/papaia-puuviljabatoon\/#primaryimage\",\"url\":\"https:\/\/ellyt.eu\/wp-content\/uploads\/2024\/05\/Papaiabatoon.png\",\"contentUrl\":\"https:\/\/ellyt.eu\/wp-content\/uploads\/2024\/05\/Papaiabatoon.png\",\"width\":1080,\"height\":1080,\"caption\":\"Papaia puuviljabatoon\"},{\"@type\":\"BreadcrumbList\",\"@id\":\"https:\/\/ellyt.eu\/toode\/papaia-puuviljabatoon\/#breadcrumb\",\"itemListElement\":[{\"@type\":\"ListItem\",\"position\":1,\"name\":\"Esileht\",\"item\":\"https:\/\/ellyt.eu\/\"},{\"@type\":\"ListItem\",\"position\":2,\"name\":\"Pood\",\"item\":\"https:\/\/ellyt.eu\/pood\/\"},{\"@type\":\"ListItem\",\"position\":3,\"name\":\"99% papaia puuviljabatoon 30g\"}]},{\"@type\":\"WebSite\",\"@id\":\"https:\/\/ellyt.eu\/#website\",\"url\":\"https:\/\/ellyt.eu\/\",\"name\":\"Ellyt\",\"description\":\"Ellyt E-Pood\",\"publisher\":{\"@id\":\"https:\/\/ellyt.eu\/#organization\"},\"potentialAction\":[{\"@type\":\"SearchAction\",\"target\":{\"@type\":\"EntryPoint\",\"urlTemplate\":\"https:\/\/ellyt.eu\/?s={search_term_string}\"},\"query-input\":{\"@type\":\"PropertyValueSpecification\",\"valueRequired\":true,\"valueName\":\"search_term_string\"}}],\"inLanguage\":\"ko-KR\"},{\"@type\":\"Organization\",\"@id\":\"https:\/\/ellyt.eu\/#organization\",\"name\":\"MySnack\",\"url\":\"https:\/\/ellyt.eu\/\",\"logo\":{\"@type\":\"ImageObject\",\"inLanguage\":\"ko-KR\",\"@id\":\"https:\/\/ellyt.eu\/#\/schema\/logo\/image\/\",\"url\":\"https:\/\/mysnack.shop\/wp-content\/uploads\/2023\/09\/MySnack_logo.png\",\"contentUrl\":\"https:\/\/mysnack.shop\/wp-content\/uploads\/2023\/09\/MySnack_logo.png\",\"width\":400,\"height\":148,\"caption\":\"MySnack\"},\"image\":{\"@id\":\"https:\/\/ellyt.eu\/#\/schema\/logo\/image\/\"},\"sameAs\":[\"https:\/\/www.facebook.com\/MySnack.ee\/\",\"https:\/\/www.instagram.com\/mysnack_eesti\/\"]}]}<\/script>\n<!-- \/ Yoast SEO plugin. -->","yoast_head_json":{"title":"99% \ud30c\ud30c\uc57c \uacfc\uc77c\ubc14 30g | \uc8c4\ucc45\uac10 \uc5c6\ub294 \uac04\uc2dd","description":"99% \ud30c\ud30c\uc57c \uacfc\uc77c\ubc14\ub294 \uac00\uc7a5 \uacfc\uc999\uc774 \ud48d\ubd80\ud558\uace0 \ud587\ubcd5\uc5d0 \uc798 \uc775\uc740 \uacfc\uc77c\ub85c \ub9cc\ub4e4\uc5b4\uc84c\uc73c\uba70 \ucca0\ubd84\uacfc \ub9c8\uadf8\ub124\uc298\uc774 \ud48d\ubd80\ud569\ub2c8\ub2e4. \uc790\uc138\ud788 \uc0b4\ud3b4\ubcf4\uc138\uc694!","robots":{"index":"index","follow":"follow","max-snippet":"max-snippet:-1","max-image-preview":"max-image-preview:large","max-video-preview":"max-video-preview:-1"},"canonical":"https:\/\/ellyt.eu\/ko\/\uc81c\ud488\/\ud30c\ud30c\uc57c-\uacfc\uc77c-\ubc14\/","og_locale":"ko_KR","og_type":"article","og_title":"99% papaia puuviljabatoon 30g | Patuvabad sn\u00e4kid","og_description":"99% papaia puuviljabatoon on valmistatud k\u00f5ige mahlakamatest, p\u00e4ikesek\u00fcpsetest viljadest ning neis on rohkelt rauda ja magneesiumi. Vaata l\u00e4hemalt!","og_url":"https:\/\/ellyt.eu\/ko\/\uc81c\ud488\/\ud30c\ud30c\uc57c-\uacfc\uc77c-\ubc14\/","og_site_name":"Ellyt","article_publisher":"https:\/\/www.facebook.com\/MySnack.ee\/","article_modified_time":"2026-02-27T12:19:13+00:00","og_image":[{"width":1080,"height":1080,"url":"https:\/\/ellyt.eu\/wp-content\/uploads\/2024\/05\/Papaiabatoon.png","type":"image\/png"}],"twitter_card":"summary_large_image","twitter_misc":{"\uc608\uc0c1 \ub418\ub294 \ud310\ub3c5 \uc2dc\uac04":"1\ubd84"},"schema":{"@context":"https:\/\/schema.org","@graph":[{"@type":"WebPage","@id":"https:\/\/ellyt.eu\/toode\/papaia-puuviljabatoon\/","url":"https:\/\/ellyt.eu\/toode\/papaia-puuviljabatoon\/","name":"99% \ud30c\ud30c\uc57c \uacfc\uc77c\ubc14 30g | \uc8c4\ucc45\uac10 \uc5c6\ub294 \uac04\uc2dd","isPartOf":{"@id":"https:\/\/ellyt.eu\/#website"},"primaryImageOfPage":{"@id":"https:\/\/ellyt.eu\/toode\/papaia-puuviljabatoon\/#primaryimage"},"image":{"@id":"https:\/\/ellyt.eu\/toode\/papaia-puuviljabatoon\/#primaryimage"},"thumbnailUrl":"https:\/\/ellyt.eu\/wp-content\/uploads\/2024\/05\/Papaiabatoon.png","datePublished":"2024-06-03T15:17:36+00:00","dateModified":"2026-02-27T12:19:13+00:00","description":"99% \ud30c\ud30c\uc57c \uacfc\uc77c\ubc14\ub294 \uac00\uc7a5 \uacfc\uc999\uc774 \ud48d\ubd80\ud558\uace0 \ud587\ubcd5\uc5d0 \uc798 \uc775\uc740 \uacfc\uc77c\ub85c \ub9cc\ub4e4\uc5b4\uc84c\uc73c\uba70 \ucca0\ubd84\uacfc \ub9c8\uadf8\ub124\uc298\uc774 \ud48d\ubd80\ud569\ub2c8\ub2e4. \uc790\uc138\ud788 \uc0b4\ud3b4\ubcf4\uc138\uc694!","breadcrumb":{"@id":"https:\/\/ellyt.eu\/toode\/papaia-puuviljabatoon\/#breadcrumb"},"inLanguage":"ko-KR","potentialAction":[{"@type":"ReadAction","target":["https:\/\/ellyt.eu\/toode\/papaia-puuviljabatoon\/"]}]},{"@type":"ImageObject","inLanguage":"ko-KR","@id":"https:\/\/ellyt.eu\/toode\/papaia-puuviljabatoon\/#primaryimage","url":"https:\/\/ellyt.eu\/wp-content\/uploads\/2024\/05\/Papaiabatoon.png","contentUrl":"https:\/\/ellyt.eu\/wp-content\/uploads\/2024\/05\/Papaiabatoon.png","width":1080,"height":1080,"caption":"Papaia puuviljabatoon"},{"@type":"BreadcrumbList","@id":"https:\/\/ellyt.eu\/toode\/papaia-puuviljabatoon\/#breadcrumb","itemListElement":[{"@type":"ListItem","position":1,"name":"Esileht","item":"https:\/\/ellyt.eu\/"},{"@type":"ListItem","position":2,"name":"Pood","item":"https:\/\/ellyt.eu\/pood\/"},{"@type":"ListItem","position":3,"name":"99% papaia puuviljabatoon 30g"}]},{"@type":"WebSite","@id":"https:\/\/ellyt.eu\/#website","url":"https:\/\/ellyt.eu\/","name":"\uc5d8\ub9ac","description":"\uc5d8\ub9ac\ud2b8 \uc628\ub77c\uc778 \uc1fc\ud551\ubab0","publisher":{"@id":"https:\/\/ellyt.eu\/#organization"},"potentialAction":[{"@type":"SearchAction","target":{"@type":"EntryPoint","urlTemplate":"https:\/\/ellyt.eu\/?s={search_term_string}"},"query-input":{"@type":"PropertyValueSpecification","valueRequired":true,"valueName":"search_term_string"}}],"inLanguage":"ko-KR"},{"@type":"Organization","@id":"https:\/\/ellyt.eu\/#organization","name":"\ub9c8\uc774\uc2a4\ub0b5","url":"https:\/\/ellyt.eu\/","logo":{"@type":"ImageObject","inLanguage":"ko-KR","@id":"https:\/\/ellyt.eu\/#\/schema\/logo\/image\/","url":"https:\/\/mysnack.shop\/wp-content\/uploads\/2023\/09\/MySnack_logo.png","contentUrl":"https:\/\/mysnack.shop\/wp-content\/uploads\/2023\/09\/MySnack_logo.png","width":400,"height":148,"caption":"MySnack"},"image":{"@id":"https:\/\/ellyt.eu\/#\/schema\/logo\/image\/"},"sameAs":["https:\/\/www.facebook.com\/MySnack.ee\/","https:\/\/www.instagram.com\/mysnack_eesti\/"]}]}},"_links":{"self":[{"href":"https:\/\/ellyt.eu\/ko\/wp-json\/wp\/v2\/product\/23119","targetHints":{"allow":["GET"]}}],"collection":[{"href":"https:\/\/ellyt.eu\/ko\/wp-json\/wp\/v2\/product"}],"about":[{"href":"https:\/\/ellyt.eu\/ko\/wp-json\/wp\/v2\/types\/product"}],"wp:featuredmedia":[{"embeddable":true,"href":"https:\/\/ellyt.eu\/ko\/wp-json\/wp\/v2\/media\/22666"}],"wp:attachment":[{"href":"https:\/\/ellyt.eu\/ko\/wp-json\/wp\/v2\/media?parent=23119"}],"wp:term":[{"taxonomy":"product_brand","embeddable":true,"href":"https:\/\/ellyt.eu\/ko\/wp-json\/wp\/v2\/product_brand?post=23119"},{"taxonomy":"product_cat","embeddable":true,"href":"https:\/\/ellyt.eu\/ko\/wp-json\/wp\/v2\/product_cat?post=23119"},{"taxonomy":"product_tag","embeddable":true,"href":"https:\/\/ellyt.eu\/ko\/wp-json\/wp\/v2\/product_tag?post=23119"}],"curies":[{"name":"wp","href":"https:\/\/api.w.org\/{rel}","templated":true}]}}