{"id":23120,"date":"2024-06-03T18:28:11","date_gmt":"2024-06-03T15:28:11","guid":{"rendered":"https:\/\/mysnack.ee\/?post_type=product&#038;p=23120"},"modified":"2026-02-27T14:19:01","modified_gmt":"2026-02-27T12:19:01","slug":"draakonivili-puuviljabatoon","status":"publish","type":"product","link":"https:\/\/ellyt.eu\/ko\/product\/draakonivili-puuviljabatoon\/","title":{"rendered":"100% \ub4dc\ub798\uace4\ud504\ub8e8\ud2b8 \ubc14 30g"},"content":{"rendered":"<div style=\"width: 1920px;\" class=\"wp-video\"><video class=\"wp-video-shortcode\" id=\"video-23120-1\" width=\"1920\" height=\"1080\" poster=\"https:\/\/ellyt.eu\/wp-content\/uploads\/2024\/06\/MySnack-draakonivili.jpg\" preload=\"metadata\" controls=\"controls\"><source type=\"video\/quicktime\" src=\"https:\/\/ellyt.eu\/wp-content\/uploads\/2024\/06\/draakonivili-kodukale.mov?_=1\" \/><a href=\"https:\/\/ellyt.eu\/wp-content\/uploads\/2024\/06\/draakonivili-kodukale.mov\">https:\/\/ellyt.eu\/wp-content\/uploads\/2024\/06\/draakonivili-kodukale.mov<\/a><\/video><\/div>\n<p>&nbsp;<\/p>\n<p><strong>\uc218\ub7c9:<\/strong> 30g<\/p>\n<p><strong>\uc81c\ud488 100g\ub2f9 \ud3c9\uade0 \ud568\uc720\ub7c9:<\/strong><\/p>\n<table style=\"height: 206px;\" width=\"346\">\n<tbody>\n<tr>\n<td>\uc5d0\ub108\uc9c0 \ud568\ub7c9<\/td>\n<td>351kcal \/ 1468kJ<\/td>\n<\/tr>\n<tr>\n<td>\uc9c0\ubc29<\/td>\n<td>4.6g<\/td>\n<\/tr>\n<tr>\n<td>\u00a0 \u00a0 \uadf8\uc911 \ud3ec\ud654\uc9c0\ubc29\uc0b0<\/td>\n<td>0g<\/td>\n<\/tr>\n<tr>\n<td>\ud0c4\uc218\ud654\ubb3c<\/td>\n<td>67.7g<\/td>\n<\/tr>\n<tr>\n<td>\u00a0 \u00a0 \uadf8\uc911 \ub2f9\ub958<\/td>\n<td>59.52g<\/td>\n<\/tr>\n<tr>\n<td>\uc12c\uc720<\/td>\n<td>7.54\uadf8\ub7a8<\/td>\n<\/tr>\n<tr>\n<td>\ub2e8\ubc31\uc9c8<\/td>\n<td>9.69g<\/td>\n<\/tr>\n<tr>\n<td>\uc18c\uae08<\/td>\n<td>0g<\/td>\n<\/tr>\n<\/tbody>\n<\/table>\n<div id=\"accel-snackbar\" style=\"left: 50%; top: 50px;\"><\/div>","protected":false},"excerpt":{"rendered":"<p>\uc6a9\uacfc \ubc14\ub294 \uc798 \uc775\uc740 \ub2ec\ucf64\ud55c \uacfc\uc77c\uacfc \ucc9c\uc5f0 \ube44\ud0c0\ubbfc\uc73c\ub85c\ub9cc \ub9cc\ub4e4\uc5b4\uc84c\uc2b5\ub2c8\ub2e4. \uac00\ubc29\uc5d0 \ub123\uc5b4 \ub2e4\ub2c8\uae30 \uc88b\uc740 \uc6a9\uacfc \ubc14\ub294 \ud587\ubcd5\uc744 \ud53c\ud558\uace0 \uc77c\uc0c1\uc758 \uac71\uc815\uc744 \uc7a0\uc2dc \uc78a\uace0 \uc2f6\uc744 \ub54c \uac04\ud3b8\ud558\uac8c \uc990\uae38 \uc218 \uc788\uc2b5\ub2c8\ub2e4. \uc6a9\uacfc(\ud53c\ud0c0\uc57c)\ub294 \uc2dd\uc774\uc12c\uc720\uc640 \ube44\ud0c0\ubbfc\uc774 \ud48d\ubd80\ud569\ub2c8\ub2e4.<\/p>\n<p>\ub9c8\uc774\uc2a4\ub0b5 \uacfc\uc77c\ubc14\ub294 \ubaa8\ub450 \uc790\uccb4 \ub808\uc2dc\ud53c\ub85c \ub9cc\ub4e4\uc5b4\uc9d1\ub2c8\ub2e4. \ub18d\ucd95\uc561\uc774\ub098 \ubd88\ud544\uc694\ud55c \ucca8\uac00\ubb3c\uc740 \ub2e8 \ud55c \ubc29\uc6b8\ub3c4 \ub4e4\uc5b4\uac00\uc9c0 \uc54a\uc2b5\ub2c8\ub2e4. \uc800\ud76c \ub18d\uc7a5\uc5d0\uc11c \uc9c1\uc811 \uc7ac\ubc30\ud558\uac70\ub098 \ub18d\uc7a5 \uadfc\ucc98\uc5d0\uc11c \uc0dd\uc0b0\ud558\uae30 \ub54c\ubb38\uc5d0 \uc218\ud655\uc774 \ub35c \ub41c \uacfc\uc77c\uc744 \uc804 \uc138\uacc4\ub85c \uc6b4\uc1a1\ud560 \ud544\uc694\uac00 \uc5c6\uc2b5\ub2c8\ub2e4. \uc774\ub7ec\ud55c \ubc29\uc2dd\uc73c\ub85c \uacfc\uc77c \ubcf8\uc5f0\uc758 \uc601\uc591\uac00\ub97c \ucd5c\ub300\ud55c \ubcf4\uc874\ud558\uba74\uc11c \ud658\uacbd\uc5d0 \ubbf8\uce58\ub294 \uc545\uc601\ud5a5\ub3c4 \uc904\uc77c \uc218 \uc788\uc2b5\ub2c8\ub2e4.<\/p>\n<ul>\n<li style=\"list-style-type: none;\">\n<ul>\n<li>\uace0\uc12c\uc720\uc9c8 \ud568\ub7c9<\/li>\n<li>\uc81c\ud488 100g\uc5d0\ub294 \ube44\ud0c0\ubbfc E 1\uc77c \uad8c\uc7a5\ub7c9\uc758 0.461 TP3T, \uce7c\uc298 1\uc77c \uad8c\uc7a5\ub7c9\uc758 0.261 TP3T, \uc624\uba54\uac00-6 \uc9c0\ubc29\uc0b0 3.08g, \uc624\uba54\uac00-9 \uc9c0\ubc29\uc0b0 1.54g\uc774 \ud568\uc720\ub418\uc5b4 \uc788\uc2b5\ub2c8\ub2e4.<\/li>\n<li>\ubb34\uc124\ud0d5<\/li>\n<li>\ucc9c\uc5f0 \ub2e8\ub9db\uc744 \uc9c0\ub2c8\uace0 \uc788\uc73c\uba70, \uacfc\uc77c\uc5d0 \uc790\uc5f0\uc801\uc73c\ub85c \ud568\uc720\ub41c \ub2f9\ubd84\uc744 \ud3ec\ud568\ud558\uace0 \uc788\uc2b5\ub2c8\ub2e4.<\/li>\n<li>\uc544\ud669\uc0b0\uc5fc \ubb34\ucca8\uac00<\/li>\n<li>\uae00\ub8e8\ud150 \ud504\ub9ac<\/li>\n<li>\uc798 \uc775\uc740 \uc6a9\uacfc 360g\uc744 \uc0ac\uc6a9\ud558\uc5ec \ucd08\ucf5c\ub9bf \ubc14 \ud558\ub098\ub97c \ub9cc\ub4ed\ub2c8\ub2e4.<\/li>\n<li>\ube44\uac74 \ucc44\uc2dd\uc8fc\uc758\uc790\uc5d0\uac8c \uc801\ud569\ud569\ub2c8\ub2e4<\/li>\n<\/ul>\n<\/li>\n<\/ul>\n<p><strong>\uc7ac\ub8cc:<\/strong> \uc6a9\uacfc 100%. \ube44\uac74 \ucc44\uc2dd\uc8fc\uc758\uc790\uc5d0\uac8c \uc801\ud569\ud569\ub2c8\ub2e4.<\/p>\n<p>\uc11c\ub298\ud558\uace0 \uac74\uc870\ud55c \uacf3\uc5d0 \ubcf4\uad00\ud558\uc2ed\uc2dc\uc624.<\/p>\n<div id=\"accel-snackbar\" style=\"left: 50%; top: 50px;\"><\/div>","protected":false},"featured_media":22675,"template":"","meta":{"inline_featured_image":false},"product_brand":[],"product_cat":[675],"product_tag":[],"class_list":{"0":"post-23120","1":"product","2":"type-product","3":"status-publish","4":"has-post-thumbnail","6":"product_cat-puuviljabatoonid","7":"pa_kogus-kast","8":"pa_kogus-tukk","9":"pa_sisaldab-mysnacki-farmist","10":"pa_sisaldab-vegan","12":"first","13":"instock","14":"taxable","15":"shipping-taxable","16":"purchasable","17":"product-type-variable","18":"has-default-attributes"},"yoast_head":"<!-- This site is optimized with the Yoast SEO plugin v27.1.1 - https:\/\/yoast.com\/product\/yoast-seo-wordpress\/ -->\n<title>100% draakonivilja puuviljabatoon 30g | Patuvabad sn\u00e4kid<\/title>\n<meta name=\"description\" content=\"100% draakonivilja puuviljabatoon on valmistatud p\u00e4ikesek\u00fcpsest draakoniviljast ehk pitaiast, millest leiab rohkelt kiudaineid ning vitamiine.\" \/>\n<meta name=\"robots\" content=\"index, follow, max-snippet:-1, max-image-preview:large, max-video-preview:-1\" \/>\n<link rel=\"canonical\" href=\"https:\/\/ellyt.eu\/ko\/\uc81c\ud488\/draakonivili-puuviljabatoon\/\" \/>\n<meta property=\"og:locale\" content=\"ko_KR\" \/>\n<meta property=\"og:type\" content=\"article\" \/>\n<meta property=\"og:title\" content=\"100% draakonivilja puuviljabatoon 30g | Patuvabad sn\u00e4kid\" \/>\n<meta property=\"og:description\" content=\"100% draakonivilja puuviljabatoon on valmistatud p\u00e4ikesek\u00fcpsest draakoniviljast ehk pitaiast, millest leiab rohkelt kiudaineid ning vitamiine.\" \/>\n<meta property=\"og:url\" content=\"https:\/\/ellyt.eu\/ko\/\uc81c\ud488\/draakonivili-puuviljabatoon\/\" \/>\n<meta property=\"og:site_name\" content=\"Ellyt\" \/>\n<meta property=\"article:publisher\" content=\"https:\/\/www.facebook.com\/MySnack.ee\/\" \/>\n<meta property=\"article:modified_time\" content=\"2026-02-27T12:19:01+00:00\" \/>\n<meta property=\"og:image\" content=\"https:\/\/ellyt.eu\/wp-content\/uploads\/2024\/05\/Draakoniviljabatoon.png\" \/>\n\t<meta property=\"og:image:width\" content=\"1080\" \/>\n\t<meta property=\"og:image:height\" content=\"1080\" \/>\n\t<meta property=\"og:image:type\" content=\"image\/png\" \/>\n<meta name=\"twitter:card\" content=\"summary_large_image\" \/>\n<meta name=\"twitter:label1\" content=\"\uc608\uc0c1 \ub418\ub294 \ud310\ub3c5 \uc2dc\uac04\" \/>\n\t<meta name=\"twitter:data1\" content=\"1\ubd84\" \/>\n<script type=\"application\/ld+json\" class=\"yoast-schema-graph\">{\"@context\":\"https:\/\/schema.org\",\"@graph\":[{\"@type\":\"WebPage\",\"@id\":\"https:\/\/ellyt.eu\/toode\/draakonivili-puuviljabatoon\/\",\"url\":\"https:\/\/ellyt.eu\/toode\/draakonivili-puuviljabatoon\/\",\"name\":\"100% draakonivilja puuviljabatoon 30g | Patuvabad sn\u00e4kid\",\"isPartOf\":{\"@id\":\"https:\/\/ellyt.eu\/#website\"},\"primaryImageOfPage\":{\"@id\":\"https:\/\/ellyt.eu\/toode\/draakonivili-puuviljabatoon\/#primaryimage\"},\"image\":{\"@id\":\"https:\/\/ellyt.eu\/toode\/draakonivili-puuviljabatoon\/#primaryimage\"},\"thumbnailUrl\":\"https:\/\/ellyt.eu\/wp-content\/uploads\/2024\/05\/Draakoniviljabatoon.png\",\"datePublished\":\"2024-06-03T15:28:11+00:00\",\"dateModified\":\"2026-02-27T12:19:01+00:00\",\"description\":\"100% draakonivilja puuviljabatoon on valmistatud p\u00e4ikesek\u00fcpsest draakoniviljast ehk pitaiast, millest leiab rohkelt kiudaineid ning vitamiine.\",\"breadcrumb\":{\"@id\":\"https:\/\/ellyt.eu\/toode\/draakonivili-puuviljabatoon\/#breadcrumb\"},\"inLanguage\":\"ko-KR\",\"potentialAction\":[{\"@type\":\"ReadAction\",\"target\":[\"https:\/\/ellyt.eu\/toode\/draakonivili-puuviljabatoon\/\"]}]},{\"@type\":\"ImageObject\",\"inLanguage\":\"ko-KR\",\"@id\":\"https:\/\/ellyt.eu\/toode\/draakonivili-puuviljabatoon\/#primaryimage\",\"url\":\"https:\/\/ellyt.eu\/wp-content\/uploads\/2024\/05\/Draakoniviljabatoon.png\",\"contentUrl\":\"https:\/\/ellyt.eu\/wp-content\/uploads\/2024\/05\/Draakoniviljabatoon.png\",\"width\":1080,\"height\":1080,\"caption\":\"Draakonivilja puuviljabatoon\"},{\"@type\":\"BreadcrumbList\",\"@id\":\"https:\/\/ellyt.eu\/toode\/draakonivili-puuviljabatoon\/#breadcrumb\",\"itemListElement\":[{\"@type\":\"ListItem\",\"position\":1,\"name\":\"Esileht\",\"item\":\"https:\/\/ellyt.eu\/\"},{\"@type\":\"ListItem\",\"position\":2,\"name\":\"Pood\",\"item\":\"https:\/\/ellyt.eu\/pood\/\"},{\"@type\":\"ListItem\",\"position\":3,\"name\":\"100% draakonivilja puuviljabatoon 30g\"}]},{\"@type\":\"WebSite\",\"@id\":\"https:\/\/ellyt.eu\/#website\",\"url\":\"https:\/\/ellyt.eu\/\",\"name\":\"Ellyt\",\"description\":\"Ellyt E-Pood\",\"publisher\":{\"@id\":\"https:\/\/ellyt.eu\/#organization\"},\"potentialAction\":[{\"@type\":\"SearchAction\",\"target\":{\"@type\":\"EntryPoint\",\"urlTemplate\":\"https:\/\/ellyt.eu\/?s={search_term_string}\"},\"query-input\":{\"@type\":\"PropertyValueSpecification\",\"valueRequired\":true,\"valueName\":\"search_term_string\"}}],\"inLanguage\":\"ko-KR\"},{\"@type\":\"Organization\",\"@id\":\"https:\/\/ellyt.eu\/#organization\",\"name\":\"MySnack\",\"url\":\"https:\/\/ellyt.eu\/\",\"logo\":{\"@type\":\"ImageObject\",\"inLanguage\":\"ko-KR\",\"@id\":\"https:\/\/ellyt.eu\/#\/schema\/logo\/image\/\",\"url\":\"https:\/\/mysnack.shop\/wp-content\/uploads\/2023\/09\/MySnack_logo.png\",\"contentUrl\":\"https:\/\/mysnack.shop\/wp-content\/uploads\/2023\/09\/MySnack_logo.png\",\"width\":400,\"height\":148,\"caption\":\"MySnack\"},\"image\":{\"@id\":\"https:\/\/ellyt.eu\/#\/schema\/logo\/image\/\"},\"sameAs\":[\"https:\/\/www.facebook.com\/MySnack.ee\/\",\"https:\/\/www.instagram.com\/mysnack_eesti\/\"]}]}<\/script>\n<!-- \/ Yoast SEO plugin. -->","yoast_head_json":{"title":"100% \ub4dc\ub798\uace4\ud504\ub8e8\ud2b8 \ubc14 30g | \uc8c4\ucc45\uac10 \uc5c6\ub294 \uac04\uc2dd","description":"100% \ub4dc\ub798\uace4\ud504\ub8e8\ud2b8 \ubc14\ub294 \ud587\ubcd5\uc5d0 \uc798 \uc775\uc740 \ub4dc\ub798\uace4\ud504\ub8e8\ud2b8(\ud53c\ud0c0\uc57c)\ub85c \ub9cc\ub4e4\uc5b4\uc84c\uc73c\uba70, \uc12c\uc720\uc9c8\uacfc \ube44\ud0c0\ubbfc\uc774 \ud48d\ubd80\ud569\ub2c8\ub2e4.","robots":{"index":"index","follow":"follow","max-snippet":"max-snippet:-1","max-image-preview":"max-image-preview:large","max-video-preview":"max-video-preview:-1"},"canonical":"https:\/\/ellyt.eu\/ko\/\uc81c\ud488\/draakonivili-puuviljabatoon\/","og_locale":"ko_KR","og_type":"article","og_title":"100% draakonivilja puuviljabatoon 30g | Patuvabad sn\u00e4kid","og_description":"100% draakonivilja puuviljabatoon on valmistatud p\u00e4ikesek\u00fcpsest draakoniviljast ehk pitaiast, millest leiab rohkelt kiudaineid ning vitamiine.","og_url":"https:\/\/ellyt.eu\/ko\/\uc81c\ud488\/draakonivili-puuviljabatoon\/","og_site_name":"Ellyt","article_publisher":"https:\/\/www.facebook.com\/MySnack.ee\/","article_modified_time":"2026-02-27T12:19:01+00:00","og_image":[{"width":1080,"height":1080,"url":"https:\/\/ellyt.eu\/wp-content\/uploads\/2024\/05\/Draakoniviljabatoon.png","type":"image\/png"}],"twitter_card":"summary_large_image","twitter_misc":{"\uc608\uc0c1 \ub418\ub294 \ud310\ub3c5 \uc2dc\uac04":"1\ubd84"},"schema":{"@context":"https:\/\/schema.org","@graph":[{"@type":"WebPage","@id":"https:\/\/ellyt.eu\/toode\/draakonivili-puuviljabatoon\/","url":"https:\/\/ellyt.eu\/toode\/draakonivili-puuviljabatoon\/","name":"100% \ub4dc\ub798\uace4\ud504\ub8e8\ud2b8 \ubc14 30g | \uc8c4\ucc45\uac10 \uc5c6\ub294 \uac04\uc2dd","isPartOf":{"@id":"https:\/\/ellyt.eu\/#website"},"primaryImageOfPage":{"@id":"https:\/\/ellyt.eu\/toode\/draakonivili-puuviljabatoon\/#primaryimage"},"image":{"@id":"https:\/\/ellyt.eu\/toode\/draakonivili-puuviljabatoon\/#primaryimage"},"thumbnailUrl":"https:\/\/ellyt.eu\/wp-content\/uploads\/2024\/05\/Draakoniviljabatoon.png","datePublished":"2024-06-03T15:28:11+00:00","dateModified":"2026-02-27T12:19:01+00:00","description":"100% \ub4dc\ub798\uace4\ud504\ub8e8\ud2b8 \ubc14\ub294 \ud587\ubcd5\uc5d0 \uc798 \uc775\uc740 \ub4dc\ub798\uace4\ud504\ub8e8\ud2b8(\ud53c\ud0c0\uc57c)\ub85c \ub9cc\ub4e4\uc5b4\uc84c\uc73c\uba70, \uc12c\uc720\uc9c8\uacfc \ube44\ud0c0\ubbfc\uc774 \ud48d\ubd80\ud569\ub2c8\ub2e4.","breadcrumb":{"@id":"https:\/\/ellyt.eu\/toode\/draakonivili-puuviljabatoon\/#breadcrumb"},"inLanguage":"ko-KR","potentialAction":[{"@type":"ReadAction","target":["https:\/\/ellyt.eu\/toode\/draakonivili-puuviljabatoon\/"]}]},{"@type":"ImageObject","inLanguage":"ko-KR","@id":"https:\/\/ellyt.eu\/toode\/draakonivili-puuviljabatoon\/#primaryimage","url":"https:\/\/ellyt.eu\/wp-content\/uploads\/2024\/05\/Draakoniviljabatoon.png","contentUrl":"https:\/\/ellyt.eu\/wp-content\/uploads\/2024\/05\/Draakoniviljabatoon.png","width":1080,"height":1080,"caption":"Draakonivilja puuviljabatoon"},{"@type":"BreadcrumbList","@id":"https:\/\/ellyt.eu\/toode\/draakonivili-puuviljabatoon\/#breadcrumb","itemListElement":[{"@type":"ListItem","position":1,"name":"Esileht","item":"https:\/\/ellyt.eu\/"},{"@type":"ListItem","position":2,"name":"Pood","item":"https:\/\/ellyt.eu\/pood\/"},{"@type":"ListItem","position":3,"name":"100% draakonivilja puuviljabatoon 30g"}]},{"@type":"WebSite","@id":"https:\/\/ellyt.eu\/#website","url":"https:\/\/ellyt.eu\/","name":"\uc5d8\ub9ac","description":"\uc5d8\ub9ac\ud2b8 \uc628\ub77c\uc778 \uc1fc\ud551\ubab0","publisher":{"@id":"https:\/\/ellyt.eu\/#organization"},"potentialAction":[{"@type":"SearchAction","target":{"@type":"EntryPoint","urlTemplate":"https:\/\/ellyt.eu\/?s={search_term_string}"},"query-input":{"@type":"PropertyValueSpecification","valueRequired":true,"valueName":"search_term_string"}}],"inLanguage":"ko-KR"},{"@type":"Organization","@id":"https:\/\/ellyt.eu\/#organization","name":"\ub9c8\uc774\uc2a4\ub0b5","url":"https:\/\/ellyt.eu\/","logo":{"@type":"ImageObject","inLanguage":"ko-KR","@id":"https:\/\/ellyt.eu\/#\/schema\/logo\/image\/","url":"https:\/\/mysnack.shop\/wp-content\/uploads\/2023\/09\/MySnack_logo.png","contentUrl":"https:\/\/mysnack.shop\/wp-content\/uploads\/2023\/09\/MySnack_logo.png","width":400,"height":148,"caption":"MySnack"},"image":{"@id":"https:\/\/ellyt.eu\/#\/schema\/logo\/image\/"},"sameAs":["https:\/\/www.facebook.com\/MySnack.ee\/","https:\/\/www.instagram.com\/mysnack_eesti\/"]}]}},"_links":{"self":[{"href":"https:\/\/ellyt.eu\/ko\/wp-json\/wp\/v2\/product\/23120","targetHints":{"allow":["GET"]}}],"collection":[{"href":"https:\/\/ellyt.eu\/ko\/wp-json\/wp\/v2\/product"}],"about":[{"href":"https:\/\/ellyt.eu\/ko\/wp-json\/wp\/v2\/types\/product"}],"wp:featuredmedia":[{"embeddable":true,"href":"https:\/\/ellyt.eu\/ko\/wp-json\/wp\/v2\/media\/22675"}],"wp:attachment":[{"href":"https:\/\/ellyt.eu\/ko\/wp-json\/wp\/v2\/media?parent=23120"}],"wp:term":[{"taxonomy":"product_brand","embeddable":true,"href":"https:\/\/ellyt.eu\/ko\/wp-json\/wp\/v2\/product_brand?post=23120"},{"taxonomy":"product_cat","embeddable":true,"href":"https:\/\/ellyt.eu\/ko\/wp-json\/wp\/v2\/product_cat?post=23120"},{"taxonomy":"product_tag","embeddable":true,"href":"https:\/\/ellyt.eu\/ko\/wp-json\/wp\/v2\/product_tag?post=23120"}],"curies":[{"name":"wp","href":"https:\/\/api.w.org\/{rel}","templated":true}]}}