{"id":24103,"date":"2024-08-14T18:37:46","date_gmt":"2024-08-14T15:37:46","guid":{"rendered":"https:\/\/mysnack.ee\/?post_type=product&#038;p=24103"},"modified":"2025-06-30T11:57:30","modified_gmt":"2025-06-30T08:57:30","slug":"pehme-kuivatatud-draakonivili-60g","status":"publish","type":"product","link":"https:\/\/ellyt.eu\/ko\/product\/pehme-kuivatatud-draakonivili-60g\/","title":{"rendered":"\ubd80\ub4dc\ub7fd\uac8c \ub9d0\ub9b0 \uc6a9\uacfc 60g"},"content":{"rendered":"<p><strong>\uc218\ub7c9:<\/strong> 80g<\/p>\n<p><strong>\uc81c\ud488 100g\ub2f9 \ud3c9\uade0 \ud568\uc720\ub7c9:<\/strong><\/p>\n<table>\n<tbody>\n<tr>\n<td>\uc5d0\ub108\uc9c0 \ud568\ub7c9<\/td>\n<td>1468kJ \/ 351kcal<\/td>\n<\/tr>\n<tr>\n<td>\uc9c0\ubc29<\/td>\n<td>4.6g<\/td>\n<\/tr>\n<tr>\n<td>\u00a0 \u00a0 \uadf8\uc911 \ud3ec\ud654\uc9c0\ubc29\uc0b0<\/td>\n<td>0g<\/td>\n<\/tr>\n<tr>\n<td>\u00a0 \u00a0 \uadf8\uc911 \ub2e4\uc911\ubd88\ud3ec\ud654\uc9c0\ubc29\uc0b0<\/td>\n<td>3.08\uadf8\ub7a8<\/td>\n<\/tr>\n<tr>\n<td>\u00a0 \u00a0 \u00a0 \u00a0 \uc624\uba54\uac00 6<\/td>\n<td>3.08\uadf8\ub7a8<\/td>\n<\/tr>\n<tr>\n<td>\u00a0 \u00a0 \u00a0 \u00a0 \uc624\uba54\uac00 9<\/td>\n<td>1.54\uadf8\ub7a8<\/td>\n<\/tr>\n<tr>\n<td>\ud0c4\uc218\ud654\ubb3c<\/td>\n<td>67.7g<\/td>\n<\/tr>\n<tr>\n<td>\u00a0 \u00a0 \uadf8\uc911 \ub2f9\ub958<\/td>\n<td>59.52g<\/td>\n<\/tr>\n<tr>\n<td>\uc12c\uc720<\/td>\n<td>7.54\uadf8\ub7a8<\/td>\n<\/tr>\n<tr>\n<td>\ub2e8\ubc31\uc9c8<\/td>\n<td>9.69g<\/td>\n<\/tr>\n<tr>\n<td>\uc18c\uae08<\/td>\n<td>0g<\/td>\n<\/tr>\n<\/tbody>\n<\/table>\n<div id=\"accel-snackbar\" style=\"left: 50%; top: 50px;\"><\/div>","protected":false},"excerpt":{"rendered":"<p><span data-sheets-value=\"{&quot;1&quot;:2,&quot;2&quot;:&quot;Troopiline draakonivili toob killukese p\u00e4ikest ka sombustesse p\u00e4evadesse. Pehmetes kuivatatud draakonivilja viiludes on s\u00e4ilinud k\u00f5ik maitseomadused ja vitamiinid, sh vitamiin E ja kaltsium. Pehmuse loomiseks ja parima maitse tagamiseks on vaid lisatud killuke roosuhkrut. P\u00f5nev ja tervislik maius nii lastele kui t\u00e4iskasvanutele!nn- Looduslikult magusa ja v\u00e4rvikireva draakonivilja viiludn- S\u00f6\u00f6 kohe v\u00f5i kasuta kaunistusenan- Kiudainete allikasn- Sobib veganitele&quot;}\" data-sheets-userformat=\"{&quot;2&quot;:769,&quot;3&quot;:{&quot;1&quot;:0},&quot;11&quot;:4,&quot;12&quot;:0}\">\uc5f4\ub300 \uacfc\uc77c \uc6a9\uacfc\ub294 \ud750\ub9b0 \ub0a0\uc5d0\ub3c4 \ub530\uc2a4\ud55c \ud587\uc0b4\uc744 \uc120\uc0ac\ud569\ub2c8\ub2e4. \ubd80\ub4dc\ub7fd\uac8c \ub9d0\ub9b0 \uc6a9\uacfc \uc2ac\ub77c\uc774\uc2a4\ub294 \uc124\ud0d5\uc744 \ucca8\uac00\ud558\uc9c0 \uc54a\uc544 \ube44\ud0c0\ubbfc E\uc640 \uce7c\uc298\uc744 \ube44\ub86f\ud55c \ubaa8\ub4e0 \ud48d\ubbf8\uc640 \ube44\ud0c0\ubbfc\uc744 \uadf8\ub300\ub85c \uc720\uc9c0\ud558\uace0 \uc788\uc2b5\ub2c8\ub2e4. \uc544\uc774\ub4e4\uacfc \uc5b4\ub978 \ubaa8\ub450\uc5d0\uac8c \uc990\uac81\uace0 \uac74\uac15\ud55c \uac04\uc2dd\uc785\ub2c8\ub2e4!<br \/>\n<\/span><\/p>\n<ul>\n<li style=\"list-style-type: none;\">\n<ul>\n<li>\uace0\uc12c\uc720\uc9c8 \ud568\ub7c9<\/li>\n<li>\ube44\ud0c0\ubbfc E\uc640 \uce7c\uc298 \ud568\ub7c9\uc774 \ub192\uc2b5\ub2c8\ub2e4 (\uac74\uacfc\uc77c 100g\uc5d0\ub294 \ube44\ud0c0\ubbfc E 1\uc77c \uad8c\uc7a5\ub7c9\uc758 0.461T, \uce7c\uc298 1\uc77c \uad8c\uc7a5\ub7c9\uc758 0.261T\uac00 \ud568\uc720\ub418\uc5b4 \uc788\uc2b5\ub2c8\ub2e4).<\/li>\n<li>\ubb34\uc124\ud0d5<\/li>\n<li>\uc544\ud669\uc0b0\uc5fc \ubb34\ucca8\uac00<\/li>\n<li><span data-sheets-value=\"{&quot;1&quot;:2,&quot;2&quot;:&quot;Troopiline draakonivili toob killukese p\u00e4ikest ka sombustesse p\u00e4evadesse. Pehmetes kuivatatud draakonivilja viiludes on s\u00e4ilinud k\u00f5ik maitseomadused ja vitamiinid, sh vitamiin E ja kaltsium. Pehmuse loomiseks ja parima maitse tagamiseks on vaid lisatud killuke roosuhkrut. P\u00f5nev ja tervislik maius nii lastele kui t\u00e4iskasvanutele!nn- Looduslikult magusa ja v\u00e4rvikireva draakonivilja viiludn- S\u00f6\u00f6 kohe v\u00f5i kasuta kaunistusenan- Kiudainete allikasn- Sobib veganitele&quot;}\" data-sheets-userformat=\"{&quot;2&quot;:769,&quot;3&quot;:{&quot;1&quot;:0},&quot;11&quot;:4,&quot;12&quot;:0}\">\ubc14\ub85c \ub4dc\uc2dc\uac70\ub098 \ud398\uc774\uc2a4\ud2b8\ub9ac\ub098 \ucf00\uc774\ud06c \uc7a5\uc2dd\uc73c\ub85c \uc0ac\uc6a9\ud558\uc138\uc694.<\/span><span data-sheets-value=\"{&quot;1&quot;:2,&quot;2&quot;:&quot;Troopiline draakonivili toob killukese p\u00e4ikest ka sombustesse p\u00e4evadesse. Pehmetes kuivatatud draakonivilja viiludes on s\u00e4ilinud k\u00f5ik maitseomadused ja vitamiinid, sh vitamiin E ja kaltsium. Pehmuse loomiseks ja parima maitse tagamiseks on vaid lisatud killuke roosuhkrut. P\u00f5nev ja tervislik maius nii lastele kui t\u00e4iskasvanutele!nn- Looduslikult magusa ja v\u00e4rvikireva draakonivilja viiludn- S\u00f6\u00f6 kohe v\u00f5i kasuta kaunistusenan- Kiudainete allikasn- Sobib veganitele&quot;}\" data-sheets-userformat=\"{&quot;2&quot;:769,&quot;3&quot;:{&quot;1&quot;:0},&quot;11&quot;:4,&quot;12&quot;:0}\"><br \/>\n<\/span><\/li>\n<li>\uc798 \uc775\uc740 \uc6a9\uacfc 960g\uc744 \uc0ac\uc6a9\ud558\uc5ec \uac74\uc870 \uc81c\ud488 80g\uc744 \ub9cc\ub4ed\ub2c8\ub2e4.<\/li>\n<li><span data-sheets-value=\"{&quot;1&quot;:2,&quot;2&quot;:&quot;Troopiline draakonivili toob killukese p\u00e4ikest ka sombustesse p\u00e4evadesse. Pehmetes kuivatatud draakonivilja viiludes on s\u00e4ilinud k\u00f5ik maitseomadused ja vitamiinid, sh vitamiin E ja kaltsium. Pehmuse loomiseks ja parima maitse tagamiseks on vaid lisatud killuke roosuhkrut. P\u00f5nev ja tervislik maius nii lastele kui t\u00e4iskasvanutele!nn- Looduslikult magusa ja v\u00e4rvikireva draakonivilja viiludn- S\u00f6\u00f6 kohe v\u00f5i kasuta kaunistusenan- Kiudainete allikasn- Sobib veganitele&quot;}\" data-sheets-userformat=\"{&quot;2&quot;:769,&quot;3&quot;:{&quot;1&quot;:0},&quot;11&quot;:4,&quot;12&quot;:0}\"> \ube44\uac74 \ucc44\uc2dd\uc8fc\uc758\uc790\uc5d0\uac8c \uc801\ud569\ud569\ub2c8\ub2e4<\/span><\/li>\n<\/ul>\n<\/li>\n<\/ul>\n<p><strong>\uc7ac\ub8cc:<\/strong> \ubd89\uc740 \uc6a9\uacfc (100%).<\/p>\n<p>\uc11c\ub298\ud558\uace0 \uac74\uc870\ud55c \uacf3\uc5d0 \ubcf4\uad00\ud558\uc2ed\uc2dc\uc624.<\/p>\n<div id=\"accel-snackbar\" style=\"left: 50%; top: 50px;\"><\/div>","protected":false},"featured_media":24991,"template":"","meta":{"inline_featured_image":false},"product_brand":[],"product_cat":[428,171],"product_tag":[],"class_list":{"0":"post-24103","1":"product","2":"type-product","3":"status-publish","4":"has-post-thumbnail","6":"product_cat-pehmed-kuivatatud-puuviljad","7":"product_cat-magusad-snakid","8":"pa_kogus-kast","9":"pa_kogus-tukk","10":"pa_sisaldab-gluteenivaba","11":"pa_sisaldab-laktoosivaba","12":"pa_sisaldab-mysnacki-farmist","13":"pa_sisaldab-vegan","15":"first","16":"instock","17":"taxable","18":"shipping-taxable","19":"purchasable","20":"product-type-variable","21":"has-default-attributes"},"yoast_head":"<!-- This site is optimized with the Yoast SEO plugin v27.1.1 - https:\/\/yoast.com\/product\/yoast-seo-wordpress\/ -->\n<title>Pehme kuivatatud draakonivili 60g | Patuvabad sn\u00e4kid<\/title>\n<meta name=\"description\" content=\"Maitserikas, mahlane, vitamiinirohke, aromaatne ja troopiline kuivatatud pehme draakonivili. Sobib ka veganitele. Vaata l\u00e4hemalt!\" \/>\n<meta name=\"robots\" content=\"index, follow, max-snippet:-1, max-image-preview:large, max-video-preview:-1\" \/>\n<link rel=\"canonical\" href=\"https:\/\/ellyt.eu\/ko\/\uc81c\ud488\/pehme-kuivatatud-draakonivili-60g\/\" \/>\n<meta property=\"og:locale\" content=\"ko_KR\" \/>\n<meta property=\"og:type\" content=\"article\" \/>\n<meta property=\"og:title\" content=\"Pehme kuivatatud draakonivili 60g | Patuvabad sn\u00e4kid\" \/>\n<meta property=\"og:description\" content=\"Maitserikas, mahlane, vitamiinirohke, aromaatne ja troopiline kuivatatud pehme draakonivili. Sobib ka veganitele. Vaata l\u00e4hemalt!\" \/>\n<meta property=\"og:url\" content=\"https:\/\/ellyt.eu\/ko\/\uc81c\ud488\/pehme-kuivatatud-draakonivili-60g\/\" \/>\n<meta property=\"og:site_name\" content=\"Ellyt\" \/>\n<meta property=\"article:publisher\" content=\"https:\/\/www.facebook.com\/MySnack.ee\/\" \/>\n<meta property=\"article:modified_time\" content=\"2025-06-30T08:57:30+00:00\" \/>\n<meta property=\"og:image\" content=\"https:\/\/ellyt.eu\/wp-content\/uploads\/2024\/08\/DragonFruit.png\" \/>\n\t<meta property=\"og:image:width\" content=\"1432\" \/>\n\t<meta property=\"og:image:height\" content=\"1432\" \/>\n\t<meta property=\"og:image:type\" content=\"image\/png\" \/>\n<meta name=\"twitter:card\" content=\"summary_large_image\" \/>\n<meta name=\"twitter:label1\" content=\"\uc608\uc0c1 \ub418\ub294 \ud310\ub3c5 \uc2dc\uac04\" \/>\n\t<meta name=\"twitter:data1\" content=\"1\ubd84\" \/>\n<script type=\"application\/ld+json\" class=\"yoast-schema-graph\">{\"@context\":\"https:\/\/schema.org\",\"@graph\":[{\"@type\":\"WebPage\",\"@id\":\"https:\/\/ellyt.eu\/toode\/pehme-kuivatatud-draakonivili-60g\/\",\"url\":\"https:\/\/ellyt.eu\/toode\/pehme-kuivatatud-draakonivili-60g\/\",\"name\":\"Pehme kuivatatud draakonivili 60g | Patuvabad sn\u00e4kid\",\"isPartOf\":{\"@id\":\"https:\/\/ellyt.eu\/#website\"},\"primaryImageOfPage\":{\"@id\":\"https:\/\/ellyt.eu\/toode\/pehme-kuivatatud-draakonivili-60g\/#primaryimage\"},\"image\":{\"@id\":\"https:\/\/ellyt.eu\/toode\/pehme-kuivatatud-draakonivili-60g\/#primaryimage\"},\"thumbnailUrl\":\"https:\/\/ellyt.eu\/wp-content\/uploads\/2024\/08\/DragonFruit.png\",\"datePublished\":\"2024-08-14T15:37:46+00:00\",\"dateModified\":\"2025-06-30T08:57:30+00:00\",\"description\":\"Maitserikas, mahlane, vitamiinirohke, aromaatne ja troopiline kuivatatud pehme draakonivili. Sobib ka veganitele. Vaata l\u00e4hemalt!\",\"breadcrumb\":{\"@id\":\"https:\/\/ellyt.eu\/toode\/pehme-kuivatatud-draakonivili-60g\/#breadcrumb\"},\"inLanguage\":\"ko-KR\",\"potentialAction\":[{\"@type\":\"ReadAction\",\"target\":[\"https:\/\/ellyt.eu\/toode\/pehme-kuivatatud-draakonivili-60g\/\"]}]},{\"@type\":\"ImageObject\",\"inLanguage\":\"ko-KR\",\"@id\":\"https:\/\/ellyt.eu\/toode\/pehme-kuivatatud-draakonivili-60g\/#primaryimage\",\"url\":\"https:\/\/ellyt.eu\/wp-content\/uploads\/2024\/08\/DragonFruit.png\",\"contentUrl\":\"https:\/\/ellyt.eu\/wp-content\/uploads\/2024\/08\/DragonFruit.png\",\"width\":1432,\"height\":1432},{\"@type\":\"BreadcrumbList\",\"@id\":\"https:\/\/ellyt.eu\/toode\/pehme-kuivatatud-draakonivili-60g\/#breadcrumb\",\"itemListElement\":[{\"@type\":\"ListItem\",\"position\":1,\"name\":\"Esileht\",\"item\":\"https:\/\/ellyt.eu\/\"},{\"@type\":\"ListItem\",\"position\":2,\"name\":\"Pood\",\"item\":\"https:\/\/ellyt.eu\/pood\/\"},{\"@type\":\"ListItem\",\"position\":3,\"name\":\"Pehme kuivatatud draakonivili 60g\"}]},{\"@type\":\"WebSite\",\"@id\":\"https:\/\/ellyt.eu\/#website\",\"url\":\"https:\/\/ellyt.eu\/\",\"name\":\"Ellyt\",\"description\":\"Ellyt E-Pood\",\"publisher\":{\"@id\":\"https:\/\/ellyt.eu\/#organization\"},\"potentialAction\":[{\"@type\":\"SearchAction\",\"target\":{\"@type\":\"EntryPoint\",\"urlTemplate\":\"https:\/\/ellyt.eu\/?s={search_term_string}\"},\"query-input\":{\"@type\":\"PropertyValueSpecification\",\"valueRequired\":true,\"valueName\":\"search_term_string\"}}],\"inLanguage\":\"ko-KR\"},{\"@type\":\"Organization\",\"@id\":\"https:\/\/ellyt.eu\/#organization\",\"name\":\"MySnack\",\"url\":\"https:\/\/ellyt.eu\/\",\"logo\":{\"@type\":\"ImageObject\",\"inLanguage\":\"ko-KR\",\"@id\":\"https:\/\/ellyt.eu\/#\/schema\/logo\/image\/\",\"url\":\"https:\/\/mysnack.shop\/wp-content\/uploads\/2023\/09\/MySnack_logo.png\",\"contentUrl\":\"https:\/\/mysnack.shop\/wp-content\/uploads\/2023\/09\/MySnack_logo.png\",\"width\":400,\"height\":148,\"caption\":\"MySnack\"},\"image\":{\"@id\":\"https:\/\/ellyt.eu\/#\/schema\/logo\/image\/\"},\"sameAs\":[\"https:\/\/www.facebook.com\/MySnack.ee\/\",\"https:\/\/www.instagram.com\/mysnack_eesti\/\"]}]}<\/script>\n<!-- \/ Yoast SEO plugin. -->","yoast_head_json":{"title":"\ubd80\ub4dc\ub7fd\uac8c \ub9d0\ub9b0 \uc6a9\uacfc 60g | \uc8c4\ucc45\uac10 \uc5c6\uc774 \uc990\uae30\ub294 \uac04\uc2dd","description":"\ub9db\uc788\uace0, \uacfc\uc999\uc774 \ud48d\ubd80\ud558\uba70, \ube44\ud0c0\ubbfc\uc774 \uac00\ub4dd\ud558\uace0, \ud5a5\uae0b\ud55c \uc5f4\ub300 \uacfc\uc77c \ud5a5\uc774 \ub098\ub294 \ub9d0\ub9b0 \uc6a9\uacfc\uc785\ub2c8\ub2e4. \ube44\uac74 \ucc44\uc2dd\uc8fc\uc758\uc790\ub3c4 \ub4dc\uc2e4 \uc218 \uc788\uc2b5\ub2c8\ub2e4. \uc790\uc138\ud788 \uc0b4\ud3b4\ubcf4\uc138\uc694!","robots":{"index":"index","follow":"follow","max-snippet":"max-snippet:-1","max-image-preview":"max-image-preview:large","max-video-preview":"max-video-preview:-1"},"canonical":"https:\/\/ellyt.eu\/ko\/\uc81c\ud488\/pehme-kuivatatud-draakonivili-60g\/","og_locale":"ko_KR","og_type":"article","og_title":"Pehme kuivatatud draakonivili 60g | Patuvabad sn\u00e4kid","og_description":"Maitserikas, mahlane, vitamiinirohke, aromaatne ja troopiline kuivatatud pehme draakonivili. Sobib ka veganitele. Vaata l\u00e4hemalt!","og_url":"https:\/\/ellyt.eu\/ko\/\uc81c\ud488\/pehme-kuivatatud-draakonivili-60g\/","og_site_name":"Ellyt","article_publisher":"https:\/\/www.facebook.com\/MySnack.ee\/","article_modified_time":"2025-06-30T08:57:30+00:00","og_image":[{"width":1432,"height":1432,"url":"https:\/\/ellyt.eu\/wp-content\/uploads\/2024\/08\/DragonFruit.png","type":"image\/png"}],"twitter_card":"summary_large_image","twitter_misc":{"\uc608\uc0c1 \ub418\ub294 \ud310\ub3c5 \uc2dc\uac04":"1\ubd84"},"schema":{"@context":"https:\/\/schema.org","@graph":[{"@type":"WebPage","@id":"https:\/\/ellyt.eu\/toode\/pehme-kuivatatud-draakonivili-60g\/","url":"https:\/\/ellyt.eu\/toode\/pehme-kuivatatud-draakonivili-60g\/","name":"\ubd80\ub4dc\ub7fd\uac8c \ub9d0\ub9b0 \uc6a9\uacfc 60g | \uc8c4\ucc45\uac10 \uc5c6\uc774 \uc990\uae30\ub294 \uac04\uc2dd","isPartOf":{"@id":"https:\/\/ellyt.eu\/#website"},"primaryImageOfPage":{"@id":"https:\/\/ellyt.eu\/toode\/pehme-kuivatatud-draakonivili-60g\/#primaryimage"},"image":{"@id":"https:\/\/ellyt.eu\/toode\/pehme-kuivatatud-draakonivili-60g\/#primaryimage"},"thumbnailUrl":"https:\/\/ellyt.eu\/wp-content\/uploads\/2024\/08\/DragonFruit.png","datePublished":"2024-08-14T15:37:46+00:00","dateModified":"2025-06-30T08:57:30+00:00","description":"\ub9db\uc788\uace0, \uacfc\uc999\uc774 \ud48d\ubd80\ud558\uba70, \ube44\ud0c0\ubbfc\uc774 \uac00\ub4dd\ud558\uace0, \ud5a5\uae0b\ud55c \uc5f4\ub300 \uacfc\uc77c \ud5a5\uc774 \ub098\ub294 \ub9d0\ub9b0 \uc6a9\uacfc\uc785\ub2c8\ub2e4. \ube44\uac74 \ucc44\uc2dd\uc8fc\uc758\uc790\ub3c4 \ub4dc\uc2e4 \uc218 \uc788\uc2b5\ub2c8\ub2e4. \uc790\uc138\ud788 \uc0b4\ud3b4\ubcf4\uc138\uc694!","breadcrumb":{"@id":"https:\/\/ellyt.eu\/toode\/pehme-kuivatatud-draakonivili-60g\/#breadcrumb"},"inLanguage":"ko-KR","potentialAction":[{"@type":"ReadAction","target":["https:\/\/ellyt.eu\/toode\/pehme-kuivatatud-draakonivili-60g\/"]}]},{"@type":"ImageObject","inLanguage":"ko-KR","@id":"https:\/\/ellyt.eu\/toode\/pehme-kuivatatud-draakonivili-60g\/#primaryimage","url":"https:\/\/ellyt.eu\/wp-content\/uploads\/2024\/08\/DragonFruit.png","contentUrl":"https:\/\/ellyt.eu\/wp-content\/uploads\/2024\/08\/DragonFruit.png","width":1432,"height":1432},{"@type":"BreadcrumbList","@id":"https:\/\/ellyt.eu\/toode\/pehme-kuivatatud-draakonivili-60g\/#breadcrumb","itemListElement":[{"@type":"ListItem","position":1,"name":"Esileht","item":"https:\/\/ellyt.eu\/"},{"@type":"ListItem","position":2,"name":"Pood","item":"https:\/\/ellyt.eu\/pood\/"},{"@type":"ListItem","position":3,"name":"Pehme kuivatatud draakonivili 60g"}]},{"@type":"WebSite","@id":"https:\/\/ellyt.eu\/#website","url":"https:\/\/ellyt.eu\/","name":"\uc5d8\ub9ac","description":"\uc5d8\ub9ac\ud2b8 \uc628\ub77c\uc778 \uc1fc\ud551\ubab0","publisher":{"@id":"https:\/\/ellyt.eu\/#organization"},"potentialAction":[{"@type":"SearchAction","target":{"@type":"EntryPoint","urlTemplate":"https:\/\/ellyt.eu\/?s={search_term_string}"},"query-input":{"@type":"PropertyValueSpecification","valueRequired":true,"valueName":"search_term_string"}}],"inLanguage":"ko-KR"},{"@type":"Organization","@id":"https:\/\/ellyt.eu\/#organization","name":"\ub9c8\uc774\uc2a4\ub0b5","url":"https:\/\/ellyt.eu\/","logo":{"@type":"ImageObject","inLanguage":"ko-KR","@id":"https:\/\/ellyt.eu\/#\/schema\/logo\/image\/","url":"https:\/\/mysnack.shop\/wp-content\/uploads\/2023\/09\/MySnack_logo.png","contentUrl":"https:\/\/mysnack.shop\/wp-content\/uploads\/2023\/09\/MySnack_logo.png","width":400,"height":148,"caption":"MySnack"},"image":{"@id":"https:\/\/ellyt.eu\/#\/schema\/logo\/image\/"},"sameAs":["https:\/\/www.facebook.com\/MySnack.ee\/","https:\/\/www.instagram.com\/mysnack_eesti\/"]}]}},"_links":{"self":[{"href":"https:\/\/ellyt.eu\/ko\/wp-json\/wp\/v2\/product\/24103","targetHints":{"allow":["GET"]}}],"collection":[{"href":"https:\/\/ellyt.eu\/ko\/wp-json\/wp\/v2\/product"}],"about":[{"href":"https:\/\/ellyt.eu\/ko\/wp-json\/wp\/v2\/types\/product"}],"wp:featuredmedia":[{"embeddable":true,"href":"https:\/\/ellyt.eu\/ko\/wp-json\/wp\/v2\/media\/24991"}],"wp:attachment":[{"href":"https:\/\/ellyt.eu\/ko\/wp-json\/wp\/v2\/media?parent=24103"}],"wp:term":[{"taxonomy":"product_brand","embeddable":true,"href":"https:\/\/ellyt.eu\/ko\/wp-json\/wp\/v2\/product_brand?post=24103"},{"taxonomy":"product_cat","embeddable":true,"href":"https:\/\/ellyt.eu\/ko\/wp-json\/wp\/v2\/product_cat?post=24103"},{"taxonomy":"product_tag","embeddable":true,"href":"https:\/\/ellyt.eu\/ko\/wp-json\/wp\/v2\/product_tag?post=24103"}],"curies":[{"name":"wp","href":"https:\/\/api.w.org\/{rel}","templated":true}]}}