{"id":24130,"date":"2025-01-02T11:59:42","date_gmt":"2024-08-18T13:36:21","guid":{"rendered":"https:\/\/mysnack.ee\/?post_type=product&#038;p=24130"},"modified":"2026-03-17T08:23:03","modified_gmt":"2026-03-17T06:23:03","slug":"pehme-kuivatatud-papaia-80-g","status":"publish","type":"product","link":"https:\/\/ellyt.eu\/ko\/product\/pehme-kuivatatud-papaia-80-g\/","title":{"rendered":"\ubd80\ub4dc\ub7fd\uac8c \ub9d0\ub9b0 \ud30c\ud30c\uc57c 80g"},"content":{"rendered":"<p><strong>\uc218\ub7c9:<\/strong> 80g<\/p>\n<p><strong>\uc81c\ud488 100g\ub2f9 \ud3c9\uade0 \ud568\uc720\ub7c9:<\/strong><\/p>\n<table style=\"height: 321px;\" width=\"384\">\n<tbody>\n<tr>\n<td>\uc5d0\ub108\uc9c0 \ud568\ub7c9<\/td>\n<td>1381 kJ \/ 330 kcal<\/td>\n<\/tr>\n<tr>\n<td>\uc9c0\ubc29<\/td>\n<td>0.32g<\/td>\n<\/tr>\n<tr>\n<td>\u00a0 \u00a0 \uadf8\uc911 \ud3ec\ud654\uc9c0\ubc29\uc0b0<\/td>\n<td>0g<\/td>\n<\/tr>\n<tr>\n<td>\ud0c4\uc218\ud654\ubb3c<\/td>\n<td>78.5g<\/td>\n<\/tr>\n<tr>\n<td>\u00a0 \u00a0 \uadf8\uc911 \ub2f9\ub958<\/td>\n<td>67.2g<\/td>\n<\/tr>\n<tr>\n<td>\uc12c\uc720<\/td>\n<td>11.5g<\/td>\n<\/tr>\n<tr>\n<td>\ub2e8\ubc31\uc9c8<\/td>\n<td>3.3g<\/td>\n<\/tr>\n<tr>\n<td>\uc18c\uae08<\/td>\n<td>0.27g<\/td>\n<\/tr>\n<\/tbody>\n<\/table>","protected":false},"excerpt":{"rendered":"<p>\ub9d0\ub9b0 \ud30c\ud30c\uc57c\uc5d0\ub294 \uc2ec\uc7a5 \uae30\ub2a5\uc5d0 \uc911\uc694\ud55c \ub9c8\uadf8\ub124\uc298\uc774 \ud568\uc720\ub418\uc5b4 \uc788\ub294\ub370, \uc774\ub294 \uc815\uc0c1\uc801\uc778 \ud608\uc561 \uc21c\ud658\uc744 \uc720\uc9c0\ud558\ub294 \ub370 \ub3c4\uc6c0\uc744 \uc90d\ub2c8\ub2e4. \ub610\ud55c \ud30c\ud30c\uc57c\ub294 \uc18c\ud654\ub97c \ucd09\uc9c4\ud558\uace0 \uc2e0\uc9c4\ub300\uc0ac\ub97c \ud65c\uc131\ud654\ud558\ub294 \ub370\uc5d0\ub3c4 \ud6a8\uacfc\uc801\uc785\ub2c8\ub2e4.<\/p>\n<ul>\n<li style=\"list-style-type: none;\">\n<ul>\n<li>\ucca0\ubd84 \ud568\ub7c9\uc774 \ub192\uc2b5\ub2c8\ub2e4 (\ubcf8 \uc81c\ud488\uc5d0\ub294 1\uc77c \uad8c\uc7a5\ub7c9\uc758 36%\uac00 \ud568\uc720\ub418\uc5b4 \uc788\uc2b5\ub2c8\ub2e4).<\/li>\n<li>\ub9c8\uadf8\ub124\uc298 \uacf5\uae09\uc6d0 (\ubcf8 \ud329\uc5d0\ub294 1\uc77c \ub9c8\uadf8\ub124\uc298 \uad8c\uc7a5\ub7c9\uc758 19%\uac00 \ud568\uc720\ub418\uc5b4 \uc788\uc2b5\ub2c8\ub2e4)<\/li>\n<li>\uc2dd\uc774\uc12c\uc720 \ud568\ub7c9\uc774 \ub192\uc2b5\ub2c8\ub2e4 (1\ud68c \uc81c\uacf5\ub7c9\uc5d0 \ud558\ub8e8 \uad8c\uc7a5\ub7c9\uc758 33%\uac00 \ud568\uc720\ub418\uc5b4 \uc788\uc2b5\ub2c8\ub2e4).<\/li>\n<li>\ubb34\uc124\ud0d5<\/li>\n<li>\ucc9c\uc5f0 \ub2e8\ub9db\uc744 \uc9c0\ub2c8\uace0 \uc788\uc73c\uba70, \uacfc\uc77c\uc5d0 \uc790\uc5f0\uc801\uc73c\ub85c \ud568\uc720\ub41c \ub2f9\ubd84\uc744 \ud3ec\ud568\ud558\uace0 \uc788\uc2b5\ub2c8\ub2e4.<\/li>\n<li>\uae00\ub8e8\ud150 \ud504\ub9ac<\/li>\n<li>\ube44\uac74 \ucc44\uc2dd\uc8fc\uc758\uc790\uc5d0\uac8c \uc801\ud569\ud569\ub2c8\ub2e4<\/li>\n<\/ul>\n<\/li>\n<\/ul>\n<p><strong>\uc7ac\ub8cc:<\/strong> \ud30c\ud30c\uc57c 95%, \uc0b0\ub3c4 \uc870\uc808\uc81c: \uad6c\uc5f0\uc0b0, \ud56d\uc0b0\ud654\uc81c: \uc544\ud669\uc0b0\ub098\ud2b8\ub968.<\/p>\n<p>\uc11c\ub298\ud558\uace0 \uac74\uc870\ud55c \uacf3\uc5d0 \ubcf4\uad00\ud558\uc2ed\uc2dc\uc624.<\/p>","protected":false},"featured_media":24153,"template":"","meta":{"inline_featured_image":false},"product_brand":[],"product_cat":[428,171],"product_tag":[],"class_list":{"0":"post-24130","1":"product","2":"type-product","3":"status-publish","4":"has-post-thumbnail","6":"product_cat-pehmed-kuivatatud-puuviljad","7":"product_cat-magusad-snakid","8":"pa_kogus-kast","9":"pa_kogus-tukk","10":"pa_sisaldab-mysnacki-farmist","12":"first","13":"instock","14":"taxable","15":"shipping-taxable","16":"purchasable","17":"product-type-variable"},"yoast_head":"<!-- This site is optimized with the Yoast SEO plugin v27.1.1 - https:\/\/yoast.com\/product\/yoast-seo-wordpress\/ -->\n<title>Pehme kuivatatud papaia 80g | Patuvabad sn\u00e4kid<\/title>\n<meta name=\"description\" content=\"Kuivatatud papaia on raud- ja kiudainerikas, suurep\u00e4rane magneesiumiallikas, tervislik vahepala kiirel p\u00e4eval. Vaata l\u00e4hemalt!\" \/>\n<meta name=\"robots\" content=\"index, follow, max-snippet:-1, max-image-preview:large, max-video-preview:-1\" \/>\n<link rel=\"canonical\" href=\"https:\/\/ellyt.eu\/ko\/\uc81c\ud488-2\/pehme-kuivatatud-papaia-80-g\/\" \/>\n<meta property=\"og:locale\" content=\"ko_KR\" \/>\n<meta property=\"og:type\" content=\"article\" \/>\n<meta property=\"og:title\" content=\"Pehme kuivatatud papaia 80g | Patuvabad sn\u00e4kid\" \/>\n<meta property=\"og:description\" content=\"Kuivatatud papaia on raud- ja kiudainerikas, suurep\u00e4rane magneesiumiallikas, tervislik vahepala kiirel p\u00e4eval. Vaata l\u00e4hemalt!\" \/>\n<meta property=\"og:url\" content=\"https:\/\/ellyt.eu\/ko\/\uc81c\ud488-2\/pehme-kuivatatud-papaia-80-g\/\" \/>\n<meta property=\"og:site_name\" content=\"Ellyt\" \/>\n<meta property=\"article:publisher\" content=\"https:\/\/www.facebook.com\/MySnack.ee\/\" \/>\n<meta property=\"article:modified_time\" content=\"2026-03-17T06:23:03+00:00\" \/>\n<meta property=\"og:image\" content=\"https:\/\/ellyt.eu\/wp-content\/uploads\/2024\/08\/Papaia-Snack-Pack-front.png\" \/>\n\t<meta property=\"og:image:width\" content=\"1432\" \/>\n\t<meta property=\"og:image:height\" content=\"1432\" \/>\n\t<meta property=\"og:image:type\" content=\"image\/png\" \/>\n<meta name=\"twitter:card\" content=\"summary_large_image\" \/>\n<meta name=\"twitter:label1\" content=\"\uc608\uc0c1 \ub418\ub294 \ud310\ub3c5 \uc2dc\uac04\" \/>\n\t<meta name=\"twitter:data1\" content=\"1\ubd84\" \/>\n<script type=\"application\/ld+json\" class=\"yoast-schema-graph\">{\"@context\":\"https:\/\/schema.org\",\"@graph\":[{\"@type\":\"WebPage\",\"@id\":\"https:\/\/ellyt.eu\/product\/pehme-kuivatatud-papaia-80-g\/\",\"url\":\"https:\/\/ellyt.eu\/product\/pehme-kuivatatud-papaia-80-g\/\",\"name\":\"Pehme kuivatatud papaia 80g | Patuvabad sn\u00e4kid\",\"isPartOf\":{\"@id\":\"https:\/\/ellyt.eu\/#website\"},\"primaryImageOfPage\":{\"@id\":\"https:\/\/ellyt.eu\/product\/pehme-kuivatatud-papaia-80-g\/#primaryimage\"},\"image\":{\"@id\":\"https:\/\/ellyt.eu\/product\/pehme-kuivatatud-papaia-80-g\/#primaryimage\"},\"thumbnailUrl\":\"https:\/\/ellyt.eu\/wp-content\/uploads\/2024\/08\/Papaia-Snack-Pack-front.png\",\"datePublished\":\"2024-08-18T13:36:21+00:00\",\"dateModified\":\"2026-03-17T06:23:03+00:00\",\"description\":\"Kuivatatud papaia on raud- ja kiudainerikas, suurep\u00e4rane magneesiumiallikas, tervislik vahepala kiirel p\u00e4eval. Vaata l\u00e4hemalt!\",\"breadcrumb\":{\"@id\":\"https:\/\/ellyt.eu\/product\/pehme-kuivatatud-papaia-80-g\/#breadcrumb\"},\"inLanguage\":\"ko-KR\",\"potentialAction\":[{\"@type\":\"ReadAction\",\"target\":[\"https:\/\/ellyt.eu\/product\/pehme-kuivatatud-papaia-80-g\/\"]}]},{\"@type\":\"ImageObject\",\"inLanguage\":\"ko-KR\",\"@id\":\"https:\/\/ellyt.eu\/product\/pehme-kuivatatud-papaia-80-g\/#primaryimage\",\"url\":\"https:\/\/ellyt.eu\/wp-content\/uploads\/2024\/08\/Papaia-Snack-Pack-front.png\",\"contentUrl\":\"https:\/\/ellyt.eu\/wp-content\/uploads\/2024\/08\/Papaia-Snack-Pack-front.png\",\"width\":1432,\"height\":1432},{\"@type\":\"BreadcrumbList\",\"@id\":\"https:\/\/ellyt.eu\/product\/pehme-kuivatatud-papaia-80-g\/#breadcrumb\",\"itemListElement\":[{\"@type\":\"ListItem\",\"position\":1,\"name\":\"Esileht\",\"item\":\"https:\/\/ellyt.eu\/\"},{\"@type\":\"ListItem\",\"position\":2,\"name\":\"Pood\",\"item\":\"https:\/\/ellyt.eu\/pood\/\"},{\"@type\":\"ListItem\",\"position\":3,\"name\":\"Pehme kuivatatud papaia 80g\"}]},{\"@type\":\"WebSite\",\"@id\":\"https:\/\/ellyt.eu\/#website\",\"url\":\"https:\/\/ellyt.eu\/\",\"name\":\"Ellyt\",\"description\":\"Ellyt E-Pood\",\"publisher\":{\"@id\":\"https:\/\/ellyt.eu\/#organization\"},\"potentialAction\":[{\"@type\":\"SearchAction\",\"target\":{\"@type\":\"EntryPoint\",\"urlTemplate\":\"https:\/\/ellyt.eu\/?s={search_term_string}\"},\"query-input\":{\"@type\":\"PropertyValueSpecification\",\"valueRequired\":true,\"valueName\":\"search_term_string\"}}],\"inLanguage\":\"ko-KR\"},{\"@type\":\"Organization\",\"@id\":\"https:\/\/ellyt.eu\/#organization\",\"name\":\"MySnack\",\"url\":\"https:\/\/ellyt.eu\/\",\"logo\":{\"@type\":\"ImageObject\",\"inLanguage\":\"ko-KR\",\"@id\":\"https:\/\/ellyt.eu\/#\/schema\/logo\/image\/\",\"url\":\"https:\/\/mysnack.shop\/wp-content\/uploads\/2023\/09\/MySnack_logo.png\",\"contentUrl\":\"https:\/\/mysnack.shop\/wp-content\/uploads\/2023\/09\/MySnack_logo.png\",\"width\":400,\"height\":148,\"caption\":\"MySnack\"},\"image\":{\"@id\":\"https:\/\/ellyt.eu\/#\/schema\/logo\/image\/\"},\"sameAs\":[\"https:\/\/www.facebook.com\/MySnack.ee\/\",\"https:\/\/www.instagram.com\/mysnack_eesti\/\"]}]}<\/script>\n<!-- \/ Yoast SEO plugin. -->","yoast_head_json":{"title":"\ubd80\ub4dc\ub7fd\uac8c \ub9d0\ub9b0 \ud30c\ud30c\uc57c 80g | \uc8c4\ucc45\uac10 \uc5c6\uc774 \uc990\uae30\ub294 \uac04\uc2dd","description":"\ub9d0\ub9b0 \ud30c\ud30c\uc57c\ub294 \ucca0\ubd84\uacfc \uc2dd\uc774\uc12c\uc720\uac00 \ud48d\ubd80\ud558\uace0 \ub9c8\uadf8\ub124\uc298\uc758 \ud6cc\ub96d\ud55c \uacf5\uae09\uc6d0\uc774\uba70, \ubc14\uc05c \ub0a0 \uac04\ud3b8\ud558\uac8c \uc990\uae38 \uc218 \uc788\ub294 \uac74\uac15 \uac04\uc2dd\uc785\ub2c8\ub2e4. \uc790\uc138\ud788 \uc0b4\ud3b4\ubcf4\uc138\uc694!","robots":{"index":"index","follow":"follow","max-snippet":"max-snippet:-1","max-image-preview":"max-image-preview:large","max-video-preview":"max-video-preview:-1"},"canonical":"https:\/\/ellyt.eu\/ko\/\uc81c\ud488-2\/pehme-kuivatatud-papaia-80-g\/","og_locale":"ko_KR","og_type":"article","og_title":"Pehme kuivatatud papaia 80g | Patuvabad sn\u00e4kid","og_description":"Kuivatatud papaia on raud- ja kiudainerikas, suurep\u00e4rane magneesiumiallikas, tervislik vahepala kiirel p\u00e4eval. Vaata l\u00e4hemalt!","og_url":"https:\/\/ellyt.eu\/ko\/\uc81c\ud488-2\/pehme-kuivatatud-papaia-80-g\/","og_site_name":"Ellyt","article_publisher":"https:\/\/www.facebook.com\/MySnack.ee\/","article_modified_time":"2026-03-17T06:23:03+00:00","og_image":[{"width":1432,"height":1432,"url":"https:\/\/ellyt.eu\/wp-content\/uploads\/2024\/08\/Papaia-Snack-Pack-front.png","type":"image\/png"}],"twitter_card":"summary_large_image","twitter_misc":{"\uc608\uc0c1 \ub418\ub294 \ud310\ub3c5 \uc2dc\uac04":"1\ubd84"},"schema":{"@context":"https:\/\/schema.org","@graph":[{"@type":"WebPage","@id":"https:\/\/ellyt.eu\/product\/pehme-kuivatatud-papaia-80-g\/","url":"https:\/\/ellyt.eu\/product\/pehme-kuivatatud-papaia-80-g\/","name":"\ubd80\ub4dc\ub7fd\uac8c \ub9d0\ub9b0 \ud30c\ud30c\uc57c 80g | \uc8c4\ucc45\uac10 \uc5c6\uc774 \uc990\uae30\ub294 \uac04\uc2dd","isPartOf":{"@id":"https:\/\/ellyt.eu\/#website"},"primaryImageOfPage":{"@id":"https:\/\/ellyt.eu\/product\/pehme-kuivatatud-papaia-80-g\/#primaryimage"},"image":{"@id":"https:\/\/ellyt.eu\/product\/pehme-kuivatatud-papaia-80-g\/#primaryimage"},"thumbnailUrl":"https:\/\/ellyt.eu\/wp-content\/uploads\/2024\/08\/Papaia-Snack-Pack-front.png","datePublished":"2024-08-18T13:36:21+00:00","dateModified":"2026-03-17T06:23:03+00:00","description":"\ub9d0\ub9b0 \ud30c\ud30c\uc57c\ub294 \ucca0\ubd84\uacfc \uc2dd\uc774\uc12c\uc720\uac00 \ud48d\ubd80\ud558\uace0 \ub9c8\uadf8\ub124\uc298\uc758 \ud6cc\ub96d\ud55c \uacf5\uae09\uc6d0\uc774\uba70, \ubc14\uc05c \ub0a0 \uac04\ud3b8\ud558\uac8c \uc990\uae38 \uc218 \uc788\ub294 \uac74\uac15 \uac04\uc2dd\uc785\ub2c8\ub2e4. \uc790\uc138\ud788 \uc0b4\ud3b4\ubcf4\uc138\uc694!","breadcrumb":{"@id":"https:\/\/ellyt.eu\/product\/pehme-kuivatatud-papaia-80-g\/#breadcrumb"},"inLanguage":"ko-KR","potentialAction":[{"@type":"ReadAction","target":["https:\/\/ellyt.eu\/product\/pehme-kuivatatud-papaia-80-g\/"]}]},{"@type":"ImageObject","inLanguage":"ko-KR","@id":"https:\/\/ellyt.eu\/product\/pehme-kuivatatud-papaia-80-g\/#primaryimage","url":"https:\/\/ellyt.eu\/wp-content\/uploads\/2024\/08\/Papaia-Snack-Pack-front.png","contentUrl":"https:\/\/ellyt.eu\/wp-content\/uploads\/2024\/08\/Papaia-Snack-Pack-front.png","width":1432,"height":1432},{"@type":"BreadcrumbList","@id":"https:\/\/ellyt.eu\/product\/pehme-kuivatatud-papaia-80-g\/#breadcrumb","itemListElement":[{"@type":"ListItem","position":1,"name":"Esileht","item":"https:\/\/ellyt.eu\/"},{"@type":"ListItem","position":2,"name":"Pood","item":"https:\/\/ellyt.eu\/pood\/"},{"@type":"ListItem","position":3,"name":"Pehme kuivatatud papaia 80g"}]},{"@type":"WebSite","@id":"https:\/\/ellyt.eu\/#website","url":"https:\/\/ellyt.eu\/","name":"\uc5d8\ub9ac","description":"\uc5d8\ub9ac\ud2b8 \uc628\ub77c\uc778 \uc1fc\ud551\ubab0","publisher":{"@id":"https:\/\/ellyt.eu\/#organization"},"potentialAction":[{"@type":"SearchAction","target":{"@type":"EntryPoint","urlTemplate":"https:\/\/ellyt.eu\/?s={search_term_string}"},"query-input":{"@type":"PropertyValueSpecification","valueRequired":true,"valueName":"search_term_string"}}],"inLanguage":"ko-KR"},{"@type":"Organization","@id":"https:\/\/ellyt.eu\/#organization","name":"\ub9c8\uc774\uc2a4\ub0b5","url":"https:\/\/ellyt.eu\/","logo":{"@type":"ImageObject","inLanguage":"ko-KR","@id":"https:\/\/ellyt.eu\/#\/schema\/logo\/image\/","url":"https:\/\/mysnack.shop\/wp-content\/uploads\/2023\/09\/MySnack_logo.png","contentUrl":"https:\/\/mysnack.shop\/wp-content\/uploads\/2023\/09\/MySnack_logo.png","width":400,"height":148,"caption":"MySnack"},"image":{"@id":"https:\/\/ellyt.eu\/#\/schema\/logo\/image\/"},"sameAs":["https:\/\/www.facebook.com\/MySnack.ee\/","https:\/\/www.instagram.com\/mysnack_eesti\/"]}]}},"_links":{"self":[{"href":"https:\/\/ellyt.eu\/ko\/wp-json\/wp\/v2\/product\/24130","targetHints":{"allow":["GET"]}}],"collection":[{"href":"https:\/\/ellyt.eu\/ko\/wp-json\/wp\/v2\/product"}],"about":[{"href":"https:\/\/ellyt.eu\/ko\/wp-json\/wp\/v2\/types\/product"}],"wp:featuredmedia":[{"embeddable":true,"href":"https:\/\/ellyt.eu\/ko\/wp-json\/wp\/v2\/media\/24153"}],"wp:attachment":[{"href":"https:\/\/ellyt.eu\/ko\/wp-json\/wp\/v2\/media?parent=24130"}],"wp:term":[{"taxonomy":"product_brand","embeddable":true,"href":"https:\/\/ellyt.eu\/ko\/wp-json\/wp\/v2\/product_brand?post=24130"},{"taxonomy":"product_cat","embeddable":true,"href":"https:\/\/ellyt.eu\/ko\/wp-json\/wp\/v2\/product_cat?post=24130"},{"taxonomy":"product_tag","embeddable":true,"href":"https:\/\/ellyt.eu\/ko\/wp-json\/wp\/v2\/product_tag?post=24130"}],"curies":[{"name":"wp","href":"https:\/\/api.w.org\/{rel}","templated":true}]}}