{"id":25115,"date":"2024-10-21T15:20:12","date_gmt":"2024-10-21T12:20:12","guid":{"rendered":"https:\/\/mysnack.ee\/?post_type=product&#038;p=25115"},"modified":"2024-11-27T14:46:43","modified_gmt":"2024-11-27T12:46:43","slug":"neli-kinkepakk-magus-kingitus-loodusest","status":"publish","type":"product","link":"https:\/\/ellyt.eu\/ko\/product\/neli-kinkepakk-magus-kingitus-loodusest\/","title":{"rendered":"\uc120\ubb3c \uc138\ud2b8 4\uc885 &quot;\uc790\uc5f0\uc774 \uc8fc\ub294 \ub2ec\ucf64\ud55c \uc120\ubb3c&quot;\u201c"},"content":{"rendered":"","protected":false},"excerpt":{"rendered":"<p>\uc790\uc5f0\uc774 \uc120\uc0ac\ud558\ub294 \ub2ec\ucf64\ud55c \uc120\ubb3c! \uc544\ub984\ub2f5\uac8c \ud3ec\uc7a5\ub41c 4\uac1c\uc758 \uc0c1\uc790\uc5d0\ub294 \uac01\uac01 \uacfc\uc999\uc774 \ud48d\ubd80\ud55c \uacfc\uc77c \ubc14(\uc0c1\uc790\ub2f9 6\uac1c)\uac00 \ub4e4\uc5b4 \uc788\uc2b5\ub2c8\ub2e4.<\/p>\n<ul>\n<li>97% \ub9dd\uace0 \uacfc\uc77c\ubc14 30g<\/li>\n<li>99% \ud30c\ud30c\uc57c \uacfc\uc77c\ubc14 30g<\/li>\n<li>95% \ud328\uc158\ud504\ub8e8\ud2b8 \ubc14 30g<\/li>\n<li>99% \uc790\uce74 \uacfc\uc77c\ubc14 30g<\/li>\n<li>95% \uad6c\uc544\ubc14 \uacfc\uc77c\ubc14 30g<\/li>\n<li>100% \ub4dc\ub798\uace4\ud504\ub8e8\ud2b8 \ubc14 30g<\/li>\n<\/ul>\n<p>Puuviljabatoonid sisaldavad vaid k\u00fcpseid magusaid vilju ja naturaalseid vitamiine. Me kuivatame puuvilju eritehnoloogia abil, mis suudab s\u00e4ilitada k\u00fcpsete viljade maksimaalse toitev\u00e4\u00e4rtuse.\u00a0 Puuviljabatooni on hea kotti pista, et turgutada keha ja vaimu enne t\u00e4htsaid \u00fclesandeid.<\/p>\n<p>\ub9c8\uc774\uc2a4\ub0b5 \uacfc\uc77c\ubc14\ub294 \ubaa8\ub450 \uc790\uccb4 \ub808\uc2dc\ud53c\ub85c \ub9cc\ub4e4\uc5b4\uc9d1\ub2c8\ub2e4. \ub18d\ucd95\uc561\uc774\ub098 \ubd88\ud544\uc694\ud55c \ucca8\uac00\ubb3c\uc740 \ub2e8 \ud55c \ubc29\uc6b8\ub3c4 \ub4e4\uc5b4\uac00\uc9c0 \uc54a\uc2b5\ub2c8\ub2e4. \uc800\ud76c \ub18d\uc7a5\uc5d0\uc11c \uc9c1\uc811 \uc7ac\ubc30\ud558\uac70\ub098 \ub18d\uc7a5 \uadfc\ucc98\uc5d0\uc11c \uc0dd\uc0b0\ud558\uae30 \ub54c\ubb38\uc5d0 \uc218\ud655\uc774 \ub35c \ub41c \uacfc\uc77c\uc744 \uc804 \uc138\uacc4\ub85c \uc6b4\uc1a1\ud560 \ud544\uc694\uac00 \uc5c6\uc2b5\ub2c8\ub2e4. \uc774\ub7ec\ud55c \ubc29\uc2dd\uc73c\ub85c \uacfc\uc77c \ubcf8\uc5f0\uc758 \uc601\uc591\uac00\ub97c \ucd5c\ub300\ud55c \ubcf4\uc874\ud558\uba74\uc11c \ud658\uacbd\uc5d0 \ubbf8\uce58\ub294 \uc545\uc601\ud5a5\ub3c4 \uc904\uc77c \uc218 \uc788\uc2b5\ub2c8\ub2e4.<\/p>\n<ul>\n<li style=\"list-style-type: none;\">\n<ul>\n<li>\ucc9c\uc5f0 \ub2e8\ub9db\uc744 \uc9c0\ub2c8\uace0 \uc788\uc73c\uba70, \uacfc\uc77c\uc5d0 \uc790\uc5f0\uc801\uc73c\ub85c \ud568\uc720\ub41c \ub2f9\ubd84\uc744 \ud3ec\ud568\ud558\uace0 \uc788\uc2b5\ub2c8\ub2e4.<\/li>\n<li>\ubc31\uc124\ud0d5\uc744 \ucca8\uac00\ud558\uc9c0 \uc54a\uc740 \uc81c\ud488\ub3c4 \uc788\uc9c0\ub9cc, \uc77c\ubd80 \uc81c\ud488\uc5d0\ub294 \uc0ac\ud0d5\uc218\uc218 \uc124\ud0d5\uc774 \ucca8\uac00\ub418\uc5b4 \uc788\uc744 \uc218 \uc788\uc2b5\ub2c8\ub2e4. \ub2e8, \uac1c\ub2f9 \ucd5c\ub300 1.5g\uc785\ub2c8\ub2e4!<\/li>\n<li>\uae00\ub8e8\ud150 \ud504\ub9ac<\/li>\n<li>\uc800\ud76c \uacfc\uc77c\uc740 \ud3ec\uc7a5 \uc0c1\ud0dc\uc5d0\uc11c \uc2dc\uac04\uc774 \uc9c0\ub0a8\uc5d0 \ub530\ub77c \uc790\uc5f0\uc2a4\ub7fd\uac8c \uc0c9\uc774 \uc5b4\ub450\uc6cc\uc9c8 \uc218 \uc788\uc2b5\ub2c8\ub2e4. \uc774\ub294 \uacfc\uc77c\ubc14\uc758 \uc2e0\uc120\ub3c4\ub97c \uc720\uc9c0\ud558\uace0 \uacf0\ud321\uc774 \ubc1c\uc0dd\uc744 \ubc29\uc9c0\ud558\uae30 \uc704\ud574 \uc77c\ubc18\uc801\uc73c\ub85c \ucca8\uac00\ub418\ub294 \uc544\ud669\uc0b0\uc5fc\uc758 \uc591\ubcf4\ub2e4 \ud6e8\uc52c \uc801\uc740 \uc591(0.01%)\ub9cc \ucca8\uac00\ud558\uae30 \ub54c\ubb38\uc785\ub2c8\ub2e4.<\/li>\n<\/ul>\n<\/li>\n<\/ul>\n<p>Toodet saab tellida ainult j\u00e4rele tulemisega kontorisse, kuna pakime nad ise k\u00e4sitsi hoole ja armastusega valmis kohapeal!<\/p>\n<p>Meie aadress on Siduri 9, Tallinn. Anna oma tulekust teada, helistades ette +372 5855 4410. Saad meile tulla t\u00f6\u00f6p\u00e4eviti 10.00-16.00 v\u00f5i muul ajal kokkuleppel.<\/p>","protected":false},"featured_media":25544,"template":"","meta":{"inline_featured_image":false},"product_brand":[],"product_cat":[687],"product_tag":[],"class_list":{"0":"post-25115","1":"product","2":"type-product","3":"status-publish","4":"has-post-thumbnail","6":"product_cat-kinkekarbid","7":"product_shipping_class-varsked-marjad","9":"first","10":"instock","11":"taxable","12":"shipping-taxable","13":"purchasable","14":"product-type-simple"},"yoast_head":"<!-- This site is optimized with the Yoast SEO plugin v27.1.1 - https:\/\/yoast.com\/product\/yoast-seo-wordpress\/ -->\n<title>4 kinkepakki &quot;Magus kingitus loodusest&quot; - Ellyt<\/title>\n<meta name=\"description\" content=\"Valik mahlaseid puuviljabatoone (karbis 4tk) kaunis kinkepakis. Puuviljabatoonid sisaldavad vaid k\u00fcpseid magusaid vilju ja naturaalseid vitamiine.\" \/>\n<meta name=\"robots\" content=\"index, follow, max-snippet:-1, max-image-preview:large, max-video-preview:-1\" \/>\n<link rel=\"canonical\" href=\"https:\/\/ellyt.eu\/ko\/\uc81c\ud488\/neli-kinkepakk-magus-kingitus-loodusest\/\" \/>\n<meta property=\"og:locale\" content=\"ko_KR\" \/>\n<meta property=\"og:type\" content=\"article\" \/>\n<meta property=\"og:title\" content=\"4 kinkepakki &quot;Magus kingitus loodusest&quot; - Ellyt\" \/>\n<meta property=\"og:description\" content=\"Valik mahlaseid puuviljabatoone (karbis 4tk) kaunis kinkepakis. Puuviljabatoonid sisaldavad vaid k\u00fcpseid magusaid vilju ja naturaalseid vitamiine.\" \/>\n<meta property=\"og:url\" content=\"https:\/\/ellyt.eu\/ko\/\uc81c\ud488\/neli-kinkepakk-magus-kingitus-loodusest\/\" \/>\n<meta property=\"og:site_name\" content=\"Ellyt\" \/>\n<meta property=\"article:publisher\" content=\"https:\/\/www.facebook.com\/MySnack.ee\/\" \/>\n<meta property=\"article:modified_time\" content=\"2024-11-27T12:46:43+00:00\" \/>\n<meta property=\"og:image\" content=\"https:\/\/ellyt.eu\/wp-content\/uploads\/2024\/10\/Kodulehele-tootepildid-2-800x800.png\" \/>\n\t<meta property=\"og:image:width\" content=\"800\" \/>\n\t<meta property=\"og:image:height\" content=\"800\" \/>\n\t<meta property=\"og:image:type\" content=\"image\/png\" \/>\n<meta name=\"twitter:card\" content=\"summary_large_image\" \/>\n<meta name=\"twitter:label1\" content=\"\uc608\uc0c1 \ub418\ub294 \ud310\ub3c5 \uc2dc\uac04\" \/>\n\t<meta name=\"twitter:data1\" content=\"1\ubd84\" \/>\n<script type=\"application\/ld+json\" class=\"yoast-schema-graph\">{\"@context\":\"https:\/\/schema.org\",\"@graph\":[{\"@type\":\"WebPage\",\"@id\":\"https:\/\/ellyt.eu\/toode\/neli-kinkepakk-magus-kingitus-loodusest\/\",\"url\":\"https:\/\/ellyt.eu\/toode\/neli-kinkepakk-magus-kingitus-loodusest\/\",\"name\":\"4 kinkepakki \\\"Magus kingitus loodusest\\\" - Ellyt\",\"isPartOf\":{\"@id\":\"https:\/\/ellyt.eu\/#website\"},\"primaryImageOfPage\":{\"@id\":\"https:\/\/ellyt.eu\/toode\/neli-kinkepakk-magus-kingitus-loodusest\/#primaryimage\"},\"image\":{\"@id\":\"https:\/\/ellyt.eu\/toode\/neli-kinkepakk-magus-kingitus-loodusest\/#primaryimage\"},\"thumbnailUrl\":\"https:\/\/ellyt.eu\/wp-content\/uploads\/2024\/10\/Kodulehele-tootepildid-2.png\",\"datePublished\":\"2024-10-21T12:20:12+00:00\",\"dateModified\":\"2024-11-27T12:46:43+00:00\",\"description\":\"Valik mahlaseid puuviljabatoone (karbis 4tk) kaunis kinkepakis. Puuviljabatoonid sisaldavad vaid k\u00fcpseid magusaid vilju ja naturaalseid vitamiine.\",\"breadcrumb\":{\"@id\":\"https:\/\/ellyt.eu\/toode\/neli-kinkepakk-magus-kingitus-loodusest\/#breadcrumb\"},\"inLanguage\":\"ko-KR\",\"potentialAction\":[{\"@type\":\"ReadAction\",\"target\":[\"https:\/\/ellyt.eu\/toode\/neli-kinkepakk-magus-kingitus-loodusest\/\"]}]},{\"@type\":\"ImageObject\",\"inLanguage\":\"ko-KR\",\"@id\":\"https:\/\/ellyt.eu\/toode\/neli-kinkepakk-magus-kingitus-loodusest\/#primaryimage\",\"url\":\"https:\/\/ellyt.eu\/wp-content\/uploads\/2024\/10\/Kodulehele-tootepildid-2.png\",\"contentUrl\":\"https:\/\/ellyt.eu\/wp-content\/uploads\/2024\/10\/Kodulehele-tootepildid-2.png\",\"width\":1080,\"height\":1080,\"caption\":\"Kinkepakk Magus kingitus loodusest puuviljabatoonidega\"},{\"@type\":\"BreadcrumbList\",\"@id\":\"https:\/\/ellyt.eu\/toode\/neli-kinkepakk-magus-kingitus-loodusest\/#breadcrumb\",\"itemListElement\":[{\"@type\":\"ListItem\",\"position\":1,\"name\":\"Esileht\",\"item\":\"https:\/\/ellyt.eu\/\"},{\"@type\":\"ListItem\",\"position\":2,\"name\":\"Pood\",\"item\":\"https:\/\/ellyt.eu\/pood\/\"},{\"@type\":\"ListItem\",\"position\":3,\"name\":\"4 kinkepakki &#8220;Magus kingitus loodusest&#8221;\"}]},{\"@type\":\"WebSite\",\"@id\":\"https:\/\/ellyt.eu\/#website\",\"url\":\"https:\/\/ellyt.eu\/\",\"name\":\"Ellyt\",\"description\":\"Ellyt E-Pood\",\"publisher\":{\"@id\":\"https:\/\/ellyt.eu\/#organization\"},\"potentialAction\":[{\"@type\":\"SearchAction\",\"target\":{\"@type\":\"EntryPoint\",\"urlTemplate\":\"https:\/\/ellyt.eu\/?s={search_term_string}\"},\"query-input\":{\"@type\":\"PropertyValueSpecification\",\"valueRequired\":true,\"valueName\":\"search_term_string\"}}],\"inLanguage\":\"ko-KR\"},{\"@type\":\"Organization\",\"@id\":\"https:\/\/ellyt.eu\/#organization\",\"name\":\"MySnack\",\"url\":\"https:\/\/ellyt.eu\/\",\"logo\":{\"@type\":\"ImageObject\",\"inLanguage\":\"ko-KR\",\"@id\":\"https:\/\/ellyt.eu\/#\/schema\/logo\/image\/\",\"url\":\"https:\/\/mysnack.shop\/wp-content\/uploads\/2023\/09\/MySnack_logo.png\",\"contentUrl\":\"https:\/\/mysnack.shop\/wp-content\/uploads\/2023\/09\/MySnack_logo.png\",\"width\":400,\"height\":148,\"caption\":\"MySnack\"},\"image\":{\"@id\":\"https:\/\/ellyt.eu\/#\/schema\/logo\/image\/\"},\"sameAs\":[\"https:\/\/www.facebook.com\/MySnack.ee\/\",\"https:\/\/www.instagram.com\/mysnack_eesti\/\"]}]}<\/script>\n<!-- \/ Yoast SEO plugin. -->","yoast_head_json":{"title":"4 kinkepakki \"Magus kingitus loodusest\" - Ellyt","description":"Valik mahlaseid puuviljabatoone (karbis 4tk) kaunis kinkepakis. Puuviljabatoonid sisaldavad vaid k\u00fcpseid magusaid vilju ja naturaalseid vitamiine.","robots":{"index":"index","follow":"follow","max-snippet":"max-snippet:-1","max-image-preview":"max-image-preview:large","max-video-preview":"max-video-preview:-1"},"canonical":"https:\/\/ellyt.eu\/ko\/\uc81c\ud488\/neli-kinkepakk-magus-kingitus-loodusest\/","og_locale":"ko_KR","og_type":"article","og_title":"4 kinkepakki \"Magus kingitus loodusest\" - Ellyt","og_description":"Valik mahlaseid puuviljabatoone (karbis 4tk) kaunis kinkepakis. Puuviljabatoonid sisaldavad vaid k\u00fcpseid magusaid vilju ja naturaalseid vitamiine.","og_url":"https:\/\/ellyt.eu\/ko\/\uc81c\ud488\/neli-kinkepakk-magus-kingitus-loodusest\/","og_site_name":"Ellyt","article_publisher":"https:\/\/www.facebook.com\/MySnack.ee\/","article_modified_time":"2024-11-27T12:46:43+00:00","og_image":[{"width":800,"height":800,"url":"https:\/\/ellyt.eu\/wp-content\/uploads\/2024\/10\/Kodulehele-tootepildid-2-800x800.png","type":"image\/png"}],"twitter_card":"summary_large_image","twitter_misc":{"\uc608\uc0c1 \ub418\ub294 \ud310\ub3c5 \uc2dc\uac04":"1\ubd84"},"schema":{"@context":"https:\/\/schema.org","@graph":[{"@type":"WebPage","@id":"https:\/\/ellyt.eu\/toode\/neli-kinkepakk-magus-kingitus-loodusest\/","url":"https:\/\/ellyt.eu\/toode\/neli-kinkepakk-magus-kingitus-loodusest\/","name":"4 kinkepakki \"Magus kingitus loodusest\" - Ellyt","isPartOf":{"@id":"https:\/\/ellyt.eu\/#website"},"primaryImageOfPage":{"@id":"https:\/\/ellyt.eu\/toode\/neli-kinkepakk-magus-kingitus-loodusest\/#primaryimage"},"image":{"@id":"https:\/\/ellyt.eu\/toode\/neli-kinkepakk-magus-kingitus-loodusest\/#primaryimage"},"thumbnailUrl":"https:\/\/ellyt.eu\/wp-content\/uploads\/2024\/10\/Kodulehele-tootepildid-2.png","datePublished":"2024-10-21T12:20:12+00:00","dateModified":"2024-11-27T12:46:43+00:00","description":"Valik mahlaseid puuviljabatoone (karbis 4tk) kaunis kinkepakis. Puuviljabatoonid sisaldavad vaid k\u00fcpseid magusaid vilju ja naturaalseid vitamiine.","breadcrumb":{"@id":"https:\/\/ellyt.eu\/toode\/neli-kinkepakk-magus-kingitus-loodusest\/#breadcrumb"},"inLanguage":"ko-KR","potentialAction":[{"@type":"ReadAction","target":["https:\/\/ellyt.eu\/toode\/neli-kinkepakk-magus-kingitus-loodusest\/"]}]},{"@type":"ImageObject","inLanguage":"ko-KR","@id":"https:\/\/ellyt.eu\/toode\/neli-kinkepakk-magus-kingitus-loodusest\/#primaryimage","url":"https:\/\/ellyt.eu\/wp-content\/uploads\/2024\/10\/Kodulehele-tootepildid-2.png","contentUrl":"https:\/\/ellyt.eu\/wp-content\/uploads\/2024\/10\/Kodulehele-tootepildid-2.png","width":1080,"height":1080,"caption":"Kinkepakk Magus kingitus loodusest puuviljabatoonidega"},{"@type":"BreadcrumbList","@id":"https:\/\/ellyt.eu\/toode\/neli-kinkepakk-magus-kingitus-loodusest\/#breadcrumb","itemListElement":[{"@type":"ListItem","position":1,"name":"Esileht","item":"https:\/\/ellyt.eu\/"},{"@type":"ListItem","position":2,"name":"Pood","item":"https:\/\/ellyt.eu\/pood\/"},{"@type":"ListItem","position":3,"name":"4 kinkepakki &#8220;Magus kingitus loodusest&#8221;"}]},{"@type":"WebSite","@id":"https:\/\/ellyt.eu\/#website","url":"https:\/\/ellyt.eu\/","name":"\uc5d8\ub9ac","description":"\uc5d8\ub9ac\ud2b8 \uc628\ub77c\uc778 \uc1fc\ud551\ubab0","publisher":{"@id":"https:\/\/ellyt.eu\/#organization"},"potentialAction":[{"@type":"SearchAction","target":{"@type":"EntryPoint","urlTemplate":"https:\/\/ellyt.eu\/?s={search_term_string}"},"query-input":{"@type":"PropertyValueSpecification","valueRequired":true,"valueName":"search_term_string"}}],"inLanguage":"ko-KR"},{"@type":"Organization","@id":"https:\/\/ellyt.eu\/#organization","name":"\ub9c8\uc774\uc2a4\ub0b5","url":"https:\/\/ellyt.eu\/","logo":{"@type":"ImageObject","inLanguage":"ko-KR","@id":"https:\/\/ellyt.eu\/#\/schema\/logo\/image\/","url":"https:\/\/mysnack.shop\/wp-content\/uploads\/2023\/09\/MySnack_logo.png","contentUrl":"https:\/\/mysnack.shop\/wp-content\/uploads\/2023\/09\/MySnack_logo.png","width":400,"height":148,"caption":"MySnack"},"image":{"@id":"https:\/\/ellyt.eu\/#\/schema\/logo\/image\/"},"sameAs":["https:\/\/www.facebook.com\/MySnack.ee\/","https:\/\/www.instagram.com\/mysnack_eesti\/"]}]}},"_links":{"self":[{"href":"https:\/\/ellyt.eu\/ko\/wp-json\/wp\/v2\/product\/25115","targetHints":{"allow":["GET"]}}],"collection":[{"href":"https:\/\/ellyt.eu\/ko\/wp-json\/wp\/v2\/product"}],"about":[{"href":"https:\/\/ellyt.eu\/ko\/wp-json\/wp\/v2\/types\/product"}],"wp:featuredmedia":[{"embeddable":true,"href":"https:\/\/ellyt.eu\/ko\/wp-json\/wp\/v2\/media\/25544"}],"wp:attachment":[{"href":"https:\/\/ellyt.eu\/ko\/wp-json\/wp\/v2\/media?parent=25115"}],"wp:term":[{"taxonomy":"product_brand","embeddable":true,"href":"https:\/\/ellyt.eu\/ko\/wp-json\/wp\/v2\/product_brand?post=25115"},{"taxonomy":"product_cat","embeddable":true,"href":"https:\/\/ellyt.eu\/ko\/wp-json\/wp\/v2\/product_cat?post=25115"},{"taxonomy":"product_tag","embeddable":true,"href":"https:\/\/ellyt.eu\/ko\/wp-json\/wp\/v2\/product_tag?post=25115"}],"curies":[{"name":"wp","href":"https:\/\/api.w.org\/{rel}","templated":true}]}}