{"id":28745,"date":"2024-12-19T08:52:50","date_gmt":"2024-12-19T06:52:50","guid":{"rendered":"https:\/\/mysnack.ee\/?post_type=product&#038;p=28745"},"modified":"2025-10-08T15:08:09","modified_gmt":"2025-10-08T12:08:09","slug":"pehme-kuivatatud-mango-500g","status":"publish","type":"product","link":"https:\/\/ellyt.eu\/ko\/product\/pehme-kuivatatud-mango-500g\/","title":{"rendered":"\ubd80\ub4dc\ub7fd\uac8c \ub9d0\ub9b0 \ub9dd\uace0 500g"},"content":{"rendered":"<p><strong>\uc218\ub7c9:<\/strong> 500g<\/p>\n<p><strong>\uc81c\ud488 100g\ub2f9 \ud3c9\uade0 \ud568\uc720\ub7c9:<\/strong><\/p>\n<table style=\"height: 206px;\" width=\"346\">\n<tbody>\n<tr>\n<td>\uc5d0\ub108\uc9c0 \ud568\ub7c9<\/td>\n<td>339kcal \/ 1418kJ<\/td>\n<\/tr>\n<tr>\n<td>\uc9c0\ubc29<\/td>\n<td>0.2g<\/td>\n<\/tr>\n<tr>\n<td>\u00a0 \u00a0 \uadf8\uc911 \ud3ec\ud654\uc9c0\ubc29\uc0b0<\/td>\n<td>0.2g<\/td>\n<\/tr>\n<tr>\n<td>\ud0c4\uc218\ud654\ubb3c<\/td>\n<td>82.2g<\/td>\n<\/tr>\n<tr>\n<td>\u00a0 \u00a0 \uadf8\uc911 \ub2f9\ub958<\/td>\n<td>68.0g<\/td>\n<\/tr>\n<tr>\n<td>\uc12c\uc720<\/td>\n<td>3.7g<\/td>\n<\/tr>\n<tr>\n<td>\ub2e8\ubc31\uc9c8<\/td>\n<td>2.0g<\/td>\n<\/tr>\n<tr>\n<td>\uc18c\uae08<\/td>\n<td>0.16g<\/td>\n<\/tr>\n<\/tbody>\n<\/table>\n<div id=\"accel-snackbar\" style=\"left: 50%; top: 50px;\"><\/div>","protected":false},"excerpt":{"rendered":"<p>\uc798 \uc775\uc740 \ucf00\uc624\ubc29 \ub9dd\uace0\ub97c 500g\uc774\ub77c\ub294 \ub109\ub109\ud55c \uc6a9\ub7c9\uc73c\ub85c \ub2f4\uc558\uc2b5\ub2c8\ub2e4!<\/p>\n<p>\uc5c4\uc120\ub41c \ucd5c\uc0c1\uae09 \ucf00\uc624\ubc29 \ub9dd\uace0\ub97c \ud68c\uc0ac \uace0\uc720\uc758 \ubc29\uc2dd\uc73c\ub85c \uac00\uacf5\ud558\uc5ec, \ud2b9\uc720\uc758 \ud5a5\uacfc \ub9db\uc744 \uc790\ub791\ud569\ub2c8\ub2e4. \ub2e4\ub978 \uac74\ub9dd\uace0 \uc81c\ud488\uacfc\ub294 \ucc28\ubcc4\ud654\ub418\ub294 \ud48d\ubbf8\uc640 \uacfc\uc999, \ud5a5\uae0b\ud568\uc744 \uc120\uc0ac\ud569\ub2c8\ub2e4. \ube44\ud0c0\ubbfc C\uc640 \uc2dd\uc774\uc12c\uc720 \ud568\ub7c9 \ub610\ud55c \ub192\uc2b5\ub2c8\ub2e4.<\/p>\n<p>\uc911\uc694\ud55c \uc2dc\ud5d8\uc774\ub098 \ud68c\uc758\uac00 \ub2e4\uac00\uc624\ub098\uc694? \ub9d0\ub9b0 \ub9dd\uace0 \ud55c \ubd09\uc9c0\ub97c \uc900\ube44\ud558\uc138\uc694. \ub9dd\uace0\ub294...<span style=\"font-weight: 400;\">\u00a0\uae00\ub8e8\ud0d0\uc0b0\uc774 \ud48d\ubd80\ud55c\ub370, \uae00\ub8e8\ud0d0\uc0b0\uc740 \uc9d1\uc911\ub825\uacfc \uae30\uc5b5\ub825\uc744 \ud5a5\uc0c1\uc2dc\ud0a4\ub294 \ub370 \uc911\uc694\ud55c \ubb3c\uc9c8\uc785\ub2c8\ub2e4.<\/span><\/p>\n<ul>\n<li style=\"list-style-type: none;\">\n<ul>\n<li>\ud48d\ubbf8\ub85c\uc6b4<\/li>\n<li>\ud765\ubbf8 \uc9c4\uc9c4\ud55c<\/li>\n<li>\ube44\ud0c0\ubbfc C\uc640 \uc2dd\uc774\uc12c\uc720\uac00 \ud48d\ubd80\ud569\ub2c8\ub2e4.<\/li>\n<li>\ube44\uac74 \ucc44\uc2dd\uc8fc\uc758\uc790\uc5d0\uac8c \uc801\ud569\ud569\ub2c8\ub2e4<\/li>\n<\/ul>\n<\/li>\n<\/ul>\n<p><strong>\uc7ac\ub8cc:<\/strong> \ub9dd\uace0 97%, \uc0ac\ud0d5\uc218\uc218 \uc124\ud0d5, \uc0b0\ub3c4 \uc870\uc808\uc81c: \uad6c\uc5f0\uc0b0, \ubcf4\uc874\ub8cc: \uc544\ud669\uc0b0\ub098\ud2b8\ub968.<\/p>\n<p>\uc11c\ub298\ud558\uace0 \uac74\uc870\ud55c \uacf3\uc5d0 \ubcf4\uad00\ud558\uc2ed\uc2dc\uc624.<\/p>","protected":false},"featured_media":22386,"template":"","meta":{"inline_featured_image":false},"product_brand":[],"product_cat":[428,171],"product_tag":[],"class_list":{"0":"post-28745","1":"product","2":"type-product","3":"status-publish","4":"has-post-thumbnail","6":"product_cat-pehmed-kuivatatud-puuviljad","7":"product_cat-magusad-snakid","8":"pa_kogus-kast","9":"pa_kogus-tukk","10":"pa_sisaldab-gluteenivaba","11":"pa_sisaldab-laktoosivaba","12":"pa_sisaldab-mysnacki-farmist","13":"pa_sisaldab-vegan","15":"first","16":"instock","17":"taxable","18":"shipping-taxable","19":"purchasable","20":"product-type-variable","21":"has-default-attributes"},"yoast_head":"<!-- This site is optimized with the Yoast SEO plugin v27.1.1 - https:\/\/yoast.com\/product\/yoast-seo-wordpress\/ -->\n<title>Pehme kuivatatud mango (suur pakk) | Patuvabad sn\u00e4kid<\/title>\n<meta name=\"description\" content=\"Maitserikas, mahlane ja aromaatne kuivatatud pehme mango on ka laste lemmik. Sobib ka veganitele. N\u00fc\u00fcd suures pakis! Vaata l\u00e4hemalt!\" \/>\n<meta name=\"robots\" content=\"index, follow, max-snippet:-1, max-image-preview:large, max-video-preview:-1\" \/>\n<link rel=\"canonical\" href=\"https:\/\/ellyt.eu\/ko\/\uc81c\ud488\/pehme-kuivatatud-mango-500g\/\" \/>\n<meta property=\"og:locale\" content=\"ko_KR\" \/>\n<meta property=\"og:type\" content=\"article\" \/>\n<meta property=\"og:title\" content=\"Pehme kuivatatud mango (suur pakk) | Patuvabad sn\u00e4kid\" \/>\n<meta property=\"og:description\" content=\"Maitserikas, mahlane ja aromaatne kuivatatud pehme mango on ka laste lemmik. Sobib ka veganitele. N\u00fc\u00fcd suures pakis! Vaata l\u00e4hemalt!\" \/>\n<meta property=\"og:url\" content=\"https:\/\/ellyt.eu\/ko\/\uc81c\ud488\/pehme-kuivatatud-mango-500g\/\" \/>\n<meta property=\"og:site_name\" content=\"Ellyt\" \/>\n<meta property=\"article:publisher\" content=\"https:\/\/www.facebook.com\/MySnack.ee\/\" \/>\n<meta property=\"article:modified_time\" content=\"2025-10-08T12:08:09+00:00\" \/>\n<meta property=\"og:image\" content=\"https:\/\/ellyt.eu\/wp-content\/uploads\/2023\/11\/Pehme-kuivatatud-mango-suur-pakk.png\" \/>\n\t<meta property=\"og:image:width\" content=\"1080\" \/>\n\t<meta property=\"og:image:height\" content=\"1080\" \/>\n\t<meta property=\"og:image:type\" content=\"image\/png\" \/>\n<meta name=\"twitter:card\" content=\"summary_large_image\" \/>\n<meta name=\"twitter:label1\" content=\"\uc608\uc0c1 \ub418\ub294 \ud310\ub3c5 \uc2dc\uac04\" \/>\n\t<meta name=\"twitter:data1\" content=\"1\ubd84\" \/>\n<script type=\"application\/ld+json\" class=\"yoast-schema-graph\">{\"@context\":\"https:\/\/schema.org\",\"@graph\":[{\"@type\":\"WebPage\",\"@id\":\"https:\/\/ellyt.eu\/toode\/pehme-kuivatatud-mango-500g\/\",\"url\":\"https:\/\/ellyt.eu\/toode\/pehme-kuivatatud-mango-500g\/\",\"name\":\"Pehme kuivatatud mango (suur pakk) | Patuvabad sn\u00e4kid\",\"isPartOf\":{\"@id\":\"https:\/\/ellyt.eu\/#website\"},\"primaryImageOfPage\":{\"@id\":\"https:\/\/ellyt.eu\/toode\/pehme-kuivatatud-mango-500g\/#primaryimage\"},\"image\":{\"@id\":\"https:\/\/ellyt.eu\/toode\/pehme-kuivatatud-mango-500g\/#primaryimage\"},\"thumbnailUrl\":\"https:\/\/ellyt.eu\/wp-content\/uploads\/2023\/11\/Pehme-kuivatatud-mango-suur-pakk.png\",\"datePublished\":\"2024-12-19T06:52:50+00:00\",\"dateModified\":\"2025-10-08T12:08:09+00:00\",\"description\":\"Maitserikas, mahlane ja aromaatne kuivatatud pehme mango on ka laste lemmik. Sobib ka veganitele. N\u00fc\u00fcd suures pakis! Vaata l\u00e4hemalt!\",\"breadcrumb\":{\"@id\":\"https:\/\/ellyt.eu\/toode\/pehme-kuivatatud-mango-500g\/#breadcrumb\"},\"inLanguage\":\"ko-KR\",\"potentialAction\":[{\"@type\":\"ReadAction\",\"target\":[\"https:\/\/ellyt.eu\/toode\/pehme-kuivatatud-mango-500g\/\"]}]},{\"@type\":\"ImageObject\",\"inLanguage\":\"ko-KR\",\"@id\":\"https:\/\/ellyt.eu\/toode\/pehme-kuivatatud-mango-500g\/#primaryimage\",\"url\":\"https:\/\/ellyt.eu\/wp-content\/uploads\/2023\/11\/Pehme-kuivatatud-mango-suur-pakk.png\",\"contentUrl\":\"https:\/\/ellyt.eu\/wp-content\/uploads\/2023\/11\/Pehme-kuivatatud-mango-suur-pakk.png\",\"width\":1080,\"height\":1080,\"caption\":\"Pehme kuivatatud mango 250 g pakis\"},{\"@type\":\"BreadcrumbList\",\"@id\":\"https:\/\/ellyt.eu\/toode\/pehme-kuivatatud-mango-500g\/#breadcrumb\",\"itemListElement\":[{\"@type\":\"ListItem\",\"position\":1,\"name\":\"Esileht\",\"item\":\"https:\/\/ellyt.eu\/\"},{\"@type\":\"ListItem\",\"position\":2,\"name\":\"Pood\",\"item\":\"https:\/\/ellyt.eu\/pood\/\"},{\"@type\":\"ListItem\",\"position\":3,\"name\":\"Pehme kuivatatud mango 500g\"}]},{\"@type\":\"WebSite\",\"@id\":\"https:\/\/ellyt.eu\/#website\",\"url\":\"https:\/\/ellyt.eu\/\",\"name\":\"Ellyt\",\"description\":\"Ellyt E-Pood\",\"publisher\":{\"@id\":\"https:\/\/ellyt.eu\/#organization\"},\"potentialAction\":[{\"@type\":\"SearchAction\",\"target\":{\"@type\":\"EntryPoint\",\"urlTemplate\":\"https:\/\/ellyt.eu\/?s={search_term_string}\"},\"query-input\":{\"@type\":\"PropertyValueSpecification\",\"valueRequired\":true,\"valueName\":\"search_term_string\"}}],\"inLanguage\":\"ko-KR\"},{\"@type\":\"Organization\",\"@id\":\"https:\/\/ellyt.eu\/#organization\",\"name\":\"MySnack\",\"url\":\"https:\/\/ellyt.eu\/\",\"logo\":{\"@type\":\"ImageObject\",\"inLanguage\":\"ko-KR\",\"@id\":\"https:\/\/ellyt.eu\/#\/schema\/logo\/image\/\",\"url\":\"https:\/\/mysnack.shop\/wp-content\/uploads\/2023\/09\/MySnack_logo.png\",\"contentUrl\":\"https:\/\/mysnack.shop\/wp-content\/uploads\/2023\/09\/MySnack_logo.png\",\"width\":400,\"height\":148,\"caption\":\"MySnack\"},\"image\":{\"@id\":\"https:\/\/ellyt.eu\/#\/schema\/logo\/image\/\"},\"sameAs\":[\"https:\/\/www.facebook.com\/MySnack.ee\/\",\"https:\/\/www.instagram.com\/mysnack_eesti\/\"]}]}<\/script>\n<!-- \/ Yoast SEO plugin. -->","yoast_head_json":{"title":"\ubd80\ub4dc\ub7fd\uac8c \ub9d0\ub9b0 \ub9dd\uace0 (\ub300\uc6a9\ub7c9) | \uc8c4\ucc45\uac10 \uc5c6\uc774 \uc990\uae30\ub294 \uac04\uc2dd","description":"\ub9db\uc788\uace0 \uacfc\uc999\uc774 \ud48d\ubd80\ud558\uba70 \ud5a5\uae0b\ud55c \ub9d0\ub9b0 \ub9dd\uace0\ub294 \uc544\uc774\ub4e4\ub3c4 \uc88b\uc544\ud558\ub294 \uac04\uc2dd\uc785\ub2c8\ub2e4. \ucc44\uc2dd\uc8fc\uc758\uc790\ub3c4 \uc990\uae38 \uc218 \uc788\uc2b5\ub2c8\ub2e4. \uc774\uc81c \ub300\uc6a9\ub7c9\uc73c\ub85c \ucd9c\uc2dc\ub418\uc5c8\uc2b5\ub2c8\ub2e4! \uc790\uc138\ud788 \uc0b4\ud3b4\ubcf4\uc138\uc694!","robots":{"index":"index","follow":"follow","max-snippet":"max-snippet:-1","max-image-preview":"max-image-preview:large","max-video-preview":"max-video-preview:-1"},"canonical":"https:\/\/ellyt.eu\/ko\/\uc81c\ud488\/pehme-kuivatatud-mango-500g\/","og_locale":"ko_KR","og_type":"article","og_title":"Pehme kuivatatud mango (suur pakk) | Patuvabad sn\u00e4kid","og_description":"Maitserikas, mahlane ja aromaatne kuivatatud pehme mango on ka laste lemmik. Sobib ka veganitele. N\u00fc\u00fcd suures pakis! Vaata l\u00e4hemalt!","og_url":"https:\/\/ellyt.eu\/ko\/\uc81c\ud488\/pehme-kuivatatud-mango-500g\/","og_site_name":"Ellyt","article_publisher":"https:\/\/www.facebook.com\/MySnack.ee\/","article_modified_time":"2025-10-08T12:08:09+00:00","og_image":[{"width":1080,"height":1080,"url":"https:\/\/ellyt.eu\/wp-content\/uploads\/2023\/11\/Pehme-kuivatatud-mango-suur-pakk.png","type":"image\/png"}],"twitter_card":"summary_large_image","twitter_misc":{"\uc608\uc0c1 \ub418\ub294 \ud310\ub3c5 \uc2dc\uac04":"1\ubd84"},"schema":{"@context":"https:\/\/schema.org","@graph":[{"@type":"WebPage","@id":"https:\/\/ellyt.eu\/toode\/pehme-kuivatatud-mango-500g\/","url":"https:\/\/ellyt.eu\/toode\/pehme-kuivatatud-mango-500g\/","name":"\ubd80\ub4dc\ub7fd\uac8c \ub9d0\ub9b0 \ub9dd\uace0 (\ub300\uc6a9\ub7c9) | \uc8c4\ucc45\uac10 \uc5c6\uc774 \uc990\uae30\ub294 \uac04\uc2dd","isPartOf":{"@id":"https:\/\/ellyt.eu\/#website"},"primaryImageOfPage":{"@id":"https:\/\/ellyt.eu\/toode\/pehme-kuivatatud-mango-500g\/#primaryimage"},"image":{"@id":"https:\/\/ellyt.eu\/toode\/pehme-kuivatatud-mango-500g\/#primaryimage"},"thumbnailUrl":"https:\/\/ellyt.eu\/wp-content\/uploads\/2023\/11\/Pehme-kuivatatud-mango-suur-pakk.png","datePublished":"2024-12-19T06:52:50+00:00","dateModified":"2025-10-08T12:08:09+00:00","description":"\ub9db\uc788\uace0 \uacfc\uc999\uc774 \ud48d\ubd80\ud558\uba70 \ud5a5\uae0b\ud55c \ub9d0\ub9b0 \ub9dd\uace0\ub294 \uc544\uc774\ub4e4\ub3c4 \uc88b\uc544\ud558\ub294 \uac04\uc2dd\uc785\ub2c8\ub2e4. \ucc44\uc2dd\uc8fc\uc758\uc790\ub3c4 \uc990\uae38 \uc218 \uc788\uc2b5\ub2c8\ub2e4. \uc774\uc81c \ub300\uc6a9\ub7c9\uc73c\ub85c \ucd9c\uc2dc\ub418\uc5c8\uc2b5\ub2c8\ub2e4! \uc790\uc138\ud788 \uc0b4\ud3b4\ubcf4\uc138\uc694!","breadcrumb":{"@id":"https:\/\/ellyt.eu\/toode\/pehme-kuivatatud-mango-500g\/#breadcrumb"},"inLanguage":"ko-KR","potentialAction":[{"@type":"ReadAction","target":["https:\/\/ellyt.eu\/toode\/pehme-kuivatatud-mango-500g\/"]}]},{"@type":"ImageObject","inLanguage":"ko-KR","@id":"https:\/\/ellyt.eu\/toode\/pehme-kuivatatud-mango-500g\/#primaryimage","url":"https:\/\/ellyt.eu\/wp-content\/uploads\/2023\/11\/Pehme-kuivatatud-mango-suur-pakk.png","contentUrl":"https:\/\/ellyt.eu\/wp-content\/uploads\/2023\/11\/Pehme-kuivatatud-mango-suur-pakk.png","width":1080,"height":1080,"caption":"Pehme kuivatatud mango 250 g pakis"},{"@type":"BreadcrumbList","@id":"https:\/\/ellyt.eu\/toode\/pehme-kuivatatud-mango-500g\/#breadcrumb","itemListElement":[{"@type":"ListItem","position":1,"name":"Esileht","item":"https:\/\/ellyt.eu\/"},{"@type":"ListItem","position":2,"name":"Pood","item":"https:\/\/ellyt.eu\/pood\/"},{"@type":"ListItem","position":3,"name":"Pehme kuivatatud mango 500g"}]},{"@type":"WebSite","@id":"https:\/\/ellyt.eu\/#website","url":"https:\/\/ellyt.eu\/","name":"\uc5d8\ub9ac","description":"\uc5d8\ub9ac\ud2b8 \uc628\ub77c\uc778 \uc1fc\ud551\ubab0","publisher":{"@id":"https:\/\/ellyt.eu\/#organization"},"potentialAction":[{"@type":"SearchAction","target":{"@type":"EntryPoint","urlTemplate":"https:\/\/ellyt.eu\/?s={search_term_string}"},"query-input":{"@type":"PropertyValueSpecification","valueRequired":true,"valueName":"search_term_string"}}],"inLanguage":"ko-KR"},{"@type":"Organization","@id":"https:\/\/ellyt.eu\/#organization","name":"\ub9c8\uc774\uc2a4\ub0b5","url":"https:\/\/ellyt.eu\/","logo":{"@type":"ImageObject","inLanguage":"ko-KR","@id":"https:\/\/ellyt.eu\/#\/schema\/logo\/image\/","url":"https:\/\/mysnack.shop\/wp-content\/uploads\/2023\/09\/MySnack_logo.png","contentUrl":"https:\/\/mysnack.shop\/wp-content\/uploads\/2023\/09\/MySnack_logo.png","width":400,"height":148,"caption":"MySnack"},"image":{"@id":"https:\/\/ellyt.eu\/#\/schema\/logo\/image\/"},"sameAs":["https:\/\/www.facebook.com\/MySnack.ee\/","https:\/\/www.instagram.com\/mysnack_eesti\/"]}]}},"_links":{"self":[{"href":"https:\/\/ellyt.eu\/ko\/wp-json\/wp\/v2\/product\/28745","targetHints":{"allow":["GET"]}}],"collection":[{"href":"https:\/\/ellyt.eu\/ko\/wp-json\/wp\/v2\/product"}],"about":[{"href":"https:\/\/ellyt.eu\/ko\/wp-json\/wp\/v2\/types\/product"}],"wp:featuredmedia":[{"embeddable":true,"href":"https:\/\/ellyt.eu\/ko\/wp-json\/wp\/v2\/media\/22386"}],"wp:attachment":[{"href":"https:\/\/ellyt.eu\/ko\/wp-json\/wp\/v2\/media?parent=28745"}],"wp:term":[{"taxonomy":"product_brand","embeddable":true,"href":"https:\/\/ellyt.eu\/ko\/wp-json\/wp\/v2\/product_brand?post=28745"},{"taxonomy":"product_cat","embeddable":true,"href":"https:\/\/ellyt.eu\/ko\/wp-json\/wp\/v2\/product_cat?post=28745"},{"taxonomy":"product_tag","embeddable":true,"href":"https:\/\/ellyt.eu\/ko\/wp-json\/wp\/v2\/product_tag?post=28745"}],"curies":[{"name":"wp","href":"https:\/\/api.w.org\/{rel}","templated":true}]}}