{"id":4652,"date":"2018-11-20T12:24:47","date_gmt":"2018-11-20T10:24:47","guid":{"rendered":"https:\/\/mysnack.ee\/?post_type=product&#038;p=4652"},"modified":"2025-07-21T18:29:59","modified_gmt":"2025-07-21T15:29:59","slug":"merevetikas-tempura-vurtsikas","status":"publish","type":"product","link":"https:\/\/ellyt.eu\/ko\/product\/merevetikas-tempura-vurtsikas\/","title":{"rendered":"\ub9e4\ucf64\ud55c \uae40 \ud280\uae40 25g"},"content":{"rendered":"<p><strong>\uc218\ub7c9:<\/strong> 25g<\/p>\n<p><strong>\uc81c\ud488 100g\ub2f9 \ud3c9\uade0 \ud568\uc720\ub7c9:<\/strong><\/p>\n<table>\n<tbody>\n<tr>\n<td>\uc5d0\ub108\uc9c0 \ud568\ub7c9<\/td>\n<td>519kcal \/ 2478.58kJ<\/td>\n<\/tr>\n<tr>\n<td>\uc9c0\ubc29<\/td>\n<td>28.1g<\/td>\n<\/tr>\n<tr>\n<td>\u00a0 \u00a0 \uadf8\uc911 \ud3ec\ud654\uc9c0\ubc29\uc0b0<\/td>\n<td>6.32\uadf8\ub7a8<\/td>\n<\/tr>\n<tr>\n<td>\ud0c4\uc218\ud654\ubb3c<\/td>\n<td>55.4g<\/td>\n<\/tr>\n<tr>\n<td>\u00a0 \u00a0 \uadf8\uc911 \ub2f9\ub958<\/td>\n<td>3.4g<\/td>\n<\/tr>\n<tr>\n<td>\ub2e8\ubc31\uc9c8<\/td>\n<td>11.08\uadf8\ub7a8<\/td>\n<\/tr>\n<tr>\n<td>\uc18c\uae08<\/td>\n<td>2.88\uadf8\ub7a8<\/td>\n<\/tr>\n<\/tbody>\n<\/table>\n<div id=\"accel-snackbar\" style=\"left: 50%;top: 50px\"><\/div>","protected":false},"excerpt":{"rendered":"<ul>\n<li>\ubc14\uc0ad\ubc14\uc0ad\ud55c \uac04\uc2dd.<\/li>\n<li>\ub9db\ub3c4 \uc88b\uace0, \uc5d0\ub108\uc9c0\uc640 \ud48d\ubbf8\ub97c \ub354\ud574\uc90d\ub2c8\ub2e4.<\/li>\n<li>\ud574\uc870\ub958\ub294 \uc601\uc591\uc18c\uac00 \ud48d\ubd80\ud558\uace0 \ud2b9\ud788 \uc694\uc624\ub4dc \ud568\ub7c9\uc774 \ub192\uc740 \uac83\uc73c\ub85c \uc54c\ub824\uc838 \uc788\uc2b5\ub2c8\ub2e4.<\/li>\n<\/ul>\n<p><strong>\uc7ac\ub8cc:<\/strong> \ubc00\uac00\ub8e8, \ud574\uc870\ub958, \ud31c\uc720, \ubcc0\uc131 \ud0c0\ud53c\uc624\uce74 \uc804\ubd84, \uc18c\uae08, \uc124\ud0d5, \ud5a5\uc2e0\ub8cc \ud63c\ud569\ubb3c(\ub9c8\ub298, \uc591\ud30c, \ud6c4\ucd94), \uac00\uc218\ubd84\ud574 \uc2dd\ubb3c\uc131 \ub2e8\ubc31\uc9c8, \uace0\ucda7\uac00\ub8e8, \ud5a5\ubbf8\uc99d\uc9c4\uc81c(E631)(E627).<\/p>\n<p>&nbsp;<\/p>\n<div id=\"accel-snackbar\" style=\"left: 50%;top: 50px\"><\/div>","protected":false},"featured_media":22613,"template":"","meta":{"inline_featured_image":false},"product_brand":[],"product_cat":[172,315],"product_tag":[],"class_list":{"0":"post-4652","1":"product","2":"type-product","3":"status-publish","4":"has-post-thumbnail","6":"product_cat-soolased-snakid","7":"product_cat-vetikakropsud","8":"pa_kogus-kast","9":"pa_kogus-tukk","10":"pa_sisaldab-laktoosivaba","12":"first","13":"instock","14":"taxable","15":"shipping-taxable","16":"purchasable","17":"product-type-variable","18":"has-default-attributes"},"yoast_head":"<!-- This site is optimized with the Yoast SEO plugin v27.1.1 - https:\/\/yoast.com\/product\/yoast-seo-wordpress\/ -->\n<title>V\u00fcrtsikad tempura merevetika kr\u00f5psud | Patuvabad sn\u00e4kid<\/title>\n<meta name=\"description\" content=\"V\u00fcrtsikad tempura merevetika kr\u00f5psud on tervislikud, maitsevad h\u00e4sti, annavad energiat ja sisaldavad rohkelt toitaineid. Vaata l\u00e4hemalt!\" \/>\n<meta name=\"robots\" content=\"index, follow, max-snippet:-1, max-image-preview:large, max-video-preview:-1\" \/>\n<link rel=\"canonical\" href=\"https:\/\/ellyt.eu\/ko\/\uc81c\ud488\/merevetikas-tempura-vurtsikas\/\" \/>\n<meta property=\"og:locale\" content=\"ko_KR\" \/>\n<meta property=\"og:type\" content=\"article\" \/>\n<meta property=\"og:title\" content=\"Merevetikas tempura v\u00fcrtsikas 25 g - Tervislikud ja Maitsvad Sn\u00e4kid\" \/>\n<meta property=\"og:description\" content=\"M\u00f5nusalt kr\u00f5bedad vetikakr\u00f5psud, mis maitsevad h\u00e4sti ja sisaldavad rohkelt toitaineid.\" \/>\n<meta property=\"og:url\" content=\"https:\/\/ellyt.eu\/ko\/\uc81c\ud488\/merevetikas-tempura-vurtsikas\/\" \/>\n<meta property=\"og:site_name\" content=\"Ellyt\" \/>\n<meta property=\"article:publisher\" content=\"https:\/\/www.facebook.com\/MySnack.ee\/\" \/>\n<meta property=\"article:modified_time\" content=\"2025-07-21T15:29:59+00:00\" \/>\n<meta property=\"og:image\" content=\"https:\/\/ellyt.eu\/wp-content\/uploads\/2020\/12\/toode_merevetikas_tempura_vurtsikas-scaled.jpg\" \/>\n\t<meta property=\"og:image:width\" content=\"2560\" \/>\n\t<meta property=\"og:image:height\" content=\"1223\" \/>\n\t<meta property=\"og:image:type\" content=\"image\/jpeg\" \/>\n<meta name=\"twitter:card\" content=\"summary_large_image\" \/>\n<meta name=\"twitter:title\" content=\"Merevetikas tempura v\u00fcrtsikas 25 g - Tervislikud ja Maitsvad Sn\u00e4kid\" \/>\n<meta name=\"twitter:description\" content=\"M\u00f5nusalt kr\u00f5bedad vetikakr\u00f5psud, mis maitsevad h\u00e4sti ja sisaldavad rohkelt toitaineid.\" \/>\n<meta name=\"twitter:image\" content=\"https:\/\/ellyt.eu\/wp-content\/uploads\/2020\/12\/toode_merevetikas_tempura_vurtsikas-scaled.jpg\" \/>\n<meta name=\"twitter:label1\" content=\"\uc608\uc0c1 \ub418\ub294 \ud310\ub3c5 \uc2dc\uac04\" \/>\n\t<meta name=\"twitter:data1\" content=\"1\ubd84\" \/>\n<script type=\"application\/ld+json\" class=\"yoast-schema-graph\">{\"@context\":\"https:\/\/schema.org\",\"@graph\":[{\"@type\":\"WebPage\",\"@id\":\"https:\/\/ellyt.eu\/toode\/merevetikas-tempura-vurtsikas\/\",\"url\":\"https:\/\/ellyt.eu\/toode\/merevetikas-tempura-vurtsikas\/\",\"name\":\"V\u00fcrtsikad tempura merevetika kr\u00f5psud | Patuvabad sn\u00e4kid\",\"isPartOf\":{\"@id\":\"https:\/\/ellyt.eu\/#website\"},\"primaryImageOfPage\":{\"@id\":\"https:\/\/ellyt.eu\/toode\/merevetikas-tempura-vurtsikas\/#primaryimage\"},\"image\":{\"@id\":\"https:\/\/ellyt.eu\/toode\/merevetikas-tempura-vurtsikas\/#primaryimage\"},\"thumbnailUrl\":\"https:\/\/ellyt.eu\/wp-content\/uploads\/2018\/11\/Vurtsikad-tempura-merevetika-kropsud-3.png\",\"datePublished\":\"2018-11-20T10:24:47+00:00\",\"dateModified\":\"2025-07-21T15:29:59+00:00\",\"description\":\"V\u00fcrtsikad tempura merevetika kr\u00f5psud on tervislikud, maitsevad h\u00e4sti, annavad energiat ja sisaldavad rohkelt toitaineid. Vaata l\u00e4hemalt!\",\"breadcrumb\":{\"@id\":\"https:\/\/ellyt.eu\/toode\/merevetikas-tempura-vurtsikas\/#breadcrumb\"},\"inLanguage\":\"ko-KR\",\"potentialAction\":[{\"@type\":\"ReadAction\",\"target\":[\"https:\/\/ellyt.eu\/toode\/merevetikas-tempura-vurtsikas\/\"]}]},{\"@type\":\"ImageObject\",\"inLanguage\":\"ko-KR\",\"@id\":\"https:\/\/ellyt.eu\/toode\/merevetikas-tempura-vurtsikas\/#primaryimage\",\"url\":\"https:\/\/ellyt.eu\/wp-content\/uploads\/2018\/11\/Vurtsikad-tempura-merevetika-kropsud-3.png\",\"contentUrl\":\"https:\/\/ellyt.eu\/wp-content\/uploads\/2018\/11\/Vurtsikad-tempura-merevetika-kropsud-3.png\",\"width\":1080,\"height\":1080,\"caption\":\"V\u00fcrtsikad tempura merevetika kr\u00f5psud\"},{\"@type\":\"BreadcrumbList\",\"@id\":\"https:\/\/ellyt.eu\/toode\/merevetikas-tempura-vurtsikas\/#breadcrumb\",\"itemListElement\":[{\"@type\":\"ListItem\",\"position\":1,\"name\":\"Esileht\",\"item\":\"https:\/\/ellyt.eu\/\"},{\"@type\":\"ListItem\",\"position\":2,\"name\":\"Pood\",\"item\":\"https:\/\/ellyt.eu\/pood\/\"},{\"@type\":\"ListItem\",\"position\":3,\"name\":\"Merevetikas tempura v\u00fcrtsikas 25 g\"}]},{\"@type\":\"WebSite\",\"@id\":\"https:\/\/ellyt.eu\/#website\",\"url\":\"https:\/\/ellyt.eu\/\",\"name\":\"Ellyt\",\"description\":\"Ellyt E-Pood\",\"publisher\":{\"@id\":\"https:\/\/ellyt.eu\/#organization\"},\"potentialAction\":[{\"@type\":\"SearchAction\",\"target\":{\"@type\":\"EntryPoint\",\"urlTemplate\":\"https:\/\/ellyt.eu\/?s={search_term_string}\"},\"query-input\":{\"@type\":\"PropertyValueSpecification\",\"valueRequired\":true,\"valueName\":\"search_term_string\"}}],\"inLanguage\":\"ko-KR\"},{\"@type\":\"Organization\",\"@id\":\"https:\/\/ellyt.eu\/#organization\",\"name\":\"MySnack\",\"url\":\"https:\/\/ellyt.eu\/\",\"logo\":{\"@type\":\"ImageObject\",\"inLanguage\":\"ko-KR\",\"@id\":\"https:\/\/ellyt.eu\/#\/schema\/logo\/image\/\",\"url\":\"https:\/\/mysnack.shop\/wp-content\/uploads\/2023\/09\/MySnack_logo.png\",\"contentUrl\":\"https:\/\/mysnack.shop\/wp-content\/uploads\/2023\/09\/MySnack_logo.png\",\"width\":400,\"height\":148,\"caption\":\"MySnack\"},\"image\":{\"@id\":\"https:\/\/ellyt.eu\/#\/schema\/logo\/image\/\"},\"sameAs\":[\"https:\/\/www.facebook.com\/MySnack.ee\/\",\"https:\/\/www.instagram.com\/mysnack_eesti\/\"]}]}<\/script>\n<!-- \/ Yoast SEO plugin. -->","yoast_head_json":{"title":"\ub9e4\ucf64\ud55c \uae40\ud280\uae40 | \uc8c4\ucc45\uac10 \uc5c6\uc774 \uc990\uae30\ub294 \uac04\uc2dd","description":"\ub9e4\ucf64\ud55c \uae40 \ud280\uae40\uc740 \uac74\uac15\uc5d0\ub3c4 \uc88b\uace0 \ub9db\ub3c4 \uc88b\uc73c\uba70, \uc5d0\ub108\uc9c0\ub97c \uacf5\uae09\ud574\uc8fc\uace0 \uc601\uc591\uc18c\ub3c4 \ud48d\ubd80\ud569\ub2c8\ub2e4. \uc790\uc138\ud788 \uc0b4\ud3b4\ubcf4\uc138\uc694!","robots":{"index":"index","follow":"follow","max-snippet":"max-snippet:-1","max-image-preview":"max-image-preview:large","max-video-preview":"max-video-preview:-1"},"canonical":"https:\/\/ellyt.eu\/ko\/\uc81c\ud488\/merevetikas-tempura-vurtsikas\/","og_locale":"ko_KR","og_type":"article","og_title":"Merevetikas tempura v\u00fcrtsikas 25 g - Tervislikud ja Maitsvad Sn\u00e4kid","og_description":"M\u00f5nusalt kr\u00f5bedad vetikakr\u00f5psud, mis maitsevad h\u00e4sti ja sisaldavad rohkelt toitaineid.","og_url":"https:\/\/ellyt.eu\/ko\/\uc81c\ud488\/merevetikas-tempura-vurtsikas\/","og_site_name":"Ellyt","article_publisher":"https:\/\/www.facebook.com\/MySnack.ee\/","article_modified_time":"2025-07-21T15:29:59+00:00","og_image":[{"width":2560,"height":1223,"url":"https:\/\/ellyt.eu\/wp-content\/uploads\/2020\/12\/toode_merevetikas_tempura_vurtsikas-scaled.jpg","type":"image\/jpeg"}],"twitter_card":"summary_large_image","twitter_title":"Merevetikas tempura v\u00fcrtsikas 25 g - Tervislikud ja Maitsvad Sn\u00e4kid","twitter_description":"M\u00f5nusalt kr\u00f5bedad vetikakr\u00f5psud, mis maitsevad h\u00e4sti ja sisaldavad rohkelt toitaineid.","twitter_image":"https:\/\/ellyt.eu\/wp-content\/uploads\/2020\/12\/toode_merevetikas_tempura_vurtsikas-scaled.jpg","twitter_misc":{"\uc608\uc0c1 \ub418\ub294 \ud310\ub3c5 \uc2dc\uac04":"1\ubd84"},"schema":{"@context":"https:\/\/schema.org","@graph":[{"@type":"WebPage","@id":"https:\/\/ellyt.eu\/toode\/merevetikas-tempura-vurtsikas\/","url":"https:\/\/ellyt.eu\/toode\/merevetikas-tempura-vurtsikas\/","name":"\ub9e4\ucf64\ud55c \uae40\ud280\uae40 | \uc8c4\ucc45\uac10 \uc5c6\uc774 \uc990\uae30\ub294 \uac04\uc2dd","isPartOf":{"@id":"https:\/\/ellyt.eu\/#website"},"primaryImageOfPage":{"@id":"https:\/\/ellyt.eu\/toode\/merevetikas-tempura-vurtsikas\/#primaryimage"},"image":{"@id":"https:\/\/ellyt.eu\/toode\/merevetikas-tempura-vurtsikas\/#primaryimage"},"thumbnailUrl":"https:\/\/ellyt.eu\/wp-content\/uploads\/2018\/11\/Vurtsikad-tempura-merevetika-kropsud-3.png","datePublished":"2018-11-20T10:24:47+00:00","dateModified":"2025-07-21T15:29:59+00:00","description":"\ub9e4\ucf64\ud55c \uae40 \ud280\uae40\uc740 \uac74\uac15\uc5d0\ub3c4 \uc88b\uace0 \ub9db\ub3c4 \uc88b\uc73c\uba70, \uc5d0\ub108\uc9c0\ub97c \uacf5\uae09\ud574\uc8fc\uace0 \uc601\uc591\uc18c\ub3c4 \ud48d\ubd80\ud569\ub2c8\ub2e4. \uc790\uc138\ud788 \uc0b4\ud3b4\ubcf4\uc138\uc694!","breadcrumb":{"@id":"https:\/\/ellyt.eu\/toode\/merevetikas-tempura-vurtsikas\/#breadcrumb"},"inLanguage":"ko-KR","potentialAction":[{"@type":"ReadAction","target":["https:\/\/ellyt.eu\/toode\/merevetikas-tempura-vurtsikas\/"]}]},{"@type":"ImageObject","inLanguage":"ko-KR","@id":"https:\/\/ellyt.eu\/toode\/merevetikas-tempura-vurtsikas\/#primaryimage","url":"https:\/\/ellyt.eu\/wp-content\/uploads\/2018\/11\/Vurtsikad-tempura-merevetika-kropsud-3.png","contentUrl":"https:\/\/ellyt.eu\/wp-content\/uploads\/2018\/11\/Vurtsikad-tempura-merevetika-kropsud-3.png","width":1080,"height":1080,"caption":"V\u00fcrtsikad tempura merevetika kr\u00f5psud"},{"@type":"BreadcrumbList","@id":"https:\/\/ellyt.eu\/toode\/merevetikas-tempura-vurtsikas\/#breadcrumb","itemListElement":[{"@type":"ListItem","position":1,"name":"Esileht","item":"https:\/\/ellyt.eu\/"},{"@type":"ListItem","position":2,"name":"Pood","item":"https:\/\/ellyt.eu\/pood\/"},{"@type":"ListItem","position":3,"name":"Merevetikas tempura v\u00fcrtsikas 25 g"}]},{"@type":"WebSite","@id":"https:\/\/ellyt.eu\/#website","url":"https:\/\/ellyt.eu\/","name":"\uc5d8\ub9ac","description":"\uc5d8\ub9ac\ud2b8 \uc628\ub77c\uc778 \uc1fc\ud551\ubab0","publisher":{"@id":"https:\/\/ellyt.eu\/#organization"},"potentialAction":[{"@type":"SearchAction","target":{"@type":"EntryPoint","urlTemplate":"https:\/\/ellyt.eu\/?s={search_term_string}"},"query-input":{"@type":"PropertyValueSpecification","valueRequired":true,"valueName":"search_term_string"}}],"inLanguage":"ko-KR"},{"@type":"Organization","@id":"https:\/\/ellyt.eu\/#organization","name":"\ub9c8\uc774\uc2a4\ub0b5","url":"https:\/\/ellyt.eu\/","logo":{"@type":"ImageObject","inLanguage":"ko-KR","@id":"https:\/\/ellyt.eu\/#\/schema\/logo\/image\/","url":"https:\/\/mysnack.shop\/wp-content\/uploads\/2023\/09\/MySnack_logo.png","contentUrl":"https:\/\/mysnack.shop\/wp-content\/uploads\/2023\/09\/MySnack_logo.png","width":400,"height":148,"caption":"MySnack"},"image":{"@id":"https:\/\/ellyt.eu\/#\/schema\/logo\/image\/"},"sameAs":["https:\/\/www.facebook.com\/MySnack.ee\/","https:\/\/www.instagram.com\/mysnack_eesti\/"]}]}},"_links":{"self":[{"href":"https:\/\/ellyt.eu\/ko\/wp-json\/wp\/v2\/product\/4652","targetHints":{"allow":["GET"]}}],"collection":[{"href":"https:\/\/ellyt.eu\/ko\/wp-json\/wp\/v2\/product"}],"about":[{"href":"https:\/\/ellyt.eu\/ko\/wp-json\/wp\/v2\/types\/product"}],"wp:featuredmedia":[{"embeddable":true,"href":"https:\/\/ellyt.eu\/ko\/wp-json\/wp\/v2\/media\/22613"}],"wp:attachment":[{"href":"https:\/\/ellyt.eu\/ko\/wp-json\/wp\/v2\/media?parent=4652"}],"wp:term":[{"taxonomy":"product_brand","embeddable":true,"href":"https:\/\/ellyt.eu\/ko\/wp-json\/wp\/v2\/product_brand?post=4652"},{"taxonomy":"product_cat","embeddable":true,"href":"https:\/\/ellyt.eu\/ko\/wp-json\/wp\/v2\/product_cat?post=4652"},{"taxonomy":"product_tag","embeddable":true,"href":"https:\/\/ellyt.eu\/ko\/wp-json\/wp\/v2\/product_tag?post=4652"}],"curies":[{"name":"wp","href":"https:\/\/api.w.org\/{rel}","templated":true}]}}